{"id":80218,"date":"2026-02-05T09:13:59","date_gmt":"2026-02-05T08:13:59","guid":{"rendered":"https:\/\/www.sprachschule-aktiv-muenchen.de\/?page_id=80218"},"modified":"2026-02-05T09:44:07","modified_gmt":"2026-02-05T08:44:07","slug":"hafta-sonlari-almanca-kurslari","status":"publish","type":"page","link":"https:\/\/www.sprachschule-aktiv-muenchen.de\/tr\/hafta-sonlari-almanca-kurslari\/","title":{"rendered":"M\u00fcnih&#8217;teki Cumartesi Kurslar\u0131m\u0131z \u0130\u00e7in Nitelikli ve Anadili Almanca Olan E\u011fitmenler"},"content":{"rendered":"<p>[vc_row css=&#8221;.vc_custom_1770279276840{margin-top: 80px !important;}&#8221;][vc_column][vc_column_text]<\/p>\n<h1>M\u00fcnih&#8217;teki Cumartesi Kurslar\u0131m\u0131z \u0130\u00e7in Nitelikli ve Anadili Almanca Olan E\u011fitmenler<\/h1>\n<p>[\/vc_column_text][vc_column_text]Hafta i\u00e7i i\u015f veya okul yo\u011funlu\u011fundan dolay\u0131 Almanca \u00f6\u011frenmeye vakit bulam\u0131yor musunuz? O zaman hafta sonu kurslar\u0131m\u0131z tam size g\u00f6re! Program\u0131n\u0131za m\u00fckemmel \u015fekilde uyum sa\u011flayan, esnek ve etkili bir e\u011fitimle tan\u0131\u015f\u0131n.<\/p>\n<p>Ba\u015flang\u0131\u00e7 seviyesinden ileri seviyeye (A1 &#8211; C2) kadar herkes i\u00e7in hafta sonu s\u0131n\u0131flar\u0131m\u0131z mevcut. Cumartesi g\u00fcnleri d\u00fczenlenen verimli grup dersleri veya yo\u011fun programlar aras\u0131ndan diledi\u011finizi se\u00e7ebilirsiniz.<\/p>\n<p>Hafta i\u00e7i program\u0131n\u0131z \u00e7ok mu dolu? Yine de Almanca \u00f6\u011frenmek veya mevcut Almancan\u0131z\u0131 geli\u015ftirmek mi istiyorsunuz? Biz <strong>M\u00fcnih Sprachschule Aktiv<\/strong> ekibi olarak hafta sonlar\u0131 da yan\u0131n\u0131zday\u0131z. Bizimle ileti\u015fime ge\u00e7in, size her t\u00fcrl\u00fc bilgiyi \u00fccretsiz olarak verelim![\/vc_column_text]\t<div class=\"vc_btn3-container vc_btn3-inline\">\r\n\t\t<a href=\"https:\/\/www.sprachschule-aktiv-muenchen.de\/tr\/contact\/\" class=\"pgs_btn pgs_btn_style_1 pgs_btn_xl\">\r\n\t\t\t<span>\r\n\t\t\t\tSchnelle Anfrage\t\t\t<\/span>\r\n\t\t\t\t\t<\/a>\r\n\t<\/div>\r\n\t[\/vc_column][\/vc_row][vc_row css=&#8221;.vc_custom_1770279581744{margin-top: 40px !important;}&#8221;][vc_column][vc_column_text]<\/p>\n<h2>M\u00fcnih&#8217;teki Cumartesi Kurslar\u0131m\u0131z \u0130\u00e7in Nitelikli ve Anadili Almanca Olan E\u011fitmenler<\/h2>\n<p>[\/vc_column_text][vc_row_inner][vc_column_inner width=&#8221;1\/2&#8243;][vc_column_text]E\u011fitmenlerimizi g\u00f6revlendirmeden \u00f6nce onlar\u0131 \u00e7ok titiz bir incelemeden ge\u00e7iriyoruz. Dil \u00f6\u011fretmenlerimizin \u00fc\u00e7 temel kriteri kar\u015f\u0131lamas\u0131 gerekiyor: \u00d6ncelikle anadillerinin Almanca olmas\u0131, k\u00f6kl\u00fc bir e\u011fitim ge\u00e7mi\u015fine sahip olmalar\u0131 ve Almanca \u00f6\u011fretimi konusunda geni\u015f tecr\u00fcbe edinmi\u015f olmalar\u0131 \u015fartt\u0131r.<\/p>\n<p>Bu sayede, hocan\u0131z\u0131n telaffuzunun kusursuz oldu\u011funa ve kurs kalitesinin en y\u00fcksek standartlar\u0131 kar\u015f\u0131lad\u0131\u011f\u0131na emin olabilirsiniz. Elbette e\u011fitmenlerimizin anlay\u0131\u015fl\u0131 ve sempatik ki\u015filiklere sahip olmas\u0131na da ayr\u0131ca b\u00fcy\u00fck \u00f6nem veriyoruz.[\/vc_column_text][\/vc_column_inner][vc_column_inner width=&#8221;1\/2&#8243;][vc_video link=&#8221;https:\/\/www.youtube.com\/watch?v=O8OSUHbmfWQ&#8221;][\/vc_column_inner][\/vc_row_inner][\/vc_column][\/vc_row][vc_row css=&#8221;.vc_custom_1770279770064{margin-top: 40px !important;padding-top: 35px !important;padding-right: 35px !important;padding-bottom: 25px !important;padding-left: 35px !important;background-color: #f8f8f8 !important;}&#8221;][vc_column][vc_column_text]<\/p>\n<h2>2026 Hafta Sonu Almanca Kurslar\u0131 Ba\u015flang\u0131\u00e7 Tarihleri<\/h2>\n<p><strong>Seviyeler:<\/strong> A1.1, A1.2; A2.1, A2.2; B1.1, B1.2; B2.1, B2.2; C1.1, C1.2; C2.2<\/p>\n<p><strong>\u00d6nemli Not:<\/strong> L\u00fctfen kursta (yeterli \u00e7o\u011funluk sa\u011flanamay\u0131p) sadece iki kat\u0131l\u0131mc\u0131 olmas\u0131 durumunda, ders s\u00fcresinin 09:00 \u2013 11:30 saatleri aras\u0131na \u00e7ekilerek k\u0131salt\u0131laca\u011f\u0131n\u0131 dikkate al\u0131n\u0131z.<\/p>\n<p><em>2025 y\u0131l\u0131 hafta sonu Almanca kursu i\u00e7in son ba\u015flang\u0131\u00e7 tarihi: 29 Kas\u0131m 2025, saat 09:00 \u2013 12:45 aras\u0131d\u0131r.<\/em>[\/vc_column_text][vc_column_text]\n<table id=\"tablepress-227\" class=\"tablepress tablepress-id-227 tablepress-responsive\">\n<thead>\n<tr class=\"row-1\">\n\t<th class=\"column-1\">Ay<\/th><th class=\"column-2\">Ba\u015flang\u0131\u00e7 Tarihi<\/th><th class=\"column-3\">G\u00fcnler<\/th><th class=\"column-4\">Saatler<\/th><th class=\"column-5\">S\u00fcre<\/th><th class=\"column-6\">Fiyat<\/th>\n<\/tr>\n<\/thead>\n<tbody class=\"row-striping row-hover\">\n<tr class=\"row-2\">\n\t<td class=\"column-1\"><\/td><td class=\"column-2\"><\/td><td class=\"column-3\"><\/td><td class=\"column-4\"><\/td><td class=\"column-5\"><\/td><td class=\"column-6\"><\/td>\n<\/tr>\n<tr class=\"row-3\">\n\t<td class=\"column-1\">Ocak<\/td><td class=\"column-2\">10.01.2026<\/td><td class=\"column-3\">Cumartesi<\/td><td class=\"column-4\">09:00 - 12:45<\/td><td class=\"column-5\">4 Hafta<\/td><td class=\"column-6\">269,00 \u20ac<\/td>\n<\/tr>\n<tr class=\"row-4\">\n\t<td class=\"column-1\">\u015eubat<\/td><td class=\"column-2\">07.02.2026<\/td><td class=\"column-3\">Cumartesi<\/td><td class=\"column-4\">09:00 - 12:45<\/td><td class=\"column-5\">4 Hafta<\/td><td class=\"column-6\">269,00 \u20ac<\/td>\n<\/tr>\n<tr class=\"row-5\">\n\t<td class=\"column-1\">Mart<\/td><td class=\"column-2\">07.03.2026<\/td><td class=\"column-3\">Cumartesi<\/td><td class=\"column-4\">09:00 - 12:45<\/td><td class=\"column-5\">4 Hafta<\/td><td class=\"column-6\">269,00 \u20ac<\/td>\n<\/tr>\n<tr class=\"row-6\">\n\t<td class=\"column-1\">Nisan<\/td><td class=\"column-2\">04.04.2026<\/td><td class=\"column-3\">Cumartesi<\/td><td class=\"column-4\">09:00 - 12:45<\/td><td class=\"column-5\">4 Hafta<\/td><td class=\"column-6\">269,00 \u20ac<\/td>\n<\/tr>\n<tr class=\"row-7\">\n\t<td class=\"column-1\">May\u0131s<\/td><td class=\"column-2\">09.05.2026<\/td><td class=\"column-3\">Cumartesi<\/td><td class=\"column-4\">09:00 - 12:45<\/td><td class=\"column-5\">4 Hafta<\/td><td class=\"column-6\">269,00 \u20ac<\/td>\n<\/tr>\n<tr class=\"row-8\">\n\t<td class=\"column-1\">Haziran<\/td><td class=\"column-2\">06.06.2026<\/td><td class=\"column-3\">Cumartesi<\/td><td class=\"column-4\">09:00 - 12:45<\/td><td class=\"column-5\">4 Hafta<\/td><td class=\"column-6\">269,00 \u20ac<\/td>\n<\/tr>\n<tr class=\"row-9\">\n\t<td class=\"column-1\">Temmuz<\/td><td class=\"column-2\">04.07.2026<\/td><td class=\"column-3\">Cumartesi<\/td><td class=\"column-4\">09:00 - 12:45<\/td><td class=\"column-5\">4 Hafta<\/td><td class=\"column-6\">269,00 \u20ac<\/td>\n<\/tr>\n<tr class=\"row-10\">\n\t<td class=\"column-1\">A\u011fustos<\/td><td class=\"column-2\">01.08.2026<\/td><td class=\"column-3\">Cumartesi<\/td><td class=\"column-4\">09:00 - 12:45<\/td><td class=\"column-5\">4 Hafta<\/td><td class=\"column-6\">269,00 \u20ac<\/td>\n<\/tr>\n<tr class=\"row-11\">\n\t<td class=\"column-1\">Eyl\u00fcl<\/td><td class=\"column-2\">05.09.2026<\/td><td class=\"column-3\">Cumartesi<\/td><td class=\"column-4\">09:00 - 12:45<\/td><td class=\"column-5\">4 Hafta<\/td><td class=\"column-6\">269,00 \u20ac<\/td>\n<\/tr>\n<tr class=\"row-12\">\n\t<td class=\"column-1\">Ekim<\/td><td class=\"column-2\">10.10.2026<\/td><td class=\"column-3\">Cumartesi<\/td><td class=\"column-4\">09:00 - 12:45<\/td><td class=\"column-5\">4 Hafta<\/td><td class=\"column-6\">269,00 \u20ac<\/td>\n<\/tr>\n<tr class=\"row-13\">\n\t<td class=\"column-1\">Kas\u0131m<\/td><td class=\"column-2\">07.11.2026<\/td><td class=\"column-3\">Cumartesi<\/td><td class=\"column-4\">09:00 - 12:45<\/td><td class=\"column-5\">4 Hafta<\/td><td class=\"column-6\">269,00 \u20ac<\/td>\n<\/tr>\n<tr class=\"row-14\">\n\t<td class=\"column-1\">Aral\u0131k<\/td><td class=\"column-2\">28.11.2026*<\/td><td class=\"column-3\">Cumartesi<\/td><td class=\"column-4\">09:00 - 12:45<\/td><td class=\"column-5\">4 Hafta<\/td><td class=\"column-6\">269,00 \u20ac<\/td>\n<\/tr>\n<\/tbody>\n<\/table>\n<!-- #tablepress-227 from cache -->[\/vc_column_text][\/vc_column][\/vc_row][vc_row css=&#8221;.vc_custom_1770280147906{margin-top: 40px !important;margin-bottom: 40px !important;}&#8221;][vc_column][vc_column_text]<\/p>\n<h2>Ba\u015flang\u0131\u00e7 ve \u0130leri Seviyeler \u0130\u00e7in Cumartesi Almanca Kurslar\u0131<\/h2>\n<p>[\/vc_column_text][vc_row_inner][vc_column_inner width=&#8221;1\/2&#8243;][vc_column_text]Sprachschule Aktiv M\u00fcnih olarak, Avrupa Ortak Dil Referans \u00c7er\u00e7evesi\u2019ne uygun, A1&#8217;den C2&#8217;ye kadar t\u00fcm seviyelerde cumartesi kurslar\u0131 sunuyoruz. \u0130nteraktif ders i\u015fleme tarz\u0131m\u0131z, yap\u0131land\u0131r\u0131lm\u0131\u015f a\u00e7\u0131klamalar ve motive edici konu\u015fma al\u0131\u015ft\u0131rmalar\u0131yla \u00f6\u011frenme ba\u015far\u0131n\u0131z\u0131 destekler.<\/p>\n<p>Almancan\u0131z\u0131 \u00fccretsiz olarak online test edebilir veya \u015fahsen gelerek seviyenizi belirletebilirsiniz. Bizi diledi\u011finiz zaman \u00e7at kap\u0131 ziyaret edebilir veya kayd\u0131n\u0131z\u0131 yapt\u0131rabilirsiniz.<\/p>\n<p>Cumartesi kursunda kendinizi rahat hissedip hissetmeyece\u011finizden emin olmak, kurs ortam\u0131n\u0131 ve e\u011fitmeninizi yak\u0131ndan tan\u0131mak i\u00e7in <strong>\u00fccretsiz deneme dersine<\/strong> kat\u0131l\u0131n. Sizi aram\u0131zda g\u00f6rmekten mutluluk duyar\u0131z![\/vc_column_text][\/vc_column_inner][vc_column_inner width=&#8221;1\/2&#8243;][vc_single_image image=&#8221;80234&#8243; img_size=&#8221;full&#8221;][\/vc_column_inner][\/vc_row_inner][\/vc_column][\/vc_row]<\/p>\n","protected":false},"excerpt":{"rendered":"<p>[vc_row css=&#8221;.vc_custom_1770279276840{margin-top: 80px !important;}&#8221;][vc_column][vc_column_text] M\u00fcnih&#8217;teki Cumartesi Kurslar\u0131m\u0131z \u0130\u00e7in Nitelikli ve Anadili Almanca Olan E\u011fitmenler [\/vc_column_text][vc_column_text]Hafta i\u00e7i i\u015f veya okul yo\u011funlu\u011fundan dolay\u0131 Almanca \u00f6\u011frenmeye vakit bulam\u0131yor musunuz? O zaman hafta sonu kurslar\u0131m\u0131z tam size g\u00f6re! Program\u0131n\u0131za m\u00fckemmel \u015fekilde uyum sa\u011flayan, esnek ve etkili bir e\u011fitimle tan\u0131\u015f\u0131n. Ba\u015flang\u0131\u00e7 seviyesinden ileri seviyeye (A1 &#8211; C2) kadar herkes i\u00e7in&hellip; <a class=\"read-more\" href=\"https:\/\/www.sprachschule-aktiv-muenchen.de\/tr\/hafta-sonlari-almanca-kurslari\/\" title=\"Read M\u00fcnih&#8217;teki Cumartesi Kurslar\u0131m\u0131z \u0130\u00e7in Nitelikli ve Anadili Almanca Olan E\u011fitmenler\">Read more &raquo;<\/a><\/p>\n","protected":false},"author":7,"featured_media":0,"parent":0,"menu_order":0,"comment_status":"closed","ping_status":"closed","template":"","meta":{"footnotes":""},"class_list":["post-80218","page","type-page","status-publish","hentry"],"yoast_head":"<!-- This site is optimized with the Yoast SEO plugin v27.1.1 - https:\/\/yoast.com\/product\/yoast-seo-wordpress\/ -->\n<title>M\u00fcnih&#039;teki Cumartesi Kurslar\u0131m\u0131z \u0130\u00e7in Nitelikli ve Anadili Almanca Olan E\u011fitmenler<\/title>\n<meta name=\"robots\" content=\"index, follow, max-snippet:-1, max-image-preview:large, max-video-preview:-1\" \/>\n<link rel=\"canonical\" href=\"https:\/\/www.sprachschule-aktiv-muenchen.de\/tr\/hafta-sonlari-almanca-kurslari\/\" \/>\n<meta property=\"og:locale\" content=\"tr_TR\" \/>\n<meta property=\"og:type\" content=\"article\" \/>\n<meta property=\"og:title\" content=\"M\u00fcnih&#039;teki Cumartesi Kurslar\u0131m\u0131z \u0130\u00e7in Nitelikli ve Anadili Almanca Olan E\u011fitmenler\" \/>\n<meta property=\"og:description\" content=\"[vc_row css=&#8221;.vc_custom_1770279276840{margin-top: 80px !important;}&#8221;][vc_column][vc_column_text] M\u00fcnih&#8217;teki Cumartesi Kurslar\u0131m\u0131z \u0130\u00e7in Nitelikli ve Anadili Almanca Olan E\u011fitmenler [\/vc_column_text][vc_column_text]Hafta i\u00e7i i\u015f veya okul yo\u011funlu\u011fundan dolay\u0131 Almanca \u00f6\u011frenmeye vakit bulam\u0131yor musunuz? O zaman hafta sonu kurslar\u0131m\u0131z tam size g\u00f6re! Program\u0131n\u0131za m\u00fckemmel \u015fekilde uyum sa\u011flayan, esnek ve etkili bir e\u011fitimle tan\u0131\u015f\u0131n. Ba\u015flang\u0131\u00e7 seviyesinden ileri seviyeye (A1 &#8211; C2) kadar herkes i\u00e7in&hellip; Read more &raquo;\" \/>\n<meta property=\"og:url\" content=\"https:\/\/www.sprachschule-aktiv-muenchen.de\/tr\/hafta-sonlari-almanca-kurslari\/\" \/>\n<meta property=\"og:site_name\" content=\"Sprachschule Aktiv\" \/>\n<meta property=\"article:modified_time\" content=\"2026-02-05T08:44:07+00:00\" \/>\n<meta name=\"twitter:card\" content=\"summary_large_image\" \/>\n<meta name=\"twitter:label1\" content=\"Tahmini okuma s\u00fcresi\" \/>\n\t<meta name=\"twitter:data1\" content=\"2 dakika\" \/>\n<script type=\"application\/ld+json\" class=\"yoast-schema-graph\">{\"@context\":\"https:\/\/schema.org\",\"@graph\":[{\"@type\":\"WebPage\",\"@id\":\"https:\/\/www.sprachschule-aktiv-muenchen.de\/tr\/hafta-sonlari-almanca-kurslari\/\",\"url\":\"https:\/\/www.sprachschule-aktiv-muenchen.de\/tr\/hafta-sonlari-almanca-kurslari\/\",\"name\":\"M\u00fcnih'teki Cumartesi Kurslar\u0131m\u0131z \u0130\u00e7in Nitelikli ve Anadili Almanca Olan E\u011fitmenler\",\"isPartOf\":{\"@id\":\"https:\/\/www.sprachschule-aktiv-muenchen.de\/#website\"},\"datePublished\":\"2026-02-05T08:13:59+00:00\",\"dateModified\":\"2026-02-05T08:44:07+00:00\",\"breadcrumb\":{\"@id\":\"https:\/\/www.sprachschule-aktiv-muenchen.de\/tr\/hafta-sonlari-almanca-kurslari\/#breadcrumb\"},\"inLanguage\":\"tr\",\"potentialAction\":[{\"@type\":\"ReadAction\",\"target\":[\"https:\/\/www.sprachschule-aktiv-muenchen.de\/tr\/hafta-sonlari-almanca-kurslari\/\"]}]},{\"@type\":\"BreadcrumbList\",\"@id\":\"https:\/\/www.sprachschule-aktiv-muenchen.de\/tr\/hafta-sonlari-almanca-kurslari\/#breadcrumb\",\"itemListElement\":[{\"@type\":\"ListItem\",\"position\":1,\"name\":\"Portada\",\"item\":\"https:\/\/www.sprachschule-aktiv-muenchen.de\/tr\/\"},{\"@type\":\"ListItem\",\"position\":2,\"name\":\"M\u00fcnih&#8217;teki Cumartesi Kurslar\u0131m\u0131z \u0130\u00e7in Nitelikli ve Anadili Almanca Olan E\u011fitmenler\"}]},{\"@type\":\"WebSite\",\"@id\":\"https:\/\/www.sprachschule-aktiv-muenchen.de\/#website\",\"url\":\"https:\/\/www.sprachschule-aktiv-muenchen.de\/\",\"name\":\"Sprachschule Aktiv\",\"description\":\"\",\"potentialAction\":[{\"@type\":\"SearchAction\",\"target\":{\"@type\":\"EntryPoint\",\"urlTemplate\":\"https:\/\/www.sprachschule-aktiv-muenchen.de\/?s={search_term_string}\"},\"query-input\":{\"@type\":\"PropertyValueSpecification\",\"valueRequired\":true,\"valueName\":\"search_term_string\"}}],\"inLanguage\":\"tr\"}]}<\/script>\n<!-- \/ Yoast SEO plugin. -->","yoast_head_json":{"title":"M\u00fcnih'teki Cumartesi Kurslar\u0131m\u0131z \u0130\u00e7in Nitelikli ve Anadili Almanca Olan E\u011fitmenler","robots":{"index":"index","follow":"follow","max-snippet":"max-snippet:-1","max-image-preview":"max-image-preview:large","max-video-preview":"max-video-preview:-1"},"canonical":"https:\/\/www.sprachschule-aktiv-muenchen.de\/tr\/hafta-sonlari-almanca-kurslari\/","og_locale":"tr_TR","og_type":"article","og_title":"M\u00fcnih'teki Cumartesi Kurslar\u0131m\u0131z \u0130\u00e7in Nitelikli ve Anadili Almanca Olan E\u011fitmenler","og_description":"[vc_row css=&#8221;.vc_custom_1770279276840{margin-top: 80px !important;}&#8221;][vc_column][vc_column_text] M\u00fcnih&#8217;teki Cumartesi Kurslar\u0131m\u0131z \u0130\u00e7in Nitelikli ve Anadili Almanca Olan E\u011fitmenler [\/vc_column_text][vc_column_text]Hafta i\u00e7i i\u015f veya okul yo\u011funlu\u011fundan dolay\u0131 Almanca \u00f6\u011frenmeye vakit bulam\u0131yor musunuz? O zaman hafta sonu kurslar\u0131m\u0131z tam size g\u00f6re! Program\u0131n\u0131za m\u00fckemmel \u015fekilde uyum sa\u011flayan, esnek ve etkili bir e\u011fitimle tan\u0131\u015f\u0131n. Ba\u015flang\u0131\u00e7 seviyesinden ileri seviyeye (A1 &#8211; C2) kadar herkes i\u00e7in&hellip; Read more &raquo;","og_url":"https:\/\/www.sprachschule-aktiv-muenchen.de\/tr\/hafta-sonlari-almanca-kurslari\/","og_site_name":"Sprachschule Aktiv","article_modified_time":"2026-02-05T08:44:07+00:00","twitter_card":"summary_large_image","twitter_misc":{"Tahmini okuma s\u00fcresi":"2 dakika"},"schema":{"@context":"https:\/\/schema.org","@graph":[{"@type":"WebPage","@id":"https:\/\/www.sprachschule-aktiv-muenchen.de\/tr\/hafta-sonlari-almanca-kurslari\/","url":"https:\/\/www.sprachschule-aktiv-muenchen.de\/tr\/hafta-sonlari-almanca-kurslari\/","name":"M\u00fcnih'teki Cumartesi Kurslar\u0131m\u0131z \u0130\u00e7in Nitelikli ve Anadili Almanca Olan E\u011fitmenler","isPartOf":{"@id":"https:\/\/www.sprachschule-aktiv-muenchen.de\/#website"},"datePublished":"2026-02-05T08:13:59+00:00","dateModified":"2026-02-05T08:44:07+00:00","breadcrumb":{"@id":"https:\/\/www.sprachschule-aktiv-muenchen.de\/tr\/hafta-sonlari-almanca-kurslari\/#breadcrumb"},"inLanguage":"tr","potentialAction":[{"@type":"ReadAction","target":["https:\/\/www.sprachschule-aktiv-muenchen.de\/tr\/hafta-sonlari-almanca-kurslari\/"]}]},{"@type":"BreadcrumbList","@id":"https:\/\/www.sprachschule-aktiv-muenchen.de\/tr\/hafta-sonlari-almanca-kurslari\/#breadcrumb","itemListElement":[{"@type":"ListItem","position":1,"name":"Portada","item":"https:\/\/www.sprachschule-aktiv-muenchen.de\/tr\/"},{"@type":"ListItem","position":2,"name":"M\u00fcnih&#8217;teki Cumartesi Kurslar\u0131m\u0131z \u0130\u00e7in Nitelikli ve Anadili Almanca Olan E\u011fitmenler"}]},{"@type":"WebSite","@id":"https:\/\/www.sprachschule-aktiv-muenchen.de\/#website","url":"https:\/\/www.sprachschule-aktiv-muenchen.de\/","name":"Sprachschule Aktiv","description":"","potentialAction":[{"@type":"SearchAction","target":{"@type":"EntryPoint","urlTemplate":"https:\/\/www.sprachschule-aktiv-muenchen.de\/?s={search_term_string}"},"query-input":{"@type":"PropertyValueSpecification","valueRequired":true,"valueName":"search_term_string"}}],"inLanguage":"tr"}]}},"_links":{"self":[{"href":"https:\/\/www.sprachschule-aktiv-muenchen.de\/tr\/wp-json\/wp\/v2\/pages\/80218","targetHints":{"allow":["GET"]}}],"collection":[{"href":"https:\/\/www.sprachschule-aktiv-muenchen.de\/tr\/wp-json\/wp\/v2\/pages"}],"about":[{"href":"https:\/\/www.sprachschule-aktiv-muenchen.de\/tr\/wp-json\/wp\/v2\/types\/page"}],"author":[{"embeddable":true,"href":"https:\/\/www.sprachschule-aktiv-muenchen.de\/tr\/wp-json\/wp\/v2\/users\/7"}],"replies":[{"embeddable":true,"href":"https:\/\/www.sprachschule-aktiv-muenchen.de\/tr\/wp-json\/wp\/v2\/comments?post=80218"}],"version-history":[{"count":14,"href":"https:\/\/www.sprachschule-aktiv-muenchen.de\/tr\/wp-json\/wp\/v2\/pages\/80218\/revisions"}],"predecessor-version":[{"id":80258,"href":"https:\/\/www.sprachschule-aktiv-muenchen.de\/tr\/wp-json\/wp\/v2\/pages\/80218\/revisions\/80258"}],"wp:attachment":[{"href":"https:\/\/www.sprachschule-aktiv-muenchen.de\/tr\/wp-json\/wp\/v2\/media?parent=80218"}],"curies":[{"name":"wp","href":"https:\/\/api.w.org\/{rel}","templated":true}]}}