{"id":80172,"date":"2026-02-05T08:36:58","date_gmt":"2026-02-05T07:36:58","guid":{"rendered":"https:\/\/www.sprachschule-aktiv-muenchen.de\/?page_id=80172"},"modified":"2026-02-05T09:19:03","modified_gmt":"2026-02-05T08:19:03","slug":"aksam-almanca-kurslari","status":"publish","type":"page","link":"https:\/\/www.sprachschule-aktiv-muenchen.de\/tr\/aksam-almanca-kurslari\/","title":{"rendered":"M\u00fcnih&#8217;te Almanca Ak\u015fam Kurslar\u0131 \u2013 Fiyatlar ve Ba\u015flang\u0131\u00e7 Tarihleri"},"content":{"rendered":"<p>[vc_row css=&#8221;.vc_custom_1770277081210{margin-top: 80px !important;}&#8221;][vc_column][vc_column_text]<\/p>\n<h1>M\u00fcnih&#8217;te Almanca Ak\u015fam Kurslar\u0131 \u2013 Fiyatlar ve Ba\u015flang\u0131\u00e7 Tarihleri<\/h1>\n<p>[\/vc_column_text][vc_column_text]\u0130nteraktif ak\u015fam kurslar\u0131m\u0131z, A1&#8217;den C2&#8217;ye kadar (A1, A2, B1, B2, C1, C2) her seviyeden, hem yeni ba\u015flayanlar hem de ileri d\u00fczeydekiler i\u00e7in uygundur. Kurslar 6 ya da 12 hafta s\u00fcrmektedir. E\u011fitimi ba\u015far\u0131yla tamamlad\u0131\u011f\u0131n\u0131zda bir dil sertifikas\u0131* almaya hak kazan\u0131rs\u0131n\u0131z.<\/p>\n<p>\u00dccretsiz deneme dersimize kat\u0131l\u0131n ve e\u011fitim kalitemizi bizzat g\u00f6r\u00fcn![\/vc_column_text][\/vc_column][\/vc_row][vc_row][vc_column width=&#8221;1\/2&#8243;][vc_video link=&#8221;https:\/\/www.youtube.com\/watch?v=O8OSUHbmfWQ&#8221;][\/vc_column][vc_column width=&#8221;1\/2&#8243;][vc_video link=&#8221;https:\/\/www.youtube.com\/watch?v=XTnAy7YGyFg&#8221;][\/vc_column][\/vc_row][vc_row css=&#8221;.vc_custom_1770277463325{margin-top: 80px !important;padding-top: 35px !important;padding-right: 35px !important;padding-bottom: 25px !important;padding-left: 35px !important;background-color: #f8f8f8 !important;}&#8221;][vc_column][vc_column_text]<\/p>\n<h2>Almanca Ak\u015fam Kurslar\u0131: 12 Hafta, Haftada 90 Dakika<\/h2>\n<p><strong>Seviyeler:<\/strong> A1.1, A1.2, A2.1, A2.2, B1.1, B1.2, B2.1, B2.2, C1.1, C1.2, C2.1, C2.2.<\/p>\n<p>Ak\u015fam kurslar\u0131m\u0131z, g\u00fcnd\u00fczleri vakti olmayan herkes i\u00e7in \u00f6zel olarak tasarland\u0131. Program\u0131n detaylar\u0131 da kat\u0131l\u0131mc\u0131lar\u0131n durumuna g\u00f6re ayarlan\u0131yor. \u0130nteraktif e\u011fitim y\u00f6ntemiyle, yeni \u00f6\u011frenilen konular ders s\u0131ras\u0131nda yo\u011fun bir \u015fekilde peki\u015ftirilir; b\u00f6ylece ders d\u0131\u015f\u0131nda ekstra \u00e7al\u0131\u015fma y\u00fck\u00fcn\u00fcz minimumda tutulur.<\/p>\n<p><strong>M\u00fcnih Almanca Ak\u015fam Kursu Ba\u015flang\u0131\u00e7 Tarihleri<\/strong> \u2013 12 Haftal\u0131k Almanca Kursu \u2013 <strong>2026 Ba\u015flang\u0131\u00e7 Tarihleri<\/strong><\/p>\n<p><strong>Kurs S\u00fcresi:<\/strong>[\/vc_column_text]\t<ul class=\"pgs_list pgs_list_style_1\">\r\n\t\t\t\t\t\t<li>\r\n\t\t\t\t\t\t\t\t\t<i class=\"fas fa-angle-double-right\"><\/i> <span>4 ve \u00fczeri kat\u0131l\u0131mc\u0131da: 45&#039;er dakikal\u0131k 24 ders saati (12 veya 6 hafta s\u00fcrer)<\/span><\/li>\r\n\t\t\t\t\t\t\t\t<li>\r\n\t\t\t\t\t\t\t\t\t<i class=\"fas fa-angle-double-right\"><\/i> <span>3 kat\u0131l\u0131mc\u0131da: 45&#039;er dakikal\u0131k 20 ders saati (10 veya 5 hafta s\u00fcrer)<\/span><\/li>\r\n\t\t\t\t\t\t\t\t<li>\r\n\t\t\t\t\t\t\t\t\t<i class=\"fas fa-angle-double-right\"><\/i> <span>2 kat\u0131l\u0131mc\u0131da: 45&#039;er dakikal\u0131k 16 ders saati (8 veya 4 hafta s\u00fcrer)<\/span><\/li>\r\n\t\t\t\t\t<\/ul>\r\n\t[vc_column_text css=&#8221;.vc_custom_1770277439611{margin-top: 20px !important;}&#8221;](Bir ders saati = 45 dakikad\u0131r)[\/vc_column_text][vc_column_text css=&#8221;.vc_custom_1770278121149{margin-top: 20px !important;}&#8221;]\n<table id=\"tablepress-225\" class=\"tablepress tablepress-id-225 tablepress-responsive\">\n<thead>\n<tr class=\"row-1\">\n\t<th colspan=\"6\" class=\"column-1\">2026 Ba\u015flang\u0131\u00e7 Tarihleri<\/th>\n<\/tr>\n<\/thead>\n<tbody class=\"row-striping row-hover\">\n<tr class=\"row-2\">\n\t<td class=\"column-1\">Ay<\/td><td class=\"column-2\">Ba\u015flang\u0131\u00e7 Tarihi<\/td><td class=\"column-3\">G\u00fcnler<\/td><td class=\"column-4\">Saatler<\/td><td class=\"column-5\">S\u00fcre<\/td><td class=\"column-6\">Fiyat<\/td>\n<\/tr>\n<tr class=\"row-3\">\n\t<td class=\"column-1\">Ocak<\/td><td class=\"column-2\">08.01.2026<\/td><td class=\"column-3\">Per\u015fembe<\/td><td class=\"column-4\">17:45 - 19:15<\/td><td class=\"column-5\">12 Hafta<\/td><td class=\"column-6\">279 \u20ac<\/td>\n<\/tr>\n<tr class=\"row-4\">\n\t<td class=\"column-1\">\u015eubat<\/td><td class=\"column-2\">03.02.2026<\/td><td class=\"column-3\">Sal\u0131<\/td><td class=\"column-4\">17:45 - 19:15<\/td><td class=\"column-5\">12 Hafta<\/td><td class=\"column-6\">279 \u20ac<\/td>\n<\/tr>\n<tr class=\"row-5\">\n\t<td class=\"column-1\">Mart<\/td><td class=\"column-2\">05.03.2026<\/td><td class=\"column-3\">Per\u015fembe<\/td><td class=\"column-4\">19:30 - 21:00<\/td><td class=\"column-5\">12 Hafta<\/td><td class=\"column-6\">279 \u20ac<\/td>\n<\/tr>\n<tr class=\"row-6\">\n\t<td class=\"column-1\">Nisan<\/td><td class=\"column-2\">07.04.2026<\/td><td class=\"column-3\">Sal\u0131<\/td><td class=\"column-4\">19:30 - 21:00<\/td><td class=\"column-5\">12 Hafta<\/td><td class=\"column-6\">279 \u20ac<\/td>\n<\/tr>\n<tr class=\"row-7\">\n\t<td class=\"column-1\">May\u0131s<\/td><td class=\"column-2\">07.05.2026<\/td><td class=\"column-3\">Per\u015fembe<\/td><td class=\"column-4\">17:45 - 19:15<\/td><td class=\"column-5\">12 Hafta<\/td><td class=\"column-6\">279 \u20ac<\/td>\n<\/tr>\n<tr class=\"row-8\">\n\t<td class=\"column-1\">Haziran<\/td><td class=\"column-2\">02.06.2026<\/td><td class=\"column-3\">Sal\u0131<\/td><td class=\"column-4\">17:45 - 19:15<\/td><td class=\"column-5\">12 Hafta<\/td><td class=\"column-6\">279 \u20ac<\/td>\n<\/tr>\n<tr class=\"row-9\">\n\t<td class=\"column-1\">Temmuz<\/td><td class=\"column-2\">02.07.2026<\/td><td class=\"column-3\">Per\u015fembe<\/td><td class=\"column-4\">19:30 - 21:00 <\/td><td class=\"column-5\">12 Hafta<\/td><td class=\"column-6\">279 \u20ac<\/td>\n<\/tr>\n<tr class=\"row-10\">\n\t<td class=\"column-1\">A\u011fustos<\/td><td class=\"column-2\">04.08.2026<\/td><td class=\"column-3\">Sal\u0131<\/td><td class=\"column-4\">19:30 - 21:00<\/td><td class=\"column-5\">12 Hafta<\/td><td class=\"column-6\">279 \u20ac<\/td>\n<\/tr>\n<tr class=\"row-11\">\n\t<td class=\"column-1\">Eyl\u00fcl<\/td><td class=\"column-2\">03.09.2026<\/td><td class=\"column-3\">Per\u015fembe<\/td><td class=\"column-4\">17:45 - 19:15<\/td><td class=\"column-5\">12 Hafta<\/td><td class=\"column-6\">279 \u20ac<\/td>\n<\/tr>\n<tr class=\"row-12\">\n\t<td class=\"column-1\">Ekim<\/td><td class=\"column-2\">06.10.2026<\/td><td class=\"column-3\">Sal\u0131<\/td><td class=\"column-4\">17:45 - 19:15<\/td><td class=\"column-5\">12 Hafta<\/td><td class=\"column-6\">279 \u20ac<\/td>\n<\/tr>\n<tr class=\"row-13\">\n\t<td class=\"column-1\">Kas\u0131m<\/td><td class=\"column-2\">05.11.2026<\/td><td class=\"column-3\">Per\u015fembe<\/td><td class=\"column-4\">19:30 - 21:00<\/td><td class=\"column-5\">12 Hafta<\/td><td class=\"column-6\">279 \u20ac<\/td>\n<\/tr>\n<tr class=\"row-14\">\n\t<td class=\"column-1\">Aral\u0131k<\/td><td class=\"column-2\">01.12.2026<\/td><td class=\"column-3\">Sal\u0131<\/td><td class=\"column-4\">19:30 - 21:00<\/td><td class=\"column-5\">12 Hafta<\/td><td class=\"column-6\">279 \u20ac<\/td>\n<\/tr>\n<\/tbody>\n<\/table>\n<!-- #tablepress-225 from cache -->[\/vc_column_text]\t<div class=\"vc_btn3-container vc_btn3-inline\">\r\n\t\t<a href=\"https:\/\/www.sprachschule-aktiv-muenchen.de\/tr\/tescil\/\" class=\"pgs_btn pgs_btn_style_1 pgs_btn_xl\">\r\n\t\t\t<span>\r\n\t\t\t\t\u015eimdi rezervasyon yap!\t\t\t<\/span>\r\n\t\t\t\t\t<\/a>\r\n\t<\/div>\r\n\t[\/vc_column][\/vc_row][vc_row css=&#8221;.vc_custom_1770277634892{margin-top: 40px !important;padding-top: 35px !important;padding-right: 35px !important;padding-bottom: 25px !important;padding-left: 35px !important;background-color: #f8f8f8 !important;}&#8221;][vc_column][vc_column_text]<\/p>\n<h2>Almanca Ak\u015fam Kurslar\u0131: 6 Hafta, Haftada 180 Dakika<\/h2>\n<p><strong>Seviyeler:<\/strong> A1.1&#8217;den C2.2&#8217;ye kadar t\u00fcm seviyeler.<\/p>\n<p>Tamam\u0131 anadili Almanca olan, nitelikli ve g\u00fcler y\u00fczl\u00fc \u00f6\u011fretmenlerimiz sayesinde ak\u015fam kurslar\u0131nda h\u0131zl\u0131 bir ilerleme kaydedersiniz. Bu grup dersleri haftada iki g\u00fcn yap\u0131l\u0131r ve 6 hafta s\u00fcrer. Her ay yeni s\u0131n\u0131flar a\u00e7\u0131lmaktad\u0131r. Diledi\u011finiz zaman \u00fccretsiz seviye belirleme s\u0131nav\u0131na kat\u0131labilirsiniz.<\/p>\n<p><strong>M\u00fcnih Almanca Ak\u015fam Kursu Ba\u015flang\u0131\u00e7 Tarihleri<\/strong> \u2013 6 Haftal\u0131k Kurs \u2013<\/p>\n<p><strong>Kurs S\u00fcresi:<\/strong><\/p>\n<p>[\/vc_column_text]\t<ul class=\"pgs_list pgs_list_style_1\">\r\n\t\t\t\t\t\t<li>\r\n\t\t\t\t\t\t\t\t\t<i class=\"fas fa-angle-double-right\"><\/i> <span>4 ve \u00fczeri kat\u0131l\u0131mc\u0131da: 24 ders saati (6 hafta s\u00fcrer)<\/span><\/li>\r\n\t\t\t\t\t\t\t\t<li>\r\n\t\t\t\t\t\t\t\t\t<i class=\"fas fa-angle-double-right\"><\/i> <span> 3 kat\u0131l\u0131mc\u0131da: 20 ders saati (5 hafta s\u00fcrer)<\/span><\/li>\r\n\t\t\t\t\t\t\t\t<li>\r\n\t\t\t\t\t\t\t\t\t<i class=\"fas fa-angle-double-right\"><\/i> <span>2 kat\u0131l\u0131mc\u0131da: 16 ders saati (4 hafta s\u00fcrer) (Bir ders saati = 45 dakikad\u0131r)<\/span><\/li>\r\n\t\t\t\t\t<\/ul>\r\n\t[vc_column_text css=&#8221;.vc_custom_1770277599339{margin-top: 20px !important;}&#8221;]<strong>Ders Saatleri:<\/strong> Saatler <strong>17:45\u201319:15<\/strong> veya <strong>19:30\u201321:00<\/strong> aras\u0131ndad\u0131r. <em>\u00d6nemli Not: Ders saati, gelen kay\u0131t say\u0131s\u0131na g\u00f6re belirlenir. S\u0131n\u0131f, en \u00e7ok talep g\u00f6ren saat diliminde a\u00e7\u0131l\u0131r.<\/em><\/p>\n<p><strong>Ba\u015flang\u0131\u00e7 Seviyesi \u0130\u00e7in Ak\u015fam Kurslar\u0131: A1 (A1.1, A1.2) ve A2 (A2.1, A2.2)<\/strong><\/p>\n<p>Ba\u015flang\u0131\u00e7 seviyesi kursumuzda temel amac\u0131m\u0131z; kat\u0131l\u0131mc\u0131lar\u0131m\u0131z\u0131n g\u00fcnl\u00fck hayatta kar\u015f\u0131la\u015facaklar\u0131 ger\u00e7ek durumlar\u0131n \u00fcstesinden gelebilmelerini, temel ihtiya\u00e7 ve isteklerini rahat\u00e7a ifade edebilmelerini sa\u011flamakt\u0131r.<\/p>\n<p>Bu kursta temel dilbilgisi (gramer) yap\u0131lar\u0131n\u0131 \u00f6\u011frenecek ve basit g\u00fcnl\u00fck konu\u015fmalarda ge\u00e7en bilgileri anlayabilecek duruma geleceksiniz.[\/vc_column_text][vc_column_text css=&#8221;.vc_custom_1770278396678{margin-top: 20px !important;}&#8221;]\n<table id=\"tablepress-226\" class=\"tablepress tablepress-id-226 tablepress-responsive\">\n<thead>\n<tr class=\"row-1\">\n\t<th colspan=\"6\" class=\"column-1\">2026 Ba\u015flang\u0131\u00e7 Tarihleri<\/th>\n<\/tr>\n<\/thead>\n<tbody class=\"row-striping row-hover\">\n<tr class=\"row-2\">\n\t<td class=\"column-1\">Ay<\/td><td class=\"column-2\">Ba\u015flang\u0131\u00e7 Tarihi<\/td><td class=\"column-3\">G\u00fcnler<\/td><td class=\"column-4\">Saat Se\u00e7enekleri<\/td><td class=\"column-5\">S\u00fcre<\/td><td class=\"column-6\">Fiyat<\/td>\n<\/tr>\n<tr class=\"row-3\">\n\t<td class=\"column-1\">Ocak<\/td><td class=\"column-2\">05.01.2026<\/td><td class=\"column-3\">Pzt ve \u00c7ar\u015f<\/td><td class=\"column-4\">17:45 \u2013 19:15<br \/>\n19:30 \u2013 21:00<\/td><td class=\"column-5\">6 Hafta<\/td><td class=\"column-6\">279 \u20ac<\/td>\n<\/tr>\n<tr class=\"row-4\">\n\t<td class=\"column-1\">\u015eubat<\/td><td class=\"column-2\">03.02.2026<\/td><td class=\"column-3\">Sal\u0131 ve Per\u015f<\/td><td class=\"column-4\">17:45 - 19:15<br \/>\n19:30 - 21:00<\/td><td class=\"column-5\">6 Hafta<\/td><td class=\"column-6\">279 \u20ac<\/td>\n<\/tr>\n<tr class=\"row-5\">\n\t<td class=\"column-1\">Mart<\/td><td class=\"column-2\">02.03.2026<\/td><td class=\"column-3\">Pzt ve \u00c7ar\u015f<\/td><td class=\"column-4\">17:45 \u2013 19:15<br \/>\n19:30 \u2013 21:00<\/td><td class=\"column-5\">6 Hafta<\/td><td class=\"column-6\">279 \u20ac<\/td>\n<\/tr>\n<tr class=\"row-6\">\n\t<td class=\"column-1\">Nisan<\/td><td class=\"column-2\">02.04.2026<\/td><td class=\"column-3\">Sal\u0131 ve Per\u015f<\/td><td class=\"column-4\">17:45 \u2013 19:15<br \/>\n19:00 \u2013 20:30<\/td><td class=\"column-5\">6 Hafta<\/td><td class=\"column-6\">279 \u20ac<\/td>\n<\/tr>\n<tr class=\"row-7\">\n\t<td class=\"column-1\">May\u0131s<\/td><td class=\"column-2\">04.05.2026<\/td><td class=\"column-3\">Pzt ve \u00c7ar\u015f<\/td><td class=\"column-4\">17:45 \u2013 19:15<br \/>\n19:30 \u2013 21:00<\/td><td class=\"column-5\">6 Hafta<\/td><td class=\"column-6\">279 \u20ac<\/td>\n<\/tr>\n<tr class=\"row-8\">\n\t<td class=\"column-1\">Haziran<\/td><td class=\"column-2\">02.06.2026<\/td><td class=\"column-3\">Sal\u0131 ve Per\u015f<\/td><td class=\"column-4\">17:45 \u2013 19:15<br \/>\n19:30 \u2013 21:00<\/td><td class=\"column-5\">6 Hafta<\/td><td class=\"column-6\">279 \u20ac<\/td>\n<\/tr>\n<tr class=\"row-9\">\n\t<td class=\"column-1\">Temmuz<\/td><td class=\"column-2\">01.07.2026<\/td><td class=\"column-3\">Pzt ve \u00c7ar\u015f<\/td><td class=\"column-4\">17:45\u2013 19:15<br \/>\n19:30 \u2013 21:00<\/td><td class=\"column-5\">6 Hafta<\/td><td class=\"column-6\">279 \u20ac<\/td>\n<\/tr>\n<tr class=\"row-10\">\n\t<td class=\"column-1\">A\u011fustos<\/td><td class=\"column-2\">04.08.2026<\/td><td class=\"column-3\">Sal\u0131 ve Per\u015f<\/td><td class=\"column-4\">17:45\u2013 19:15<br \/>\n19:30 - 21:00<\/td><td class=\"column-5\">6 Hafta<\/td><td class=\"column-6\">279 \u20ac<\/td>\n<\/tr>\n<tr class=\"row-11\">\n\t<td class=\"column-1\">Eyl\u00fcl<\/td><td class=\"column-2\">02.09.2026<\/td><td class=\"column-3\">Pzt ve \u00c7ar\u015f<\/td><td class=\"column-4\">17:45- 19:15<br \/>\n19:30 - 21:00<\/td><td class=\"column-5\">6 Hafta<\/td><td class=\"column-6\">279 \u20ac<\/td>\n<\/tr>\n<tr class=\"row-12\">\n\t<td class=\"column-1\">Ekim<\/td><td class=\"column-2\">06.10.2026<\/td><td class=\"column-3\">Sal\u0131 ve Per\u015f<\/td><td class=\"column-4\">17:45 - 19:15<br \/>\n19:30 - 21:00<\/td><td class=\"column-5\">6 Hafta<\/td><td class=\"column-6\">279 \u20ac<\/td>\n<\/tr>\n<tr class=\"row-13\">\n\t<td class=\"column-1\">Kas\u0131m<\/td><td class=\"column-2\">02.11.2026<\/td><td class=\"column-3\">Pzt ve \u00c7ar\u015f<\/td><td class=\"column-4\">17:45 - 19:15<br \/>\n19:30 - 21:00<\/td><td class=\"column-5\">6 Hafta<\/td><td class=\"column-6\">279 \u20ac<\/td>\n<\/tr>\n<tr class=\"row-14\">\n\t<td class=\"column-1\">Aral\u0131k<\/td><td class=\"column-2\">01.12.2026<\/td><td class=\"column-3\">Sal\u0131 ve Per\u015f<\/td><td class=\"column-4\">17:45 \u2013 19:15<br \/>\n<\/td><td class=\"column-5\">6 Hafta<\/td><td class=\"column-6\">279 \u20ac<\/td>\n<\/tr>\n<\/tbody>\n<\/table>\n<!-- #tablepress-226 from cache -->[\/vc_column_text]\t<div class=\"vc_btn3-container vc_btn3-inline\">\r\n\t\t<a href=\"https:\/\/www.sprachschule-aktiv-muenchen.de\/tr\/tescil\/\" class=\"pgs_btn pgs_btn_style_1 pgs_btn_xl\">\r\n\t\t\t<span>\r\n\t\t\t\t\u015eimdi rezervasyon yap!\t\t\t<\/span>\r\n\t\t\t\t\t<\/a>\r\n\t<\/div>\r\n\t[\/vc_column][\/vc_row][vc_row css=&#8221;.vc_custom_1770277634892{margin-top: 40px !important;padding-top: 35px !important;padding-right: 35px !important;padding-bottom: 25px !important;padding-left: 35px !important;background-color: #f8f8f8 !important;}&#8221;][vc_column][vc_column_text]<\/p>\n<h2>Orta Seviye \u0130\u00e7in Ak\u015fam Kurslar\u0131: B1 (B1.1, B1.2) ve B2 (B2.1, B2.2)<\/h2>\n<p>B1 ve B2 seviyelerine y\u00f6nelik bu grup derslerinde, kapsaml\u0131 bir kelime da\u011farc\u0131\u011f\u0131 edinirsiniz. Daha karma\u015f\u0131k metinlere a\u015fina olur ve bu t\u00fcr metinleri kendiniz de yazabilecek seviyeye gelirsiniz.<\/p>\n<p>[\/vc_column_text]\t<div class=\"vc_btn3-container vc_btn3-inline\">\r\n\t\t<a href=\"https:\/\/www.sprachschule-aktiv-muenchen.de\/tr\/tescil\/\" class=\"pgs_btn pgs_btn_style_1 pgs_btn_xl\">\r\n\t\t\t<span>\r\n\t\t\t\t\u015eimdi rezervasyon yap!\t\t\t<\/span>\r\n\t\t\t\t\t<\/a>\r\n\t<\/div>\r\n\t[\/vc_column][\/vc_row][vc_row content_placement=&#8221;middle&#8221; css=&#8221;.vc_custom_1770278912151{margin-top: 40px !important;margin-bottom: 40px !important;padding-top: 35px !important;padding-right: 35px !important;padding-bottom: 25px !important;padding-left: 35px !important;background-color: #f8f8f8 !important;}&#8221;][vc_column][vc_column_text]<\/p>\n<h2>\u0130leri Seviye Ak\u015fam Kurslar\u0131: C1 (C1.1, C1.2) ve C2 (C2.1, C2.2)<\/h2>\n<p>[\/vc_column_text][vc_row_inner][vc_column_inner width=&#8221;1\/2&#8243;][vc_single_image image=&#8221;80191&#8243; img_size=&#8221;full&#8221;][\/vc_column_inner][vc_column_inner width=&#8221;1\/2&#8243;][vc_column_text]Bu ileri seviye ak\u015fam kursunun hedefi, kat\u0131l\u0131mc\u0131lar\u0131m\u0131z\u0131 anadili Almanca olan birine yak\u0131n bir dil yetkinli\u011fine ula\u015ft\u0131rmakt\u0131r. \u00d6\u011frencilerimiz, ger\u00e7ek g\u00fcnl\u00fck sohbetlere ve i\u015f ortam\u0131ndaki diyaloglara ak\u0131c\u0131 bir tempoda, zorlanmadan kat\u0131labilir hale gelirler.<\/p>\n<p>Ayr\u0131ca sizi TestDaF veya telc gibi s\u0131navlara y\u00f6nelik haz\u0131rl\u0131k kurslar\u0131m\u0131zla desteklemekten de memnuniyet duyar\u0131z.<\/p>\n<p>*<em>Kurs sonunda, talebiniz \u00fczerine bir dil sertifikas\u0131 alabilirsiniz. Bu belge, kursa d\u00fczenli ve ba\u015far\u0131l\u0131 bir \u015fekilde kat\u0131l\u0131m sa\u011flad\u0131\u011f\u0131n\u0131z\u0131 onaylar.<\/em>[\/vc_column_text]\t<div class=\"vc_btn3-container vc_btn3-inline\">\r\n\t\t<a href=\"https:\/\/www.sprachschule-aktiv-muenchen.de\/tr\/tescil\/\" class=\"pgs_btn pgs_btn_style_1 pgs_btn_xl\">\r\n\t\t\t<span>\r\n\t\t\t\t\u015eimdi rezervasyon yap!\t\t\t<\/span>\r\n\t\t\t\t\t<\/a>\r\n\t<\/div>\r\n\t[\/vc_column_inner][\/vc_row_inner][\/vc_column][\/vc_row]<\/p>\n","protected":false},"excerpt":{"rendered":"<p>[vc_row css=&#8221;.vc_custom_1770277081210{margin-top: 80px !important;}&#8221;][vc_column][vc_column_text] M\u00fcnih&#8217;te Almanca Ak\u015fam Kurslar\u0131 \u2013 Fiyatlar ve Ba\u015flang\u0131\u00e7 Tarihleri [\/vc_column_text][vc_column_text]\u0130nteraktif ak\u015fam kurslar\u0131m\u0131z, A1&#8217;den C2&#8217;ye kadar (A1, A2, B1, B2, C1, C2) her seviyeden, hem yeni ba\u015flayanlar hem de ileri d\u00fczeydekiler i\u00e7in uygundur. Kurslar 6 ya da 12 hafta s\u00fcrmektedir. E\u011fitimi ba\u015far\u0131yla tamamlad\u0131\u011f\u0131n\u0131zda bir dil sertifikas\u0131* almaya hak kazan\u0131rs\u0131n\u0131z. \u00dccretsiz deneme dersimize&hellip; <a class=\"read-more\" href=\"https:\/\/www.sprachschule-aktiv-muenchen.de\/tr\/aksam-almanca-kurslari\/\" title=\"Read M\u00fcnih&#8217;te Almanca Ak\u015fam Kurslar\u0131 \u2013 Fiyatlar ve Ba\u015flang\u0131\u00e7 Tarihleri\">Read more &raquo;<\/a><\/p>\n","protected":false},"author":7,"featured_media":0,"parent":0,"menu_order":0,"comment_status":"closed","ping_status":"closed","template":"","meta":{"footnotes":""},"class_list":["post-80172","page","type-page","status-publish","hentry"],"yoast_head":"<!-- This site is optimized with the Yoast SEO plugin v27.1.1 - https:\/\/yoast.com\/product\/yoast-seo-wordpress\/ -->\n<title>M\u00fcnih&#039;te Almanca Ak\u015fam Kurslar\u0131 \u2013 Fiyatlar ve Ba\u015flang\u0131\u00e7 Tarihleri<\/title>\n<meta name=\"description\" content=\"M\u00fcnih&#039;te Almanca ak\u015fam kurslar\u0131 ile dil becerilerinizi geli\u015ftirin. G\u00fcncel fiyatlar, ba\u015flang\u0131\u00e7 tarihleri ve kay\u0131t bilgilerini hemen \u00f6\u011frenin!\" \/>\n<meta name=\"robots\" content=\"index, follow, max-snippet:-1, max-image-preview:large, max-video-preview:-1\" \/>\n<link rel=\"canonical\" href=\"https:\/\/www.sprachschule-aktiv-muenchen.de\/tr\/aksam-almanca-kurslari\/\" \/>\n<meta property=\"og:locale\" content=\"tr_TR\" \/>\n<meta property=\"og:type\" content=\"article\" \/>\n<meta property=\"og:title\" content=\"M\u00fcnih&#039;te Almanca Ak\u015fam Kurslar\u0131 \u2013 Fiyatlar ve Ba\u015flang\u0131\u00e7 Tarihleri\" \/>\n<meta property=\"og:description\" content=\"M\u00fcnih&#039;te Almanca ak\u015fam kurslar\u0131 ile dil becerilerinizi geli\u015ftirin. G\u00fcncel fiyatlar, ba\u015flang\u0131\u00e7 tarihleri ve kay\u0131t bilgilerini hemen \u00f6\u011frenin!\" \/>\n<meta property=\"og:url\" content=\"https:\/\/www.sprachschule-aktiv-muenchen.de\/tr\/aksam-almanca-kurslari\/\" \/>\n<meta property=\"og:site_name\" content=\"Sprachschule Aktiv\" \/>\n<meta property=\"article:modified_time\" content=\"2026-02-05T08:19:03+00:00\" \/>\n<meta name=\"twitter:card\" content=\"summary_large_image\" \/>\n<meta name=\"twitter:label1\" content=\"Tahmini okuma s\u00fcresi\" \/>\n\t<meta name=\"twitter:data1\" content=\"3 dakika\" \/>\n<script type=\"application\/ld+json\" class=\"yoast-schema-graph\">{\"@context\":\"https:\/\/schema.org\",\"@graph\":[{\"@type\":\"WebPage\",\"@id\":\"https:\/\/www.sprachschule-aktiv-muenchen.de\/tr\/aksam-almanca-kurslari\/\",\"url\":\"https:\/\/www.sprachschule-aktiv-muenchen.de\/tr\/aksam-almanca-kurslari\/\",\"name\":\"M\u00fcnih'te Almanca Ak\u015fam Kurslar\u0131 \u2013 Fiyatlar ve Ba\u015flang\u0131\u00e7 Tarihleri\",\"isPartOf\":{\"@id\":\"https:\/\/www.sprachschule-aktiv-muenchen.de\/#website\"},\"datePublished\":\"2026-02-05T07:36:58+00:00\",\"dateModified\":\"2026-02-05T08:19:03+00:00\",\"description\":\"M\u00fcnih'te Almanca ak\u015fam kurslar\u0131 ile dil becerilerinizi geli\u015ftirin. G\u00fcncel fiyatlar, ba\u015flang\u0131\u00e7 tarihleri ve kay\u0131t bilgilerini hemen \u00f6\u011frenin!\",\"breadcrumb\":{\"@id\":\"https:\/\/www.sprachschule-aktiv-muenchen.de\/tr\/aksam-almanca-kurslari\/#breadcrumb\"},\"inLanguage\":\"tr\",\"potentialAction\":[{\"@type\":\"ReadAction\",\"target\":[\"https:\/\/www.sprachschule-aktiv-muenchen.de\/tr\/aksam-almanca-kurslari\/\"]}]},{\"@type\":\"BreadcrumbList\",\"@id\":\"https:\/\/www.sprachschule-aktiv-muenchen.de\/tr\/aksam-almanca-kurslari\/#breadcrumb\",\"itemListElement\":[{\"@type\":\"ListItem\",\"position\":1,\"name\":\"Portada\",\"item\":\"https:\/\/www.sprachschule-aktiv-muenchen.de\/tr\/\"},{\"@type\":\"ListItem\",\"position\":2,\"name\":\"M\u00fcnih&#8217;te Almanca Ak\u015fam Kurslar\u0131 \u2013 Fiyatlar ve Ba\u015flang\u0131\u00e7 Tarihleri\"}]},{\"@type\":\"WebSite\",\"@id\":\"https:\/\/www.sprachschule-aktiv-muenchen.de\/#website\",\"url\":\"https:\/\/www.sprachschule-aktiv-muenchen.de\/\",\"name\":\"Sprachschule Aktiv\",\"description\":\"\",\"potentialAction\":[{\"@type\":\"SearchAction\",\"target\":{\"@type\":\"EntryPoint\",\"urlTemplate\":\"https:\/\/www.sprachschule-aktiv-muenchen.de\/?s={search_term_string}\"},\"query-input\":{\"@type\":\"PropertyValueSpecification\",\"valueRequired\":true,\"valueName\":\"search_term_string\"}}],\"inLanguage\":\"tr\"}]}<\/script>\n<!-- \/ Yoast SEO plugin. -->","yoast_head_json":{"title":"M\u00fcnih'te Almanca Ak\u015fam Kurslar\u0131 \u2013 Fiyatlar ve Ba\u015flang\u0131\u00e7 Tarihleri","description":"M\u00fcnih'te Almanca ak\u015fam kurslar\u0131 ile dil becerilerinizi geli\u015ftirin. G\u00fcncel fiyatlar, ba\u015flang\u0131\u00e7 tarihleri ve kay\u0131t bilgilerini hemen \u00f6\u011frenin!","robots":{"index":"index","follow":"follow","max-snippet":"max-snippet:-1","max-image-preview":"max-image-preview:large","max-video-preview":"max-video-preview:-1"},"canonical":"https:\/\/www.sprachschule-aktiv-muenchen.de\/tr\/aksam-almanca-kurslari\/","og_locale":"tr_TR","og_type":"article","og_title":"M\u00fcnih'te Almanca Ak\u015fam Kurslar\u0131 \u2013 Fiyatlar ve Ba\u015flang\u0131\u00e7 Tarihleri","og_description":"M\u00fcnih'te Almanca ak\u015fam kurslar\u0131 ile dil becerilerinizi geli\u015ftirin. G\u00fcncel fiyatlar, ba\u015flang\u0131\u00e7 tarihleri ve kay\u0131t bilgilerini hemen \u00f6\u011frenin!","og_url":"https:\/\/www.sprachschule-aktiv-muenchen.de\/tr\/aksam-almanca-kurslari\/","og_site_name":"Sprachschule Aktiv","article_modified_time":"2026-02-05T08:19:03+00:00","twitter_card":"summary_large_image","twitter_misc":{"Tahmini okuma s\u00fcresi":"3 dakika"},"schema":{"@context":"https:\/\/schema.org","@graph":[{"@type":"WebPage","@id":"https:\/\/www.sprachschule-aktiv-muenchen.de\/tr\/aksam-almanca-kurslari\/","url":"https:\/\/www.sprachschule-aktiv-muenchen.de\/tr\/aksam-almanca-kurslari\/","name":"M\u00fcnih'te Almanca Ak\u015fam Kurslar\u0131 \u2013 Fiyatlar ve Ba\u015flang\u0131\u00e7 Tarihleri","isPartOf":{"@id":"https:\/\/www.sprachschule-aktiv-muenchen.de\/#website"},"datePublished":"2026-02-05T07:36:58+00:00","dateModified":"2026-02-05T08:19:03+00:00","description":"M\u00fcnih'te Almanca ak\u015fam kurslar\u0131 ile dil becerilerinizi geli\u015ftirin. G\u00fcncel fiyatlar, ba\u015flang\u0131\u00e7 tarihleri ve kay\u0131t bilgilerini hemen \u00f6\u011frenin!","breadcrumb":{"@id":"https:\/\/www.sprachschule-aktiv-muenchen.de\/tr\/aksam-almanca-kurslari\/#breadcrumb"},"inLanguage":"tr","potentialAction":[{"@type":"ReadAction","target":["https:\/\/www.sprachschule-aktiv-muenchen.de\/tr\/aksam-almanca-kurslari\/"]}]},{"@type":"BreadcrumbList","@id":"https:\/\/www.sprachschule-aktiv-muenchen.de\/tr\/aksam-almanca-kurslari\/#breadcrumb","itemListElement":[{"@type":"ListItem","position":1,"name":"Portada","item":"https:\/\/www.sprachschule-aktiv-muenchen.de\/tr\/"},{"@type":"ListItem","position":2,"name":"M\u00fcnih&#8217;te Almanca Ak\u015fam Kurslar\u0131 \u2013 Fiyatlar ve Ba\u015flang\u0131\u00e7 Tarihleri"}]},{"@type":"WebSite","@id":"https:\/\/www.sprachschule-aktiv-muenchen.de\/#website","url":"https:\/\/www.sprachschule-aktiv-muenchen.de\/","name":"Sprachschule Aktiv","description":"","potentialAction":[{"@type":"SearchAction","target":{"@type":"EntryPoint","urlTemplate":"https:\/\/www.sprachschule-aktiv-muenchen.de\/?s={search_term_string}"},"query-input":{"@type":"PropertyValueSpecification","valueRequired":true,"valueName":"search_term_string"}}],"inLanguage":"tr"}]}},"_links":{"self":[{"href":"https:\/\/www.sprachschule-aktiv-muenchen.de\/tr\/wp-json\/wp\/v2\/pages\/80172","targetHints":{"allow":["GET"]}}],"collection":[{"href":"https:\/\/www.sprachschule-aktiv-muenchen.de\/tr\/wp-json\/wp\/v2\/pages"}],"about":[{"href":"https:\/\/www.sprachschule-aktiv-muenchen.de\/tr\/wp-json\/wp\/v2\/types\/page"}],"author":[{"embeddable":true,"href":"https:\/\/www.sprachschule-aktiv-muenchen.de\/tr\/wp-json\/wp\/v2\/users\/7"}],"replies":[{"embeddable":true,"href":"https:\/\/www.sprachschule-aktiv-muenchen.de\/tr\/wp-json\/wp\/v2\/comments?post=80172"}],"version-history":[{"count":15,"href":"https:\/\/www.sprachschule-aktiv-muenchen.de\/tr\/wp-json\/wp\/v2\/pages\/80172\/revisions"}],"predecessor-version":[{"id":80217,"href":"https:\/\/www.sprachschule-aktiv-muenchen.de\/tr\/wp-json\/wp\/v2\/pages\/80172\/revisions\/80217"}],"wp:attachment":[{"href":"https:\/\/www.sprachschule-aktiv-muenchen.de\/tr\/wp-json\/wp\/v2\/media?parent=80172"}],"curies":[{"name":"wp","href":"https:\/\/api.w.org\/{rel}","templated":true}]}}