{"id":11184,"date":"2017-02-24T22:57:29","date_gmt":"2017-02-24T21:57:29","guid":{"rendered":"https:\/\/www.sprachschule-aktiv-muenchen.de\/?page_id=11184\/"},"modified":"2026-02-13T22:23:34","modified_gmt":"2026-02-13T21:23:34","slug":"tescil","status":"publish","type":"page","link":"https:\/\/www.sprachschule-aktiv-muenchen.de\/tr\/tescil\/","title":{"rendered":"Tescil"},"content":{"rendered":"<p>[vc_row css=&#8221;.vc_custom_1486284745672{margin-top: 25px !important;padding-bottom: 30px !important;}&#8221;][vc_column][vc_column_text]<\/p>\n<h1 style=\"text-align: center;\">Dil Kurslar\u0131 Kay\u0131t Formu<\/h1>\n<p>[\/vc_column_text][vc_column_text]<\/p>\n<h2 style=\"text-align: left;\">M\u00fcnih&#8217;te bir Almanca kursuna nas\u0131l kay\u0131t olabilirim?<\/h2>\n<ol start=\"1\" type=\"1\">\n<li data-olk-copy-source=\"MessageBody\">L\u00fctfen kay\u0131t formunu doldurun (yakla\u015f\u0131k 3 dakika).<\/li>\n<li>Dilerseniz,\u00a0<a href=\"https:\/\/www.sprachschule-aktiv-muenchen.de\/einstufungstest-online\/\" target=\"_blank\" rel=\"noopener\"><b>\u00fccretsiz seviye tespit s\u0131nav\u0131n\u0131<\/b><\/a>\u00a0\u00e7\u00f6z\u00fcn (yakla\u015f\u0131k 15 dakika).<\/li>\n<li><b>Sprachschule Aktiv M\u00fcnchen<\/b>\u00a0web sitemiz \u00fczerinden bir dil kursu rezervasyonu yap\u0131n.<\/li>\n<li>Size kay\u0131t onay\u0131 ve \u00f6deme bilgileri g\u00f6nderilecektir.<\/li>\n<li>Faturan\u0131z \u00f6denir \u00f6denmez kurstaki yeriniz kesinle\u015fir (rezerve edilir).<\/li>\n<\/ol>\n<p>[\/vc_column_text][vc_row_inner][vc_column_inner width=&#8221;2\/3&#8243;]\n<div class=\"wpcf7 no-js\" id=\"wpcf7-f46082-o1\" lang=\"de-DE\" dir=\"ltr\" data-wpcf7-id=\"46082\">\n<div class=\"screen-reader-response\"><p role=\"status\" aria-live=\"polite\" aria-atomic=\"true\"><\/p> <ul><\/ul><\/div>\n<form action=\"\/tr\/wp-json\/wp\/v2\/pages\/11184#wpcf7-f46082-o1\" method=\"post\" class=\"wpcf7-form init wpcf7-acceptance-as-validation\" aria-label=\"Kontaktformular\" novalidate=\"novalidate\" data-status=\"init\">\n<fieldset class=\"hidden-fields-container\"><input type=\"hidden\" name=\"_wpcf7\" value=\"46082\" \/><input type=\"hidden\" name=\"_wpcf7_version\" value=\"6.1.5\" \/><input type=\"hidden\" name=\"_wpcf7_locale\" value=\"de_DE\" \/><input type=\"hidden\" name=\"_wpcf7_unit_tag\" value=\"wpcf7-f46082-o1\" \/><input type=\"hidden\" name=\"_wpcf7_container_post\" value=\"0\" \/><input type=\"hidden\" name=\"_wpcf7_posted_data_hash\" value=\"\" \/><input type=\"hidden\" name=\"_wpcf7cf_hidden_group_fields\" value=\"[]\" \/><input type=\"hidden\" name=\"_wpcf7cf_hidden_groups\" value=\"[]\" \/><input type=\"hidden\" name=\"_wpcf7cf_visible_groups\" value=\"[]\" \/><input type=\"hidden\" name=\"_wpcf7cf_repeaters\" value=\"[]\" \/><input type=\"hidden\" name=\"_wpcf7cf_steps\" value=\"{}\" \/><input type=\"hidden\" name=\"_wpcf7cf_options\" value=\"{&quot;form_id&quot;:46082,&quot;conditions&quot;:[{&quot;then_field&quot;:&quot;saat2&quot;,&quot;and_rules&quot;:[{&quot;if_field&quot;:&quot;dersturu&quot;,&quot;operator&quot;:&quot;equals&quot;,&quot;if_value&quot;:&quot;\\u00f6zel Almanca kursu&quot;}]}],&quot;settings&quot;:{&quot;animation&quot;:&quot;yes&quot;,&quot;animation_intime&quot;:200,&quot;animation_outtime&quot;:200,&quot;conditions_ui&quot;:&quot;normal&quot;,&quot;notice_dismissed&quot;:false}}\" \/><input type=\"hidden\" name=\"_wpcf7_recaptcha_response\" value=\"\" \/>\n<\/fieldset>\n<p>\u015eirket: <span class=\"wpcf7-form-control-wrap\" data-name=\"Firma\"><input size=\"40\" maxlength=\"400\" class=\"wpcf7-form-control wpcf7-text\" aria-invalid=\"false\" value=\"\" type=\"text\" name=\"Firma\" \/><\/span>\n<\/p>\n<p>Unvan*: <span class=\"wpcf7-form-control-wrap\" data-name=\"unvan\"><select class=\"wpcf7-form-control wpcf7-select wpcf7-validates-as-required\" aria-required=\"true\" aria-invalid=\"false\" name=\"unvan\"><option value=\"\">&#8211; Bitte ausw\u00e4hlen &#8211;<\/option><option value=\"Bay\">Bay<\/option><option value=\"Bayan\">Bayan<\/option><\/select><\/span>\n<\/p>\n<p>Cinsiyet*: <span class=\"wpcf7-form-control-wrap\" data-name=\"Cinsiyet\"><select class=\"wpcf7-form-control wpcf7-select wpcf7-validates-as-required\" aria-required=\"true\" aria-invalid=\"false\" name=\"Cinsiyet\"><option value=\"\">&#8211; Bitte ausw\u00e4hlen &#8211;<\/option><option value=\"Erkek\">Erkek<\/option><option value=\"Kad\u0131n\">Kad\u0131n<\/option><option value=\"\u0130nterseks\">\u0130nterseks<\/option><\/select><\/span>\n<\/p>\n<p>\u0130lk ad\u0131*: <span class=\"wpcf7-form-control-wrap\" data-name=\"Vorname\"><input size=\"40\" maxlength=\"400\" class=\"wpcf7-form-control wpcf7-text wpcf7-validates-as-required\" aria-required=\"true\" aria-invalid=\"false\" value=\"\" type=\"text\" name=\"Vorname\" \/><\/span>\n<\/p>\n<p>Kap\u0131da \u00f6deme*: <span class=\"wpcf7-form-control-wrap\" data-name=\"Nachname\"><input size=\"40\" maxlength=\"400\" class=\"wpcf7-form-control wpcf7-text wpcf7-validates-as-required\" aria-required=\"true\" aria-invalid=\"false\" value=\"\" type=\"text\" name=\"Nachname\" \/><\/span>\n<\/p>\n<p>Adres*: <span class=\"wpcf7-form-control-wrap\" data-name=\"Adresse\"><input size=\"40\" maxlength=\"400\" class=\"wpcf7-form-control wpcf7-text wpcf7-validates-as-required\" aria-required=\"true\" aria-invalid=\"false\" value=\"\" type=\"text\" name=\"Adresse\" \/><\/span>\n<\/p>\n<p>\u015eehir*: <span class=\"wpcf7-form-control-wrap\" data-name=\"sehir\"><input size=\"40\" maxlength=\"400\" class=\"wpcf7-form-control wpcf7-text wpcf7-validates-as-required\" aria-required=\"true\" aria-invalid=\"false\" value=\"\" type=\"text\" name=\"sehir\" \/><\/span>\n<\/p>\n<p>Sokak, numara*: <span class=\"wpcf7-form-control-wrap\" data-name=\"Sokak\"><input size=\"40\" maxlength=\"400\" class=\"wpcf7-form-control wpcf7-text wpcf7-validates-as-required\" aria-required=\"true\" aria-invalid=\"false\" value=\"\" type=\"text\" name=\"Sokak\" \/><\/span>\n<\/p>\n<p>Posta Kodu*: <span class=\"wpcf7-form-control-wrap\" data-name=\"PLZ\"><input size=\"40\" maxlength=\"400\" class=\"wpcf7-form-control wpcf7-text wpcf7-validates-as-required\" aria-required=\"true\" aria-invalid=\"false\" value=\"\" type=\"text\" name=\"PLZ\" \/><\/span>\n<\/p>\n<p>\u00dclke*: <span class=\"wpcf7-form-control-wrap\" data-name=\"ulke\"><input size=\"40\" maxlength=\"400\" class=\"wpcf7-form-control wpcf7-text wpcf7-validates-as-required\" aria-required=\"true\" aria-invalid=\"false\" value=\"\" type=\"text\" name=\"ulke\" \/><\/span>\n<\/p>\n<p>Telefon Numaras\u0131*: <span class=\"wpcf7-form-control-wrap\" data-name=\"Telefon\"><input size=\"40\" maxlength=\"400\" class=\"wpcf7-form-control wpcf7-text wpcf7-validates-as-required\" aria-required=\"true\" aria-invalid=\"false\" value=\"\" type=\"text\" name=\"Telefon\" \/><\/span>\n<\/p>\n<p>E-posta adresi*: <span class=\"wpcf7-form-control-wrap\" data-name=\"Email\"><input size=\"40\" maxlength=\"400\" class=\"wpcf7-form-control wpcf7-email wpcf7-validates-as-required wpcf7-text wpcf7-validates-as-email medium\" aria-required=\"true\" aria-invalid=\"false\" value=\"\" type=\"email\" name=\"Email\" \/><\/span>\n<\/p>\n<p><B>Kurs Bilgileri<\/b>\n<\/p>\n<p>Hangi dili \u00f6\u011frenmek istiyorsunuz?* : <span class=\"wpcf7-form-control-wrap\" data-name=\"Sprache\"><select class=\"wpcf7-form-control wpcf7-select wpcf7-validates-as-required\" aria-required=\"true\" aria-invalid=\"false\" name=\"Sprache\"><option value=\"Almanca\">Almanca<\/option><option value=\"\u0130ngilizce\">\u0130ngilizce<\/option><option value=\"\u0130spanyolca\">\u0130spanyolca<\/option><option value=\"Frans\u0131zca\">Frans\u0131zca<\/option><option value=\"\u0130talyanca\">\u0130talyanca<\/option><option value=\"Portekizce\">Portekizce<\/option><option value=\"Rus\u00e7a\">Rus\u00e7a<\/option><option value=\"Arap\u00e7a\">Arap\u00e7a<\/option><option value=\"\u00c7ince\">\u00c7ince<\/option><option value=\"Japonca\">Japonca<\/option><\/select><\/span>\n<\/p>\n<p>Kurs Format\u0131*: <span class=\"wpcf7-form-control-wrap\" data-name=\"kursformati\"><select class=\"wpcf7-form-control wpcf7-select wpcf7-validates-as-required\" aria-required=\"true\" aria-invalid=\"false\" name=\"kursformati\"><option value=\"\">&#8211; Bitte ausw\u00e4hlen &#8211;<\/option><option value=\"Online\">Online<\/option><option value=\"Y\u00fcz Y\u00fcze (Yerinde)\">Y\u00fcz Y\u00fcze (Yerinde)<\/option><\/select><\/span>\n<\/p>\n<p>Ders T\u00fcr\u00fc*: <span class=\"wpcf7-form-control-wrap\" data-name=\"dersturu\"><select class=\"wpcf7-form-control wpcf7-select wpcf7-validates-as-required\" aria-required=\"true\" aria-invalid=\"false\" name=\"dersturu\"><option value=\"\">&#8211; Bitte ausw\u00e4hlen &#8211;<\/option><option value=\"S\u00fcper yo\u011fun Almanca kursu\">S\u00fcper yo\u011fun Almanca kursu<\/option><option value=\"yo\u011fun Almanca kursu\">yo\u011fun Almanca kursu<\/option><option value=\"yar\u0131 yo\u011fun Almanca kursu\">yar\u0131 yo\u011fun Almanca kursu<\/option><option value=\"ak\u015fam Almanca kursu\">ak\u015fam Almanca kursu<\/option><option value=\"hafta sonu Almanca kursu\">hafta sonu Almanca kursu<\/option><option value=\"\u00f6zel Almanca kursu\">\u00f6zel Almanca kursu<\/option><option value=\"t\u0131p uzmanlar\u0131 ve hem\u015fireler i\u00e7in Almanca kursu\">t\u0131p uzmanlar\u0131 ve hem\u015fireler i\u00e7in Almanca kursu<\/option><\/select><\/span>\n<\/p>\n<p>Dil Seviyesi*: <span class=\"wpcf7-form-control-wrap\" data-name=\"niveau\"><select class=\"wpcf7-form-control wpcf7-select wpcf7-validates-as-required\" aria-required=\"true\" aria-invalid=\"false\" name=\"niveau\"><option value=\"A1 (yeni ba\u015flayan \/ yeni ba\u015flayan)\">A1 (yeni ba\u015flayan \/ yeni ba\u015flayan)<\/option><option value=\"A2 (Temel \/ Temel Bilgiler)\">A2 (Temel \/ Temel Bilgiler)<\/option><option value=\"B1 (orta \/ orta seviye)\">B1 (orta \/ orta seviye)<\/option><option value=\"B2 (Vantage \/ iyi orta seviye)\">B2 (Vantage \/ iyi orta seviye)<\/option><option value=\"C1 (ileri d\u00fczey \/ ileri d\u00fczey bilgi)\">C1 (ileri d\u00fczey \/ ileri d\u00fczey bilgi)<\/option><option value=\"C2 (Uzmanl\u0131k \/ m\u00fckemmel bilgi)\">C2 (Uzmanl\u0131k \/ m\u00fckemmel bilgi)<\/option><\/select><\/span>\n<\/p>\n<p>Kay\u0131t s\u0131ras\u0131nda dil seviyesinden emin olmayan kat\u0131l\u0131mc\u0131lar \u00f6ncelikle <a href=\"https:\/\/www.sprachschule-aktiv-muenchen.de\/einstufungstest-online\/\" target=\"_blank\">\u00e7evrimi\u00e7i seviye tespit testimizi<\/a> \u00e7\u00f6zebilirler. Kay\u0131t \u00f6z de\u011ferlendirmeye dayan\u0131yorsa ve ger\u00e7ek dil seviyesi farkl\u0131ysa, Sprachschule Aktiv seviye tespit testi yapma ve gerekirse kat\u0131l\u0131mc\u0131y\u0131 farkl\u0131 bir kurs seviyesine yerle\u015ftirme hakk\u0131n\u0131 sakl\u0131 tutar.\n<\/p>\n<p>Kurs Ba\u015flang\u0131c\u0131*: <span class=\"wpcf7-form-control-wrap\" data-name=\"Kursbeginn\"><input size=\"40\" maxlength=\"400\" class=\"wpcf7-form-control wpcf7-text wpcf7-validates-as-required walcf7-datepicker\" aria-required=\"true\" aria-invalid=\"false\" value=\"\" type=\"text\" name=\"Kursbeginn\" \/><\/span>\n<\/p>\n<div data-id=\"saat2\" data-orig_data_id=\"saat2\"  class=\"\" data-class=\"wpcf7cf_group\">\n\t<p>\u0130stenen saat say\u0131s\u0131*: <span class=\"wpcf7-form-control-wrap\" data-name=\"saat\"><input size=\"40\" maxlength=\"400\" class=\"wpcf7-form-control wpcf7-text wpcf7-validates-as-required\" aria-required=\"true\" aria-invalid=\"false\" value=\"\" type=\"text\" name=\"saat\" \/><\/span>\n\t<\/p>\n<\/div>\n<p><B>A\u00e7\u0131klamalar \/ Notlar:<\/b>\n<\/p>\n<p><span class=\"wpcf7-form-control-wrap\" data-name=\"Bemerkungen\"><textarea cols=\"40\" rows=\"10\" maxlength=\"2000\" class=\"wpcf7-form-control wpcf7-textarea\" aria-invalid=\"false\" name=\"Bemerkungen\"><\/textarea><\/span>\n<\/p>\n<div style=\"\">\n\t<p><span class=\"wpcf7-form-control-wrap\" data-name=\"agb\"><span class=\"wpcf7-form-control wpcf7-acceptance\"><span class=\"wpcf7-list-item\"><input type=\"checkbox\" name=\"agb\" value=\"1\" aria-invalid=\"false\" \/><\/span><\/span><\/span> (*) <a href=\"\/allgemeine-geschaeftsbedingungen-und-datenschutzerklaerung\/\" target=\"_blank\">yasal ko\u015fullari<\/a> ve <a href=\"\/allgemeine-geschaeftsbedingungen-und-datenschutzerklaerung\/\" target=\"_blank\">gizlilik politikasi'n\u0131<\/a> okudum ve kabul ediyorum.\n\t<\/p>\n<\/div>\n<p><input class=\"wpcf7-form-control wpcf7-submit has-spinner\" type=\"submit\" value=\"Dil kursu rezervasyonu yap\u0131n\" \/>\n<\/p><div class=\"wpcf7-response-output\" aria-hidden=\"true\"><\/div>\n<\/form>\n<\/div>\n[\/vc_column_inner][vc_column_inner width=&#8221;1\/3&#8243; css=&#8221;.vc_custom_1486286691342{margin-top: 15px !important;}&#8221;][vc_column_text]<\/p>\n<h4><em>Sprachschule Aktiv M\u00fcnchen<\/em><\/h4>\n<p>Tel.: (0049) &#8211; 89 &#8211; 20 06 24 35<br \/>\nMobil und WhatsApp: (0049) 151 239 824 53<br \/>\nE-Mail: <a href=\"mailto:kontakt@sprachschule-aktiv.de \">kontakt@sprachschule-aktiv.de<\/a><br \/>\nInternet: <a href=\"http:\/\/www.sprachschule-aktiv-muenchen.de\/\">www.sprachschule-aktiv-muenchen.de<\/a>[\/vc_column_text][vc_separator css=&#8221;.vc_custom_1486286438007{padding-top: 20px !important;padding-bottom: 20px !important;}&#8221;][vc_column_text]<\/p>\n<h3>Anfahrt<\/h3>\n<p>He\u00dfstr. 90, 80797 M\u00fcnchen[\/vc_column_text][vc_gmaps link=&#8221;#E-8_JTNDaWZyYW1lJTIwc3JjJTNEJTIyaHR0cHMlM0ElMkYlMkZ3d3cuZ29vZ2xlLmNvbSUyRm1hcHMlMkZlbWJlZCUzRnBiJTNEJTIxMW0xOCUyMTFtMTIlMjExbTMlMjExZDI2NjEuNzQ5Njg0NjY4ODMzJTIxMmQxMS41NTg0MDgxMTU4MTUyNSUyMTNkNDguMTUzNjMwODU4MDIxMzQ0JTIxMm0zJTIxMWYwJTIxMmYwJTIxM2YwJTIxM20yJTIxMWkxMDI0JTIxMmk3NjglMjE0ZjEzLjElMjEzbTMlMjExbTIlMjExczB4NDc5ZTc1ZTEyMTYxMGExZiUyNTNBMHhlNzI3ZThlMmQ4NTI2ZTQyJTIxMnNTcHJhY2hzY2h1bGUlMkJBa3RpdiUyQk0lMjVDMyUyNUJDbmNoZW4lMjE1ZTAlMjEzbTIlMjExc2RlJTIxMnNkZSUyMTR2MTQ4NjI4NjMxMjc0MiUyMiUyMHdpZHRoJTNEJTIyNjAwJTIyJTIwaGVpZ2h0JTNEJTIyMjAwJTIyJTIwZnJhbWVib3JkZXIlM0QlMjIwJTIyJTIwc3R5bGUlM0QlMjJib3JkZXIlM0EwJTIyJTIwYWxsb3dmdWxsc2NyZWVuJTNFJTNDJTJGaWZyYW1lJTNF&#8221;][\/vc_column_inner][\/vc_row_inner][\/vc_column][\/vc_row]<\/p>\n","protected":false},"excerpt":{"rendered":"<p>[vc_row css=&#8221;.vc_custom_1486284745672{margin-top: 25px !important;padding-bottom: 30px !important;}&#8221;][vc_column][vc_column_text] Dil Kurslar\u0131 Kay\u0131t Formu [\/vc_column_text][vc_column_text] M\u00fcnih&#8217;te bir Almanca kursuna nas\u0131l kay\u0131t olabilirim? L\u00fctfen kay\u0131t formunu doldurun (yakla\u015f\u0131k 3 dakika). Dilerseniz,\u00a0\u00fccretsiz seviye tespit s\u0131nav\u0131n\u0131\u00a0\u00e7\u00f6z\u00fcn (yakla\u015f\u0131k 15 dakika). Sprachschule Aktiv M\u00fcnchen\u00a0web sitemiz \u00fczerinden bir dil kursu rezervasyonu yap\u0131n. Size kay\u0131t onay\u0131 ve \u00f6deme bilgileri g\u00f6nderilecektir. Faturan\u0131z \u00f6denir \u00f6denmez kurstaki yeriniz kesinle\u015fir&hellip; <a class=\"read-more\" href=\"https:\/\/www.sprachschule-aktiv-muenchen.de\/tr\/tescil\/\" title=\"Read Tescil\">Read more &raquo;<\/a><\/p>\n","protected":false},"author":2,"featured_media":0,"parent":0,"menu_order":0,"comment_status":"closed","ping_status":"closed","template":"","meta":{"footnotes":""},"class_list":["post-11184","page","type-page","status-publish","hentry"],"yoast_head":"<!-- This site is optimized with the Yoast SEO plugin v27.1.1 - https:\/\/yoast.com\/product\/yoast-seo-wordpress\/ -->\n<title>Bizim dil kurslar\u0131 kat\u0131l\u0131n. Sprachschule Aktiv<\/title>\n<meta name=\"description\" content=\"Dil okulu M\u00fcnih Sprachschule Aktiv h\u0131zl\u0131 ve kolay bir \u015fekilde Almanca \u00f6\u011frenmek. T\u00fcm seviyeleri.\" \/>\n<meta name=\"robots\" content=\"index, follow, max-snippet:-1, max-image-preview:large, max-video-preview:-1\" \/>\n<link rel=\"canonical\" href=\"https:\/\/www.sprachschule-aktiv-muenchen.de\/tr\/tescil\/\" \/>\n<meta property=\"og:locale\" content=\"tr_TR\" \/>\n<meta property=\"og:type\" content=\"article\" \/>\n<meta property=\"og:title\" content=\"Bizim dil kurslar\u0131 kat\u0131l\u0131n. Sprachschule Aktiv\" \/>\n<meta property=\"og:description\" content=\"Dil okulu M\u00fcnih Sprachschule Aktiv h\u0131zl\u0131 ve kolay bir \u015fekilde Almanca \u00f6\u011frenmek. T\u00fcm seviyeleri.\" \/>\n<meta property=\"og:url\" content=\"https:\/\/www.sprachschule-aktiv-muenchen.de\/tr\/tescil\/\" \/>\n<meta property=\"og:site_name\" content=\"Sprachschule Aktiv\" \/>\n<meta property=\"article:modified_time\" content=\"2026-02-13T21:23:34+00:00\" \/>\n<meta name=\"twitter:card\" content=\"summary_large_image\" \/>\n<meta name=\"twitter:label1\" content=\"Tahmini okuma s\u00fcresi\" \/>\n\t<meta name=\"twitter:data1\" content=\"1 dakika\" \/>\n<script type=\"application\/ld+json\" class=\"yoast-schema-graph\">{\"@context\":\"https:\/\/schema.org\",\"@graph\":[{\"@type\":\"WebPage\",\"@id\":\"https:\/\/www.sprachschule-aktiv-muenchen.de\/tr\/tescil\/\",\"url\":\"https:\/\/www.sprachschule-aktiv-muenchen.de\/tr\/tescil\/\",\"name\":\"Bizim dil kurslar\u0131 kat\u0131l\u0131n. Sprachschule Aktiv\",\"isPartOf\":{\"@id\":\"https:\/\/www.sprachschule-aktiv-muenchen.de\/#website\"},\"datePublished\":\"2017-02-24T21:57:29+00:00\",\"dateModified\":\"2026-02-13T21:23:34+00:00\",\"description\":\"Dil okulu M\u00fcnih Sprachschule Aktiv h\u0131zl\u0131 ve kolay bir \u015fekilde Almanca \u00f6\u011frenmek. T\u00fcm seviyeleri.\",\"breadcrumb\":{\"@id\":\"https:\/\/www.sprachschule-aktiv-muenchen.de\/tr\/tescil\/#breadcrumb\"},\"inLanguage\":\"tr\",\"potentialAction\":[{\"@type\":\"ReadAction\",\"target\":[\"https:\/\/www.sprachschule-aktiv-muenchen.de\/tr\/tescil\/\"]}]},{\"@type\":\"BreadcrumbList\",\"@id\":\"https:\/\/www.sprachschule-aktiv-muenchen.de\/tr\/tescil\/#breadcrumb\",\"itemListElement\":[{\"@type\":\"ListItem\",\"position\":1,\"name\":\"Portada\",\"item\":\"https:\/\/www.sprachschule-aktiv-muenchen.de\/tr\/\"},{\"@type\":\"ListItem\",\"position\":2,\"name\":\"Tescil\"}]},{\"@type\":\"WebSite\",\"@id\":\"https:\/\/www.sprachschule-aktiv-muenchen.de\/#website\",\"url\":\"https:\/\/www.sprachschule-aktiv-muenchen.de\/\",\"name\":\"Sprachschule Aktiv\",\"description\":\"\",\"potentialAction\":[{\"@type\":\"SearchAction\",\"target\":{\"@type\":\"EntryPoint\",\"urlTemplate\":\"https:\/\/www.sprachschule-aktiv-muenchen.de\/?s={search_term_string}\"},\"query-input\":{\"@type\":\"PropertyValueSpecification\",\"valueRequired\":true,\"valueName\":\"search_term_string\"}}],\"inLanguage\":\"tr\"}]}<\/script>\n<!-- \/ Yoast SEO plugin. -->","yoast_head_json":{"title":"Bizim dil kurslar\u0131 kat\u0131l\u0131n. Sprachschule Aktiv","description":"Dil okulu M\u00fcnih Sprachschule Aktiv h\u0131zl\u0131 ve kolay bir \u015fekilde Almanca \u00f6\u011frenmek. T\u00fcm seviyeleri.","robots":{"index":"index","follow":"follow","max-snippet":"max-snippet:-1","max-image-preview":"max-image-preview:large","max-video-preview":"max-video-preview:-1"},"canonical":"https:\/\/www.sprachschule-aktiv-muenchen.de\/tr\/tescil\/","og_locale":"tr_TR","og_type":"article","og_title":"Bizim dil kurslar\u0131 kat\u0131l\u0131n. Sprachschule Aktiv","og_description":"Dil okulu M\u00fcnih Sprachschule Aktiv h\u0131zl\u0131 ve kolay bir \u015fekilde Almanca \u00f6\u011frenmek. T\u00fcm seviyeleri.","og_url":"https:\/\/www.sprachschule-aktiv-muenchen.de\/tr\/tescil\/","og_site_name":"Sprachschule Aktiv","article_modified_time":"2026-02-13T21:23:34+00:00","twitter_card":"summary_large_image","twitter_misc":{"Tahmini okuma s\u00fcresi":"1 dakika"},"schema":{"@context":"https:\/\/schema.org","@graph":[{"@type":"WebPage","@id":"https:\/\/www.sprachschule-aktiv-muenchen.de\/tr\/tescil\/","url":"https:\/\/www.sprachschule-aktiv-muenchen.de\/tr\/tescil\/","name":"Bizim dil kurslar\u0131 kat\u0131l\u0131n. Sprachschule Aktiv","isPartOf":{"@id":"https:\/\/www.sprachschule-aktiv-muenchen.de\/#website"},"datePublished":"2017-02-24T21:57:29+00:00","dateModified":"2026-02-13T21:23:34+00:00","description":"Dil okulu M\u00fcnih Sprachschule Aktiv h\u0131zl\u0131 ve kolay bir \u015fekilde Almanca \u00f6\u011frenmek. T\u00fcm seviyeleri.","breadcrumb":{"@id":"https:\/\/www.sprachschule-aktiv-muenchen.de\/tr\/tescil\/#breadcrumb"},"inLanguage":"tr","potentialAction":[{"@type":"ReadAction","target":["https:\/\/www.sprachschule-aktiv-muenchen.de\/tr\/tescil\/"]}]},{"@type":"BreadcrumbList","@id":"https:\/\/www.sprachschule-aktiv-muenchen.de\/tr\/tescil\/#breadcrumb","itemListElement":[{"@type":"ListItem","position":1,"name":"Portada","item":"https:\/\/www.sprachschule-aktiv-muenchen.de\/tr\/"},{"@type":"ListItem","position":2,"name":"Tescil"}]},{"@type":"WebSite","@id":"https:\/\/www.sprachschule-aktiv-muenchen.de\/#website","url":"https:\/\/www.sprachschule-aktiv-muenchen.de\/","name":"Sprachschule Aktiv","description":"","potentialAction":[{"@type":"SearchAction","target":{"@type":"EntryPoint","urlTemplate":"https:\/\/www.sprachschule-aktiv-muenchen.de\/?s={search_term_string}"},"query-input":{"@type":"PropertyValueSpecification","valueRequired":true,"valueName":"search_term_string"}}],"inLanguage":"tr"}]}},"_links":{"self":[{"href":"https:\/\/www.sprachschule-aktiv-muenchen.de\/tr\/wp-json\/wp\/v2\/pages\/11184","targetHints":{"allow":["GET"]}}],"collection":[{"href":"https:\/\/www.sprachschule-aktiv-muenchen.de\/tr\/wp-json\/wp\/v2\/pages"}],"about":[{"href":"https:\/\/www.sprachschule-aktiv-muenchen.de\/tr\/wp-json\/wp\/v2\/types\/page"}],"author":[{"embeddable":true,"href":"https:\/\/www.sprachschule-aktiv-muenchen.de\/tr\/wp-json\/wp\/v2\/users\/2"}],"replies":[{"embeddable":true,"href":"https:\/\/www.sprachschule-aktiv-muenchen.de\/tr\/wp-json\/wp\/v2\/comments?post=11184"}],"version-history":[{"count":3,"href":"https:\/\/www.sprachschule-aktiv-muenchen.de\/tr\/wp-json\/wp\/v2\/pages\/11184\/revisions"}],"predecessor-version":[{"id":80266,"href":"https:\/\/www.sprachschule-aktiv-muenchen.de\/tr\/wp-json\/wp\/v2\/pages\/11184\/revisions\/80266"}],"wp:attachment":[{"href":"https:\/\/www.sprachschule-aktiv-muenchen.de\/tr\/wp-json\/wp\/v2\/media?parent=11184"}],"curies":[{"name":"wp","href":"https:\/\/api.w.org\/{rel}","templated":true}]}}