{"id":11123,"date":"2016-08-11T12:35:27","date_gmt":"2016-08-11T12:35:27","guid":{"rendered":"https:\/\/www.sprachschule-aktiv-muenchen.de\/home-3-corporate\/"},"modified":"2022-12-23T10:36:37","modified_gmt":"2022-12-23T09:36:37","slug":"home-3-corporate","status":"publish","type":"page","link":"https:\/\/www.sprachschule-aktiv-muenchen.de\/tr\/","title":{"rendered":"Home 3 &#8211; Corporate"},"content":{"rendered":"<p>[vc_row full_width=&#8221;stretch_row_content_no_spaces&#8221; equal_height=&#8221;yes&#8221; tc_enable_overlay=&#8221;true&#8221; css=&#8221;.vc_custom_1603177975622{background-position: center !important;background-repeat: no-repeat !important;background-size: cover !important;}&#8221;][vc_column][vc_single_image image=&#8221;59455&#8243; img_size=&#8221;full&#8221; onclick=&#8221;custom_link&#8221; link=&#8221;https:\/\/www.sprachschule-aktiv-muenchen.de\/tr\/tescil\/&#8221;][\/vc_column][\/vc_row][vc_row full_width=&#8221;stretch_row&#8221; equal_height=&#8221;yes&#8221; content_placement=&#8221;middle&#8221; tc_enable_overlay=&#8221;true&#8221; css=&#8221;.vc_custom_1487972420862{padding-top: 30px !important;padding-bottom: 40px !important;}&#8221; el_class=&#8221;action-box m-b-none theme-bg-color&#8221;][vc_column width=&#8221;2\/3&#8243;][vc_column_text]<\/p>\n<h3 class=\"text-white\">M\u00fcnih Almanca \u00f6\u011frenmek ister misiniz?<\/h3>\n<p class=\"text-white\">M\u00fcnih&#8217;de almanca kursu, okulumuzda almanca \u00f6\u011frenmek &#8211; Almanca \u00f6\u011frenmek.<\/p>\n<p>[\/vc_column_text][\/vc_column][vc_column width=&#8221;1\/3&#8243; css=&#8221;.vc_custom_1481804430561{padding-top: 15px !important;}&#8221; el_class=&#8221;text-right&#8221;]\t<div class=\"vc_btn3-container vc_btn3-inline\">\r\n\t\t<a href=\"\/tr\/contact\/\" class=\"pgs_btn pgs_btn_style_3 pgs_btn_lg\">\r\n\t\t\t<span>\r\n\t\t\t\tBize ula\u015f\u0131n\t\t\t<\/span>\r\n\t\t\t\t\t\t<i class=\"fa fa-hand-o-right\"><\/i>\r\n\t\t\t\t\t<\/a>\r\n\t<\/div>\r\n\t[\/vc_column][\/vc_row][vc_row css=&#8221;.vc_custom_1486321552684{margin-top: 20px !important;}&#8221;][vc_column][vc_column_text]<\/p>\n<h1>M\u00fcnih&#8217;de almanca kursu, okulumuzda almanca \u00f6\u011frenmek &#8211; Almanca \u00f6\u011frenmek<\/h1>\n<p>M\u00fcnih&#8217;de almanca kursu, okulumuzda almanca \u00f6\u011frenmek. M\u00fcnih&#8217;de almanca kursu. Almanca \u00f6\u011frenmek M\u00fcnih.<\/p>\n<h2>M\u00fcnih taki Almanca okullar\u0131m\u0131zda Almanca \u00f6\u011frenin<\/h2>\n<p>T\u00fcm Almanya\u00b4da da guruplar, hususi ki\u015filer, e\u015fler ve \u015firketler i\u00e7in Almanca kursu.<br \/>\nMesela: 1 Ay (4 Hafta) &#8211; g\u00fcnde 4 saat sadece 499 \u20ac[\/vc_column_text][\/vc_column][\/vc_row][vc_row full_width=&#8221;stretch_row_content_no_spaces&#8221; tc_enable_overlay=&#8221;true&#8221; css=&#8221;.vc_custom_1487971922617{padding-top: 30px !important;padding-bottom: 30px !important;background-image: url(https:\/\/www.sprachschule-aktiv-muenchen.de\/wp-content\/uploads\/2016\/08\/abonelerimizle-bos-zaman-ve-eglence.jpg?id=11166) !important;background-position: center !important;background-repeat: no-repeat !important;background-size: cover !important;}&#8221; el_class=&#8221;xs-pd-lr&#8221;][vc_column width=&#8221;3\/4&#8243; offset=&#8221;vc_col-lg-offset-1 vc_col-lg-6 vc_col-md-offset-1 vc_col-md-10 vc_col-sm-offset-1 vc_col-xs-12&#8243;][vc_column_text]<\/p>\n<h2>Abonelerimizle bo\u015f zaman ve e\u011flence!<\/h2>\n<p>Herhangi bir vakit \u00fccretsiz ve y\u00fck\u00fcml\u00fc k\u0131lmayan deneme dersi i\u00e7in s\u00f6zle\u015febilirsiniz. M\u00fcnih ve Frankfurt\u00b4ta Almanca Kursu &#8211; sizde konu\u015fun!<\/p>\n<p>M\u00fcnih ve Frankfurt\u00b4ta Almanca \u00f6\u011frenin, meslek ve \u015fahsi perspektifinizi d\u00fczeltin. M\u00fcnih ve Frankfurt\u00b4taki dil okulumuzda size \u00e7e\u015fitli Almanca kursu teklif ediyoruz. \u015eahsi Almanca seviyenizi belirlemek i\u00e7in sizi \u00fccretsiz ve y\u00fck\u00fcml\u00fc k\u0131lmayan bir deneme dersine memnuniyetle davet ediyoruz. \u015eahsi bir g\u00f6r\u00fc\u015fmede bizi tan\u0131ma imk\u00e2n bulabileceksiniz. B\u00f6ylece Almanca seviyenizi tam olarak tespit edebiliriz. \u015eahsi derecelendirmeden sonra M\u00fcnih ve Frankfurt\u00b4ta \u00e7e\u015fitli Almanca kurslardan se\u00e7im yapabilirsiniz: Teke tek dersler, yo\u011fun dersler, e\u015f dersler, konu\u015fma a\u011f\u0131rl\u0131kl\u0131 kurslar\u0131, hafta sonu kursu, \u015firket kurslar\u0131 ve Business-Almanca-Kurslar\u0131m\u0131z.[\/vc_column_text]\t<div class=\"vc_btn3-container vc_btn3-inline\">\r\n\t\t<a href=\"\/tr\/contact\/\" class=\"pgs_btn pgs_btn_style_1 pgs_btn_md  vc_custom_1487971767528\">\r\n\t\t\t<span>\r\n\t\t\t\tBize sor!\t\t\t<\/span>\r\n\t\t\t\t\t\t<i class=\"fa fa-pencil-square-o\"><\/i>\r\n\t\t\t\t\t<\/a>\r\n\t<\/div>\r\n\t[\/vc_column][vc_column width=&#8221;1\/4&#8243; offset=&#8221;vc_col-lg-5 vc_col-md-2 vc_hidden-sm vc_col-xs-12 vc_hidden-xs&#8221;][\/vc_column][\/vc_row][vc_row css=&#8221;.vc_custom_1487971941655{padding-top: 25px !important;}&#8221;][vc_column][vc_column_text]<\/p>\n<h2>Almanca Kurslar\u0131m\u0131z<\/h2>\n<p>M\u00fcnih ve Frankfurt\u00b4taki i\u015f ile ilgili Almanca kursumuz d\u00fcnya i\u015f piyasas\u0131nda meslek \u015fanslar\u0131n\u0131 y\u00fckseltmek isteyen herkes i\u00e7in uygundur. Kursun sonunda kat\u0131lan herkes kat\u0131lma sertifikas\u0131 al\u0131yor. Bizde, M\u00fcnih veya Frankfurt\u00b4ta Almanca \u00f6\u011frenmek istiyorsan\u0131z size Avrupa ortak referans \u00e7er\u00e7evesine uygun Almanca kursu sunuyoruz. Bu uluslararas\u0131 kabul edilen sertifika ile Alman dil d\u00fcnyas\u0131na yolunuz a\u00e7\u0131k olacakt\u0131r.<\/p>\n<p>Bizde Almancay\u0131 profesyonel bir ortamda \u00f6\u011freniyorsunuz. Ekibimiz sadece Universite mezunu olan y\u0131llarca Alman dil dersinde tecr\u00fcbe g\u00f6ren akademisyenlerden olu\u015fuyor. Bu, Alman dilini \u00f6\u011frenmek i\u00e7in en uygun ko\u015fullar\u0131 sa\u011fl\u0131yor. Dil yetkisinin d\u0131\u015f\u0131nda size k\u00fclt\u00fcrel bilgi vermek hedefimizdir. Alman k\u00fclt\u00fcr\u00fcn\u00fc \u00f6\u011freneceksiniz. Bu size ayr\u0131ca da mesle\u011finizde yard\u0131mc\u0131 olacak. Uluslararas\u0131 meslekta\u015flar\u0131n\u0131z\u0131, i\u015f orta\u011f\u0131n\u0131z\u0131 ve m\u00fc\u015fterinizi multik\u00fclt\u00fcrel k\u00fcreselle\u015fme ba\u011flam\u0131nda daha iyi de\u011ferlendirebileceksiniz.[\/vc_column_text][\/vc_column][\/vc_row][vc_row css=&#8221;.vc_custom_1484754678947{padding-bottom: 10px !important;}&#8221;][vc_column width=&#8221;1\/2&#8243;][vc_video link=&#8221;https:\/\/youtu.be\/O8OSUHbmfWQ&#8221; css=&#8221;.vc_custom_1671788186558{padding-top: 10px !important;}&#8221;][\/vc_column][vc_column width=&#8221;1\/2&#8243;][vc_column_text]M\u00fcnih veya Franfurt Almanca kursundan sonra bo\u015f vakit. Dil okulunuz Aktiv, size Alman k\u00fclt\u00fcr\u00fc ile ilgili daha \u00e7ok \u015fey \u00f6\u011frenmeniz i\u00e7in ve yeni alman arkada\u015f kazanman\u0131z i\u00e7in bir\u00e7ok imk\u00e2n sunuyor.<\/p>\n<p>M\u00fcnih veya Frankfurt Almanca kursundan sonra bo\u015f zaman\u0131n\u0131z\u0131n tad\u0131n\u0131 c\u0131kart\u0131n: kursa kat\u0131lanlarla bulu\u015fun, bira bah\u00e7elerine, partilere gidin, gezilere kat\u0131l\u0131n ve bir\u00e7ok \u015feyler daha. Abonelerimizlere ger\u00e7ek Alman ya\u015fam\u0131n\u0131 tan\u0131tmak istiyoruz. Almanca \u00f6\u011frenmek ve canl\u0131 ya\u015famak![\/vc_column_text][\/vc_column][\/vc_row][vc_row full_width=&#8221;stretch_row&#8221; tc_enable_overlay=&#8221;true&#8221; css=&#8221;.vc_custom_1487972460773{padding-top: 30px !important;padding-bottom: 30px !important;background-color: #f9f9f9 !important;}&#8221;][vc_column width=&#8221;1\/2&#8243;][vc_column_text]<\/p>\n<h2>M\u00fcnih\u00b4te Almanca \u00f6\u011frenmek &#8211; \u00f6zel ve pratik!<\/h2>\n<p>Bizde bir \u00f6zel kursa yaz\u0131l\u0131rsan\u0131z sizin takviminize ve ihtiyac\u0131n\u0131za uyaca\u011f\u0131z. M\u00fcnih veya Frankfurt\u00b4taki Almanca kurs planlaman\u0131zda elbette ki\u015fisel randevu takviminize uyaca\u011f\u0131z. Almanca kursumuz gereken teori ile e\u011flenceli pratik al\u0131st\u0131rmalar\u0131n kar\u0131\u015f\u0131m\u0131d\u0131r. Alman hocalar\u0131m\u0131z Almanca dersi evinizde de veriyor.<\/p>\n<p>Daha fazla vakit kaybetmeyiniz ve daha bug\u00fcn M\u00fcnih veya Frankfurt\u00b4taki bir hocam\u0131zla Almanca kursu i\u00e7in \u00fccretsiz ve y\u00fck\u00fcm k\u0131lmayan bir dan\u0131\u015fma kararla\u015ft\u0131r\u0131n.<\/p>\n<p>Para iade garantisi: E\u011fer ilk dersinizden sonra herhangi bir \u015fekilde memnun kalmad\u0131ysan\u0131z sizin taraf\u0131n\u0131zdan hi\u00e7 bir a\u00e7\u0131klama yap\u0131lmadan aboneli\u011finizi \u00fccretsiz iptal ediyoruz. \u00d6nceden \u00f6dedi\u011finiz kurs \u00fccretini hemen iade ediyoruz.<\/p>\n<p>Sprachschule Aktiv<br \/>\nHe\u00dfstr. 90. 80797 M\u00fcnchen<br \/>\nTel.: 089\/20 06 24 35<br \/>\nTel.: 089\/20 06 24 36<br \/>\nE-Mail: kontakt@sprachschule-aktiv.de[\/vc_column_text][\/vc_column][vc_column width=&#8221;1\/2&#8243;][vc_single_image image=&#8221;11174&#8243; img_size=&#8221;full&#8221; alignment=&#8221;center&#8221; style=&#8221;vc_box_outline&#8221; css=&#8221;.vc_custom_1487981163780{padding-top: 20px !important;}&#8221;][\/vc_column][\/vc_row][vc_row full_width=&#8221;stretch_row&#8221; tc_enable_overlay=&#8221;true&#8221; el_class=&#8221;contact-6 theme-bg-color&#8221; css=&#8221;.vc_custom_1484755280803{padding-top: 50px !important;padding-bottom: 20px !important;}&#8221;][vc_column width=&#8221;1\/3&#8243;][vc_raw_html]JTNDZGl2JTIwY2xhc3MlM0QlMjJmZWF0dXJlLTglMjBjbGVhcmZpeCUyMiUzRSUwQSUyMCUyMCUyMCUyMCUyMCUyMCUyMCUyMCUyMCUzQ2RpdiUyMGNsYXNzJTNEJTIyZmVhdHVyZS04LXRpdGxlJTIyJTNFJTBBJTIwJTIwJTIwJTIwJTIwJTIwJTIwJTIwJTIwJTIwJTNDc3BhbiUyMGNsYXNzJTNEJTIyZmElMjBmYS1wZW5jaWwlMjIlMjBhcmlhLWhpZGRlbiUzRCUyMnRydWUlMjIlM0UlM0MlMkZzcGFuJTNFJTBBJTIwJTIwJTIwJTIwJTIwJTIwJTIwJTIwJTIwJTNDJTJGZGl2JTNFJTBBJTIwJTIwJTIwJTIwJTIwJTIwJTIwJTIwJTNDZGl2JTIwY2xhc3MlM0QlMjJmZWF0dXJlLTgtaW5mbyUyMiUzRSUwQSUyMCUyMCUyMCUyMCUyMCUyMCUyMCUyMCUyMCUzQ2g0JTIwY2xhc3MlM0QlMjJ0ZXh0LXdoaXRlJTIyJTNFQml6aW0lMjBva3VsbGFyJTNDJTJGaDQlM0UlMjAlMEElMjAlMjAlMjAlMjAlMjAlMjAlMjAlMjAlMjAlM0NwJTIwY2xhc3MlM0QlMjJ0ZXh0LXdoaXRlJTIyJTNFSGUlQzMlOUZzdHJhJUMzJTlGZSUyMDkwLiUyMDgwNzk3JTIwTSVDMyVCQ25jaGVuJTNDYnIlMkYlM0VUZWdlcm5zZWVyJTIwTGFuZHN0ci4lMjAxMzUuJTIwODE1MzklMjBNJUMzJUJDbmNoZW4lM0MlMkZwJTNFJTBBJTIwJTIwJTIwJTIwJTIwJTIwJTIwJTNDJTJGZGl2JTNFJTBBJTIwJTIwJTIwJTIwJTIwJTIwJTNDJTJGZGl2JTNF[\/vc_raw_html][\/vc_column][vc_column width=&#8221;1\/3&#8243;][vc_raw_html]JTNDZGl2JTIwY2xhc3MlM0QlMjJmZWF0dXJlLTglMjBjbGVhcmZpeCUyMiUzRSUwQSUyMCUyMCUyMCUyMCUyMCUyMCUyMCUyMCUyMCUyMCUyMCUzQ2RpdiUyMGNsYXNzJTNEJTIyZmVhdHVyZS04LXRpdGxlJTIyJTNFJTBBJTIwJTIwJTIwJTIwJTIwJTIwJTIwJTIwJTIwJTIwJTIwJTIwJTNDc3BhbiUyMGNsYXNzJTNEJTIyaWNvbi1zY3JlZW4tc21hcnRwaG9uZSUyMiUyMGFyaWEtaGlkZGVuJTNEJTIydHJ1ZSUyMiUzRSUzQyUyRnNwYW4lM0UlMEElMjAlMjAlMjAlMjAlMjAlMjAlMjAlMjAlMjAlMjAlMjAlM0MlMkZkaXYlM0UlMEElMjAlMjAlMjAlMjAlMjAlMjAlMjAlMjAlMjAlMjAlM0NkaXYlMjBjbGFzcyUzRCUyMmZlYXR1cmUtOC1pbmZvJTIyJTNFJTBBJTIwJTIwJTIwJTIwJTIwJTIwJTIwJTIwJTIwJTIwJTIwJTNDaDQlMjBjbGFzcyUzRCUyMnRleHQtd2hpdGUlMjIlM0VCaXppJTIwYXJheSVDNCVCMW4lM0MlMkZoNCUzRSUwQSUyMCUyMCUyMCUyMCUyMCUyMCUyMCUyMCUyMCUyMCUyMCUzQ3AlMjBjbGFzcyUzRCUyMnRleHQtd2hpdGUlMjIlM0UlMjAlMjAwODklMkYyMCUyMDA2JTIwMjQlMjAzNSUyMCUzQ2JyJTJGJTNFJTIwMDg5JTJGMjAlMjAwNiUyMDI0JTIwMzYlM0NiciUyRiUzRSUwQSUyMCUyMCUyMCUyMCUyMCUyMCUyMCUyMCUyMCUyMCUyMCUyMCUyMCUyMCUzQ2IlM0UwOSUzQTAwJTIwVWhyJUUyJTgwJTkzJTIwMTglM0EwMCUyMFVociUyMCUzQyUyRmIlM0UlM0MlMkZwJTNFJTBBJTIwJTIwJTIwJTIwJTIwJTIwJTIwJTIwJTIwJTNDJTJGZGl2JTNFJTBBJTIwJTIwJTIwJTIwJTIwJTIwJTIwJTNDJTJGZGl2JTNF[\/vc_raw_html][\/vc_column][vc_column width=&#8221;1\/3&#8243;][vc_raw_html]JTNDZGl2JTIwY2xhc3MlM0QlMjJmZWF0dXJlLTglMjBjbGVhcmZpeCUyMiUzRSUwQSUyMCUyMCUyMCUyMCUyMCUyMCUyMCUyMCUyMCUzQ2RpdiUyMGNsYXNzJTNEJTIyZmVhdHVyZS04LXRpdGxlJTIyJTNFJTBBJTIwJTIwJTIwJTIwJTIwJTIwJTIwJTIwJTIwJTIwJTNDc3BhbiUyMGNsYXNzJTNEJTIyaWNvbi1lbnZlbG9wZSUyMiUyMGFyaWEtaGlkZGVuJTNEJTIydHJ1ZSUyMiUzRSUzQyUyRnNwYW4lM0UlMEElMjAlMjAlMjAlMjAlMjAlMjAlMjAlMjAlMjAlM0MlMkZkaXYlM0UlMEElMjAlMjAlMjAlMjAlMjAlMjAlMjAlMjAlM0NkaXYlMjBjbGFzcyUzRCUyMmZlYXR1cmUtOC1pbmZvJTIyJTNFJTBBJTIwJTIwJTIwJTIwJTIwJTIwJTIwJTIwJTIwJTNDaDQlMjBjbGFzcyUzRCUyMnRleHQtd2hpdGUlMjIlM0VCaXplJTIweWF6JUM0JUIxbiUzQyUyRmg0JTNFJTBBJTIwJTIwJTIwJTIwJTIwJTIwJTIwJTIwJTIwJTNDcCUyMGNsYXNzJTNEJTIydGV4dC13aGl0ZSUyMiUzRWtvbnRha3QlNDBzcHJhY2hzY2h1bGUtYWt0aXYuZGUlMEElMjAlMjAlMjAlMjAlMjAlM0MlMkZwJTNFJTBBJTIwJTIwJTIwJTIwJTIwJTIwJTIwJTNDJTJGZGl2JTNFJTBBJTIwJTIwJTIwJTIwJTIwJTIwJTNDJTJGZGl2JTNF[\/vc_raw_html][\/vc_column][\/vc_row]<\/p>\n","protected":false},"excerpt":{"rendered":"<p>[vc_row full_width=&#8221;stretch_row_content_no_spaces&#8221; equal_height=&#8221;yes&#8221; tc_enable_overlay=&#8221;true&#8221; css=&#8221;.vc_custom_1603177975622{background-position: center !important;background-repeat: no-repeat !important;background-size: cover !important;}&#8221;][vc_column][vc_single_image image=&#8221;59455&#8243; img_size=&#8221;full&#8221; onclick=&#8221;custom_link&#8221; link=&#8221;https:\/\/www.sprachschule-aktiv-muenchen.de\/tr\/tescil\/&#8221;][\/vc_column][\/vc_row][vc_row full_width=&#8221;stretch_row&#8221; equal_height=&#8221;yes&#8221; content_placement=&#8221;middle&#8221; tc_enable_overlay=&#8221;true&#8221; css=&#8221;.vc_custom_1487972420862{padding-top: 30px !important;padding-bottom: 40px !important;}&#8221; el_class=&#8221;action-box m-b-none theme-bg-color&#8221;][vc_column width=&#8221;2\/3&#8243;][vc_column_text] M\u00fcnih Almanca \u00f6\u011frenmek ister misiniz? M\u00fcnih&#8217;de almanca kursu, okulumuzda almanca \u00f6\u011frenmek &#8211; Almanca \u00f6\u011frenmek. [\/vc_column_text][\/vc_column][vc_column width=&#8221;1\/3&#8243; css=&#8221;.vc_custom_1481804430561{padding-top: 15px !important;}&#8221; el_class=&#8221;text-right&#8221;][\/vc_column][\/vc_row][vc_row css=&#8221;.vc_custom_1486321552684{margin-top: 20px !important;}&#8221;][vc_column][vc_column_text] M\u00fcnih&#8217;de almanca kursu, okulumuzda&hellip; <a class=\"read-more\" href=\"https:\/\/www.sprachschule-aktiv-muenchen.de\/tr\/\" title=\"Read Home 3 &#8211; Corporate\">Read more &raquo;<\/a><\/p>\n","protected":false},"author":2,"featured_media":0,"parent":0,"menu_order":5,"comment_status":"closed","ping_status":"closed","template":"","meta":{"footnotes":""},"class_list":["post-11123","page","type-page","status-publish","hentry"],"yoast_head":"<!-- This site is optimized with the Yoast SEO plugin v27.1.1 - https:\/\/yoast.com\/product\/yoast-seo-wordpress\/ -->\n<title>Almanca \u00f6\u011frenmek - M\u00fcnih&#039;de almanca kursu<\/title>\n<meta name=\"description\" content=\"M\u00fcnih&#039;de almanca kursu, okulumuzda almanca \u00f6\u011frenmek. M\u00fcnih&#039;de almanca kursu. Almanca \u00f6\u011frenmek M\u00fcnih\" \/>\n<meta name=\"robots\" content=\"index, follow, max-snippet:-1, max-image-preview:large, max-video-preview:-1\" \/>\n<link rel=\"canonical\" href=\"https:\/\/www.sprachschule-aktiv-muenchen.de\/tr\/\" \/>\n<meta property=\"og:locale\" content=\"tr_TR\" \/>\n<meta property=\"og:type\" content=\"article\" \/>\n<meta property=\"og:title\" content=\"Almanca \u00f6\u011frenmek - M\u00fcnih&#039;de almanca kursu\" \/>\n<meta property=\"og:description\" content=\"M\u00fcnih&#039;de almanca kursu, okulumuzda almanca \u00f6\u011frenmek. M\u00fcnih&#039;de almanca kursu. Almanca \u00f6\u011frenmek M\u00fcnih\" \/>\n<meta property=\"og:url\" content=\"https:\/\/www.sprachschule-aktiv-muenchen.de\/tr\/\" \/>\n<meta property=\"og:site_name\" content=\"Sprachschule Aktiv\" \/>\n<meta property=\"article:modified_time\" content=\"2022-12-23T09:36:37+00:00\" \/>\n<meta name=\"twitter:card\" content=\"summary_large_image\" \/>\n<meta name=\"twitter:label1\" content=\"Tahmini okuma s\u00fcresi\" \/>\n\t<meta name=\"twitter:data1\" content=\"4 dakika\" \/>\n<script type=\"application\/ld+json\" class=\"yoast-schema-graph\">{\"@context\":\"https:\/\/schema.org\",\"@graph\":[{\"@type\":\"WebPage\",\"@id\":\"https:\/\/www.sprachschule-aktiv-muenchen.de\/tr\/\",\"url\":\"https:\/\/www.sprachschule-aktiv-muenchen.de\/tr\/\",\"name\":\"Almanca \u00f6\u011frenmek - M\u00fcnih'de almanca kursu\",\"isPartOf\":{\"@id\":\"https:\/\/www.sprachschule-aktiv-muenchen.de\/#website\"},\"datePublished\":\"2016-08-11T12:35:27+00:00\",\"dateModified\":\"2022-12-23T09:36:37+00:00\",\"description\":\"M\u00fcnih'de almanca kursu, okulumuzda almanca \u00f6\u011frenmek. M\u00fcnih'de almanca kursu. Almanca \u00f6\u011frenmek M\u00fcnih\",\"breadcrumb\":{\"@id\":\"https:\/\/www.sprachschule-aktiv-muenchen.de\/tr\/#breadcrumb\"},\"inLanguage\":\"tr\",\"potentialAction\":[{\"@type\":\"ReadAction\",\"target\":[\"https:\/\/www.sprachschule-aktiv-muenchen.de\/tr\/\"]}]},{\"@type\":\"BreadcrumbList\",\"@id\":\"https:\/\/www.sprachschule-aktiv-muenchen.de\/tr\/#breadcrumb\",\"itemListElement\":[{\"@type\":\"ListItem\",\"position\":1,\"name\":\"Portada\",\"item\":\"https:\/\/www.sprachschule-aktiv-muenchen.de\/tr\/\"},{\"@type\":\"ListItem\",\"position\":2,\"name\":\"Home 3 &#8211; Corporate\"}]},{\"@type\":\"WebSite\",\"@id\":\"https:\/\/www.sprachschule-aktiv-muenchen.de\/#website\",\"url\":\"https:\/\/www.sprachschule-aktiv-muenchen.de\/\",\"name\":\"Sprachschule Aktiv\",\"description\":\"\",\"potentialAction\":[{\"@type\":\"SearchAction\",\"target\":{\"@type\":\"EntryPoint\",\"urlTemplate\":\"https:\/\/www.sprachschule-aktiv-muenchen.de\/?s={search_term_string}\"},\"query-input\":{\"@type\":\"PropertyValueSpecification\",\"valueRequired\":true,\"valueName\":\"search_term_string\"}}],\"inLanguage\":\"tr\"}]}<\/script>\n<!-- \/ Yoast SEO plugin. -->","yoast_head_json":{"title":"Almanca \u00f6\u011frenmek - M\u00fcnih'de almanca kursu","description":"M\u00fcnih'de almanca kursu, okulumuzda almanca \u00f6\u011frenmek. M\u00fcnih'de almanca kursu. Almanca \u00f6\u011frenmek M\u00fcnih","robots":{"index":"index","follow":"follow","max-snippet":"max-snippet:-1","max-image-preview":"max-image-preview:large","max-video-preview":"max-video-preview:-1"},"canonical":"https:\/\/www.sprachschule-aktiv-muenchen.de\/tr\/","og_locale":"tr_TR","og_type":"article","og_title":"Almanca \u00f6\u011frenmek - M\u00fcnih'de almanca kursu","og_description":"M\u00fcnih'de almanca kursu, okulumuzda almanca \u00f6\u011frenmek. M\u00fcnih'de almanca kursu. Almanca \u00f6\u011frenmek M\u00fcnih","og_url":"https:\/\/www.sprachschule-aktiv-muenchen.de\/tr\/","og_site_name":"Sprachschule Aktiv","article_modified_time":"2022-12-23T09:36:37+00:00","twitter_card":"summary_large_image","twitter_misc":{"Tahmini okuma s\u00fcresi":"4 dakika"},"schema":{"@context":"https:\/\/schema.org","@graph":[{"@type":"WebPage","@id":"https:\/\/www.sprachschule-aktiv-muenchen.de\/tr\/","url":"https:\/\/www.sprachschule-aktiv-muenchen.de\/tr\/","name":"Almanca \u00f6\u011frenmek - M\u00fcnih'de almanca kursu","isPartOf":{"@id":"https:\/\/www.sprachschule-aktiv-muenchen.de\/#website"},"datePublished":"2016-08-11T12:35:27+00:00","dateModified":"2022-12-23T09:36:37+00:00","description":"M\u00fcnih'de almanca kursu, okulumuzda almanca \u00f6\u011frenmek. M\u00fcnih'de almanca kursu. Almanca \u00f6\u011frenmek M\u00fcnih","breadcrumb":{"@id":"https:\/\/www.sprachschule-aktiv-muenchen.de\/tr\/#breadcrumb"},"inLanguage":"tr","potentialAction":[{"@type":"ReadAction","target":["https:\/\/www.sprachschule-aktiv-muenchen.de\/tr\/"]}]},{"@type":"BreadcrumbList","@id":"https:\/\/www.sprachschule-aktiv-muenchen.de\/tr\/#breadcrumb","itemListElement":[{"@type":"ListItem","position":1,"name":"Portada","item":"https:\/\/www.sprachschule-aktiv-muenchen.de\/tr\/"},{"@type":"ListItem","position":2,"name":"Home 3 &#8211; Corporate"}]},{"@type":"WebSite","@id":"https:\/\/www.sprachschule-aktiv-muenchen.de\/#website","url":"https:\/\/www.sprachschule-aktiv-muenchen.de\/","name":"Sprachschule Aktiv","description":"","potentialAction":[{"@type":"SearchAction","target":{"@type":"EntryPoint","urlTemplate":"https:\/\/www.sprachschule-aktiv-muenchen.de\/?s={search_term_string}"},"query-input":{"@type":"PropertyValueSpecification","valueRequired":true,"valueName":"search_term_string"}}],"inLanguage":"tr"}]}},"_links":{"self":[{"href":"https:\/\/www.sprachschule-aktiv-muenchen.de\/tr\/wp-json\/wp\/v2\/pages\/11123","targetHints":{"allow":["GET"]}}],"collection":[{"href":"https:\/\/www.sprachschule-aktiv-muenchen.de\/tr\/wp-json\/wp\/v2\/pages"}],"about":[{"href":"https:\/\/www.sprachschule-aktiv-muenchen.de\/tr\/wp-json\/wp\/v2\/types\/page"}],"author":[{"embeddable":true,"href":"https:\/\/www.sprachschule-aktiv-muenchen.de\/tr\/wp-json\/wp\/v2\/users\/2"}],"replies":[{"embeddable":true,"href":"https:\/\/www.sprachschule-aktiv-muenchen.de\/tr\/wp-json\/wp\/v2\/comments?post=11123"}],"version-history":[{"count":6,"href":"https:\/\/www.sprachschule-aktiv-muenchen.de\/tr\/wp-json\/wp\/v2\/pages\/11123\/revisions"}],"predecessor-version":[{"id":72579,"href":"https:\/\/www.sprachschule-aktiv-muenchen.de\/tr\/wp-json\/wp\/v2\/pages\/11123\/revisions\/72579"}],"wp:attachment":[{"href":"https:\/\/www.sprachschule-aktiv-muenchen.de\/tr\/wp-json\/wp\/v2\/media?parent=11123"}],"curies":[{"name":"wp","href":"https:\/\/api.w.org\/{rel}","templated":true}]}}