{"id":11293,"date":"2016-08-11T12:35:27","date_gmt":"2016-08-11T12:35:27","guid":{"rendered":"https:\/\/www.sprachschule-aktiv-muenchen.de\/home-3-corporate\/"},"modified":"2022-12-29T17:03:22","modified_gmt":"2022-12-29T16:03:22","slug":"home-3-corporate","status":"publish","type":"page","link":"https:\/\/www.sprachschule-aktiv-muenchen.de\/sv\/","title":{"rendered":"Home 3 &#8211; Corporate"},"content":{"rendered":"<p>[vc_row full_width=&#8221;stretch_row_content_no_spaces&#8221; equal_height=&#8221;yes&#8221; tc_enable_overlay=&#8221;true&#8221; css=&#8221;.vc_custom_1603178803474{background-position: center !important;background-repeat: no-repeat !important;background-size: cover !important;}&#8221;][vc_column][vc_single_image image=&#8221;59508&#8243; img_size=&#8221;full&#8221; onclick=&#8221;custom_link&#8221; link=&#8221;https:\/\/www.sprachschule-aktiv-muenchen.de\/sv\/bli-medlem\/&#8221;][\/vc_column][\/vc_row][vc_row full_width=&#8221;stretch_row&#8221; equal_height=&#8221;yes&#8221; content_placement=&#8221;middle&#8221; tc_enable_overlay=&#8221;true&#8221; css=&#8221;.vc_custom_1487979657855{padding-top: 30px !important;padding-bottom: 30px !important;}&#8221; el_class=&#8221;action-box m-b-none theme-bg-color&#8221;][vc_column width=&#8221;2\/3&#8243;][vc_column_text]<\/p>\n<h3 class=\"text-white\">Vill du l\u00e4ra dig tyska i M\u00fcnchen?<\/h3>\n<p class=\"text-white\">Spr\u00e5kkurser i Tyska &#8211; L\u00e4r tyska p\u00e5 v\u00e5ra spr\u00e5kskolor i M\u00fcnchen.<\/p>\n<p>[\/vc_column_text][\/vc_column][vc_column width=&#8221;1\/3&#8243; css=&#8221;.vc_custom_1481804430561{padding-top: 15px !important;}&#8221; el_class=&#8221;text-right&#8221;]\t<div class=\"vc_btn3-container vc_btn3-inline\">\r\n\t\t<a href=\"\/sv\/kontakt\/\" class=\"pgs_btn pgs_btn_style_3 pgs_btn_lg\">\r\n\t\t\t<span>\r\n\t\t\t\tKontakta oss\t\t\t<\/span>\r\n\t\t\t\t\t\t<i class=\"fa fa-hand-o-right\"><\/i>\r\n\t\t\t\t\t<\/a>\r\n\t<\/div>\r\n\t[\/vc_column][\/vc_row][vc_row css=&#8221;.vc_custom_1486321552684{margin-top: 20px !important;}&#8221;][vc_column][vc_column_text]<\/p>\n<h1>Spr\u00e5kkurser i Tyska &#8211; L\u00e4r tyska p\u00e5 v\u00e5ra spr\u00e5kskolor i M\u00fcnchen<\/h1>\n<p>Tyska kurs i Munich. Varf\u00f6r inte l\u00e4ra tyska i M\u00fcnchen och f\u00f6rb\u00e4ttra dina privata utsikter och yrkesperspektiv. Spr\u00e5kkurser i Tyska.<\/p>\n<p>L\u00e4r tyska p\u00e5 v\u00e5ra spr\u00e5kskolor i M\u00fcnchen.<\/p>\n<p>Tyskundervisning f\u00f6r grupper, privatpersoner, par, eller f\u00f6retag i hela Tyskland.<br \/>\nV\u00e5rt erbjudande: 1 m\u00e5nad (4 veckor)- 4 timmar dagligen f\u00f6r bara 499 Euro.<\/p>\n<p>[\/vc_column_text][\/vc_column][\/vc_row][vc_row full_width=&#8221;stretch_row_content_no_spaces&#8221; tc_enable_overlay=&#8221;true&#8221; css=&#8221;.vc_custom_1487977931302{padding-top: 30px !important;padding-bottom: 30px !important;background-image: url(https:\/\/www.sprachschule-aktiv-muenchen.de\/wp-content\/uploads\/2016\/08\/kurz-nemciny-v-mnichove-ucit-se-nemecky-v-mnichove.jpg?id=11204) !important;background-position: center !important;background-repeat: no-repeat !important;background-size: cover !important;}&#8221; el_class=&#8221;xs-pd-lr&#8221;][vc_column width=&#8221;3\/4&#8243; offset=&#8221;vc_col-lg-offset-1 vc_col-lg-6 vc_col-md-offset-1 vc_col-md-10 vc_col-sm-offset-1 vc_col-xs-12&#8243;][vc_column_text]<\/p>\n<h2>Tyskundervisning i M\u00fcnchen &#8211; kom och tala med oss!<\/h2>\n<p>Varf\u00f6r inte l\u00e4ra tyska i M\u00fcnchen eller Frankfurt och f\u00f6rb\u00e4ttra dina privata utsikter och yrkesperspektiv. Vid v\u00e5ra spr\u00e5kskolor i M\u00fcnchen och Frankfurt erbjuder vi dig olika typer av undervisning i tyska. F\u00f6r att fastst\u00e4lla din kunskapsniv\u00e5 bjuder vi dig g\u00e4rna till gratis och helt of\u00f6rbindlig provundervisning. Under ett personligt samtal med oss f\u00e5r du en m\u00f6jlighet att l\u00e4ra k\u00e4nna oss och vi kan fastst\u00e4lla niv\u00e5n f\u00f6r dina spr\u00e5kkunskaper. In anslutning till indelning i p\u00e5 en passande kursniv\u00e5 kan du sedan v\u00e4lja mellan olika typer av undervisning i M\u00fcnchen och Frankfurt. Vi erbjuder bland annat individuell undervisning, intensivkurser, parundervisning, konversations\u00f6vningar, undervisning p\u00e5 veckoslut, spr\u00e5kkurser f\u00f6r f\u00f6retag och kurser i aff\u00e4rstyska.[\/vc_column_text]\t<div class=\"vc_btn3-container vc_btn3-inline\">\r\n\t\t<a href=\"\/sv\/kontakt\/\" class=\"pgs_btn pgs_btn_style_1 pgs_btn_md  vc_custom_1487977602299\">\r\n\t\t\t<span>\r\n\t\t\t\tVill du l\u00e4ra dig tyska? Kontakta oss!\t\t\t<\/span>\r\n\t\t\t\t\t\t<i class=\"fa fa-pencil-square-o\"><\/i>\r\n\t\t\t\t\t<\/a>\r\n\t<\/div>\r\n\t[\/vc_column][vc_column width=&#8221;1\/4&#8243; offset=&#8221;vc_col-lg-5 vc_col-md-2 vc_hidden-sm vc_col-xs-12 vc_hidden-xs&#8221;][\/vc_column][\/vc_row][vc_row css=&#8221;.vc_custom_1487971941655{padding-top: 25px !important;}&#8221;][vc_column][vc_column_text]<\/p>\n<h2>V\u00e5ra Tyskkurser<\/h2>\n<p>Spr\u00e5kkursen &#8216;Tyska f\u00f6r Aff\u00e4rslivet&#8217; i M\u00fcnchen eller Frankfurt \u00e4r riktad f\u00f6r alla som vill utveckla sina kompetenser p\u00e5 den internationella arbetsmarknaden. Varje deltagare erh\u00e5ller efter avslutad utbildning ett spr\u00e5kcertifikat. Om du best\u00e4mmer dig f\u00f6r att l\u00e4ra tyska hos oss, antingen i M\u00fcnchen eller i Frankfurt, d\u00e5 kan vi erbjuda dig undervisning i tyska enligt den gemensamma europeiska referensramen f\u00f6r spr\u00e5k. Genom ett internationell erk\u00e4nnt certifikat st\u00e5r d\u00f6rren till den tysktalande v\u00e4rlden vid\u00f6ppen.[\/vc_column_text][\/vc_column][\/vc_row][vc_row css=&#8221;.vc_custom_1484754678947{padding-bottom: 10px !important;}&#8221;][vc_column width=&#8221;1\/2&#8243;][vc_video link=&#8221;https:\/\/youtu.be\/3COnuIj0gzY&#8221; css=&#8221;.vc_custom_1671788284937{padding-top: 10px !important;}&#8221;][\/vc_column][vc_column width=&#8221;1\/2&#8243;][vc_column_text]Hos oss l\u00e4r du dig tyska i en professionel omgivning. V\u00e5rt l\u00e4rarteam best\u00e5r uteslutande av l\u00e4rare med akademisk utbildning och alla v\u00e5ra l\u00e4rare innehar en fler\u00e5rig erfarenhet fr\u00e5n undervisning i tyska. Detta garanterar dig optimala f\u00f6ruts\u00e4ttningar att l\u00e4ra dig det tyska spr\u00e5ket. F\u00f6rutom f\u00f6rmedlingen av en spr\u00e5klig kompetens vill vi ocks\u00e5 inviga dig i den tyska kulturen och informera dig om dess s\u00e4rart. D\u00e4rigenom kommer du b\u00e4ttre att kunna f\u00f6rst\u00e5 och kommunicera med dina internationella aff\u00e4rspartner, kollegor och kunder.<\/p>\n<p>Pengarna-tillbaka-garanti: Skulle du inte vara till 100% n\u00f6jd med v\u00e5rt produkt, stryker vi din anm\u00e4lan utan n\u00e5gra extra avgifter. Du beh\u00f6ver inte heller n\u00e4rmare f\u00f6rklara ditt beslut. Vi \u00e5terbetalar naturligtvis den redan inbetalda kursavgiften.[\/vc_column_text][\/vc_column][\/vc_row][vc_row full_width=&#8221;stretch_row&#8221; tc_enable_overlay=&#8221;true&#8221; css=&#8221;.vc_custom_1487972460773{padding-top: 30px !important;padding-bottom: 30px !important;background-color: #f9f9f9 !important;}&#8221;][vc_column][vc_row_inner][vc_column_inner width=&#8221;1\/2&#8243;][vc_column_text]<\/p>\n<h2>Varf\u00f6r bes\u00f6ka en tyskkurs i M\u00fcnchen?<\/h2>\n<p>Det finns sj\u00e4lvklart ett flertal anledningar att v\u00e4lja att bes\u00f6ka en tyskkurs i M\u00fcnchen. I M\u00fcnchen med omgivning hittar du Tysklands finaste sj\u00f6ar. Du upplever v\u00e4rldsber\u00f6mda sev\u00e4rdheter och njuter av en omtalad vacker natur. Varf\u00f6r inte bes\u00f6ka det imponerande och vackra slottet Neuschwanstein, eller njuta av utsikten fr\u00e5n Tysklands h\u00f6gsta berg Zugspitze, eller kanske g\u00f6ra en utflykt till Starnberger-sj\u00f6n eller vandra mitt i de bajerska Alperna. Marienplatz med sin ber\u00f6mda klockspel och p\u00e5 Viktolianmarkt med gr\u00f6nsaker och frukt fr\u00e5n hela v\u00e4rlden \u00e4r bara n\u00e5gra f\u00e5 saker att se i M\u00fcnchen. R\u00e4kna d\u00e4rtill Olympiacentrum, slottet i Nymphenburg och \u00f6ver 100 museer och 470 minnesm\u00e4rkta platser. M\u00fcnchen garanterar s\u00e5ledess ett rikt och varierande utbud av kultur. Nattlivet, festerna och evenemang \u00e4r ocks\u00e5 en levande del av M\u00fcnchen. Oktoberfest, men ocks\u00e5 mer ok\u00e4nda Tollwood-Festival, flera exotiska restauranger och fester, kanske vid vattnet utmed floden Isar, fullbordar ditt n\u00f6jesprogram och g\u00f6r vistelsen i M\u00fcnchen till en of\u00f6rgl\u00f6mlig tid.<\/p>\n<p>Vi fr\u00e5n Sprachschule Aktiv organiserar d\u00e4rtill ett omv\u00e4xlande fritidsprogram med m\u00f6ten och fester tillsammans med intressanta m\u00e4nniskor. D\u00e4rmed kan du aktivt anv\u00e4nda dina nya spr\u00e5kkunskaper direkt i samklang med dina nya v\u00e4nner.[\/vc_column_text][\/vc_column_inner][vc_column_inner width=&#8221;1\/2&#8243;][vc_single_image image=&#8221;11350&#8243; img_size=&#8221;full&#8221; alignment=&#8221;center&#8221; style=&#8221;vc_box_outline&#8221; css=&#8221;.vc_custom_1508820218436{padding-top: 20px !important;}&#8221;][\/vc_column_inner][\/vc_row_inner][\/vc_column][\/vc_row][vc_row full_width=&#8221;stretch_row&#8221; tc_enable_overlay=&#8221;true&#8221; css=&#8221;.vc_custom_1487975240004{padding-top: 30px !important;padding-bottom: 30px !important;}&#8221;][vc_column width=&#8221;1\/2&#8243;][vc_column_text]<\/p>\n<h2>Varf\u00f6r bes\u00f6ka en tyskkurs: N\u00e5gra fakta<\/h2>\n<p>Fler \u00e4n 120 miljoner i Tyskland, \u00d6sterrike, Schweiz, Lichtenstein, Luxemburg, Belgien, Norditalien och \u00f6stra Frankrike talar tyska, och det blir dagligen \u00e4nnu fler.<\/p>\n<p>Tyska \u00e4r ett utav EU:s k\u00e4rnspr\u00e5k.<br \/>\nKunskaper i Tyska f\u00f6rb\u00e4ttrar dina m\u00f6jligheter p\u00e5 den internationella arbetsmarknaden.<\/p>\n<p>Tyska spr\u00e5ket blir allt vanligare i Osteuropa och det har d\u00e4r redan blivit till ett naturligt s\u00e4tt att kommunicera med varandra.<\/p>\n<p>Sprachschule Aktiv<br \/>\nHe\u00dfstr. 90<br \/>\n80797 M\u00fcnchen<br \/>\nTel.: 089\/20 06 24 35<br \/>\nTel.: 089\/20 06 24 36<br \/>\nE-Mail: kontakt@sprachschule-aktiv.de[\/vc_column_text][\/vc_column][vc_column width=&#8221;1\/2&#8243;][vc_video link=&#8221;https:\/\/youtu.be\/O8OSUHbmfWQ&#8221;][\/vc_column][\/vc_row][vc_row full_width=&#8221;stretch_row&#8221; tc_enable_overlay=&#8221;true&#8221; el_class=&#8221;contact-6 theme-bg-color&#8221; css=&#8221;.vc_custom_1484755280803{padding-top: 50px !important;padding-bottom: 20px !important;}&#8221;][vc_column width=&#8221;1\/3&#8243;][vc_raw_html]JTNDZGl2JTIwY2xhc3MlM0QlMjJmZWF0dXJlLTglMjBjbGVhcmZpeCUyMiUzRSUwQSUyMCUyMCUyMCUyMCUyMCUyMCUyMCUyMCUyMCUzQ2RpdiUyMGNsYXNzJTNEJTIyZmVhdHVyZS04LXRpdGxlJTIyJTNFJTBBJTIwJTIwJTIwJTIwJTIwJTIwJTIwJTIwJTIwJTIwJTNDc3BhbiUyMGNsYXNzJTNEJTIyZmElMjBmYS1wZW5jaWwlMjIlMjBhcmlhLWhpZGRlbiUzRCUyMnRydWUlMjIlM0UlM0MlMkZzcGFuJTNFJTBBJTIwJTIwJTIwJTIwJTIwJTIwJTIwJTIwJTIwJTNDJTJGZGl2JTNFJTBBJTIwJTIwJTIwJTIwJTIwJTIwJTIwJTIwJTNDZGl2JTIwY2xhc3MlM0QlMjJmZWF0dXJlLTgtaW5mbyUyMiUzRSUwQSUyMCUyMCUyMCUyMCUyMCUyMCUyMCUyMCUyMCUzQ2g0JTIwY2xhc3MlM0QlMjJ0ZXh0LXdoaXRlJTIyJTNFViVDMyVBNXJhJTIwc2tvbG9yJTNDJTJGaDQlM0UlMjAlMEElMjAlMjAlMjAlMjAlMjAlMjAlMjAlMjAlMjAlM0NwJTIwY2xhc3MlM0QlMjJ0ZXh0LXdoaXRlJTIyJTNFSGUlQzMlOUZzdHJhJUMzJTlGZSUyMDkwLiUyMDgwNzk3JTIwTSVDMyVCQ25jaGVuJTNDYnIlMkYlM0VUZWdlcm5zZWVyJTIwTGFuZHN0ci4lMjAxMzUuJTIwODE1MzklMjBNJUMzJUJDbmNoZW4lM0MlMkZwJTNFJTBBJTIwJTIwJTIwJTIwJTIwJTIwJTIwJTNDJTJGZGl2JTNFJTBBJTIwJTIwJTIwJTIwJTIwJTIwJTNDJTJGZGl2JTNF[\/vc_raw_html][\/vc_column][vc_column width=&#8221;1\/3&#8243;][vc_raw_html]JTNDZGl2JTIwY2xhc3MlM0QlMjJmZWF0dXJlLTglMjBjbGVhcmZpeCUyMiUzRSUwQSUyMCUyMCUyMCUyMCUyMCUyMCUyMCUyMCUyMCUyMCUyMCUzQ2RpdiUyMGNsYXNzJTNEJTIyZmVhdHVyZS04LXRpdGxlJTIyJTNFJTBBJTIwJTIwJTIwJTIwJTIwJTIwJTIwJTIwJTIwJTIwJTIwJTIwJTNDc3BhbiUyMGNsYXNzJTNEJTIyaWNvbi1zY3JlZW4tc21hcnRwaG9uZSUyMiUyMGFyaWEtaGlkZGVuJTNEJTIydHJ1ZSUyMiUzRSUzQyUyRnNwYW4lM0UlMEElMjAlMjAlMjAlMjAlMjAlMjAlMjAlMjAlMjAlMjAlMjAlM0MlMkZkaXYlM0UlMEElMjAlMjAlMjAlMjAlMjAlMjAlMjAlMjAlMjAlMjAlM0NkaXYlMjBjbGFzcyUzRCUyMmZlYXR1cmUtOC1pbmZvJTIyJTNFJTBBJTIwJTIwJTIwJTIwJTIwJTIwJTIwJTIwJTIwJTIwJTIwJTNDaDQlMjBjbGFzcyUzRCUyMnRleHQtd2hpdGUlMjIlM0VSaW5nJTIwb3NzJTIxJTNDJTJGaDQlM0UlMEElMjAlMjAlMjAlMjAlMjAlMjAlMjAlMjAlMjAlMjAlMjAlM0NwJTIwY2xhc3MlM0QlMjJ0ZXh0LXdoaXRlJTIyJTNFJTIwJTIwMDg5JTJGMjAlMjAwNiUyMDI0JTIwMzUlMjAlM0NiciUyRiUzRSUyMDA4OSUyRjIwJTIwMDYlMjAyNCUyMDM2JTNDYnIlMkYlM0UlMEElMjAlMjAlMjAlMjAlMjAlMjAlMjAlMjAlMjAlMjAlMjAlMjAlMjAlMjAlM0NiJTNFMDklM0EwMCUyMFVociVFMiU4MCU5MyUyMDE4JTNBMDAlMjBVaHIlMjAlM0MlMkZiJTNFJTNDJTJGcCUzRSUwQSUyMCUyMCUyMCUyMCUyMCUyMCUyMCUyMCUyMCUzQyUyRmRpdiUzRSUwQSUyMCUyMCUyMCUyMCUyMCUyMCUyMCUzQyUyRmRpdiUzRQ==[\/vc_raw_html][\/vc_column][vc_column width=&#8221;1\/3&#8243;][vc_raw_html]JTNDZGl2JTIwY2xhc3MlM0QlMjJmZWF0dXJlLTglMjBjbGVhcmZpeCUyMiUzRSUwQSUyMCUyMCUyMCUyMCUyMCUyMCUyMCUyMCUyMCUzQ2RpdiUyMGNsYXNzJTNEJTIyZmVhdHVyZS04LXRpdGxlJTIyJTNFJTBBJTIwJTIwJTIwJTIwJTIwJTIwJTIwJTIwJTIwJTIwJTNDc3BhbiUyMGNsYXNzJTNEJTIyaWNvbi1lbnZlbG9wZSUyMiUyMGFyaWEtaGlkZGVuJTNEJTIydHJ1ZSUyMiUzRSUzQyUyRnNwYW4lM0UlMEElMjAlMjAlMjAlMjAlMjAlMjAlMjAlMjAlMjAlM0MlMkZkaXYlM0UlMEElMjAlMjAlMjAlMjAlMjAlMjAlMjAlMjAlM0NkaXYlMjBjbGFzcyUzRCUyMmZlYXR1cmUtOC1pbmZvJTIyJTNFJTBBJTIwJTIwJTIwJTIwJTIwJTIwJTIwJTIwJTIwJTNDaDQlMjBjbGFzcyUzRCUyMnRleHQtd2hpdGUlMjIlM0VTa3JpdiUyMHRpbGwlMjBvc3MlMjElM0MlMkZoNCUzRSUwQSUyMCUyMCUyMCUyMCUyMCUyMCUyMCUyMCUyMCUzQ3AlMjBjbGFzcyUzRCUyMnRleHQtd2hpdGUlMjIlM0Vrb250YWt0JTQwc3ByYWNoc2NodWxlLWFrdGl2LmRlJTBBJTIwJTIwJTIwJTIwJTIwJTNDJTJGcCUzRSUwQSUyMCUyMCUyMCUyMCUyMCUyMCUyMCUzQyUyRmRpdiUzRSUwQSUyMCUyMCUyMCUyMCUyMCUyMCUzQyUyRmRpdiUzRQ==[\/vc_raw_html][\/vc_column][\/vc_row]<\/p>\n","protected":false},"excerpt":{"rendered":"<p>[vc_row full_width=&#8221;stretch_row_content_no_spaces&#8221; equal_height=&#8221;yes&#8221; tc_enable_overlay=&#8221;true&#8221; css=&#8221;.vc_custom_1603178803474{background-position: center !important;background-repeat: no-repeat !important;background-size: cover !important;}&#8221;][vc_column][vc_single_image image=&#8221;59508&#8243; img_size=&#8221;full&#8221; onclick=&#8221;custom_link&#8221; link=&#8221;https:\/\/www.sprachschule-aktiv-muenchen.de\/sv\/bli-medlem\/&#8221;][\/vc_column][\/vc_row][vc_row full_width=&#8221;stretch_row&#8221; equal_height=&#8221;yes&#8221; content_placement=&#8221;middle&#8221; tc_enable_overlay=&#8221;true&#8221; css=&#8221;.vc_custom_1487979657855{padding-top: 30px !important;padding-bottom: 30px !important;}&#8221; el_class=&#8221;action-box m-b-none theme-bg-color&#8221;][vc_column width=&#8221;2\/3&#8243;][vc_column_text] Vill du l\u00e4ra dig tyska i M\u00fcnchen? Spr\u00e5kkurser i Tyska &#8211; L\u00e4r tyska p\u00e5 v\u00e5ra spr\u00e5kskolor i M\u00fcnchen. [\/vc_column_text][\/vc_column][vc_column width=&#8221;1\/3&#8243; css=&#8221;.vc_custom_1481804430561{padding-top: 15px !important;}&#8221; el_class=&#8221;text-right&#8221;][\/vc_column][\/vc_row][vc_row css=&#8221;.vc_custom_1486321552684{margin-top: 20px !important;}&#8221;][vc_column][vc_column_text]&hellip; <a class=\"read-more\" href=\"https:\/\/www.sprachschule-aktiv-muenchen.de\/sv\/\" title=\"Read Home 3 &#8211; Corporate\">Read more &raquo;<\/a><\/p>\n","protected":false},"author":2,"featured_media":0,"parent":0,"menu_order":5,"comment_status":"closed","ping_status":"closed","template":"","meta":{"footnotes":""},"class_list":["post-11293","page","type-page","status-publish","hentry"],"yoast_head":"<!-- This site is optimized with the Yoast SEO plugin v27.1.1 - https:\/\/yoast.com\/product\/yoast-seo-wordpress\/ -->\n<title>Tyska kurs i Munich - L\u00e4r tyska p\u00e5 v\u00e5ra spr\u00e5kskolor i M\u00fcnchen<\/title>\n<meta name=\"description\" content=\"Tyska kurs i Munich. Varf\u00f6r inte l\u00e4ra tyska i M\u00fcnchen och f\u00f6rb\u00e4ttra dina privata utsikter och yrkesperspektiv. Spr\u00e5kkurser i Tyska\" \/>\n<meta name=\"robots\" content=\"index, follow, max-snippet:-1, max-image-preview:large, max-video-preview:-1\" \/>\n<link rel=\"canonical\" href=\"https:\/\/www.sprachschule-aktiv-muenchen.de\/sv\/\" \/>\n<meta property=\"og:locale\" content=\"sv_SE\" \/>\n<meta property=\"og:type\" content=\"article\" \/>\n<meta property=\"og:title\" content=\"Tyska kurs i Munich - L\u00e4r tyska p\u00e5 v\u00e5ra spr\u00e5kskolor i M\u00fcnchen\" \/>\n<meta property=\"og:description\" content=\"Tyska kurs i Munich. Varf\u00f6r inte l\u00e4ra tyska i M\u00fcnchen och f\u00f6rb\u00e4ttra dina privata utsikter och yrkesperspektiv. Spr\u00e5kkurser i Tyska\" \/>\n<meta property=\"og:url\" content=\"https:\/\/www.sprachschule-aktiv-muenchen.de\/sv\/\" \/>\n<meta property=\"og:site_name\" content=\"Sprachschule Aktiv\" \/>\n<meta property=\"article:modified_time\" content=\"2022-12-29T16:03:22+00:00\" \/>\n<meta name=\"twitter:card\" content=\"summary_large_image\" \/>\n<meta name=\"twitter:label1\" content=\"Ber\u00e4knad l\u00e4stid\" \/>\n\t<meta name=\"twitter:data1\" content=\"5 minuter\" \/>\n<script type=\"application\/ld+json\" class=\"yoast-schema-graph\">{\"@context\":\"https:\/\/schema.org\",\"@graph\":[{\"@type\":\"WebPage\",\"@id\":\"https:\/\/www.sprachschule-aktiv-muenchen.de\/sv\/\",\"url\":\"https:\/\/www.sprachschule-aktiv-muenchen.de\/sv\/\",\"name\":\"Tyska kurs i Munich - L\u00e4r tyska p\u00e5 v\u00e5ra spr\u00e5kskolor i M\u00fcnchen\",\"isPartOf\":{\"@id\":\"https:\/\/www.sprachschule-aktiv-muenchen.de\/#website\"},\"datePublished\":\"2016-08-11T12:35:27+00:00\",\"dateModified\":\"2022-12-29T16:03:22+00:00\",\"description\":\"Tyska kurs i Munich. Varf\u00f6r inte l\u00e4ra tyska i M\u00fcnchen och f\u00f6rb\u00e4ttra dina privata utsikter och yrkesperspektiv. Spr\u00e5kkurser i Tyska\",\"breadcrumb\":{\"@id\":\"https:\/\/www.sprachschule-aktiv-muenchen.de\/sv\/#breadcrumb\"},\"inLanguage\":\"sv-SE\",\"potentialAction\":[{\"@type\":\"ReadAction\",\"target\":[\"https:\/\/www.sprachschule-aktiv-muenchen.de\/sv\/\"]}]},{\"@type\":\"BreadcrumbList\",\"@id\":\"https:\/\/www.sprachschule-aktiv-muenchen.de\/sv\/#breadcrumb\",\"itemListElement\":[{\"@type\":\"ListItem\",\"position\":1,\"name\":\"Portada\",\"item\":\"https:\/\/www.sprachschule-aktiv-muenchen.de\/sv\/\"},{\"@type\":\"ListItem\",\"position\":2,\"name\":\"Home 3 &#8211; Corporate\"}]},{\"@type\":\"WebSite\",\"@id\":\"https:\/\/www.sprachschule-aktiv-muenchen.de\/#website\",\"url\":\"https:\/\/www.sprachschule-aktiv-muenchen.de\/\",\"name\":\"Sprachschule Aktiv\",\"description\":\"\",\"potentialAction\":[{\"@type\":\"SearchAction\",\"target\":{\"@type\":\"EntryPoint\",\"urlTemplate\":\"https:\/\/www.sprachschule-aktiv-muenchen.de\/?s={search_term_string}\"},\"query-input\":{\"@type\":\"PropertyValueSpecification\",\"valueRequired\":true,\"valueName\":\"search_term_string\"}}],\"inLanguage\":\"sv-SE\"}]}<\/script>\n<!-- \/ Yoast SEO plugin. -->","yoast_head_json":{"title":"Tyska kurs i Munich - L\u00e4r tyska p\u00e5 v\u00e5ra spr\u00e5kskolor i M\u00fcnchen","description":"Tyska kurs i Munich. Varf\u00f6r inte l\u00e4ra tyska i M\u00fcnchen och f\u00f6rb\u00e4ttra dina privata utsikter och yrkesperspektiv. Spr\u00e5kkurser i Tyska","robots":{"index":"index","follow":"follow","max-snippet":"max-snippet:-1","max-image-preview":"max-image-preview:large","max-video-preview":"max-video-preview:-1"},"canonical":"https:\/\/www.sprachschule-aktiv-muenchen.de\/sv\/","og_locale":"sv_SE","og_type":"article","og_title":"Tyska kurs i Munich - L\u00e4r tyska p\u00e5 v\u00e5ra spr\u00e5kskolor i M\u00fcnchen","og_description":"Tyska kurs i Munich. Varf\u00f6r inte l\u00e4ra tyska i M\u00fcnchen och f\u00f6rb\u00e4ttra dina privata utsikter och yrkesperspektiv. Spr\u00e5kkurser i Tyska","og_url":"https:\/\/www.sprachschule-aktiv-muenchen.de\/sv\/","og_site_name":"Sprachschule Aktiv","article_modified_time":"2022-12-29T16:03:22+00:00","twitter_card":"summary_large_image","twitter_misc":{"Ber\u00e4knad l\u00e4stid":"5 minuter"},"schema":{"@context":"https:\/\/schema.org","@graph":[{"@type":"WebPage","@id":"https:\/\/www.sprachschule-aktiv-muenchen.de\/sv\/","url":"https:\/\/www.sprachschule-aktiv-muenchen.de\/sv\/","name":"Tyska kurs i Munich - L\u00e4r tyska p\u00e5 v\u00e5ra spr\u00e5kskolor i M\u00fcnchen","isPartOf":{"@id":"https:\/\/www.sprachschule-aktiv-muenchen.de\/#website"},"datePublished":"2016-08-11T12:35:27+00:00","dateModified":"2022-12-29T16:03:22+00:00","description":"Tyska kurs i Munich. Varf\u00f6r inte l\u00e4ra tyska i M\u00fcnchen och f\u00f6rb\u00e4ttra dina privata utsikter och yrkesperspektiv. Spr\u00e5kkurser i Tyska","breadcrumb":{"@id":"https:\/\/www.sprachschule-aktiv-muenchen.de\/sv\/#breadcrumb"},"inLanguage":"sv-SE","potentialAction":[{"@type":"ReadAction","target":["https:\/\/www.sprachschule-aktiv-muenchen.de\/sv\/"]}]},{"@type":"BreadcrumbList","@id":"https:\/\/www.sprachschule-aktiv-muenchen.de\/sv\/#breadcrumb","itemListElement":[{"@type":"ListItem","position":1,"name":"Portada","item":"https:\/\/www.sprachschule-aktiv-muenchen.de\/sv\/"},{"@type":"ListItem","position":2,"name":"Home 3 &#8211; Corporate"}]},{"@type":"WebSite","@id":"https:\/\/www.sprachschule-aktiv-muenchen.de\/#website","url":"https:\/\/www.sprachschule-aktiv-muenchen.de\/","name":"Sprachschule Aktiv","description":"","potentialAction":[{"@type":"SearchAction","target":{"@type":"EntryPoint","urlTemplate":"https:\/\/www.sprachschule-aktiv-muenchen.de\/?s={search_term_string}"},"query-input":{"@type":"PropertyValueSpecification","valueRequired":true,"valueName":"search_term_string"}}],"inLanguage":"sv-SE"}]}},"_links":{"self":[{"href":"https:\/\/www.sprachschule-aktiv-muenchen.de\/sv\/wp-json\/wp\/v2\/pages\/11293","targetHints":{"allow":["GET"]}}],"collection":[{"href":"https:\/\/www.sprachschule-aktiv-muenchen.de\/sv\/wp-json\/wp\/v2\/pages"}],"about":[{"href":"https:\/\/www.sprachschule-aktiv-muenchen.de\/sv\/wp-json\/wp\/v2\/types\/page"}],"author":[{"embeddable":true,"href":"https:\/\/www.sprachschule-aktiv-muenchen.de\/sv\/wp-json\/wp\/v2\/users\/2"}],"replies":[{"embeddable":true,"href":"https:\/\/www.sprachschule-aktiv-muenchen.de\/sv\/wp-json\/wp\/v2\/comments?post=11293"}],"version-history":[{"count":4,"href":"https:\/\/www.sprachschule-aktiv-muenchen.de\/sv\/wp-json\/wp\/v2\/pages\/11293\/revisions"}],"predecessor-version":[{"id":72984,"href":"https:\/\/www.sprachschule-aktiv-muenchen.de\/sv\/wp-json\/wp\/v2\/pages\/11293\/revisions\/72984"}],"wp:attachment":[{"href":"https:\/\/www.sprachschule-aktiv-muenchen.de\/sv\/wp-json\/wp\/v2\/media?parent=11293"}],"curies":[{"name":"wp","href":"https:\/\/api.w.org\/{rel}","templated":true}]}}