{"id":69,"date":"2022-06-26T17:09:23","date_gmt":"2022-06-26T15:09:23","guid":{"rendered":"https:\/\/www.sprachschule-aktiv-muenchen.de\/studieren-in-muenchen\/?page_id=69"},"modified":"2023-11-17T09:04:52","modified_gmt":"2023-11-17T08:04:52","slug":"impressum","status":"publish","type":"page","link":"https:\/\/www.sprachschule-aktiv-muenchen.de\/studieren-in-muenchen\/impressum\/","title":{"rendered":"Impressum \u2013 Sprachschule Aktiv M\u00fcnchen"},"content":{"rendered":"<p>[vc_row css=&#8221;.vc_custom_1488578295505{padding-top: 30px !important;padding-bottom: 30px !important;}&#8221;][vc_column][vc_column_text]<\/p>\n<h2>Impressum<\/h2>\n<p>Impressum der Sprachschule Aktiv M\u00fcnchen &#8211; Allgemeine Infos.[\/vc_column_text][vc_column_text]<\/p>\n<h3>Sprachschule Aktiv M\u00fcnchen<\/h3>\n<p><strong>Angaben gem\u00e4\u00df \u00a7 5 TMG:<\/strong><br \/>\nIryna Basarab &amp; Dina Kaminidi<br \/>\nGesch\u00e4ftsinhaber der Sprachschule Aktiv<br \/>\nHe\u00dfstra\u00dfe 90, 80797 M\u00fcnchen<\/p>\n<h2>Kontakt:<\/h2>\n<p>Telefon: 089-20062435<br \/>\nTelefax: 089-20062454<br \/>\nE-Mail: kontakt@sprachschule-aktiv.de<\/p>\n<h2>Umsatzsteuer:<\/h2>\n<p>Umsatzsteuer-Identifikationsnummer gem\u00e4\u00df \u00a727 a Umsatzsteuergesetz:<br \/>\nDE 347943232<\/p>\n<p>Steuernummer:<br \/>\n143\/503\/60868[\/vc_column_text][vc_column_text]<\/p>\n<h2>Streitschlichtung<\/h2>\n<p>Die Europ\u00e4ische Kommission stellt eine Plattform zur Online-Streitbeilegung (OS) bereit: <a href=\"https:\/\/ec.europa.eu\/consumers\/odr\" target=\"_blank\" rel=\"noopener noreferrer\">https:\/\/ec.europa.eu\/consumers\/odr<\/a> Unsere E-Mail-Adresse finden Sie oben im Impressum.<\/p>\n<p>Wir sind nicht bereit oder verpflichtet, an Streitbeilegungsverfahren vor einer Verbraucherschlichtungsstelle teilzunehmen.<\/p>\n<h2>Haftung f\u00fcr Inhalte<\/h2>\n<p>Als Diensteanbieter sind wir gem\u00e4\u00df \u00a7 7 Abs.1 TMG f\u00fcr eigene Inhalte auf diesen Seiten nach den allgemeinen Gesetzen verantwortlich. Nach \u00a7\u00a7 8 bis 10 TMG sind wir als Diensteanbieter jedoch nicht verpflichtet, \u00fcbermittelte oder gespeicherte fremde Informationen zu \u00fcberwachen oder nach Umst\u00e4nden zu forschen, die auf eine rechtswidrige T\u00e4tigkeit hinweisen.<\/p>\n<p>Verpflichtungen zur Entfernung oder Sperrung der Nutzung von Informationen nach den allgemeinen Gesetzen bleiben hiervon unber\u00fchrt. Eine diesbez\u00fcgliche Haftung ist jedoch erst ab dem Zeitpunkt der Kenntnis einer konkreten Rechtsverletzung m\u00f6glich. Bei Bekanntwerden von entsprechenden Rechtsverletzungen werden wir diese Inhalte umgehend entfernen.<\/p>\n<h2>Haftung f\u00fcr Links<\/h2>\n<p>Unser Angebot enth\u00e4lt Links zu externen Websites Dritter, auf deren Inhalte wir keinen Einfluss haben. Deshalb k\u00f6nnen wir f\u00fcr diese fremden Inhalte auch<br \/>\nkeine Gew\u00e4hr \u00fcbernehmen. F\u00fcr die Inhalte der verlinkten Seiten ist stets der jeweilige Anbieter oder Betreiber der Seiten verantwortlich. Die verlinkten Seiten wurden zum Zeitpunkt der Verlinkung auf m\u00f6gliche Rechtsverst\u00f6\u00dfe \u00fcberpr\u00fcft. Rechtswidrige Inhalte waren zum Zeitpunkt der Verlinkung nicht erkennbar.<\/p>\n<p>Eine permanente inhaltliche Kontrolle der verlinkten Seiten ist jedoch ohne konkrete Anhaltspunkte einer Rechtsverletzung nicht zumutbar. Bei<br \/>\nBekanntwerden von Rechtsverletzungen werden wir derartige Links umgehend entfernen.<\/p>\n<h2>Urheberrecht<\/h2>\n<p>Die durch die Seitenbetreiber erstellten Inhalte und Werke auf diesen Seiten unterliegen dem deutschen Urheberrecht. Die Vervielf\u00e4ltigung, Bearbeitung, Verbreitung und jede Art der Verwertung au\u00dferhalb der Grenzen des Urheberrechtes bed\u00fcrfen der schriftlichen Zustimmung des jeweiligen Autors bzw. Erstellers. Downloads und Kopien dieser Seite sind nur f\u00fcr den privaten, nicht kommerziellen Gebrauch gestattet.<\/p>\n<p>Soweit die Inhalte auf dieser Seite nicht vom Betreiber erstellt wurden, werden die Urheberrechte Dritter beachtet. Insbesondere werden Inhalte Dritter als solche gekennzeichnet. Sollten Sie trotzdem auf eine Urheberrechtsverletzung aufmerksam werden, bitten wir um einen entsprechenden Hinweis. Bei Bekanntwerden von Rechtsverletzungen werden wir derartige Inhalte umgehend entfernen.<br \/>\n[\/vc_column_text][vc_column_text]<\/p>\n<h3>Anfahrt<\/h3>\n<p>He\u00dfstr. 90, 80797 M\u00fcnchen.<br \/>\nMO-FR 08:00 bis 19:00 Uhr.[\/vc_column_text][vc_gmaps link=&#8221;#E-8_JTNDaWZyYW1lJTIwc3JjJTNEJTIyaHR0cHMlM0ElMkYlMkZ3d3cuZ29vZ2xlLmNvbSUyRm1hcHMlMkZlbWJlZCUzRnBiJTNEJTIxMW0xOCUyMTFtMTIlMjExbTMlMjExZDI2NjEuNzQ5Njg0NjY4ODMzJTIxMmQxMS41NTg0MDgxMTU4MTUyNSUyMTNkNDguMTUzNjMwODU4MDIxMzQ0JTIxMm0zJTIxMWYwJTIxMmYwJTIxM2YwJTIxM20yJTIxMWkxMDI0JTIxMmk3NjglMjE0ZjEzLjElMjEzbTMlMjExbTIlMjExczB4NDc5ZTc1ZTEyMTYxMGExZiUyNTNBMHhlNzI3ZThlMmQ4NTI2ZTQyJTIxMnNTcHJhY2hzY2h1bGUlMkJBa3RpdiUyQk0lMjVDMyUyNUJDbmNoZW4lMjE1ZTAlMjEzbTIlMjExc2RlJTIxMnNkZSUyMTR2MTQ4NjI4NjMxMjc0MiUyMiUyMHdpZHRoJTNEJTIyNjAwJTIyJTIwaGVpZ2h0JTNEJTIyMjAwJTIyJTIwZnJhbWVib3JkZXIlM0QlMjIwJTIyJTIwc3R5bGUlM0QlMjJib3JkZXIlM0EwJTIyJTIwYWxsb3dmdWxsc2NyZWVuJTNFJTNDJTJGaWZyYW1lJTNF&#8221;][\/vc_column][\/vc_row]<\/p>\n","protected":false},"excerpt":{"rendered":"<p>[vc_row css=&#8221;.vc_custom_1488578295505{padding-top: 30px !important;padding-bottom: 30px !important;}&#8221;][vc_column][vc_column_text] Impressum Impressum der Sprachschule Aktiv M\u00fcnchen &#8211; Allgemeine Infos.[\/vc_column_text][vc_column_text] Sprachschule Aktiv M\u00fcnchen Angaben gem\u00e4\u00df \u00a7 5 TMG: Iryna Basarab &amp; Dina Kaminidi Gesch\u00e4ftsinhaber der Sprachschule Aktiv He\u00dfstra\u00dfe 90, 80797 M\u00fcnchen Kontakt: Telefon: 089-20062435 Telefax: 089-20062454 E-Mail: kontakt@sprachschule-aktiv.de Umsatzsteuer: Umsatzsteuer-Identifikationsnummer gem\u00e4\u00df \u00a727 a Umsatzsteuergesetz: DE 347943232 Steuernummer: 143\/503\/60868[\/vc_column_text][vc_column_text] Streitschlichtung Die&hellip; <a class=\"read-more\" href=\"https:\/\/www.sprachschule-aktiv-muenchen.de\/studieren-in-muenchen\/impressum\/\" title=\"Read Impressum \u2013 Sprachschule Aktiv M\u00fcnchen\">Read more &raquo;<\/a><\/p>\n","protected":false},"author":1,"featured_media":0,"parent":0,"menu_order":0,"comment_status":"closed","ping_status":"closed","template":"","meta":{"footnotes":""},"class_list":["post-69","page","type-page","status-publish","hentry"],"yoast_head":"<!-- This site is optimized with the Yoast SEO plugin v21.4 - https:\/\/yoast.com\/wordpress\/plugins\/seo\/ -->\n<title>Impressum der Sprachschule Aktiv M\u00fcnchen - Allgemeine Infos - Studieren<\/title>\n<meta name=\"description\" content=\"Auf dieser Seite finden Sie das Impressum der Sprachschule Aktiv M\u00fcnchen. Sollten Sie weitere Fragen haben, benutzen Sie bitte unser Kontaktformular.\" \/>\n<meta name=\"robots\" content=\"index, follow, max-snippet:-1, max-image-preview:large, max-video-preview:-1\" \/>\n<link rel=\"canonical\" href=\"https:\/\/www.sprachschule-aktiv-muenchen.de\/studieren-in-muenchen\/impressum\/\" \/>\n<meta property=\"og:locale\" content=\"de_DE\" \/>\n<meta property=\"og:type\" content=\"article\" \/>\n<meta property=\"og:title\" content=\"Impressum der Sprachschule Aktiv M\u00fcnchen - Allgemeine Infos - Studieren\" \/>\n<meta property=\"og:description\" content=\"Auf dieser Seite finden Sie das Impressum der Sprachschule Aktiv M\u00fcnchen. Sollten Sie weitere Fragen haben, benutzen Sie bitte unser Kontaktformular.\" \/>\n<meta property=\"og:url\" content=\"https:\/\/www.sprachschule-aktiv-muenchen.de\/studieren-in-muenchen\/impressum\/\" \/>\n<meta property=\"og:site_name\" content=\"Studieren in M\u00fcnchen\" \/>\n<meta property=\"article:modified_time\" content=\"2023-11-17T08:04:52+00:00\" \/>\n<meta name=\"twitter:card\" content=\"summary_large_image\" \/>\n<meta name=\"twitter:label1\" content=\"Gesch\u00e4tzte Lesezeit\" \/>\n\t<meta name=\"twitter:data1\" content=\"3\u00a0Minuten\" \/>\n<script type=\"application\/ld+json\" class=\"yoast-schema-graph\">{\"@context\":\"https:\/\/schema.org\",\"@graph\":[{\"@type\":\"WebPage\",\"@id\":\"https:\/\/www.sprachschule-aktiv-muenchen.de\/studieren-in-muenchen\/impressum\/\",\"url\":\"https:\/\/www.sprachschule-aktiv-muenchen.de\/studieren-in-muenchen\/impressum\/\",\"name\":\"Impressum der Sprachschule Aktiv M\u00fcnchen - Allgemeine Infos - Studieren\",\"isPartOf\":{\"@id\":\"https:\/\/www.sprachschule-aktiv-muenchen.de\/studieren-in-muenchen\/#website\"},\"datePublished\":\"2022-06-26T15:09:23+00:00\",\"dateModified\":\"2023-11-17T08:04:52+00:00\",\"description\":\"Auf dieser Seite finden Sie das Impressum der Sprachschule Aktiv M\u00fcnchen. Sollten Sie weitere Fragen haben, benutzen Sie bitte unser Kontaktformular.\",\"breadcrumb\":{\"@id\":\"https:\/\/www.sprachschule-aktiv-muenchen.de\/studieren-in-muenchen\/impressum\/#breadcrumb\"},\"inLanguage\":\"de\",\"potentialAction\":[{\"@type\":\"ReadAction\",\"target\":[\"https:\/\/www.sprachschule-aktiv-muenchen.de\/studieren-in-muenchen\/impressum\/\"]}]},{\"@type\":\"BreadcrumbList\",\"@id\":\"https:\/\/www.sprachschule-aktiv-muenchen.de\/studieren-in-muenchen\/impressum\/#breadcrumb\",\"itemListElement\":[{\"@type\":\"ListItem\",\"position\":1,\"name\":\"Startseite\",\"item\":\"https:\/\/www.sprachschule-aktiv-muenchen.de\/studieren-in-muenchen\/\"},{\"@type\":\"ListItem\",\"position\":2,\"name\":\"Impressum \u2013 Sprachschule Aktiv M\u00fcnchen\"}]},{\"@type\":\"WebSite\",\"@id\":\"https:\/\/www.sprachschule-aktiv-muenchen.de\/studieren-in-muenchen\/#website\",\"url\":\"https:\/\/www.sprachschule-aktiv-muenchen.de\/studieren-in-muenchen\/\",\"name\":\"Studieren in M\u00fcnchen\",\"description\":\"\",\"potentialAction\":[{\"@type\":\"SearchAction\",\"target\":{\"@type\":\"EntryPoint\",\"urlTemplate\":\"https:\/\/www.sprachschule-aktiv-muenchen.de\/studieren-in-muenchen\/?s={search_term_string}\"},\"query-input\":\"required name=search_term_string\"}],\"inLanguage\":\"de\"}]}<\/script>\n<!-- \/ Yoast SEO plugin. -->","yoast_head_json":{"title":"Impressum der Sprachschule Aktiv M\u00fcnchen - Allgemeine Infos - Studieren","description":"Auf dieser Seite finden Sie das Impressum der Sprachschule Aktiv M\u00fcnchen. Sollten Sie weitere Fragen haben, benutzen Sie bitte unser Kontaktformular.","robots":{"index":"index","follow":"follow","max-snippet":"max-snippet:-1","max-image-preview":"max-image-preview:large","max-video-preview":"max-video-preview:-1"},"canonical":"https:\/\/www.sprachschule-aktiv-muenchen.de\/studieren-in-muenchen\/impressum\/","og_locale":"de_DE","og_type":"article","og_title":"Impressum der Sprachschule Aktiv M\u00fcnchen - Allgemeine Infos - Studieren","og_description":"Auf dieser Seite finden Sie das Impressum der Sprachschule Aktiv M\u00fcnchen. Sollten Sie weitere Fragen haben, benutzen Sie bitte unser Kontaktformular.","og_url":"https:\/\/www.sprachschule-aktiv-muenchen.de\/studieren-in-muenchen\/impressum\/","og_site_name":"Studieren in M\u00fcnchen","article_modified_time":"2023-11-17T08:04:52+00:00","twitter_card":"summary_large_image","twitter_misc":{"Gesch\u00e4tzte Lesezeit":"3\u00a0Minuten"},"schema":{"@context":"https:\/\/schema.org","@graph":[{"@type":"WebPage","@id":"https:\/\/www.sprachschule-aktiv-muenchen.de\/studieren-in-muenchen\/impressum\/","url":"https:\/\/www.sprachschule-aktiv-muenchen.de\/studieren-in-muenchen\/impressum\/","name":"Impressum der Sprachschule Aktiv M\u00fcnchen - Allgemeine Infos - Studieren","isPartOf":{"@id":"https:\/\/www.sprachschule-aktiv-muenchen.de\/studieren-in-muenchen\/#website"},"datePublished":"2022-06-26T15:09:23+00:00","dateModified":"2023-11-17T08:04:52+00:00","description":"Auf dieser Seite finden Sie das Impressum der Sprachschule Aktiv M\u00fcnchen. Sollten Sie weitere Fragen haben, benutzen Sie bitte unser Kontaktformular.","breadcrumb":{"@id":"https:\/\/www.sprachschule-aktiv-muenchen.de\/studieren-in-muenchen\/impressum\/#breadcrumb"},"inLanguage":"de","potentialAction":[{"@type":"ReadAction","target":["https:\/\/www.sprachschule-aktiv-muenchen.de\/studieren-in-muenchen\/impressum\/"]}]},{"@type":"BreadcrumbList","@id":"https:\/\/www.sprachschule-aktiv-muenchen.de\/studieren-in-muenchen\/impressum\/#breadcrumb","itemListElement":[{"@type":"ListItem","position":1,"name":"Startseite","item":"https:\/\/www.sprachschule-aktiv-muenchen.de\/studieren-in-muenchen\/"},{"@type":"ListItem","position":2,"name":"Impressum \u2013 Sprachschule Aktiv M\u00fcnchen"}]},{"@type":"WebSite","@id":"https:\/\/www.sprachschule-aktiv-muenchen.de\/studieren-in-muenchen\/#website","url":"https:\/\/www.sprachschule-aktiv-muenchen.de\/studieren-in-muenchen\/","name":"Studieren in M\u00fcnchen","description":"","potentialAction":[{"@type":"SearchAction","target":{"@type":"EntryPoint","urlTemplate":"https:\/\/www.sprachschule-aktiv-muenchen.de\/studieren-in-muenchen\/?s={search_term_string}"},"query-input":"required name=search_term_string"}],"inLanguage":"de"}]}},"_links":{"self":[{"href":"https:\/\/www.sprachschule-aktiv-muenchen.de\/studieren-in-muenchen\/wp-json\/wp\/v2\/pages\/69","targetHints":{"allow":["GET"]}}],"collection":[{"href":"https:\/\/www.sprachschule-aktiv-muenchen.de\/studieren-in-muenchen\/wp-json\/wp\/v2\/pages"}],"about":[{"href":"https:\/\/www.sprachschule-aktiv-muenchen.de\/studieren-in-muenchen\/wp-json\/wp\/v2\/types\/page"}],"author":[{"embeddable":true,"href":"https:\/\/www.sprachschule-aktiv-muenchen.de\/studieren-in-muenchen\/wp-json\/wp\/v2\/users\/1"}],"replies":[{"embeddable":true,"href":"https:\/\/www.sprachschule-aktiv-muenchen.de\/studieren-in-muenchen\/wp-json\/wp\/v2\/comments?post=69"}],"version-history":[{"count":3,"href":"https:\/\/www.sprachschule-aktiv-muenchen.de\/studieren-in-muenchen\/wp-json\/wp\/v2\/pages\/69\/revisions"}],"predecessor-version":[{"id":72,"href":"https:\/\/www.sprachschule-aktiv-muenchen.de\/studieren-in-muenchen\/wp-json\/wp\/v2\/pages\/69\/revisions\/72"}],"wp:attachment":[{"href":"https:\/\/www.sprachschule-aktiv-muenchen.de\/studieren-in-muenchen\/wp-json\/wp\/v2\/media?parent=69"}],"curies":[{"name":"wp","href":"https:\/\/api.w.org\/{rel}","templated":true}]}}