{"id":60,"date":"2022-06-23T08:48:48","date_gmt":"2022-06-23T06:48:48","guid":{"rendered":"https:\/\/www.sprachschule-aktiv-muenchen.de\/studieren-in-muenchen\/?page_id=60"},"modified":"2022-07-12T07:38:33","modified_gmt":"2022-07-12T05:38:33","slug":"sperrkonto-finanzierungsnachweis-fuer-studenten-aus-dem-ausland-in-muenchen","status":"publish","type":"page","link":"https:\/\/www.sprachschule-aktiv-muenchen.de\/studieren-in-muenchen\/sperrkonto-finanzierungsnachweis-fuer-studenten-aus-dem-ausland-in-muenchen\/","title":{"rendered":"Sperrkonto &#8211; Finanzierungsnachweis f\u00fcr Studenten in M\u00fcnchen"},"content":{"rendered":"<p>[vc_row][vc_column][vc_column_text css=&#8221;.vc_custom_1655966705413{margin-top: 30px !important;}&#8221;]Sie m\u00f6chten in M\u00fcnchen einen Sprachkurs f\u00fcr Deutsch besuchen? Zudem liegt Ihr Herkunftsland au\u00dferhalb der Europ\u00e4ischen Union oder des Europ\u00e4ischen Wirtschaftsraums? Dann ben\u00f6tigen Sie f\u00fcr den Antrag Ihres Visums unter anderem ein Sperrkonto. Wie und wo Sie dieses Konto einrichten k\u00f6nnen und welchen Nutzen es f\u00fcr Sie hat, erfahren Sie in diesem Blogartikel. [\/vc_column_text][\/vc_column][\/vc_row][vc_row full_width=&#8221;stretch_row&#8221; css=&#8221;.vc_custom_1655966724978{padding-top: 25px !important;background-color: #f8f8f8 !important;}&#8221;][vc_column][vc_column_text]<\/p>\n<h2>Warum brauchen Deutschlerner in M\u00fcnchen ein Sperrkonto?<\/h2>\n<p>[\/vc_column_text][vc_row_inner][vc_column_inner width=&#8221;1\/2&#8243;][vc_single_image image=&#8221;76&#8243; img_size=&#8221;full&#8221;][\/vc_column_inner][vc_column_inner width=&#8221;1\/2&#8243;][vc_column_text]Der Sinn eines Sperrkontos ist, dass Sie gegen\u00fcber dem deutschen Staat belegen k\u00f6nnen, dass Sie in der Lage sind, sich eigenst\u00e4ndig w\u00e4hrend des Zeitraums Ihres Deutschkurses zu finanzieren. M\u00f6chten Sie also beispielsweise einen Sprachkurs \u00fcber 12 Monate hinweg absolvieren, weil Sie vielleicht in der Anf\u00e4ngerstufe A1 beginnen und sich zus\u00e4tzlich beispielsweise auf die Fachsprachenpr\u00fcfung f\u00fcr Mediziner vorbereiten m\u00f6chten, so m\u00fcssen Sie f\u00fcr den Zeitraum dieses Jahres belegen, dass Sie \u00fcber 10.332 Euro verf\u00fcgen. Diese Summe m\u00fcssen Sie auf Ihr Sperrkonto \u00fcberweisen. Dadurch haben Sie monatlich eine Summe von 861 Euro zur Verf\u00fcgung, womit Sie Ihren Lebensunterhalt wie Miete, Nahrung und Krankenversicherung bestreiten k\u00f6nnen. [\/vc_column_text]\t<div class=\"vc_btn3-container vc_btn3-inline\">\n\t\t<a href=\"https:\/\/www.sprachschule-aktiv-muenchen.de\/studieren-in-muenchen\/kontakt\/\" class=\"pgs_btn pgs_btn_style_1 pgs_btn_lg\">\n\t\t\t<span>\n\t\t\t\tKontaktieren Sie uns\t\t\t<\/span>\n\t\t\t\t\t\t<i class=\"fas fa-angle-double-right\"><\/i>\n\t\t\t\t\t<\/a>\n\t<\/div>\n\t[\/vc_column_inner][\/vc_row_inner][vc_column_text css=&#8221;.vc_custom_1657603619955{margin-top: 20px !important;}&#8221;]<\/p>\n<h2>Zu welchem Zeitpunkt sollten Sie dieses Sperrkonto f\u00fcr Ihren Deutschkurs in M\u00fcnchen er\u00f6ffnen?<\/h2>\n<p>Sie ben\u00f6tigen den Beleg, um ihn Ihrem Antrag f\u00fcr Ihr Sprachvisum beizulegen. Aus diesem Grund sollten Sie rechtzeitig vor dem Visumsantrag dieses Konto er\u00f6ffnen. Bei einigen Anbietern k\u00f6nnen Sie dies innerhalb von wenigen Minuten erledigen, andere Anbieter jedoch pr\u00fcfen sehr genau und erteilen sogar manchmal eine Absage. Deshalb empfiehlt es sich, mindestens vier Wochen vor dem Visumsantrag das Sperrkonto in Angriff zu nehmen.<\/p>\n<p><a href=\"https:\/\/www.sprachschule-aktiv-muenchen.de\/deutsch-lernen\/\" target=\"_blank\" rel=\"noopener\"><img decoding=\"async\" class=\"alignnone size-medium wp-image-123\" src=\"https:\/\/www.sprachschule-aktiv-muenchen.de\/studieren-in-muenchen\/wp-content\/uploads\/2022\/07\/deutsch-lernen-in-muenchen-von-a1-bis-c2-251x300.webp\" alt=\"Deutsch lernen in M\u00fcnchen von A1 bis C2\" width=\"251\" height=\"300\" srcset=\"https:\/\/www.sprachschule-aktiv-muenchen.de\/studieren-in-muenchen\/wp-content\/uploads\/2022\/07\/deutsch-lernen-in-muenchen-von-a1-bis-c2-251x300.webp 251w, https:\/\/www.sprachschule-aktiv-muenchen.de\/studieren-in-muenchen\/wp-content\/uploads\/2022\/07\/deutsch-lernen-in-muenchen-von-a1-bis-c2.webp 300w\" sizes=\"(max-width: 251px) 100vw, 251px\" \/><\/a>[\/vc_column_text][\/vc_column][\/vc_row][vc_row css=&#8221;.vc_custom_1655966956613{margin-top: 30px !important;}&#8221;][vc_column][vc_column_text]<\/p>\n<h2>Welche Anbieter geben ausl\u00e4ndischen Deutschlernern die Chance, ein Sperrkonto zu er\u00f6ffnen?<\/h2>\n<p>Die zwei bekanntesten sind Fintiba (<a href=\"https:\/\/www.fintiba.com\/\" target=\"_blank\" rel=\"noopener\">https:\/\/www.fintiba.com\/<\/a>) oder die Deutsche Bank (<a href=\"https:\/\/www.deutsche-bank.de\/dam\/deutschebank\/de\/shared\/pdf\/pk-kredit_finanzierung-db_international_opening_a_bank_account_for_foreign_students.pdf\" target=\"_blank\" rel=\"noopener\">https:\/\/bit.ly\/3hzjnOI<\/a>). Bei Fintiba k\u00f6nnen Sie sich via Internet registrieren und bezahlen 89 \u20ac f\u00fcr die Er\u00f6ffnung des Kontos. Die monatlichen Geb\u00fchren liegen bei 4,90 \u20ac. Im Vergleich dazu haben Sie bei der Deutschen Bank nicht die M\u00f6glichkeit einer Online-Anmeldung. Die Er\u00f6ffnungsgeb\u00fchr ist mit 150 \u20ac wesentlich teurer und auch die monatlichen Kosten liegen mit 5,90 \u20ac \u00fcber dem Betrag bei Fintiba.<\/p>\n<h2>Welche Unterlagen ben\u00f6tige ich f\u00fcr ein Sperrkonto?<\/h2>\n<p>Die Antwort auf diese Frage h\u00e4ngt teilweise von Ihrem Heimatland und dem Anbieter ab. Bei Fintiba legen Sie einen Personalausweis oder einen g\u00fcltigen Reisepass vor bzw. senden online einen San und innerhalb kurzer Zeit sollten Sie die Best\u00e4tigung in Ihrem E-Mail Postfach haben sowie den Beleg \u00fcber die im voraus bezahlte Geb\u00fchr.[\/vc_column_text][\/vc_column][\/vc_row][vc_row][vc_column][vc_column_text]<\/p>\n<h3>Weitere interessante Beitr\u00e4ge f\u00fcr ein Studium in M\u00fcnchen<\/h3>\n<ul>\n<li><a href=\"https:\/\/www.sprachschule-aktiv-muenchen.de\/studieren-in-muenchen\/sperrkonto-finanzierungsnachweis-fuer-studenten-aus-dem-ausland-in-muenchen\/\">Sperrkonto\/Finanzierungsnachweis f\u00fcr ausl\u00e4ndische Studenten<\/a><\/li>\n<li><a href=\"https:\/\/www.sprachschule-aktiv-muenchen.de\/studieren-in-muenchen\/krankenversicherung-fuer-deutschlerner-in-muenchen\/\">Krankenversicherung f\u00fcr ausl\u00e4ndische Studenten<\/a><\/li>\n<\/ul>\n<p>[\/vc_column_text][\/vc_column][\/vc_row]<\/p>\n","protected":false},"excerpt":{"rendered":"<p>[vc_row][vc_column][vc_column_text css=&#8221;.vc_custom_1655966705413{margin-top: 30px !important;}&#8221;]Sie m\u00f6chten in M\u00fcnchen einen Sprachkurs f\u00fcr Deutsch besuchen? Zudem liegt Ihr Herkunftsland au\u00dferhalb der Europ\u00e4ischen Union oder des Europ\u00e4ischen Wirtschaftsraums? Dann ben\u00f6tigen Sie f\u00fcr den Antrag Ihres Visums unter anderem ein Sperrkonto. Wie und wo Sie dieses Konto einrichten k\u00f6nnen und welchen Nutzen es f\u00fcr Sie hat, erfahren Sie in diesem&hellip; <a class=\"read-more\" href=\"https:\/\/www.sprachschule-aktiv-muenchen.de\/studieren-in-muenchen\/sperrkonto-finanzierungsnachweis-fuer-studenten-aus-dem-ausland-in-muenchen\/\" title=\"Read Sperrkonto &#8211; Finanzierungsnachweis f\u00fcr Studenten in M\u00fcnchen\">Read more &raquo;<\/a><\/p>\n","protected":false},"author":1,"featured_media":0,"parent":0,"menu_order":0,"comment_status":"closed","ping_status":"closed","template":"","meta":{"footnotes":""},"class_list":["post-60","page","type-page","status-publish","hentry"],"yoast_head":"<!-- This site is optimized with the Yoast SEO plugin v21.4 - https:\/\/yoast.com\/wordpress\/plugins\/seo\/ -->\n<title>Sperrkonto f\u00fcr Studenten aus dem Ausland<\/title>\n<meta name=\"description\" content=\"Sie m\u00f6chten in M\u00fcnchen einen Sprachkurs f\u00fcr Deutsch besuchen? Dann brauchen Sie ein Sperrkonto: Kosten, Anbieter &amp; Empfehlungen.\" \/>\n<meta name=\"robots\" content=\"index, follow, max-snippet:-1, max-image-preview:large, max-video-preview:-1\" \/>\n<link rel=\"canonical\" href=\"https:\/\/www.sprachschule-aktiv-muenchen.de\/studieren-in-muenchen\/sperrkonto-finanzierungsnachweis-fuer-studenten-aus-dem-ausland-in-muenchen\/\" \/>\n<meta property=\"og:locale\" content=\"de_DE\" \/>\n<meta property=\"og:type\" content=\"article\" \/>\n<meta property=\"og:title\" content=\"Sperrkonto f\u00fcr Studenten aus dem Ausland\" \/>\n<meta property=\"og:description\" content=\"Sie m\u00f6chten in M\u00fcnchen einen Sprachkurs f\u00fcr Deutsch besuchen? Dann brauchen Sie ein Sperrkonto: Kosten, Anbieter &amp; Empfehlungen.\" \/>\n<meta property=\"og:url\" content=\"https:\/\/www.sprachschule-aktiv-muenchen.de\/studieren-in-muenchen\/sperrkonto-finanzierungsnachweis-fuer-studenten-aus-dem-ausland-in-muenchen\/\" \/>\n<meta property=\"og:site_name\" content=\"Studieren in M\u00fcnchen\" \/>\n<meta property=\"article:modified_time\" content=\"2022-07-12T05:38:33+00:00\" \/>\n<meta property=\"og:image\" content=\"https:\/\/www.sprachschule-aktiv-muenchen.de\/studieren-in-muenchen\/wp-content\/uploads\/2022\/07\/deutsch-lernen-in-muenchen-von-a1-bis-c2-251x300.webp\" \/>\n<meta name=\"twitter:card\" content=\"summary_large_image\" \/>\n<meta name=\"twitter:label1\" content=\"Gesch\u00e4tzte Lesezeit\" \/>\n\t<meta name=\"twitter:data1\" content=\"3\u00a0Minuten\" \/>\n<script type=\"application\/ld+json\" class=\"yoast-schema-graph\">{\"@context\":\"https:\/\/schema.org\",\"@graph\":[{\"@type\":\"WebPage\",\"@id\":\"https:\/\/www.sprachschule-aktiv-muenchen.de\/studieren-in-muenchen\/sperrkonto-finanzierungsnachweis-fuer-studenten-aus-dem-ausland-in-muenchen\/\",\"url\":\"https:\/\/www.sprachschule-aktiv-muenchen.de\/studieren-in-muenchen\/sperrkonto-finanzierungsnachweis-fuer-studenten-aus-dem-ausland-in-muenchen\/\",\"name\":\"Sperrkonto f\u00fcr Studenten aus dem Ausland\",\"isPartOf\":{\"@id\":\"https:\/\/www.sprachschule-aktiv-muenchen.de\/studieren-in-muenchen\/#website\"},\"datePublished\":\"2022-06-23T06:48:48+00:00\",\"dateModified\":\"2022-07-12T05:38:33+00:00\",\"description\":\"Sie m\u00f6chten in M\u00fcnchen einen Sprachkurs f\u00fcr Deutsch besuchen? Dann brauchen Sie ein Sperrkonto: Kosten, Anbieter & Empfehlungen.\",\"breadcrumb\":{\"@id\":\"https:\/\/www.sprachschule-aktiv-muenchen.de\/studieren-in-muenchen\/sperrkonto-finanzierungsnachweis-fuer-studenten-aus-dem-ausland-in-muenchen\/#breadcrumb\"},\"inLanguage\":\"de\",\"potentialAction\":[{\"@type\":\"ReadAction\",\"target\":[\"https:\/\/www.sprachschule-aktiv-muenchen.de\/studieren-in-muenchen\/sperrkonto-finanzierungsnachweis-fuer-studenten-aus-dem-ausland-in-muenchen\/\"]}]},{\"@type\":\"BreadcrumbList\",\"@id\":\"https:\/\/www.sprachschule-aktiv-muenchen.de\/studieren-in-muenchen\/sperrkonto-finanzierungsnachweis-fuer-studenten-aus-dem-ausland-in-muenchen\/#breadcrumb\",\"itemListElement\":[{\"@type\":\"ListItem\",\"position\":1,\"name\":\"Startseite\",\"item\":\"https:\/\/www.sprachschule-aktiv-muenchen.de\/studieren-in-muenchen\/\"},{\"@type\":\"ListItem\",\"position\":2,\"name\":\"Sperrkonto &#8211; Finanzierungsnachweis f\u00fcr Studenten in M\u00fcnchen\"}]},{\"@type\":\"WebSite\",\"@id\":\"https:\/\/www.sprachschule-aktiv-muenchen.de\/studieren-in-muenchen\/#website\",\"url\":\"https:\/\/www.sprachschule-aktiv-muenchen.de\/studieren-in-muenchen\/\",\"name\":\"Studieren in M\u00fcnchen\",\"description\":\"\",\"potentialAction\":[{\"@type\":\"SearchAction\",\"target\":{\"@type\":\"EntryPoint\",\"urlTemplate\":\"https:\/\/www.sprachschule-aktiv-muenchen.de\/studieren-in-muenchen\/?s={search_term_string}\"},\"query-input\":\"required name=search_term_string\"}],\"inLanguage\":\"de\"}]}<\/script>\n<!-- \/ Yoast SEO plugin. -->","yoast_head_json":{"title":"Sperrkonto f\u00fcr Studenten aus dem Ausland","description":"Sie m\u00f6chten in M\u00fcnchen einen Sprachkurs f\u00fcr Deutsch besuchen? Dann brauchen Sie ein Sperrkonto: Kosten, Anbieter & Empfehlungen.","robots":{"index":"index","follow":"follow","max-snippet":"max-snippet:-1","max-image-preview":"max-image-preview:large","max-video-preview":"max-video-preview:-1"},"canonical":"https:\/\/www.sprachschule-aktiv-muenchen.de\/studieren-in-muenchen\/sperrkonto-finanzierungsnachweis-fuer-studenten-aus-dem-ausland-in-muenchen\/","og_locale":"de_DE","og_type":"article","og_title":"Sperrkonto f\u00fcr Studenten aus dem Ausland","og_description":"Sie m\u00f6chten in M\u00fcnchen einen Sprachkurs f\u00fcr Deutsch besuchen? Dann brauchen Sie ein Sperrkonto: Kosten, Anbieter & Empfehlungen.","og_url":"https:\/\/www.sprachschule-aktiv-muenchen.de\/studieren-in-muenchen\/sperrkonto-finanzierungsnachweis-fuer-studenten-aus-dem-ausland-in-muenchen\/","og_site_name":"Studieren in M\u00fcnchen","article_modified_time":"2022-07-12T05:38:33+00:00","og_image":[{"url":"https:\/\/www.sprachschule-aktiv-muenchen.de\/studieren-in-muenchen\/wp-content\/uploads\/2022\/07\/deutsch-lernen-in-muenchen-von-a1-bis-c2-251x300.webp"}],"twitter_card":"summary_large_image","twitter_misc":{"Gesch\u00e4tzte Lesezeit":"3\u00a0Minuten"},"schema":{"@context":"https:\/\/schema.org","@graph":[{"@type":"WebPage","@id":"https:\/\/www.sprachschule-aktiv-muenchen.de\/studieren-in-muenchen\/sperrkonto-finanzierungsnachweis-fuer-studenten-aus-dem-ausland-in-muenchen\/","url":"https:\/\/www.sprachschule-aktiv-muenchen.de\/studieren-in-muenchen\/sperrkonto-finanzierungsnachweis-fuer-studenten-aus-dem-ausland-in-muenchen\/","name":"Sperrkonto f\u00fcr Studenten aus dem Ausland","isPartOf":{"@id":"https:\/\/www.sprachschule-aktiv-muenchen.de\/studieren-in-muenchen\/#website"},"datePublished":"2022-06-23T06:48:48+00:00","dateModified":"2022-07-12T05:38:33+00:00","description":"Sie m\u00f6chten in M\u00fcnchen einen Sprachkurs f\u00fcr Deutsch besuchen? Dann brauchen Sie ein Sperrkonto: Kosten, Anbieter & Empfehlungen.","breadcrumb":{"@id":"https:\/\/www.sprachschule-aktiv-muenchen.de\/studieren-in-muenchen\/sperrkonto-finanzierungsnachweis-fuer-studenten-aus-dem-ausland-in-muenchen\/#breadcrumb"},"inLanguage":"de","potentialAction":[{"@type":"ReadAction","target":["https:\/\/www.sprachschule-aktiv-muenchen.de\/studieren-in-muenchen\/sperrkonto-finanzierungsnachweis-fuer-studenten-aus-dem-ausland-in-muenchen\/"]}]},{"@type":"BreadcrumbList","@id":"https:\/\/www.sprachschule-aktiv-muenchen.de\/studieren-in-muenchen\/sperrkonto-finanzierungsnachweis-fuer-studenten-aus-dem-ausland-in-muenchen\/#breadcrumb","itemListElement":[{"@type":"ListItem","position":1,"name":"Startseite","item":"https:\/\/www.sprachschule-aktiv-muenchen.de\/studieren-in-muenchen\/"},{"@type":"ListItem","position":2,"name":"Sperrkonto &#8211; Finanzierungsnachweis f\u00fcr Studenten in M\u00fcnchen"}]},{"@type":"WebSite","@id":"https:\/\/www.sprachschule-aktiv-muenchen.de\/studieren-in-muenchen\/#website","url":"https:\/\/www.sprachschule-aktiv-muenchen.de\/studieren-in-muenchen\/","name":"Studieren in M\u00fcnchen","description":"","potentialAction":[{"@type":"SearchAction","target":{"@type":"EntryPoint","urlTemplate":"https:\/\/www.sprachschule-aktiv-muenchen.de\/studieren-in-muenchen\/?s={search_term_string}"},"query-input":"required name=search_term_string"}],"inLanguage":"de"}]}},"_links":{"self":[{"href":"https:\/\/www.sprachschule-aktiv-muenchen.de\/studieren-in-muenchen\/wp-json\/wp\/v2\/pages\/60","targetHints":{"allow":["GET"]}}],"collection":[{"href":"https:\/\/www.sprachschule-aktiv-muenchen.de\/studieren-in-muenchen\/wp-json\/wp\/v2\/pages"}],"about":[{"href":"https:\/\/www.sprachschule-aktiv-muenchen.de\/studieren-in-muenchen\/wp-json\/wp\/v2\/types\/page"}],"author":[{"embeddable":true,"href":"https:\/\/www.sprachschule-aktiv-muenchen.de\/studieren-in-muenchen\/wp-json\/wp\/v2\/users\/1"}],"replies":[{"embeddable":true,"href":"https:\/\/www.sprachschule-aktiv-muenchen.de\/studieren-in-muenchen\/wp-json\/wp\/v2\/comments?post=60"}],"version-history":[{"count":9,"href":"https:\/\/www.sprachschule-aktiv-muenchen.de\/studieren-in-muenchen\/wp-json\/wp\/v2\/pages\/60\/revisions"}],"predecessor-version":[{"id":133,"href":"https:\/\/www.sprachschule-aktiv-muenchen.de\/studieren-in-muenchen\/wp-json\/wp\/v2\/pages\/60\/revisions\/133"}],"wp:attachment":[{"href":"https:\/\/www.sprachschule-aktiv-muenchen.de\/studieren-in-muenchen\/wp-json\/wp\/v2\/media?parent=60"}],"curies":[{"name":"wp","href":"https:\/\/api.w.org\/{rel}","templated":true}]}}