{"id":56,"date":"2022-06-23T08:44:07","date_gmt":"2022-06-23T06:44:07","guid":{"rendered":"https:\/\/www.sprachschule-aktiv-muenchen.de\/studieren-in-muenchen\/?page_id=56"},"modified":"2022-07-12T07:36:17","modified_gmt":"2022-07-12T05:36:17","slug":"krankenversicherung-fuer-deutschlerner-in-muenchen","status":"publish","type":"page","link":"https:\/\/www.sprachschule-aktiv-muenchen.de\/studieren-in-muenchen\/krankenversicherung-fuer-deutschlerner-in-muenchen\/","title":{"rendered":"Krankenversicherung f\u00fcr Deutschlerner in M\u00fcnchen"},"content":{"rendered":"<p>[vc_row css=&#8221;.vc_custom_1655966429244{margin-top: 30px !important;}&#8221;][vc_column][vc_column_text]<br \/>\nWenn Sie einen Deutschkurs in M\u00fcnchen besuchen m\u00f6chten, ben\u00f6tigen Sie laut dem deutschen Gesetz eine Krankenversicherung f\u00fcr die Behandlung in der Bundesrepublik Deutschland. Im Folgendem erl\u00e4utern wir Ihnen die Vorteile und schlagen Ihnen auch gerne unseren favorisierten Anbieter vor.<br \/>\n[\/vc_column_text][\/vc_column][\/vc_row][vc_row full_width=&#8221;stretch_row&#8221; css=&#8221;.vc_custom_1655966441785{padding-top: 25px !important;background-color: #f8f8f8 !important;}&#8221;][vc_column][vc_column_text]<\/p>\n<h2>Was ist der Sinn dieser obligatorischen Krankenversicherung f\u00fcr Deutschlerner in M\u00fcnchen?<\/h2>\n<p>[\/vc_column_text][vc_row_inner][vc_column_inner width=&#8221;1\/2&#8243;][vc_single_image image=&#8221;57&#8243; img_size=&#8221;full&#8221;][\/vc_column_inner][vc_column_inner width=&#8221;1\/2&#8243;][vc_column_text]Vorab ist es vielleicht wichtig zu erw\u00e4hnen, dass eine Krankenversicherung f\u00fcr alle deutschen B\u00fcrger genauso verpflichtend ist und dieses Gesundheitssystem birgt zahlreiche Vorteile. Sollten Sie erkranken oder vielleicht sogar einen Unfall haben, steht Ihnen sofortige Hilfe zu. Das reicht von dem Hausarzt Ihrer Wahl im Hinblick auf die Allgemeinmedizin bis zum Rettungswagen und dem Notarzt. Auch zahnmedizinische Behandlungen sind mit inbegriffen. Allerdings gilt das nur f\u00fcr generell basisorientierte Behandlungen, da man in Deutschland mittlerweile viele Leistungen beim Zahnarzt privat bezahlen muss. [\/vc_column_text]\t<div class=\"vc_btn3-container vc_btn3-inline\">\n\t\t<a href=\"https:\/\/www.sprachschule-aktiv-muenchen.de\/studieren-in-muenchen\/kontakt\/\" class=\"pgs_btn pgs_btn_style_1 pgs_btn_xl\">\n\t\t\t<span>\n\t\t\t\tKontaktieren Sie uns\t\t\t<\/span>\n\t\t\t\t\t\t<i class=\"fas fa-angle-double-right\"><\/i>\n\t\t\t\t\t<\/a>\n\t<\/div>\n\t[\/vc_column_inner][\/vc_row_inner][vc_column_text css=&#8221;.vc_custom_1656389605037{margin-top: 25px !important;}&#8221;]<\/p>\n<h2>Wo k\u00f6nnen Sie sich krankenversichern?<\/h2>\n<p>Die Bandbreite an Anbietern ist gro\u00df. Aus diesem Grund gestalten sich auch die Preise sehr unterschiedlich. Wir empfehlen unseren Deutschlernern in M\u00fcnchen die Firma <a href=\"https:\/\/www.care-concept.de\/sprachschueler.php?vmnr=9009110032&amp;mail=martin@sprachschule-aktiv.de\" target=\"_blank\" rel=\"noopener\">Care Concept<\/a>. Mit einem Beitrag von 28 \u20ac monatlich f\u00fcr das Basispaket erhalten Sie ein g\u00fcnstiges Rundumpaket, wobei nat\u00fcrlich Zusatzleistungen in der Regel ausgenommen sind. Sie k\u00f6nnen sich bei dem Unternehmen online f\u00fcr Ihre Krankenversicherung anmelden und bekommen normalerweise zeitnah die Anmeldebest\u00e4tigung.[\/vc_column_text][\/vc_column][\/vc_row][vc_row][vc_column][vc_column_text css=&#8221;.vc_custom_1657603574060{padding-top: 25px !important;}&#8221;]<\/p>\n<h2>K\u00f6nnen Sie die Krankenversicherung Ihres Heimatlandes nutzen?<\/h2>\n<p>Tats\u00e4chlich ist dies nicht ausgeschlossen, denn es gibt entsprechende Kontrakte zwischen Deutschland und verschiedenen Nationen, durch welche die jeweils ausl\u00e4ndische Krankenversicherung auch in Deutschland g\u00fcltig ist. Dies ist jedoch von Herkunftsland zu Herkunftsland ganz unterschiedlich. Um sicherzugehen, sollten Sie sich an die deutsche Botschaft in Ihrer Heimatstadt wenden. Somit erhalten Sie konkrete Informationen \u00fcber die G\u00fcltigkeit Ihrer Krankenversicherung in Deutschland.<\/p>\n<p><a href=\"https:\/\/www.sprachschule-aktiv-muenchen.de\/deutsch-lernen\/\" target=\"_blank\" rel=\"noopener\"><img decoding=\"async\" class=\"alignnone wp-image-123 size-medium\" src=\"https:\/\/www.sprachschule-aktiv-muenchen.de\/studieren-in-muenchen\/wp-content\/uploads\/2022\/07\/deutsch-lernen-in-muenchen-von-a1-bis-c2-251x300.webp\" alt=\"Unsere Deutschkurse in M\u00fcnchen\" width=\"251\" height=\"300\" srcset=\"https:\/\/www.sprachschule-aktiv-muenchen.de\/studieren-in-muenchen\/wp-content\/uploads\/2022\/07\/deutsch-lernen-in-muenchen-von-a1-bis-c2-251x300.webp 251w, https:\/\/www.sprachschule-aktiv-muenchen.de\/studieren-in-muenchen\/wp-content\/uploads\/2022\/07\/deutsch-lernen-in-muenchen-von-a1-bis-c2.webp 300w\" sizes=\"(max-width: 251px) 100vw, 251px\" \/><\/a>[\/vc_column_text][\/vc_column][\/vc_row][vc_row][vc_column][vc_column_text]<\/p>\n<h3>Studieren in M\u00fcnchen &#8211; weitere Infos:<\/h3>\n<ul>\n<li><a href=\"https:\/\/www.sprachschule-aktiv-muenchen.de\/studieren-in-muenchen\/sperrkonto-finanzierungsnachweis-fuer-studenten-aus-dem-ausland-in-muenchen\/\">Sperrkonto f\u00fcr Studenten aus dem Ausland<\/a><\/li>\n<li><a href=\"https:\/\/www.sprachschule-aktiv-muenchen.de\/studieren-in-muenchen\/das-bildungssystem-in-deutschland\/\">Das Bildungssystem in der Bundesrepublik Deutschland<\/a><\/li>\n<\/ul>\n<p>[\/vc_column_text][\/vc_column][\/vc_row]<\/p>\n","protected":false},"excerpt":{"rendered":"<p>[vc_row css=&#8221;.vc_custom_1655966429244{margin-top: 30px !important;}&#8221;][vc_column][vc_column_text] Wenn Sie einen Deutschkurs in M\u00fcnchen besuchen m\u00f6chten, ben\u00f6tigen Sie laut dem deutschen Gesetz eine Krankenversicherung f\u00fcr die Behandlung in der Bundesrepublik Deutschland. Im Folgendem erl\u00e4utern wir Ihnen die Vorteile und schlagen Ihnen auch gerne unseren favorisierten Anbieter vor. [\/vc_column_text][\/vc_column][\/vc_row][vc_row full_width=&#8221;stretch_row&#8221; css=&#8221;.vc_custom_1655966441785{padding-top: 25px !important;background-color: #f8f8f8 !important;}&#8221;][vc_column][vc_column_text] Was ist der Sinn dieser&hellip; <a class=\"read-more\" href=\"https:\/\/www.sprachschule-aktiv-muenchen.de\/studieren-in-muenchen\/krankenversicherung-fuer-deutschlerner-in-muenchen\/\" title=\"Read Krankenversicherung f\u00fcr Deutschlerner in M\u00fcnchen\">Read more &raquo;<\/a><\/p>\n","protected":false},"author":1,"featured_media":0,"parent":0,"menu_order":0,"comment_status":"closed","ping_status":"closed","template":"","meta":{"footnotes":""},"class_list":["post-56","page","type-page","status-publish","hentry"],"yoast_head":"<!-- This site is optimized with the Yoast SEO plugin v21.4 - https:\/\/yoast.com\/wordpress\/plugins\/seo\/ -->\n<title>Krankenversicherung f\u00fcr Deutschlerner in M\u00fcnchen<\/title>\n<meta name=\"description\" content=\"Wenn Sie einen Deutschkurs in M\u00fcnchen besuchen m\u00f6chten, ben\u00f6tigen Sie laut dem deutschen Gesetz eine Krankenversicherung.\" \/>\n<meta name=\"robots\" content=\"index, follow, max-snippet:-1, max-image-preview:large, max-video-preview:-1\" \/>\n<link rel=\"canonical\" href=\"https:\/\/www.sprachschule-aktiv-muenchen.de\/studieren-in-muenchen\/krankenversicherung-fuer-deutschlerner-in-muenchen\/\" \/>\n<meta property=\"og:locale\" content=\"de_DE\" \/>\n<meta property=\"og:type\" content=\"article\" \/>\n<meta property=\"og:title\" content=\"Krankenversicherung f\u00fcr Deutschlerner in M\u00fcnchen\" \/>\n<meta property=\"og:description\" content=\"Wenn Sie einen Deutschkurs in M\u00fcnchen besuchen m\u00f6chten, ben\u00f6tigen Sie laut dem deutschen Gesetz eine Krankenversicherung.\" \/>\n<meta property=\"og:url\" content=\"https:\/\/www.sprachschule-aktiv-muenchen.de\/studieren-in-muenchen\/krankenversicherung-fuer-deutschlerner-in-muenchen\/\" \/>\n<meta property=\"og:site_name\" content=\"Studieren in M\u00fcnchen\" \/>\n<meta property=\"article:modified_time\" content=\"2022-07-12T05:36:17+00:00\" \/>\n<meta property=\"og:image\" content=\"https:\/\/www.sprachschule-aktiv-muenchen.de\/studieren-in-muenchen\/wp-content\/uploads\/2022\/07\/deutsch-lernen-in-muenchen-von-a1-bis-c2-251x300.webp\" \/>\n<meta name=\"twitter:card\" content=\"summary_large_image\" \/>\n<meta name=\"twitter:label1\" content=\"Gesch\u00e4tzte Lesezeit\" \/>\n\t<meta name=\"twitter:data1\" content=\"2\u00a0Minuten\" \/>\n<script type=\"application\/ld+json\" class=\"yoast-schema-graph\">{\"@context\":\"https:\/\/schema.org\",\"@graph\":[{\"@type\":\"WebPage\",\"@id\":\"https:\/\/www.sprachschule-aktiv-muenchen.de\/studieren-in-muenchen\/krankenversicherung-fuer-deutschlerner-in-muenchen\/\",\"url\":\"https:\/\/www.sprachschule-aktiv-muenchen.de\/studieren-in-muenchen\/krankenversicherung-fuer-deutschlerner-in-muenchen\/\",\"name\":\"Krankenversicherung f\u00fcr Deutschlerner in M\u00fcnchen\",\"isPartOf\":{\"@id\":\"https:\/\/www.sprachschule-aktiv-muenchen.de\/studieren-in-muenchen\/#website\"},\"datePublished\":\"2022-06-23T06:44:07+00:00\",\"dateModified\":\"2022-07-12T05:36:17+00:00\",\"description\":\"Wenn Sie einen Deutschkurs in M\u00fcnchen besuchen m\u00f6chten, ben\u00f6tigen Sie laut dem deutschen Gesetz eine Krankenversicherung.\",\"breadcrumb\":{\"@id\":\"https:\/\/www.sprachschule-aktiv-muenchen.de\/studieren-in-muenchen\/krankenversicherung-fuer-deutschlerner-in-muenchen\/#breadcrumb\"},\"inLanguage\":\"de\",\"potentialAction\":[{\"@type\":\"ReadAction\",\"target\":[\"https:\/\/www.sprachschule-aktiv-muenchen.de\/studieren-in-muenchen\/krankenversicherung-fuer-deutschlerner-in-muenchen\/\"]}]},{\"@type\":\"BreadcrumbList\",\"@id\":\"https:\/\/www.sprachschule-aktiv-muenchen.de\/studieren-in-muenchen\/krankenversicherung-fuer-deutschlerner-in-muenchen\/#breadcrumb\",\"itemListElement\":[{\"@type\":\"ListItem\",\"position\":1,\"name\":\"Startseite\",\"item\":\"https:\/\/www.sprachschule-aktiv-muenchen.de\/studieren-in-muenchen\/\"},{\"@type\":\"ListItem\",\"position\":2,\"name\":\"Krankenversicherung f\u00fcr Deutschlerner in M\u00fcnchen\"}]},{\"@type\":\"WebSite\",\"@id\":\"https:\/\/www.sprachschule-aktiv-muenchen.de\/studieren-in-muenchen\/#website\",\"url\":\"https:\/\/www.sprachschule-aktiv-muenchen.de\/studieren-in-muenchen\/\",\"name\":\"Studieren in M\u00fcnchen\",\"description\":\"\",\"potentialAction\":[{\"@type\":\"SearchAction\",\"target\":{\"@type\":\"EntryPoint\",\"urlTemplate\":\"https:\/\/www.sprachschule-aktiv-muenchen.de\/studieren-in-muenchen\/?s={search_term_string}\"},\"query-input\":\"required name=search_term_string\"}],\"inLanguage\":\"de\"}]}<\/script>\n<!-- \/ Yoast SEO plugin. -->","yoast_head_json":{"title":"Krankenversicherung f\u00fcr Deutschlerner in M\u00fcnchen","description":"Wenn Sie einen Deutschkurs in M\u00fcnchen besuchen m\u00f6chten, ben\u00f6tigen Sie laut dem deutschen Gesetz eine Krankenversicherung.","robots":{"index":"index","follow":"follow","max-snippet":"max-snippet:-1","max-image-preview":"max-image-preview:large","max-video-preview":"max-video-preview:-1"},"canonical":"https:\/\/www.sprachschule-aktiv-muenchen.de\/studieren-in-muenchen\/krankenversicherung-fuer-deutschlerner-in-muenchen\/","og_locale":"de_DE","og_type":"article","og_title":"Krankenversicherung f\u00fcr Deutschlerner in M\u00fcnchen","og_description":"Wenn Sie einen Deutschkurs in M\u00fcnchen besuchen m\u00f6chten, ben\u00f6tigen Sie laut dem deutschen Gesetz eine Krankenversicherung.","og_url":"https:\/\/www.sprachschule-aktiv-muenchen.de\/studieren-in-muenchen\/krankenversicherung-fuer-deutschlerner-in-muenchen\/","og_site_name":"Studieren in M\u00fcnchen","article_modified_time":"2022-07-12T05:36:17+00:00","og_image":[{"url":"https:\/\/www.sprachschule-aktiv-muenchen.de\/studieren-in-muenchen\/wp-content\/uploads\/2022\/07\/deutsch-lernen-in-muenchen-von-a1-bis-c2-251x300.webp"}],"twitter_card":"summary_large_image","twitter_misc":{"Gesch\u00e4tzte Lesezeit":"2\u00a0Minuten"},"schema":{"@context":"https:\/\/schema.org","@graph":[{"@type":"WebPage","@id":"https:\/\/www.sprachschule-aktiv-muenchen.de\/studieren-in-muenchen\/krankenversicherung-fuer-deutschlerner-in-muenchen\/","url":"https:\/\/www.sprachschule-aktiv-muenchen.de\/studieren-in-muenchen\/krankenversicherung-fuer-deutschlerner-in-muenchen\/","name":"Krankenversicherung f\u00fcr Deutschlerner in M\u00fcnchen","isPartOf":{"@id":"https:\/\/www.sprachschule-aktiv-muenchen.de\/studieren-in-muenchen\/#website"},"datePublished":"2022-06-23T06:44:07+00:00","dateModified":"2022-07-12T05:36:17+00:00","description":"Wenn Sie einen Deutschkurs in M\u00fcnchen besuchen m\u00f6chten, ben\u00f6tigen Sie laut dem deutschen Gesetz eine Krankenversicherung.","breadcrumb":{"@id":"https:\/\/www.sprachschule-aktiv-muenchen.de\/studieren-in-muenchen\/krankenversicherung-fuer-deutschlerner-in-muenchen\/#breadcrumb"},"inLanguage":"de","potentialAction":[{"@type":"ReadAction","target":["https:\/\/www.sprachschule-aktiv-muenchen.de\/studieren-in-muenchen\/krankenversicherung-fuer-deutschlerner-in-muenchen\/"]}]},{"@type":"BreadcrumbList","@id":"https:\/\/www.sprachschule-aktiv-muenchen.de\/studieren-in-muenchen\/krankenversicherung-fuer-deutschlerner-in-muenchen\/#breadcrumb","itemListElement":[{"@type":"ListItem","position":1,"name":"Startseite","item":"https:\/\/www.sprachschule-aktiv-muenchen.de\/studieren-in-muenchen\/"},{"@type":"ListItem","position":2,"name":"Krankenversicherung f\u00fcr Deutschlerner in M\u00fcnchen"}]},{"@type":"WebSite","@id":"https:\/\/www.sprachschule-aktiv-muenchen.de\/studieren-in-muenchen\/#website","url":"https:\/\/www.sprachschule-aktiv-muenchen.de\/studieren-in-muenchen\/","name":"Studieren in M\u00fcnchen","description":"","potentialAction":[{"@type":"SearchAction","target":{"@type":"EntryPoint","urlTemplate":"https:\/\/www.sprachschule-aktiv-muenchen.de\/studieren-in-muenchen\/?s={search_term_string}"},"query-input":"required name=search_term_string"}],"inLanguage":"de"}]}},"_links":{"self":[{"href":"https:\/\/www.sprachschule-aktiv-muenchen.de\/studieren-in-muenchen\/wp-json\/wp\/v2\/pages\/56","targetHints":{"allow":["GET"]}}],"collection":[{"href":"https:\/\/www.sprachschule-aktiv-muenchen.de\/studieren-in-muenchen\/wp-json\/wp\/v2\/pages"}],"about":[{"href":"https:\/\/www.sprachschule-aktiv-muenchen.de\/studieren-in-muenchen\/wp-json\/wp\/v2\/types\/page"}],"author":[{"embeddable":true,"href":"https:\/\/www.sprachschule-aktiv-muenchen.de\/studieren-in-muenchen\/wp-json\/wp\/v2\/users\/1"}],"replies":[{"embeddable":true,"href":"https:\/\/www.sprachschule-aktiv-muenchen.de\/studieren-in-muenchen\/wp-json\/wp\/v2\/comments?post=56"}],"version-history":[{"count":4,"href":"https:\/\/www.sprachschule-aktiv-muenchen.de\/studieren-in-muenchen\/wp-json\/wp\/v2\/pages\/56\/revisions"}],"predecessor-version":[{"id":132,"href":"https:\/\/www.sprachschule-aktiv-muenchen.de\/studieren-in-muenchen\/wp-json\/wp\/v2\/pages\/56\/revisions\/132"}],"wp:attachment":[{"href":"https:\/\/www.sprachschule-aktiv-muenchen.de\/studieren-in-muenchen\/wp-json\/wp\/v2\/media?parent=56"}],"curies":[{"name":"wp","href":"https:\/\/api.w.org\/{rel}","templated":true}]}}