{"id":34,"date":"2022-06-23T08:33:30","date_gmt":"2022-06-23T06:33:30","guid":{"rendered":"https:\/\/www.sprachschule-aktiv-muenchen.de\/studieren-in-muenchen\/?page_id=34"},"modified":"2022-07-30T07:11:58","modified_gmt":"2022-07-30T05:11:58","slug":"das-bildungssystem-in-deutschland","status":"publish","type":"page","link":"https:\/\/www.sprachschule-aktiv-muenchen.de\/studieren-in-muenchen\/das-bildungssystem-in-deutschland\/","title":{"rendered":"Das Bildungssystem in Deutschland"},"content":{"rendered":"<p>[vc_row css=&#8221;.vc_custom_1655965672139{margin-top: 35px !important;}&#8221;][vc_column][vc_column_text]Das deutsche Bildungssystem unterscheidet sich in vielen Aspekten von der Schul- und Universit\u00e4tsstruktur in anderen L\u00e4ndern. Obwohl das deutsche System nicht nur einen guten Ruf hat, birgt es doch auch den einen oder anderen Nachteil. [\/vc_column_text][\/vc_column][\/vc_row][vc_row full_width=&#8221;stretch_row&#8221; css=&#8221;.vc_custom_1655965910092{padding-top: 30px !important;background-color: #f8f8f8 !important;}&#8221;][vc_column][vc_column_text]<\/p>\n<h2>Wie ist das deutsche Schulsystem strukturiert?<\/h2>\n<p>Normalerweise starten Kinder ab dem sechsten Lebensjahr mit der Grundschule, welche vier Jahre dauert. Im Anschluss wird abh\u00e4ngig vom Notendurchschnitt dar\u00fcber entschieden, welche weiterf\u00fchrende Schule die Kinder im Alter von zehn Jahren besuchen d\u00fcrfen. Mindestens 2,0 &#8211; diese Zahl unterliegt Schwankungen &#8211; ben\u00f6tigt der Teenager, um das Gymnasium besuchen zu d\u00fcrfen.[\/vc_column_text][vc_row_inner][vc_column_inner width=&#8221;1\/2&#8243;][vc_single_image image=&#8221;38&#8243; img_size=&#8221;full&#8221;][\/vc_column_inner][vc_column_inner width=&#8221;1\/2&#8243;][vc_column_text]Dieses f\u00fchrt nach 12 oder 13 Jahren zum Abitur und ist die Voraussetzung f\u00fcr ein Hochschulstudium. Wird diese Notendurchschnitt nicht erreicht, stehen noch die Realschule und die Hauptschule zur Verf\u00fcgung. Die Realschule endet mit der zehnten Klasse und leitet meist zu einer Berufsausbildung hin. Die Hauptschule stirbt langsam aus, da der Abschluss dieser Laufbahn, n\u00e4mlich der qualifizierte Hauptschulabschluss, den Jugendlichen oft wenig Chancen bietet. Deshalb geht man auch mehr und mehr zum System der Gesamtschule \u00fcber. Es gibt nach der 10. Klasse jedoch auch die M\u00f6glichkeit, das Fachabitur zu machen und im Anschluss eine Fachhochschule zu besuchen.[\/vc_column_text]\t<div class=\"vc_btn3-container vc_btn3-inline\">\n\t\t<a href=\"https:\/\/www.sprachschule-aktiv-muenchen.de\/studieren-in-muenchen\/kontakt\/\" class=\"pgs_btn pgs_btn_style_1 pgs_btn_xl\">\n\t\t\t<span>\n\t\t\t\tKontaktieren Sie uns\t\t\t<\/span>\n\t\t\t\t\t\t<i class=\"fas fa-angle-double-right\"><\/i>\n\t\t\t\t\t<\/a>\n\t<\/div>\n\t[\/vc_column_inner][\/vc_row_inner][\/vc_column][\/vc_row][vc_row css=&#8221;.vc_custom_1655965986697{padding-top: 30px !important;}&#8221;][vc_column][vc_column_text]<\/p>\n<h2>Wie erreichen Studenten einen akademischen Grad?<\/h2>\n<p>Insgesamt existieren drei Formen von Hochschulen in Deutschland. Da gibt es zun\u00e4chst einmal die Kunst-, Musik- oder Filmhochschulen. Au\u00dferdem laden die bereits erw\u00e4hnten Fachhochschulen zu einem Studium mit einem vergleichsweise hohen Praxisanteil ein. Schlie\u00dflich bieten die Universit\u00e4ten die klassische Akademikerlaufbahn mit den Abschl\u00fcssen Bachelor und Master bis hin zur Promotion, bei Deutschlernen eher bekannt als das Erreichen eines PhDs. Nat\u00fcrlich gibt es auch andere Abschl\u00fcsse wie das Staatsexamen f\u00fcr Lehrer und Mediziner sowie das Diplom, welches eher in naturwissenschaftlichen Richtungen vergeben wird.<\/p>\n<a href=\"https:\/\/www.sprachschule-aktiv-muenchen.de\/deutsch-lernen\/\" target=\"_blank\" rel=\"noopener\"><img decoding=\"async\" class=\"alignnone wp-image-123 size-medium\" src=\"https:\/\/www.sprachschule-aktiv-muenchen.de\/studieren-in-muenchen\/wp-content\/uploads\/2022\/07\/deutsch-lernen-in-muenchen-von-a1-bis-c2-251x300.webp\" alt=\"Deutsch lernen in M\u00fcnchen - Beginn, Termine, Kosten\" width=\"251\" height=\"300\" srcset=\"https:\/\/www.sprachschule-aktiv-muenchen.de\/studieren-in-muenchen\/wp-content\/uploads\/2022\/07\/deutsch-lernen-in-muenchen-von-a1-bis-c2-251x300.webp 251w, https:\/\/www.sprachschule-aktiv-muenchen.de\/studieren-in-muenchen\/wp-content\/uploads\/2022\/07\/deutsch-lernen-in-muenchen-von-a1-bis-c2.webp 300w\" sizes=\"(max-width: 251px) 100vw, 251px\" \/><\/a>\n<h2>Welche Unterrichtsformen charakterisiert das deutsche Bildungssystem?<\/h2>\n<p>W\u00e4hrend es in der Schule vorwiegend den leicht altmodischen Frontalunterricht gibt, der aber mehr und mehr durch Gruppenarbeit und Interaktivit\u00e4t ersetzt wird, bestehen die Vermittlungsformen an Universit\u00e4ten aus Vorlesungen sowie Seminaren. Doch auch hier werden praxisbezogene Teamwork und Projekte immer st\u00e4rker ins Zentrum der wissenschaftlichen Arbeitstechniken ger\u00fcckt.[\/vc_column_text][\/vc_column][\/vc_row][vc_row][vc_column][vc_column_text]<\/p>\n<h3>Studium in M\u00fcnchen &#8211; weitere Beitr\u00e4ge<\/h3>\n<ul>\n<li><a href=\"https:\/\/www.sprachschule-aktiv-muenchen.de\/studieren-in-muenchen\/studium-in-muenchen\/\">Studium in M\u00fcnchen\u00a0<\/a><\/li>\n<li><a href=\"https:\/\/www.sprachschule-aktiv-muenchen.de\/studieren-in-muenchen\/krankenversicherung-fuer-deutschlerner-in-muenchen\/\">Krankenversicherung f\u00fcr Studenten<\/a><\/li>\n<\/ul>\n<p>[\/vc_column_text][\/vc_column][\/vc_row]<\/p>\n","protected":false},"excerpt":{"rendered":"<p>[vc_row css=&#8221;.vc_custom_1655965672139{margin-top: 35px !important;}&#8221;][vc_column][vc_column_text]Das deutsche Bildungssystem unterscheidet sich in vielen Aspekten von der Schul- und Universit\u00e4tsstruktur in anderen L\u00e4ndern. Obwohl das deutsche System nicht nur einen guten Ruf hat, birgt es doch auch den einen oder anderen Nachteil. [\/vc_column_text][\/vc_column][\/vc_row][vc_row full_width=&#8221;stretch_row&#8221; css=&#8221;.vc_custom_1655965910092{padding-top: 30px !important;background-color: #f8f8f8 !important;}&#8221;][vc_column][vc_column_text] Wie ist das deutsche Schulsystem strukturiert? Normalerweise starten Kinder ab&hellip; <a class=\"read-more\" href=\"https:\/\/www.sprachschule-aktiv-muenchen.de\/studieren-in-muenchen\/das-bildungssystem-in-deutschland\/\" title=\"Read Das Bildungssystem in Deutschland\">Read more &raquo;<\/a><\/p>\n","protected":false},"author":1,"featured_media":0,"parent":0,"menu_order":0,"comment_status":"closed","ping_status":"closed","template":"","meta":{"footnotes":""},"class_list":["post-34","page","type-page","status-publish","hentry"],"yoast_head":"<!-- This site is optimized with the Yoast SEO plugin v21.4 - https:\/\/yoast.com\/wordpress\/plugins\/seo\/ -->\n<title>Das Bildungssystem in Deutschland<\/title>\n<meta name=\"description\" content=\"M\u00f6chten Sie in M\u00fcnchen studieren? Erfahren Sie hier \u00fcber das deutsche Bildungssystem in Deutschland &amp; wie das Schulsystem strukturiert ist.\" \/>\n<meta name=\"robots\" content=\"index, follow, max-snippet:-1, max-image-preview:large, max-video-preview:-1\" \/>\n<link rel=\"canonical\" href=\"https:\/\/www.sprachschule-aktiv-muenchen.de\/studieren-in-muenchen\/das-bildungssystem-in-deutschland\/\" \/>\n<meta property=\"og:locale\" content=\"de_DE\" \/>\n<meta property=\"og:type\" content=\"article\" \/>\n<meta property=\"og:title\" content=\"Das Bildungssystem in Deutschland\" \/>\n<meta property=\"og:description\" content=\"M\u00f6chten Sie in M\u00fcnchen studieren? Erfahren Sie hier \u00fcber das deutsche Bildungssystem in Deutschland &amp; wie das Schulsystem strukturiert ist.\" \/>\n<meta property=\"og:url\" content=\"https:\/\/www.sprachschule-aktiv-muenchen.de\/studieren-in-muenchen\/das-bildungssystem-in-deutschland\/\" \/>\n<meta property=\"og:site_name\" content=\"Studieren in M\u00fcnchen\" \/>\n<meta property=\"article:modified_time\" content=\"2022-07-30T05:11:58+00:00\" \/>\n<meta property=\"og:image\" content=\"https:\/\/www.sprachschule-aktiv-muenchen.de\/studieren-in-muenchen\/wp-content\/uploads\/2022\/07\/deutsch-lernen-in-muenchen-von-a1-bis-c2-251x300.webp\" \/>\n<meta name=\"twitter:card\" content=\"summary_large_image\" \/>\n<meta name=\"twitter:label1\" content=\"Gesch\u00e4tzte Lesezeit\" \/>\n\t<meta name=\"twitter:data1\" content=\"3\u00a0Minuten\" \/>\n<script type=\"application\/ld+json\" class=\"yoast-schema-graph\">{\"@context\":\"https:\/\/schema.org\",\"@graph\":[{\"@type\":\"WebPage\",\"@id\":\"https:\/\/www.sprachschule-aktiv-muenchen.de\/studieren-in-muenchen\/das-bildungssystem-in-deutschland\/\",\"url\":\"https:\/\/www.sprachschule-aktiv-muenchen.de\/studieren-in-muenchen\/das-bildungssystem-in-deutschland\/\",\"name\":\"Das Bildungssystem in Deutschland\",\"isPartOf\":{\"@id\":\"https:\/\/www.sprachschule-aktiv-muenchen.de\/studieren-in-muenchen\/#website\"},\"datePublished\":\"2022-06-23T06:33:30+00:00\",\"dateModified\":\"2022-07-30T05:11:58+00:00\",\"description\":\"M\u00f6chten Sie in M\u00fcnchen studieren? Erfahren Sie hier \u00fcber das deutsche Bildungssystem in Deutschland & wie das Schulsystem strukturiert ist.\",\"breadcrumb\":{\"@id\":\"https:\/\/www.sprachschule-aktiv-muenchen.de\/studieren-in-muenchen\/das-bildungssystem-in-deutschland\/#breadcrumb\"},\"inLanguage\":\"de\",\"potentialAction\":[{\"@type\":\"ReadAction\",\"target\":[\"https:\/\/www.sprachschule-aktiv-muenchen.de\/studieren-in-muenchen\/das-bildungssystem-in-deutschland\/\"]}]},{\"@type\":\"BreadcrumbList\",\"@id\":\"https:\/\/www.sprachschule-aktiv-muenchen.de\/studieren-in-muenchen\/das-bildungssystem-in-deutschland\/#breadcrumb\",\"itemListElement\":[{\"@type\":\"ListItem\",\"position\":1,\"name\":\"Startseite\",\"item\":\"https:\/\/www.sprachschule-aktiv-muenchen.de\/studieren-in-muenchen\/\"},{\"@type\":\"ListItem\",\"position\":2,\"name\":\"Das Bildungssystem in Deutschland\"}]},{\"@type\":\"WebSite\",\"@id\":\"https:\/\/www.sprachschule-aktiv-muenchen.de\/studieren-in-muenchen\/#website\",\"url\":\"https:\/\/www.sprachschule-aktiv-muenchen.de\/studieren-in-muenchen\/\",\"name\":\"Studieren in M\u00fcnchen\",\"description\":\"\",\"potentialAction\":[{\"@type\":\"SearchAction\",\"target\":{\"@type\":\"EntryPoint\",\"urlTemplate\":\"https:\/\/www.sprachschule-aktiv-muenchen.de\/studieren-in-muenchen\/?s={search_term_string}\"},\"query-input\":\"required name=search_term_string\"}],\"inLanguage\":\"de\"}]}<\/script>\n<!-- \/ Yoast SEO plugin. -->","yoast_head_json":{"title":"Das Bildungssystem in Deutschland","description":"M\u00f6chten Sie in M\u00fcnchen studieren? Erfahren Sie hier \u00fcber das deutsche Bildungssystem in Deutschland & wie das Schulsystem strukturiert ist.","robots":{"index":"index","follow":"follow","max-snippet":"max-snippet:-1","max-image-preview":"max-image-preview:large","max-video-preview":"max-video-preview:-1"},"canonical":"https:\/\/www.sprachschule-aktiv-muenchen.de\/studieren-in-muenchen\/das-bildungssystem-in-deutschland\/","og_locale":"de_DE","og_type":"article","og_title":"Das Bildungssystem in Deutschland","og_description":"M\u00f6chten Sie in M\u00fcnchen studieren? Erfahren Sie hier \u00fcber das deutsche Bildungssystem in Deutschland & wie das Schulsystem strukturiert ist.","og_url":"https:\/\/www.sprachschule-aktiv-muenchen.de\/studieren-in-muenchen\/das-bildungssystem-in-deutschland\/","og_site_name":"Studieren in M\u00fcnchen","article_modified_time":"2022-07-30T05:11:58+00:00","og_image":[{"url":"https:\/\/www.sprachschule-aktiv-muenchen.de\/studieren-in-muenchen\/wp-content\/uploads\/2022\/07\/deutsch-lernen-in-muenchen-von-a1-bis-c2-251x300.webp"}],"twitter_card":"summary_large_image","twitter_misc":{"Gesch\u00e4tzte Lesezeit":"3\u00a0Minuten"},"schema":{"@context":"https:\/\/schema.org","@graph":[{"@type":"WebPage","@id":"https:\/\/www.sprachschule-aktiv-muenchen.de\/studieren-in-muenchen\/das-bildungssystem-in-deutschland\/","url":"https:\/\/www.sprachschule-aktiv-muenchen.de\/studieren-in-muenchen\/das-bildungssystem-in-deutschland\/","name":"Das Bildungssystem in Deutschland","isPartOf":{"@id":"https:\/\/www.sprachschule-aktiv-muenchen.de\/studieren-in-muenchen\/#website"},"datePublished":"2022-06-23T06:33:30+00:00","dateModified":"2022-07-30T05:11:58+00:00","description":"M\u00f6chten Sie in M\u00fcnchen studieren? Erfahren Sie hier \u00fcber das deutsche Bildungssystem in Deutschland & wie das Schulsystem strukturiert ist.","breadcrumb":{"@id":"https:\/\/www.sprachschule-aktiv-muenchen.de\/studieren-in-muenchen\/das-bildungssystem-in-deutschland\/#breadcrumb"},"inLanguage":"de","potentialAction":[{"@type":"ReadAction","target":["https:\/\/www.sprachschule-aktiv-muenchen.de\/studieren-in-muenchen\/das-bildungssystem-in-deutschland\/"]}]},{"@type":"BreadcrumbList","@id":"https:\/\/www.sprachschule-aktiv-muenchen.de\/studieren-in-muenchen\/das-bildungssystem-in-deutschland\/#breadcrumb","itemListElement":[{"@type":"ListItem","position":1,"name":"Startseite","item":"https:\/\/www.sprachschule-aktiv-muenchen.de\/studieren-in-muenchen\/"},{"@type":"ListItem","position":2,"name":"Das Bildungssystem in Deutschland"}]},{"@type":"WebSite","@id":"https:\/\/www.sprachschule-aktiv-muenchen.de\/studieren-in-muenchen\/#website","url":"https:\/\/www.sprachschule-aktiv-muenchen.de\/studieren-in-muenchen\/","name":"Studieren in M\u00fcnchen","description":"","potentialAction":[{"@type":"SearchAction","target":{"@type":"EntryPoint","urlTemplate":"https:\/\/www.sprachschule-aktiv-muenchen.de\/studieren-in-muenchen\/?s={search_term_string}"},"query-input":"required name=search_term_string"}],"inLanguage":"de"}]}},"_links":{"self":[{"href":"https:\/\/www.sprachschule-aktiv-muenchen.de\/studieren-in-muenchen\/wp-json\/wp\/v2\/pages\/34","targetHints":{"allow":["GET"]}}],"collection":[{"href":"https:\/\/www.sprachschule-aktiv-muenchen.de\/studieren-in-muenchen\/wp-json\/wp\/v2\/pages"}],"about":[{"href":"https:\/\/www.sprachschule-aktiv-muenchen.de\/studieren-in-muenchen\/wp-json\/wp\/v2\/types\/page"}],"author":[{"embeddable":true,"href":"https:\/\/www.sprachschule-aktiv-muenchen.de\/studieren-in-muenchen\/wp-json\/wp\/v2\/users\/1"}],"replies":[{"embeddable":true,"href":"https:\/\/www.sprachschule-aktiv-muenchen.de\/studieren-in-muenchen\/wp-json\/wp\/v2\/comments?post=34"}],"version-history":[{"count":11,"href":"https:\/\/www.sprachschule-aktiv-muenchen.de\/studieren-in-muenchen\/wp-json\/wp\/v2\/pages\/34\/revisions"}],"predecessor-version":[{"id":150,"href":"https:\/\/www.sprachschule-aktiv-muenchen.de\/studieren-in-muenchen\/wp-json\/wp\/v2\/pages\/34\/revisions\/150"}],"wp:attachment":[{"href":"https:\/\/www.sprachschule-aktiv-muenchen.de\/studieren-in-muenchen\/wp-json\/wp\/v2\/media?parent=34"}],"curies":[{"name":"wp","href":"https:\/\/api.w.org\/{rel}","templated":true}]}}