{"id":207,"date":"2022-11-24T17:45:54","date_gmt":"2022-11-24T16:45:54","guid":{"rendered":"https:\/\/www.sprachschule-aktiv-muenchen.de\/studieren-in-muenchen\/?page_id=207"},"modified":"2023-10-11T06:22:29","modified_gmt":"2023-10-11T04:22:29","slug":"beratungsnetzwerk-fuer-studierende-aus-dem-ausland","status":"publish","type":"page","link":"https:\/\/www.sprachschule-aktiv-muenchen.de\/studieren-in-muenchen\/beratungsnetzwerk-fuer-studierende-aus-dem-ausland\/","title":{"rendered":"Studentenwerk M\u00fcnchen"},"content":{"rendered":"<h2>Beratungsnetzwerk f\u00fcr Studierende aus dem Ausland in M\u00fcnchen<\/h2>\n<p>Mutig, voller Hoffnung sowie mit viel Elan kommen die Studenten aus dem Ausland nach M\u00fcnchen, um eine hochwertige Ausbildung an einer M\u00fcnchner Hochschule zu beginnen. Doch l\u00e4uft nicht alles immer reibungslos. B\u00fcrokratie, kulturelle Unterschiede oder der Mangel an sozialen Kontakten k\u00f6nnen den internationalen Studenten schwer zu schaffen machen. Das Beratungsnetzwerk des Studentenwerks M\u00fcnchen hilft.<\/p>\n<figure id=\"attachment_208\" class=\"wp-caption alignnone\" ><img decoding=\"async\" class=\"size-full wp-image-208\" src=\"https:\/\/www.sprachschule-aktiv-muenchen.de\/studieren-in-muenchen\/wp-content\/uploads\/2022\/11\/eratungsnetzwerk-fuer-studierende-aus-dem-ausland.webp\" alt=\"Beratungsnetzwerk f\u00fcr Studierende aus dem Ausland in M\u00fcnchen \" width=\"770\" height=\"723\" srcset=\"https:\/\/www.sprachschule-aktiv-muenchen.de\/studieren-in-muenchen\/wp-content\/uploads\/2022\/11\/eratungsnetzwerk-fuer-studierende-aus-dem-ausland.webp 770w, https:\/\/www.sprachschule-aktiv-muenchen.de\/studieren-in-muenchen\/wp-content\/uploads\/2022\/11\/eratungsnetzwerk-fuer-studierende-aus-dem-ausland-300x282.webp 300w, https:\/\/www.sprachschule-aktiv-muenchen.de\/studieren-in-muenchen\/wp-content\/uploads\/2022\/11\/eratungsnetzwerk-fuer-studierende-aus-dem-ausland-768x721.webp 768w\" sizes=\"(max-width: 770px) 100vw, 770px\" \/><figcaption class=\"wp-caption-text\">Beratungsnetzwerk f\u00fcr Studierende aus dem Ausland in M\u00fcnchen<\/figcaption><\/figure>\n<h2>In welchen problematischen Situationen erhalten Sie Antworten auf Ihre Fragen?<\/h2>\n<p>Die meisten Probleme haben die Studenten aus dem Ausland, wenn es darum geht, sich im Studium zu orientieren, Beh\u00f6rdeng\u00e4nge zu meistern, ihren Lebensunterhalt zu finanzieren und auch Kontakte zu anderen Kommilitonen zu finden. Anmerkung des Autors: Z\u00f6gern Sie also nicht, sich an die jeweiligen Stellen zu wenden, denn Sie sind nicht die\/der einzige StudentInnen, der vielleicht \u00fcber wenig Geld verf\u00fcgt, sich in der neuen Stadt etwas verloren und einsam f\u00fchlt sowie den b\u00fcrokratischen Dschungel f\u00fcrchtet!<\/p>\n<h2>Wie kann das Beratungsnetzwerk international Studierenden in M\u00fcnchen helfen?<\/h2>\n<p>Es gibt zahlreiche Beratungsstellen, in denen sich die BeraterInnen wirklich Zeit nehmen, um mit Ihnen zun\u00e4chst einmal ausf\u00fchrlich \u00fcber Ihre Probleme zu sprechen. Dabei werden Fragen beantwortet und konkrete L\u00f6sungsvorschl\u00e4ge gemacht. Die Berater unterst\u00fctzen Sie zus\u00e4tzlich hinsichtlich des Austauschs mit anderen Gruppierungen, beispielsweise, um preiswerte Kulturangebote zu nutzen oder Menschen mit gleichen Interessen zu treffen.<\/p>\n<h2>Welche Beratungsstellen gibt es in M\u00fcnchen?<\/h2>\n<p>Neben der allgemeinen und sozialen Beratung gibt es Anlaufstellen f\u00fcr Unterkunftsprobleme, aber auch eine psychotherapeutische &#8211; oder Rechtsberatung. Au\u00dferdem existieren Beratungsstellen mit der Zust\u00e4ndigkeit f\u00fcr sexuelle Bel\u00e4stigung, Diskriminierung und Gewalt sowie f\u00fcr Schwangere und alleinerziehende Studierende aus dem Ausland. Dar\u00fcber hinaus gibt es noch viele weitere Anlaufstellen und Informationen, welche Sie unter dem folgenden Link erhalten: <a href=\"https:\/\/www.studentenwerk-muenchen.de\/beratungsnetzwerk\/auslaendische-studierende\/\" target=\"_blank\" rel=\"noopener\">https:\/\/www.studentenwerk-muenchen.de\/beratungsnetzwerk\/auslaendische-studierende\/<\/a>.<\/p>\n","protected":false},"excerpt":{"rendered":"<p>Beratungsnetzwerk f\u00fcr Studierende aus dem Ausland in M\u00fcnchen Mutig, voller Hoffnung sowie mit viel Elan kommen die Studenten aus dem Ausland nach M\u00fcnchen, um eine hochwertige Ausbildung an einer M\u00fcnchner Hochschule zu beginnen. Doch l\u00e4uft nicht alles immer reibungslos. B\u00fcrokratie, kulturelle Unterschiede oder der Mangel an sozialen Kontakten k\u00f6nnen den internationalen Studenten schwer zu schaffen&hellip; <a class=\"read-more\" href=\"https:\/\/www.sprachschule-aktiv-muenchen.de\/studieren-in-muenchen\/beratungsnetzwerk-fuer-studierende-aus-dem-ausland\/\" title=\"Read Studentenwerk M\u00fcnchen\">Read more &raquo;<\/a><\/p>\n","protected":false},"author":2,"featured_media":0,"parent":0,"menu_order":0,"comment_status":"closed","ping_status":"closed","template":"","meta":{"footnotes":""},"class_list":["post-207","page","type-page","status-publish","hentry"],"yoast_head":"<!-- This site is optimized with the Yoast SEO plugin v21.4 - https:\/\/yoast.com\/wordpress\/plugins\/seo\/ -->\n<title>Studentenwerk M\u00fcnchen - Beratungsnetzwerk<\/title>\n<meta name=\"description\" content=\"Das Beratungsnetzwerk des Studentenwerks M\u00fcnchen hilft Studenten aus dem Ausland bei B\u00fcrokratie, Lebensunterhalt zu finanzieren, etc...\" \/>\n<meta name=\"robots\" content=\"index, follow, max-snippet:-1, max-image-preview:large, max-video-preview:-1\" \/>\n<link rel=\"canonical\" href=\"https:\/\/www.sprachschule-aktiv-muenchen.de\/studieren-in-muenchen\/beratungsnetzwerk-fuer-studierende-aus-dem-ausland\/\" \/>\n<meta property=\"og:locale\" content=\"de_DE\" \/>\n<meta property=\"og:type\" content=\"article\" \/>\n<meta property=\"og:title\" content=\"Studentenwerk M\u00fcnchen - Beratungsnetzwerk\" \/>\n<meta property=\"og:description\" content=\"Das Beratungsnetzwerk des Studentenwerks M\u00fcnchen hilft Studenten aus dem Ausland bei B\u00fcrokratie, Lebensunterhalt zu finanzieren, etc...\" \/>\n<meta property=\"og:url\" content=\"https:\/\/www.sprachschule-aktiv-muenchen.de\/studieren-in-muenchen\/beratungsnetzwerk-fuer-studierende-aus-dem-ausland\/\" \/>\n<meta property=\"og:site_name\" content=\"Studieren in M\u00fcnchen\" \/>\n<meta property=\"article:modified_time\" content=\"2023-10-11T04:22:29+00:00\" \/>\n<meta property=\"og:image\" content=\"https:\/\/www.sprachschule-aktiv-muenchen.de\/studieren-in-muenchen\/wp-content\/uploads\/2022\/11\/eratungsnetzwerk-fuer-studierende-aus-dem-ausland.webp\" \/>\n<meta name=\"twitter:card\" content=\"summary_large_image\" \/>\n<meta name=\"twitter:label1\" content=\"Gesch\u00e4tzte Lesezeit\" \/>\n\t<meta name=\"twitter:data1\" content=\"2\u00a0Minuten\" \/>\n<script type=\"application\/ld+json\" class=\"yoast-schema-graph\">{\"@context\":\"https:\/\/schema.org\",\"@graph\":[{\"@type\":\"WebPage\",\"@id\":\"https:\/\/www.sprachschule-aktiv-muenchen.de\/studieren-in-muenchen\/beratungsnetzwerk-fuer-studierende-aus-dem-ausland\/\",\"url\":\"https:\/\/www.sprachschule-aktiv-muenchen.de\/studieren-in-muenchen\/beratungsnetzwerk-fuer-studierende-aus-dem-ausland\/\",\"name\":\"Studentenwerk M\u00fcnchen - Beratungsnetzwerk\",\"isPartOf\":{\"@id\":\"https:\/\/www.sprachschule-aktiv-muenchen.de\/studieren-in-muenchen\/#website\"},\"datePublished\":\"2022-11-24T16:45:54+00:00\",\"dateModified\":\"2023-10-11T04:22:29+00:00\",\"description\":\"Das Beratungsnetzwerk des Studentenwerks M\u00fcnchen hilft Studenten aus dem Ausland bei B\u00fcrokratie, Lebensunterhalt zu finanzieren, etc...\",\"breadcrumb\":{\"@id\":\"https:\/\/www.sprachschule-aktiv-muenchen.de\/studieren-in-muenchen\/beratungsnetzwerk-fuer-studierende-aus-dem-ausland\/#breadcrumb\"},\"inLanguage\":\"de\",\"potentialAction\":[{\"@type\":\"ReadAction\",\"target\":[\"https:\/\/www.sprachschule-aktiv-muenchen.de\/studieren-in-muenchen\/beratungsnetzwerk-fuer-studierende-aus-dem-ausland\/\"]}]},{\"@type\":\"BreadcrumbList\",\"@id\":\"https:\/\/www.sprachschule-aktiv-muenchen.de\/studieren-in-muenchen\/beratungsnetzwerk-fuer-studierende-aus-dem-ausland\/#breadcrumb\",\"itemListElement\":[{\"@type\":\"ListItem\",\"position\":1,\"name\":\"Startseite\",\"item\":\"https:\/\/www.sprachschule-aktiv-muenchen.de\/studieren-in-muenchen\/\"},{\"@type\":\"ListItem\",\"position\":2,\"name\":\"Studentenwerk M\u00fcnchen\"}]},{\"@type\":\"WebSite\",\"@id\":\"https:\/\/www.sprachschule-aktiv-muenchen.de\/studieren-in-muenchen\/#website\",\"url\":\"https:\/\/www.sprachschule-aktiv-muenchen.de\/studieren-in-muenchen\/\",\"name\":\"Studieren in M\u00fcnchen\",\"description\":\"\",\"potentialAction\":[{\"@type\":\"SearchAction\",\"target\":{\"@type\":\"EntryPoint\",\"urlTemplate\":\"https:\/\/www.sprachschule-aktiv-muenchen.de\/studieren-in-muenchen\/?s={search_term_string}\"},\"query-input\":\"required name=search_term_string\"}],\"inLanguage\":\"de\"}]}<\/script>\n<!-- \/ Yoast SEO plugin. -->","yoast_head_json":{"title":"Studentenwerk M\u00fcnchen - Beratungsnetzwerk","description":"Das Beratungsnetzwerk des Studentenwerks M\u00fcnchen hilft Studenten aus dem Ausland bei B\u00fcrokratie, Lebensunterhalt zu finanzieren, etc...","robots":{"index":"index","follow":"follow","max-snippet":"max-snippet:-1","max-image-preview":"max-image-preview:large","max-video-preview":"max-video-preview:-1"},"canonical":"https:\/\/www.sprachschule-aktiv-muenchen.de\/studieren-in-muenchen\/beratungsnetzwerk-fuer-studierende-aus-dem-ausland\/","og_locale":"de_DE","og_type":"article","og_title":"Studentenwerk M\u00fcnchen - Beratungsnetzwerk","og_description":"Das Beratungsnetzwerk des Studentenwerks M\u00fcnchen hilft Studenten aus dem Ausland bei B\u00fcrokratie, Lebensunterhalt zu finanzieren, etc...","og_url":"https:\/\/www.sprachschule-aktiv-muenchen.de\/studieren-in-muenchen\/beratungsnetzwerk-fuer-studierende-aus-dem-ausland\/","og_site_name":"Studieren in M\u00fcnchen","article_modified_time":"2023-10-11T04:22:29+00:00","og_image":[{"url":"https:\/\/www.sprachschule-aktiv-muenchen.de\/studieren-in-muenchen\/wp-content\/uploads\/2022\/11\/eratungsnetzwerk-fuer-studierende-aus-dem-ausland.webp"}],"twitter_card":"summary_large_image","twitter_misc":{"Gesch\u00e4tzte Lesezeit":"2\u00a0Minuten"},"schema":{"@context":"https:\/\/schema.org","@graph":[{"@type":"WebPage","@id":"https:\/\/www.sprachschule-aktiv-muenchen.de\/studieren-in-muenchen\/beratungsnetzwerk-fuer-studierende-aus-dem-ausland\/","url":"https:\/\/www.sprachschule-aktiv-muenchen.de\/studieren-in-muenchen\/beratungsnetzwerk-fuer-studierende-aus-dem-ausland\/","name":"Studentenwerk M\u00fcnchen - Beratungsnetzwerk","isPartOf":{"@id":"https:\/\/www.sprachschule-aktiv-muenchen.de\/studieren-in-muenchen\/#website"},"datePublished":"2022-11-24T16:45:54+00:00","dateModified":"2023-10-11T04:22:29+00:00","description":"Das Beratungsnetzwerk des Studentenwerks M\u00fcnchen hilft Studenten aus dem Ausland bei B\u00fcrokratie, Lebensunterhalt zu finanzieren, etc...","breadcrumb":{"@id":"https:\/\/www.sprachschule-aktiv-muenchen.de\/studieren-in-muenchen\/beratungsnetzwerk-fuer-studierende-aus-dem-ausland\/#breadcrumb"},"inLanguage":"de","potentialAction":[{"@type":"ReadAction","target":["https:\/\/www.sprachschule-aktiv-muenchen.de\/studieren-in-muenchen\/beratungsnetzwerk-fuer-studierende-aus-dem-ausland\/"]}]},{"@type":"BreadcrumbList","@id":"https:\/\/www.sprachschule-aktiv-muenchen.de\/studieren-in-muenchen\/beratungsnetzwerk-fuer-studierende-aus-dem-ausland\/#breadcrumb","itemListElement":[{"@type":"ListItem","position":1,"name":"Startseite","item":"https:\/\/www.sprachschule-aktiv-muenchen.de\/studieren-in-muenchen\/"},{"@type":"ListItem","position":2,"name":"Studentenwerk M\u00fcnchen"}]},{"@type":"WebSite","@id":"https:\/\/www.sprachschule-aktiv-muenchen.de\/studieren-in-muenchen\/#website","url":"https:\/\/www.sprachschule-aktiv-muenchen.de\/studieren-in-muenchen\/","name":"Studieren in M\u00fcnchen","description":"","potentialAction":[{"@type":"SearchAction","target":{"@type":"EntryPoint","urlTemplate":"https:\/\/www.sprachschule-aktiv-muenchen.de\/studieren-in-muenchen\/?s={search_term_string}"},"query-input":"required name=search_term_string"}],"inLanguage":"de"}]}},"_links":{"self":[{"href":"https:\/\/www.sprachschule-aktiv-muenchen.de\/studieren-in-muenchen\/wp-json\/wp\/v2\/pages\/207","targetHints":{"allow":["GET"]}}],"collection":[{"href":"https:\/\/www.sprachschule-aktiv-muenchen.de\/studieren-in-muenchen\/wp-json\/wp\/v2\/pages"}],"about":[{"href":"https:\/\/www.sprachschule-aktiv-muenchen.de\/studieren-in-muenchen\/wp-json\/wp\/v2\/types\/page"}],"author":[{"embeddable":true,"href":"https:\/\/www.sprachschule-aktiv-muenchen.de\/studieren-in-muenchen\/wp-json\/wp\/v2\/users\/2"}],"replies":[{"embeddable":true,"href":"https:\/\/www.sprachschule-aktiv-muenchen.de\/studieren-in-muenchen\/wp-json\/wp\/v2\/comments?post=207"}],"version-history":[{"count":4,"href":"https:\/\/www.sprachschule-aktiv-muenchen.de\/studieren-in-muenchen\/wp-json\/wp\/v2\/pages\/207\/revisions"}],"predecessor-version":[{"id":224,"href":"https:\/\/www.sprachschule-aktiv-muenchen.de\/studieren-in-muenchen\/wp-json\/wp\/v2\/pages\/207\/revisions\/224"}],"wp:attachment":[{"href":"https:\/\/www.sprachschule-aktiv-muenchen.de\/studieren-in-muenchen\/wp-json\/wp\/v2\/media?parent=207"}],"curies":[{"name":"wp","href":"https:\/\/api.w.org\/{rel}","templated":true}]}}