{"id":170,"date":"2022-09-04T06:42:05","date_gmt":"2022-09-04T04:42:05","guid":{"rendered":"https:\/\/www.sprachschule-aktiv-muenchen.de\/studieren-in-muenchen\/?page_id=170"},"modified":"2022-09-04T06:42:05","modified_gmt":"2022-09-04T04:42:05","slug":"warum-studiert-man-in-muenchen-8-witzige-fakten","status":"publish","type":"page","link":"https:\/\/www.sprachschule-aktiv-muenchen.de\/studieren-in-muenchen\/warum-studiert-man-in-muenchen-8-witzige-fakten\/","title":{"rendered":"Warum studiert man in M\u00fcnchen? 8 interessante &#038; witzige Fakten"},"content":{"rendered":"<p>Neben renommierten Universit\u00e4ten und interessanten Arbeitgebern sowie einem spannenden urbanen Umfeld mit vielen Ausgehm\u00f6glichkeiten ist die Stadt auch mit allerlei Kuriosit\u00e4ten ausgestattet. Hier k\u00f6nnen Sie einige Fakten \u00fcber M\u00fcnchen entdecken, die der Stadt noch einmal einen ganz eigenen Charme geben.<\/p>\n<figure id=\"attachment_171\" class=\"wp-caption alignnone\" ><img decoding=\"async\" class=\"size-full wp-image-171\" src=\"https:\/\/www.sprachschule-aktiv-muenchen.de\/studieren-in-muenchen\/wp-content\/uploads\/2022\/09\/warum-studiert-man-in-muenchen-8-witzige-fakten.webp\" alt=\"Warum studiert man in M\u00fcnchen? 8 interessante und witzige Fakten \u00fcber die Landeshauptstadt \" width=\"770\" height=\"723\" srcset=\"https:\/\/www.sprachschule-aktiv-muenchen.de\/studieren-in-muenchen\/wp-content\/uploads\/2022\/09\/warum-studiert-man-in-muenchen-8-witzige-fakten.webp 770w, https:\/\/www.sprachschule-aktiv-muenchen.de\/studieren-in-muenchen\/wp-content\/uploads\/2022\/09\/warum-studiert-man-in-muenchen-8-witzige-fakten-300x282.webp 300w, https:\/\/www.sprachschule-aktiv-muenchen.de\/studieren-in-muenchen\/wp-content\/uploads\/2022\/09\/warum-studiert-man-in-muenchen-8-witzige-fakten-768x721.webp 768w\" sizes=\"(max-width: 770px) 100vw, 770px\" \/><figcaption class=\"wp-caption-text\">Warum studiert man in M\u00fcnchen? 8 interessante und witzige Fakten!<\/figcaption><\/figure>\n<ol>\n<li>\n<h2>Nicht zu hoch hinaus bitte!<\/h2>\n<\/li>\n<\/ol>\n<p>Alle Geb\u00e4ude in der Innenstadt sind himmelw\u00e4rts limitiert. Der Grund ist, dass kein Haus h\u00f6her sein darf als das Wahrzeichen M\u00fcnchens, n\u00e4mlich die beiden T\u00fcrme der Frauenkirche. Somit ist die H\u00f6he aller anderen Geb\u00e4ude auf 100 Meter begrenzt.<\/p>\n<ol start=\"2\">\n<li>\n<h2>Vergleichsweise sonnenverw\u00f6hnt!<\/h2>\n<\/li>\n<\/ol>\n<p>M\u00fcnchen ist die Gro\u00dfstadt in Deutschland, in der am h\u00e4ufigsten die Sonne scheint. \u00dcber f\u00fcnf Stunden pro Tag erhellt der gelbe Planet unsere Gem\u00fcter.<\/p>\n<ol start=\"3\">\n<li>\n<h2>Fliegende Mitbewohner<\/h2>\n<\/li>\n<\/ol>\n<p>Wir sind tats\u00e4chlich nicht alleine, denn wir M\u00fcnchner aus dem In- und Ausland teilen die Metropole mit ungef\u00e4hr 40000 Tauben.<\/p>\n<ol start=\"4\">\n<li>\n<h2>Auto mit eigener Postleitzahl<\/h2>\n<\/li>\n<\/ol>\n<p>Auf dem ganzen Erdball ist der Hersteller BMW ( Bayerische Motoren Werke ) und nat\u00fcrlich seine Produkte bekannt. Die Entwicklung und die Geschichte der Traditionsmarke kann man im BMW Museum bestaunen. Erstaunlich: BMW hat sogar eine eigene Postleitzahl, n\u00e4mlich 80788.<\/p>\n<ol start=\"5\">\n<li>\n<h2>Historisches WC<\/h2>\n<\/li>\n<\/ol>\n<p>Man kann es kaum glauben, aber das \u00e4lteste Geb\u00e4ude in M\u00fcnchen ist eine Toilette. Das Klo aus dem Jahre 1260 wurde w\u00e4hrend Ausgrabungsarbeiten im Marienhof entdeckt.<\/p>\n<ol start=\"6\">\n<li>\n<h2>Eine Lichtgestalt bei der Arbeit<\/h2>\n<\/li>\n<\/ol>\n<p>Ein Zelt auf dem Oktoberfest wurde 1896 mittels Gl\u00fchbirnen beleuchtet. Der Gehilfe, der diese im Schottenhamel-Zelt einschraubte, war damals noch v\u00f6llig unbekannt. Seine Name war Albert Einstein.<\/p>\n<ol start=\"7\">\n<li>\n<h2>Kling Gl\u00f6ckchen!<\/h2>\n<\/li>\n<\/ol>\n<p>Jeden Tag um 11 Uhr und 12 Uhr sowie im Sommer um 17 Uhr ert\u00f6nt das Glockenspiel am neuen Rathaus. Man geht davon aus, dass es sich dabei um das gr\u00f6\u00dfte Glockenspiel in der Bundesrepublik handelt.<\/p>\n<ol start=\"8\">\n<li>\n<h2>Es lebe die Kunst!<\/h2>\n<\/li>\n<\/ol>\n<p>In M\u00fcnchen leben und arbeiten 10962 K\u00fcnstler und lassen sich teilweise von dem bayerischen Lebensstil inspirieren. \u00dcber 40000 Personen sind in der Kulturwirtschaft besch\u00e4ftigt und sorgen f\u00fcr spannende Events.<\/p>\n","protected":false},"excerpt":{"rendered":"<p>Neben renommierten Universit\u00e4ten und interessanten Arbeitgebern sowie einem spannenden urbanen Umfeld mit vielen Ausgehm\u00f6glichkeiten ist die Stadt auch mit allerlei Kuriosit\u00e4ten ausgestattet. Hier k\u00f6nnen Sie einige Fakten \u00fcber M\u00fcnchen entdecken, die der Stadt noch einmal einen ganz eigenen Charme geben. Nicht zu hoch hinaus bitte! Alle Geb\u00e4ude in der Innenstadt sind himmelw\u00e4rts limitiert. Der Grund&hellip; <a class=\"read-more\" href=\"https:\/\/www.sprachschule-aktiv-muenchen.de\/studieren-in-muenchen\/warum-studiert-man-in-muenchen-8-witzige-fakten\/\" title=\"Read Warum studiert man in M\u00fcnchen? 8 interessante &#038; witzige Fakten\">Read more &raquo;<\/a><\/p>\n","protected":false},"author":2,"featured_media":0,"parent":0,"menu_order":0,"comment_status":"closed","ping_status":"closed","template":"","meta":{"footnotes":""},"class_list":["post-170","page","type-page","status-publish","hentry"],"yoast_head":"<!-- This site is optimized with the Yoast SEO plugin v21.4 - https:\/\/yoast.com\/wordpress\/plugins\/seo\/ -->\n<title>Warum studiert man in M\u00fcnchen? 8 witzige Fakten<\/title>\n<meta name=\"description\" content=\"M\u00fcnchen ist mit renommierten Universit\u00e4ten, Arbeitgebern sowie allerlei Kuriosit\u00e4ten ausgestattet. 8 witzige Fakten \u00fcber M\u00fcnchen!\" \/>\n<meta name=\"robots\" content=\"index, follow, max-snippet:-1, max-image-preview:large, max-video-preview:-1\" \/>\n<link rel=\"canonical\" href=\"https:\/\/www.sprachschule-aktiv-muenchen.de\/studieren-in-muenchen\/warum-studiert-man-in-muenchen-8-witzige-fakten\/\" \/>\n<meta property=\"og:locale\" content=\"de_DE\" \/>\n<meta property=\"og:type\" content=\"article\" \/>\n<meta property=\"og:title\" content=\"Warum studiert man in M\u00fcnchen? 8 witzige Fakten\" \/>\n<meta property=\"og:description\" content=\"M\u00fcnchen ist mit renommierten Universit\u00e4ten, Arbeitgebern sowie allerlei Kuriosit\u00e4ten ausgestattet. 8 witzige Fakten \u00fcber M\u00fcnchen!\" \/>\n<meta property=\"og:url\" content=\"https:\/\/www.sprachschule-aktiv-muenchen.de\/studieren-in-muenchen\/warum-studiert-man-in-muenchen-8-witzige-fakten\/\" \/>\n<meta property=\"og:site_name\" content=\"Studieren in M\u00fcnchen\" \/>\n<meta property=\"og:image\" content=\"https:\/\/www.sprachschule-aktiv-muenchen.de\/studieren-in-muenchen\/wp-content\/uploads\/2022\/09\/warum-studiert-man-in-muenchen-8-witzige-fakten.webp\" \/>\n<meta name=\"twitter:card\" content=\"summary_large_image\" \/>\n<meta name=\"twitter:label1\" content=\"Gesch\u00e4tzte Lesezeit\" \/>\n\t<meta name=\"twitter:data1\" content=\"2\u00a0Minuten\" \/>\n<script type=\"application\/ld+json\" class=\"yoast-schema-graph\">{\"@context\":\"https:\/\/schema.org\",\"@graph\":[{\"@type\":\"WebPage\",\"@id\":\"https:\/\/www.sprachschule-aktiv-muenchen.de\/studieren-in-muenchen\/warum-studiert-man-in-muenchen-8-witzige-fakten\/\",\"url\":\"https:\/\/www.sprachschule-aktiv-muenchen.de\/studieren-in-muenchen\/warum-studiert-man-in-muenchen-8-witzige-fakten\/\",\"name\":\"Warum studiert man in M\u00fcnchen? 8 witzige Fakten\",\"isPartOf\":{\"@id\":\"https:\/\/www.sprachschule-aktiv-muenchen.de\/studieren-in-muenchen\/#website\"},\"datePublished\":\"2022-09-04T04:42:05+00:00\",\"dateModified\":\"2022-09-04T04:42:05+00:00\",\"description\":\"M\u00fcnchen ist mit renommierten Universit\u00e4ten, Arbeitgebern sowie allerlei Kuriosit\u00e4ten ausgestattet. 8 witzige Fakten \u00fcber M\u00fcnchen!\",\"breadcrumb\":{\"@id\":\"https:\/\/www.sprachschule-aktiv-muenchen.de\/studieren-in-muenchen\/warum-studiert-man-in-muenchen-8-witzige-fakten\/#breadcrumb\"},\"inLanguage\":\"de\",\"potentialAction\":[{\"@type\":\"ReadAction\",\"target\":[\"https:\/\/www.sprachschule-aktiv-muenchen.de\/studieren-in-muenchen\/warum-studiert-man-in-muenchen-8-witzige-fakten\/\"]}]},{\"@type\":\"BreadcrumbList\",\"@id\":\"https:\/\/www.sprachschule-aktiv-muenchen.de\/studieren-in-muenchen\/warum-studiert-man-in-muenchen-8-witzige-fakten\/#breadcrumb\",\"itemListElement\":[{\"@type\":\"ListItem\",\"position\":1,\"name\":\"Startseite\",\"item\":\"https:\/\/www.sprachschule-aktiv-muenchen.de\/studieren-in-muenchen\/\"},{\"@type\":\"ListItem\",\"position\":2,\"name\":\"Warum studiert man in M\u00fcnchen? 8 interessante &#038; witzige Fakten\"}]},{\"@type\":\"WebSite\",\"@id\":\"https:\/\/www.sprachschule-aktiv-muenchen.de\/studieren-in-muenchen\/#website\",\"url\":\"https:\/\/www.sprachschule-aktiv-muenchen.de\/studieren-in-muenchen\/\",\"name\":\"Studieren in M\u00fcnchen\",\"description\":\"\",\"potentialAction\":[{\"@type\":\"SearchAction\",\"target\":{\"@type\":\"EntryPoint\",\"urlTemplate\":\"https:\/\/www.sprachschule-aktiv-muenchen.de\/studieren-in-muenchen\/?s={search_term_string}\"},\"query-input\":\"required name=search_term_string\"}],\"inLanguage\":\"de\"}]}<\/script>\n<!-- \/ Yoast SEO plugin. -->","yoast_head_json":{"title":"Warum studiert man in M\u00fcnchen? 8 witzige Fakten","description":"M\u00fcnchen ist mit renommierten Universit\u00e4ten, Arbeitgebern sowie allerlei Kuriosit\u00e4ten ausgestattet. 8 witzige Fakten \u00fcber M\u00fcnchen!","robots":{"index":"index","follow":"follow","max-snippet":"max-snippet:-1","max-image-preview":"max-image-preview:large","max-video-preview":"max-video-preview:-1"},"canonical":"https:\/\/www.sprachschule-aktiv-muenchen.de\/studieren-in-muenchen\/warum-studiert-man-in-muenchen-8-witzige-fakten\/","og_locale":"de_DE","og_type":"article","og_title":"Warum studiert man in M\u00fcnchen? 8 witzige Fakten","og_description":"M\u00fcnchen ist mit renommierten Universit\u00e4ten, Arbeitgebern sowie allerlei Kuriosit\u00e4ten ausgestattet. 8 witzige Fakten \u00fcber M\u00fcnchen!","og_url":"https:\/\/www.sprachschule-aktiv-muenchen.de\/studieren-in-muenchen\/warum-studiert-man-in-muenchen-8-witzige-fakten\/","og_site_name":"Studieren in M\u00fcnchen","og_image":[{"url":"https:\/\/www.sprachschule-aktiv-muenchen.de\/studieren-in-muenchen\/wp-content\/uploads\/2022\/09\/warum-studiert-man-in-muenchen-8-witzige-fakten.webp"}],"twitter_card":"summary_large_image","twitter_misc":{"Gesch\u00e4tzte Lesezeit":"2\u00a0Minuten"},"schema":{"@context":"https:\/\/schema.org","@graph":[{"@type":"WebPage","@id":"https:\/\/www.sprachschule-aktiv-muenchen.de\/studieren-in-muenchen\/warum-studiert-man-in-muenchen-8-witzige-fakten\/","url":"https:\/\/www.sprachschule-aktiv-muenchen.de\/studieren-in-muenchen\/warum-studiert-man-in-muenchen-8-witzige-fakten\/","name":"Warum studiert man in M\u00fcnchen? 8 witzige Fakten","isPartOf":{"@id":"https:\/\/www.sprachschule-aktiv-muenchen.de\/studieren-in-muenchen\/#website"},"datePublished":"2022-09-04T04:42:05+00:00","dateModified":"2022-09-04T04:42:05+00:00","description":"M\u00fcnchen ist mit renommierten Universit\u00e4ten, Arbeitgebern sowie allerlei Kuriosit\u00e4ten ausgestattet. 8 witzige Fakten \u00fcber M\u00fcnchen!","breadcrumb":{"@id":"https:\/\/www.sprachschule-aktiv-muenchen.de\/studieren-in-muenchen\/warum-studiert-man-in-muenchen-8-witzige-fakten\/#breadcrumb"},"inLanguage":"de","potentialAction":[{"@type":"ReadAction","target":["https:\/\/www.sprachschule-aktiv-muenchen.de\/studieren-in-muenchen\/warum-studiert-man-in-muenchen-8-witzige-fakten\/"]}]},{"@type":"BreadcrumbList","@id":"https:\/\/www.sprachschule-aktiv-muenchen.de\/studieren-in-muenchen\/warum-studiert-man-in-muenchen-8-witzige-fakten\/#breadcrumb","itemListElement":[{"@type":"ListItem","position":1,"name":"Startseite","item":"https:\/\/www.sprachschule-aktiv-muenchen.de\/studieren-in-muenchen\/"},{"@type":"ListItem","position":2,"name":"Warum studiert man in M\u00fcnchen? 8 interessante &#038; witzige Fakten"}]},{"@type":"WebSite","@id":"https:\/\/www.sprachschule-aktiv-muenchen.de\/studieren-in-muenchen\/#website","url":"https:\/\/www.sprachschule-aktiv-muenchen.de\/studieren-in-muenchen\/","name":"Studieren in M\u00fcnchen","description":"","potentialAction":[{"@type":"SearchAction","target":{"@type":"EntryPoint","urlTemplate":"https:\/\/www.sprachschule-aktiv-muenchen.de\/studieren-in-muenchen\/?s={search_term_string}"},"query-input":"required name=search_term_string"}],"inLanguage":"de"}]}},"_links":{"self":[{"href":"https:\/\/www.sprachschule-aktiv-muenchen.de\/studieren-in-muenchen\/wp-json\/wp\/v2\/pages\/170","targetHints":{"allow":["GET"]}}],"collection":[{"href":"https:\/\/www.sprachschule-aktiv-muenchen.de\/studieren-in-muenchen\/wp-json\/wp\/v2\/pages"}],"about":[{"href":"https:\/\/www.sprachschule-aktiv-muenchen.de\/studieren-in-muenchen\/wp-json\/wp\/v2\/types\/page"}],"author":[{"embeddable":true,"href":"https:\/\/www.sprachschule-aktiv-muenchen.de\/studieren-in-muenchen\/wp-json\/wp\/v2\/users\/2"}],"replies":[{"embeddable":true,"href":"https:\/\/www.sprachschule-aktiv-muenchen.de\/studieren-in-muenchen\/wp-json\/wp\/v2\/comments?post=170"}],"version-history":[{"count":1,"href":"https:\/\/www.sprachschule-aktiv-muenchen.de\/studieren-in-muenchen\/wp-json\/wp\/v2\/pages\/170\/revisions"}],"predecessor-version":[{"id":172,"href":"https:\/\/www.sprachschule-aktiv-muenchen.de\/studieren-in-muenchen\/wp-json\/wp\/v2\/pages\/170\/revisions\/172"}],"wp:attachment":[{"href":"https:\/\/www.sprachschule-aktiv-muenchen.de\/studieren-in-muenchen\/wp-json\/wp\/v2\/media?parent=170"}],"curies":[{"name":"wp","href":"https:\/\/api.w.org\/{rel}","templated":true}]}}