{"id":166,"date":"2022-09-04T06:31:49","date_gmt":"2022-09-04T04:31:49","guid":{"rendered":"https:\/\/www.sprachschule-aktiv-muenchen.de\/studieren-in-muenchen\/?page_id=166"},"modified":"2022-09-04T06:31:49","modified_gmt":"2022-09-04T04:31:49","slug":"erfolgreich-deutsch-lernen-memorierungstipps","status":"publish","type":"page","link":"https:\/\/www.sprachschule-aktiv-muenchen.de\/studieren-in-muenchen\/erfolgreich-deutsch-lernen-memorierungstipps\/","title":{"rendered":"Erfolgreich Deutsch lernen &#8211; Memorierungstipps"},"content":{"rendered":"<p>Lernen kann man lernen, und damit ist nicht nur das reine Auswendig-Pauken gemeint. Die Frage ist, wie man erfolgreich Vokabeln oder Grammatikstrukturen der deutschen Sprache im Kopf speichert. Probieren Sie doch mal verschiedene Techniken aus! Sie werden schnell herausfinden, welche Memorierungstechnik f\u00fcr Sie am besten funktioniert.<\/p>\n<figure id=\"attachment_167\" class=\"wp-caption alignnone\" ><img decoding=\"async\" class=\"wp-image-167 size-full\" src=\"https:\/\/www.sprachschule-aktiv-muenchen.de\/studieren-in-muenchen\/wp-content\/uploads\/2022\/09\/erfolgreich-deutsch-lernen-memorierungstipps.gif\" alt=\"Erfolgreich Deutsch lernen - Memorierungstipps\" width=\"700\" height=\"467\" \/><figcaption class=\"wp-caption-text\">Erfolgreich Deutsch lernen &#8211; Memorierungstipps<\/figcaption><\/figure>\n<h2>Lerntipps f\u00fcr das Speichern deutscher Vokabeln<\/h2>\n<p>Starten wir mit dem Klassiker, n\u00e4mlich dem Lernen neuer deutscher W\u00f6rter. Je nach Lerntyp kann die Anzahl durchaus variieren, die Sie pro Tag lernen. Durchschnittlich empfehlen wir 15 W\u00f6rter. Am besten lassen sich die Vokabeln dadurch speichern, dass man Sie im Kontext lernt und wiederholt. Erstellen Sie pro Wort also mindestens zwei kurze S\u00e4tze, die Sie laut aussprechen. Die begrenzte Anzahl hat den Sinn, die W\u00f6rter nicht nur im Kurzzeitged\u00e4chtnis zu behalten, so dass Sie sie in einer Woche wieder vergessen haben, sondern langfristig im Ged\u00e4chtnis haben. Auch das Zusammenfassen \u00e4hnlicher W\u00f6rter hilft bei der Memorierung. Haben Sie beispielsweise ein Wort mit mehreren sehr unterschiedlichen Bedeutungen, so markieren Sie diese extra mit verschiedenen Farben oder schreiben Sie die eine Bedeutung auf die linke Seite und die andere Bedeutung auf die rechte Seite Ihrer Vokabelliste oder Lernkarten.<\/p>\n<a href=\"https:\/\/www.sprachschule-aktiv-muenchen.de\/deutsch-lernen\/\" target=\"_blank\" rel=\"noopener\"><img decoding=\"async\" class=\"alignnone wp-image-123 size-medium\" src=\"https:\/\/www.sprachschule-aktiv-muenchen.de\/studieren-in-muenchen\/wp-content\/uploads\/2022\/07\/deutsch-lernen-in-muenchen-von-a1-bis-c2-251x300.webp\" alt=\"Deutschkurse in M\u00fcnchen von A1 bis C2\" width=\"251\" height=\"300\" srcset=\"https:\/\/www.sprachschule-aktiv-muenchen.de\/studieren-in-muenchen\/wp-content\/uploads\/2022\/07\/deutsch-lernen-in-muenchen-von-a1-bis-c2-251x300.webp 251w, https:\/\/www.sprachschule-aktiv-muenchen.de\/studieren-in-muenchen\/wp-content\/uploads\/2022\/07\/deutsch-lernen-in-muenchen-von-a1-bis-c2.webp 300w\" sizes=\"(max-width: 251px) 100vw, 251px\" \/><\/a>\n<h2>Die deutsche Sprache lernen mit Apps und Blogs<\/h2>\n<p>Nat\u00fcrlich helfen auch Apps und Blogs wie &#8220;<a href=\"https:\/\/www.sprachschule-aktiv-muenchen.de\/blog\/\" target=\"_blank\" rel=\"noopener\">Blog f\u00fcr Deutsch lernen<\/a>&#8220;, quizlet (<a href=\"https:\/\/quizlet.com\/subjects\/languages\/german-flashcards\" target=\"_blank\" rel=\"noopener\">https:\/\/quizlet.com\/subjects\/languages\/german-flashcards<\/a>) oder Anki (<a href=\"https:\/\/apps.ankiweb.net\/\" target=\"_blank\" rel=\"noopener\">https:\/\/apps.ankiweb.net\/<\/a>) beim Vokabellernen. Viele sehen Anki als das komplexere Tool an, weil zum Beispiel schwer zu merkende W\u00f6rter automatisch \u00f6fters wiederholt werden. Auch hier kann man einen W\u00f6rterpool anlegen, der sich importieren und auch mit anderen Deutschlernern austauschen l\u00e4sst. Achtung: Sollten Sie W\u00f6rterlisten von anderen Teilnehmern nutzen, k\u00f6nnen sich Fehler eingeschlichen haben.<\/p>\n<h2>Deutsch lernen mit Spa\u00df &#8211; Seien Sie aktiv und kreativ!<\/h2>\n<p>Bilden Sie Lerngruppen und fragen Sie sich gegenseitig die Bedeutung der verschiedenen W\u00f6rter! Erl\u00e4utern Sie diese mit Beispielen oder umschreiben Sie sie mit Synonymen! Integrieren Sie die deutsche Sprache in Ihren Alltag! Sie k\u00f6nnen z.B. verschiedene Alltagsgegenst\u00e4nde mit Post-Its versehen, auf denen das Nomen mit Artikel und Pluralendung vermerkt ist. Malen Sie Plakate und h\u00e4ngen Sie diese an die W\u00e4nde oder an die Decke in Ihrem Badezimmer, so dass Sie w\u00e4hrend eines gem\u00fctlichen Schaumbads entspannt Grammatikstrukturen oder Wortlisten betrachten k\u00f6nnen. Auch der K\u00fchlschrank ist ein beliebter Ort f\u00fcr solche Kreativbilder. Lassen Sie beispielsweise w\u00e4hrend des B\u00fcgelns oder Kochens im Hintergrund einen Podcast auf Deutsch oder das Radio laufen. Sicherlich werden Sie nicht jedes Wort verstehen, doch wenn Sie das Thema generell erfassen, erschlie\u00dfen sich dadurch neue Vokabeln ohne jeglichen Stress.<\/p>\n<h2>Entwickeln Sie ein positives Gef\u00fchl f\u00fcr die deutsche Sprache!<\/h2>\n<p>Der abstrakteste, aber auch effektivste Tipp kam von einem Studenten aus Brasilien und lautet: <strong>Lassen Sie die deutsche Sprache nicht nur in Ihr Gehirn, sondern auch in Ihr Herz!<\/strong> <strong>Doch wie macht man das?<\/strong> Zuerst muss man die neue Fremdsprache im Kopf akzeptieren. Das scheint am besten zu funktionieren, indem man sich die Eigenheiten der Sprache genau ansieht und die innere Logik sch\u00e4tzen lernt. W\u00f6rter wie <em>Armbanduhr<\/em> zeigen, wie plakativ die Bedeutung eines Objekts beschrieben wird, n\u00e4mlich die Uhr, die an einem Band um den Arm getragen wird. Das gleiche gilt f\u00fcr das Verb <em>umarmen<\/em>. Diese Systematik zu analysieren, machte dem Studenten so viel Spa\u00df, dass er sich nach eigenen Angaben in die deutsche Sprache verliebte und sogar begann auf Deutsch zu tr\u00e4umen. Die innere Einstellung zum Gelernten spielt also eine gro\u00dfe Rolle und verbindet Sie damit auf mehreren Ebenen.<\/p>\n","protected":false},"excerpt":{"rendered":"<p>Lernen kann man lernen, und damit ist nicht nur das reine Auswendig-Pauken gemeint. Die Frage ist, wie man erfolgreich Vokabeln oder Grammatikstrukturen der deutschen Sprache im Kopf speichert. Probieren Sie doch mal verschiedene Techniken aus! Sie werden schnell herausfinden, welche Memorierungstechnik f\u00fcr Sie am besten funktioniert. Lerntipps f\u00fcr das Speichern deutscher Vokabeln Starten wir mit&hellip; <a class=\"read-more\" href=\"https:\/\/www.sprachschule-aktiv-muenchen.de\/studieren-in-muenchen\/erfolgreich-deutsch-lernen-memorierungstipps\/\" title=\"Read Erfolgreich Deutsch lernen &#8211; Memorierungstipps\">Read more &raquo;<\/a><\/p>\n","protected":false},"author":2,"featured_media":0,"parent":0,"menu_order":0,"comment_status":"closed","ping_status":"closed","template":"","meta":{"footnotes":""},"class_list":["post-166","page","type-page","status-publish","hentry"],"yoast_head":"<!-- This site is optimized with the Yoast SEO plugin v21.4 - https:\/\/yoast.com\/wordpress\/plugins\/seo\/ -->\n<title>Erfolgreich Deutsch lernen - Memorierungstipps<\/title>\n<meta name=\"description\" content=\"Wie speichert man erfolgreich Grammatikstrukturen der deutschen Sprache im Kopf? Probieren Sie doch mal unsere verschiedenen Techniken aus!\u00a0\" \/>\n<meta name=\"robots\" content=\"index, follow, max-snippet:-1, max-image-preview:large, max-video-preview:-1\" \/>\n<link rel=\"canonical\" href=\"https:\/\/www.sprachschule-aktiv-muenchen.de\/studieren-in-muenchen\/erfolgreich-deutsch-lernen-memorierungstipps\/\" \/>\n<meta property=\"og:locale\" content=\"de_DE\" \/>\n<meta property=\"og:type\" content=\"article\" \/>\n<meta property=\"og:title\" content=\"Erfolgreich Deutsch lernen - Memorierungstipps\" \/>\n<meta property=\"og:description\" content=\"Wie speichert man erfolgreich Grammatikstrukturen der deutschen Sprache im Kopf? Probieren Sie doch mal unsere verschiedenen Techniken aus!\u00a0\" \/>\n<meta property=\"og:url\" content=\"https:\/\/www.sprachschule-aktiv-muenchen.de\/studieren-in-muenchen\/erfolgreich-deutsch-lernen-memorierungstipps\/\" \/>\n<meta property=\"og:site_name\" content=\"Studieren in M\u00fcnchen\" \/>\n<meta property=\"og:image\" content=\"https:\/\/www.sprachschule-aktiv-muenchen.de\/studieren-in-muenchen\/wp-content\/uploads\/2022\/09\/erfolgreich-deutsch-lernen-memorierungstipps.gif\" \/>\n<meta name=\"twitter:card\" content=\"summary_large_image\" \/>\n<meta name=\"twitter:label1\" content=\"Gesch\u00e4tzte Lesezeit\" \/>\n\t<meta name=\"twitter:data1\" content=\"3\u00a0Minuten\" \/>\n<script type=\"application\/ld+json\" class=\"yoast-schema-graph\">{\"@context\":\"https:\/\/schema.org\",\"@graph\":[{\"@type\":\"WebPage\",\"@id\":\"https:\/\/www.sprachschule-aktiv-muenchen.de\/studieren-in-muenchen\/erfolgreich-deutsch-lernen-memorierungstipps\/\",\"url\":\"https:\/\/www.sprachschule-aktiv-muenchen.de\/studieren-in-muenchen\/erfolgreich-deutsch-lernen-memorierungstipps\/\",\"name\":\"Erfolgreich Deutsch lernen - Memorierungstipps\",\"isPartOf\":{\"@id\":\"https:\/\/www.sprachschule-aktiv-muenchen.de\/studieren-in-muenchen\/#website\"},\"datePublished\":\"2022-09-04T04:31:49+00:00\",\"dateModified\":\"2022-09-04T04:31:49+00:00\",\"description\":\"Wie speichert man erfolgreich Grammatikstrukturen der deutschen Sprache im Kopf? Probieren Sie doch mal unsere verschiedenen Techniken aus!\u00a0\",\"breadcrumb\":{\"@id\":\"https:\/\/www.sprachschule-aktiv-muenchen.de\/studieren-in-muenchen\/erfolgreich-deutsch-lernen-memorierungstipps\/#breadcrumb\"},\"inLanguage\":\"de\",\"potentialAction\":[{\"@type\":\"ReadAction\",\"target\":[\"https:\/\/www.sprachschule-aktiv-muenchen.de\/studieren-in-muenchen\/erfolgreich-deutsch-lernen-memorierungstipps\/\"]}]},{\"@type\":\"BreadcrumbList\",\"@id\":\"https:\/\/www.sprachschule-aktiv-muenchen.de\/studieren-in-muenchen\/erfolgreich-deutsch-lernen-memorierungstipps\/#breadcrumb\",\"itemListElement\":[{\"@type\":\"ListItem\",\"position\":1,\"name\":\"Startseite\",\"item\":\"https:\/\/www.sprachschule-aktiv-muenchen.de\/studieren-in-muenchen\/\"},{\"@type\":\"ListItem\",\"position\":2,\"name\":\"Erfolgreich Deutsch lernen &#8211; Memorierungstipps\"}]},{\"@type\":\"WebSite\",\"@id\":\"https:\/\/www.sprachschule-aktiv-muenchen.de\/studieren-in-muenchen\/#website\",\"url\":\"https:\/\/www.sprachschule-aktiv-muenchen.de\/studieren-in-muenchen\/\",\"name\":\"Studieren in M\u00fcnchen\",\"description\":\"\",\"potentialAction\":[{\"@type\":\"SearchAction\",\"target\":{\"@type\":\"EntryPoint\",\"urlTemplate\":\"https:\/\/www.sprachschule-aktiv-muenchen.de\/studieren-in-muenchen\/?s={search_term_string}\"},\"query-input\":\"required name=search_term_string\"}],\"inLanguage\":\"de\"}]}<\/script>\n<!-- \/ Yoast SEO plugin. -->","yoast_head_json":{"title":"Erfolgreich Deutsch lernen - Memorierungstipps","description":"Wie speichert man erfolgreich Grammatikstrukturen der deutschen Sprache im Kopf? Probieren Sie doch mal unsere verschiedenen Techniken aus!\u00a0","robots":{"index":"index","follow":"follow","max-snippet":"max-snippet:-1","max-image-preview":"max-image-preview:large","max-video-preview":"max-video-preview:-1"},"canonical":"https:\/\/www.sprachschule-aktiv-muenchen.de\/studieren-in-muenchen\/erfolgreich-deutsch-lernen-memorierungstipps\/","og_locale":"de_DE","og_type":"article","og_title":"Erfolgreich Deutsch lernen - Memorierungstipps","og_description":"Wie speichert man erfolgreich Grammatikstrukturen der deutschen Sprache im Kopf? Probieren Sie doch mal unsere verschiedenen Techniken aus!\u00a0","og_url":"https:\/\/www.sprachschule-aktiv-muenchen.de\/studieren-in-muenchen\/erfolgreich-deutsch-lernen-memorierungstipps\/","og_site_name":"Studieren in M\u00fcnchen","og_image":[{"url":"https:\/\/www.sprachschule-aktiv-muenchen.de\/studieren-in-muenchen\/wp-content\/uploads\/2022\/09\/erfolgreich-deutsch-lernen-memorierungstipps.gif"}],"twitter_card":"summary_large_image","twitter_misc":{"Gesch\u00e4tzte Lesezeit":"3\u00a0Minuten"},"schema":{"@context":"https:\/\/schema.org","@graph":[{"@type":"WebPage","@id":"https:\/\/www.sprachschule-aktiv-muenchen.de\/studieren-in-muenchen\/erfolgreich-deutsch-lernen-memorierungstipps\/","url":"https:\/\/www.sprachschule-aktiv-muenchen.de\/studieren-in-muenchen\/erfolgreich-deutsch-lernen-memorierungstipps\/","name":"Erfolgreich Deutsch lernen - Memorierungstipps","isPartOf":{"@id":"https:\/\/www.sprachschule-aktiv-muenchen.de\/studieren-in-muenchen\/#website"},"datePublished":"2022-09-04T04:31:49+00:00","dateModified":"2022-09-04T04:31:49+00:00","description":"Wie speichert man erfolgreich Grammatikstrukturen der deutschen Sprache im Kopf? Probieren Sie doch mal unsere verschiedenen Techniken aus!\u00a0","breadcrumb":{"@id":"https:\/\/www.sprachschule-aktiv-muenchen.de\/studieren-in-muenchen\/erfolgreich-deutsch-lernen-memorierungstipps\/#breadcrumb"},"inLanguage":"de","potentialAction":[{"@type":"ReadAction","target":["https:\/\/www.sprachschule-aktiv-muenchen.de\/studieren-in-muenchen\/erfolgreich-deutsch-lernen-memorierungstipps\/"]}]},{"@type":"BreadcrumbList","@id":"https:\/\/www.sprachschule-aktiv-muenchen.de\/studieren-in-muenchen\/erfolgreich-deutsch-lernen-memorierungstipps\/#breadcrumb","itemListElement":[{"@type":"ListItem","position":1,"name":"Startseite","item":"https:\/\/www.sprachschule-aktiv-muenchen.de\/studieren-in-muenchen\/"},{"@type":"ListItem","position":2,"name":"Erfolgreich Deutsch lernen &#8211; Memorierungstipps"}]},{"@type":"WebSite","@id":"https:\/\/www.sprachschule-aktiv-muenchen.de\/studieren-in-muenchen\/#website","url":"https:\/\/www.sprachschule-aktiv-muenchen.de\/studieren-in-muenchen\/","name":"Studieren in M\u00fcnchen","description":"","potentialAction":[{"@type":"SearchAction","target":{"@type":"EntryPoint","urlTemplate":"https:\/\/www.sprachschule-aktiv-muenchen.de\/studieren-in-muenchen\/?s={search_term_string}"},"query-input":"required name=search_term_string"}],"inLanguage":"de"}]}},"_links":{"self":[{"href":"https:\/\/www.sprachschule-aktiv-muenchen.de\/studieren-in-muenchen\/wp-json\/wp\/v2\/pages\/166","targetHints":{"allow":["GET"]}}],"collection":[{"href":"https:\/\/www.sprachschule-aktiv-muenchen.de\/studieren-in-muenchen\/wp-json\/wp\/v2\/pages"}],"about":[{"href":"https:\/\/www.sprachschule-aktiv-muenchen.de\/studieren-in-muenchen\/wp-json\/wp\/v2\/types\/page"}],"author":[{"embeddable":true,"href":"https:\/\/www.sprachschule-aktiv-muenchen.de\/studieren-in-muenchen\/wp-json\/wp\/v2\/users\/2"}],"replies":[{"embeddable":true,"href":"https:\/\/www.sprachschule-aktiv-muenchen.de\/studieren-in-muenchen\/wp-json\/wp\/v2\/comments?post=166"}],"version-history":[{"count":1,"href":"https:\/\/www.sprachschule-aktiv-muenchen.de\/studieren-in-muenchen\/wp-json\/wp\/v2\/pages\/166\/revisions"}],"predecessor-version":[{"id":168,"href":"https:\/\/www.sprachschule-aktiv-muenchen.de\/studieren-in-muenchen\/wp-json\/wp\/v2\/pages\/166\/revisions\/168"}],"wp:attachment":[{"href":"https:\/\/www.sprachschule-aktiv-muenchen.de\/studieren-in-muenchen\/wp-json\/wp\/v2\/media?parent=166"}],"curies":[{"name":"wp","href":"https:\/\/api.w.org\/{rel}","templated":true}]}}