{"id":162,"date":"2022-09-04T06:20:47","date_gmt":"2022-09-04T04:20:47","guid":{"rendered":"https:\/\/www.sprachschule-aktiv-muenchen.de\/studieren-in-muenchen\/?page_id=162"},"modified":"2022-09-04T06:20:47","modified_gmt":"2022-09-04T04:20:47","slug":"hilfe-fuer-auslaendische-studierende","status":"publish","type":"page","link":"https:\/\/www.sprachschule-aktiv-muenchen.de\/studieren-in-muenchen\/hilfe-fuer-auslaendische-studierende\/","title":{"rendered":"Studentenvereine in M\u00fcnchen &#8211; Hilfe f\u00fcr ausl\u00e4ndische Studierende"},"content":{"rendered":"<p>Viele Studenten aus dem Ausland m\u00f6chten nicht nur ihr Studium in der Isarmetropole absolvieren, sondern sich auch sozial engagieren, sich mit anderen Studenten austauschen und neue Kontakte kn\u00fcpfen. Selbstverst\u00e4ndlich sind diese Vereine teilweise auch Anlaufstellen f\u00fcr ausl\u00e4ndische Studierende, um ihr berufliches Netzwerk zu erweitern und selber Hilfe sowie Beratung in Anspruch nehmen zu k\u00f6nnen. Ein weiterer Vorteil ist, dass Personalchefs beim Lesen des Lebenslaufs eines Bewerbers h\u00e4ufig sehr darauf achten, ob und wie weit sich der Interessent neben seinem Studium engagiert hat.<\/p>\n<img decoding=\"async\" class=\"wp-image-163 size-large\" src=\"https:\/\/www.sprachschule-aktiv-muenchen.de\/studieren-in-muenchen\/wp-content\/uploads\/2022\/09\/studentenvereine-in-muenchen-hilfe-fuer-auslaendische-studierende-1024x512.webp\" alt=\"Studentenvereine in M\u00fcnchen - Hilfe f\u00fcr ausl\u00e4ndische Studierende\" width=\"1024\" height=\"512\" srcset=\"https:\/\/www.sprachschule-aktiv-muenchen.de\/studieren-in-muenchen\/wp-content\/uploads\/2022\/09\/studentenvereine-in-muenchen-hilfe-fuer-auslaendische-studierende-1024x512.webp 1024w, https:\/\/www.sprachschule-aktiv-muenchen.de\/studieren-in-muenchen\/wp-content\/uploads\/2022\/09\/studentenvereine-in-muenchen-hilfe-fuer-auslaendische-studierende-300x150.webp 300w, https:\/\/www.sprachschule-aktiv-muenchen.de\/studieren-in-muenchen\/wp-content\/uploads\/2022\/09\/studentenvereine-in-muenchen-hilfe-fuer-auslaendische-studierende-768x384.webp 768w, https:\/\/www.sprachschule-aktiv-muenchen.de\/studieren-in-muenchen\/wp-content\/uploads\/2022\/09\/studentenvereine-in-muenchen-hilfe-fuer-auslaendische-studierende.webp 1160w\" sizes=\"(max-width: 1024px) 100vw, 1024px\" \/>\n<p>Studentenvereine in M\u00fcnchen finden!<\/p>\n<h2>Hochschulgruppe bei Amnesty International M\u00fcnchen<\/h2>\n<p>Die Gruppierung beschreibt sich als eine dynamische Truppe von ungef\u00e4hr 20 Studierenden der LMU, TUM, Hochschule M\u00fcnchen und der FOM. Sie engagieren sich f\u00fcr Menschenrechte. Es gibt Untergruppen, welche sich mit unterschiedlichen Themen auseinandersetzen. Zu den Aktivit\u00e4ten geh\u00f6ren Workshops, die Sch\u00fcler \u00fcber das Thema Menschenrechte informieren. Selbstverst\u00e4ndlich sind auch die Rechte von Frauen und von queren Minorit\u00e4ten im Fokus. Es gibt jeden Monat ein generelles Gruppentreffen und w\u00f6chentlich ein Meeting f\u00fcr die Themengruppen, welche am Donnerstag um 20 Uhr stattfinden. Alle weiteren Informationen finden Sie unter dem Link <a href=\"https:\/\/amnesty-muenchen-lmu.de\/\" target=\"_blank\" rel=\"noopener\">https:\/\/amnesty-muenchen-lmu.de\/<\/a><\/p>\n<h2>Refugee Law Clinic Munich e.v<\/h2>\n<p>Hinter diesem Titel verbirgt sich eine Studenteninitiative, die Asylbewerbern, Fl\u00fcchtlingen und Ausl\u00e4ndern eine gratis Rechtsberatung zur Verf\u00fcgung stellt. Unterst\u00fctzt werden die Studenten dabei von engagierten Rechtsanw\u00e4lten. Man kann entweder die entsprechende Beratung selbst in Anspruch nehmen oder sich in diesem Verein engagieren. Es gibt zwei M\u00f6glichkeiten: Einerseits kann man Berater werden, nachdem man ein Ausbildungsprogramm durchlaufen hat. Auf der anderen Seite hat man die Chance, im organisatorischen Bereich mitzuarbeiten, wobei unterschiedliche Areale bereit stehen. Bei Interesse melden Sie sich einfach und schauen Sie sich bei einer Sitzung die Arbeitstechniken an. Termine und Wissenswertes erhalten Sie unter dem Link <a href=\"http:\/\/rlcm.de\/\" target=\"_blank\" rel=\"noopener\">http:\/\/rlcm.de\/<\/a>.<\/p>\n<h2>180 Degrees Consulting Munich<\/h2>\n<p>Hierbei handelt es sich um eine globale non-profit Beratungsorganisation. Die studentische Unternehmensberatung hilft Organisationen und Sozialunternehmen strategische, innovative und konzeptionelle L\u00f6sungen zu finden und dabei einen positiven Einfluss auf Wirtschaft und Gesellschaft auszu\u00fcben. Die M\u00fcnchner Filiale wurde im Jahre 2018 sogar als die beste globale Niederlassung ausgezeichnet. 180 Degrees Consulting freut sich auf motivierte Studenten, egal welches Studienfach Sie studieren. Weitere Details finden Sie unter folgendem Link: <a href=\"https:\/\/180dcmunich.de\/students\/\" target=\"_blank\" rel=\"noopener\">https:\/\/180dcmunich.de\/students\/<\/a>.<\/p>\n<h2>Weitere Organisationen und Vereine<\/h2>\n<p>Selbstverst\u00e4ndlich gibt es noch viele weitere M\u00f6glichkeiten, sich zu engagieren oder Unterst\u00fctzung zu finden. Auf der folgenden Homepage bekommen Sie eine Liste mit Vereinen und Initiativen f\u00fcr und von Studenten aus dem In- und Ausland in M\u00fcnchen: <a href=\"https:\/\/www.lmu.de\/de\/workspace-fuer-studierende\/studieren-und-leben\/studentische-initiativen\/index.html\" target=\"_blank\" rel=\"noopener\">https:\/\/www.lmu.de\/de\/workspace-fuer-studierende\/studieren-und-leben\/studentische-initiativen\/index.html<\/a><\/p>\n<a href=\"https:\/\/www.sprachschule-aktiv-muenchen.de\/deutsch-lernen\/\" target=\"_blank\" rel=\"noopener\"><img decoding=\"async\" class=\"alignnone size-medium wp-image-123\" src=\"https:\/\/www.sprachschule-aktiv-muenchen.de\/studieren-in-muenchen\/wp-content\/uploads\/2022\/07\/deutsch-lernen-in-muenchen-von-a1-bis-c2-251x300.webp\" alt=\"Deutsch lernen in M\u00fcnchen von A1 bis C2\" width=\"251\" height=\"300\" srcset=\"https:\/\/www.sprachschule-aktiv-muenchen.de\/studieren-in-muenchen\/wp-content\/uploads\/2022\/07\/deutsch-lernen-in-muenchen-von-a1-bis-c2-251x300.webp 251w, https:\/\/www.sprachschule-aktiv-muenchen.de\/studieren-in-muenchen\/wp-content\/uploads\/2022\/07\/deutsch-lernen-in-muenchen-von-a1-bis-c2.webp 300w\" sizes=\"(max-width: 251px) 100vw, 251px\" \/><\/a>\n","protected":false},"excerpt":{"rendered":"<p>Viele Studenten aus dem Ausland m\u00f6chten nicht nur ihr Studium in der Isarmetropole absolvieren, sondern sich auch sozial engagieren, sich mit anderen Studenten austauschen und neue Kontakte kn\u00fcpfen. Selbstverst\u00e4ndlich sind diese Vereine teilweise auch Anlaufstellen f\u00fcr ausl\u00e4ndische Studierende, um ihr berufliches Netzwerk zu erweitern und selber Hilfe sowie Beratung in Anspruch nehmen zu k\u00f6nnen. Ein&hellip; <a class=\"read-more\" href=\"https:\/\/www.sprachschule-aktiv-muenchen.de\/studieren-in-muenchen\/hilfe-fuer-auslaendische-studierende\/\" title=\"Read Studentenvereine in M\u00fcnchen &#8211; Hilfe f\u00fcr ausl\u00e4ndische Studierende\">Read more &raquo;<\/a><\/p>\n","protected":false},"author":2,"featured_media":0,"parent":0,"menu_order":0,"comment_status":"closed","ping_status":"closed","template":"","meta":{"footnotes":""},"class_list":["post-162","page","type-page","status-publish","hentry"],"yoast_head":"<!-- This site is optimized with the Yoast SEO plugin v21.4 - https:\/\/yoast.com\/wordpress\/plugins\/seo\/ -->\n<title>Hilfe f\u00fcr ausl\u00e4ndische Studierende in M\u00fcnchen<\/title>\n<meta name=\"description\" content=\"Studentenvereine in M\u00fcnchen - Engagement und Hilfe von und f\u00fcr ausl\u00e4ndische Studierende. Vereine und Initiativen f\u00fcr Studenten.\" \/>\n<meta name=\"robots\" content=\"index, follow, max-snippet:-1, max-image-preview:large, max-video-preview:-1\" \/>\n<link rel=\"canonical\" href=\"https:\/\/www.sprachschule-aktiv-muenchen.de\/studieren-in-muenchen\/hilfe-fuer-auslaendische-studierende\/\" \/>\n<meta property=\"og:locale\" content=\"de_DE\" \/>\n<meta property=\"og:type\" content=\"article\" \/>\n<meta property=\"og:title\" content=\"Hilfe f\u00fcr ausl\u00e4ndische Studierende in M\u00fcnchen\" \/>\n<meta property=\"og:description\" content=\"Studentenvereine in M\u00fcnchen - Engagement und Hilfe von und f\u00fcr ausl\u00e4ndische Studierende. Vereine und Initiativen f\u00fcr Studenten.\" \/>\n<meta property=\"og:url\" content=\"https:\/\/www.sprachschule-aktiv-muenchen.de\/studieren-in-muenchen\/hilfe-fuer-auslaendische-studierende\/\" \/>\n<meta property=\"og:site_name\" content=\"Studieren in M\u00fcnchen\" \/>\n<meta property=\"og:image\" content=\"https:\/\/www.sprachschule-aktiv-muenchen.de\/studieren-in-muenchen\/wp-content\/uploads\/2022\/09\/studentenvereine-in-muenchen-hilfe-fuer-auslaendische-studierende-1024x512.webp\" \/>\n<meta name=\"twitter:card\" content=\"summary_large_image\" \/>\n<meta name=\"twitter:label1\" content=\"Gesch\u00e4tzte Lesezeit\" \/>\n\t<meta name=\"twitter:data1\" content=\"2\u00a0Minuten\" \/>\n<script type=\"application\/ld+json\" class=\"yoast-schema-graph\">{\"@context\":\"https:\/\/schema.org\",\"@graph\":[{\"@type\":\"WebPage\",\"@id\":\"https:\/\/www.sprachschule-aktiv-muenchen.de\/studieren-in-muenchen\/hilfe-fuer-auslaendische-studierende\/\",\"url\":\"https:\/\/www.sprachschule-aktiv-muenchen.de\/studieren-in-muenchen\/hilfe-fuer-auslaendische-studierende\/\",\"name\":\"Hilfe f\u00fcr ausl\u00e4ndische Studierende in M\u00fcnchen\",\"isPartOf\":{\"@id\":\"https:\/\/www.sprachschule-aktiv-muenchen.de\/studieren-in-muenchen\/#website\"},\"datePublished\":\"2022-09-04T04:20:47+00:00\",\"dateModified\":\"2022-09-04T04:20:47+00:00\",\"description\":\"Studentenvereine in M\u00fcnchen - Engagement und Hilfe von und f\u00fcr ausl\u00e4ndische Studierende. Vereine und Initiativen f\u00fcr Studenten.\",\"breadcrumb\":{\"@id\":\"https:\/\/www.sprachschule-aktiv-muenchen.de\/studieren-in-muenchen\/hilfe-fuer-auslaendische-studierende\/#breadcrumb\"},\"inLanguage\":\"de\",\"potentialAction\":[{\"@type\":\"ReadAction\",\"target\":[\"https:\/\/www.sprachschule-aktiv-muenchen.de\/studieren-in-muenchen\/hilfe-fuer-auslaendische-studierende\/\"]}]},{\"@type\":\"BreadcrumbList\",\"@id\":\"https:\/\/www.sprachschule-aktiv-muenchen.de\/studieren-in-muenchen\/hilfe-fuer-auslaendische-studierende\/#breadcrumb\",\"itemListElement\":[{\"@type\":\"ListItem\",\"position\":1,\"name\":\"Startseite\",\"item\":\"https:\/\/www.sprachschule-aktiv-muenchen.de\/studieren-in-muenchen\/\"},{\"@type\":\"ListItem\",\"position\":2,\"name\":\"Studentenvereine in M\u00fcnchen &#8211; Hilfe f\u00fcr ausl\u00e4ndische Studierende\"}]},{\"@type\":\"WebSite\",\"@id\":\"https:\/\/www.sprachschule-aktiv-muenchen.de\/studieren-in-muenchen\/#website\",\"url\":\"https:\/\/www.sprachschule-aktiv-muenchen.de\/studieren-in-muenchen\/\",\"name\":\"Studieren in M\u00fcnchen\",\"description\":\"\",\"potentialAction\":[{\"@type\":\"SearchAction\",\"target\":{\"@type\":\"EntryPoint\",\"urlTemplate\":\"https:\/\/www.sprachschule-aktiv-muenchen.de\/studieren-in-muenchen\/?s={search_term_string}\"},\"query-input\":\"required name=search_term_string\"}],\"inLanguage\":\"de\"}]}<\/script>\n<!-- \/ Yoast SEO plugin. -->","yoast_head_json":{"title":"Hilfe f\u00fcr ausl\u00e4ndische Studierende in M\u00fcnchen","description":"Studentenvereine in M\u00fcnchen - Engagement und Hilfe von und f\u00fcr ausl\u00e4ndische Studierende. Vereine und Initiativen f\u00fcr Studenten.","robots":{"index":"index","follow":"follow","max-snippet":"max-snippet:-1","max-image-preview":"max-image-preview:large","max-video-preview":"max-video-preview:-1"},"canonical":"https:\/\/www.sprachschule-aktiv-muenchen.de\/studieren-in-muenchen\/hilfe-fuer-auslaendische-studierende\/","og_locale":"de_DE","og_type":"article","og_title":"Hilfe f\u00fcr ausl\u00e4ndische Studierende in M\u00fcnchen","og_description":"Studentenvereine in M\u00fcnchen - Engagement und Hilfe von und f\u00fcr ausl\u00e4ndische Studierende. Vereine und Initiativen f\u00fcr Studenten.","og_url":"https:\/\/www.sprachschule-aktiv-muenchen.de\/studieren-in-muenchen\/hilfe-fuer-auslaendische-studierende\/","og_site_name":"Studieren in M\u00fcnchen","og_image":[{"url":"https:\/\/www.sprachschule-aktiv-muenchen.de\/studieren-in-muenchen\/wp-content\/uploads\/2022\/09\/studentenvereine-in-muenchen-hilfe-fuer-auslaendische-studierende-1024x512.webp"}],"twitter_card":"summary_large_image","twitter_misc":{"Gesch\u00e4tzte Lesezeit":"2\u00a0Minuten"},"schema":{"@context":"https:\/\/schema.org","@graph":[{"@type":"WebPage","@id":"https:\/\/www.sprachschule-aktiv-muenchen.de\/studieren-in-muenchen\/hilfe-fuer-auslaendische-studierende\/","url":"https:\/\/www.sprachschule-aktiv-muenchen.de\/studieren-in-muenchen\/hilfe-fuer-auslaendische-studierende\/","name":"Hilfe f\u00fcr ausl\u00e4ndische Studierende in M\u00fcnchen","isPartOf":{"@id":"https:\/\/www.sprachschule-aktiv-muenchen.de\/studieren-in-muenchen\/#website"},"datePublished":"2022-09-04T04:20:47+00:00","dateModified":"2022-09-04T04:20:47+00:00","description":"Studentenvereine in M\u00fcnchen - Engagement und Hilfe von und f\u00fcr ausl\u00e4ndische Studierende. Vereine und Initiativen f\u00fcr Studenten.","breadcrumb":{"@id":"https:\/\/www.sprachschule-aktiv-muenchen.de\/studieren-in-muenchen\/hilfe-fuer-auslaendische-studierende\/#breadcrumb"},"inLanguage":"de","potentialAction":[{"@type":"ReadAction","target":["https:\/\/www.sprachschule-aktiv-muenchen.de\/studieren-in-muenchen\/hilfe-fuer-auslaendische-studierende\/"]}]},{"@type":"BreadcrumbList","@id":"https:\/\/www.sprachschule-aktiv-muenchen.de\/studieren-in-muenchen\/hilfe-fuer-auslaendische-studierende\/#breadcrumb","itemListElement":[{"@type":"ListItem","position":1,"name":"Startseite","item":"https:\/\/www.sprachschule-aktiv-muenchen.de\/studieren-in-muenchen\/"},{"@type":"ListItem","position":2,"name":"Studentenvereine in M\u00fcnchen &#8211; Hilfe f\u00fcr ausl\u00e4ndische Studierende"}]},{"@type":"WebSite","@id":"https:\/\/www.sprachschule-aktiv-muenchen.de\/studieren-in-muenchen\/#website","url":"https:\/\/www.sprachschule-aktiv-muenchen.de\/studieren-in-muenchen\/","name":"Studieren in M\u00fcnchen","description":"","potentialAction":[{"@type":"SearchAction","target":{"@type":"EntryPoint","urlTemplate":"https:\/\/www.sprachschule-aktiv-muenchen.de\/studieren-in-muenchen\/?s={search_term_string}"},"query-input":"required name=search_term_string"}],"inLanguage":"de"}]}},"_links":{"self":[{"href":"https:\/\/www.sprachschule-aktiv-muenchen.de\/studieren-in-muenchen\/wp-json\/wp\/v2\/pages\/162","targetHints":{"allow":["GET"]}}],"collection":[{"href":"https:\/\/www.sprachschule-aktiv-muenchen.de\/studieren-in-muenchen\/wp-json\/wp\/v2\/pages"}],"about":[{"href":"https:\/\/www.sprachschule-aktiv-muenchen.de\/studieren-in-muenchen\/wp-json\/wp\/v2\/types\/page"}],"author":[{"embeddable":true,"href":"https:\/\/www.sprachschule-aktiv-muenchen.de\/studieren-in-muenchen\/wp-json\/wp\/v2\/users\/2"}],"replies":[{"embeddable":true,"href":"https:\/\/www.sprachschule-aktiv-muenchen.de\/studieren-in-muenchen\/wp-json\/wp\/v2\/comments?post=162"}],"version-history":[{"count":1,"href":"https:\/\/www.sprachschule-aktiv-muenchen.de\/studieren-in-muenchen\/wp-json\/wp\/v2\/pages\/162\/revisions"}],"predecessor-version":[{"id":164,"href":"https:\/\/www.sprachschule-aktiv-muenchen.de\/studieren-in-muenchen\/wp-json\/wp\/v2\/pages\/162\/revisions\/164"}],"wp:attachment":[{"href":"https:\/\/www.sprachschule-aktiv-muenchen.de\/studieren-in-muenchen\/wp-json\/wp\/v2\/media?parent=162"}],"curies":[{"name":"wp","href":"https:\/\/api.w.org\/{rel}","templated":true}]}}