{"id":157,"date":"2022-09-04T06:10:45","date_gmt":"2022-09-04T04:10:45","guid":{"rendered":"https:\/\/www.sprachschule-aktiv-muenchen.de\/studieren-in-muenchen\/?page_id=157"},"modified":"2022-09-04T06:11:41","modified_gmt":"2022-09-04T04:11:41","slug":"berufsaussichten-fuer-auslaendische-studenten-auf-dem-arbeitsmarkt","status":"publish","type":"page","link":"https:\/\/www.sprachschule-aktiv-muenchen.de\/studieren-in-muenchen\/berufsaussichten-fuer-auslaendische-studenten-auf-dem-arbeitsmarkt\/","title":{"rendered":"Berufsaussichten f\u00fcr ausl\u00e4ndische Studenten auf dem Arbeitsmarkt"},"content":{"rendered":"<p>Mit einem Abschluss an einer der M\u00fcnchner Hochschulen, ob Technische Universit\u00e4t M\u00fcnchen, LMU oder andere Einrichtungen, sind Sie top qualifiziert. Die Abschl\u00fcsse werden weltweit anerkannt und genie\u00dfen einen guten Ruf. Die Chancen in den Arbeitsmarkt einzusteigen sind generell nicht schlecht. Doch neben vielen Chancen und Vorteilen, bleibt der Wunsch nach dem Traumjob f\u00fcr ausl\u00e4ndische Absolventen in M\u00fcnchen manchmal unerf\u00fcllt. <strong>Warum und was kann man dagegen tun?<\/strong><\/p>\n<img decoding=\"async\" class=\"alignnone wp-image-158 size-full\" src=\"https:\/\/www.sprachschule-aktiv-muenchen.de\/studieren-in-muenchen\/wp-content\/uploads\/2022\/09\/berufsaussichten-fuer-auslaendische-studenten-auf-dem-arbeitsmarkt.webp\" alt=\"Berufsaussichten f\u00fcr ausl\u00e4ndische Studenten auf dem Arbeitsmarkt\" width=\"770\" height=\"723\" srcset=\"https:\/\/www.sprachschule-aktiv-muenchen.de\/studieren-in-muenchen\/wp-content\/uploads\/2022\/09\/berufsaussichten-fuer-auslaendische-studenten-auf-dem-arbeitsmarkt.webp 770w, https:\/\/www.sprachschule-aktiv-muenchen.de\/studieren-in-muenchen\/wp-content\/uploads\/2022\/09\/berufsaussichten-fuer-auslaendische-studenten-auf-dem-arbeitsmarkt-300x282.webp 300w, https:\/\/www.sprachschule-aktiv-muenchen.de\/studieren-in-muenchen\/wp-content\/uploads\/2022\/09\/berufsaussichten-fuer-auslaendische-studenten-auf-dem-arbeitsmarkt-768x721.webp 768w\" sizes=\"(max-width: 770px) 100vw, 770px\" \/>\n<h2>Welche Vorteile haben ausl\u00e4ndische Absolventen bei der Arbeitssuche in M\u00fcnchen?<\/h2>\n<p>Nach einem Studium in der bayerischen Landeshauptstadt ergeben sich einige Vorteile, da in den meisten F\u00e4llen die Absolventen aus dem Ausland der deutschen Sprache m\u00e4chtig sind und zus\u00e4tzlich einen tieferen Einblick in die Kultur erworben haben. Auch das Einbringen des Knowhows \u00fcber die eigene Kultur und die Muttersprache ist ein Gewinn f\u00fcr global agierende Unternehmen in M\u00fcnchen. Zudem besitzen sie ein Zeugnis einer renommierten deutschen Universit\u00e4t und stellen damit die klassische Zielgruppe von jungen, dynamischen Arbeitnehmern dar, die M\u00fcnchen zur Sicherung von ausreichenden Fachkr\u00e4ften dringend ben\u00f6tigt.<\/p>\n<a href=\"https:\/\/www.sprachschule-aktiv-muenchen.de\/deutsch-lernen\/\" target=\"_blank\" rel=\"noopener\"><img decoding=\"async\" class=\"alignnone size-medium wp-image-123\" src=\"https:\/\/www.sprachschule-aktiv-muenchen.de\/studieren-in-muenchen\/wp-content\/uploads\/2022\/07\/deutsch-lernen-in-muenchen-von-a1-bis-c2-251x300.webp\" alt=\"Deutsch lernen in M\u00fcnchen von A1 bis C2\" width=\"251\" height=\"300\" srcset=\"https:\/\/www.sprachschule-aktiv-muenchen.de\/studieren-in-muenchen\/wp-content\/uploads\/2022\/07\/deutsch-lernen-in-muenchen-von-a1-bis-c2-251x300.webp 251w, https:\/\/www.sprachschule-aktiv-muenchen.de\/studieren-in-muenchen\/wp-content\/uploads\/2022\/07\/deutsch-lernen-in-muenchen-von-a1-bis-c2.webp 300w\" sizes=\"(max-width: 251px) 100vw, 251px\" \/><\/a>\n<h2>Was macht den Arbeitsmarkt in M\u00fcnchen f\u00fcr Studienabsolventen aus dem Ausland attraktiv?<\/h2>\n<p>M\u00fcnchen gilt als die Weltstadt mit Herz. Einerseits ist sie \u00fcberschaubar und bietet doch alles, was eine Metropole braucht. Vom internationalen Flughafen \u00fcber Zugverbindungen nach ganz Europa sowie ein viel besuchtes Messezentrum auf internationalem Niveau. Auch Museen mit weltweitem Ruf wie das Deutsche Museum und viele andere Kultureinrichtungen halten M\u00fcnchen trotz seiner geringen Gr\u00f6\u00dfe mit nur 1,4 Millionen Einwohnern auf einem attraktiven Platz im globalen Ranking. Hinzu kommen nat\u00fcrlich die gro\u00dfen Firmen wie beispielsweise Osram, M\u00fcnchener R\u00fcck (M\u00fcnchener R\u00fcckversicherungs-Gesellschaft ), BMW oder Siemens.<\/p>\n<h2>Tipps f\u00fcr den Einstieg in den M\u00fcnchner Arbeitsmarkt<\/h2>\n<p>Junge ausl\u00e4ndische Hochschulabsolventen sind in M\u00fcnchen nicht nur herzlich willkommen, sondern werden auch dringend gebraucht, h\u00f6rt man aus der deutschen Wirtschaft. So erkl\u00e4rt der Generalsekret\u00e4r des Stifterverbandes Volker Meyer-Guckel: \u201eWir m\u00fcssen bei ihnen viel offensiver f\u00fcr unseren Arbeitsmarkt werben.&#8221; Leider finden einige &#8211; trotz aller Bem\u00fchungen &#8211; keinen Job in der Landeshauptstadt. Als m\u00f6glichen Grund gab der Vizehauptgesch\u00e4ftsf\u00fchrer des DIHK, (Deutsche Industrie- und Handelskammertag), Achim Dercks das Fehlen von Netzwerken und mangelnde Kenntnisse \u00fcber den deutschen Arbeitsmarkt an. Dies verhindert bei circa 50% der Bewerber einen schnellen Einstieg. Die Empfehlung ist demnach, w\u00e4hrend des Studiums Praktika zu absolvieren und m\u00f6glichst fr\u00fch ein branchenrelevantes Netzwerk zu schaffen. Erweitern lassen sich diese Kontakte durch berufliche Kontaktportale wie <a href=\"https:\/\/www.xing.com\/\" target=\"_blank\" rel=\"noopener\">Xing<\/a>, welches im deutschsprachigen Raum stark genutzt wird, aber auch <a href=\"https:\/\/www.linkedin.com\/\" target=\"_blank\" rel=\"noopener\">LinkedIn<\/a>. Ein weiterer Tipp sind Karrieremessen, welche regelm\u00e4\u00dfig in M\u00fcnchen stattfinden. Unter den folgenden Links finden Sie die Termine und weitere Informationen: <a href=\"https:\/\/www.messen.de\/de\/14636\/muenchen\/jobmesse-muenchen\/info\" target=\"_blank\" rel=\"noopener\">https:\/\/www.messen.de\/de\/14636\/muenchen\/jobmesse-muenchen\/info<\/a> und <a href=\"https:\/\/www.jobfair.de\/jobmesse\/muenchen.php\" target=\"_blank\" rel=\"noopener\">https:\/\/www.jobfair.de\/jobmesse\/muenchen.php<\/a>.<\/p>\n","protected":false},"excerpt":{"rendered":"<p>Mit einem Abschluss an einer der M\u00fcnchner Hochschulen, ob Technische Universit\u00e4t M\u00fcnchen, LMU oder andere Einrichtungen, sind Sie top qualifiziert. Die Abschl\u00fcsse werden weltweit anerkannt und genie\u00dfen einen guten Ruf. Die Chancen in den Arbeitsmarkt einzusteigen sind generell nicht schlecht. Doch neben vielen Chancen und Vorteilen, bleibt der Wunsch nach dem Traumjob f\u00fcr ausl\u00e4ndische Absolventen&hellip; <a class=\"read-more\" href=\"https:\/\/www.sprachschule-aktiv-muenchen.de\/studieren-in-muenchen\/berufsaussichten-fuer-auslaendische-studenten-auf-dem-arbeitsmarkt\/\" title=\"Read Berufsaussichten f\u00fcr ausl\u00e4ndische Studenten auf dem Arbeitsmarkt\">Read more &raquo;<\/a><\/p>\n","protected":false},"author":2,"featured_media":0,"parent":0,"menu_order":0,"comment_status":"closed","ping_status":"closed","template":"","meta":{"footnotes":""},"class_list":["post-157","page","type-page","status-publish","hentry"],"yoast_head":"<!-- This site is optimized with the Yoast SEO plugin v21.4 - https:\/\/yoast.com\/wordpress\/plugins\/seo\/ -->\n<title>Berufsaussichten f\u00fcr ausl\u00e4ndische Studenten<\/title>\n<meta name=\"description\" content=\"Trotz vieler Chancen bleibt der Traumjob f\u00fcr ausl\u00e4ndische Absolventen in M\u00fcnchen manchmal unerf\u00fcllt. Warum &amp; was kann man dagegen tun? Tipps!\" \/>\n<meta name=\"robots\" content=\"index, follow, max-snippet:-1, max-image-preview:large, max-video-preview:-1\" \/>\n<link rel=\"canonical\" href=\"https:\/\/www.sprachschule-aktiv-muenchen.de\/studieren-in-muenchen\/berufsaussichten-fuer-auslaendische-studenten-auf-dem-arbeitsmarkt\/\" \/>\n<meta property=\"og:locale\" content=\"de_DE\" \/>\n<meta property=\"og:type\" content=\"article\" \/>\n<meta property=\"og:title\" content=\"Berufsaussichten f\u00fcr ausl\u00e4ndische Studenten\" \/>\n<meta property=\"og:description\" content=\"Trotz vieler Chancen bleibt der Traumjob f\u00fcr ausl\u00e4ndische Absolventen in M\u00fcnchen manchmal unerf\u00fcllt. Warum &amp; was kann man dagegen tun? Tipps!\" \/>\n<meta property=\"og:url\" content=\"https:\/\/www.sprachschule-aktiv-muenchen.de\/studieren-in-muenchen\/berufsaussichten-fuer-auslaendische-studenten-auf-dem-arbeitsmarkt\/\" \/>\n<meta property=\"og:site_name\" content=\"Studieren in M\u00fcnchen\" \/>\n<meta property=\"article:modified_time\" content=\"2022-09-04T04:11:41+00:00\" \/>\n<meta property=\"og:image\" content=\"https:\/\/www.sprachschule-aktiv-muenchen.de\/studieren-in-muenchen\/wp-content\/uploads\/2022\/09\/berufsaussichten-fuer-auslaendische-studenten-auf-dem-arbeitsmarkt.webp\" \/>\n<meta name=\"twitter:card\" content=\"summary_large_image\" \/>\n<meta name=\"twitter:label1\" content=\"Gesch\u00e4tzte Lesezeit\" \/>\n\t<meta name=\"twitter:data1\" content=\"2\u00a0Minuten\" \/>\n<script type=\"application\/ld+json\" class=\"yoast-schema-graph\">{\"@context\":\"https:\/\/schema.org\",\"@graph\":[{\"@type\":\"WebPage\",\"@id\":\"https:\/\/www.sprachschule-aktiv-muenchen.de\/studieren-in-muenchen\/berufsaussichten-fuer-auslaendische-studenten-auf-dem-arbeitsmarkt\/\",\"url\":\"https:\/\/www.sprachschule-aktiv-muenchen.de\/studieren-in-muenchen\/berufsaussichten-fuer-auslaendische-studenten-auf-dem-arbeitsmarkt\/\",\"name\":\"Berufsaussichten f\u00fcr ausl\u00e4ndische Studenten\",\"isPartOf\":{\"@id\":\"https:\/\/www.sprachschule-aktiv-muenchen.de\/studieren-in-muenchen\/#website\"},\"datePublished\":\"2022-09-04T04:10:45+00:00\",\"dateModified\":\"2022-09-04T04:11:41+00:00\",\"description\":\"Trotz vieler Chancen bleibt der Traumjob f\u00fcr ausl\u00e4ndische Absolventen in M\u00fcnchen manchmal unerf\u00fcllt. Warum & was kann man dagegen tun? Tipps!\",\"breadcrumb\":{\"@id\":\"https:\/\/www.sprachschule-aktiv-muenchen.de\/studieren-in-muenchen\/berufsaussichten-fuer-auslaendische-studenten-auf-dem-arbeitsmarkt\/#breadcrumb\"},\"inLanguage\":\"de\",\"potentialAction\":[{\"@type\":\"ReadAction\",\"target\":[\"https:\/\/www.sprachschule-aktiv-muenchen.de\/studieren-in-muenchen\/berufsaussichten-fuer-auslaendische-studenten-auf-dem-arbeitsmarkt\/\"]}]},{\"@type\":\"BreadcrumbList\",\"@id\":\"https:\/\/www.sprachschule-aktiv-muenchen.de\/studieren-in-muenchen\/berufsaussichten-fuer-auslaendische-studenten-auf-dem-arbeitsmarkt\/#breadcrumb\",\"itemListElement\":[{\"@type\":\"ListItem\",\"position\":1,\"name\":\"Startseite\",\"item\":\"https:\/\/www.sprachschule-aktiv-muenchen.de\/studieren-in-muenchen\/\"},{\"@type\":\"ListItem\",\"position\":2,\"name\":\"Berufsaussichten f\u00fcr ausl\u00e4ndische Studenten auf dem Arbeitsmarkt\"}]},{\"@type\":\"WebSite\",\"@id\":\"https:\/\/www.sprachschule-aktiv-muenchen.de\/studieren-in-muenchen\/#website\",\"url\":\"https:\/\/www.sprachschule-aktiv-muenchen.de\/studieren-in-muenchen\/\",\"name\":\"Studieren in M\u00fcnchen\",\"description\":\"\",\"potentialAction\":[{\"@type\":\"SearchAction\",\"target\":{\"@type\":\"EntryPoint\",\"urlTemplate\":\"https:\/\/www.sprachschule-aktiv-muenchen.de\/studieren-in-muenchen\/?s={search_term_string}\"},\"query-input\":\"required name=search_term_string\"}],\"inLanguage\":\"de\"}]}<\/script>\n<!-- \/ Yoast SEO plugin. -->","yoast_head_json":{"title":"Berufsaussichten f\u00fcr ausl\u00e4ndische Studenten","description":"Trotz vieler Chancen bleibt der Traumjob f\u00fcr ausl\u00e4ndische Absolventen in M\u00fcnchen manchmal unerf\u00fcllt. Warum & was kann man dagegen tun? Tipps!","robots":{"index":"index","follow":"follow","max-snippet":"max-snippet:-1","max-image-preview":"max-image-preview:large","max-video-preview":"max-video-preview:-1"},"canonical":"https:\/\/www.sprachschule-aktiv-muenchen.de\/studieren-in-muenchen\/berufsaussichten-fuer-auslaendische-studenten-auf-dem-arbeitsmarkt\/","og_locale":"de_DE","og_type":"article","og_title":"Berufsaussichten f\u00fcr ausl\u00e4ndische Studenten","og_description":"Trotz vieler Chancen bleibt der Traumjob f\u00fcr ausl\u00e4ndische Absolventen in M\u00fcnchen manchmal unerf\u00fcllt. Warum & was kann man dagegen tun? Tipps!","og_url":"https:\/\/www.sprachschule-aktiv-muenchen.de\/studieren-in-muenchen\/berufsaussichten-fuer-auslaendische-studenten-auf-dem-arbeitsmarkt\/","og_site_name":"Studieren in M\u00fcnchen","article_modified_time":"2022-09-04T04:11:41+00:00","og_image":[{"url":"https:\/\/www.sprachschule-aktiv-muenchen.de\/studieren-in-muenchen\/wp-content\/uploads\/2022\/09\/berufsaussichten-fuer-auslaendische-studenten-auf-dem-arbeitsmarkt.webp"}],"twitter_card":"summary_large_image","twitter_misc":{"Gesch\u00e4tzte Lesezeit":"2\u00a0Minuten"},"schema":{"@context":"https:\/\/schema.org","@graph":[{"@type":"WebPage","@id":"https:\/\/www.sprachschule-aktiv-muenchen.de\/studieren-in-muenchen\/berufsaussichten-fuer-auslaendische-studenten-auf-dem-arbeitsmarkt\/","url":"https:\/\/www.sprachschule-aktiv-muenchen.de\/studieren-in-muenchen\/berufsaussichten-fuer-auslaendische-studenten-auf-dem-arbeitsmarkt\/","name":"Berufsaussichten f\u00fcr ausl\u00e4ndische Studenten","isPartOf":{"@id":"https:\/\/www.sprachschule-aktiv-muenchen.de\/studieren-in-muenchen\/#website"},"datePublished":"2022-09-04T04:10:45+00:00","dateModified":"2022-09-04T04:11:41+00:00","description":"Trotz vieler Chancen bleibt der Traumjob f\u00fcr ausl\u00e4ndische Absolventen in M\u00fcnchen manchmal unerf\u00fcllt. Warum & was kann man dagegen tun? Tipps!","breadcrumb":{"@id":"https:\/\/www.sprachschule-aktiv-muenchen.de\/studieren-in-muenchen\/berufsaussichten-fuer-auslaendische-studenten-auf-dem-arbeitsmarkt\/#breadcrumb"},"inLanguage":"de","potentialAction":[{"@type":"ReadAction","target":["https:\/\/www.sprachschule-aktiv-muenchen.de\/studieren-in-muenchen\/berufsaussichten-fuer-auslaendische-studenten-auf-dem-arbeitsmarkt\/"]}]},{"@type":"BreadcrumbList","@id":"https:\/\/www.sprachschule-aktiv-muenchen.de\/studieren-in-muenchen\/berufsaussichten-fuer-auslaendische-studenten-auf-dem-arbeitsmarkt\/#breadcrumb","itemListElement":[{"@type":"ListItem","position":1,"name":"Startseite","item":"https:\/\/www.sprachschule-aktiv-muenchen.de\/studieren-in-muenchen\/"},{"@type":"ListItem","position":2,"name":"Berufsaussichten f\u00fcr ausl\u00e4ndische Studenten auf dem Arbeitsmarkt"}]},{"@type":"WebSite","@id":"https:\/\/www.sprachschule-aktiv-muenchen.de\/studieren-in-muenchen\/#website","url":"https:\/\/www.sprachschule-aktiv-muenchen.de\/studieren-in-muenchen\/","name":"Studieren in M\u00fcnchen","description":"","potentialAction":[{"@type":"SearchAction","target":{"@type":"EntryPoint","urlTemplate":"https:\/\/www.sprachschule-aktiv-muenchen.de\/studieren-in-muenchen\/?s={search_term_string}"},"query-input":"required name=search_term_string"}],"inLanguage":"de"}]}},"_links":{"self":[{"href":"https:\/\/www.sprachschule-aktiv-muenchen.de\/studieren-in-muenchen\/wp-json\/wp\/v2\/pages\/157","targetHints":{"allow":["GET"]}}],"collection":[{"href":"https:\/\/www.sprachschule-aktiv-muenchen.de\/studieren-in-muenchen\/wp-json\/wp\/v2\/pages"}],"about":[{"href":"https:\/\/www.sprachschule-aktiv-muenchen.de\/studieren-in-muenchen\/wp-json\/wp\/v2\/types\/page"}],"author":[{"embeddable":true,"href":"https:\/\/www.sprachschule-aktiv-muenchen.de\/studieren-in-muenchen\/wp-json\/wp\/v2\/users\/2"}],"replies":[{"embeddable":true,"href":"https:\/\/www.sprachschule-aktiv-muenchen.de\/studieren-in-muenchen\/wp-json\/wp\/v2\/comments?post=157"}],"version-history":[{"count":2,"href":"https:\/\/www.sprachschule-aktiv-muenchen.de\/studieren-in-muenchen\/wp-json\/wp\/v2\/pages\/157\/revisions"}],"predecessor-version":[{"id":160,"href":"https:\/\/www.sprachschule-aktiv-muenchen.de\/studieren-in-muenchen\/wp-json\/wp\/v2\/pages\/157\/revisions\/160"}],"wp:attachment":[{"href":"https:\/\/www.sprachschule-aktiv-muenchen.de\/studieren-in-muenchen\/wp-json\/wp\/v2\/media?parent=157"}],"curies":[{"name":"wp","href":"https:\/\/api.w.org\/{rel}","templated":true}]}}