{"id":146,"date":"2022-07-23T07:36:28","date_gmt":"2022-07-23T05:36:28","guid":{"rendered":"https:\/\/www.sprachschule-aktiv-muenchen.de\/studieren-in-muenchen\/?page_id=146"},"modified":"2022-07-23T07:36:28","modified_gmt":"2022-07-23T05:36:28","slug":"studienfinanzierung-fuer-auslaendische-studenten-in-muenchen","status":"publish","type":"page","link":"https:\/\/www.sprachschule-aktiv-muenchen.de\/studieren-in-muenchen\/studienfinanzierung-fuer-auslaendische-studenten-in-muenchen\/","title":{"rendered":"Studienfinanzierung f\u00fcr ausl\u00e4ndische Studenten in M\u00fcnchen &#8211; Stipendien"},"content":{"rendered":"<p>Ein Hochschulstudium zu absolvieren, ist meist eine teure Angelegenheit. Auch wenn man sich auf den Bachelor beschr\u00e4nkt, ben\u00f6tigt man doch entsprechende finanzielle Mittel, um den Lebensunterhalt zu sichern und und nicht jeden Monat dar\u00fcber nachdenken zu m\u00fcssen, wie man die n\u00e4chste Miete zahlt. Schlie\u00dflich sollen sich Studenten aus dem Ausland genauso wie ihre deutschen Kommilitonen aufs Lernen konzentrieren k\u00f6nnen. <strong>Doch welche M\u00f6glichkeiten gibt es f\u00fcr ausl\u00e4ndische Studenten, die monet\u00e4ren Mittel zu beschaffen?<\/strong><\/p>\n<img decoding=\"async\" class=\"alignnone wp-image-147 size-full\" src=\"https:\/\/www.sprachschule-aktiv-muenchen.de\/studieren-in-muenchen\/wp-content\/uploads\/2022\/07\/studienfinanzierung-fuer-auslaendische-studenten-in-muenchen.webp\" alt=\"Studienfinanzierung f\u00fcr ausl\u00e4ndische Studenten in M\u00fcnchen - Stipendien\" width=\"770\" height=\"723\" srcset=\"https:\/\/www.sprachschule-aktiv-muenchen.de\/studieren-in-muenchen\/wp-content\/uploads\/2022\/07\/studienfinanzierung-fuer-auslaendische-studenten-in-muenchen.webp 770w, https:\/\/www.sprachschule-aktiv-muenchen.de\/studieren-in-muenchen\/wp-content\/uploads\/2022\/07\/studienfinanzierung-fuer-auslaendische-studenten-in-muenchen-300x282.webp 300w, https:\/\/www.sprachschule-aktiv-muenchen.de\/studieren-in-muenchen\/wp-content\/uploads\/2022\/07\/studienfinanzierung-fuer-auslaendische-studenten-in-muenchen-768x721.webp 768w\" sizes=\"(max-width: 770px) 100vw, 770px\" \/>\n<h2>Jobben und studieren in M\u00fcnchen &#8211; Teilzeitjobs f\u00fcr Studenten aus dem Ausland<\/h2>\n<p>Ein Klassiker, um das Monatsbudget aufzubessern, ist ein Teilzeitjob. Jedoch ist die Zeit, die Sie an Ihrer Arbeitsstelle verbringen d\u00fcrfen, begrenzt. <strong>Je nach Visum d\u00fcrfen Studenten aus dem Ausland meistens nicht mehr als 120 Tage pro Jahr arbeiten<\/strong>. Verdienen sie dabei mehr als 450 Euro pro Monat, werden zus\u00e4tzlich Steuern abgezogen. Nat\u00fcrlich reicht das Gehalt nicht aus, um als Student in M\u00fcnchen zu \u00fcberleben. Doch sollte das Gehalt Ihnen dabei helfen, zu mindestens die H\u00e4lfte Ihres monet\u00e4ren Bedarfs in einem Monat zu bestreiten.<\/p>\n<a href=\"https:\/\/www.sprachschule-aktiv-muenchen.de\/deutsch-lernen\/\" target=\"_blank\" rel=\"noopener\"><img decoding=\"async\" class=\"alignnone wp-image-123 size-medium\" src=\"https:\/\/www.sprachschule-aktiv-muenchen.de\/studieren-in-muenchen\/wp-content\/uploads\/2022\/07\/deutsch-lernen-in-muenchen-von-a1-bis-c2-251x300.webp\" alt=\"Deutsch lernen in M\u00fcnchen mit gratis Probestunde\" width=\"251\" height=\"300\" srcset=\"https:\/\/www.sprachschule-aktiv-muenchen.de\/studieren-in-muenchen\/wp-content\/uploads\/2022\/07\/deutsch-lernen-in-muenchen-von-a1-bis-c2-251x300.webp 251w, https:\/\/www.sprachschule-aktiv-muenchen.de\/studieren-in-muenchen\/wp-content\/uploads\/2022\/07\/deutsch-lernen-in-muenchen-von-a1-bis-c2.webp 300w\" sizes=\"(max-width: 251px) 100vw, 251px\" \/><\/a>\n<h2>Studieren in M\u00fcnchen mit privater Finanzierung<\/h2>\n<p>Der <em>running gag<\/em> in deutschen Universit\u00e4ten ist immer noch der Aufkleber auf der Uni-Tasche mit dem Slogan&#8221; Sponsored bei Oma &#8220;. Doch meistens sind es wohl die Eltern, die ihren Nachwuchs w\u00e4hrend der universit\u00e4ren Lehrjahre unterst\u00fctzen, wenn ihr Einkommen hoch genug ist. Ein Beleg \u00fcber die H\u00f6he des Einkommens gilt auch als Finanzierungsnachweis f\u00fcr den Visumsantrag. Besonders praktisch ist es, wenn die Familie schon im Vorfeld ein Sparbuch f\u00fcr die Ausbildung ihrer Spr\u00f6sslinge angelegt hat, womit die Studierenden sukzessiv Miete, Lebensmittel und Versicherungen bezahlen k\u00f6nnen.<\/p>\n<h2>Stipendien und Kredite zur Bezahlung eines Studiums in M\u00fcnchen<\/h2>\n<p>Auch diese Form wird h\u00e4ufig genutzt, um w\u00e4hrend des Studiums gen\u00fcgend Geld zur Verf\u00fcgung zu haben. Es gibt eine gro\u00dfe Bandbreite an Institutionen, die ausl\u00e4ndischen Studenten finanziell unter die Arme greifen. Sie k\u00f6nnen sich beispielsweise direkt bei der Universit\u00e4t um einen Bildungskredit bewerben. Der Vorteil ist, dass der Zinssatz f\u00fcr die R\u00fcckzahlung in der Regel nicht hoch ist. Auch Geldinstitute unterst\u00fctzen Studenten mit nichtstaatlich finanzierten Krediten, doch hier k\u00f6nnen die Zinsen erheblich h\u00f6her sein. Optimal sind nat\u00fcrlich Stipendien wie sie von dem DAAD, dem Deutschen Akademischen Austauschdienst, oder Erasmus angeboten werden. Au\u00dferdem helfen auch Organisationen wie Max-Planck society-forschung, DKFZ internationales PhD Programm und die Heinrich-B\u00f6ll-Stiftung internationalen Studenten bei ihrer Finanzierung ihres Studiums in M\u00fcnchen.<\/p>\n<p><strong>Hier finden Sie wichtige Informationen f\u00fcr Stipendien in M\u00fcnchen:\u00a0<\/strong><\/p>\n<ul>\n<li><a href=\"https:\/\/www.lmu.de\/de\/workspace-fuer-studierende\/support-angebote\/studienfinanzierung\/stipendien\/stipendien-fuer-internationale-studierende\/index.html#:~:text=Internationale%20Studierende%20sowie%20und%20Doktorandinnen,Mitteln%20des%20Bayerischen%20Staats%20beantragen.\" target=\"_blank\" rel=\"noopener\">LMU<\/a><\/li>\n<li><a href=\"https:\/\/www.tum.de\/studium\/studienfinanzierung\/stipendien\/stipendien-der-tum\/stipendium-fuer-internationale-studierende\" target=\"_blank\" rel=\"noopener\">TUM<\/a><\/li>\n<\/ul>\n<h3>Weitere Themen, die Sie interessieren k\u00f6nnen:<\/h3>\n<ul>\n<li><a href=\"https:\/\/www.sprachschule-aktiv-muenchen.de\/studieren-in-muenchen\/notenvergabe\/\">Notenvergabe in M\u00fcnchen<\/a><\/li>\n<li><a href=\"https:\/\/www.sprachschule-aktiv-muenchen.de\/studieren-in-muenchen\/studium-in-muenchen\/\">Studium in M\u00fcnchen &#8211; was Sie erwartet<\/a><\/li>\n<\/ul>\n","protected":false},"excerpt":{"rendered":"<p>Ein Hochschulstudium zu absolvieren, ist meist eine teure Angelegenheit. Auch wenn man sich auf den Bachelor beschr\u00e4nkt, ben\u00f6tigt man doch entsprechende finanzielle Mittel, um den Lebensunterhalt zu sichern und und nicht jeden Monat dar\u00fcber nachdenken zu m\u00fcssen, wie man die n\u00e4chste Miete zahlt. Schlie\u00dflich sollen sich Studenten aus dem Ausland genauso wie ihre deutschen Kommilitonen&hellip; <a class=\"read-more\" href=\"https:\/\/www.sprachschule-aktiv-muenchen.de\/studieren-in-muenchen\/studienfinanzierung-fuer-auslaendische-studenten-in-muenchen\/\" title=\"Read Studienfinanzierung f\u00fcr ausl\u00e4ndische Studenten in M\u00fcnchen &#8211; Stipendien\">Read more &raquo;<\/a><\/p>\n","protected":false},"author":2,"featured_media":0,"parent":0,"menu_order":0,"comment_status":"closed","ping_status":"closed","template":"","meta":{"footnotes":""},"class_list":["post-146","page","type-page","status-publish","hentry"],"yoast_head":"<!-- This site is optimized with the Yoast SEO plugin v21.4 - https:\/\/yoast.com\/wordpress\/plugins\/seo\/ -->\n<title>Studienfinanzierung f\u00fcr ausl\u00e4ndische Studenten in M\u00fcnchen<\/title>\n<meta name=\"description\" content=\"Ein Studium zu absolvieren, ist meist eine teure Angelegenheit. Doch mit jobben, privater Finanzierung, Stipendien &amp; Krediten ist es m\u00f6glich.\" \/>\n<meta name=\"robots\" content=\"index, follow, max-snippet:-1, max-image-preview:large, max-video-preview:-1\" \/>\n<link rel=\"canonical\" href=\"https:\/\/www.sprachschule-aktiv-muenchen.de\/studieren-in-muenchen\/studienfinanzierung-fuer-auslaendische-studenten-in-muenchen\/\" \/>\n<meta property=\"og:locale\" content=\"de_DE\" \/>\n<meta property=\"og:type\" content=\"article\" \/>\n<meta property=\"og:title\" content=\"Studienfinanzierung f\u00fcr ausl\u00e4ndische Studenten in M\u00fcnchen\" \/>\n<meta property=\"og:description\" content=\"Ein Studium zu absolvieren, ist meist eine teure Angelegenheit. Doch mit jobben, privater Finanzierung, Stipendien &amp; Krediten ist es m\u00f6glich.\" \/>\n<meta property=\"og:url\" content=\"https:\/\/www.sprachschule-aktiv-muenchen.de\/studieren-in-muenchen\/studienfinanzierung-fuer-auslaendische-studenten-in-muenchen\/\" \/>\n<meta property=\"og:site_name\" content=\"Studieren in M\u00fcnchen\" \/>\n<meta property=\"og:image\" content=\"https:\/\/www.sprachschule-aktiv-muenchen.de\/studieren-in-muenchen\/wp-content\/uploads\/2022\/07\/studienfinanzierung-fuer-auslaendische-studenten-in-muenchen.webp\" \/>\n<meta name=\"twitter:card\" content=\"summary_large_image\" \/>\n<meta name=\"twitter:label1\" content=\"Gesch\u00e4tzte Lesezeit\" \/>\n\t<meta name=\"twitter:data1\" content=\"2\u00a0Minuten\" \/>\n<script type=\"application\/ld+json\" class=\"yoast-schema-graph\">{\"@context\":\"https:\/\/schema.org\",\"@graph\":[{\"@type\":\"WebPage\",\"@id\":\"https:\/\/www.sprachschule-aktiv-muenchen.de\/studieren-in-muenchen\/studienfinanzierung-fuer-auslaendische-studenten-in-muenchen\/\",\"url\":\"https:\/\/www.sprachschule-aktiv-muenchen.de\/studieren-in-muenchen\/studienfinanzierung-fuer-auslaendische-studenten-in-muenchen\/\",\"name\":\"Studienfinanzierung f\u00fcr ausl\u00e4ndische Studenten in M\u00fcnchen\",\"isPartOf\":{\"@id\":\"https:\/\/www.sprachschule-aktiv-muenchen.de\/studieren-in-muenchen\/#website\"},\"datePublished\":\"2022-07-23T05:36:28+00:00\",\"dateModified\":\"2022-07-23T05:36:28+00:00\",\"description\":\"Ein Studium zu absolvieren, ist meist eine teure Angelegenheit. Doch mit jobben, privater Finanzierung, Stipendien & Krediten ist es m\u00f6glich.\",\"breadcrumb\":{\"@id\":\"https:\/\/www.sprachschule-aktiv-muenchen.de\/studieren-in-muenchen\/studienfinanzierung-fuer-auslaendische-studenten-in-muenchen\/#breadcrumb\"},\"inLanguage\":\"de\",\"potentialAction\":[{\"@type\":\"ReadAction\",\"target\":[\"https:\/\/www.sprachschule-aktiv-muenchen.de\/studieren-in-muenchen\/studienfinanzierung-fuer-auslaendische-studenten-in-muenchen\/\"]}]},{\"@type\":\"BreadcrumbList\",\"@id\":\"https:\/\/www.sprachschule-aktiv-muenchen.de\/studieren-in-muenchen\/studienfinanzierung-fuer-auslaendische-studenten-in-muenchen\/#breadcrumb\",\"itemListElement\":[{\"@type\":\"ListItem\",\"position\":1,\"name\":\"Startseite\",\"item\":\"https:\/\/www.sprachschule-aktiv-muenchen.de\/studieren-in-muenchen\/\"},{\"@type\":\"ListItem\",\"position\":2,\"name\":\"Studienfinanzierung f\u00fcr ausl\u00e4ndische Studenten in M\u00fcnchen &#8211; Stipendien\"}]},{\"@type\":\"WebSite\",\"@id\":\"https:\/\/www.sprachschule-aktiv-muenchen.de\/studieren-in-muenchen\/#website\",\"url\":\"https:\/\/www.sprachschule-aktiv-muenchen.de\/studieren-in-muenchen\/\",\"name\":\"Studieren in M\u00fcnchen\",\"description\":\"\",\"potentialAction\":[{\"@type\":\"SearchAction\",\"target\":{\"@type\":\"EntryPoint\",\"urlTemplate\":\"https:\/\/www.sprachschule-aktiv-muenchen.de\/studieren-in-muenchen\/?s={search_term_string}\"},\"query-input\":\"required name=search_term_string\"}],\"inLanguage\":\"de\"}]}<\/script>\n<!-- \/ Yoast SEO plugin. -->","yoast_head_json":{"title":"Studienfinanzierung f\u00fcr ausl\u00e4ndische Studenten in M\u00fcnchen","description":"Ein Studium zu absolvieren, ist meist eine teure Angelegenheit. Doch mit jobben, privater Finanzierung, Stipendien & Krediten ist es m\u00f6glich.","robots":{"index":"index","follow":"follow","max-snippet":"max-snippet:-1","max-image-preview":"max-image-preview:large","max-video-preview":"max-video-preview:-1"},"canonical":"https:\/\/www.sprachschule-aktiv-muenchen.de\/studieren-in-muenchen\/studienfinanzierung-fuer-auslaendische-studenten-in-muenchen\/","og_locale":"de_DE","og_type":"article","og_title":"Studienfinanzierung f\u00fcr ausl\u00e4ndische Studenten in M\u00fcnchen","og_description":"Ein Studium zu absolvieren, ist meist eine teure Angelegenheit. Doch mit jobben, privater Finanzierung, Stipendien & Krediten ist es m\u00f6glich.","og_url":"https:\/\/www.sprachschule-aktiv-muenchen.de\/studieren-in-muenchen\/studienfinanzierung-fuer-auslaendische-studenten-in-muenchen\/","og_site_name":"Studieren in M\u00fcnchen","og_image":[{"url":"https:\/\/www.sprachschule-aktiv-muenchen.de\/studieren-in-muenchen\/wp-content\/uploads\/2022\/07\/studienfinanzierung-fuer-auslaendische-studenten-in-muenchen.webp"}],"twitter_card":"summary_large_image","twitter_misc":{"Gesch\u00e4tzte Lesezeit":"2\u00a0Minuten"},"schema":{"@context":"https:\/\/schema.org","@graph":[{"@type":"WebPage","@id":"https:\/\/www.sprachschule-aktiv-muenchen.de\/studieren-in-muenchen\/studienfinanzierung-fuer-auslaendische-studenten-in-muenchen\/","url":"https:\/\/www.sprachschule-aktiv-muenchen.de\/studieren-in-muenchen\/studienfinanzierung-fuer-auslaendische-studenten-in-muenchen\/","name":"Studienfinanzierung f\u00fcr ausl\u00e4ndische Studenten in M\u00fcnchen","isPartOf":{"@id":"https:\/\/www.sprachschule-aktiv-muenchen.de\/studieren-in-muenchen\/#website"},"datePublished":"2022-07-23T05:36:28+00:00","dateModified":"2022-07-23T05:36:28+00:00","description":"Ein Studium zu absolvieren, ist meist eine teure Angelegenheit. Doch mit jobben, privater Finanzierung, Stipendien & Krediten ist es m\u00f6glich.","breadcrumb":{"@id":"https:\/\/www.sprachschule-aktiv-muenchen.de\/studieren-in-muenchen\/studienfinanzierung-fuer-auslaendische-studenten-in-muenchen\/#breadcrumb"},"inLanguage":"de","potentialAction":[{"@type":"ReadAction","target":["https:\/\/www.sprachschule-aktiv-muenchen.de\/studieren-in-muenchen\/studienfinanzierung-fuer-auslaendische-studenten-in-muenchen\/"]}]},{"@type":"BreadcrumbList","@id":"https:\/\/www.sprachschule-aktiv-muenchen.de\/studieren-in-muenchen\/studienfinanzierung-fuer-auslaendische-studenten-in-muenchen\/#breadcrumb","itemListElement":[{"@type":"ListItem","position":1,"name":"Startseite","item":"https:\/\/www.sprachschule-aktiv-muenchen.de\/studieren-in-muenchen\/"},{"@type":"ListItem","position":2,"name":"Studienfinanzierung f\u00fcr ausl\u00e4ndische Studenten in M\u00fcnchen &#8211; Stipendien"}]},{"@type":"WebSite","@id":"https:\/\/www.sprachschule-aktiv-muenchen.de\/studieren-in-muenchen\/#website","url":"https:\/\/www.sprachschule-aktiv-muenchen.de\/studieren-in-muenchen\/","name":"Studieren in M\u00fcnchen","description":"","potentialAction":[{"@type":"SearchAction","target":{"@type":"EntryPoint","urlTemplate":"https:\/\/www.sprachschule-aktiv-muenchen.de\/studieren-in-muenchen\/?s={search_term_string}"},"query-input":"required name=search_term_string"}],"inLanguage":"de"}]}},"_links":{"self":[{"href":"https:\/\/www.sprachschule-aktiv-muenchen.de\/studieren-in-muenchen\/wp-json\/wp\/v2\/pages\/146","targetHints":{"allow":["GET"]}}],"collection":[{"href":"https:\/\/www.sprachschule-aktiv-muenchen.de\/studieren-in-muenchen\/wp-json\/wp\/v2\/pages"}],"about":[{"href":"https:\/\/www.sprachschule-aktiv-muenchen.de\/studieren-in-muenchen\/wp-json\/wp\/v2\/types\/page"}],"author":[{"embeddable":true,"href":"https:\/\/www.sprachschule-aktiv-muenchen.de\/studieren-in-muenchen\/wp-json\/wp\/v2\/users\/2"}],"replies":[{"embeddable":true,"href":"https:\/\/www.sprachschule-aktiv-muenchen.de\/studieren-in-muenchen\/wp-json\/wp\/v2\/comments?post=146"}],"version-history":[{"count":1,"href":"https:\/\/www.sprachschule-aktiv-muenchen.de\/studieren-in-muenchen\/wp-json\/wp\/v2\/pages\/146\/revisions"}],"predecessor-version":[{"id":148,"href":"https:\/\/www.sprachschule-aktiv-muenchen.de\/studieren-in-muenchen\/wp-json\/wp\/v2\/pages\/146\/revisions\/148"}],"wp:attachment":[{"href":"https:\/\/www.sprachschule-aktiv-muenchen.de\/studieren-in-muenchen\/wp-json\/wp\/v2\/media?parent=146"}],"curies":[{"name":"wp","href":"https:\/\/api.w.org\/{rel}","templated":true}]}}