{"id":142,"date":"2022-07-23T07:23:15","date_gmt":"2022-07-23T05:23:15","guid":{"rendered":"https:\/\/www.sprachschule-aktiv-muenchen.de\/studieren-in-muenchen\/?page_id=142"},"modified":"2022-07-23T07:23:15","modified_gmt":"2022-07-23T05:23:15","slug":"notenvergabe","status":"publish","type":"page","link":"https:\/\/www.sprachschule-aktiv-muenchen.de\/studieren-in-muenchen\/notenvergabe\/","title":{"rendered":"Notenvergabe in M\u00fcnchen &#8211; wie Leistungen dokumentiert werden"},"content":{"rendered":"<p>In der Schule und auch sp\u00e4ter in der Universit\u00e4t dreht sich f\u00fcr Sch\u00fcler und Studenten fast alles um die Noten, mit der Klausuren und Seminararbeiten, aber auch Spontan-Tests bewertet werden. Das besondere am Notensystem und ihre Bedeutung in M\u00fcnchen bzw. in Bayern lassen sich an den zwei grundlegenden Bewertungsformen darstellen.<\/p>\n<img decoding=\"async\" class=\"alignnone wp-image-143 size-full\" src=\"https:\/\/www.sprachschule-aktiv-muenchen.de\/studieren-in-muenchen\/wp-content\/uploads\/2022\/07\/notenvergabe-in-muenchen.webp\" alt=\"Notenvergabe in M\u00fcnchen - Leistungsbeurteilung\" width=\"770\" height=\"723\" srcset=\"https:\/\/www.sprachschule-aktiv-muenchen.de\/studieren-in-muenchen\/wp-content\/uploads\/2022\/07\/notenvergabe-in-muenchen.webp 770w, https:\/\/www.sprachschule-aktiv-muenchen.de\/studieren-in-muenchen\/wp-content\/uploads\/2022\/07\/notenvergabe-in-muenchen-300x282.webp 300w, https:\/\/www.sprachschule-aktiv-muenchen.de\/studieren-in-muenchen\/wp-content\/uploads\/2022\/07\/notenvergabe-in-muenchen-768x721.webp 768w\" sizes=\"(max-width: 770px) 100vw, 770px\" \/>\n<h2>Noten und ihre Bedeutungen an Schulen<\/h2>\n<p>Das Notensystem an Schulen wie der Haupt- und Realschule, Gesamtschulen und Gymnasien beruht die meiste Zeit auf einem System, welches von 6 bis 1 verl\u00e4uft. Hierbei gilt: Je niedriger die Zahl, desto besser die Leistung. Die Note 6 und 5 weisen eine ungen\u00fcgende bzw. mangelhafte Bearbeitung der Aufgabe auf und der jeweilige Test gilt als nicht bestanden. Dies \u00e4ndert sich ab der Zensur 4, welche als ausreichend bezeichnet wird. Drei ist befriedigend, zwei ist gut und die beste Note, n\u00e4mlich die 1, steht f\u00fcr sehr gut. Die letzten zwei Jahre vor dem Abitur wird ein anderes Bewertungssystem verwendet. Hier wird statt der einfachen Zahlen ein Punktesystem eingesetzt. Die Spannbreite reicht von 0 Punkten als schlechteste Leistung bis hin zu 15 Punkten, die als der h\u00f6chste Wert gilt.<\/p>\n<h2>Leistungseinsch\u00e4tzungen w\u00e4hrend der Ausbildung<\/h2>\n<p>In der Lehre oder im Studium hat das Notensystem 1 bis 6 G\u00fcltigkeit und \u00e4hnelt damit der Zensurenvergabe in Schulen. Auch in Berufsschulen wird dieses System angewendet. Entscheidet man sich jedoch f\u00fcr einen Studiengang, welcher mit einem Numerus Clausus belegt ist, also eine gewisse Note erfordert, wird die Durchschnitts-Abiturnote in Dezimalform herangezogen. So kann die Zulassung f\u00fcr ein Studienfach auch mal die Abiturnote 1,3 erfordern. Durch die Einf\u00fchrung des Bologna-Systems hat sich noch eine weitere Bewertungsform etabliert und zwar die sogenannten ECTS Punkte. Diese Abk\u00fcrzung kommt aus dem Englischen und steht f\u00fcr european credit transfer system. Diese Punkte erhalten Studenten f\u00fcr Universit\u00e4tsveranstaltungen mit Abschlusstest und Anwesenheitspflicht.<\/p>\n<a href=\"https:\/\/www.sprachschule-aktiv-muenchen.de\/deutsch-lernen\/\" target=\"_blank\" rel=\"noopener\"><img decoding=\"async\" class=\"alignnone wp-image-123 size-medium\" src=\"https:\/\/www.sprachschule-aktiv-muenchen.de\/studieren-in-muenchen\/wp-content\/uploads\/2022\/07\/deutsch-lernen-in-muenchen-von-a1-bis-c2-251x300.webp\" alt=\"Deutsch lernen in M\u00fcnchen mit gratis Probestunde\" width=\"251\" height=\"300\" srcset=\"https:\/\/www.sprachschule-aktiv-muenchen.de\/studieren-in-muenchen\/wp-content\/uploads\/2022\/07\/deutsch-lernen-in-muenchen-von-a1-bis-c2-251x300.webp 251w, https:\/\/www.sprachschule-aktiv-muenchen.de\/studieren-in-muenchen\/wp-content\/uploads\/2022\/07\/deutsch-lernen-in-muenchen-von-a1-bis-c2.webp 300w\" sizes=\"(max-width: 251px) 100vw, 251px\" \/><\/a>\n<h2>Welche Bedeutung hat das Notensystem in Bayern f\u00fcr Deutschlerner?<\/h2>\n<p>Viele G\u00e4ste aus dem Ausland kommen nach M\u00fcnchen, um hier einen Deutschkurs zu besuchen. Sie m\u00f6chten die deutsche Sprache erwerben, um im Anschluss daran, in M\u00fcnchen an einer der verschiedenen Hochschulen studieren zu k\u00f6nnen. Dabei ist eine Grundvoraussetzung f\u00fcr die Zulassung zum Studium, dass ihr Abschluss aus ihrem Heimatland dem deutschen Abitur gleichgestellt bzw. anerkannt wird. Die Einsch\u00e4tzung der Abschlusszeugnisse von Highschools und vergleichbaren Lehrinstitutionen in verschiedenen L\u00e4ndern wird aus deutscher Perspektive ganz unterschiedlich eingesch\u00e4tzt und ist etwas komplex. M\u00f6chten Sie wissen, ob Ihr Abschluss akzeptiert wird, dann k\u00f6nnen Sie einen Antrag bei der Zeugnisanerkennungsstelle des Bundeslandes Bayern stellen. Die Beh\u00f6rde pr\u00fcft dann die Vergleichbarkeit. Die Bearbeitung kann bis zu 3 Monate in Anspruch nehmen.<\/p>\n<h3>Weitere Themen<\/h3>\n<ul>\n<li><a href=\"https:\/\/www.sprachschule-aktiv-muenchen.de\/studieren-in-muenchen\/das-bildungssystem-in-deutschland\/\">Das Bildungssystem in Deutschland<\/a><\/li>\n<li><a href=\"https:\/\/www.sprachschule-aktiv-muenchen.de\/studieren-in-muenchen\/sperrkonto-finanzierungsnachweis-fuer-studenten-aus-dem-ausland-in-muenchen\/\">Sperrkonto f\u00fcr ausl\u00e4ndische Studenten<\/a><\/li>\n<\/ul>\n","protected":false},"excerpt":{"rendered":"<p>In der Schule und auch sp\u00e4ter in der Universit\u00e4t dreht sich f\u00fcr Sch\u00fcler und Studenten fast alles um die Noten, mit der Klausuren und Seminararbeiten, aber auch Spontan-Tests bewertet werden. Das besondere am Notensystem und ihre Bedeutung in M\u00fcnchen bzw. in Bayern lassen sich an den zwei grundlegenden Bewertungsformen darstellen. Noten und ihre Bedeutungen an&hellip; <a class=\"read-more\" href=\"https:\/\/www.sprachschule-aktiv-muenchen.de\/studieren-in-muenchen\/notenvergabe\/\" title=\"Read Notenvergabe in M\u00fcnchen &#8211; wie Leistungen dokumentiert werden\">Read more &raquo;<\/a><\/p>\n","protected":false},"author":2,"featured_media":0,"parent":0,"menu_order":0,"comment_status":"closed","ping_status":"closed","template":"","meta":{"footnotes":""},"class_list":["post-142","page","type-page","status-publish","hentry"],"yoast_head":"<!-- This site is optimized with the Yoast SEO plugin v21.4 - https:\/\/yoast.com\/wordpress\/plugins\/seo\/ -->\n<title>Notenvergabe in M\u00fcnchen - Leistungsbeurteilung<\/title>\n<meta name=\"description\" content=\"Das besondere am Notensystem &amp; ihre Bedeutung in M\u00fcnchen bzw. in Bayern lassen sich an den zwei grundlegenden Bewertungsformen darstellen.\" \/>\n<meta name=\"robots\" content=\"index, follow, max-snippet:-1, max-image-preview:large, max-video-preview:-1\" \/>\n<link rel=\"canonical\" href=\"https:\/\/www.sprachschule-aktiv-muenchen.de\/studieren-in-muenchen\/notenvergabe\/\" \/>\n<meta property=\"og:locale\" content=\"de_DE\" \/>\n<meta property=\"og:type\" content=\"article\" \/>\n<meta property=\"og:title\" content=\"Notenvergabe in M\u00fcnchen - Leistungsbeurteilung\" \/>\n<meta property=\"og:description\" content=\"Das besondere am Notensystem &amp; ihre Bedeutung in M\u00fcnchen bzw. in Bayern lassen sich an den zwei grundlegenden Bewertungsformen darstellen.\" \/>\n<meta property=\"og:url\" content=\"https:\/\/www.sprachschule-aktiv-muenchen.de\/studieren-in-muenchen\/notenvergabe\/\" \/>\n<meta property=\"og:site_name\" content=\"Studieren in M\u00fcnchen\" \/>\n<meta property=\"og:image\" content=\"https:\/\/www.sprachschule-aktiv-muenchen.de\/studieren-in-muenchen\/wp-content\/uploads\/2022\/07\/notenvergabe-in-muenchen.webp\" \/>\n<meta name=\"twitter:card\" content=\"summary_large_image\" \/>\n<meta name=\"twitter:label1\" content=\"Gesch\u00e4tzte Lesezeit\" \/>\n\t<meta name=\"twitter:data1\" content=\"2\u00a0Minuten\" \/>\n<script type=\"application\/ld+json\" class=\"yoast-schema-graph\">{\"@context\":\"https:\/\/schema.org\",\"@graph\":[{\"@type\":\"WebPage\",\"@id\":\"https:\/\/www.sprachschule-aktiv-muenchen.de\/studieren-in-muenchen\/notenvergabe\/\",\"url\":\"https:\/\/www.sprachschule-aktiv-muenchen.de\/studieren-in-muenchen\/notenvergabe\/\",\"name\":\"Notenvergabe in M\u00fcnchen - Leistungsbeurteilung\",\"isPartOf\":{\"@id\":\"https:\/\/www.sprachschule-aktiv-muenchen.de\/studieren-in-muenchen\/#website\"},\"datePublished\":\"2022-07-23T05:23:15+00:00\",\"dateModified\":\"2022-07-23T05:23:15+00:00\",\"description\":\"Das besondere am Notensystem & ihre Bedeutung in M\u00fcnchen bzw. in Bayern lassen sich an den zwei grundlegenden Bewertungsformen darstellen.\",\"breadcrumb\":{\"@id\":\"https:\/\/www.sprachschule-aktiv-muenchen.de\/studieren-in-muenchen\/notenvergabe\/#breadcrumb\"},\"inLanguage\":\"de\",\"potentialAction\":[{\"@type\":\"ReadAction\",\"target\":[\"https:\/\/www.sprachschule-aktiv-muenchen.de\/studieren-in-muenchen\/notenvergabe\/\"]}]},{\"@type\":\"BreadcrumbList\",\"@id\":\"https:\/\/www.sprachschule-aktiv-muenchen.de\/studieren-in-muenchen\/notenvergabe\/#breadcrumb\",\"itemListElement\":[{\"@type\":\"ListItem\",\"position\":1,\"name\":\"Startseite\",\"item\":\"https:\/\/www.sprachschule-aktiv-muenchen.de\/studieren-in-muenchen\/\"},{\"@type\":\"ListItem\",\"position\":2,\"name\":\"Notenvergabe in M\u00fcnchen &#8211; wie Leistungen dokumentiert werden\"}]},{\"@type\":\"WebSite\",\"@id\":\"https:\/\/www.sprachschule-aktiv-muenchen.de\/studieren-in-muenchen\/#website\",\"url\":\"https:\/\/www.sprachschule-aktiv-muenchen.de\/studieren-in-muenchen\/\",\"name\":\"Studieren in M\u00fcnchen\",\"description\":\"\",\"potentialAction\":[{\"@type\":\"SearchAction\",\"target\":{\"@type\":\"EntryPoint\",\"urlTemplate\":\"https:\/\/www.sprachschule-aktiv-muenchen.de\/studieren-in-muenchen\/?s={search_term_string}\"},\"query-input\":\"required name=search_term_string\"}],\"inLanguage\":\"de\"}]}<\/script>\n<!-- \/ Yoast SEO plugin. -->","yoast_head_json":{"title":"Notenvergabe in M\u00fcnchen - Leistungsbeurteilung","description":"Das besondere am Notensystem & ihre Bedeutung in M\u00fcnchen bzw. in Bayern lassen sich an den zwei grundlegenden Bewertungsformen darstellen.","robots":{"index":"index","follow":"follow","max-snippet":"max-snippet:-1","max-image-preview":"max-image-preview:large","max-video-preview":"max-video-preview:-1"},"canonical":"https:\/\/www.sprachschule-aktiv-muenchen.de\/studieren-in-muenchen\/notenvergabe\/","og_locale":"de_DE","og_type":"article","og_title":"Notenvergabe in M\u00fcnchen - Leistungsbeurteilung","og_description":"Das besondere am Notensystem & ihre Bedeutung in M\u00fcnchen bzw. in Bayern lassen sich an den zwei grundlegenden Bewertungsformen darstellen.","og_url":"https:\/\/www.sprachschule-aktiv-muenchen.de\/studieren-in-muenchen\/notenvergabe\/","og_site_name":"Studieren in M\u00fcnchen","og_image":[{"url":"https:\/\/www.sprachschule-aktiv-muenchen.de\/studieren-in-muenchen\/wp-content\/uploads\/2022\/07\/notenvergabe-in-muenchen.webp"}],"twitter_card":"summary_large_image","twitter_misc":{"Gesch\u00e4tzte Lesezeit":"2\u00a0Minuten"},"schema":{"@context":"https:\/\/schema.org","@graph":[{"@type":"WebPage","@id":"https:\/\/www.sprachschule-aktiv-muenchen.de\/studieren-in-muenchen\/notenvergabe\/","url":"https:\/\/www.sprachschule-aktiv-muenchen.de\/studieren-in-muenchen\/notenvergabe\/","name":"Notenvergabe in M\u00fcnchen - Leistungsbeurteilung","isPartOf":{"@id":"https:\/\/www.sprachschule-aktiv-muenchen.de\/studieren-in-muenchen\/#website"},"datePublished":"2022-07-23T05:23:15+00:00","dateModified":"2022-07-23T05:23:15+00:00","description":"Das besondere am Notensystem & ihre Bedeutung in M\u00fcnchen bzw. in Bayern lassen sich an den zwei grundlegenden Bewertungsformen darstellen.","breadcrumb":{"@id":"https:\/\/www.sprachschule-aktiv-muenchen.de\/studieren-in-muenchen\/notenvergabe\/#breadcrumb"},"inLanguage":"de","potentialAction":[{"@type":"ReadAction","target":["https:\/\/www.sprachschule-aktiv-muenchen.de\/studieren-in-muenchen\/notenvergabe\/"]}]},{"@type":"BreadcrumbList","@id":"https:\/\/www.sprachschule-aktiv-muenchen.de\/studieren-in-muenchen\/notenvergabe\/#breadcrumb","itemListElement":[{"@type":"ListItem","position":1,"name":"Startseite","item":"https:\/\/www.sprachschule-aktiv-muenchen.de\/studieren-in-muenchen\/"},{"@type":"ListItem","position":2,"name":"Notenvergabe in M\u00fcnchen &#8211; wie Leistungen dokumentiert werden"}]},{"@type":"WebSite","@id":"https:\/\/www.sprachschule-aktiv-muenchen.de\/studieren-in-muenchen\/#website","url":"https:\/\/www.sprachschule-aktiv-muenchen.de\/studieren-in-muenchen\/","name":"Studieren in M\u00fcnchen","description":"","potentialAction":[{"@type":"SearchAction","target":{"@type":"EntryPoint","urlTemplate":"https:\/\/www.sprachschule-aktiv-muenchen.de\/studieren-in-muenchen\/?s={search_term_string}"},"query-input":"required name=search_term_string"}],"inLanguage":"de"}]}},"_links":{"self":[{"href":"https:\/\/www.sprachschule-aktiv-muenchen.de\/studieren-in-muenchen\/wp-json\/wp\/v2\/pages\/142","targetHints":{"allow":["GET"]}}],"collection":[{"href":"https:\/\/www.sprachschule-aktiv-muenchen.de\/studieren-in-muenchen\/wp-json\/wp\/v2\/pages"}],"about":[{"href":"https:\/\/www.sprachschule-aktiv-muenchen.de\/studieren-in-muenchen\/wp-json\/wp\/v2\/types\/page"}],"author":[{"embeddable":true,"href":"https:\/\/www.sprachschule-aktiv-muenchen.de\/studieren-in-muenchen\/wp-json\/wp\/v2\/users\/2"}],"replies":[{"embeddable":true,"href":"https:\/\/www.sprachschule-aktiv-muenchen.de\/studieren-in-muenchen\/wp-json\/wp\/v2\/comments?post=142"}],"version-history":[{"count":1,"href":"https:\/\/www.sprachschule-aktiv-muenchen.de\/studieren-in-muenchen\/wp-json\/wp\/v2\/pages\/142\/revisions"}],"predecessor-version":[{"id":144,"href":"https:\/\/www.sprachschule-aktiv-muenchen.de\/studieren-in-muenchen\/wp-json\/wp\/v2\/pages\/142\/revisions\/144"}],"wp:attachment":[{"href":"https:\/\/www.sprachschule-aktiv-muenchen.de\/studieren-in-muenchen\/wp-json\/wp\/v2\/media?parent=142"}],"curies":[{"name":"wp","href":"https:\/\/api.w.org\/{rel}","templated":true}]}}