{"id":11078,"date":"2017-02-24T21:38:07","date_gmt":"2017-02-24T20:38:07","guid":{"rendered":"https:\/\/www.sprachschule-aktiv-muenchen.de\/?page_id=11078\/"},"modified":"2022-08-08T05:45:33","modified_gmt":"2022-08-08T03:45:33","slug":"register-kurseva","status":"publish","type":"page","link":"https:\/\/www.sprachschule-aktiv-muenchen.de\/sr\/register-kurseva\/","title":{"rendered":"Registracija"},"content":{"rendered":"<p>[vc_row css=&#8221;.vc_custom_1486284745672{margin-top: 25px !important;padding-bottom: 30px !important;}&#8221;][vc_column][vc_column_text]<\/p>\n<h1>Pridru\u017eite se na\u0161oj \u0161koli jezika u Minhenu<\/h1>\n<p>Pridru\u017eite se na\u0161oj \u0161koli jezika u Minhenu[\/vc_column_text][vc_row_inner][vc_column_inner width=&#8221;2\/3&#8243;]\n<div class=\"wpcf7 no-js\" id=\"wpcf7-f46078-o1\" lang=\"de-DE\" dir=\"ltr\" data-wpcf7-id=\"46078\">\n<div class=\"screen-reader-response\"><p role=\"status\" aria-live=\"polite\" aria-atomic=\"true\"><\/p> <ul><\/ul><\/div>\n<form action=\"\/sr\/wp-json\/wp\/v2\/pages\/11078#wpcf7-f46078-o1\" method=\"post\" class=\"wpcf7-form init wpcf7-acceptance-as-validation\" aria-label=\"Kontaktformular\" novalidate=\"novalidate\" data-status=\"init\">\n<fieldset class=\"hidden-fields-container\"><input type=\"hidden\" name=\"_wpcf7\" value=\"46078\" \/><input type=\"hidden\" name=\"_wpcf7_version\" value=\"6.1.5\" \/><input type=\"hidden\" name=\"_wpcf7_locale\" value=\"de_DE\" \/><input type=\"hidden\" name=\"_wpcf7_unit_tag\" value=\"wpcf7-f46078-o1\" \/><input type=\"hidden\" name=\"_wpcf7_container_post\" value=\"0\" \/><input type=\"hidden\" name=\"_wpcf7_posted_data_hash\" value=\"\" \/><input type=\"hidden\" name=\"_wpcf7cf_hidden_group_fields\" value=\"[]\" \/><input type=\"hidden\" name=\"_wpcf7cf_hidden_groups\" value=\"[]\" \/><input type=\"hidden\" name=\"_wpcf7cf_visible_groups\" value=\"[]\" \/><input type=\"hidden\" name=\"_wpcf7cf_repeaters\" value=\"[]\" \/><input type=\"hidden\" name=\"_wpcf7cf_steps\" value=\"{}\" \/><input type=\"hidden\" name=\"_wpcf7cf_options\" value=\"{&quot;form_id&quot;:46078,&quot;conditions&quot;:[{&quot;then_field&quot;:&quot;ueberweisung&quot;,&quot;and_rules&quot;:[{&quot;if_field&quot;:&quot;Zahlung&quot;,&quot;operator&quot;:&quot;equals&quot;,&quot;if_value&quot;:&quot;Transfer&quot;}]}],&quot;settings&quot;:{&quot;animation&quot;:&quot;yes&quot;,&quot;animation_intime&quot;:200,&quot;animation_outtime&quot;:200,&quot;conditions_ui&quot;:&quot;normal&quot;,&quot;notice_dismissed&quot;:false}}\" \/><input type=\"hidden\" name=\"_wpcf7_recaptcha_response\" value=\"\" \/>\n<\/fieldset>\n<p>\u0411\u0438\u0437\u043d\u0438\u0441: <span class=\"wpcf7-form-control-wrap\" data-name=\"Firma\"><input size=\"40\" maxlength=\"400\" class=\"wpcf7-form-control wpcf7-text\" aria-invalid=\"false\" value=\"\" type=\"text\" name=\"Firma\" \/><\/span>\n<\/p>\n<p>\u0418\u043c\u0435*: <span class=\"wpcf7-form-control-wrap\" data-name=\"Vorname\"><input size=\"40\" maxlength=\"400\" class=\"wpcf7-form-control wpcf7-text wpcf7-validates-as-required\" aria-required=\"true\" aria-invalid=\"false\" value=\"\" type=\"text\" name=\"Vorname\" \/><\/span>\n<\/p>\n<p>\u041f\u0440\u0435\u0437\u0438\u043c\u0435*: <span class=\"wpcf7-form-control-wrap\" data-name=\"Nachname\"><input size=\"40\" maxlength=\"400\" class=\"wpcf7-form-control wpcf7-text wpcf7-validates-as-required\" aria-required=\"true\" aria-invalid=\"false\" value=\"\" type=\"text\" name=\"Nachname\" \/><\/span>\n<\/p>\n<p>\u0423\u043b\u0438\u0446\u0430\/\u0411\u0440\u043e\u0458*: <span class=\"wpcf7-form-control-wrap\" data-name=\"Adresse\"><input size=\"40\" maxlength=\"400\" class=\"wpcf7-form-control wpcf7-text wpcf7-validates-as-required\" aria-required=\"true\" aria-invalid=\"false\" value=\"\" type=\"text\" name=\"Adresse\" \/><\/span>\n<\/p>\n<p>\u041f\u043e\u0448\u0442\u0430\u043d\u0441\u043a\u0438 \u043a\u043e\u0434\/\u0413\u0440\u0430\u0434: <span class=\"wpcf7-form-control-wrap\" data-name=\"PLZ\"><input size=\"40\" maxlength=\"400\" class=\"wpcf7-form-control wpcf7-text wpcf7-validates-as-required\" aria-required=\"true\" aria-invalid=\"false\" value=\"\" type=\"text\" name=\"PLZ\" \/><\/span>\n<\/p>\n<p>\u0422\u0435\u043b\u0435\u0444\u043e\u043d*: <span class=\"wpcf7-form-control-wrap\" data-name=\"Telefon\"><input size=\"40\" maxlength=\"400\" class=\"wpcf7-form-control wpcf7-text wpcf7-validates-as-required\" aria-required=\"true\" aria-invalid=\"false\" value=\"\" type=\"text\" name=\"Telefon\" \/><\/span>\n<\/p>\n<p>Email*: <span class=\"wpcf7-form-control-wrap\" data-name=\"Email\"><input size=\"40\" maxlength=\"400\" class=\"wpcf7-form-control wpcf7-email wpcf7-validates-as-required wpcf7-text wpcf7-validates-as-email medium\" aria-required=\"true\" aria-invalid=\"false\" value=\"\" type=\"email\" name=\"Email\" \/><\/span>\n<\/p>\n<p><B>\u0438\u043d\u0444\u043e\u0440\u043c\u0430\u0446\u0438\u0458\u0435 \u043e \u043a\u0443\u0440\u0441\u0443:<\/b>\n<\/p>\n<p>J\u0435\u0437\u0438\u043a* : <span class=\"wpcf7-form-control-wrap\" data-name=\"Sprache\"><input size=\"40\" maxlength=\"400\" class=\"wpcf7-form-control wpcf7-text wpcf7-validates-as-required\" aria-required=\"true\" aria-invalid=\"false\" placeholder=\"\u041f\u0440\u0438\u043c\u0435\u0440: \u041d\u0435\u043c\u0430\u0447\u043a\u0438, \u0435\u043d\u0433\u043b\u0435\u0441\u043a\u0438, \u0448\u043f\u0430\u043d\u0441\u043a\u0438\" value=\"\" type=\"text\" name=\"Sprache\" \/><\/span>\n<\/p>\n<p>\u0422\u0438\u043f \u043a\u0443\u0440\u0441\u0443*: <span class=\"wpcf7-form-control-wrap\" data-name=\"Kursart\"><input size=\"40\" maxlength=\"400\" class=\"wpcf7-form-control wpcf7-text wpcf7-validates-as-required\" aria-required=\"true\" aria-invalid=\"false\" placeholder=\"\u041f\u0440\u0438\u043a\u043b\u0430\u0434: \u0456\u043d\u0442\u0435\u043d\u0441\u0438\u0432\u043d\u0438\u0439 \u043a\u0443\u0440\u0441, \u0433\u0440\u0443\u043f\u043e\u0432\u0438\u0439 \u043a\u0443\u0440\u0441\" value=\"\" type=\"text\" name=\"Kursart\" \/><\/span>\n<\/p>\n<p>\u043d\u0438\u0432\u043e: <span class=\"wpcf7-form-control-wrap\" data-name=\"niveau\"><select class=\"wpcf7-form-control wpcf7-select wpcf7-validates-as-required\" aria-required=\"true\" aria-invalid=\"false\" name=\"niveau\"><option value=\"\u04101 (\u0411\u0435\u0433\u0438\u043d\u043d\u0435\u0440 \/ \u0411\u0435\u0433\u0438\u043d\u043d\u0435\u0440)\">\u04101 (\u0411\u0435\u0433\u0438\u043d\u043d\u0435\u0440 \/ \u0411\u0435\u0433\u0438\u043d\u043d\u0435\u0440)<\/option><option value=\"\u04102 (\u0415\u043b\u0435\u043c\u0435\u043d\u0442\u0430\u0440\u0438 \/ \u0424\u0443\u043d\u0434\u0430\u043c\u0435\u043d\u0442\u0430\u043b\u0441)\">\u04102 (\u0415\u043b\u0435\u043c\u0435\u043d\u0442\u0430\u0440\u0438 \/ \u0424\u0443\u043d\u0434\u0430\u043c\u0435\u043d\u0442\u0430\u043b\u0441)<\/option><option value=\"\u04111 (\u0418\u043d\u0442\u0435\u0440\u043c\u0435\u0434\u0438\u0430\u0442\u0435 \/ \u0418\u043d\u0442\u0435\u0440\u043c\u0435\u0434\u0438\u0430\u0442\u0435)\">\u04111 (\u0418\u043d\u0442\u0435\u0440\u043c\u0435\u0434\u0438\u0430\u0442\u0435 \/ \u0418\u043d\u0442\u0435\u0440\u043c\u0435\u0434\u0438\u0430\u0442\u0435)<\/option><option value=\"\u04112 \u043d\u0430\u043f\u0440\u0435\u0434\u043d\u0430 \u0437\u043d\u0430\u045a\u0430)\">\u04112 \u043d\u0430\u043f\u0440\u0435\u0434\u043d\u0430 \u0437\u043d\u0430\u045a\u0430)<\/option><option value=\"\u04261 (\u043d\u0430\u043f\u0440\u0435\u0434\u043d\u0438 \/ \u043d\u0430\u043f\u0440\u0435\u0434\u043d\u0438)\">\u04261 (\u043d\u0430\u043f\u0440\u0435\u0434\u043d\u0438 \/ \u043d\u0430\u043f\u0440\u0435\u0434\u043d\u0438)<\/option><option value=\"\u04262 (\u0417\u043d\u0430\u045a\u0435 \/ \u043e\u0434\u043b\u0438\u0447\u043d\u043e \u0437\u043d\u0430\u045a\u0435)\">\u04262 (\u0417\u043d\u0430\u045a\u0435 \/ \u043e\u0434\u043b\u0438\u0447\u043d\u043e \u0437\u043d\u0430\u045a\u0435)<\/option><\/select><\/span>\n<\/p>\n<p>Datum \u043f\u043e\u0447\u0435\u0442\u043a\u0430*: <span class=\"wpcf7-form-control-wrap\" data-name=\"Kursbeginn\"><input size=\"40\" maxlength=\"400\" class=\"wpcf7-form-control wpcf7-text wpcf7-validates-as-required walcf7-datepicker\" aria-required=\"true\" aria-invalid=\"false\" value=\"\" type=\"text\" name=\"Kursbeginn\" \/><\/span>\n<\/p>\n<p>\u0442\u0440\u0430\u0458\u0430\u045a\u0435*: <span class=\"wpcf7-form-control-wrap\" data-name=\"dauer\"><input size=\"40\" maxlength=\"400\" class=\"wpcf7-form-control wpcf7-text wpcf7-validates-as-required\" aria-required=\"true\" aria-invalid=\"false\" placeholder=\"\u041f\u0440\u0438\u043c\u0435\u0440: 4 \u043d\u0435\u0434\u0435\u0459\u0435 \u0437\u0430 \u0438\u043d\u0442\u0435\u043d\u0437\u0438\u0432\u0430\u043d \u043a\u0443\u0440\u0441\" value=\"\" type=\"text\" name=\"dauer\" \/><\/span>\n<\/p>\n<p>\u0411\u0430\u0436\u0430\u043d\u0430 \u043a\u0456\u043b\u044c\u043a\u0456\u0441\u0442\u044c \u0433\u043e\u0434\u0438\u043d: <span class=\"wpcf7-form-control-wrap\" data-name=\"Kursbeginn2\"><input size=\"40\" maxlength=\"400\" class=\"wpcf7-form-control wpcf7-text\" aria-invalid=\"false\" value=\"\" type=\"text\" name=\"Kursbeginn2\" \/><\/span>\n<\/p>\n<p><B>\u043f\u043b\u0430\u045b\u0430\u045a\u0435: <\/b>\n<\/p>\n<p>\u041c\u0435\u0442\u043e\u0434\u0438 \u043e\u043f\u043b\u0430\u0442\u0438: <span class=\"wpcf7-form-control-wrap\" data-name=\"Zahlung\"><select class=\"wpcf7-form-control wpcf7-select wpcf7-validates-as-required\" aria-required=\"true\" aria-invalid=\"false\" name=\"Zahlung\"><option value=\"Business hours in our office\">Business hours in our office<\/option><option value=\"Transfer\">Transfer<\/option><option value=\"Payment with credit card is in the office in the Hessstr. 90 in 80797 Munich possible\">Payment with credit card is in the office in the Hessstr. 90 in 80797 Munich possible<\/option><option value=\"Paypal: buchhaltung1@sprachschule-aktiv.de\">Paypal: buchhaltung1@sprachschule-aktiv.de<\/option><\/select><\/span>\n<\/p>\n<div data-id=\"ueberweisung\" data-orig_data_id=\"ueberweisung\"  class=\"\" data-class=\"wpcf7cf_group\">\n\t<p>\u041f\u043e\u0441\u0442\u0431\u0430\u043d\u043a:<br \/>\n\u0431\u0440\u043e\u0458 \u0440\u0430\u0447\u0443\u043d\u0430: 165 357 859<br \/>\n\u0428\u0438\u0444\u0440\u0430 \u0431\u0430\u043d\u043a\u0435: 760 100 85<br \/>\nIBAN: DE40 7601 0085 0165 3578 59<br \/>\nBIC: PBNKDEFF\n\t<\/p>\n<\/div>\n<p><B>\u041a\u043e\u043c\u0435\u043d\u0442\u0430\u0440\u0438<\/b>\n<\/p>\n<p><span class=\"wpcf7-form-control-wrap\" data-name=\"Bemerkungen\"><textarea cols=\"40\" rows=\"10\" maxlength=\"2000\" class=\"wpcf7-form-control wpcf7-textarea\" aria-invalid=\"false\" name=\"Bemerkungen\"><\/textarea><\/span>\n<\/p>\n<div style=\"\">\n\t<p><span class=\"wpcf7-form-control-wrap\" data-name=\"agb\"><span class=\"wpcf7-form-control wpcf7-acceptance\"><span class=\"wpcf7-list-item\"><input type=\"checkbox\" name=\"agb\" value=\"1\" aria-invalid=\"false\" \/><\/span><\/span><\/span> (*) \u0427\u0438\u0442\u0430\u043e \u0441\u0430\u043c \u0438 \u043f\u0440\u0438\u0445\u0432\u0430\u0442\u0430\u043c <a href=\"\/allgemeine-geschaeftsbedingungen-und-datenschutzerklaerung\/\" target=\"_blank\">\u043f\u0440\u0430\u0432\u043d\u0435 \u0443\u0441\u043b\u043e\u0432\u0435<\/a> \u0438 <a href=\"\/allgemeine-geschaeftsbedingungen-und-datenschutzerklaerung\/\" target=\"_blank\">\u043f\u043e\u043b\u0438\u0442\u0438\u043a\u0443 \u043f\u0440\u0438\u0432\u0430\u0442\u043d\u043e\u0441\u0442\u0438 \u043f\u043e\u0434\u0430\u0442\u0430\u043a\u0430<\/a>.\n\t<\/p>\n<\/div>\n<p><input class=\"wpcf7-form-control wpcf7-submit has-spinner\" type=\"submit\" value=\"\u041f\u043e\u0448\u0430\u0459\u0438\u0442\u0435 \u043d\u0430\u0442\u043f\u0438\" \/>\n<\/p><div class=\"wpcf7-response-output\" aria-hidden=\"true\"><\/div>\n<\/form>\n<\/div>\n[\/vc_column_inner][vc_column_inner width=&#8221;1\/3&#8243; css=&#8221;.vc_custom_1486286691342{margin-top: 15px !important;}&#8221;][vc_column_text]<\/p>\n<h2>Sprachschule Aktiv M\u00fcnchen<\/h2>\n<p>Tel.: 00-49-89-20062435<br \/>\nMobil: 0170-7779042<br \/>\nMobil: 0151-24059756<br \/>\nFax: 089-20062454<br \/>\nE-Mail: <a href=\"mailto:kontakt@sprachschule-aktiv.de\">kontakt@sprachschule-aktiv.de<\/a><br \/>\nInternet: <a href=\"https:\/\/www.sprachschule-aktiv-muenchen.de\/\">www.sprachschule-aktiv-muenchen.de\/<\/a>[\/vc_column_text][vc_separator css=&#8221;.vc_custom_1486286438007{padding-top: 20px !important;padding-bottom: 20px !important;}&#8221;][vc_column_text]<\/p>\n<h3>Na\u0161e \u0161kole<\/h3>\n<p>He\u00dfstr. 90, 80797 M\u00fcnchen[\/vc_column_text][vc_gmaps link=&#8221;#E-8_JTNDaWZyYW1lJTIwc3JjJTNEJTIyaHR0cHMlM0ElMkYlMkZ3d3cuZ29vZ2xlLmNvbSUyRm1hcHMlMkZlbWJlZCUzRnBiJTNEJTIxMW0xOCUyMTFtMTIlMjExbTMlMjExZDI2NjEuNzQ5Njg0NjY4ODMzJTIxMmQxMS41NTg0MDgxMTU4MTUyNSUyMTNkNDguMTUzNjMwODU4MDIxMzQ0JTIxMm0zJTIxMWYwJTIxMmYwJTIxM2YwJTIxM20yJTIxMWkxMDI0JTIxMmk3NjglMjE0ZjEzLjElMjEzbTMlMjExbTIlMjExczB4NDc5ZTc1ZTEyMTYxMGExZiUyNTNBMHhlNzI3ZThlMmQ4NTI2ZTQyJTIxMnNTcHJhY2hzY2h1bGUlMkJBa3RpdiUyQk0lMjVDMyUyNUJDbmNoZW4lMjE1ZTAlMjEzbTIlMjExc2RlJTIxMnNkZSUyMTR2MTQ4NjI4NjMxMjc0MiUyMiUyMHdpZHRoJTNEJTIyNjAwJTIyJTIwaGVpZ2h0JTNEJTIyMjAwJTIyJTIwZnJhbWVib3JkZXIlM0QlMjIwJTIyJTIwc3R5bGUlM0QlMjJib3JkZXIlM0EwJTIyJTIwYWxsb3dmdWxsc2NyZWVuJTNFJTNDJTJGaWZyYW1lJTNF&#8221;][\/vc_column_inner][\/vc_row_inner][\/vc_column][\/vc_row]<\/p>\n","protected":false},"excerpt":{"rendered":"<p>[vc_row css=&#8221;.vc_custom_1486284745672{margin-top: 25px !important;padding-bottom: 30px !important;}&#8221;][vc_column][vc_column_text] Pridru\u017eite se na\u0161oj \u0161koli jezika u Minhenu Pridru\u017eite se na\u0161oj \u0161koli jezika u Minhenu[\/vc_column_text][vc_row_inner][vc_column_inner width=&#8221;2\/3&#8243;][\/vc_column_inner][vc_column_inner width=&#8221;1\/3&#8243; css=&#8221;.vc_custom_1486286691342{margin-top: 15px !important;}&#8221;][vc_column_text] Sprachschule Aktiv M\u00fcnchen Tel.: 00-49-89-20062435 Mobil: 0170-7779042 Mobil: 0151-24059756 Fax: 089-20062454 E-Mail: kontakt@sprachschule-aktiv.de Internet: www.sprachschule-aktiv-muenchen.de\/[\/vc_column_text][vc_separator css=&#8221;.vc_custom_1486286438007{padding-top: 20px !important;padding-bottom: 20px !important;}&#8221;][vc_column_text] Na\u0161e \u0161kole He\u00dfstr. 90, 80797 M\u00fcnchen[\/vc_column_text][vc_gmaps link=&#8221;#E-8_JTNDaWZyYW1lJTIwc3JjJTNEJTIyaHR0cHMlM0ElMkYlMkZ3d3cuZ29vZ2xlLmNvbSUyRm1hcHMlMkZlbWJlZCUzRnBiJTNEJTIxMW0xOCUyMTFtMTIlMjExbTMlMjExZDI2NjEuNzQ5Njg0NjY4ODMzJTIxMmQxMS41NTg0MDgxMTU4MTUyNSUyMTNkNDguMTUzNjMwODU4MDIxMzQ0JTIxMm0zJTIxMWYwJTIxMmYwJTIxM2YwJTIxM20yJTIxMWkxMDI0JTIxMmk3NjglMjE0ZjEzLjElMjEzbTMlMjExbTIlMjExczB4NDc5ZTc1ZTEyMTYxMGExZiUyNTNBMHhlNzI3ZThlMmQ4NTI2ZTQyJTIxMnNTcHJhY2hzY2h1bGUlMkJBa3RpdiUyQk0lMjVDMyUyNUJDbmNoZW4lMjE1ZTAlMjEzbTIlMjExc2RlJTIxMnNkZSUyMTR2MTQ4NjI4NjMxMjc0MiUyMiUyMHdpZHRoJTNEJTIyNjAwJTIyJTIwaGVpZ2h0JTNEJTIyMjAwJTIyJTIwZnJhbWVib3JkZXIlM0QlMjIwJTIyJTIwc3R5bGUlM0QlMjJib3JkZXIlM0EwJTIyJTIwYWxsb3dmdWxsc2NyZWVuJTNFJTNDJTJGaWZyYW1lJTNF&#8221;][\/vc_column_inner][\/vc_row_inner][\/vc_column][\/vc_row]<\/p>\n","protected":false},"author":2,"featured_media":0,"parent":0,"menu_order":0,"comment_status":"closed","ping_status":"closed","template":"","meta":{"footnotes":""},"class_list":["post-11078","page","type-page","status-publish","hentry"],"yoast_head":"<!-- This site is optimized with the Yoast SEO plugin v27.1.1 - https:\/\/yoast.com\/product\/yoast-seo-wordpress\/ -->\n<title>Pridru\u017eite se na\u0161oj \u0161koli jezika u Minhenu<\/title>\n<meta name=\"description\" content=\"Pridru\u017eite na\u0161u \u0161kolu jezika u Minhenu i u\u010de nema\u010dki brzo i lako.\" \/>\n<meta name=\"robots\" content=\"index, follow, max-snippet:-1, max-image-preview:large, max-video-preview:-1\" \/>\n<link rel=\"canonical\" href=\"https:\/\/www.sprachschule-aktiv-muenchen.de\/sr\/register-kurseva\/\" \/>\n<meta property=\"og:locale\" content=\"sr_RS\" \/>\n<meta property=\"og:type\" content=\"article\" \/>\n<meta property=\"og:title\" content=\"Pridru\u017eite se na\u0161oj \u0161koli jezika u Minhenu\" \/>\n<meta property=\"og:description\" content=\"Pridru\u017eite na\u0161u \u0161kolu jezika u Minhenu i u\u010de nema\u010dki brzo i lako.\" \/>\n<meta property=\"og:url\" content=\"https:\/\/www.sprachschule-aktiv-muenchen.de\/sr\/register-kurseva\/\" \/>\n<meta property=\"og:site_name\" content=\"Sprachschule Aktiv\" \/>\n<meta property=\"article:modified_time\" content=\"2022-08-08T03:45:33+00:00\" \/>\n<meta name=\"twitter:card\" content=\"summary_large_image\" \/>\n<meta name=\"twitter:label1\" content=\"\u041f\u0440\u043e\u0446\u0435\u045a\u0435\u043d\u043e \u0432\u0440\u0435\u043c\u0435 \u0447\u0438\u0442\u0430\u045a\u0430\" \/>\n\t<meta name=\"twitter:data1\" content=\"1 \u043c\u0438\u043d\u0443\u0442\" \/>\n<script type=\"application\/ld+json\" class=\"yoast-schema-graph\">{\"@context\":\"https:\/\/schema.org\",\"@graph\":[{\"@type\":\"WebPage\",\"@id\":\"https:\/\/www.sprachschule-aktiv-muenchen.de\/sr\/register-kurseva\/\",\"url\":\"https:\/\/www.sprachschule-aktiv-muenchen.de\/sr\/register-kurseva\/\",\"name\":\"Pridru\u017eite se na\u0161oj \u0161koli jezika u Minhenu\",\"isPartOf\":{\"@id\":\"https:\/\/www.sprachschule-aktiv-muenchen.de\/#website\"},\"datePublished\":\"2017-02-24T20:38:07+00:00\",\"dateModified\":\"2022-08-08T03:45:33+00:00\",\"description\":\"Pridru\u017eite na\u0161u \u0161kolu jezika u Minhenu i u\u010de nema\u010dki brzo i lako.\",\"breadcrumb\":{\"@id\":\"https:\/\/www.sprachschule-aktiv-muenchen.de\/sr\/register-kurseva\/#breadcrumb\"},\"inLanguage\":\"sr-RS\",\"potentialAction\":[{\"@type\":\"ReadAction\",\"target\":[\"https:\/\/www.sprachschule-aktiv-muenchen.de\/sr\/register-kurseva\/\"]}]},{\"@type\":\"BreadcrumbList\",\"@id\":\"https:\/\/www.sprachschule-aktiv-muenchen.de\/sr\/register-kurseva\/#breadcrumb\",\"itemListElement\":[{\"@type\":\"ListItem\",\"position\":1,\"name\":\"Portada\",\"item\":\"https:\/\/www.sprachschule-aktiv-muenchen.de\/sr\/\"},{\"@type\":\"ListItem\",\"position\":2,\"name\":\"Registracija\"}]},{\"@type\":\"WebSite\",\"@id\":\"https:\/\/www.sprachschule-aktiv-muenchen.de\/#website\",\"url\":\"https:\/\/www.sprachschule-aktiv-muenchen.de\/\",\"name\":\"Sprachschule Aktiv\",\"description\":\"\",\"potentialAction\":[{\"@type\":\"SearchAction\",\"target\":{\"@type\":\"EntryPoint\",\"urlTemplate\":\"https:\/\/www.sprachschule-aktiv-muenchen.de\/?s={search_term_string}\"},\"query-input\":{\"@type\":\"PropertyValueSpecification\",\"valueRequired\":true,\"valueName\":\"search_term_string\"}}],\"inLanguage\":\"sr-RS\"}]}<\/script>\n<!-- \/ Yoast SEO plugin. -->","yoast_head_json":{"title":"Pridru\u017eite se na\u0161oj \u0161koli jezika u Minhenu","description":"Pridru\u017eite na\u0161u \u0161kolu jezika u Minhenu i u\u010de nema\u010dki brzo i lako.","robots":{"index":"index","follow":"follow","max-snippet":"max-snippet:-1","max-image-preview":"max-image-preview:large","max-video-preview":"max-video-preview:-1"},"canonical":"https:\/\/www.sprachschule-aktiv-muenchen.de\/sr\/register-kurseva\/","og_locale":"sr_RS","og_type":"article","og_title":"Pridru\u017eite se na\u0161oj \u0161koli jezika u Minhenu","og_description":"Pridru\u017eite na\u0161u \u0161kolu jezika u Minhenu i u\u010de nema\u010dki brzo i lako.","og_url":"https:\/\/www.sprachschule-aktiv-muenchen.de\/sr\/register-kurseva\/","og_site_name":"Sprachschule Aktiv","article_modified_time":"2022-08-08T03:45:33+00:00","twitter_card":"summary_large_image","twitter_misc":{"\u041f\u0440\u043e\u0446\u0435\u045a\u0435\u043d\u043e \u0432\u0440\u0435\u043c\u0435 \u0447\u0438\u0442\u0430\u045a\u0430":"1 \u043c\u0438\u043d\u0443\u0442"},"schema":{"@context":"https:\/\/schema.org","@graph":[{"@type":"WebPage","@id":"https:\/\/www.sprachschule-aktiv-muenchen.de\/sr\/register-kurseva\/","url":"https:\/\/www.sprachschule-aktiv-muenchen.de\/sr\/register-kurseva\/","name":"Pridru\u017eite se na\u0161oj \u0161koli jezika u Minhenu","isPartOf":{"@id":"https:\/\/www.sprachschule-aktiv-muenchen.de\/#website"},"datePublished":"2017-02-24T20:38:07+00:00","dateModified":"2022-08-08T03:45:33+00:00","description":"Pridru\u017eite na\u0161u \u0161kolu jezika u Minhenu i u\u010de nema\u010dki brzo i lako.","breadcrumb":{"@id":"https:\/\/www.sprachschule-aktiv-muenchen.de\/sr\/register-kurseva\/#breadcrumb"},"inLanguage":"sr-RS","potentialAction":[{"@type":"ReadAction","target":["https:\/\/www.sprachschule-aktiv-muenchen.de\/sr\/register-kurseva\/"]}]},{"@type":"BreadcrumbList","@id":"https:\/\/www.sprachschule-aktiv-muenchen.de\/sr\/register-kurseva\/#breadcrumb","itemListElement":[{"@type":"ListItem","position":1,"name":"Portada","item":"https:\/\/www.sprachschule-aktiv-muenchen.de\/sr\/"},{"@type":"ListItem","position":2,"name":"Registracija"}]},{"@type":"WebSite","@id":"https:\/\/www.sprachschule-aktiv-muenchen.de\/#website","url":"https:\/\/www.sprachschule-aktiv-muenchen.de\/","name":"Sprachschule Aktiv","description":"","potentialAction":[{"@type":"SearchAction","target":{"@type":"EntryPoint","urlTemplate":"https:\/\/www.sprachschule-aktiv-muenchen.de\/?s={search_term_string}"},"query-input":{"@type":"PropertyValueSpecification","valueRequired":true,"valueName":"search_term_string"}}],"inLanguage":"sr-RS"}]}},"_links":{"self":[{"href":"https:\/\/www.sprachschule-aktiv-muenchen.de\/sr\/wp-json\/wp\/v2\/pages\/11078","targetHints":{"allow":["GET"]}}],"collection":[{"href":"https:\/\/www.sprachschule-aktiv-muenchen.de\/sr\/wp-json\/wp\/v2\/pages"}],"about":[{"href":"https:\/\/www.sprachschule-aktiv-muenchen.de\/sr\/wp-json\/wp\/v2\/types\/page"}],"author":[{"embeddable":true,"href":"https:\/\/www.sprachschule-aktiv-muenchen.de\/sr\/wp-json\/wp\/v2\/users\/2"}],"replies":[{"embeddable":true,"href":"https:\/\/www.sprachschule-aktiv-muenchen.de\/sr\/wp-json\/wp\/v2\/comments?post=11078"}],"version-history":[{"count":1,"href":"https:\/\/www.sprachschule-aktiv-muenchen.de\/sr\/wp-json\/wp\/v2\/pages\/11078\/revisions"}],"predecessor-version":[{"id":71596,"href":"https:\/\/www.sprachschule-aktiv-muenchen.de\/sr\/wp-json\/wp\/v2\/pages\/11078\/revisions\/71596"}],"wp:attachment":[{"href":"https:\/\/www.sprachschule-aktiv-muenchen.de\/sr\/wp-json\/wp\/v2\/media?parent=11078"}],"curies":[{"name":"wp","href":"https:\/\/api.w.org\/{rel}","templated":true}]}}