{"id":11044,"date":"2017-02-24T20:43:30","date_gmt":"2017-02-24T19:43:30","guid":{"rendered":"https:\/\/www.sprachschule-aktiv-muenchen.de\/?page_id=11044\/"},"modified":"2017-10-19T10:52:38","modified_gmt":"2017-10-19T08:52:38","slug":"privatni-kursevi-u-minhenu","status":"publish","type":"page","link":"https:\/\/www.sprachschule-aktiv-muenchen.de\/sr\/privatni-kursevi-u-minhenu\/","title":{"rendered":"Privatni kursevi u Minhenu"},"content":{"rendered":"<p>[vc_row css=&#8221;.vc_custom_1487966378898{padding-top: 30px !important;padding-bottom: 30px !important;}&#8221;][vc_column][vc_column_text]<\/p>\n<h1>Privatni kursevi u Minhenu<\/h1>\n<p>Privatni kursevi u Minhenu A1, A2, B1, B2, C1, C2<br \/>\n\n<table id=\"tablepress-60\" class=\"tablepress tablepress-id-60 tablepress-responsive tbody-has-connected-cells\">\n<thead>\n<tr class=\"row-1\">\n\t<th colspan=\"3\" class=\"column-1\">Privatni kurs cijena po \u010dasu \u00e0 45 minuta<\/th>\n<\/tr>\n<\/thead>\n<tbody class=\"row-striping row-hover\">\n<tr class=\"row-2\">\n\t<td class=\"column-1\">1 \u010das \u2013 45 evra<br \/>\nod 20 \u010dasova \u2013 42 evra<br \/>\nod 30 \u010dasova \u2013 38 evra<\/td><td class=\"column-2\">po nastavnom \u010dasu<\/td><td class=\"column-3\">\u0160to vi\u0161e \u010dasova rezervi\u0161ete, to je jeftinije!<\/td>\n<\/tr>\n<tr class=\"row-3\">\n\t<td class=\"column-1\">Pametna \u0161tednja!<\/td><td class=\"column-2\"><\/td><td class=\"column-3\"><\/td>\n<\/tr>\n<tr class=\"row-4\">\n\t<td colspan=\"3\" class=\"column-1\">U\u010dite zajedno sa jos 3 prijatelja i platite istu cijenu!<\/td>\n<\/tr>\n<\/tbody>\n<\/table>\n<!-- #tablepress-60 from cache -->[\/vc_column_text][\/vc_column][\/vc_row][vc_row full_width=&#8221;stretch_row&#8221; css=&#8221;.vc_custom_1487966558782{padding-top: 30px !important;padding-bottom: 30px !important;background-color: #f9f9f9 !important;}&#8221;][vc_column width=&#8221;1\/2&#8243;][vc_column_text]<\/p>\n<h2>Privatni kursevi za sve nivoe od A1 do C2<\/h2>\n<p>Organizujemo sledece kurseve: pripremne kurseve za TestDaF\/DSH, pripremne kurseve za sve njema\u010dke ispite, kurseve za radnike u firmi, koji su individualno prilago\u0111eni potrebama Va\u0161e firme, Goethe sertifikat C2, treninge za prijavu na posao, njema\u010dke konverzacije i gramatike, privrednog njema\u010dkog jezika, biznis njema\u010dkog, njema\u010dku radionicu i sastanke, vo\u0111enja telefonskog razgovora na njema\u010dkom i prezentacija na njema\u010dkom, itd\u2026 Svi kursevi su mogu\u0107i.[\/vc_column_text][\/vc_column][vc_column width=&#8221;1\/2&#8243;][vc_single_image image=&#8221;11049&#8243; img_size=&#8221;full&#8221; style=&#8221;vc_box_outline&#8221; css=&#8221;.vc_custom_1487966883147{padding-top: 15px !important;}&#8221;][\/vc_column][\/vc_row][vc_row css=&#8221;.vc_custom_1487966553830{padding-top: 30px !important;padding-bottom: 30px !important;}&#8221;][vc_column][vc_column_text]<\/p>\n<h2>Privatna nastava njema\u010dkog jezika u Minhenu. U\u010dite njema\u010dki sa privatnim nastavnikom u Minhenu<\/h2>\n<p>Kod privatnog kursa prilago\u0111avamo se Va\u0161em kalendaru i potrebama. U\u010dite njema\u010dki brzo i efikasno sa stru\u010dnim i simpati\u010dnim kadrom.<\/p>\n<p>\u017delite u\u010diti njema\u010dki u Minhenu? Ili ga pobolj\u0161ati? Mi imamo odgovaraju\u0107e privatne kurseve njema\u010dkog jezika u Minhenu za Vas! Nau\u010dite i do\u017eivite njema\u010dki u \u0161koli za strane jezike Aktiv Minhen!<\/p>\n<p>Ako \u017eelite brzo i trajno ste\u0107i ili obnoviti Va\u0161e znanje iz njema\u010dkog jezika, onda je nas privatni kurs nema\u010dkog pravo re\u0161enje za Vas. U na\u0161oj \u0161koli mo\u017eete uvijek dogovoriti jedan besplatni i neobvezni probni \u010das.<\/p>\n<p>Sa nama ste uvek sigurni zahvaljuju\u0107i nasoj &#8220;garanciji za povra\u0107aj novca&#8221;, (ako nakon prvog \u010dasa njema\u010dkog jezika niste 100% zadovoljni nama, poni\u0161ti\u0107emo Va\u0161u prijavu bez nov\u010danog izdatka ili podacima o razlozima). Ugovorite neobvezan savjetodavni razgovor ili besplatni i neobvezni probni \u010das njema\u010dkog jezika. Radujemo se Va\u0161em dolasku. Upoznajte na\u0161e nastavnike njema\u010dkog jezika.<\/p>\n<p>Iskoristite Va\u0161e \u0161anse za vi\u0161e uspjeha na poslu, tako \u0161to cete nau\u010diti njema\u010dki. U na\u0161oj \u0161koli za jezike u Minhenu (tri lokacije u Minhenu) nudimo Vam najbolje kurseve njema\u010dkog jezika. Svi na\u0161i nastavnici njema\u010dkog imaju odgovaraju\u0107e akademsko obrazovanje, odli\u010dno su pripremljeni i jako motivisani, tako da mo\u017eete zavr\u0161iti Va\u0161 njema\u010dki kurs u najboljim uslovima.<\/p>\n<p>Nudimo grupne kurseve, intenzivne kurseve, njema\u010dki za posao, pripremne kurseve za TestDaF, kurseve konverzacije i gramatike, trening za razgovor radi posla, kurseve u paru, privatni terning, kao i jezi\u010dki trening za firme. Rado \u0107emo do\u0107i ili kod Vas kuci ili u Va\u0161u firmu.<\/p>\n<p>Uz to na na\u0161em intenzivnom kursu njema\u010dkog jezika besplatno Vam nudimo jedn<\/p>\n<p>og govornog partnera i zanimljiv kulturni program u slobodno vrijeme. Mi, iz \u0161kole za strane jezike Aktiv, organizujemo zanimljive programe, sastanke i zabave sa ljubaznim ljudima, kako bi u\u010denje bilo zabavno i kako biste steceno znanje mogli da izbe\u017ebate u\u017eivo sa prijateljima.<\/p>\n<p>Na\u0161a \u0161kola izdaje priznate sertifikate za u\u010denje njema\u010dkog jezika na intenzivnom kursu u Njema\u010dkoj, koji je potreban za izdavanje dozvole za boravak (Viza) [\/vc_column_text][\/vc_column][\/vc_row][vc_row full_width=&#8221;stretch_row&#8221; equal_height=&#8221;yes&#8221; content_placement=&#8221;middle&#8221; el_class=&#8221;action-box m-b-none theme-bg-color&#8221; css=&#8221;.vc_custom_1487762904994{padding-top: 25px !important;padding-bottom: 30px !important;}&#8221;][vc_column width=&#8221;2\/3&#8243;][vc_column_text]<\/p>\n<h3 class=\"text-white\">Privatni kursevi u Minhenu. Sprachschule Aktiv<\/h3>\n<p class=\"text-white\">Privatni kursevi u Minhenu A1, A2, B1, B2, C1, C2<\/p>\n<p>[\/vc_column_text][\/vc_column][vc_column width=&#8221;1\/3&#8243; el_class=&#8221;text-right&#8221;]\t<div class=\"vc_btn3-container vc_btn3-inline\">\r\n\t\t<a href=\"\/sr\/kontakt\/\" class=\"pgs_btn pgs_btn_style_3 pgs_btn_xl\">\r\n\t\t\t<span>\r\n\t\t\t\tRegistruj se odmah!\t\t\t<\/span>\r\n\t\t\t\t\t\t<i class=\"fa fa-chevron-right\"><\/i>\r\n\t\t\t\t\t<\/a>\r\n\t<\/div>\r\n\t[\/vc_column][\/vc_row]<\/p>\n","protected":false},"excerpt":{"rendered":"<p>[vc_row css=&#8221;.vc_custom_1487966378898{padding-top: 30px !important;padding-bottom: 30px !important;}&#8221;][vc_column][vc_column_text] Privatni kursevi u Minhenu Privatni kursevi u Minhenu A1, A2, B1, B2, C1, C2 [\/vc_column_text][\/vc_column][\/vc_row][vc_row full_width=&#8221;stretch_row&#8221; css=&#8221;.vc_custom_1487966558782{padding-top: 30px !important;padding-bottom: 30px !important;background-color: #f9f9f9 !important;}&#8221;][vc_column width=&#8221;1\/2&#8243;][vc_column_text] Privatni kursevi za sve nivoe od A1 do C2 Organizujemo sledece kurseve: pripremne kurseve za TestDaF\/DSH, pripremne kurseve za sve njema\u010dke ispite, kurseve za radnike&hellip; <a class=\"read-more\" href=\"https:\/\/www.sprachschule-aktiv-muenchen.de\/sr\/privatni-kursevi-u-minhenu\/\" title=\"Read Privatni kursevi u Minhenu\">Read more &raquo;<\/a><\/p>\n","protected":false},"author":2,"featured_media":0,"parent":0,"menu_order":0,"comment_status":"closed","ping_status":"closed","template":"","meta":{"footnotes":""},"class_list":["post-11044","page","type-page","status-publish","hentry"],"yoast_head":"<!-- This site is optimized with the Yoast SEO plugin v27.1.1 - https:\/\/yoast.com\/product\/yoast-seo-wordpress\/ -->\n<title>Privatni kursevi u Minhenu A1, A2, B1, B2, C1, C2<\/title>\n<meta name=\"description\" content=\"Privatni kursevi u Minhenu A1, A2, B1, B2, C1, C2. Najbolji privatna, jeftin i ekonomske klase u M\u00fcnchenu\" \/>\n<meta name=\"robots\" content=\"index, follow, max-snippet:-1, max-image-preview:large, max-video-preview:-1\" \/>\n<link rel=\"canonical\" href=\"https:\/\/www.sprachschule-aktiv-muenchen.de\/sr\/privatni-kursevi-u-minhenu\/\" \/>\n<meta property=\"og:locale\" content=\"sr_RS\" \/>\n<meta property=\"og:type\" content=\"article\" \/>\n<meta property=\"og:title\" content=\"Privatni kursevi u Minhenu A1, A2, B1, B2, C1, C2\" \/>\n<meta property=\"og:description\" content=\"Privatni kursevi u Minhenu A1, A2, B1, B2, C1, C2. Najbolji privatna, jeftin i ekonomske klase u M\u00fcnchenu\" \/>\n<meta property=\"og:url\" content=\"https:\/\/www.sprachschule-aktiv-muenchen.de\/sr\/privatni-kursevi-u-minhenu\/\" \/>\n<meta property=\"og:site_name\" content=\"Sprachschule Aktiv\" \/>\n<meta property=\"article:modified_time\" content=\"2017-10-19T08:52:38+00:00\" \/>\n<meta name=\"twitter:card\" content=\"summary_large_image\" \/>\n<meta name=\"twitter:label1\" content=\"\u041f\u0440\u043e\u0446\u0435\u045a\u0435\u043d\u043e \u0432\u0440\u0435\u043c\u0435 \u0447\u0438\u0442\u0430\u045a\u0430\" \/>\n\t<meta name=\"twitter:data1\" content=\"3 \u043c\u0438\u043d\u0443\u0442\u0430\" \/>\n<script type=\"application\/ld+json\" class=\"yoast-schema-graph\">{\"@context\":\"https:\/\/schema.org\",\"@graph\":[{\"@type\":\"WebPage\",\"@id\":\"https:\/\/www.sprachschule-aktiv-muenchen.de\/sr\/privatni-kursevi-u-minhenu\/\",\"url\":\"https:\/\/www.sprachschule-aktiv-muenchen.de\/sr\/privatni-kursevi-u-minhenu\/\",\"name\":\"Privatni kursevi u Minhenu A1, A2, B1, B2, C1, C2\",\"isPartOf\":{\"@id\":\"https:\/\/www.sprachschule-aktiv-muenchen.de\/#website\"},\"datePublished\":\"2017-02-24T19:43:30+00:00\",\"dateModified\":\"2017-10-19T08:52:38+00:00\",\"description\":\"Privatni kursevi u Minhenu A1, A2, B1, B2, C1, C2. Najbolji privatna, jeftin i ekonomske klase u M\u00fcnchenu\",\"breadcrumb\":{\"@id\":\"https:\/\/www.sprachschule-aktiv-muenchen.de\/sr\/privatni-kursevi-u-minhenu\/#breadcrumb\"},\"inLanguage\":\"sr-RS\",\"potentialAction\":[{\"@type\":\"ReadAction\",\"target\":[\"https:\/\/www.sprachschule-aktiv-muenchen.de\/sr\/privatni-kursevi-u-minhenu\/\"]}]},{\"@type\":\"BreadcrumbList\",\"@id\":\"https:\/\/www.sprachschule-aktiv-muenchen.de\/sr\/privatni-kursevi-u-minhenu\/#breadcrumb\",\"itemListElement\":[{\"@type\":\"ListItem\",\"position\":1,\"name\":\"Portada\",\"item\":\"https:\/\/www.sprachschule-aktiv-muenchen.de\/sr\/\"},{\"@type\":\"ListItem\",\"position\":2,\"name\":\"Privatni kursevi u Minhenu\"}]},{\"@type\":\"WebSite\",\"@id\":\"https:\/\/www.sprachschule-aktiv-muenchen.de\/#website\",\"url\":\"https:\/\/www.sprachschule-aktiv-muenchen.de\/\",\"name\":\"Sprachschule Aktiv\",\"description\":\"\",\"potentialAction\":[{\"@type\":\"SearchAction\",\"target\":{\"@type\":\"EntryPoint\",\"urlTemplate\":\"https:\/\/www.sprachschule-aktiv-muenchen.de\/?s={search_term_string}\"},\"query-input\":{\"@type\":\"PropertyValueSpecification\",\"valueRequired\":true,\"valueName\":\"search_term_string\"}}],\"inLanguage\":\"sr-RS\"}]}<\/script>\n<!-- \/ Yoast SEO plugin. -->","yoast_head_json":{"title":"Privatni kursevi u Minhenu A1, A2, B1, B2, C1, C2","description":"Privatni kursevi u Minhenu A1, A2, B1, B2, C1, C2. Najbolji privatna, jeftin i ekonomske klase u M\u00fcnchenu","robots":{"index":"index","follow":"follow","max-snippet":"max-snippet:-1","max-image-preview":"max-image-preview:large","max-video-preview":"max-video-preview:-1"},"canonical":"https:\/\/www.sprachschule-aktiv-muenchen.de\/sr\/privatni-kursevi-u-minhenu\/","og_locale":"sr_RS","og_type":"article","og_title":"Privatni kursevi u Minhenu A1, A2, B1, B2, C1, C2","og_description":"Privatni kursevi u Minhenu A1, A2, B1, B2, C1, C2. Najbolji privatna, jeftin i ekonomske klase u M\u00fcnchenu","og_url":"https:\/\/www.sprachschule-aktiv-muenchen.de\/sr\/privatni-kursevi-u-minhenu\/","og_site_name":"Sprachschule Aktiv","article_modified_time":"2017-10-19T08:52:38+00:00","twitter_card":"summary_large_image","twitter_misc":{"\u041f\u0440\u043e\u0446\u0435\u045a\u0435\u043d\u043e \u0432\u0440\u0435\u043c\u0435 \u0447\u0438\u0442\u0430\u045a\u0430":"3 \u043c\u0438\u043d\u0443\u0442\u0430"},"schema":{"@context":"https:\/\/schema.org","@graph":[{"@type":"WebPage","@id":"https:\/\/www.sprachschule-aktiv-muenchen.de\/sr\/privatni-kursevi-u-minhenu\/","url":"https:\/\/www.sprachschule-aktiv-muenchen.de\/sr\/privatni-kursevi-u-minhenu\/","name":"Privatni kursevi u Minhenu A1, A2, B1, B2, C1, C2","isPartOf":{"@id":"https:\/\/www.sprachschule-aktiv-muenchen.de\/#website"},"datePublished":"2017-02-24T19:43:30+00:00","dateModified":"2017-10-19T08:52:38+00:00","description":"Privatni kursevi u Minhenu A1, A2, B1, B2, C1, C2. Najbolji privatna, jeftin i ekonomske klase u M\u00fcnchenu","breadcrumb":{"@id":"https:\/\/www.sprachschule-aktiv-muenchen.de\/sr\/privatni-kursevi-u-minhenu\/#breadcrumb"},"inLanguage":"sr-RS","potentialAction":[{"@type":"ReadAction","target":["https:\/\/www.sprachschule-aktiv-muenchen.de\/sr\/privatni-kursevi-u-minhenu\/"]}]},{"@type":"BreadcrumbList","@id":"https:\/\/www.sprachschule-aktiv-muenchen.de\/sr\/privatni-kursevi-u-minhenu\/#breadcrumb","itemListElement":[{"@type":"ListItem","position":1,"name":"Portada","item":"https:\/\/www.sprachschule-aktiv-muenchen.de\/sr\/"},{"@type":"ListItem","position":2,"name":"Privatni kursevi u Minhenu"}]},{"@type":"WebSite","@id":"https:\/\/www.sprachschule-aktiv-muenchen.de\/#website","url":"https:\/\/www.sprachschule-aktiv-muenchen.de\/","name":"Sprachschule Aktiv","description":"","potentialAction":[{"@type":"SearchAction","target":{"@type":"EntryPoint","urlTemplate":"https:\/\/www.sprachschule-aktiv-muenchen.de\/?s={search_term_string}"},"query-input":{"@type":"PropertyValueSpecification","valueRequired":true,"valueName":"search_term_string"}}],"inLanguage":"sr-RS"}]}},"_links":{"self":[{"href":"https:\/\/www.sprachschule-aktiv-muenchen.de\/sr\/wp-json\/wp\/v2\/pages\/11044","targetHints":{"allow":["GET"]}}],"collection":[{"href":"https:\/\/www.sprachschule-aktiv-muenchen.de\/sr\/wp-json\/wp\/v2\/pages"}],"about":[{"href":"https:\/\/www.sprachschule-aktiv-muenchen.de\/sr\/wp-json\/wp\/v2\/types\/page"}],"author":[{"embeddable":true,"href":"https:\/\/www.sprachschule-aktiv-muenchen.de\/sr\/wp-json\/wp\/v2\/users\/2"}],"replies":[{"embeddable":true,"href":"https:\/\/www.sprachschule-aktiv-muenchen.de\/sr\/wp-json\/wp\/v2\/comments?post=11044"}],"version-history":[{"count":0,"href":"https:\/\/www.sprachschule-aktiv-muenchen.de\/sr\/wp-json\/wp\/v2\/pages\/11044\/revisions"}],"wp:attachment":[{"href":"https:\/\/www.sprachschule-aktiv-muenchen.de\/sr\/wp-json\/wp\/v2\/media?parent=11044"}],"curies":[{"name":"wp","href":"https:\/\/api.w.org\/{rel}","templated":true}]}}