{"id":11024,"date":"2017-02-24T20:42:36","date_gmt":"2017-02-24T19:42:36","guid":{"rendered":"https:\/\/www.sprachschule-aktiv-muenchen.de\/?page_id=11024\/"},"modified":"2024-11-05T13:03:25","modified_gmt":"2024-11-05T12:03:25","slug":"intenzivni-kursevi-njema-269kog-jezika","status":"publish","type":"page","link":"https:\/\/www.sprachschule-aktiv-muenchen.de\/sr\/intenzivni-kursevi-njema-269kog-jezika\/","title":{"rendered":"Intenzivni kursevi njema\u010dkog jezika"},"content":{"rendered":"<p>[vc_row css=&#8221;.vc_custom_1487964344779{padding-top: 30px !important;padding-bottom: 30px !important;}&#8221;][vc_column][vc_row_inner][vc_column_inner width=&#8221;1\/2&#8243;][vc_column_text]<\/p>\n<h1>Intenzivni kursevi njema\u010dkog jezika<\/h1>\n<p>Nau\u010dite nema\u010dki jezik u Minhenu- brzo, aktivno, prakti\u010dno i intenzivno. Nau\u010dite njema\u010dki jezik u Minhenu tako brzo i efikasno koliko je mogu\u0107e, sa na\u0161im stru\u010dnim i jako simpati\u010dnim nastavnicima (upoznajte na\u0161e nastavnike u Minhenu!)<\/p>\n<p>Na\u0161a \u0161kola za njema\u010dki jezik u Minhenu je priznata obrazovna ustanova. Organizujemo za na\u0161e u\u010desnike u Minhenu razli\u010dite besplatne manifestacije i susrete sa Nijemcima.<\/p>\n<p>Na\u0161 intenzivni kurs njema\u010dkog jezika se odr\u017eava svakog mjeseca i na raspolaganju Vam je tokom \u010ditave godine i dobra je priprema za priznate certifikate ZD, ZMP i TestDaF.[\/vc_column_text][\/vc_column_inner][vc_column_inner width=&#8221;1\/2&#8243;][vc_single_image image=&#8221;11031&#8243; img_size=&#8221;full&#8221; style=&#8221;vc_box_outline&#8221;][\/vc_column_inner][\/vc_row_inner][vc_column_text]Sa nama ste uvek sigurni zahvaljuju\u0107i nasoj &#8220;garanciji za povra\u0107aj novca&#8221;, (ako nakon prvog \u010dasa njema\u010dkog jezika niste 100% zadovoljni nama, poni\u0161ti\u0107emo Va\u0161u prijavu bez nov\u010danog izdatka ili podacima o razlozima).<\/p>\n<p>Uz to na na\u0161em intenzivnom kursu njema\u010dkog jezika besplatno Vam nudimo jednog govornog partnera i zanimljiv kulturni program u slobodno vrijeme. Mi, iz \u0161kole za strane jezike Aktiv, organizujemo zanimljive programe, sastanke i zabave sa ljubaznim ljudima, kako bi u\u010denje bilo zabavno i kako biste ste\u010deno znanje mogli da izbe\u017ebate u\u017eivo sa prijateljima. Na\u0161a \u0161kola izdaje priznate sertifikate za u\u010denje njema\u010dkog jezika na intenzivnom kursu u Njema\u010dkoj, koji su potrebni za izdavanje dozvole boravka (Viza)[\/vc_column_text][\/vc_column][\/vc_row][vc_row full_width=&#8221;stretch_row&#8221; css=&#8221;.vc_custom_1487964556090{padding-top: 30px !important;padding-bottom: 30px !important;background-color: #f9f9f9 !important;}&#8221;][vc_column][vc_column_text]<\/p>\n<h2>Intenzivni kursevi njemackog jezika 2025<\/h2>\n<p>\n<table id=\"tablepress-59\" class=\"tablepress tablepress-id-59 tablepress-responsive tbody-has-connected-cells\">\n<thead>\n<tr class=\"row-1\">\n\t<th colspan=\"3\" class=\"column-1\">Od 09h do 12h  i  od 12h30 do 15h30 i od 18h do 21h <\/th>\n<\/tr>\n<\/thead>\n<tbody class=\"row-striping row-hover\">\n<tr class=\"row-2\">\n\t<td class=\"column-1\">Januar<\/td><td class=\"column-2\">Februar<\/td><td class=\"column-3\">Mart<\/td>\n<\/tr>\n<tr class=\"row-3\">\n\t<td class=\"column-1\">Torek 07.01.25<\/td><td class=\"column-2\">Ponedeljek 03.02.25<\/td><td class=\"column-3\">Ponedeljek 03.03.25<\/td>\n<\/tr>\n<tr class=\"row-4\">\n\t<td class=\"column-1\">April<\/td><td class=\"column-2\">Maj<\/td><td class=\"column-3\">Jun<\/td>\n<\/tr>\n<tr class=\"row-5\">\n\t<td class=\"column-1\">*Ponedeljek 31.03.25<\/td><td class=\"column-2\">Ponedeljek 05.05.25<\/td><td class=\"column-3\">Ponedeljek 02.06.25<\/td>\n<\/tr>\n<tr class=\"row-6\">\n\t<td class=\"column-1\">Jul<\/td><td class=\"column-2\">\u0421\u0435\u0440\u043f\u0435\u043d\u044c<\/td><td class=\"column-3\">\u0412\u0435\u0440\u0435\u0441\u0435\u043d\u044c<\/td>\n<\/tr>\n<tr class=\"row-7\">\n\t<td class=\"column-1\">Ponedeljek 07.07.25<\/td><td class=\"column-2\">Ponedeljek 04.08.25<\/td><td class=\"column-3\">Ponedeljek 01.09.25<\/td>\n<\/tr>\n<tr class=\"row-8\">\n\t<td class=\"column-1\">Oktobar<\/td><td class=\"column-2\">Novembar<\/td><td class=\"column-3\">Decembar<\/td>\n<\/tr>\n<tr class=\"row-9\">\n\t<td class=\"column-1\">*Ponedeljek 29.09.25<\/td><td class=\"column-2\">*Ponedeljek 27.10.25<\/td><td class=\"column-3\">*Ponedeljek 24.11.25<\/td>\n<\/tr>\n<tr class=\"row-10\">\n\t<td class=\"column-1\"><\/td><td class=\"column-2\"><\/td><td class=\"column-3\"><\/td>\n<\/tr>\n<tr class=\"row-11\">\n\t<td class=\"column-1\"><h3>CIJENE<\/h3><\/td><td class=\"column-2\"><\/td><td class=\"column-3\"><\/td>\n<\/tr>\n<tr class=\"row-12\">\n\t<td class=\"column-1\">1 Sedmica: 199\u20ac<br \/>\n2 Sedmice: 349\u20ac<br \/>\n3 Sedmice: 411\u20ac<br \/>\n4 Sedmice: 499\u20ac<\/td><td class=\"column-2\"><\/td><td class=\"column-3\"><\/td>\n<\/tr>\n<tr class=\"row-13\">\n\t<td colspan=\"3\" class=\"column-1\">5 u\u010denika, 20 sati 45 minuta tjedno<\/td>\n<\/tr>\n<\/tbody>\n<\/table>\n<!-- #tablepress-59 from cache -->[\/vc_column_text][\/vc_column][\/vc_row][vc_row full_width=&#8221;stretch_row&#8221; css=&#8221;.vc_custom_1487964904269{padding-top: 30px !important;padding-bottom: 30px !important;}&#8221;][vc_column][vc_column_text]Ako \u017eelite da nau\u010dite njema\u010dki jezik na brz, zabavan i efikasan na\u010din, onda je na\u0161a \u0161kola savr\u0161eno mjesto za Vas. Organizujemo intenzivne kurseve po\u010dev od osnovnog nivoa A1, pa sve do nivoa C2. Nau\u010di\u0107ete osnovu gramatike njema\u010dkog jezika sa nastavnicima, koji su specijalizovani za germanistiku. Germanistika je studijski program njema\u010dkog jezika, koji je neophodan ako \u017eelite da predajete. Intenzivni kursevi za po\u010detnike su prilagodjeni osobama, koje u kratkom roku \u017eele ste\u0107i osnovna znanja iz njema\u010dkog jezika.<\/p>\n<h2>U\u010dite njema\u010dki jezik brzo i efikasno na na\u0161im intenzivim kursevim njema\u010dkog jezika u Minhenu<\/h2>\n<p>Pored nastavnih \u010dasova, u Minhenu vodimo razli\u010dite aktivnosti sa na\u0161im u\u010denicima, kao na primjer: izleti, posjete muzeja, zabave, sastanci sa Nijemcima i jo\u0161 mnogo vi\u0161e. U na\u0161oj \u0161koli za strane jezike Aktiv u Minhenu, ne vodimo samo nastavu na njema\u010dkom jeziku ve\u0107 i na drugim jezicima kao na primjer na \u0161panskom, italijanskom, poljskom, ruskom, kineskom. Zbog toga Vas u na\u0161oj \u0161koli za strane jezike Aktiv uvijek savetujemo na Va\u0161em maternjem jeziku. Na\u0161a \u0161kola je priznata obrazovna ustanova u Minhenu, koja ima dozvolu za izdavanje sertifikata. Po zavr\u0161enom kursu dobi\u0107ete sertifikat, koji sadr\u017ei broj odslu\u0161anih \u010dasova i ste\u010deni nivo. Svaki nivo u njema\u010dkom se mo\u017ee dosti\u0107i za \u010detiri sedmice. Ali Vam tako\u0111e nudimo mogu\u0107nost upisa na jednu, dvije, tri i vi\u0161e sedmica, kako bi svako mogao u\u010diti svojim tempom. Na\u0161 cilj je da Vam pomognemo da razumete njema\u010dki jezik i da ga koristite bez gre\u0161aka. Zbog toga nudimo osnovnu ponudu od 4 sedmice po ceni od 499\u20ac, kako biste stekli osnovna znanja iz njema\u010dkog jezika.[\/vc_column_text][\/vc_column][\/vc_row][vc_row full_width=&#8221;stretch_row&#8221; css=&#8221;.vc_custom_1487964954804{padding-top: 30px !important;padding-bottom: 30px !important;background-color: #f9f9f9 !important;}&#8221;][vc_column][vc_column_text]<\/p>\n<h2>Pri\u010date ve\u0107 njema\u010dki, ali \u017eelite da ga poboljsate?<\/h2>\n<p>Na\u0161i intenzivni kursevi obuhvataju sve nivoe do C2. Ako ako ste zainteresovani za upis na univerzitet i za polaganje prijemnog ispita ili za posao, onda budite sigurni da ce Vas na\u0161i kursevi od nivoa B2 pripremiti za dostizanje tog cilja.<\/p>\n<p>Odu\u0161evljenje na\u0161ih nastavnika za u\u010denike je na\u0161a snaga po\u0161to na\u0161i nastavnici ne predavaju samo njema\u010dki jezik ve\u0107 i pokazuju, na osnovu primjera, kakav je mentalitet njema\u010dkog dru\u0161tva.<\/p>\n<h2>Nau\u010dite novi jezik na zabavan i efikasan na\u010din!<\/h2>\n<p>Pozivamo vas da posetite na\u0161u Facebook stranicu ili Twitter gde mozete na\u0107i mjese\u010dne ponude vezane za na\u0161e raznovrsne kurseve: Sprachschule Aktiv M\u00fcnchen.[\/vc_column_text][\/vc_column][\/vc_row][vc_row full_width=&#8221;stretch_row&#8221; equal_height=&#8221;yes&#8221; content_placement=&#8221;middle&#8221; el_class=&#8221;action-box m-b-none theme-bg-color&#8221; css=&#8221;.vc_custom_1487762904994{padding-top: 25px !important;padding-bottom: 30px !important;}&#8221;][vc_column width=&#8221;2\/3&#8243;][vc_column_text]<\/p>\n<h3 class=\"text-white\">Kontaktirajte nas!<\/h3>\n<p class=\"text-white\">\u0160kola jezika Sprachschule Aktivno specijalizovana za kvalitet nema\u010dkog jezika.<\/p>\n<p>[\/vc_column_text][\/vc_column][vc_column width=&#8221;1\/3&#8243; el_class=&#8221;text-right&#8221;]\t<div class=\"vc_btn3-container vc_btn3-inline\">\r\n\t\t<a href=\"\/sr\/kontakt\/\" class=\"pgs_btn pgs_btn_style_3 pgs_btn_xl\">\r\n\t\t\t<span>\r\n\t\t\t\tTreba ti pomoc\u0301?\t\t\t<\/span>\r\n\t\t\t\t\t\t<i class=\"fa fa-chevron-right\"><\/i>\r\n\t\t\t\t\t<\/a>\r\n\t<\/div>\r\n\t[\/vc_column][\/vc_row]<\/p>\n","protected":false},"excerpt":{"rendered":"<p>[vc_row css=&#8221;.vc_custom_1487964344779{padding-top: 30px !important;padding-bottom: 30px !important;}&#8221;][vc_column][vc_row_inner][vc_column_inner width=&#8221;1\/2&#8243;][vc_column_text] Intenzivni kursevi njema\u010dkog jezika Nau\u010dite nema\u010dki jezik u Minhenu- brzo, aktivno, prakti\u010dno i intenzivno. Nau\u010dite njema\u010dki jezik u Minhenu tako brzo i efikasno koliko je mogu\u0107e, sa na\u0161im stru\u010dnim i jako simpati\u010dnim nastavnicima (upoznajte na\u0161e nastavnike u Minhenu!) Na\u0161a \u0161kola za njema\u010dki jezik u Minhenu je priznata obrazovna&hellip; <a class=\"read-more\" href=\"https:\/\/www.sprachschule-aktiv-muenchen.de\/sr\/intenzivni-kursevi-njema-269kog-jezika\/\" title=\"Read Intenzivni kursevi njema\u010dkog jezika\">Read more &raquo;<\/a><\/p>\n","protected":false},"author":2,"featured_media":0,"parent":0,"menu_order":0,"comment_status":"closed","ping_status":"closed","template":"","meta":{"footnotes":""},"class_list":["post-11024","page","type-page","status-publish","hentry"],"yoast_head":"<!-- This site is optimized with the Yoast SEO plugin v27.1.1 - https:\/\/yoast.com\/product\/yoast-seo-wordpress\/ -->\n<title>Intenzivni kursevi njema\u010dkog jezika<\/title>\n<meta name=\"description\" content=\"Intenzivni kursevi njema\u010dkog jezika.Nau\u010dite nema\u010dki jezik u Minhenu. Nau\u010dite njema\u010dki jezik u Minhenu tako brzo i efikasno koliko je mogu\u0107e.\" \/>\n<meta name=\"robots\" content=\"index, follow, max-snippet:-1, max-image-preview:large, max-video-preview:-1\" \/>\n<link rel=\"canonical\" href=\"https:\/\/www.sprachschule-aktiv-muenchen.de\/sr\/intenzivni-kursevi-njema-269kog-jezika\/\" \/>\n<meta property=\"og:locale\" content=\"sr_RS\" \/>\n<meta property=\"og:type\" content=\"article\" \/>\n<meta property=\"og:title\" content=\"Intenzivni kursevi njema\u010dkog jezika\" \/>\n<meta property=\"og:description\" content=\"Intenzivni kursevi njema\u010dkog jezika.Nau\u010dite nema\u010dki jezik u Minhenu. Nau\u010dite njema\u010dki jezik u Minhenu tako brzo i efikasno koliko je mogu\u0107e.\" \/>\n<meta property=\"og:url\" content=\"https:\/\/www.sprachschule-aktiv-muenchen.de\/sr\/intenzivni-kursevi-njema-269kog-jezika\/\" \/>\n<meta property=\"og:site_name\" content=\"Sprachschule Aktiv\" \/>\n<meta property=\"article:modified_time\" content=\"2024-11-05T12:03:25+00:00\" \/>\n<meta name=\"twitter:card\" content=\"summary_large_image\" \/>\n<meta name=\"twitter:label1\" content=\"\u041f\u0440\u043e\u0446\u0435\u045a\u0435\u043d\u043e \u0432\u0440\u0435\u043c\u0435 \u0447\u0438\u0442\u0430\u045a\u0430\" \/>\n\t<meta name=\"twitter:data1\" content=\"4 \u043c\u0438\u043d\u0443\u0442\u0430\" \/>\n<script type=\"application\/ld+json\" class=\"yoast-schema-graph\">{\"@context\":\"https:\/\/schema.org\",\"@graph\":[{\"@type\":\"WebPage\",\"@id\":\"https:\/\/www.sprachschule-aktiv-muenchen.de\/sr\/intenzivni-kursevi-njema-269kog-jezika\/\",\"url\":\"https:\/\/www.sprachschule-aktiv-muenchen.de\/sr\/intenzivni-kursevi-njema-269kog-jezika\/\",\"name\":\"Intenzivni kursevi njema\u010dkog jezika\",\"isPartOf\":{\"@id\":\"https:\/\/www.sprachschule-aktiv-muenchen.de\/#website\"},\"datePublished\":\"2017-02-24T19:42:36+00:00\",\"dateModified\":\"2024-11-05T12:03:25+00:00\",\"description\":\"Intenzivni kursevi njema\u010dkog jezika.Nau\u010dite nema\u010dki jezik u Minhenu. Nau\u010dite njema\u010dki jezik u Minhenu tako brzo i efikasno koliko je mogu\u0107e.\",\"breadcrumb\":{\"@id\":\"https:\/\/www.sprachschule-aktiv-muenchen.de\/sr\/intenzivni-kursevi-njema-269kog-jezika\/#breadcrumb\"},\"inLanguage\":\"sr-RS\",\"potentialAction\":[{\"@type\":\"ReadAction\",\"target\":[\"https:\/\/www.sprachschule-aktiv-muenchen.de\/sr\/intenzivni-kursevi-njema-269kog-jezika\/\"]}]},{\"@type\":\"BreadcrumbList\",\"@id\":\"https:\/\/www.sprachschule-aktiv-muenchen.de\/sr\/intenzivni-kursevi-njema-269kog-jezika\/#breadcrumb\",\"itemListElement\":[{\"@type\":\"ListItem\",\"position\":1,\"name\":\"Portada\",\"item\":\"https:\/\/www.sprachschule-aktiv-muenchen.de\/sr\/\"},{\"@type\":\"ListItem\",\"position\":2,\"name\":\"Intenzivni kursevi njema\u010dkog jezika\"}]},{\"@type\":\"WebSite\",\"@id\":\"https:\/\/www.sprachschule-aktiv-muenchen.de\/#website\",\"url\":\"https:\/\/www.sprachschule-aktiv-muenchen.de\/\",\"name\":\"Sprachschule Aktiv\",\"description\":\"\",\"potentialAction\":[{\"@type\":\"SearchAction\",\"target\":{\"@type\":\"EntryPoint\",\"urlTemplate\":\"https:\/\/www.sprachschule-aktiv-muenchen.de\/?s={search_term_string}\"},\"query-input\":{\"@type\":\"PropertyValueSpecification\",\"valueRequired\":true,\"valueName\":\"search_term_string\"}}],\"inLanguage\":\"sr-RS\"}]}<\/script>\n<!-- \/ Yoast SEO plugin. -->","yoast_head_json":{"title":"Intenzivni kursevi njema\u010dkog jezika","description":"Intenzivni kursevi njema\u010dkog jezika.Nau\u010dite nema\u010dki jezik u Minhenu. Nau\u010dite njema\u010dki jezik u Minhenu tako brzo i efikasno koliko je mogu\u0107e.","robots":{"index":"index","follow":"follow","max-snippet":"max-snippet:-1","max-image-preview":"max-image-preview:large","max-video-preview":"max-video-preview:-1"},"canonical":"https:\/\/www.sprachschule-aktiv-muenchen.de\/sr\/intenzivni-kursevi-njema-269kog-jezika\/","og_locale":"sr_RS","og_type":"article","og_title":"Intenzivni kursevi njema\u010dkog jezika","og_description":"Intenzivni kursevi njema\u010dkog jezika.Nau\u010dite nema\u010dki jezik u Minhenu. Nau\u010dite njema\u010dki jezik u Minhenu tako brzo i efikasno koliko je mogu\u0107e.","og_url":"https:\/\/www.sprachschule-aktiv-muenchen.de\/sr\/intenzivni-kursevi-njema-269kog-jezika\/","og_site_name":"Sprachschule Aktiv","article_modified_time":"2024-11-05T12:03:25+00:00","twitter_card":"summary_large_image","twitter_misc":{"\u041f\u0440\u043e\u0446\u0435\u045a\u0435\u043d\u043e \u0432\u0440\u0435\u043c\u0435 \u0447\u0438\u0442\u0430\u045a\u0430":"4 \u043c\u0438\u043d\u0443\u0442\u0430"},"schema":{"@context":"https:\/\/schema.org","@graph":[{"@type":"WebPage","@id":"https:\/\/www.sprachschule-aktiv-muenchen.de\/sr\/intenzivni-kursevi-njema-269kog-jezika\/","url":"https:\/\/www.sprachschule-aktiv-muenchen.de\/sr\/intenzivni-kursevi-njema-269kog-jezika\/","name":"Intenzivni kursevi njema\u010dkog jezika","isPartOf":{"@id":"https:\/\/www.sprachschule-aktiv-muenchen.de\/#website"},"datePublished":"2017-02-24T19:42:36+00:00","dateModified":"2024-11-05T12:03:25+00:00","description":"Intenzivni kursevi njema\u010dkog jezika.Nau\u010dite nema\u010dki jezik u Minhenu. Nau\u010dite njema\u010dki jezik u Minhenu tako brzo i efikasno koliko je mogu\u0107e.","breadcrumb":{"@id":"https:\/\/www.sprachschule-aktiv-muenchen.de\/sr\/intenzivni-kursevi-njema-269kog-jezika\/#breadcrumb"},"inLanguage":"sr-RS","potentialAction":[{"@type":"ReadAction","target":["https:\/\/www.sprachschule-aktiv-muenchen.de\/sr\/intenzivni-kursevi-njema-269kog-jezika\/"]}]},{"@type":"BreadcrumbList","@id":"https:\/\/www.sprachschule-aktiv-muenchen.de\/sr\/intenzivni-kursevi-njema-269kog-jezika\/#breadcrumb","itemListElement":[{"@type":"ListItem","position":1,"name":"Portada","item":"https:\/\/www.sprachschule-aktiv-muenchen.de\/sr\/"},{"@type":"ListItem","position":2,"name":"Intenzivni kursevi njema\u010dkog jezika"}]},{"@type":"WebSite","@id":"https:\/\/www.sprachschule-aktiv-muenchen.de\/#website","url":"https:\/\/www.sprachschule-aktiv-muenchen.de\/","name":"Sprachschule Aktiv","description":"","potentialAction":[{"@type":"SearchAction","target":{"@type":"EntryPoint","urlTemplate":"https:\/\/www.sprachschule-aktiv-muenchen.de\/?s={search_term_string}"},"query-input":{"@type":"PropertyValueSpecification","valueRequired":true,"valueName":"search_term_string"}}],"inLanguage":"sr-RS"}]}},"_links":{"self":[{"href":"https:\/\/www.sprachschule-aktiv-muenchen.de\/sr\/wp-json\/wp\/v2\/pages\/11024","targetHints":{"allow":["GET"]}}],"collection":[{"href":"https:\/\/www.sprachschule-aktiv-muenchen.de\/sr\/wp-json\/wp\/v2\/pages"}],"about":[{"href":"https:\/\/www.sprachschule-aktiv-muenchen.de\/sr\/wp-json\/wp\/v2\/types\/page"}],"author":[{"embeddable":true,"href":"https:\/\/www.sprachschule-aktiv-muenchen.de\/sr\/wp-json\/wp\/v2\/users\/2"}],"replies":[{"embeddable":true,"href":"https:\/\/www.sprachschule-aktiv-muenchen.de\/sr\/wp-json\/wp\/v2\/comments?post=11024"}],"version-history":[{"count":5,"href":"https:\/\/www.sprachschule-aktiv-muenchen.de\/sr\/wp-json\/wp\/v2\/pages\/11024\/revisions"}],"predecessor-version":[{"id":78818,"href":"https:\/\/www.sprachschule-aktiv-muenchen.de\/sr\/wp-json\/wp\/v2\/pages\/11024\/revisions\/78818"}],"wp:attachment":[{"href":"https:\/\/www.sprachschule-aktiv-muenchen.de\/sr\/wp-json\/wp\/v2\/media?parent=11024"}],"curies":[{"name":"wp","href":"https:\/\/api.w.org\/{rel}","templated":true}]}}