{"id":45473,"date":"2018-08-15T10:12:05","date_gmt":"2018-08-15T08:12:05","guid":{"rendered":"https:\/\/www.sprachschule-aktiv-muenchen.de\/?page_id=45473"},"modified":"2022-08-08T06:07:49","modified_gmt":"2022-08-08T04:07:49","slug":"na-kontaktoni","status":"publish","type":"page","link":"https:\/\/www.sprachschule-aktiv-muenchen.de\/sq\/na-kontaktoni\/","title":{"rendered":"Na kontaktoni"},"content":{"rendered":"<p>[vc_row css=&#8221;.vc_custom_1486284745672{margin-top: 25px !important;padding-bottom: 30px !important;}&#8221;][vc_column][vc_column_text]<\/p>\n<h1>Forma e kontaktit &#8211; Sprachschule Aktiv M\u00fcnchen<\/h1>\n<p>Forma e kontaktit \u2013 Sprachschule Aktiv M\u00fcnchen. Na kontaktoni tani dhe m\u00ebsoni gjermanisht n\u00eb Mynih:[\/vc_column_text][vc_separator css=&#8221;.vc_custom_1486292233861{padding-top: 30px !important;padding-bottom: 30px !important;}&#8221;][vc_row_inner][vc_column_inner width=&#8221;2\/3&#8243;]\n<div class=\"wpcf7 no-js\" id=\"wpcf7-f46137-o1\" lang=\"de-DE\" dir=\"ltr\" data-wpcf7-id=\"46137\">\n<div class=\"screen-reader-response\"><p role=\"status\" aria-live=\"polite\" aria-atomic=\"true\"><\/p> <ul><\/ul><\/div>\n<form action=\"\/sq\/wp-json\/wp\/v2\/pages\/45473#wpcf7-f46137-o1\" method=\"post\" class=\"wpcf7-form init\" aria-label=\"Contact form\" novalidate=\"novalidate\" data-status=\"init\">\n<fieldset class=\"hidden-fields-container\"><input type=\"hidden\" name=\"_wpcf7\" value=\"46137\" \/><input type=\"hidden\" name=\"_wpcf7_version\" value=\"6.1.5\" \/><input type=\"hidden\" name=\"_wpcf7_locale\" value=\"de_DE\" \/><input type=\"hidden\" name=\"_wpcf7_unit_tag\" value=\"wpcf7-f46137-o1\" \/><input type=\"hidden\" name=\"_wpcf7_container_post\" value=\"0\" \/><input type=\"hidden\" name=\"_wpcf7_posted_data_hash\" value=\"\" \/><input type=\"hidden\" name=\"_wpcf7cf_hidden_group_fields\" value=\"[]\" \/><input type=\"hidden\" name=\"_wpcf7cf_hidden_groups\" value=\"[]\" \/><input type=\"hidden\" name=\"_wpcf7cf_visible_groups\" value=\"[]\" \/><input type=\"hidden\" name=\"_wpcf7cf_repeaters\" value=\"[]\" \/><input type=\"hidden\" name=\"_wpcf7cf_steps\" value=\"{}\" \/><input type=\"hidden\" name=\"_wpcf7cf_options\" value=\"{&quot;form_id&quot;:46137,&quot;conditions&quot;:[],&quot;settings&quot;:{&quot;animation&quot;:&quot;yes&quot;,&quot;animation_intime&quot;:200,&quot;animation_outtime&quot;:200,&quot;conditions_ui&quot;:&quot;normal&quot;,&quot;notice_dismissed&quot;:false}}\" \/><input type=\"hidden\" name=\"_wpcf7_recaptcha_response\" value=\"\" \/>\n<\/fieldset>\n<p>Em\u00ebr*\n<\/p>\n<p><span class=\"wpcf7-form-control-wrap\" data-name=\"your-name\"><input size=\"40\" maxlength=\"400\" class=\"wpcf7-form-control wpcf7-text wpcf7-validates-as-required\" aria-required=\"true\" aria-invalid=\"false\" value=\"\" type=\"text\" name=\"your-name\" \/><\/span>\n<\/p>\n<p>Mbiemrat*\n<\/p>\n<p><span class=\"wpcf7-form-control-wrap\" data-name=\"your-name2\"><input size=\"40\" maxlength=\"400\" class=\"wpcf7-form-control wpcf7-text wpcf7-validates-as-required\" aria-required=\"true\" aria-invalid=\"false\" value=\"\" type=\"text\" name=\"your-name2\" \/><\/span>\n<\/p>\n<p>Email*\n<\/p>\n<p><span class=\"wpcf7-form-control-wrap\" data-name=\"your-email\"><input size=\"40\" maxlength=\"400\" class=\"wpcf7-form-control wpcf7-email wpcf7-validates-as-required wpcf7-text wpcf7-validates-as-email\" aria-required=\"true\" aria-invalid=\"false\" value=\"\" type=\"email\" name=\"your-email\" \/><\/span>\n<\/p>\n<p>Telefon*\n<\/p>\n<p><span class=\"wpcf7-form-control-wrap\" data-name=\"your-telefon\"><input size=\"40\" maxlength=\"400\" class=\"wpcf7-form-control wpcf7-text wpcf7-validates-as-required\" aria-required=\"true\" aria-invalid=\"false\" value=\"\" type=\"text\" name=\"your-telefon\" \/><\/span>\n<\/p>\n<p>V\u00ebrejtje\n<\/p>\n<p><span class=\"wpcf7-form-control-wrap\" data-name=\"your-message\"><textarea cols=\"40\" rows=\"10\" maxlength=\"2000\" class=\"wpcf7-form-control wpcf7-textarea\" aria-invalid=\"false\" name=\"your-message\"><\/textarea><\/span>\n<\/p>\n<div style=\"\">\n\t<p><span class=\"wpcf7-form-control-wrap\" data-name=\"agb\"><span class=\"wpcf7-form-control wpcf7-acceptance\"><span class=\"wpcf7-list-item\"><input type=\"checkbox\" name=\"agb\" value=\"1\" checked=\"checked\" aria-invalid=\"false\" \/><\/span><\/span><\/span> (*) Kam lexuar dhe pranuar <a href=\"\/allgemeine-geschaeftsbedingungen-und-datenschutzerklaerung\/\" target=\"_blank\">kushtet ligjore<\/a> dhe <a href=\"\/allgemeine-geschaeftsbedingungen-und-datenschutzerklaerung\/\" target=\"_blank\">politika e privat\u00ebsis\u00eb<\/a>.\n\t<\/p>\n<\/div>\n<p><input class=\"wpcf7-form-control wpcf7-submit has-spinner\" type=\"submit\" value=\"D\u00ebrgo mbishkrimin\" \/>\n<\/p><div class=\"wpcf7-response-output\" aria-hidden=\"true\"><\/div>\n<\/form>\n<\/div>\n[\/vc_column_inner][vc_column_inner width=&#8221;1\/3&#8243; css=&#8221;.vc_custom_1486292395419{margin-top: 25px !important;}&#8221;][vc_column_text]<\/p>\n<h2>Sprachschule Aktiv M\u00fcnchen<\/h2>\n<p>Tel.: 00-49-89-20062435<br \/>\nMobil: 0151-23982453<br \/>\nFax: 089-20062454<br \/>\nMail: <a href=\"mailto:kontakt@sprachschule-aktiv.de \">kontakt@sprachschule-aktiv.de<\/a><br \/>\nWeb: <a href=\"https:\/\/www.sprachschule-aktiv-muenchen.de\/sq\/\">www.sprachschule-aktiv-muenchen.de\/sq\/<\/a>[\/vc_column_text][vc_separator css=&#8221;.vc_custom_1486286438007{padding-top: 20px !important;padding-bottom: 20px !important;}&#8221;][vc_column_text]<\/p>\n<h3>Shkolla jon\u00eb<\/h3>\n<p>He\u00dfstr. 90, 80797 M\u00fcnchen[\/vc_column_text][vc_gmaps link=&#8221;#E-8_JTNDaWZyYW1lJTIwc3JjJTNEJTIyaHR0cHMlM0ElMkYlMkZ3d3cuZ29vZ2xlLmNvbSUyRm1hcHMlMkZlbWJlZCUzRnBiJTNEJTIxMW0xOCUyMTFtMTIlMjExbTMlMjExZDI2NjEuNzQ5Njg0NjY4ODMzJTIxMmQxMS41NTg0MDgxMTU4MTUyNSUyMTNkNDguMTUzNjMwODU4MDIxMzQ0JTIxMm0zJTIxMWYwJTIxMmYwJTIxM2YwJTIxM20yJTIxMWkxMDI0JTIxMmk3NjglMjE0ZjEzLjElMjEzbTMlMjExbTIlMjExczB4NDc5ZTc1ZTEyMTYxMGExZiUyNTNBMHhlNzI3ZThlMmQ4NTI2ZTQyJTIxMnNTcHJhY2hzY2h1bGUlMkJBa3RpdiUyQk0lMjVDMyUyNUJDbmNoZW4lMjE1ZTAlMjEzbTIlMjExc2RlJTIxMnNkZSUyMTR2MTQ4NjI4NjMxMjc0MiUyMiUyMHdpZHRoJTNEJTIyNjAwJTIyJTIwaGVpZ2h0JTNEJTIyMjAwJTIyJTIwZnJhbWVib3JkZXIlM0QlMjIwJTIyJTIwc3R5bGUlM0QlMjJib3JkZXIlM0EwJTIyJTIwYWxsb3dmdWxsc2NyZWVuJTNFJTNDJTJGaWZyYW1lJTNF&#8221;][\/vc_column_inner][\/vc_row_inner][\/vc_column][\/vc_row]<\/p>\n","protected":false},"excerpt":{"rendered":"<p>[vc_row css=&#8221;.vc_custom_1486284745672{margin-top: 25px !important;padding-bottom: 30px !important;}&#8221;][vc_column][vc_column_text] Forma e kontaktit &#8211; Sprachschule Aktiv M\u00fcnchen Forma e kontaktit \u2013 Sprachschule Aktiv M\u00fcnchen. Na kontaktoni tani dhe m\u00ebsoni gjermanisht n\u00eb Mynih:[\/vc_column_text][vc_separator css=&#8221;.vc_custom_1486292233861{padding-top: 30px !important;padding-bottom: 30px !important;}&#8221;][vc_row_inner][vc_column_inner width=&#8221;2\/3&#8243;][\/vc_column_inner][vc_column_inner width=&#8221;1\/3&#8243; css=&#8221;.vc_custom_1486292395419{margin-top: 25px !important;}&#8221;][vc_column_text] Sprachschule Aktiv M\u00fcnchen Tel.: 00-49-89-20062435 Mobil: 0151-23982453 Fax: 089-20062454 Mail: kontakt@sprachschule-aktiv.de Web: www.sprachschule-aktiv-muenchen.de\/sq\/[\/vc_column_text][vc_separator css=&#8221;.vc_custom_1486286438007{padding-top: 20px !important;padding-bottom: 20px&hellip; <a class=\"read-more\" href=\"https:\/\/www.sprachschule-aktiv-muenchen.de\/sq\/na-kontaktoni\/\" title=\"Read Na kontaktoni\">Read more &raquo;<\/a><\/p>\n","protected":false},"author":2,"featured_media":0,"parent":0,"menu_order":0,"comment_status":"closed","ping_status":"closed","template":"","meta":{"footnotes":""},"class_list":["post-45473","page","type-page","status-publish","hentry"],"yoast_head":"<!-- This site is optimized with the Yoast SEO plugin v27.1.1 - https:\/\/yoast.com\/product\/yoast-seo-wordpress\/ -->\n<title>Na kontaktoni dhe m\u00ebsoni gjermanisht n\u00eb Mynih<\/title>\n<meta name=\"description\" content=\"Kurset p\u00ebr t\u00eb gjitha nivelet. M\u00ebsoni gjermanisht n\u00eb Mynih. Kontaktoni shkoll\u00ebn ton\u00eb t\u00eb gjuh\u00ebs - Sprachschule Aktiv M\u00fcnchen.\" \/>\n<meta name=\"robots\" content=\"index, follow, max-snippet:-1, max-image-preview:large, max-video-preview:-1\" \/>\n<link rel=\"canonical\" href=\"https:\/\/www.sprachschule-aktiv-muenchen.de\/sq\/na-kontaktoni\/\" \/>\n<meta property=\"og:locale\" content=\"sq_AL\" \/>\n<meta property=\"og:type\" content=\"article\" \/>\n<meta property=\"og:title\" content=\"Na kontaktoni dhe m\u00ebsoni gjermanisht n\u00eb Mynih\" \/>\n<meta property=\"og:description\" content=\"Kurset p\u00ebr t\u00eb gjitha nivelet. M\u00ebsoni gjermanisht n\u00eb Mynih. Kontaktoni shkoll\u00ebn ton\u00eb t\u00eb gjuh\u00ebs - Sprachschule Aktiv M\u00fcnchen.\" \/>\n<meta property=\"og:url\" content=\"https:\/\/www.sprachschule-aktiv-muenchen.de\/sq\/na-kontaktoni\/\" \/>\n<meta property=\"og:site_name\" content=\"Sprachschule Aktiv\" \/>\n<meta property=\"article:modified_time\" content=\"2022-08-08T04:07:49+00:00\" \/>\n<meta name=\"twitter:card\" content=\"summary_large_image\" \/>\n<meta name=\"twitter:label1\" content=\"Est. reading time\" \/>\n\t<meta name=\"twitter:data1\" content=\"1 minute\" \/>\n<script type=\"application\/ld+json\" class=\"yoast-schema-graph\">{\"@context\":\"https:\/\/schema.org\",\"@graph\":[{\"@type\":\"WebPage\",\"@id\":\"https:\/\/www.sprachschule-aktiv-muenchen.de\/sq\/na-kontaktoni\/\",\"url\":\"https:\/\/www.sprachschule-aktiv-muenchen.de\/sq\/na-kontaktoni\/\",\"name\":\"Na kontaktoni dhe m\u00ebsoni gjermanisht n\u00eb Mynih\",\"isPartOf\":{\"@id\":\"https:\/\/www.sprachschule-aktiv-muenchen.de\/#website\"},\"datePublished\":\"2018-08-15T08:12:05+00:00\",\"dateModified\":\"2022-08-08T04:07:49+00:00\",\"description\":\"Kurset p\u00ebr t\u00eb gjitha nivelet. M\u00ebsoni gjermanisht n\u00eb Mynih. Kontaktoni shkoll\u00ebn ton\u00eb t\u00eb gjuh\u00ebs - Sprachschule Aktiv M\u00fcnchen.\",\"breadcrumb\":{\"@id\":\"https:\/\/www.sprachschule-aktiv-muenchen.de\/sq\/na-kontaktoni\/#breadcrumb\"},\"inLanguage\":\"sq-AL\",\"potentialAction\":[{\"@type\":\"ReadAction\",\"target\":[\"https:\/\/www.sprachschule-aktiv-muenchen.de\/sq\/na-kontaktoni\/\"]}]},{\"@type\":\"BreadcrumbList\",\"@id\":\"https:\/\/www.sprachschule-aktiv-muenchen.de\/sq\/na-kontaktoni\/#breadcrumb\",\"itemListElement\":[{\"@type\":\"ListItem\",\"position\":1,\"name\":\"Portada\",\"item\":\"https:\/\/www.sprachschule-aktiv-muenchen.de\/sq\/\"},{\"@type\":\"ListItem\",\"position\":2,\"name\":\"Na kontaktoni\"}]},{\"@type\":\"WebSite\",\"@id\":\"https:\/\/www.sprachschule-aktiv-muenchen.de\/#website\",\"url\":\"https:\/\/www.sprachschule-aktiv-muenchen.de\/\",\"name\":\"Sprachschule Aktiv\",\"description\":\"\",\"potentialAction\":[{\"@type\":\"SearchAction\",\"target\":{\"@type\":\"EntryPoint\",\"urlTemplate\":\"https:\/\/www.sprachschule-aktiv-muenchen.de\/?s={search_term_string}\"},\"query-input\":{\"@type\":\"PropertyValueSpecification\",\"valueRequired\":true,\"valueName\":\"search_term_string\"}}],\"inLanguage\":\"sq-AL\"}]}<\/script>\n<!-- \/ Yoast SEO plugin. -->","yoast_head_json":{"title":"Na kontaktoni dhe m\u00ebsoni gjermanisht n\u00eb Mynih","description":"Kurset p\u00ebr t\u00eb gjitha nivelet. M\u00ebsoni gjermanisht n\u00eb Mynih. Kontaktoni shkoll\u00ebn ton\u00eb t\u00eb gjuh\u00ebs - Sprachschule Aktiv M\u00fcnchen.","robots":{"index":"index","follow":"follow","max-snippet":"max-snippet:-1","max-image-preview":"max-image-preview:large","max-video-preview":"max-video-preview:-1"},"canonical":"https:\/\/www.sprachschule-aktiv-muenchen.de\/sq\/na-kontaktoni\/","og_locale":"sq_AL","og_type":"article","og_title":"Na kontaktoni dhe m\u00ebsoni gjermanisht n\u00eb Mynih","og_description":"Kurset p\u00ebr t\u00eb gjitha nivelet. M\u00ebsoni gjermanisht n\u00eb Mynih. Kontaktoni shkoll\u00ebn ton\u00eb t\u00eb gjuh\u00ebs - Sprachschule Aktiv M\u00fcnchen.","og_url":"https:\/\/www.sprachschule-aktiv-muenchen.de\/sq\/na-kontaktoni\/","og_site_name":"Sprachschule Aktiv","article_modified_time":"2022-08-08T04:07:49+00:00","twitter_card":"summary_large_image","twitter_misc":{"Est. reading time":"1 minute"},"schema":{"@context":"https:\/\/schema.org","@graph":[{"@type":"WebPage","@id":"https:\/\/www.sprachschule-aktiv-muenchen.de\/sq\/na-kontaktoni\/","url":"https:\/\/www.sprachschule-aktiv-muenchen.de\/sq\/na-kontaktoni\/","name":"Na kontaktoni dhe m\u00ebsoni gjermanisht n\u00eb Mynih","isPartOf":{"@id":"https:\/\/www.sprachschule-aktiv-muenchen.de\/#website"},"datePublished":"2018-08-15T08:12:05+00:00","dateModified":"2022-08-08T04:07:49+00:00","description":"Kurset p\u00ebr t\u00eb gjitha nivelet. M\u00ebsoni gjermanisht n\u00eb Mynih. Kontaktoni shkoll\u00ebn ton\u00eb t\u00eb gjuh\u00ebs - Sprachschule Aktiv M\u00fcnchen.","breadcrumb":{"@id":"https:\/\/www.sprachschule-aktiv-muenchen.de\/sq\/na-kontaktoni\/#breadcrumb"},"inLanguage":"sq-AL","potentialAction":[{"@type":"ReadAction","target":["https:\/\/www.sprachschule-aktiv-muenchen.de\/sq\/na-kontaktoni\/"]}]},{"@type":"BreadcrumbList","@id":"https:\/\/www.sprachschule-aktiv-muenchen.de\/sq\/na-kontaktoni\/#breadcrumb","itemListElement":[{"@type":"ListItem","position":1,"name":"Portada","item":"https:\/\/www.sprachschule-aktiv-muenchen.de\/sq\/"},{"@type":"ListItem","position":2,"name":"Na kontaktoni"}]},{"@type":"WebSite","@id":"https:\/\/www.sprachschule-aktiv-muenchen.de\/#website","url":"https:\/\/www.sprachschule-aktiv-muenchen.de\/","name":"Sprachschule Aktiv","description":"","potentialAction":[{"@type":"SearchAction","target":{"@type":"EntryPoint","urlTemplate":"https:\/\/www.sprachschule-aktiv-muenchen.de\/?s={search_term_string}"},"query-input":{"@type":"PropertyValueSpecification","valueRequired":true,"valueName":"search_term_string"}}],"inLanguage":"sq-AL"}]}},"_links":{"self":[{"href":"https:\/\/www.sprachschule-aktiv-muenchen.de\/sq\/wp-json\/wp\/v2\/pages\/45473","targetHints":{"allow":["GET"]}}],"collection":[{"href":"https:\/\/www.sprachschule-aktiv-muenchen.de\/sq\/wp-json\/wp\/v2\/pages"}],"about":[{"href":"https:\/\/www.sprachschule-aktiv-muenchen.de\/sq\/wp-json\/wp\/v2\/types\/page"}],"author":[{"embeddable":true,"href":"https:\/\/www.sprachschule-aktiv-muenchen.de\/sq\/wp-json\/wp\/v2\/users\/2"}],"replies":[{"embeddable":true,"href":"https:\/\/www.sprachschule-aktiv-muenchen.de\/sq\/wp-json\/wp\/v2\/comments?post=45473"}],"version-history":[{"count":3,"href":"https:\/\/www.sprachschule-aktiv-muenchen.de\/sq\/wp-json\/wp\/v2\/pages\/45473\/revisions"}],"predecessor-version":[{"id":71623,"href":"https:\/\/www.sprachschule-aktiv-muenchen.de\/sq\/wp-json\/wp\/v2\/pages\/45473\/revisions\/71623"}],"wp:attachment":[{"href":"https:\/\/www.sprachschule-aktiv-muenchen.de\/sq\/wp-json\/wp\/v2\/media?parent=45473"}],"curies":[{"name":"wp","href":"https:\/\/api.w.org\/{rel}","templated":true}]}}