{"id":31471,"date":"2016-08-11T12:35:27","date_gmt":"2016-08-11T12:35:27","guid":{"rendered":"https:\/\/www.sprachschule-aktiv-muenchen.de\/home-3-corporate\/"},"modified":"2022-12-23T11:20:34","modified_gmt":"2022-12-23T10:20:34","slug":"home-3-corporate","status":"publish","type":"page","link":"https:\/\/www.sprachschule-aktiv-muenchen.de\/sq\/","title":{"rendered":"Home 3 &#8211; Corporate"},"content":{"rendered":"<p>[vc_row full_width=&#8221;stretch_row_content_no_spaces&#8221; equal_height=&#8221;yes&#8221; tc_enable_overlay=&#8221;true&#8221; css=&#8221;.vc_custom_1603192947634{background-position: center !important;background-repeat: no-repeat !important;background-size: cover !important;}&#8221;][vc_column][vc_single_image image=&#8221;59773&#8243; img_size=&#8221;full&#8221; onclick=&#8221;custom_link&#8221; link=&#8221;https:\/\/www.sprachschule-aktiv-muenchen.de\/sq\/regjistrim\/&#8221;][\/vc_column][\/vc_row][vc_row full_width=&#8221;stretch_row&#8221; equal_height=&#8221;yes&#8221; content_placement=&#8221;middle&#8221; tc_enable_overlay=&#8221;true&#8221; css=&#8221;.vc_custom_1487979657855{padding-top: 30px !important;padding-bottom: 30px !important;}&#8221; el_class=&#8221;action-box m-b-none theme-bg-color&#8221;][vc_column width=&#8221;2\/3&#8243;][vc_column_text]<\/p>\n<h3 class=\"text-white\">D\u00ebshironi t\u00eb m\u00ebsoni gjermanisht n\u00eb Mynih?<\/h3>\n<p class=\"text-white\">Te m\u00ebsosh gjuh\u00ebn shqipe n\u00eb monaco shkolla jon\u00eb p\u00ebr gjuh\u00ebn gjermane.<\/p>\n<p>[\/vc_column_text][\/vc_column][vc_column width=&#8221;1\/3&#8243; css=&#8221;.vc_custom_1481804430561{padding-top: 15px !important;}&#8221; el_class=&#8221;text-right&#8221;]\t<div class=\"vc_btn3-container vc_btn3-inline\">\r\n\t\t<a href=\"\/sq\/na-kontaktoni\/\" class=\"pgs_btn pgs_btn_style_3 pgs_btn_lg\">\r\n\t\t\t<span>\r\n\t\t\t\tNa kontaktoni\t\t\t<\/span>\r\n\t\t\t\t\t\t<i class=\"fa fa-hand-o-right\"><\/i>\r\n\t\t\t\t\t<\/a>\r\n\t<\/div>\r\n\t[\/vc_column][\/vc_row][vc_row full_width=&#8221;stretch_row&#8221; equal_height=&#8221;yes&#8221; tc_enable_overlay=&#8221;true&#8221; css=&#8221;.vc_custom_1488017710153{padding-top: 30px !important;padding-bottom: 30px !important;}&#8221;][vc_column][vc_column_text]<\/p>\n<h1>Te m\u00ebsosh gjuh\u00ebn shqipe n\u00eb monaco shkolla jon\u00eb p\u00ebr gjuh\u00ebn gjermane<\/h1>\n<p>Doni te m\u00ebsoni gjuhen gjermane n\u00eb Monaco:Sprachule Aktiv Monako \u00ebsht\u00eb e spezializuar p\u00ebr kurset e gjermanishtes.Ketu do t\u00eb gjeni t\u00eb dh\u00ebna p\u00ebr kurset dhe ofertat q\u00eb ofron shkolla jon\u00eb gjithashtu shkolla jon\u00eb ofron t\u00eb ju ndihmoj\u00eb p\u00ebr t\u00eb gjetur nj\u00eb sistetim n\u00eb Monaco ,t\u00eb ju tregoj\u00eb p\u00ebr cmimet edhe p\u00ebr Vis\u00ebn n\u00eb Gjermani.Gjithashtu do ju informoj\u00eb p\u00ebr qytetin ku mund t\u00eb vizitoni vendet me te bukura n\u00eb Monaco,dhe vendet ku do zhvillohen kurset.[\/vc_column_text][\/vc_column][\/vc_row][vc_row full_width=&#8221;stretch_row_content_no_spaces&#8221; tc_enable_overlay=&#8221;true&#8221; css=&#8221;.vc_custom_1506413136599{padding-top: 30px !important;padding-bottom: 30px !important;background-image: url(https:\/\/www.sprachschule-aktiv-muenchen.de\/wp-content\/uploads\/2016\/08\/inva\u021ba\u021bi-limba-germana-in-munchen.jpg?id=11840) !important;background-position: center !important;background-repeat: no-repeat !important;background-size: cover !important;}&#8221; el_class=&#8221;xs-pd-lr&#8221;][vc_column width=&#8221;3\/4&#8243; offset=&#8221;vc_col-lg-offset-1 vc_col-lg-6 vc_col-md-offset-1 vc_col-md-10 vc_col-sm-offset-1 vc_col-xs-12&#8243;][vc_column_text]<\/p>\n<h2>Kurse gjermanishte per fillimtar\u00ebt dhe t\u00eb avanzuar :a1 .a2 .b1. B2 c1 .c2<\/h2>\n<p>Certifikatat e fituara gjuhesore, niveli i gjuh\u00ebs perkat\u00ebse korrespondon A1,A2,B1,B2,C1,C2 t\u00eb gjitha certifikatat dhe cdo certifikat\u00eb basohet n\u00eb certifikatat e kaluara.Ju garantojm\u00eb nj\u00eb nivel t\u00eb foluri e t\u00eb kuptuari t\u00eb gjuh\u00ebs shum\u00eb t\u00eb larte.Sprachschule t\u00eb jep mund\u00ebsine t\u00eb m\u00ebsoni nj\u00eb gjuh\u00eb profesionale dhe jep mund\u00ebsin\u00eb student\u00ebve te kalojn\u00eb v\u00ebshtirsit\u00eb dhe t\u00eb flasin me t\u00eb tjer\u00eb t\u00eb ardhur nga gjith\u00eb Europa.Sprachschule-Aktiv t\u00eb jep mund\u00ebsine qe t\u00eb p\u00ebrgatiteni p\u00ebr provimin e gjuh\u00ebs Gjermane p\u00ebr t\u00ebvazhduar shkoll\u00ebn e lart\u00eb ose p\u00ebr t\u00eb vazhduar pun\u00eb n\u00eb Gjermani.[\/vc_column_text]\t<div class=\"vc_btn3-container vc_btn3-inline\">\r\n\t\t<a href=\"\/sq\/regjistrim\/\" class=\"pgs_btn pgs_btn_style_1 pgs_btn_md  vc_custom_1506415007062\">\r\n\t\t\t<span>\r\n\t\t\t\tRegjistrohuni n\u00eb kurset tona\t\t\t<\/span>\r\n\t\t\t\t\t\t<i class=\"fa fa-pencil-square-o\"><\/i>\r\n\t\t\t\t\t<\/a>\r\n\t<\/div>\r\n\t[\/vc_column][vc_column width=&#8221;1\/4&#8243; offset=&#8221;vc_col-lg-5 vc_col-md-2 vc_hidden-sm vc_col-xs-12 vc_hidden-xs&#8221;][\/vc_column][\/vc_row][vc_row css=&#8221;.vc_custom_1487971941655{padding-top: 25px !important;}&#8221;][vc_column width=&#8221;1\/2&#8243;][vc_column_text]<\/p>\n<h2>Kurse gjermane -takimet dhe cmimetkoh\u00ebzgjatja:1,2,3,4 deri n\u00eb 48 jav\u00eb<\/h2>\n<p>ORARI :Nga e H\u00ebna deri t\u00eb Premten nga ora 9.00 deri ne 12.00<br \/>\nKURSET FILLOJNE ME NJOHURI BAZ\u00cb: Cdo dit\u00eb n\u00ebse \u00ebsht\u00eb e mundur.<br \/>\nDATA E FILLIMIT P\u00cbR FILLESTARET :Ju mund t\u00eb gjeni orarin q\u00eb fillon m\u00eb posht\u00eb n\u00eb k\u00ebt\u00eb faqe<br \/>\nNIVELLI A1 DHE C1 .Fillimtar\u00ebt ,niveli mesatar ,nivel i avanzuar<br \/>\nA1( A1.1+A2.2) A2( A2.1+A2.2) B1( B1.1 +B2.2) C1 C2<\/p>\n<p>CMIMET:<br \/>\n1 JAVE 199\u20ac<br \/>\n2 JAVE 349\u20ac<br \/>\n3 JAVE 411\u20ac<br \/>\n4 JAVE 499\u20ac P\u00ebr nj\u00eb muaj[\/vc_column_text][\/vc_column][vc_column width=&#8221;1\/2&#8243;][vc_video link=&#8221;https:\/\/youtu.be\/O8OSUHbmfWQ&#8221;][\/vc_column][\/vc_row][vc_row css=&#8221;.vc_custom_1484754678947{padding-bottom: 10px !important;}&#8221;][vc_column][vc_row_inner][vc_column_inner width=&#8221;1\/2&#8243;][vc_video link=&#8221;https:\/\/youtu.be\/3COnuIj0gzY&#8221; css=&#8221;.vc_custom_1671790827897{padding-top: 10px !important;}&#8221;][\/vc_column_inner][vc_column_inner width=&#8221;1\/2&#8243;][vc_column_text]<\/p>\n<h2>Kurset intensive n\u00eb monaco b\u00ebhen n\u00eb grupe t\u00eb vog\u00ebla<\/h2>\n<p>Gruppe t\u00eb vog\u00ebla deri n\u00eb 10 persona k\u00ebshtu m\u00ebsuesit mund t\u00eb afohen me nxen\u00ebsit dhe ti japin mundesin\u00eb nx\u00ebn\u00ebsve t\u00eb shprehen pa u ndrojtur.<\/p>\n<p>Ne cdo shkoll\u00eb japim mund\u00ebsine nx\u00ebn\u00ebsve q\u00eb t\u00eb afrohen me m\u00ebsuesit sepse cdo nx\u00ebnes ka m\u00ebnyra t\u00eb ndryshme t\u00eb kuptuarit te gjuh\u00ebs..prandaj ne jemi k\u00ebtu p\u00ebr t\u00eb ndihmuar ti kaloni k\u00ebto v\u00ebshtiresi .Prandaj neve ofrojm\u00eb kurse p\u00ebr grupe t\u00eb vog\u00ebla keshtu mund t\u00eb flasim s\u00eb bashku p\u00ebr cdo problem q\u00eb mund t\u00eb ken\u00eb nx\u00ebn\u00ebsit .Nj\u00eb gjuh\u00eb mund t\u00eb m\u00ebsohet m\u00eb leht\u00eb ku ka komunikim.[\/vc_column_text][\/vc_column_inner][\/vc_row_inner][\/vc_column][\/vc_row][vc_row full_width=&#8221;stretch_row&#8221; tc_enable_overlay=&#8221;true&#8221; css=&#8221;.vc_custom_1487972460773{padding-top: 30px !important;padding-bottom: 30px !important;background-color: #f9f9f9 !important;}&#8221;][vc_column][vc_column_text]<\/p>\n<h2>Shkolla jon\u00eb ofron lidhje .Autobusa ,Tram dhe Trena<\/h2>\n<p>Para shkoll\u00ebs ton\u00eb ndodhet nj\u00eb park me nj\u00eb pamje shum\u00eb t\u00eb bukur Ku mund t\u00eb shijoni natyr\u00ebn dhe t\u00eb pini nj\u00eb kafe me miqt\u00eb. Gjithashtu mund t\u00eb gjeni restorante, pabe, diskoteka.<\/p>\n<p>Dhe klasa me hapesira dhe moderne p\u00ebr leksionet e gjuh\u00ebs Gjermane P\u00ebr kurse intensive dhe gjysm\u00eb intensive, kurse verore , kurse Intensive TestDaF.<br \/>\nDhe materiale q\u00eb kan\u00eb t\u00eb bejn\u00eb me gjuh\u00ebn m\u00eb t\u00eb fundit q\u00eb njohin m\u00ebsuesit tan\u00eb.[\/vc_column_text][\/vc_column][\/vc_row][vc_row full_width=&#8221;stretch_row&#8221; tc_enable_overlay=&#8221;true&#8221; css=&#8221;.vc_custom_1488014711992{padding-top: 30px !important;padding-bottom: 30px !important;}&#8221;][vc_column][vc_column_text]<\/p>\n<h2>Shkolla jon\u00eb ndodhet af\u00ebr metrove dhe uban\u00ebve<\/h2>\n<p>He\u00dfstr. 90 in 80797 M\u00fcnchen<br \/>\n[\/vc_column_text][vc_gmaps link=&#8221;#E-8_JTNDaWZyYW1lJTIwc3JjJTNEJTIyaHR0cHMlM0ElMkYlMkZ3d3cuZ29vZ2xlLmNvbSUyRm1hcHMlMkZlbWJlZCUzRnBiJTNEJTIxMW0xOCUyMTFtMTIlMjExbTMlMjExZDI2NjEuNzQ5Njg0NjY4ODM3NyUyMTJkMTEuNTU4NDA4MTE1ODg4MTc0JTIxM2Q0OC4xNTM2MzA4NTgwMjEyNDUlMjEybTMlMjExZjAlMjEyZjAlMjEzZjAlMjEzbTIlMjExaTEwMjQlMjEyaTc2OCUyMTRmMTMuMSUyMTNtMyUyMTFtMiUyMTFzMHg0NzllNzVlMTIxNjEwYTFmJTI1M0EweGU3MjdlOGUyZDg1MjZlNDIlMjEyc1NwcmFjaHNjaHVsZSUyQkFrdGl2JTJCTSUyNUMzJTI1QkNuY2hlbiUyMTVlMCUyMTNtMiUyMTFzZGUlMjEyc2RlJTIxNHYxNTA2NDEyMTM0MzU0JTIyJTIwd2lkdGglM0QlMjI2MDAlMjIlMjBoZWlnaHQlM0QlMjI0NTAlMjIlMjBmcmFtZWJvcmRlciUzRCUyMjAlMjIlMjBzdHlsZSUzRCUyMmJvcmRlciUzQTAlMjIlMjBhbGxvd2Z1bGxzY3JlZW4lM0UlM0MlMkZpZnJhbWUlM0U=&#8221;][vc_column_text]\u00cbshte shum\u00eb e r\u00ebndsishme p\u00ebr ne q\u00eb m\u00ebsuesit te jen\u00eb t\u00eb kualifikuar dhe ekspert\u00eb n\u00eb gjuh\u00ebn Gjermane ne ju garantojme q\u00eb mesuesit te jen\u00eb me gjuhe am\u00ebtare Gjermane.<br \/>\nPer t\u00eb siguruar q\u00ebndrimin m\u00eb t\u00eb mir\u00eb profesional q\u00eb supozohet t\u00eb njihet nga ne m\u00ebsuesit.<\/p>\n<p>Kurse t\u00eb gjuh\u00ebs Gjermane me t\u00eb dh\u00ebnit t\u00eb lek\u00ebve mprasht dhe me nj\u00eb prov\u00eb gratis.<br \/>\nN\u00ebse dita e par\u00eb q\u00eb ju vini re se ju nuk jeni t\u00eb k\u00ebnaqur ,ose q\u00eb nuk korrespondojn\u00ebme prijet tuaja,ne do t\u00eb kthejm\u00eb shum\u00ebn e paguar.<\/p>\n<h2>Monako i bavarise ,qyteti kozmopolit me nj\u00eb zem\u00ebr q\u00eb ju mikpret<\/h2>\n<p>Qyteti Bavaris\u00eb ka hijeshi, atmosfer\u00eb dhe njer\u00ebz t\u00eb ngroht\u00eb, n\u00eb ver\u00eb g\u00ebzon atmosfer\u00eb te gjall\u00eb n\u00eb qend\u00ebr t\u00eb qytetit .Merrni nj\u00eb pushim n\u00eb nj\u00eb nga lulishtet tradizionale t\u00eb Monakos.<\/p>\n<p>Relax n\u00eb lulishte t\u00eb bukura dhe n\u00eb parqe t\u00eb qytetit .Monako i Bavarise n\u00eb ver\u00eb ofron shum\u00eb gj\u00ebra t\u00eb bukura q\u00eb ju mund ti shijoni.K\u00ebtu vijn\u00eb t\u00eb ri nga e gjith\u00eb bota ku zhvillohen evente sportive dhe kulturore.M\u00ebsoni Gjermanisht n\u00eb nj\u00eb nga kurset intensive tona ne ju sigurojm\u00eb qe nuk do t\u00eb ngeleni t\u00eb zhg\u00ebnjyer.[\/vc_column_text][\/vc_column][\/vc_row][vc_row full_width=&#8221;stretch_row&#8221; tc_enable_overlay=&#8221;true&#8221; el_class=&#8221;contact-6 theme-bg-color&#8221; css=&#8221;.vc_custom_1484755280803{padding-top: 50px !important;padding-bottom: 20px !important;}&#8221;][vc_column width=&#8221;1\/3&#8243;][vc_raw_html]JTNDZGl2JTIwY2xhc3MlM0QlMjJmZWF0dXJlLTglMjBjbGVhcmZpeCUyMiUzRSUwQSUyMCUyMCUyMCUyMCUyMCUyMCUyMCUyMCUyMCUzQ2RpdiUyMGNsYXNzJTNEJTIyZmVhdHVyZS04LXRpdGxlJTIyJTNFJTBBJTIwJTIwJTIwJTIwJTIwJTIwJTIwJTIwJTIwJTIwJTNDc3BhbiUyMGNsYXNzJTNEJTIyZmElMjBmYS1wZW5jaWwlMjIlMjBhcmlhLWhpZGRlbiUzRCUyMnRydWUlMjIlM0UlM0MlMkZzcGFuJTNFJTBBJTIwJTIwJTIwJTIwJTIwJTIwJTIwJTIwJTIwJTNDJTJGZGl2JTNFJTBBJTIwJTIwJTIwJTIwJTIwJTIwJTIwJTIwJTNDZGl2JTIwY2xhc3MlM0QlMjJmZWF0dXJlLTgtaW5mbyUyMiUzRSUwQSUyMCUyMCUyMCUyMCUyMCUyMCUyMCUyMCUyMCUzQ2g0JTIwY2xhc3MlM0QlMjJ0ZXh0LXdoaXRlJTIyJTNFQWRyZXMlQzMlQUIlM0MlMkZoNCUzRSUyMCUwQSUyMCUyMCUyMCUyMCUyMCUyMCUyMCUyMCUyMCUzQ3AlMjBjbGFzcyUzRCUyMnRleHQtd2hpdGUlMjIlM0VIZSVDMyU5RnN0cmElQzMlOUZlJTIwOTAuJTIwODA3OTclMjBNJUMzJUJDbmNoZW4lM0NiciUyRiUzRVRlZ2VybnNlZXIlMjBMYW5kc3RyLiUyMDEzNS4lMjA4MTUzOSUyME0lQzMlQkNuY2hlbiUzQyUyRnAlM0UlMEElMjAlMjAlMjAlMjAlMjAlMjAlMjAlM0MlMkZkaXYlM0UlMEElMjAlMjAlMjAlMjAlMjAlMjAlM0MlMkZkaXYlM0U=[\/vc_raw_html][\/vc_column][vc_column width=&#8221;1\/3&#8243;][vc_raw_html]JTNDZGl2JTIwY2xhc3MlM0QlMjJmZWF0dXJlLTglMjBjbGVhcmZpeCUyMiUzRSUwQSUyMCUyMCUyMCUyMCUyMCUyMCUyMCUyMCUyMCUyMCUyMCUzQ2RpdiUyMGNsYXNzJTNEJTIyZmVhdHVyZS04LXRpdGxlJTIyJTNFJTBBJTIwJTIwJTIwJTIwJTIwJTIwJTIwJTIwJTIwJTIwJTIwJTIwJTNDc3BhbiUyMGNsYXNzJTNEJTIyaWNvbi1zY3JlZW4tc21hcnRwaG9uZSUyMiUyMGFyaWEtaGlkZGVuJTNEJTIydHJ1ZSUyMiUzRSUzQyUyRnNwYW4lM0UlMEElMjAlMjAlMjAlMjAlMjAlMjAlMjAlMjAlMjAlMjAlMjAlM0MlMkZkaXYlM0UlMEElMjAlMjAlMjAlMjAlMjAlMjAlMjAlMjAlMjAlMjAlM0NkaXYlMjBjbGFzcyUzRCUyMmZlYXR1cmUtOC1pbmZvJTIyJTNFJTBBJTIwJTIwJTIwJTIwJTIwJTIwJTIwJTIwJTIwJTIwJTIwJTNDaDQlMjBjbGFzcyUzRCUyMnRleHQtd2hpdGUlMjIlM0VOYSUyMHRlbGVmb25vbmklMjElM0MlMkZoNCUzRSUwQSUyMCUyMCUyMCUyMCUyMCUyMCUyMCUyMCUyMCUyMCUyMCUzQ3AlMjBjbGFzcyUzRCUyMnRleHQtd2hpdGUlMjIlM0UlMjAlMjAwODklMkYyMCUyMDA2JTIwMjQlMjAzNSUyMCUzQ2JyJTJGJTNFJTIwMDg5JTJGMjAlMjAwNiUyMDI0JTIwMzYlM0NiciUyRiUzRSUwQSUyMCUyMCUyMCUyMCUyMCUyMCUyMCUyMCUyMCUyMCUyMCUyMCUyMCUyMCUzQ2IlM0UwOSUzQTAwJTIwVWhyJUUyJTgwJTkzJTIwMTglM0EwMCUyMFVociUyMCUzQyUyRmIlM0UlM0MlMkZwJTNFJTBBJTIwJTIwJTIwJTIwJTIwJTIwJTIwJTIwJTIwJTNDJTJGZGl2JTNFJTBBJTIwJTIwJTIwJTIwJTIwJTIwJTIwJTNDJTJGZGl2JTNF[\/vc_raw_html][\/vc_column][vc_column width=&#8221;1\/3&#8243;][vc_raw_html]JTNDZGl2JTIwY2xhc3MlM0QlMjJmZWF0dXJlLTglMjBjbGVhcmZpeCUyMiUzRSUwQSUyMCUyMCUyMCUyMCUyMCUyMCUyMCUyMCUyMCUzQ2RpdiUyMGNsYXNzJTNEJTIyZmVhdHVyZS04LXRpdGxlJTIyJTNFJTBBJTIwJTIwJTIwJTIwJTIwJTIwJTIwJTIwJTIwJTIwJTNDc3BhbiUyMGNsYXNzJTNEJTIyaWNvbi1lbnZlbG9wZSUyMiUyMGFyaWEtaGlkZGVuJTNEJTIydHJ1ZSUyMiUzRSUzQyUyRnNwYW4lM0UlMEElMjAlMjAlMjAlMjAlMjAlMjAlMjAlMjAlMjAlM0MlMkZkaXYlM0UlMEElMjAlMjAlMjAlMjAlMjAlMjAlMjAlMjAlM0NkaXYlMjBjbGFzcyUzRCUyMmZlYXR1cmUtOC1pbmZvJTIyJTNFJTBBJTIwJTIwJTIwJTIwJTIwJTIwJTIwJTIwJTIwJTNDaDQlMjBjbGFzcyUzRCUyMnRleHQtd2hpdGUlMjIlM0VOYSUyMGtvbnRha3RvbmklMjElM0MlMkZoNCUzRSUwQSUyMCUyMCUyMCUyMCUyMCUyMCUyMCUyMCUyMCUzQ3AlMjBjbGFzcyUzRCUyMnRleHQtd2hpdGUlMjIlM0Vrb250YWt0JTQwc3ByYWNoc2NodWxlLWFrdGl2LmRlJTBBJTIwJTIwJTIwJTIwJTIwJTNDJTJGcCUzRSUwQSUyMCUyMCUyMCUyMCUyMCUyMCUyMCUzQyUyRmRpdiUzRSUwQSUyMCUyMCUyMCUyMCUyMCUyMCUzQyUyRmRpdiUzRQ==[\/vc_raw_html][\/vc_column][\/vc_row]<\/p>\n","protected":false},"excerpt":{"rendered":"<p>[vc_row full_width=&#8221;stretch_row_content_no_spaces&#8221; equal_height=&#8221;yes&#8221; tc_enable_overlay=&#8221;true&#8221; css=&#8221;.vc_custom_1603192947634{background-position: center !important;background-repeat: no-repeat !important;background-size: cover !important;}&#8221;][vc_column][vc_single_image image=&#8221;59773&#8243; img_size=&#8221;full&#8221; onclick=&#8221;custom_link&#8221; link=&#8221;https:\/\/www.sprachschule-aktiv-muenchen.de\/sq\/regjistrim\/&#8221;][\/vc_column][\/vc_row][vc_row full_width=&#8221;stretch_row&#8221; equal_height=&#8221;yes&#8221; content_placement=&#8221;middle&#8221; tc_enable_overlay=&#8221;true&#8221; css=&#8221;.vc_custom_1487979657855{padding-top: 30px !important;padding-bottom: 30px !important;}&#8221; el_class=&#8221;action-box m-b-none theme-bg-color&#8221;][vc_column width=&#8221;2\/3&#8243;][vc_column_text] D\u00ebshironi t\u00eb m\u00ebsoni gjermanisht n\u00eb Mynih? Te m\u00ebsosh gjuh\u00ebn shqipe n\u00eb monaco shkolla jon\u00eb p\u00ebr gjuh\u00ebn gjermane. [\/vc_column_text][\/vc_column][vc_column width=&#8221;1\/3&#8243; css=&#8221;.vc_custom_1481804430561{padding-top: 15px !important;}&#8221; el_class=&#8221;text-right&#8221;][\/vc_column][\/vc_row][vc_row full_width=&#8221;stretch_row&#8221; equal_height=&#8221;yes&#8221; tc_enable_overlay=&#8221;true&#8221; css=&#8221;.vc_custom_1488017710153{padding-top:&hellip; <a class=\"read-more\" href=\"https:\/\/www.sprachschule-aktiv-muenchen.de\/sq\/\" title=\"Read Home 3 &#8211; Corporate\">Read more &raquo;<\/a><\/p>\n","protected":false},"author":2,"featured_media":0,"parent":0,"menu_order":5,"comment_status":"closed","ping_status":"closed","template":"","meta":{"footnotes":""},"class_list":["post-31471","page","type-page","status-publish","hentry"],"yoast_head":"<!-- This site is optimized with the Yoast SEO plugin v27.1.1 - https:\/\/yoast.com\/product\/yoast-seo-wordpress\/ -->\n<title>Doni te m\u00ebsoni gjuhen gjermane n\u00eb Monaco - Gjermani<\/title>\n<meta name=\"description\" content=\"Doni te m\u00ebsoni gjuhen gjermane n\u00eb Monaco: Kurse gjermanishte per fillimtar\u00ebt dhe t\u00eb avanzuar :a1 .a2 .b1. B2 c1 .c2 - Sprachule Aktiv Monako\" \/>\n<meta name=\"robots\" content=\"index, follow, max-snippet:-1, max-image-preview:large, max-video-preview:-1\" \/>\n<link rel=\"canonical\" href=\"https:\/\/www.sprachschule-aktiv-muenchen.de\/sq\/\" \/>\n<meta property=\"og:locale\" content=\"sq_AL\" \/>\n<meta property=\"og:type\" content=\"article\" \/>\n<meta property=\"og:title\" content=\"Doni te m\u00ebsoni gjuhen gjermane n\u00eb Monaco - Gjermani\" \/>\n<meta property=\"og:description\" content=\"Doni te m\u00ebsoni gjuhen gjermane n\u00eb Monaco: Kurse gjermanishte per fillimtar\u00ebt dhe t\u00eb avanzuar :a1 .a2 .b1. B2 c1 .c2 - Sprachule Aktiv Monako\" \/>\n<meta property=\"og:url\" content=\"https:\/\/www.sprachschule-aktiv-muenchen.de\/sq\/\" \/>\n<meta property=\"og:site_name\" content=\"Sprachschule Aktiv\" \/>\n<meta property=\"article:modified_time\" content=\"2022-12-23T10:20:34+00:00\" \/>\n<meta name=\"twitter:card\" content=\"summary_large_image\" \/>\n<meta name=\"twitter:label1\" content=\"Est. reading time\" \/>\n\t<meta name=\"twitter:data1\" content=\"5 minutes\" \/>\n<script type=\"application\/ld+json\" class=\"yoast-schema-graph\">{\"@context\":\"https:\/\/schema.org\",\"@graph\":[{\"@type\":\"WebPage\",\"@id\":\"https:\/\/www.sprachschule-aktiv-muenchen.de\/sq\/\",\"url\":\"https:\/\/www.sprachschule-aktiv-muenchen.de\/sq\/\",\"name\":\"Doni te m\u00ebsoni gjuhen gjermane n\u00eb Monaco - Gjermani\",\"isPartOf\":{\"@id\":\"https:\/\/www.sprachschule-aktiv-muenchen.de\/#website\"},\"datePublished\":\"2016-08-11T12:35:27+00:00\",\"dateModified\":\"2022-12-23T10:20:34+00:00\",\"description\":\"Doni te m\u00ebsoni gjuhen gjermane n\u00eb Monaco: Kurse gjermanishte per fillimtar\u00ebt dhe t\u00eb avanzuar :a1 .a2 .b1. B2 c1 .c2 - Sprachule Aktiv Monako\",\"breadcrumb\":{\"@id\":\"https:\/\/www.sprachschule-aktiv-muenchen.de\/sq\/#breadcrumb\"},\"inLanguage\":\"sq-AL\",\"potentialAction\":[{\"@type\":\"ReadAction\",\"target\":[\"https:\/\/www.sprachschule-aktiv-muenchen.de\/sq\/\"]}]},{\"@type\":\"BreadcrumbList\",\"@id\":\"https:\/\/www.sprachschule-aktiv-muenchen.de\/sq\/#breadcrumb\",\"itemListElement\":[{\"@type\":\"ListItem\",\"position\":1,\"name\":\"Portada\",\"item\":\"https:\/\/www.sprachschule-aktiv-muenchen.de\/sq\/\"},{\"@type\":\"ListItem\",\"position\":2,\"name\":\"Home 3 &#8211; Corporate\"}]},{\"@type\":\"WebSite\",\"@id\":\"https:\/\/www.sprachschule-aktiv-muenchen.de\/#website\",\"url\":\"https:\/\/www.sprachschule-aktiv-muenchen.de\/\",\"name\":\"Sprachschule Aktiv\",\"description\":\"\",\"potentialAction\":[{\"@type\":\"SearchAction\",\"target\":{\"@type\":\"EntryPoint\",\"urlTemplate\":\"https:\/\/www.sprachschule-aktiv-muenchen.de\/?s={search_term_string}\"},\"query-input\":{\"@type\":\"PropertyValueSpecification\",\"valueRequired\":true,\"valueName\":\"search_term_string\"}}],\"inLanguage\":\"sq-AL\"}]}<\/script>\n<!-- \/ Yoast SEO plugin. -->","yoast_head_json":{"title":"Doni te m\u00ebsoni gjuhen gjermane n\u00eb Monaco - Gjermani","description":"Doni te m\u00ebsoni gjuhen gjermane n\u00eb Monaco: Kurse gjermanishte per fillimtar\u00ebt dhe t\u00eb avanzuar :a1 .a2 .b1. B2 c1 .c2 - Sprachule Aktiv Monako","robots":{"index":"index","follow":"follow","max-snippet":"max-snippet:-1","max-image-preview":"max-image-preview:large","max-video-preview":"max-video-preview:-1"},"canonical":"https:\/\/www.sprachschule-aktiv-muenchen.de\/sq\/","og_locale":"sq_AL","og_type":"article","og_title":"Doni te m\u00ebsoni gjuhen gjermane n\u00eb Monaco - Gjermani","og_description":"Doni te m\u00ebsoni gjuhen gjermane n\u00eb Monaco: Kurse gjermanishte per fillimtar\u00ebt dhe t\u00eb avanzuar :a1 .a2 .b1. B2 c1 .c2 - Sprachule Aktiv Monako","og_url":"https:\/\/www.sprachschule-aktiv-muenchen.de\/sq\/","og_site_name":"Sprachschule Aktiv","article_modified_time":"2022-12-23T10:20:34+00:00","twitter_card":"summary_large_image","twitter_misc":{"Est. reading time":"5 minutes"},"schema":{"@context":"https:\/\/schema.org","@graph":[{"@type":"WebPage","@id":"https:\/\/www.sprachschule-aktiv-muenchen.de\/sq\/","url":"https:\/\/www.sprachschule-aktiv-muenchen.de\/sq\/","name":"Doni te m\u00ebsoni gjuhen gjermane n\u00eb Monaco - Gjermani","isPartOf":{"@id":"https:\/\/www.sprachschule-aktiv-muenchen.de\/#website"},"datePublished":"2016-08-11T12:35:27+00:00","dateModified":"2022-12-23T10:20:34+00:00","description":"Doni te m\u00ebsoni gjuhen gjermane n\u00eb Monaco: Kurse gjermanishte per fillimtar\u00ebt dhe t\u00eb avanzuar :a1 .a2 .b1. B2 c1 .c2 - Sprachule Aktiv Monako","breadcrumb":{"@id":"https:\/\/www.sprachschule-aktiv-muenchen.de\/sq\/#breadcrumb"},"inLanguage":"sq-AL","potentialAction":[{"@type":"ReadAction","target":["https:\/\/www.sprachschule-aktiv-muenchen.de\/sq\/"]}]},{"@type":"BreadcrumbList","@id":"https:\/\/www.sprachschule-aktiv-muenchen.de\/sq\/#breadcrumb","itemListElement":[{"@type":"ListItem","position":1,"name":"Portada","item":"https:\/\/www.sprachschule-aktiv-muenchen.de\/sq\/"},{"@type":"ListItem","position":2,"name":"Home 3 &#8211; Corporate"}]},{"@type":"WebSite","@id":"https:\/\/www.sprachschule-aktiv-muenchen.de\/#website","url":"https:\/\/www.sprachschule-aktiv-muenchen.de\/","name":"Sprachschule Aktiv","description":"","potentialAction":[{"@type":"SearchAction","target":{"@type":"EntryPoint","urlTemplate":"https:\/\/www.sprachschule-aktiv-muenchen.de\/?s={search_term_string}"},"query-input":{"@type":"PropertyValueSpecification","valueRequired":true,"valueName":"search_term_string"}}],"inLanguage":"sq-AL"}]}},"_links":{"self":[{"href":"https:\/\/www.sprachschule-aktiv-muenchen.de\/sq\/wp-json\/wp\/v2\/pages\/31471","targetHints":{"allow":["GET"]}}],"collection":[{"href":"https:\/\/www.sprachschule-aktiv-muenchen.de\/sq\/wp-json\/wp\/v2\/pages"}],"about":[{"href":"https:\/\/www.sprachschule-aktiv-muenchen.de\/sq\/wp-json\/wp\/v2\/types\/page"}],"author":[{"embeddable":true,"href":"https:\/\/www.sprachschule-aktiv-muenchen.de\/sq\/wp-json\/wp\/v2\/users\/2"}],"replies":[{"embeddable":true,"href":"https:\/\/www.sprachschule-aktiv-muenchen.de\/sq\/wp-json\/wp\/v2\/comments?post=31471"}],"version-history":[{"count":4,"href":"https:\/\/www.sprachschule-aktiv-muenchen.de\/sq\/wp-json\/wp\/v2\/pages\/31471\/revisions"}],"predecessor-version":[{"id":72598,"href":"https:\/\/www.sprachschule-aktiv-muenchen.de\/sq\/wp-json\/wp\/v2\/pages\/31471\/revisions\/72598"}],"wp:attachment":[{"href":"https:\/\/www.sprachschule-aktiv-muenchen.de\/sq\/wp-json\/wp\/v2\/media?parent=31471"}],"curies":[{"name":"wp","href":"https:\/\/api.w.org\/{rel}","templated":true}]}}