{"id":11837,"date":"2016-08-11T12:35:27","date_gmt":"2016-08-11T12:35:27","guid":{"rendered":"https:\/\/www.sprachschule-aktiv-muenchen.de\/home-3-corporate\/"},"modified":"2022-12-23T10:54:28","modified_gmt":"2022-12-23T09:54:28","slug":"home-3-corporate","status":"publish","type":"page","link":"https:\/\/www.sprachschule-aktiv-muenchen.de\/ro\/","title":{"rendered":"Home 3 &#8211; Corporate"},"content":{"rendered":"<p>[vc_row full_width=&#8221;stretch_row_content_no_spaces&#8221; equal_height=&#8221;yes&#8221; tc_enable_overlay=&#8221;true&#8221; css=&#8221;.vc_custom_1603180687010{background-position: center !important;background-repeat: no-repeat !important;background-size: cover !important;}&#8221;][vc_column][vc_single_image image=&#8221;59640&#8243; img_size=&#8221;full&#8221; onclick=&#8221;custom_link&#8221; link=&#8221;https:\/\/www.sprachschule-aktiv-muenchen.de\/ro\/inregistreaza-te\/&#8221;][\/vc_column][\/vc_row][vc_row full_width=&#8221;stretch_row&#8221; equal_height=&#8221;yes&#8221; content_placement=&#8221;middle&#8221; tc_enable_overlay=&#8221;true&#8221; css=&#8221;.vc_custom_1487979657855{padding-top: 30px !important;padding-bottom: 30px !important;}&#8221; el_class=&#8221;action-box m-b-none theme-bg-color&#8221;][vc_column width=&#8221;2\/3&#8243;][vc_column_text]<\/p>\n<h3 class=\"text-white\">Doresc s\u0103 \u00eenve\u021be limba german\u0103 \u00een Munchen?<\/h3>\n<p class=\"text-white\">\u00cenv\u0103\u021ba\u021bi limba german\u0103 \u00een Munchen: \u0218coala Dvs. pentru \u00eenv\u0103\u021barea limbii germane.<\/p>\n<p>[\/vc_column_text][\/vc_column][vc_column width=&#8221;1\/3&#8243; css=&#8221;.vc_custom_1481804430561{padding-top: 15px !important;}&#8221; el_class=&#8221;text-right&#8221;]\t<div class=\"vc_btn3-container vc_btn3-inline\">\r\n\t\t<a href=\"\/ro\/contact\/\" class=\"pgs_btn pgs_btn_style_3 pgs_btn_lg\">\r\n\t\t\t<span>\r\n\t\t\t\tContacta\u021bi-ne\t\t\t<\/span>\r\n\t\t\t\t\t\t<i class=\"fa fa-hand-o-right\"><\/i>\r\n\t\t\t\t\t<\/a>\r\n\t<\/div>\r\n\t[\/vc_column][\/vc_row][vc_row full_width=&#8221;stretch_row&#8221; equal_height=&#8221;yes&#8221; tc_enable_overlay=&#8221;true&#8221; css=&#8221;.vc_custom_1488017710153{padding-top: 30px !important;padding-bottom: 30px !important;}&#8221;][vc_column][vc_column_text]<\/p>\n<h1>Curs de german\u0103 \u00een M\u00fcnchen: \u00cenv\u0103\u0163a\u0163i germana \u00een Germania<\/h1>\n<h2>\u00cenv\u0103\u021ba\u021bi limba german\u0103 \u00een Munchen: \u0218coala Dvs. pentru \u00eenv\u0103\u021barea limbii germane<\/h2>\n<p>Dori\u021bi s\u0103 \u00eenv\u0103\u021ba\u021bi limba german\u0103 \u00een M\u00fcnchen? \u0218coala Aktiv de \u00eenv\u0103\u021barea limbilor este specializat\u0103 \u00een cursuri de limba german\u0103. G\u0103si\u021bi aici informa\u021bii despre ofertele noastre de cursuri, cazare \u00een M\u00fcnchen, pre\u021buri, vize pentru Germania, nivelul cursurilor, activit\u0103\u021bi pentru timpul liber, asigur\u0103ri medicale pe perioada cursurilor, informa\u021bii despre ora\u0219ul M\u00fcnchen \u0219i loca\u021biile Sprachschule Aktiv. \u00cenv\u0103\u0163a\u0163i germana.[\/vc_column_text][\/vc_column][\/vc_row][vc_row full_width=&#8221;stretch_row_content_no_spaces&#8221; tc_enable_overlay=&#8221;true&#8221; css=&#8221;.vc_custom_1488021058660{padding-top: 30px !important;padding-bottom: 30px !important;background-image: url(https:\/\/www.sprachschule-aktiv-muenchen.de\/wp-content\/uploads\/2016\/08\/inva\u021ba\u021bi-limba-germana-in-munchen.jpg?id=11840) !important;background-position: center !important;background-repeat: no-repeat !important;background-size: cover !important;}&#8221; el_class=&#8221;xs-pd-lr&#8221;][vc_column width=&#8221;3\/4&#8243; offset=&#8221;vc_col-lg-offset-1 vc_col-lg-6 vc_col-md-offset-1 vc_col-md-10 vc_col-sm-offset-1 vc_col-xs-12&#8243;][vc_column_text]<\/p>\n<h2>Cursuri pentru \u00eencep\u0103tori \u0219i avansa\u021bi: A1, A2, B1, B2, C1, C2<\/h2>\n<p>Certificatele de limba german\u0103 care se acord\u0103 pentru fiecare nivel sunt \u00een concordan\u021b\u0103 cu \u00eencadr\u0103rile europene: A1, A2, B1, B2, C1, C2. Fiecare certificat include \u0219i nivelul precedent. Aceasta garanteaz\u0103 un \u00eenalt nivel de \u00een\u021belegere \u0219i conversa\u021bie, care dep\u0103\u0219e\u0219te practica de zi cu zi. Cursan\u021bii au posibilitatea de a-\u0219i \u00eensu\u0219i limba german\u0103 aplicat\u0103 locului de munc\u0103, put\u00e2nd astfel contribui la crearea \u0219i \u00eent\u0103rirea comunic\u0103rii \u00eentre firmele germane \u0219i str\u0103ine. Cursurile de limba german\u0103 sunt, de asemenea, un sprijin important pentru studen\u021bii str\u0103ini, cunoa\u0219terea limbii fiind o cerin\u021b\u0103 la \u00eenscrierea la \u0219coli superioare sau universit\u0103\u021bi germane.[\/vc_column_text]\t<div class=\"vc_btn3-container vc_btn3-inline\">\r\n\t\t<a href=\"\/ro\/inregistreaza-te\/\" class=\"pgs_btn pgs_btn_style_1 pgs_btn_md  vc_custom_1488020669027\">\r\n\t\t\t<span>\r\n\t\t\t\tSunte\u021bi interesat? \u00cenregistreaz\u0103-te!\t\t\t<\/span>\r\n\t\t\t\t\t\t<i class=\"fa fa-pencil-square-o\"><\/i>\r\n\t\t\t\t\t<\/a>\r\n\t<\/div>\r\n\t[\/vc_column][vc_column width=&#8221;1\/4&#8243; offset=&#8221;vc_col-lg-5 vc_col-md-2 vc_hidden-sm vc_col-xs-12 vc_hidden-xs&#8221;][\/vc_column][\/vc_row][vc_row css=&#8221;.vc_custom_1487971941655{padding-top: 25px !important;}&#8221;][vc_column width=&#8221;1\/2&#8243;][vc_column_text]<\/p>\n<h2>Cursul de limba german\u0103 &#8211; program \u0219i pre\u021buri<\/h2>\n<p>Durata: 1, 2, 3, 4&#8230;p\u00e2n\u0103 la 48 de s\u0103pt\u0103m\u00e2ni.<br \/>\nProgram: De luni p\u00e2n\u0103 vineri, de la 9:00 la 12:00 .<br \/>\nPentru cursan\u021bii av\u00e2nd cuno\u0219tin\u021be anterioare: Cursul poate \u00eencepe \u00een orice zi de luni.<br \/>\nPentru \u00eencep\u0103tori: G\u0103si\u021bi programul cursurilor pe aceast\u0103 pagin\u0103.<br \/>\nNivelul cursurilor: \u00eentre A1 \u0219i C2 (\u00cencep\u0103tor, Mediu, Avansat):<br \/>\nA1 (A1.1 + A1.2), A2 (A2.1 + A2.2) B1 (B1.1 + B1.2), B2 (B2.1 + B2.2) C1, C2<\/p>\n<p>Pre\u021b:<br \/>\n1 s\u0103pt\u0103m\u00e2n\u0103: 199,- \u20ac<br \/>\n2 s\u0103pt\u0103m\u00e2ni: 349,- \u20ac<br \/>\n3 s\u0103pt\u0103m\u00e2ni: 411,- \u20ac<br \/>\n4 s\u0103pt\u0103m\u00e2ni: 499,- \u20ac[\/vc_column_text][\/vc_column][vc_column width=&#8221;1\/2&#8243;][vc_single_image image=&#8221;37358&#8243; img_size=&#8221;full&#8221;][\/vc_column][\/vc_row][vc_row css=&#8221;.vc_custom_1484754678947{padding-bottom: 10px !important;}&#8221;][vc_column][vc_row_inner][vc_column_inner width=&#8221;1\/2&#8243;][vc_video link=&#8221;https:\/\/youtu.be\/O8OSUHbmfWQ&#8221; css=&#8221;.vc_custom_1671789213787{padding-top: 10px !important;}&#8221;][\/vc_column_inner][vc_column_inner width=&#8221;1\/2&#8243;][vc_column_text]<\/p>\n<h2>Curs intensiv de limba german\u0103 \u00een M\u00fcnchen &#8211; \u00cenv\u0103\u021barea \u00een grupe mici<\/h2>\n<p>Grupele restr\u00e2nse, de p\u00e2n\u0103 la 10 cursan\u021bi, au avantajul c\u0103 profesorii se pot adapta mai bine la necesit\u0103\u021bile cursan\u021bilor, ace\u0219tia av\u00e2nd astfel posibilitatea unei acumul\u0103ri intensive a cuno\u0219tin\u021belor.<\/p>\n<p>Deoarece fiecare cursant are un mod diferit de a \u00eenv\u0103\u021ba, diferen\u021bele de capacitate individual\u0103 de \u00eenv\u0103\u021bare vor fi mai rapid cunoscute \u0219i solu\u021bionate. \u00cen grupele mici, cursul este mult mai dinamic \u0219i este favorizat dialogul. O limb\u0103 str\u0103in\u0103 poate fi \u00eensu\u0219it\u0103 doar atunci c\u00e2nd este pus\u0103 \u00een practic\u0103 \u00een cercul privat sau profesional al fiec\u0103ruia.[\/vc_column_text][\/vc_column_inner][\/vc_row_inner][\/vc_column][\/vc_row][vc_row full_width=&#8221;stretch_row&#8221; tc_enable_overlay=&#8221;true&#8221; css=&#8221;.vc_custom_1487972460773{padding-top: 30px !important;padding-bottom: 30px !important;background-color: #f9f9f9 !important;}&#8221;][vc_column][vc_column_text]<\/p>\n<h2>\u0218coala noastr\u0103 v\u0103 ofer\u0103:<\/h2>\n<ul>\n<li>Acces la mijloacele de transport: metrou, tramvai, autobuz.<\/li>\n<li>Un parc minunat chiar \u00een fa\u021ba \u0219colii, unde v\u0103 pute\u021bi relaxa \u2013 cu numeroase cafenele, restaurante, localuri pentru tineri \u0219i v\u00e2rstnici.<\/li>\n<li>S\u0103li de clas\u0103 moderne, primitoare \u0219i luminoase pentru cursul Dvs. de limba german\u0103.<\/li>\n<li>Cursuri variate de limba german\u0103, precum: cursuri semi-intensive \u0219i de var\u0103, cursuri intensive, Test DaF. Nu \u00een ultimul r\u00e2nd, \u0219coala noastr\u0103 este dotat\u0103 cu mijloace moderne, &#8211; din preocuparea noastr\u0103 pentru un nivel profesionist \u0219i eficient de \u00eenv\u0103\u021bare. Materialul didactic este conform cu cele mai noi cuno\u0219tin\u021be de limb\u0103 \u0219i este folosit de un corp profesoral cu \u00eenalte cuno\u0219tin\u021be \u0219tiin\u021bifice.<\/li>\n<\/ul>\n<p>[\/vc_column_text][\/vc_column][\/vc_row][vc_row full_width=&#8221;stretch_row&#8221; tc_enable_overlay=&#8221;true&#8221; css=&#8221;.vc_custom_1488014711992{padding-top: 30px !important;padding-bottom: 30px !important;}&#8221;][vc_column][vc_row_inner][vc_column_inner width=&#8221;1\/2&#8243;][vc_column_text]<\/p>\n<h2>Profesori de limba geman\u0103 califica\u021bi, simpatici \u0219i experimenta\u021bi<\/h2>\n<p>Pentru asigurarea unui \u00eenalt nivel de \u00eenv\u0103\u021bare, este important ca profesorul s\u0103 aib\u0103 o preg\u0103tire de \u00eenalt\u0103 clas\u0103, dar \u0219i o matur\u0103 \u00een\u021belegere pedagogic\u0103. Noi garant\u0103m c\u0103 profesorii no\u0219tri sunt mai mult dec\u00e2t vorbitori nativi de limba german\u0103. Printr-o solid\u0103 formare profesional\u0103 \u0219i cursuri regulate de perfec\u021bionare, \u00ee\u0219i ridic\u0103 continuu \u0219tacheta propriilor exigen\u021be, pentru a oferi cursan\u021bilor cea mai bun\u0103 preg\u0103tire de limba german\u0103. O atitudine profesionist\u0103 este de asemenea o condi\u021bie pentru a deveni profesor \u00een \u0219coala noastr\u0103.[\/vc_column_text][\/vc_column_inner][vc_column_inner width=&#8221;1\/2&#8243;][vc_video link=&#8221;https:\/\/youtu.be\/3COnuIj0gzY&#8221;][\/vc_column_inner][\/vc_row_inner][vc_column_text]<\/p>\n<h2>\u00cenv\u0103\u021ba\u021bi limba german\u0103 cu garantarea restituirii banilor \u0219i ore de prob\u0103 gratuite<\/h2>\n<p>\u00cenv\u0103\u021ba\u021bi limba german\u0103 cu garantarea restituirii banilor \u0219i ore de prob\u0103 gratuite! V\u0103 garant\u0103m c\u0103 ve\u021bi pl\u0103ti doar dac\u0103 ve\u021bi fi mul\u021bumit de presta\u021bia noastr\u0103. \u00cen caz contrar, vi se va restutui suma pl\u0103tit\u0103. Beneficia\u021bi, \u00een calitate de cursant str\u0103in, de posibilitatea unor ore de curs gratuite, \u00een urma c\u0103rora ve\u021bi decide dac\u0103 dori\u021bi s\u0103 beneficia\u021bi \u00een continuare de serviciile noastre.<\/p>\n<h2>M\u00fcnchen \u2013 metropola v\u0103 spune din inim\u0103 un: Bine a\u021bi venit!<\/h2>\n<p>Multicolor, deschis, interna\u021bional &#8211; M\u00fcnchenul, capitala Bavariei, te cucere\u0219te cu farmecul, atmosfera \u0219i oamenii s\u0103i cordiali. Pe timpul verii, bucura\u021bi-v\u0103 de atmosfera vesel\u0103 din centrul ora\u0219ului. Acorda\u021bi-v\u0103 o pauz\u0103 la o bere, \u00eentr-una dintre terasele tradi\u021bionale. Recrea\u021bi-v\u0103 \u00een minunatele parcuri \u0219i gr\u0103dini ale ora\u0219ului. Vara \u00ee\u0219i arat\u0103 M\u00fcnchenul partea sa cea mai frumoas\u0103. Tineri din toat\u0103 lumea se \u00eent\u00e2lnesc aici \u00een cadrul evenimentelor culturale \u0219i sportive.<\/p>\n<p>\u00cembina\u021bi pl\u0103cutul cu utilul. Studia\u021bi limba german\u0103 \u00eentr-unul dintre cursurile noastre intensive. Mai multe despre M\u00fcnchen g\u0103si\u021bi aici![\/vc_column_text][\/vc_column][\/vc_row][vc_row full_width=&#8221;stretch_row&#8221; tc_enable_overlay=&#8221;true&#8221; el_class=&#8221;contact-6 theme-bg-color&#8221; css=&#8221;.vc_custom_1484755280803{padding-top: 50px !important;padding-bottom: 20px !important;}&#8221;][vc_column width=&#8221;1\/3&#8243;][vc_raw_html]JTNDZGl2JTIwY2xhc3MlM0QlMjJmZWF0dXJlLTglMjBjbGVhcmZpeCUyMiUzRSUwQSUyMCUyMCUyMCUyMCUyMCUyMCUyMCUyMCUyMCUzQ2RpdiUyMGNsYXNzJTNEJTIyZmVhdHVyZS04LXRpdGxlJTIyJTNFJTBBJTIwJTIwJTIwJTIwJTIwJTIwJTIwJTIwJTIwJTIwJTNDc3BhbiUyMGNsYXNzJTNEJTIyZmElMjBmYS1wZW5jaWwlMjIlMjBhcmlhLWhpZGRlbiUzRCUyMnRydWUlMjIlM0UlM0MlMkZzcGFuJTNFJTBBJTIwJTIwJTIwJTIwJTIwJTIwJTIwJTIwJTIwJTNDJTJGZGl2JTNFJTBBJTIwJTIwJTIwJTIwJTIwJTIwJTIwJTIwJTNDZGl2JTIwY2xhc3MlM0QlMjJmZWF0dXJlLTgtaW5mbyUyMiUzRSUwQSUyMCUyMCUyMCUyMCUyMCUyMCUyMCUyMCUyMCUzQ2g0JTIwY2xhc3MlM0QlMjJ0ZXh0LXdoaXRlJTIyJTNFJUM4JTk5Y29saWxlJTIwbm9hc3RyZSUzQyUyRmg0JTNFJTIwJTBBJTIwJTIwJTIwJTIwJTIwJTIwJTIwJTIwJTIwJTNDcCUyMGNsYXNzJTNEJTIydGV4dC13aGl0ZSUyMiUzRUhlJUMzJTlGc3RyYSVDMyU5RmUlMjA5MC4lMjA4MDc5NyUyME0lQzMlQkNuY2hlbiUzQ2JyJTJGJTNFVGVnZXJuc2VlciUyMExhbmRzdHIuJTIwMTM1LiUyMDgxNTM5JTIwTSVDMyVCQ25jaGVuJTNDJTJGcCUzRSUwQSUyMCUyMCUyMCUyMCUyMCUyMCUyMCUzQyUyRmRpdiUzRSUwQSUyMCUyMCUyMCUyMCUyMCUyMCUzQyUyRmRpdiUzRQ==[\/vc_raw_html][\/vc_column][vc_column width=&#8221;1\/3&#8243;][vc_raw_html]JTNDZGl2JTIwY2xhc3MlM0QlMjJmZWF0dXJlLTglMjBjbGVhcmZpeCUyMiUzRSUwQSUyMCUyMCUyMCUyMCUyMCUyMCUyMCUyMCUyMCUyMCUyMCUzQ2RpdiUyMGNsYXNzJTNEJTIyZmVhdHVyZS04LXRpdGxlJTIyJTNFJTBBJTIwJTIwJTIwJTIwJTIwJTIwJTIwJTIwJTIwJTIwJTIwJTIwJTNDc3BhbiUyMGNsYXNzJTNEJTIyaWNvbi1zY3JlZW4tc21hcnRwaG9uZSUyMiUyMGFyaWEtaGlkZGVuJTNEJTIydHJ1ZSUyMiUzRSUzQyUyRnNwYW4lM0UlMEElMjAlMjAlMjAlMjAlMjAlMjAlMjAlMjAlMjAlMjAlMjAlM0MlMkZkaXYlM0UlMEElMjAlMjAlMjAlMjAlMjAlMjAlMjAlMjAlMjAlMjAlM0NkaXYlMjBjbGFzcyUzRCUyMmZlYXR1cmUtOC1pbmZvJTIyJTNFJTBBJTIwJTIwJTIwJTIwJTIwJTIwJTIwJTIwJTIwJTIwJTIwJTNDaDQlMjBjbGFzcyUzRCUyMnRleHQtd2hpdGUlMjIlM0VTdW5hdGktbmUlMjElM0MlMkZoNCUzRSUwQSUyMCUyMCUyMCUyMCUyMCUyMCUyMCUyMCUyMCUyMCUyMCUzQ3AlMjBjbGFzcyUzRCUyMnRleHQtd2hpdGUlMjIlM0UlMjAlMjAwODklMkYyMCUyMDA2JTIwMjQlMjAzNSUyMCUzQ2JyJTJGJTNFJTIwMDg5JTJGMjAlMjAwNiUyMDI0JTIwMzYlM0NiciUyRiUzRSUwQSUyMCUyMCUyMCUyMCUyMCUyMCUyMCUyMCUyMCUyMCUyMCUyMCUyMCUyMCUzQ2IlM0UwOSUzQTAwJTIwVWhyJUUyJTgwJTkzJTIwMTglM0EwMCUyMFVociUyMCUzQyUyRmIlM0UlM0MlMkZwJTNFJTBBJTIwJTIwJTIwJTIwJTIwJTIwJTIwJTIwJTIwJTNDJTJGZGl2JTNFJTBBJTIwJTIwJTIwJTIwJTIwJTIwJTIwJTNDJTJGZGl2JTNF[\/vc_raw_html][\/vc_column][vc_column width=&#8221;1\/3&#8243;][vc_raw_html]JTNDZGl2JTIwY2xhc3MlM0QlMjJmZWF0dXJlLTglMjBjbGVhcmZpeCUyMiUzRSUwQSUyMCUyMCUyMCUyMCUyMCUyMCUyMCUyMCUyMCUzQ2RpdiUyMGNsYXNzJTNEJTIyZmVhdHVyZS04LXRpdGxlJTIyJTNFJTBBJTIwJTIwJTIwJTIwJTIwJTIwJTIwJTIwJTIwJTIwJTNDc3BhbiUyMGNsYXNzJTNEJTIyaWNvbi1lbnZlbG9wZSUyMiUyMGFyaWEtaGlkZGVuJTNEJTIydHJ1ZSUyMiUzRSUzQyUyRnNwYW4lM0UlMEElMjAlMjAlMjAlMjAlMjAlMjAlMjAlMjAlMjAlM0MlMkZkaXYlM0UlMEElMjAlMjAlMjAlMjAlMjAlMjAlMjAlMjAlM0NkaXYlMjBjbGFzcyUzRCUyMmZlYXR1cmUtOC1pbmZvJTIyJTNFJTBBJTIwJTIwJTIwJTIwJTIwJTIwJTIwJTIwJTIwJTNDaDQlMjBjbGFzcyUzRCUyMnRleHQtd2hpdGUlMjIlM0VUcmltaXRlJTIwdW4lMjBtZXNhaiUyMHBlbnRydSUyMG5vaSUyMSUzQyUyRmg0JTNFJTBBJTIwJTIwJTIwJTIwJTIwJTIwJTIwJTIwJTIwJTNDcCUyMGNsYXNzJTNEJTIydGV4dC13aGl0ZSUyMiUzRWtvbnRha3QlNDBzcHJhY2hzY2h1bGUtYWt0aXYuZGUlMEElMjAlMjAlMjAlMjAlMjAlM0MlMkZwJTNFJTBBJTIwJTIwJTIwJTIwJTIwJTIwJTIwJTNDJTJGZGl2JTNFJTBBJTIwJTIwJTIwJTIwJTIwJTIwJTNDJTJGZGl2JTNF[\/vc_raw_html][\/vc_column][\/vc_row]<\/p>\n","protected":false},"excerpt":{"rendered":"<p>[vc_row full_width=&#8221;stretch_row_content_no_spaces&#8221; equal_height=&#8221;yes&#8221; tc_enable_overlay=&#8221;true&#8221; css=&#8221;.vc_custom_1603180687010{background-position: center !important;background-repeat: no-repeat !important;background-size: cover !important;}&#8221;][vc_column][vc_single_image image=&#8221;59640&#8243; img_size=&#8221;full&#8221; onclick=&#8221;custom_link&#8221; link=&#8221;https:\/\/www.sprachschule-aktiv-muenchen.de\/ro\/inregistreaza-te\/&#8221;][\/vc_column][\/vc_row][vc_row full_width=&#8221;stretch_row&#8221; equal_height=&#8221;yes&#8221; content_placement=&#8221;middle&#8221; tc_enable_overlay=&#8221;true&#8221; css=&#8221;.vc_custom_1487979657855{padding-top: 30px !important;padding-bottom: 30px !important;}&#8221; el_class=&#8221;action-box m-b-none theme-bg-color&#8221;][vc_column width=&#8221;2\/3&#8243;][vc_column_text] Doresc s\u0103 \u00eenve\u021be limba german\u0103 \u00een Munchen? \u00cenv\u0103\u021ba\u021bi limba german\u0103 \u00een Munchen: \u0218coala Dvs. pentru \u00eenv\u0103\u021barea limbii germane. [\/vc_column_text][\/vc_column][vc_column width=&#8221;1\/3&#8243; css=&#8221;.vc_custom_1481804430561{padding-top: 15px !important;}&#8221; el_class=&#8221;text-right&#8221;][\/vc_column][\/vc_row][vc_row full_width=&#8221;stretch_row&#8221; equal_height=&#8221;yes&#8221; tc_enable_overlay=&#8221;true&#8221;&hellip; <a class=\"read-more\" href=\"https:\/\/www.sprachschule-aktiv-muenchen.de\/ro\/\" title=\"Read Home 3 &#8211; Corporate\">Read more &raquo;<\/a><\/p>\n","protected":false},"author":2,"featured_media":0,"parent":0,"menu_order":5,"comment_status":"closed","ping_status":"closed","template":"","meta":{"footnotes":""},"class_list":["post-11837","page","type-page","status-publish","hentry"],"yoast_head":"<!-- This site is optimized with the Yoast SEO plugin v27.1.1 - https:\/\/yoast.com\/product\/yoast-seo-wordpress\/ -->\n<title>Curs de german\u0103 \u00een M\u00fcnchen: \u00cenv\u0103\u0163a\u0163i germana \u00een Germania<\/title>\n<meta name=\"description\" content=\"\u00cenv\u0103\u0163a\u0163i germana \u00een M\u00fcnchen: Curs de german\u0103, cursuri pentru \u00eencep\u0103tori \u0219i avansa\u021bi A1, A2, B1, B2, C1, cursuri pentru \u00eencep\u0103tor.\" \/>\n<meta name=\"robots\" content=\"index, follow, max-snippet:-1, max-image-preview:large, max-video-preview:-1\" \/>\n<link rel=\"canonical\" href=\"https:\/\/www.sprachschule-aktiv-muenchen.de\/ro\/\" \/>\n<meta property=\"og:locale\" content=\"ro_RO\" \/>\n<meta property=\"og:type\" content=\"article\" \/>\n<meta property=\"og:title\" content=\"Curs de german\u0103 \u00een M\u00fcnchen: \u00cenv\u0103\u0163a\u0163i germana \u00een Germania\" \/>\n<meta property=\"og:description\" content=\"\u00cenv\u0103\u0163a\u0163i germana \u00een M\u00fcnchen: Curs de german\u0103, cursuri pentru \u00eencep\u0103tori \u0219i avansa\u021bi A1, A2, B1, B2, C1, cursuri pentru \u00eencep\u0103tor.\" \/>\n<meta property=\"og:url\" content=\"https:\/\/www.sprachschule-aktiv-muenchen.de\/ro\/\" \/>\n<meta property=\"og:site_name\" content=\"Sprachschule Aktiv\" \/>\n<meta property=\"article:modified_time\" content=\"2022-12-23T09:54:28+00:00\" \/>\n<meta name=\"twitter:card\" content=\"summary_large_image\" \/>\n<meta name=\"twitter:label1\" content=\"Timp estimat pentru citire\" \/>\n\t<meta name=\"twitter:data1\" content=\"5 minute\" \/>\n<script type=\"application\/ld+json\" class=\"yoast-schema-graph\">{\"@context\":\"https:\/\/schema.org\",\"@graph\":[{\"@type\":\"WebPage\",\"@id\":\"https:\/\/www.sprachschule-aktiv-muenchen.de\/ro\/\",\"url\":\"https:\/\/www.sprachschule-aktiv-muenchen.de\/ro\/\",\"name\":\"Curs de german\u0103 \u00een M\u00fcnchen: \u00cenv\u0103\u0163a\u0163i germana \u00een Germania\",\"isPartOf\":{\"@id\":\"https:\/\/www.sprachschule-aktiv-muenchen.de\/#website\"},\"datePublished\":\"2016-08-11T12:35:27+00:00\",\"dateModified\":\"2022-12-23T09:54:28+00:00\",\"description\":\"\u00cenv\u0103\u0163a\u0163i germana \u00een M\u00fcnchen: Curs de german\u0103, cursuri pentru \u00eencep\u0103tori \u0219i avansa\u021bi A1, A2, B1, B2, C1, cursuri pentru \u00eencep\u0103tor.\",\"breadcrumb\":{\"@id\":\"https:\/\/www.sprachschule-aktiv-muenchen.de\/ro\/#breadcrumb\"},\"inLanguage\":\"ro-RO\",\"potentialAction\":[{\"@type\":\"ReadAction\",\"target\":[\"https:\/\/www.sprachschule-aktiv-muenchen.de\/ro\/\"]}]},{\"@type\":\"BreadcrumbList\",\"@id\":\"https:\/\/www.sprachschule-aktiv-muenchen.de\/ro\/#breadcrumb\",\"itemListElement\":[{\"@type\":\"ListItem\",\"position\":1,\"name\":\"Portada\",\"item\":\"https:\/\/www.sprachschule-aktiv-muenchen.de\/ro\/\"},{\"@type\":\"ListItem\",\"position\":2,\"name\":\"Home 3 &#8211; Corporate\"}]},{\"@type\":\"WebSite\",\"@id\":\"https:\/\/www.sprachschule-aktiv-muenchen.de\/#website\",\"url\":\"https:\/\/www.sprachschule-aktiv-muenchen.de\/\",\"name\":\"Sprachschule Aktiv\",\"description\":\"\",\"potentialAction\":[{\"@type\":\"SearchAction\",\"target\":{\"@type\":\"EntryPoint\",\"urlTemplate\":\"https:\/\/www.sprachschule-aktiv-muenchen.de\/?s={search_term_string}\"},\"query-input\":{\"@type\":\"PropertyValueSpecification\",\"valueRequired\":true,\"valueName\":\"search_term_string\"}}],\"inLanguage\":\"ro-RO\"}]}<\/script>\n<!-- \/ Yoast SEO plugin. -->","yoast_head_json":{"title":"Curs de german\u0103 \u00een M\u00fcnchen: \u00cenv\u0103\u0163a\u0163i germana \u00een Germania","description":"\u00cenv\u0103\u0163a\u0163i germana \u00een M\u00fcnchen: Curs de german\u0103, cursuri pentru \u00eencep\u0103tori \u0219i avansa\u021bi A1, A2, B1, B2, C1, cursuri pentru \u00eencep\u0103tor.","robots":{"index":"index","follow":"follow","max-snippet":"max-snippet:-1","max-image-preview":"max-image-preview:large","max-video-preview":"max-video-preview:-1"},"canonical":"https:\/\/www.sprachschule-aktiv-muenchen.de\/ro\/","og_locale":"ro_RO","og_type":"article","og_title":"Curs de german\u0103 \u00een M\u00fcnchen: \u00cenv\u0103\u0163a\u0163i germana \u00een Germania","og_description":"\u00cenv\u0103\u0163a\u0163i germana \u00een M\u00fcnchen: Curs de german\u0103, cursuri pentru \u00eencep\u0103tori \u0219i avansa\u021bi A1, A2, B1, B2, C1, cursuri pentru \u00eencep\u0103tor.","og_url":"https:\/\/www.sprachschule-aktiv-muenchen.de\/ro\/","og_site_name":"Sprachschule Aktiv","article_modified_time":"2022-12-23T09:54:28+00:00","twitter_card":"summary_large_image","twitter_misc":{"Timp estimat pentru citire":"5 minute"},"schema":{"@context":"https:\/\/schema.org","@graph":[{"@type":"WebPage","@id":"https:\/\/www.sprachschule-aktiv-muenchen.de\/ro\/","url":"https:\/\/www.sprachschule-aktiv-muenchen.de\/ro\/","name":"Curs de german\u0103 \u00een M\u00fcnchen: \u00cenv\u0103\u0163a\u0163i germana \u00een Germania","isPartOf":{"@id":"https:\/\/www.sprachschule-aktiv-muenchen.de\/#website"},"datePublished":"2016-08-11T12:35:27+00:00","dateModified":"2022-12-23T09:54:28+00:00","description":"\u00cenv\u0103\u0163a\u0163i germana \u00een M\u00fcnchen: Curs de german\u0103, cursuri pentru \u00eencep\u0103tori \u0219i avansa\u021bi A1, A2, B1, B2, C1, cursuri pentru \u00eencep\u0103tor.","breadcrumb":{"@id":"https:\/\/www.sprachschule-aktiv-muenchen.de\/ro\/#breadcrumb"},"inLanguage":"ro-RO","potentialAction":[{"@type":"ReadAction","target":["https:\/\/www.sprachschule-aktiv-muenchen.de\/ro\/"]}]},{"@type":"BreadcrumbList","@id":"https:\/\/www.sprachschule-aktiv-muenchen.de\/ro\/#breadcrumb","itemListElement":[{"@type":"ListItem","position":1,"name":"Portada","item":"https:\/\/www.sprachschule-aktiv-muenchen.de\/ro\/"},{"@type":"ListItem","position":2,"name":"Home 3 &#8211; Corporate"}]},{"@type":"WebSite","@id":"https:\/\/www.sprachschule-aktiv-muenchen.de\/#website","url":"https:\/\/www.sprachschule-aktiv-muenchen.de\/","name":"Sprachschule Aktiv","description":"","potentialAction":[{"@type":"SearchAction","target":{"@type":"EntryPoint","urlTemplate":"https:\/\/www.sprachschule-aktiv-muenchen.de\/?s={search_term_string}"},"query-input":{"@type":"PropertyValueSpecification","valueRequired":true,"valueName":"search_term_string"}}],"inLanguage":"ro-RO"}]}},"_links":{"self":[{"href":"https:\/\/www.sprachschule-aktiv-muenchen.de\/ro\/wp-json\/wp\/v2\/pages\/11837","targetHints":{"allow":["GET"]}}],"collection":[{"href":"https:\/\/www.sprachschule-aktiv-muenchen.de\/ro\/wp-json\/wp\/v2\/pages"}],"about":[{"href":"https:\/\/www.sprachschule-aktiv-muenchen.de\/ro\/wp-json\/wp\/v2\/types\/page"}],"author":[{"embeddable":true,"href":"https:\/\/www.sprachschule-aktiv-muenchen.de\/ro\/wp-json\/wp\/v2\/users\/2"}],"replies":[{"embeddable":true,"href":"https:\/\/www.sprachschule-aktiv-muenchen.de\/ro\/wp-json\/wp\/v2\/comments?post=11837"}],"version-history":[{"count":6,"href":"https:\/\/www.sprachschule-aktiv-muenchen.de\/ro\/wp-json\/wp\/v2\/pages\/11837\/revisions"}],"predecessor-version":[{"id":72590,"href":"https:\/\/www.sprachschule-aktiv-muenchen.de\/ro\/wp-json\/wp\/v2\/pages\/11837\/revisions\/72590"}],"wp:attachment":[{"href":"https:\/\/www.sprachschule-aktiv-muenchen.de\/ro\/wp-json\/wp\/v2\/media?parent=11837"}],"curies":[{"name":"wp","href":"https:\/\/api.w.org\/{rel}","templated":true}]}}