{"id":11829,"date":"2017-02-25T11:39:57","date_gmt":"2017-02-25T10:39:57","guid":{"rendered":"https:\/\/www.sprachschule-aktiv-muenchen.de\/?page_id=11829\/"},"modified":"2022-08-08T06:00:43","modified_gmt":"2022-08-08T04:00:43","slug":"inscrever-se","status":"publish","type":"page","link":"https:\/\/www.sprachschule-aktiv-muenchen.de\/pt-pt\/inscrever-se\/","title":{"rendered":"Registe-se"},"content":{"rendered":"<p>[vc_row css=&#8221;.vc_custom_1486284745672{margin-top: 25px !important;padding-bottom: 30px !important;}&#8221;][vc_column][vc_column_text]<\/p>\n<h1>como me inscrevo para um curso de alem\u00e3o em Munique?<\/h1>\n<ol>\n<li>Preencha o formul\u00e1rio em menos de dois minutos!<\/li>\n<li>Teste de nivelamento online gr\u00e1tis quando desejado<\/li>\n<li>Inscreva-se no curso de linguas.<\/li>\n<li>Receba o recibo<\/li>\n<li>Assim que recebermos a confirma\u00e7\u00e3o do pagamento reservamos seu lugar!<\/li>\n<\/ol>\n<p>[\/vc_column_text][vc_row_inner][vc_column_inner width=&#8221;2\/3&#8243;]\n<div class=\"wpcf7 no-js\" id=\"wpcf7-f46109-o1\" lang=\"de-DE\" dir=\"ltr\" data-wpcf7-id=\"46109\">\n<div class=\"screen-reader-response\"><p role=\"status\" aria-live=\"polite\" aria-atomic=\"true\"><\/p> <ul><\/ul><\/div>\n<form action=\"\/pt-pt\/wp-json\/wp\/v2\/pages\/11829#wpcf7-f46109-o1\" method=\"post\" class=\"wpcf7-form init wpcf7-acceptance-as-validation\" aria-label=\"Kontaktformular\" novalidate=\"novalidate\" data-status=\"init\">\n<fieldset class=\"hidden-fields-container\"><input type=\"hidden\" name=\"_wpcf7\" value=\"46109\" \/><input type=\"hidden\" name=\"_wpcf7_version\" value=\"6.1.5\" \/><input type=\"hidden\" name=\"_wpcf7_locale\" value=\"de_DE\" \/><input type=\"hidden\" name=\"_wpcf7_unit_tag\" value=\"wpcf7-f46109-o1\" \/><input type=\"hidden\" name=\"_wpcf7_container_post\" value=\"0\" \/><input type=\"hidden\" name=\"_wpcf7_posted_data_hash\" value=\"\" \/><input type=\"hidden\" name=\"_wpcf7cf_hidden_group_fields\" value=\"[]\" \/><input type=\"hidden\" name=\"_wpcf7cf_hidden_groups\" value=\"[]\" \/><input type=\"hidden\" name=\"_wpcf7cf_visible_groups\" value=\"[]\" \/><input type=\"hidden\" name=\"_wpcf7cf_repeaters\" value=\"[]\" \/><input type=\"hidden\" name=\"_wpcf7cf_steps\" value=\"{}\" \/><input type=\"hidden\" name=\"_wpcf7cf_options\" value=\"{&quot;form_id&quot;:46109,&quot;conditions&quot;:[{&quot;then_field&quot;:&quot;ueberweisung&quot;,&quot;and_rules&quot;:[{&quot;if_field&quot;:&quot;Zahlung&quot;,&quot;operator&quot;:&quot;equals&quot;,&quot;if_value&quot;:&quot;Transferir&quot;}]}],&quot;settings&quot;:{&quot;animation&quot;:&quot;yes&quot;,&quot;animation_intime&quot;:200,&quot;animation_outtime&quot;:200,&quot;conditions_ui&quot;:&quot;normal&quot;,&quot;notice_dismissed&quot;:false}}\" \/><input type=\"hidden\" name=\"_wpcf7_recaptcha_response\" value=\"\" \/>\n<\/fieldset>\n<p>Neg\u00f3cio: <span class=\"wpcf7-form-control-wrap\" data-name=\"Firma\"><input size=\"40\" maxlength=\"400\" class=\"wpcf7-form-control wpcf7-text\" aria-invalid=\"false\" value=\"\" type=\"text\" name=\"Firma\" \/><\/span>\n<\/p>\n<p>Nome*: <span class=\"wpcf7-form-control-wrap\" data-name=\"Vorname\"><input size=\"40\" maxlength=\"400\" class=\"wpcf7-form-control wpcf7-text wpcf7-validates-as-required\" aria-required=\"true\" aria-invalid=\"false\" value=\"\" type=\"text\" name=\"Vorname\" \/><\/span>\n<\/p>\n<p>Apelido*: <span class=\"wpcf7-form-control-wrap\" data-name=\"Nachname\"><input size=\"40\" maxlength=\"400\" class=\"wpcf7-form-control wpcf7-text wpcf7-validates-as-required\" aria-required=\"true\" aria-invalid=\"false\" value=\"\" type=\"text\" name=\"Nachname\" \/><\/span>\n<\/p>\n<p>Rua\/N\u00famero*: <span class=\"wpcf7-form-control-wrap\" data-name=\"Adresse\"><input size=\"40\" maxlength=\"400\" class=\"wpcf7-form-control wpcf7-text wpcf7-validates-as-required\" aria-required=\"true\" aria-invalid=\"false\" value=\"\" type=\"text\" name=\"Adresse\" \/><\/span>\n<\/p>\n<p>C\u00f3digo Postal\/Cidade: <span class=\"wpcf7-form-control-wrap\" data-name=\"PLZ\"><input size=\"40\" maxlength=\"400\" class=\"wpcf7-form-control wpcf7-text wpcf7-validates-as-required\" aria-required=\"true\" aria-invalid=\"false\" value=\"\" type=\"text\" name=\"PLZ\" \/><\/span>\n<\/p>\n<p>Telegon*: <span class=\"wpcf7-form-control-wrap\" data-name=\"Telefon\"><input size=\"40\" maxlength=\"400\" class=\"wpcf7-form-control wpcf7-text wpcf7-validates-as-required\" aria-required=\"true\" aria-invalid=\"false\" value=\"\" type=\"text\" name=\"Telefon\" \/><\/span>\n<\/p>\n<p>Email*: <span class=\"wpcf7-form-control-wrap\" data-name=\"Email\"><input size=\"40\" maxlength=\"400\" class=\"wpcf7-form-control wpcf7-email wpcf7-validates-as-required wpcf7-text wpcf7-validates-as-email medium\" aria-required=\"true\" aria-invalid=\"false\" value=\"\" type=\"email\" name=\"Email\" \/><\/span>\n<\/p>\n<p><B>Informa\u00e7\u00f5es do curso:<\/b>\n<\/p>\n<p>Idioma* : <span class=\"wpcf7-form-control-wrap\" data-name=\"Sprache\"><input size=\"40\" maxlength=\"400\" class=\"wpcf7-form-control wpcf7-text wpcf7-validates-as-required\" aria-required=\"true\" aria-invalid=\"false\" placeholder=\"Exemplo: alem\u00e3o, ingl\u00eas, espanhol\" value=\"\" type=\"text\" name=\"Sprache\" \/><\/span>\n<\/p>\n<p>Tipo de curso*: <span class=\"wpcf7-form-control-wrap\" data-name=\"Kursart\"><input size=\"40\" maxlength=\"400\" class=\"wpcf7-form-control wpcf7-text wpcf7-validates-as-required\" aria-required=\"true\" aria-invalid=\"false\" placeholder=\"Exemplo: curso intensivo, curso em grupo\" value=\"\" type=\"text\" name=\"Kursart\" \/><\/span>\n<\/p>\n<p>N\u00edvel: <span class=\"wpcf7-form-control-wrap\" data-name=\"Level\"><select class=\"wpcf7-form-control wpcf7-select wpcf7-validates-as-required\" aria-required=\"true\" aria-invalid=\"false\" name=\"Level\"><option value=\"A1(Iniciante)\">A1(Iniciante)<\/option><option value=\"A2 (pr\u00e9-intermedi\u00e1rio)\">A2 (pr\u00e9-intermedi\u00e1rio)<\/option><option value=\"B1 (Baixo Intermedi\u00e1rio)\">B1 (Baixo Intermedi\u00e1rio)<\/option><option value=\"B2 (Indermediate Superior)\">B2 (Indermediate Superior)<\/option><option value=\"C1 (avan\u00e7ado)\">C1 (avan\u00e7ado)<\/option><option value=\"C2 (Profici\u00eancia)\">C2 (Profici\u00eancia)<\/option><\/select><\/span>\n<\/p>\n<p>In\u00edcio do curso*: <span class=\"wpcf7-form-control-wrap\" data-name=\"Kursbeginn\"><input size=\"40\" maxlength=\"400\" class=\"wpcf7-form-control wpcf7-text wpcf7-validates-as-required walcf7-datepicker\" aria-required=\"true\" aria-invalid=\"false\" value=\"\" type=\"text\" name=\"Kursbeginn\" \/><\/span>\n<\/p>\n<p>Dura\u00e7\u00e3o do curso*: <span class=\"wpcf7-form-control-wrap\" data-name=\"dauer\"><input size=\"40\" maxlength=\"400\" class=\"wpcf7-form-control wpcf7-text wpcf7-validates-as-required\" aria-required=\"true\" aria-invalid=\"false\" placeholder=\"Exemplo: 4 semanas para curso intensivo\" value=\"\" type=\"text\" name=\"dauer\" \/><\/span>\n<\/p>\n<p>N\u00famero desejado de hora: <span class=\"wpcf7-form-control-wrap\" data-name=\"Kursbeginn2\"><input size=\"40\" maxlength=\"400\" class=\"wpcf7-form-control wpcf7-text\" aria-invalid=\"false\" value=\"\" type=\"text\" name=\"Kursbeginn2\" \/><\/span>\n<\/p>\n<p><B>Forma de pagamento: <\/b>\n<\/p>\n<p>Forma de pagamento: <span class=\"wpcf7-form-control-wrap\" data-name=\"Zahlung\"><select class=\"wpcf7-form-control wpcf7-select wpcf7-validates-as-required\" aria-required=\"true\" aria-invalid=\"false\" name=\"Zahlung\"><option value=\"Hor\u00e1rio comercial em nosso escrit\u00f3rio\">Hor\u00e1rio comercial em nosso escrit\u00f3rio<\/option><option value=\"Transferir\">Transferir<\/option><option value=\"Pagamento com cart\u00e3o de cr\u00e9dito est\u00e1 no escrit\u00f3rio no Hessstr. 90 em 80797 Munique poss\u00edvel\">Pagamento com cart\u00e3o de cr\u00e9dito est\u00e1 no escrit\u00f3rio no Hessstr. 90 em 80797 Munique poss\u00edvel<\/option><option value=\"Paypal: buchhaltung1@sprachschule-aktiv.de\">Paypal: buchhaltung1@sprachschule-aktiv.de<\/option><\/select><\/span>\n<\/p>\n<div data-id=\"ueberweisung\" data-orig_data_id=\"ueberweisung\"  class=\"\" data-class=\"wpcf7cf_group\">\n\t<p>Postbank:<br \/>\nN\u00famero de conta: 165 357 859<br \/>\nC\u00f3digo banc\u00e1rio: 760 100 85<br \/>\nIBAN: DE40 7601 0085 0165 3578 59<br \/>\nBIC: PBNKDEFF\n\t<\/p>\n<\/div>\n<p><B>Observa\u00e7\u00f5es<\/b>\n<\/p>\n<p><span class=\"wpcf7-form-control-wrap\" data-name=\"Bemerkungen\"><textarea cols=\"40\" rows=\"10\" maxlength=\"2000\" class=\"wpcf7-form-control wpcf7-textarea\" aria-invalid=\"false\" name=\"Bemerkungen\"><\/textarea><\/span>\n<\/p>\n<div style=\"\">\n\t<p><span class=\"wpcf7-form-control-wrap\" data-name=\"agb\"><span class=\"wpcf7-form-control wpcf7-acceptance\"><span class=\"wpcf7-list-item\"><input type=\"checkbox\" name=\"agb\" value=\"1\" aria-invalid=\"false\" \/><\/span><\/span><\/span> (*) Li e aceito os <a href=\"\/allgemeine-geschaeftsbedingungen-und-datenschutzerklaerung\/\" target=\"_blank\">termos legais<\/a> e a <a href=\"\/allgemeine-geschaeftsbedingungen-und-datenschutzerklaerung\/\" target=\"_blank\">pol\u00edtica de privacidade de dados<\/a>.\n\t<\/p>\n<\/div>\n<p><input class=\"wpcf7-form-control wpcf7-submit has-spinner\" type=\"submit\" value=\"Enviar formul\u00e1rio\" \/>\n<\/p><div class=\"wpcf7-response-output\" aria-hidden=\"true\"><\/div>\n<\/form>\n<\/div>\n[\/vc_column_inner][vc_column_inner width=&#8221;1\/3&#8243; css=&#8221;.vc_custom_1486286691342{margin-top: 15px !important;}&#8221;][vc_column_text]<\/p>\n<h2>Sprachschule Aktiv M\u00fcnchen<\/h2>\n<p>Tel.: 00-49-89-20062435<br \/>\nMobil: 0170-7779042<br \/>\nMobil: 0151-24059756<br \/>\nFax: 089-20062454<br \/>\nE-Mail: <a href=\"mailto:kontakt@sprachschule-aktiv.de \">kontakt@sprachschule-aktiv.de<\/a><br \/>\nInternet: <a href=\"https:\/\/www.sprachschule-aktiv-muenchen.de\/\">www.sprachschule-aktiv-muenchen.de<\/a>[\/vc_column_text][vc_separator css=&#8221;.vc_custom_1486286438007{padding-top: 20px !important;padding-bottom: 20px !important;}&#8221;][vc_column_text]<\/p>\n<h3>Nossas escolas<\/h3>\n<p>He\u00dfstr. 90, 80797 M\u00fcnchen[\/vc_column_text][vc_gmaps link=&#8221;#E-8_JTNDaWZyYW1lJTIwc3JjJTNEJTIyaHR0cHMlM0ElMkYlMkZ3d3cuZ29vZ2xlLmNvbSUyRm1hcHMlMkZlbWJlZCUzRnBiJTNEJTIxMW0xOCUyMTFtMTIlMjExbTMlMjExZDI2NjEuNzQ5Njg0NjY4ODMzJTIxMmQxMS41NTg0MDgxMTU4MTUyNSUyMTNkNDguMTUzNjMwODU4MDIxMzQ0JTIxMm0zJTIxMWYwJTIxMmYwJTIxM2YwJTIxM20yJTIxMWkxMDI0JTIxMmk3NjglMjE0ZjEzLjElMjEzbTMlMjExbTIlMjExczB4NDc5ZTc1ZTEyMTYxMGExZiUyNTNBMHhlNzI3ZThlMmQ4NTI2ZTQyJTIxMnNTcHJhY2hzY2h1bGUlMkJBa3RpdiUyQk0lMjVDMyUyNUJDbmNoZW4lMjE1ZTAlMjEzbTIlMjExc2RlJTIxMnNkZSUyMTR2MTQ4NjI4NjMxMjc0MiUyMiUyMHdpZHRoJTNEJTIyNjAwJTIyJTIwaGVpZ2h0JTNEJTIyMjAwJTIyJTIwZnJhbWVib3JkZXIlM0QlMjIwJTIyJTIwc3R5bGUlM0QlMjJib3JkZXIlM0EwJTIyJTIwYWxsb3dmdWxsc2NyZWVuJTNFJTNDJTJGaWZyYW1lJTNF&#8221;][\/vc_column_inner][\/vc_row_inner][\/vc_column][\/vc_row]<\/p>\n","protected":false},"excerpt":{"rendered":"<p>[vc_row css=&#8221;.vc_custom_1486284745672{margin-top: 25px !important;padding-bottom: 30px !important;}&#8221;][vc_column][vc_column_text] como me inscrevo para um curso de alem\u00e3o em Munique? Preencha o formul\u00e1rio em menos de dois minutos! Teste de nivelamento online gr\u00e1tis quando desejado Inscreva-se no curso de linguas. Receba o recibo Assim que recebermos a confirma\u00e7\u00e3o do pagamento reservamos seu lugar! [\/vc_column_text][vc_row_inner][vc_column_inner width=&#8221;2\/3&#8243;][\/vc_column_inner][vc_column_inner width=&#8221;1\/3&#8243; css=&#8221;.vc_custom_1486286691342{margin-top: 15px !important;}&#8221;][vc_column_text]&hellip; <a class=\"read-more\" href=\"https:\/\/www.sprachschule-aktiv-muenchen.de\/pt-pt\/inscrever-se\/\" title=\"Read Registe-se\">Read more &raquo;<\/a><\/p>\n","protected":false},"author":2,"featured_media":0,"parent":0,"menu_order":0,"comment_status":"closed","ping_status":"closed","template":"","meta":{"footnotes":""},"class_list":["post-11829","page","type-page","status-publish","hentry"],"yoast_head":"<!-- This site is optimized with the Yoast SEO plugin v27.1.1 - https:\/\/yoast.com\/product\/yoast-seo-wordpress\/ -->\n<title>Assine nossos cursos de alem\u00e3o em Munique<\/title>\n<meta name=\"description\" content=\"Assine nossos cursos de alem\u00e3o em Munique. Aprender l\u00ednguas rapidamente e facilmente. Sprachschule Aktiv M\u00fcnchen.\" \/>\n<meta name=\"robots\" content=\"index, follow, max-snippet:-1, max-image-preview:large, max-video-preview:-1\" \/>\n<link rel=\"canonical\" href=\"https:\/\/www.sprachschule-aktiv-muenchen.de\/pt-pt\/inscrever-se\/\" \/>\n<meta property=\"og:locale\" content=\"pt_PT\" \/>\n<meta property=\"og:type\" content=\"article\" \/>\n<meta property=\"og:title\" content=\"Assine nossos cursos de alem\u00e3o em Munique\" \/>\n<meta property=\"og:description\" content=\"Assine nossos cursos de alem\u00e3o em Munique. Aprender l\u00ednguas rapidamente e facilmente. Sprachschule Aktiv M\u00fcnchen.\" \/>\n<meta property=\"og:url\" content=\"https:\/\/www.sprachschule-aktiv-muenchen.de\/pt-pt\/inscrever-se\/\" \/>\n<meta property=\"og:site_name\" content=\"Sprachschule Aktiv\" \/>\n<meta property=\"article:modified_time\" content=\"2022-08-08T04:00:43+00:00\" \/>\n<meta name=\"twitter:card\" content=\"summary_large_image\" \/>\n<meta name=\"twitter:label1\" content=\"Tempo estimado de leitura\" \/>\n\t<meta name=\"twitter:data1\" content=\"1 minuto\" \/>\n<script type=\"application\/ld+json\" class=\"yoast-schema-graph\">{\"@context\":\"https:\/\/schema.org\",\"@graph\":[{\"@type\":\"WebPage\",\"@id\":\"https:\/\/www.sprachschule-aktiv-muenchen.de\/pt-pt\/inscrever-se\/\",\"url\":\"https:\/\/www.sprachschule-aktiv-muenchen.de\/pt-pt\/inscrever-se\/\",\"name\":\"Assine nossos cursos de alem\u00e3o em Munique\",\"isPartOf\":{\"@id\":\"https:\/\/www.sprachschule-aktiv-muenchen.de\/#website\"},\"datePublished\":\"2017-02-25T10:39:57+00:00\",\"dateModified\":\"2022-08-08T04:00:43+00:00\",\"description\":\"Assine nossos cursos de alem\u00e3o em Munique. Aprender l\u00ednguas rapidamente e facilmente. Sprachschule Aktiv M\u00fcnchen.\",\"breadcrumb\":{\"@id\":\"https:\/\/www.sprachschule-aktiv-muenchen.de\/pt-pt\/inscrever-se\/#breadcrumb\"},\"inLanguage\":\"pt-PT\",\"potentialAction\":[{\"@type\":\"ReadAction\",\"target\":[\"https:\/\/www.sprachschule-aktiv-muenchen.de\/pt-pt\/inscrever-se\/\"]}]},{\"@type\":\"BreadcrumbList\",\"@id\":\"https:\/\/www.sprachschule-aktiv-muenchen.de\/pt-pt\/inscrever-se\/#breadcrumb\",\"itemListElement\":[{\"@type\":\"ListItem\",\"position\":1,\"name\":\"Portada\",\"item\":\"https:\/\/www.sprachschule-aktiv-muenchen.de\/pt-pt\/\"},{\"@type\":\"ListItem\",\"position\":2,\"name\":\"Registe-se\"}]},{\"@type\":\"WebSite\",\"@id\":\"https:\/\/www.sprachschule-aktiv-muenchen.de\/#website\",\"url\":\"https:\/\/www.sprachschule-aktiv-muenchen.de\/\",\"name\":\"Sprachschule Aktiv\",\"description\":\"\",\"potentialAction\":[{\"@type\":\"SearchAction\",\"target\":{\"@type\":\"EntryPoint\",\"urlTemplate\":\"https:\/\/www.sprachschule-aktiv-muenchen.de\/?s={search_term_string}\"},\"query-input\":{\"@type\":\"PropertyValueSpecification\",\"valueRequired\":true,\"valueName\":\"search_term_string\"}}],\"inLanguage\":\"pt-PT\"}]}<\/script>\n<!-- \/ Yoast SEO plugin. -->","yoast_head_json":{"title":"Assine nossos cursos de alem\u00e3o em Munique","description":"Assine nossos cursos de alem\u00e3o em Munique. Aprender l\u00ednguas rapidamente e facilmente. Sprachschule Aktiv M\u00fcnchen.","robots":{"index":"index","follow":"follow","max-snippet":"max-snippet:-1","max-image-preview":"max-image-preview:large","max-video-preview":"max-video-preview:-1"},"canonical":"https:\/\/www.sprachschule-aktiv-muenchen.de\/pt-pt\/inscrever-se\/","og_locale":"pt_PT","og_type":"article","og_title":"Assine nossos cursos de alem\u00e3o em Munique","og_description":"Assine nossos cursos de alem\u00e3o em Munique. Aprender l\u00ednguas rapidamente e facilmente. Sprachschule Aktiv M\u00fcnchen.","og_url":"https:\/\/www.sprachschule-aktiv-muenchen.de\/pt-pt\/inscrever-se\/","og_site_name":"Sprachschule Aktiv","article_modified_time":"2022-08-08T04:00:43+00:00","twitter_card":"summary_large_image","twitter_misc":{"Tempo estimado de leitura":"1 minuto"},"schema":{"@context":"https:\/\/schema.org","@graph":[{"@type":"WebPage","@id":"https:\/\/www.sprachschule-aktiv-muenchen.de\/pt-pt\/inscrever-se\/","url":"https:\/\/www.sprachschule-aktiv-muenchen.de\/pt-pt\/inscrever-se\/","name":"Assine nossos cursos de alem\u00e3o em Munique","isPartOf":{"@id":"https:\/\/www.sprachschule-aktiv-muenchen.de\/#website"},"datePublished":"2017-02-25T10:39:57+00:00","dateModified":"2022-08-08T04:00:43+00:00","description":"Assine nossos cursos de alem\u00e3o em Munique. Aprender l\u00ednguas rapidamente e facilmente. Sprachschule Aktiv M\u00fcnchen.","breadcrumb":{"@id":"https:\/\/www.sprachschule-aktiv-muenchen.de\/pt-pt\/inscrever-se\/#breadcrumb"},"inLanguage":"pt-PT","potentialAction":[{"@type":"ReadAction","target":["https:\/\/www.sprachschule-aktiv-muenchen.de\/pt-pt\/inscrever-se\/"]}]},{"@type":"BreadcrumbList","@id":"https:\/\/www.sprachschule-aktiv-muenchen.de\/pt-pt\/inscrever-se\/#breadcrumb","itemListElement":[{"@type":"ListItem","position":1,"name":"Portada","item":"https:\/\/www.sprachschule-aktiv-muenchen.de\/pt-pt\/"},{"@type":"ListItem","position":2,"name":"Registe-se"}]},{"@type":"WebSite","@id":"https:\/\/www.sprachschule-aktiv-muenchen.de\/#website","url":"https:\/\/www.sprachschule-aktiv-muenchen.de\/","name":"Sprachschule Aktiv","description":"","potentialAction":[{"@type":"SearchAction","target":{"@type":"EntryPoint","urlTemplate":"https:\/\/www.sprachschule-aktiv-muenchen.de\/?s={search_term_string}"},"query-input":{"@type":"PropertyValueSpecification","valueRequired":true,"valueName":"search_term_string"}}],"inLanguage":"pt-PT"}]}},"_links":{"self":[{"href":"https:\/\/www.sprachschule-aktiv-muenchen.de\/pt-pt\/wp-json\/wp\/v2\/pages\/11829","targetHints":{"allow":["GET"]}}],"collection":[{"href":"https:\/\/www.sprachschule-aktiv-muenchen.de\/pt-pt\/wp-json\/wp\/v2\/pages"}],"about":[{"href":"https:\/\/www.sprachschule-aktiv-muenchen.de\/pt-pt\/wp-json\/wp\/v2\/types\/page"}],"author":[{"embeddable":true,"href":"https:\/\/www.sprachschule-aktiv-muenchen.de\/pt-pt\/wp-json\/wp\/v2\/users\/2"}],"replies":[{"embeddable":true,"href":"https:\/\/www.sprachschule-aktiv-muenchen.de\/pt-pt\/wp-json\/wp\/v2\/comments?post=11829"}],"version-history":[{"count":2,"href":"https:\/\/www.sprachschule-aktiv-muenchen.de\/pt-pt\/wp-json\/wp\/v2\/pages\/11829\/revisions"}],"predecessor-version":[{"id":71611,"href":"https:\/\/www.sprachschule-aktiv-muenchen.de\/pt-pt\/wp-json\/wp\/v2\/pages\/11829\/revisions\/71611"}],"wp:attachment":[{"href":"https:\/\/www.sprachschule-aktiv-muenchen.de\/pt-pt\/wp-json\/wp\/v2\/media?parent=11829"}],"curies":[{"name":"wp","href":"https:\/\/api.w.org\/{rel}","templated":true}]}}