{"id":11728,"date":"2016-08-11T12:35:27","date_gmt":"2016-08-11T12:35:27","guid":{"rendered":"https:\/\/www.sprachschule-aktiv-muenchen.de\/home-3-corporate\/"},"modified":"2022-12-29T16:44:27","modified_gmt":"2022-12-29T15:44:27","slug":"home-3-corporate","status":"publish","type":"page","link":"https:\/\/www.sprachschule-aktiv-muenchen.de\/pt-pt\/","title":{"rendered":"Home 3 &#8211; Corporate"},"content":{"rendered":"<p>[vc_row full_width=&#8221;stretch_row_content_no_spaces&#8221; equal_height=&#8221;yes&#8221; tc_enable_overlay=&#8221;true&#8221; css=&#8221;.vc_custom_1603180259579{background-position: center !important;background-repeat: no-repeat !important;background-size: cover !important;}&#8221;][vc_column][vc_single_image image=&#8221;59613&#8243; img_size=&#8221;full&#8221; onclick=&#8221;custom_link&#8221; link=&#8221;https:\/\/www.sprachschule-aktiv-muenchen.de\/pt-pt\/inscrever-se\/&#8221;][\/vc_column][\/vc_row][vc_row full_width=&#8221;stretch_row&#8221; equal_height=&#8221;yes&#8221; content_placement=&#8221;middle&#8221; tc_enable_overlay=&#8221;true&#8221; css=&#8221;.vc_custom_1487979657855{padding-top: 30px !important;padding-bottom: 30px !important;}&#8221; el_class=&#8221;action-box m-b-none theme-bg-color&#8221;][vc_column width=&#8221;2\/3&#8243;][vc_column_text]<\/p>\n<h3 class=\"text-white\">Querem aprender Alem\u00e3o em Munique?<\/h3>\n<p class=\"text-white\">N\u00e3o espere para aprender alem\u00e3o rapidamente em nossa escola de idiomas com professores nativos e qualificados.<\/p>\n<p>[\/vc_column_text][\/vc_column][vc_column width=&#8221;1\/3&#8243; css=&#8221;.vc_custom_1481804430561{padding-top: 15px !important;}&#8221; el_class=&#8221;text-right&#8221;]\t<div class=\"vc_btn3-container vc_btn3-inline\">\r\n\t\t<a href=\"\/pt-pt\/contato\/\" class=\"pgs_btn pgs_btn_style_3 pgs_btn_lg\">\r\n\t\t\t<span>\r\n\t\t\t\tContacte-nos\t\t\t<\/span>\r\n\t\t\t\t\t\t<i class=\"fa fa-hand-o-right\"><\/i>\r\n\t\t\t\t\t<\/a>\r\n\t<\/div>\r\n\t[\/vc_column][\/vc_row][vc_row full_width=&#8221;stretch_row&#8221; equal_height=&#8221;yes&#8221; tc_enable_overlay=&#8221;true&#8221; css=&#8221;.vc_custom_1488017710153{padding-top: 30px !important;padding-bottom: 30px !important;}&#8221;][vc_column][vc_column_text]<\/p>\n<h1>Curso de Alem\u00e3o em Munique &#8211; Aprender alem\u00e3o na Alemanha<\/h1>\n<p>Estude Alem\u00e3o em Munique. Em nossa escola de alem\u00e3o em Munique oferecemos cursos de alem\u00e3o em diferentes n\u00edveis de aprendizagem.<\/p>\n<h2>Curso de Alem\u00e3o em nossa Escola de Idiomas em Munique<\/h2>\n<p>Curso de Alem\u00e3o para Grupo, Individual, Em Dupla e para Empresas. Em toda a Alemanha<br \/>\nPor Exemplo: 1 mes (4 Semanas) 4 Horas di\u00e1rias por apenas 499 Euros[\/vc_column_text][\/vc_column][\/vc_row][vc_row full_width=&#8221;stretch_row_content_no_spaces&#8221; tc_enable_overlay=&#8221;true&#8221; css=&#8221;.vc_custom_1488018289208{padding-top: 30px !important;padding-bottom: 30px !important;background-image: url(https:\/\/www.sprachschule-aktiv-muenchen.de\/wp-content\/uploads\/2016\/08\/curso-de-alemao-em-munique.jpg?id=11813) !important;background-position: center !important;background-repeat: no-repeat !important;background-size: cover !important;}&#8221; el_class=&#8221;xs-pd-lr&#8221;][vc_column width=&#8221;3\/4&#8243; offset=&#8221;vc_col-lg-offset-1 vc_col-lg-6 vc_col-md-offset-1 vc_col-md-10 vc_col-sm-offset-1 vc_col-xs-12&#8243;][vc_column_text]<\/p>\n<h2>Assista uma aula gr\u00e1tis, sem compromisso!<\/h2>\n<p>Curso de Alem\u00e3o em Munique e em Frankfurt &#8211; fale conosco!<br \/>\nEstude Alem\u00e3o em Munique ou em Frankfurt. Aperfei\u00e7oe sua vida profissional e pessoal. Em nossa Escola de Idiomas oferecemos diversos Cursos de alem\u00e3o em diferentes n\u00edveis de aprendizagem. Voc\u00ea pode se matricular de acordo com seu n\u00edvel de conhecimento, convidamos-o a fazer uma aula gr\u00e1tis, sem compromisso.<\/p>\n<p>Atrav\u00e9s de uma visita, voc\u00ea ter\u00e1 a possibilidade de nos conhecer pessoalmente bem como nossas instala\u00e7\u00f5es e depend\u00eancias. Desta forma podemos avaliar exatamente seu n\u00edvel de conhecimento do Idioma e, em seguida voc\u00ea recebe uma indica\u00e7\u00e3o individual do seu n\u00edvel em diferentes modalidades. Voc\u00ea poder\u00e1 estudar: Individual, Intensivo, Em Dupla, Conversa\u00e7\u00e3o, Cursos de finais de semana, Para Empresas e nosso Curso de Alem\u00e3o para Neg\u00f3cios.<\/p>\n<p>O Curso de Alem\u00e3o profissionalizante em Munique ou Frankfurt \u00e9 indicado para aqueles que, desejam aumentar a chance de uma vaga de trabalho no mercado internacional. No final do Curso todos os alunos recebem o Certificado de Qualifica\u00e7\u00e3o do Curso de Alem\u00e3o. Se voc\u00ea quiser estudar alem\u00e3o em Munique ou Frankfurt, oferecemos ao longo Curso, Certficado reconhecido junto a Uni\u00e3o Europ\u00e9ia. Com esse Certificado Internacionalmente reconhecido voc\u00ea tem seu caminho aberto para diversas oportunidades em outros Pa\u00edses.<\/p>\n<p>Estude alem\u00e3o conosco em um ambiente profissional. Nosso Time \u00e9 exclusivamente composto por estudantes acad\u00eamicos formados com larga experiencia em aulas ministradas no idioma alem\u00e3o. \u00c9 a certeza de \u00f3timas condi\u00e7\u00f5es de estudar a fundo o idioma alem\u00e3o com professores nativos e qualificados. Atrav\u00e9s de nossa linguagem competente, ir al\u00e9m de barreiras \u00e9 nosso objetivo, informe-se sobre nossos desafios culturais. Voc\u00ea estar\u00e1 seguro que aprendeu a cultura alem\u00e3. De forma a ajud\u00e1-lo em sua vida profissional. Noce poder\u00e1 se tornar um profissional internacional, um s\u00f3cio e cliente em contextos multiculturais aprimorados na Globaliza\u00e7\u00e3o.<\/p>\n<p>Um dia de lazer depois das aulas de alem\u00e3o, em Munique ou em Frankfurt. Nossa Escola de Idiomas oferece a voc\u00ea a possibilidade de se integrar a Cultura Alem\u00e3. Voc\u00ea desfruta seu seu tempo livre no Curso de Alem\u00e3o em Munique ou Frankfurt , participando de festas entre outros programas culturais, oferecidos pela nossa Escola.<\/p>\n<p>Aprenda alem\u00e3o com divers\u00e3o![\/vc_column_text]\t<div class=\"vc_btn3-container vc_btn3-inline\">\r\n\t\t<a href=\"\/pt-pt\/inscrever-se\/\" class=\"pgs_btn pgs_btn_style_1 pgs_btn_md  vc_custom_1488106486079\">\r\n\t\t\t<span>\r\n\t\t\t\tInteressado? Registe-se agora!\t\t\t<\/span>\r\n\t\t\t\t\t\t<i class=\"fa fa-pencil-square-o\"><\/i>\r\n\t\t\t\t\t<\/a>\r\n\t<\/div>\r\n\t[\/vc_column][vc_column width=&#8221;1\/4&#8243; offset=&#8221;vc_col-lg-5 vc_col-md-2 vc_hidden-sm vc_col-xs-12 vc_hidden-xs&#8221;][\/vc_column][\/vc_row][vc_row css=&#8221;.vc_custom_1487971941655{padding-top: 25px !important;}&#8221;][vc_column width=&#8221;1\/2&#8243;][vc_column_text]<\/p>\n<h2>A maneira pr\u00e1tica e individual de estudar alem\u00e3o em Munique!<\/h2>\n<p>Fazendo a matr\u00edcula no Curso de Alem\u00e3o Individual, organizaremos seu calend\u00e1rio. Planejaremos suas aulas de Alem\u00e3o em Munique ou em Frankfurt adaptando seu calend\u00e1rio ao nosso, oferecendo maior conforto e comodidade a voc\u00ea. Nossas aulas individuais \u00e9 uma agrad\u00e1vel combina\u00e7\u00e3o de, teoria, pr\u00e1tica e conversa\u00e7\u00e3o. As aulas podem ser ministradas na pr\u00f3pria Escola, em um local combinado ou em sua casa para maior comodidade.[\/vc_column_text][\/vc_column][vc_column width=&#8221;1\/2&#8243;][vc_video link=&#8221;https:\/\/youtu.be\/O8OSUHbmfWQ&#8221;][\/vc_column][\/vc_row][vc_row css=&#8221;.vc_custom_1484754678947{padding-bottom: 10px !important;}&#8221;][vc_column][vc_row_inner][vc_column_inner width=&#8221;1\/2&#8243;][vc_video link=&#8221;https:\/\/youtu.be\/3COnuIj0gzY&#8221; css=&#8221;.vc_custom_1671789130044{padding-top: 10px !important;}&#8221;][\/vc_column_inner][vc_column_inner width=&#8221;1\/2&#8243;][vc_column_text]N\u00e3o perca mais tempo entre em contacto conosco hoje sem compromisso tire todas as suas d\u00favidas com direto com nossos Professores Alem\u00e3es em Munique ou em Frankfurt.<br \/>\nGarantia do seu dinheiro de volta:<\/p>\n<p>Se voc\u00ea n\u00e3o ficar 100% satisfeito ap\u00f3s o primeiro dia de aula, e n\u00e3o queria continuar a fazer o curso, fazemos o estorno do cadastro de matr\u00edcula sem custos ou atrav\u00e9s de um motivo declarado pelo aluno. Devolvemos o valor de taxa de matr\u00edcula sem demora.[\/vc_column_text][\/vc_column_inner][\/vc_row_inner][\/vc_column][\/vc_row][vc_row full_width=&#8221;stretch_row&#8221; tc_enable_overlay=&#8221;true&#8221; css=&#8221;.vc_custom_1487972460773{padding-top: 30px !important;padding-bottom: 30px !important;background-color: #f9f9f9 !important;}&#8221;][vc_column][vc_row_inner][vc_column_inner width=&#8221;1\/2&#8243;][vc_column_text]<\/p>\n<h2>Por que estudar Alem\u00e3o em Munique?<\/h2>\n<p>Existem v\u00e1rios motivos, para aprender alem\u00e3o em Munique ou em Frankfurt. Munique \u00e9 considerada a mais charmosa cidade da Alemanha. Capital da Bav\u00e1ria rodeada por locais encantadores maravilhosos lagoas, pequenos lagos e in\u00fameras possibilidades de fazer caminhadas ou simplesmente descansar. Bav\u00e1ria apresenta paisagens deslumbrantes ao p\u00e9s dos Alpes e o Schloss Neuschwanstein castelo ou pal\u00e1cio Neuschwanstein, novo cisne de pedra.[\/vc_column_text][\/vc_column_inner][vc_column_inner width=&#8221;1\/2&#8243;][vc_single_image image=&#8221;37335&#8243; img_size=&#8221;full&#8221;][\/vc_column_inner][\/vc_row_inner][vc_column_text]<br \/>\nO ponto central de Munique \u00e9 a Marienplatz. A pra\u00e7a j\u00e1 foi palco de momentos importantes da hist\u00f3ria b\u00e1vara, de execu\u00e7\u00f5es e de torneios entre cavaleiros. Ali est\u00e1 a sede da prefeitura da Cidade Nova. Marienplatz \u00e9 conhecida pelo seu famoso rel\u00f3gio formado por um conjunto de sinos de tamanhos variados.<\/p>\n<p>Ainda no Centro voc\u00ea tem a oportunidade de conhecer o Viktualienmarkt, um mercado aberto onde encontramos variedades e frutas, legumes de diferentes Pa\u00edses, e Frauenkirche, a mais famosa igreja da cidade. \u00c9 poss\u00edvel conhecer grande parte da cidade, desde museus at\u00e9 Olympiazentrum Est\u00e1dio Ol\u00edmpico, e Schloss Nymphenburg, O Pal\u00e1cio Nymphenburg . A uma pequena dist\u00e2ncia do centro est\u00e3o diversos museus. O Stadtmuseum \u00e9 o principal e abriga pe\u00e7as relacionadas \u00e0 hist\u00f3ria da cidade, Deustches Museum um museu tecnol\u00f3gico, durante a sua perman\u00eancia em Munique voc\u00ea tem garantia de um rico programa cultural.<\/p>\n<p>Para quem gosta de aproveitar a noite Munique n\u00e3o deixa nenhum desejo em aberto: Oktoberfest- Festa da Cerveja, Tollwood &#8211; Festival, oferece uma ampla gama de entretenimento musical entre rock, jazz e blues. Nossa Escola de de Idiomas Aktiv &#8211; organiza programas variados, encontros e festas com pessoas agrad\u00e1veis, alunos, amigos e pessoas interessadas e divers\u00e3o em um ambiente multicultural.[\/vc_column_text][\/vc_column][\/vc_row][vc_row full_width=&#8221;stretch_row&#8221; tc_enable_overlay=&#8221;true&#8221; css=&#8221;.vc_custom_1488014711992{padding-top: 30px !important;padding-bottom: 30px !important;}&#8221;][vc_column][vc_column_text]<\/p>\n<h2>Bons Motivos para estudar alem\u00e3o em Munique<\/h2>\n<p>O idioma alem\u00e3o est\u00e1 sendo falado por mais de 120 milh\u00f5es de pessoas na Alemanha, \u00c1ustria, Su\u00ed\u00e7a, Liechtenstein, Luxemburg, e uma parte em B\u00e9lgica, Norte e Leste da Franca, Tirol, e a cada dia esse n\u00famero aumenta. O idioma alem\u00e3o \u00e9 chave para ingressar na Uni\u00e3o Europ\u00e9ia. Estudar alem\u00e3o melhora suas chances no mercado de trabalho.<\/p>\n<p>\u00c9 o Idioma com maior n\u00famero de falantes na Uni\u00e3o Europ\u00e9ia. \u00c9 o preferido nos Pa\u00edses Leste por possuir uma influencia muito grande.<\/p>\n<p>Sprachschule Aktiv<br \/>\nHe\u00dfstr. 90<br \/>\n80797 M\u00fcnchen<br \/>\nTel.: 089\/20 06 24 35<br \/>\nTel.: 089\/20 06 24 36<br \/>\nE-Mail: info@sprachschule-aktiv.de[\/vc_column_text][\/vc_column][\/vc_row][vc_row full_width=&#8221;stretch_row&#8221; tc_enable_overlay=&#8221;true&#8221; el_class=&#8221;contact-6 theme-bg-color&#8221; css=&#8221;.vc_custom_1484755280803{padding-top: 50px !important;padding-bottom: 20px !important;}&#8221;][vc_column width=&#8221;1\/3&#8243;][vc_raw_html]JTNDZGl2JTIwY2xhc3MlM0QlMjJmZWF0dXJlLTglMjBjbGVhcmZpeCUyMiUzRSUwQSUyMCUyMCUyMCUyMCUyMCUyMCUyMCUyMCUyMCUzQ2RpdiUyMGNsYXNzJTNEJTIyZmVhdHVyZS04LXRpdGxlJTIyJTNFJTBBJTIwJTIwJTIwJTIwJTIwJTIwJTIwJTIwJTIwJTIwJTNDc3BhbiUyMGNsYXNzJTNEJTIyZmElMjBmYS1wZW5jaWwlMjIlMjBhcmlhLWhpZGRlbiUzRCUyMnRydWUlMjIlM0UlM0MlMkZzcGFuJTNFJTBBJTIwJTIwJTIwJTIwJTIwJTIwJTIwJTIwJTIwJTNDJTJGZGl2JTNFJTBBJTIwJTIwJTIwJTIwJTIwJTIwJTIwJTIwJTNDZGl2JTIwY2xhc3MlM0QlMjJmZWF0dXJlLTgtaW5mbyUyMiUzRSUwQSUyMCUyMCUyMCUyMCUyMCUyMCUyMCUyMCUyMCUzQ2g0JTIwY2xhc3MlM0QlMjJ0ZXh0LXdoaXRlJTIyJTNFTm9zc2FzJTIwZXNjb2xhcyUzQyUyRmg0JTNFJTIwJTBBJTIwJTIwJTIwJTIwJTIwJTIwJTIwJTIwJTIwJTNDcCUyMGNsYXNzJTNEJTIydGV4dC13aGl0ZSUyMiUzRUhlJUMzJTlGc3RyYSVDMyU5RmUlMjA5MC4lMjA4MDc5NyUyME0lQzMlQkNuY2hlbiUzQ2JyJTJGJTNFVGVnZXJuc2VlciUyMExhbmRzdHIuJTIwMTM1LiUyMDgxNTM5JTIwTSVDMyVCQ25jaGVuJTNDJTJGcCUzRSUwQSUyMCUyMCUyMCUyMCUyMCUyMCUyMCUzQyUyRmRpdiUzRSUwQSUyMCUyMCUyMCUyMCUyMCUyMCUzQyUyRmRpdiUzRQ==[\/vc_raw_html][\/vc_column][vc_column width=&#8221;1\/3&#8243;][vc_raw_html]JTNDZGl2JTIwY2xhc3MlM0QlMjJmZWF0dXJlLTglMjBjbGVhcmZpeCUyMiUzRSUwQSUyMCUyMCUyMCUyMCUyMCUyMCUyMCUyMCUyMCUyMCUyMCUzQ2RpdiUyMGNsYXNzJTNEJTIyZmVhdHVyZS04LXRpdGxlJTIyJTNFJTBBJTIwJTIwJTIwJTIwJTIwJTIwJTIwJTIwJTIwJTIwJTIwJTIwJTNDc3BhbiUyMGNsYXNzJTNEJTIyaWNvbi1zY3JlZW4tc21hcnRwaG9uZSUyMiUyMGFyaWEtaGlkZGVuJTNEJTIydHJ1ZSUyMiUzRSUzQyUyRnNwYW4lM0UlMEElMjAlMjAlMjAlMjAlMjAlMjAlMjAlMjAlMjAlMjAlMjAlM0MlMkZkaXYlM0UlMEElMjAlMjAlMjAlMjAlMjAlMjAlMjAlMjAlMjAlMjAlM0NkaXYlMjBjbGFzcyUzRCUyMmZlYXR1cmUtOC1pbmZvJTIyJTNFJTBBJTIwJTIwJTIwJTIwJTIwJTIwJTIwJTIwJTIwJTIwJTIwJTNDaDQlMjBjbGFzcyUzRCUyMnRleHQtd2hpdGUlMjIlM0VMaWd1ZS1ub3MlMjElM0MlMkZoNCUzRSUwQSUyMCUyMCUyMCUyMCUyMCUyMCUyMCUyMCUyMCUyMCUyMCUzQ3AlMjBjbGFzcyUzRCUyMnRleHQtd2hpdGUlMjIlM0UlMjAlMjAwODklMkYyMCUyMDA2JTIwMjQlMjAzNSUyMCUzQ2JyJTJGJTNFJTIwMDg5JTJGMjAlMjAwNiUyMDI0JTIwMzYlM0NiciUyRiUzRSUwQSUyMCUyMCUyMCUyMCUyMCUyMCUyMCUyMCUyMCUyMCUyMCUyMCUyMCUyMCUzQ2IlM0UwOSUzQTAwJTIwVWhyJUUyJTgwJTkzJTIwMTglM0EwMCUyMFVociUyMCUzQyUyRmIlM0UlM0MlMkZwJTNFJTBBJTIwJTIwJTIwJTIwJTIwJTIwJTIwJTIwJTIwJTNDJTJGZGl2JTNFJTBBJTIwJTIwJTIwJTIwJTIwJTIwJTIwJTNDJTJGZGl2JTNF[\/vc_raw_html][\/vc_column][vc_column width=&#8221;1\/3&#8243;][vc_raw_html]JTNDZGl2JTIwY2xhc3MlM0QlMjJmZWF0dXJlLTglMjBjbGVhcmZpeCUyMiUzRSUwQSUyMCUyMCUyMCUyMCUyMCUyMCUyMCUyMCUyMCUzQ2RpdiUyMGNsYXNzJTNEJTIyZmVhdHVyZS04LXRpdGxlJTIyJTNFJTBBJTIwJTIwJTIwJTIwJTIwJTIwJTIwJTIwJTIwJTIwJTNDc3BhbiUyMGNsYXNzJTNEJTIyaWNvbi1lbnZlbG9wZSUyMiUyMGFyaWEtaGlkZGVuJTNEJTIydHJ1ZSUyMiUzRSUzQyUyRnNwYW4lM0UlMEElMjAlMjAlMjAlMjAlMjAlMjAlMjAlMjAlMjAlM0MlMkZkaXYlM0UlMEElMjAlMjAlMjAlMjAlMjAlMjAlMjAlMjAlM0NkaXYlMjBjbGFzcyUzRCUyMmZlYXR1cmUtOC1pbmZvJTIyJTNFJTBBJTIwJTIwJTIwJTIwJTIwJTIwJTIwJTIwJTIwJTNDaDQlMjBjbGFzcyUzRCUyMnRleHQtd2hpdGUlMjIlM0VFc2NyZXZhLW5vcyUyMSUzQyUyRmg0JTNFJTBBJTIwJTIwJTIwJTIwJTIwJTIwJTIwJTIwJTIwJTNDcCUyMGNsYXNzJTNEJTIydGV4dC13aGl0ZSUyMiUzRWtvbnRha3QlNDBzcHJhY2hzY2h1bGUtYWt0aXYuZGUlMEElMjAlMjAlMjAlMjAlMjAlM0MlMkZwJTNFJTBBJTIwJTIwJTIwJTIwJTIwJTIwJTIwJTNDJTJGZGl2JTNFJTBBJTIwJTIwJTIwJTIwJTIwJTIwJTNDJTJGZGl2JTNF[\/vc_raw_html][\/vc_column][\/vc_row]<\/p>\n","protected":false},"excerpt":{"rendered":"<p>[vc_row full_width=&#8221;stretch_row_content_no_spaces&#8221; equal_height=&#8221;yes&#8221; tc_enable_overlay=&#8221;true&#8221; css=&#8221;.vc_custom_1603180259579{background-position: center !important;background-repeat: no-repeat !important;background-size: cover !important;}&#8221;][vc_column][vc_single_image image=&#8221;59613&#8243; img_size=&#8221;full&#8221; onclick=&#8221;custom_link&#8221; link=&#8221;https:\/\/www.sprachschule-aktiv-muenchen.de\/pt-pt\/inscrever-se\/&#8221;][\/vc_column][\/vc_row][vc_row full_width=&#8221;stretch_row&#8221; equal_height=&#8221;yes&#8221; content_placement=&#8221;middle&#8221; tc_enable_overlay=&#8221;true&#8221; css=&#8221;.vc_custom_1487979657855{padding-top: 30px !important;padding-bottom: 30px !important;}&#8221; el_class=&#8221;action-box m-b-none theme-bg-color&#8221;][vc_column width=&#8221;2\/3&#8243;][vc_column_text] Querem aprender Alem\u00e3o em Munique? N\u00e3o espere para aprender alem\u00e3o rapidamente em nossa escola de idiomas com professores nativos e qualificados. [\/vc_column_text][\/vc_column][vc_column width=&#8221;1\/3&#8243; css=&#8221;.vc_custom_1481804430561{padding-top: 15px !important;}&#8221; el_class=&#8221;text-right&#8221;][\/vc_column][\/vc_row][vc_row&hellip; <a class=\"read-more\" href=\"https:\/\/www.sprachschule-aktiv-muenchen.de\/pt-pt\/\" title=\"Read Home 3 &#8211; Corporate\">Read more &raquo;<\/a><\/p>\n","protected":false},"author":2,"featured_media":0,"parent":0,"menu_order":5,"comment_status":"closed","ping_status":"closed","template":"","meta":{"footnotes":""},"class_list":["post-11728","page","type-page","status-publish","hentry"],"yoast_head":"<!-- This site is optimized with the Yoast SEO plugin v27.1.1 - https:\/\/yoast.com\/product\/yoast-seo-wordpress\/ -->\n<title>Curso de Alem\u00e3o em Munique - Alemanha<\/title>\n<meta name=\"description\" content=\"Estude Alem\u00e3o em Munique. EEm nossa escola de alem\u00e3o em Munique oferecemos cursos de alem\u00e3o em diferentes n\u00edveis de aprendizagem.\" \/>\n<meta name=\"robots\" content=\"index, follow, max-snippet:-1, max-image-preview:large, max-video-preview:-1\" \/>\n<link rel=\"canonical\" href=\"https:\/\/www.sprachschule-aktiv-muenchen.de\/pt-pt\/\" \/>\n<meta property=\"og:locale\" content=\"pt_PT\" \/>\n<meta property=\"og:type\" content=\"article\" \/>\n<meta property=\"og:title\" content=\"Curso de Alem\u00e3o em Munique - Alemanha\" \/>\n<meta property=\"og:description\" content=\"Estude Alem\u00e3o em Munique. EEm nossa escola de alem\u00e3o em Munique oferecemos cursos de alem\u00e3o em diferentes n\u00edveis de aprendizagem.\" \/>\n<meta property=\"og:url\" content=\"https:\/\/www.sprachschule-aktiv-muenchen.de\/pt-pt\/\" \/>\n<meta property=\"og:site_name\" content=\"Sprachschule Aktiv\" \/>\n<meta property=\"article:modified_time\" content=\"2022-12-29T15:44:27+00:00\" \/>\n<meta name=\"twitter:card\" content=\"summary_large_image\" \/>\n<meta name=\"twitter:label1\" content=\"Tempo estimado de leitura\" \/>\n\t<meta name=\"twitter:data1\" content=\"7 minutos\" \/>\n<script type=\"application\/ld+json\" class=\"yoast-schema-graph\">{\"@context\":\"https:\/\/schema.org\",\"@graph\":[{\"@type\":\"WebPage\",\"@id\":\"https:\/\/www.sprachschule-aktiv-muenchen.de\/pt-pt\/\",\"url\":\"https:\/\/www.sprachschule-aktiv-muenchen.de\/pt-pt\/\",\"name\":\"Curso de Alem\u00e3o em Munique - Alemanha\",\"isPartOf\":{\"@id\":\"https:\/\/www.sprachschule-aktiv-muenchen.de\/#website\"},\"datePublished\":\"2016-08-11T12:35:27+00:00\",\"dateModified\":\"2022-12-29T15:44:27+00:00\",\"description\":\"Estude Alem\u00e3o em Munique. EEm nossa escola de alem\u00e3o em Munique oferecemos cursos de alem\u00e3o em diferentes n\u00edveis de aprendizagem.\",\"breadcrumb\":{\"@id\":\"https:\/\/www.sprachschule-aktiv-muenchen.de\/pt-pt\/#breadcrumb\"},\"inLanguage\":\"pt-PT\",\"potentialAction\":[{\"@type\":\"ReadAction\",\"target\":[\"https:\/\/www.sprachschule-aktiv-muenchen.de\/pt-pt\/\"]}]},{\"@type\":\"BreadcrumbList\",\"@id\":\"https:\/\/www.sprachschule-aktiv-muenchen.de\/pt-pt\/#breadcrumb\",\"itemListElement\":[{\"@type\":\"ListItem\",\"position\":1,\"name\":\"Portada\",\"item\":\"https:\/\/www.sprachschule-aktiv-muenchen.de\/pt-pt\/\"},{\"@type\":\"ListItem\",\"position\":2,\"name\":\"Home 3 &#8211; Corporate\"}]},{\"@type\":\"WebSite\",\"@id\":\"https:\/\/www.sprachschule-aktiv-muenchen.de\/#website\",\"url\":\"https:\/\/www.sprachschule-aktiv-muenchen.de\/\",\"name\":\"Sprachschule Aktiv\",\"description\":\"\",\"potentialAction\":[{\"@type\":\"SearchAction\",\"target\":{\"@type\":\"EntryPoint\",\"urlTemplate\":\"https:\/\/www.sprachschule-aktiv-muenchen.de\/?s={search_term_string}\"},\"query-input\":{\"@type\":\"PropertyValueSpecification\",\"valueRequired\":true,\"valueName\":\"search_term_string\"}}],\"inLanguage\":\"pt-PT\"}]}<\/script>\n<!-- \/ Yoast SEO plugin. -->","yoast_head_json":{"title":"Curso de Alem\u00e3o em Munique - Alemanha","description":"Estude Alem\u00e3o em Munique. EEm nossa escola de alem\u00e3o em Munique oferecemos cursos de alem\u00e3o em diferentes n\u00edveis de aprendizagem.","robots":{"index":"index","follow":"follow","max-snippet":"max-snippet:-1","max-image-preview":"max-image-preview:large","max-video-preview":"max-video-preview:-1"},"canonical":"https:\/\/www.sprachschule-aktiv-muenchen.de\/pt-pt\/","og_locale":"pt_PT","og_type":"article","og_title":"Curso de Alem\u00e3o em Munique - Alemanha","og_description":"Estude Alem\u00e3o em Munique. EEm nossa escola de alem\u00e3o em Munique oferecemos cursos de alem\u00e3o em diferentes n\u00edveis de aprendizagem.","og_url":"https:\/\/www.sprachschule-aktiv-muenchen.de\/pt-pt\/","og_site_name":"Sprachschule Aktiv","article_modified_time":"2022-12-29T15:44:27+00:00","twitter_card":"summary_large_image","twitter_misc":{"Tempo estimado de leitura":"7 minutos"},"schema":{"@context":"https:\/\/schema.org","@graph":[{"@type":"WebPage","@id":"https:\/\/www.sprachschule-aktiv-muenchen.de\/pt-pt\/","url":"https:\/\/www.sprachschule-aktiv-muenchen.de\/pt-pt\/","name":"Curso de Alem\u00e3o em Munique - Alemanha","isPartOf":{"@id":"https:\/\/www.sprachschule-aktiv-muenchen.de\/#website"},"datePublished":"2016-08-11T12:35:27+00:00","dateModified":"2022-12-29T15:44:27+00:00","description":"Estude Alem\u00e3o em Munique. EEm nossa escola de alem\u00e3o em Munique oferecemos cursos de alem\u00e3o em diferentes n\u00edveis de aprendizagem.","breadcrumb":{"@id":"https:\/\/www.sprachschule-aktiv-muenchen.de\/pt-pt\/#breadcrumb"},"inLanguage":"pt-PT","potentialAction":[{"@type":"ReadAction","target":["https:\/\/www.sprachschule-aktiv-muenchen.de\/pt-pt\/"]}]},{"@type":"BreadcrumbList","@id":"https:\/\/www.sprachschule-aktiv-muenchen.de\/pt-pt\/#breadcrumb","itemListElement":[{"@type":"ListItem","position":1,"name":"Portada","item":"https:\/\/www.sprachschule-aktiv-muenchen.de\/pt-pt\/"},{"@type":"ListItem","position":2,"name":"Home 3 &#8211; Corporate"}]},{"@type":"WebSite","@id":"https:\/\/www.sprachschule-aktiv-muenchen.de\/#website","url":"https:\/\/www.sprachschule-aktiv-muenchen.de\/","name":"Sprachschule Aktiv","description":"","potentialAction":[{"@type":"SearchAction","target":{"@type":"EntryPoint","urlTemplate":"https:\/\/www.sprachschule-aktiv-muenchen.de\/?s={search_term_string}"},"query-input":{"@type":"PropertyValueSpecification","valueRequired":true,"valueName":"search_term_string"}}],"inLanguage":"pt-PT"}]}},"_links":{"self":[{"href":"https:\/\/www.sprachschule-aktiv-muenchen.de\/pt-pt\/wp-json\/wp\/v2\/pages\/11728","targetHints":{"allow":["GET"]}}],"collection":[{"href":"https:\/\/www.sprachschule-aktiv-muenchen.de\/pt-pt\/wp-json\/wp\/v2\/pages"}],"about":[{"href":"https:\/\/www.sprachschule-aktiv-muenchen.de\/pt-pt\/wp-json\/wp\/v2\/types\/page"}],"author":[{"embeddable":true,"href":"https:\/\/www.sprachschule-aktiv-muenchen.de\/pt-pt\/wp-json\/wp\/v2\/users\/2"}],"replies":[{"embeddable":true,"href":"https:\/\/www.sprachschule-aktiv-muenchen.de\/pt-pt\/wp-json\/wp\/v2\/comments?post=11728"}],"version-history":[{"count":5,"href":"https:\/\/www.sprachschule-aktiv-muenchen.de\/pt-pt\/wp-json\/wp\/v2\/pages\/11728\/revisions"}],"predecessor-version":[{"id":72980,"href":"https:\/\/www.sprachschule-aktiv-muenchen.de\/pt-pt\/wp-json\/wp\/v2\/pages\/11728\/revisions\/72980"}],"wp:attachment":[{"href":"https:\/\/www.sprachschule-aktiv-muenchen.de\/pt-pt\/wp-json\/wp\/v2\/media?parent=11728"}],"curies":[{"name":"wp","href":"https:\/\/api.w.org\/{rel}","templated":true}]}}