{"id":78967,"date":"2024-11-18T13:00:39","date_gmt":"2024-11-18T12:00:39","guid":{"rendered":"https:\/\/www.sprachschule-aktiv-muenchen.de\/?page_id=78967"},"modified":"2024-12-20T10:56:48","modified_gmt":"2024-12-20T09:56:48","slug":"weekendowe-kursy-jezyka-niemieckiego-w-muenchen","status":"publish","type":"page","link":"https:\/\/www.sprachschule-aktiv-muenchen.de\/pl\/weekendowe-kursy-jezyka-niemieckiego-w-muenchen\/","title":{"rendered":"Weekendowe kursy j\u0119zyka niemieckiego w Sprachschule Aktiv M\u00fcnchen"},"content":{"rendered":"<p>[vc_row css=&#8221;.vc_custom_1731930040167{margin-top: 40px !important;}&#8221;][vc_column][vc_column_text]<\/p>\n<h1>Weekendowe kursy j\u0119zyka niemieckiego w Sprachschule Aktiv M\u00fcnchen<\/h1>\n<p>[\/vc_column_text][vc_row_inner][vc_column_inner width=&#8221;1\/2&#8243;][vc_single_image image=&#8221;78987&#8243; img_size=&#8221;full&#8221;][\/vc_column_inner][vc_column_inner width=&#8221;1\/2&#8243;][vc_column_text]Szukasz efektywnego i elastycznego sposobu aby poprawi\u0107 swoj\u0105 znajomo\u015b\u0107 j\u0119zyka niemieckiego? Nasze weekendowe kursy j\u0119zyka niemieckiego w Sprachschule Aktiv M\u00fcnchen s\u0105 idealnym rozwi\u0105zaniem. Oferujemy intensywne kursy niemieckiego w soboty na wszystkich poziomach zaawansowania (od A1.1 do C2.2). Nasze kursy pozwol\u0105 Ci w ci\u0105gu zaledwie czterech tygodni osi\u0105gn\u0105\u0107 po\u0142ow\u0119 poziomu.[\/vc_column_text]\t<div class=\"vc_btn3-container vc_btn3-inline\">\r\n\t\t<a href=\"https:\/\/www.sprachschule-aktiv-muenchen.de\/pl\/rejestrowanie\/\" class=\"pgs_btn pgs_btn_style_1 pgs_btn_xl\">\r\n\t\t\t<span>\r\n\t\t\t\tZarezerwuj teraz!\t\t\t<\/span>\r\n\t\t\t\t\t<\/a>\r\n\t<\/div>\r\n\t[\/vc_column_inner][\/vc_row_inner][\/vc_column][\/vc_row][vc_row css=&#8221;.vc_custom_1731930081930{margin-top: 40px !important;}&#8221;][vc_column][vc_column_text]<\/p>\n<h2>Dlaczego nasze kursy niemieckiego s\u0105 najlepszym wyborem:<\/h2>\n<p>[\/vc_column_text][vc_row_inner css=&#8221;.vc_custom_1731930186511{margin-top: 40px !important;}&#8221;][vc_column_inner width=&#8221;1\/3&#8243; css=&#8221;.vc_custom_1731930439103{padding-top: 25px !important;padding-right: 25px !important;padding-bottom: 10px !important;padding-left: 25px !important;background-color: #f8f8f8 !important;}&#8221;][vc_icon icon_fontawesome=&#8221;fas fa-check-double&#8221; color=&#8221;custom&#8221; size=&#8221;xl&#8221; align=&#8221;center&#8221; custom_color=&#8221;#7ba95f&#8221; css=&#8221;.vc_custom_1731930313201{padding-top: 25px !important;}&#8221;][vc_column_text]<\/p>\n<h3>Elastyczno\u015b\u0107 i efektywno\u015b\u0107<\/h3>\n<p>Nasze weekendowe kursy s\u0105 idealne dla os\u00f3b pracuj\u0105cych i student\u00f3w, kt\u00f3rzy w ci\u0105gu tygodnia maj\u0105 ograniczon\u0105 ilo\u015b\u0107 czasu. Ucz si\u0119 niemieckiego w soboty i osi\u0105gaj szybkie post\u0119py, nie zaniedbuj\u0105c swoich codziennych obowi\u0105zk\u00f3w![\/vc_column_text][\/vc_column_inner][vc_column_inner width=&#8221;1\/3&#8243;][vc_icon icon_fontawesome=&#8221;fas fa-chalkboard-teacher&#8221; color=&#8221;custom&#8221; size=&#8221;xl&#8221; align=&#8221;center&#8221; custom_color=&#8221;#7ba95f&#8221; css=&#8221;.vc_custom_1731930367930{padding-top: 25px !important;}&#8221;][vc_column_text]<\/p>\n<h3>Kompetentni nauczyciele<\/h3>\n<p>Do\u015bwiadczeni i wykwalifikowani nauczyciele, kt\u00f3rzy u nas ucz\u0105, stosuj\u0105 nowoczesne i interaktywne metody nauczania. Otrzymasz indywidualn\u0105 opiek\u0119 i cenne informacje zwrotne, kt\u00f3re pomog\u0105 Ci osi\u0105gn\u0105\u0107 twoje cele j\u0119zykowe.[\/vc_column_text][\/vc_column_inner][vc_column_inner width=&#8221;1\/3&#8243; css=&#8221;.vc_custom_1731930422511{padding-right: 25px !important;padding-bottom: 10px !important;padding-left: 25px !important;background-color: #f8f8f8 !important;}&#8221;][vc_icon icon_fontawesome=&#8221;fas fa-users&#8221; color=&#8221;custom&#8221; size=&#8221;xl&#8221; align=&#8221;center&#8221; custom_color=&#8221;#7ba95f&#8221; css=&#8221;.vc_custom_1731930405288{padding-top: 25px !important;}&#8221;][vc_column_text]<\/p>\n<h3>Optymalna wielko\u015b\u0107 grup<\/h3>\n<p>Nasze kursy odbywaj\u0105 si\u0119 w ma\u0142ych grupach, co tworzy efektywn\u0105 atmosfer\u0119 do nauki i umo\u017cliwia indywidualne podej\u015bcie do ka\u017cdego uczestnika.[\/vc_column_text][\/vc_column_inner][\/vc_row_inner][vc_row_inner][vc_column_inner width=&#8221;1\/3&#8243;][vc_icon icon_fontawesome=&#8221;fas fa-map-marker-alt&#8221; color=&#8221;custom&#8221; size=&#8221;xl&#8221; align=&#8221;center&#8221; custom_color=&#8221;#7ba95f&#8221; css=&#8221;.vc_custom_1731930535525{padding-top: 25px !important;}&#8221;][vc_column_text]<\/p>\n<h3>Centralna lokalizacja<\/h3>\n<p>Sprachschule Aktiv M\u00fcnchen znajduje si\u0119 w centrum miasta, dzieki czemu bezproblemowo mo\u017cna dotrze\u0107 na zaj\u0119cia \u015brodkami komunikacji miejskiej.[\/vc_column_text][\/vc_column_inner][vc_column_inner width=&#8221;1\/3&#8243; css=&#8221;.vc_custom_1731930439103{padding-top: 25px !important;padding-right: 25px !important;padding-bottom: 10px !important;padding-left: 25px !important;background-color: #f8f8f8 !important;}&#8221;][vc_icon icon_fontawesome=&#8221;fas fa-graduation-cap&#8221; color=&#8221;custom&#8221; size=&#8221;xl&#8221; align=&#8221;center&#8221; custom_color=&#8221;#7ba95f&#8221; css=&#8221;.vc_custom_1731930493333{padding-top: 25px !important;}&#8221;][vc_column_text]<\/p>\n<h3>Intensywna nauka<\/h3>\n<p>Dzi\u0119ki naszym dobrze zorganizowanym i intensywnym kursom sobotnim osi\u0105gniesz znacz\u0105ce post\u0119py w kr\u00f3tkim czasie. W ci\u0105gu zaledwie czterech tygodni mo\u017cesz przej\u015b\u0107 o po\u0142ow\u0119 poziomu wy\u017cej.[\/vc_column_text][\/vc_column_inner][vc_column_inner width=&#8221;1\/3&#8243;][\/vc_column_inner][\/vc_row_inner][\/vc_column][\/vc_row][vc_row css=&#8221;.vc_custom_1731930081930{margin-top: 40px !important;}&#8221;][vc_column][vc_column_text]<\/p>\n<h2>Szczeg\u00f3\u0142y kursu<\/h2>\n<p>[\/vc_column_text][vc_row_inner css=&#8221;.vc_custom_1731930186511{margin-top: 40px !important;}&#8221;][vc_column_inner width=&#8221;1\/4&#8243; css=&#8221;.vc_custom_1731930439103{padding-top: 25px !important;padding-right: 25px !important;padding-bottom: 10px !important;padding-left: 25px !important;background-color: #f8f8f8 !important;}&#8221;][vc_icon icon_fontawesome=&#8221;far fa-calendar-alt&#8221; color=&#8221;custom&#8221; size=&#8221;xl&#8221; align=&#8221;center&#8221; custom_color=&#8221;#7ba95f&#8221; css=&#8221;.vc_custom_1731930901077{padding-top: 25px !important;}&#8221;][vc_column_text]<\/p>\n<h3>Czas trwania<\/h3>\n<p>4 tygodnie (tylko soboty)[\/vc_column_text][\/vc_column_inner][vc_column_inner width=&#8221;1\/4&#8243;][vc_icon icon_fontawesome=&#8221;fas fa-map-marker-alt&#8221; color=&#8221;custom&#8221; size=&#8221;xl&#8221; align=&#8221;center&#8221; custom_color=&#8221;#7ba95f&#8221; css=&#8221;.vc_custom_1731930535525{padding-top: 25px !important;}&#8221;][vc_column_text]<\/p>\n<h3>Miejsce kursu<\/h3>\n<p>He\u00dfstra\u00dfe 90, 80797 Monachium[\/vc_column_text][\/vc_column_inner][vc_column_inner width=&#8221;1\/4&#8243; css=&#8221;.vc_custom_1731930422511{padding-right: 25px !important;padding-bottom: 10px !important;padding-left: 25px !important;background-color: #f8f8f8 !important;}&#8221;][vc_icon icon_fontawesome=&#8221;far fa-calendar-alt&#8221; color=&#8221;custom&#8221; size=&#8221;xl&#8221; align=&#8221;center&#8221; custom_color=&#8221;#7ba95f&#8221; css=&#8221;.vc_custom_1731930977887{padding-top: 25px !important;}&#8221;][vc_column_text]<\/p>\n<h3>Daty rozpocz\u0119cia<\/h3>\n<p>pierwsza sobota miesi\u0105ca[\/vc_column_text][\/vc_column_inner][vc_column_inner width=&#8221;1\/4&#8243;][vc_icon icon_fontawesome=&#8221;fas fa-euro-sign&#8221; color=&#8221;custom&#8221; size=&#8221;xl&#8221; align=&#8221;center&#8221; custom_color=&#8221;#7ba95f&#8221; css=&#8221;.vc_custom_1731931075799{padding-top: 25px !important;}&#8221;][vc_column_text]<\/p>\n<h3>Cena<\/h3>\n<p>269 euro (20 lekcji)[\/vc_column_text][\/vc_column_inner][\/vc_row_inner][vc_row_inner][vc_column_inner width=&#8221;1\/4&#8243;][vc_icon icon_fontawesome=&#8221;fas fa-level-up-alt&#8221; color=&#8221;custom&#8221; size=&#8221;xl&#8221; align=&#8221;center&#8221; custom_color=&#8221;#7ba95f&#8221; css=&#8221;.vc_custom_1731930922989{padding-top: 25px !important;}&#8221;][vc_column_text]<\/p>\n<h3>Poziomy<\/h3>\n<p>Do\u015bwiadczeni i wykwalifikowani nauczyciele, kt\u00f3rzy u nas ucz\u0105, stosuj\u0105 nowoczesne i A1.1 do C2.2[\/vc_column_text][\/vc_column_inner][vc_column_inner width=&#8221;1\/4&#8243; css=&#8221;.vc_custom_1731930439103{padding-top: 25px !important;padding-right: 25px !important;padding-bottom: 10px !important;padding-left: 25px !important;background-color: #f8f8f8 !important;}&#8221;][vc_icon icon_fontawesome=&#8221;far fa-clock&#8221; color=&#8221;custom&#8221; size=&#8221;xl&#8221; align=&#8221;center&#8221; custom_color=&#8221;#7ba95f&#8221; css=&#8221;.vc_custom_1731931024013{padding-top: 25px !important;}&#8221;][vc_column_text]<\/p>\n<h3>Godziny zaj\u0119\u0107<\/h3>\n<p>9:00 \u2013 12:45 (9:00 \u2013 11:30 przy 2 uczestnikach)[\/vc_column_text][\/vc_column_inner][vc_column_inner width=&#8221;1\/4&#8243;][\/vc_column_inner][vc_column_inner width=&#8221;1\/4&#8243;][\/vc_column_inner][\/vc_row_inner][\/vc_column][\/vc_row][vc_row css=&#8221;.vc_custom_1731930582176{margin-top: 40px !important;}&#8221;][vc_column][vc_column_text]Popraw swoje umiej\u0119tno\u015bci j\u0119zyka niemieckiego efektywnie i elastycznie dzi\u0119ki naszym weekendowym kursom w Sprachschule Aktiv M\u00fcnchen. Odwied\u017a nasz\u0105 stron\u0119 internetow\u0105 lub skontaktuj si\u0119 z nami, aby uzyska\u0107 wi\u0119cej informacji i zapisa\u0107 si\u0119 na kurs. Zr\u00f3b kolejny krok na drodze do opanowania j\u0119zyka![\/vc_column_text][\/vc_column][\/vc_row]<\/p>\n","protected":false},"excerpt":{"rendered":"<p>[vc_row css=&#8221;.vc_custom_1731930040167{margin-top: 40px !important;}&#8221;][vc_column][vc_column_text] Weekendowe kursy j\u0119zyka niemieckiego w Sprachschule Aktiv M\u00fcnchen [\/vc_column_text][vc_row_inner][vc_column_inner width=&#8221;1\/2&#8243;][vc_single_image image=&#8221;78987&#8243; img_size=&#8221;full&#8221;][\/vc_column_inner][vc_column_inner width=&#8221;1\/2&#8243;][vc_column_text]Szukasz efektywnego i elastycznego sposobu aby poprawi\u0107 swoj\u0105 znajomo\u015b\u0107 j\u0119zyka niemieckiego? Nasze weekendowe kursy j\u0119zyka niemieckiego w Sprachschule Aktiv M\u00fcnchen s\u0105 idealnym rozwi\u0105zaniem. Oferujemy intensywne kursy niemieckiego w soboty na wszystkich poziomach zaawansowania (od A1.1 do C2.2). Nasze kursy&hellip; <a class=\"read-more\" href=\"https:\/\/www.sprachschule-aktiv-muenchen.de\/pl\/weekendowe-kursy-jezyka-niemieckiego-w-muenchen\/\" title=\"Read Weekendowe kursy j\u0119zyka niemieckiego w Sprachschule Aktiv M\u00fcnchen\">Read more &raquo;<\/a><\/p>\n","protected":false},"author":7,"featured_media":0,"parent":0,"menu_order":0,"comment_status":"closed","ping_status":"closed","template":"","meta":{"footnotes":""},"class_list":["post-78967","page","type-page","status-publish","hentry"],"yoast_head":"<!-- This site is optimized with the Yoast SEO plugin v27.1.1 - https:\/\/yoast.com\/product\/yoast-seo-wordpress\/ -->\n<title>Weekendowe kursy j\u0119zyka niemieckiego w Sprachschule Aktiv M\u00fcnchen<\/title>\n<meta name=\"description\" content=\"Weekendowe kursy j\u0119zyka niemieckiego w Sprachschule Aktiv M\u00fcnchen - Ucz si\u0119 niemieckiego w elastyczny spos\u00f3b podczas weekend\u00f3w! Ma\u0142e grupy, do\u015bwiadczona kadra i skuteczna nauka w sercu Monachium\" \/>\n<meta name=\"robots\" content=\"index, follow, max-snippet:-1, max-image-preview:large, max-video-preview:-1\" \/>\n<link rel=\"canonical\" href=\"https:\/\/www.sprachschule-aktiv-muenchen.de\/pl\/weekendowe-kursy-jezyka-niemieckiego-w-muenchen\/\" \/>\n<meta property=\"og:locale\" content=\"pl_PL\" \/>\n<meta property=\"og:type\" content=\"article\" \/>\n<meta property=\"og:title\" content=\"Weekendowe kursy j\u0119zyka niemieckiego w Sprachschule Aktiv M\u00fcnchen\" \/>\n<meta property=\"og:description\" content=\"Weekendowe kursy j\u0119zyka niemieckiego w Sprachschule Aktiv M\u00fcnchen - Ucz si\u0119 niemieckiego w elastyczny spos\u00f3b podczas weekend\u00f3w! Ma\u0142e grupy, do\u015bwiadczona kadra i skuteczna nauka w sercu Monachium\" \/>\n<meta property=\"og:url\" content=\"https:\/\/www.sprachschule-aktiv-muenchen.de\/pl\/weekendowe-kursy-jezyka-niemieckiego-w-muenchen\/\" \/>\n<meta property=\"og:site_name\" content=\"Sprachschule Aktiv\" \/>\n<meta property=\"article:modified_time\" content=\"2024-12-20T09:56:48+00:00\" \/>\n<meta name=\"twitter:card\" content=\"summary_large_image\" \/>\n<meta name=\"twitter:label1\" content=\"Szacowany czas czytania\" \/>\n\t<meta name=\"twitter:data1\" content=\"3 minuty\" \/>\n<script type=\"application\/ld+json\" class=\"yoast-schema-graph\">{\"@context\":\"https:\/\/schema.org\",\"@graph\":[{\"@type\":\"WebPage\",\"@id\":\"https:\/\/www.sprachschule-aktiv-muenchen.de\/pl\/weekendowe-kursy-jezyka-niemieckiego-w-muenchen\/\",\"url\":\"https:\/\/www.sprachschule-aktiv-muenchen.de\/pl\/weekendowe-kursy-jezyka-niemieckiego-w-muenchen\/\",\"name\":\"Weekendowe kursy j\u0119zyka niemieckiego w Sprachschule Aktiv M\u00fcnchen\",\"isPartOf\":{\"@id\":\"https:\/\/www.sprachschule-aktiv-muenchen.de\/#website\"},\"datePublished\":\"2024-11-18T12:00:39+00:00\",\"dateModified\":\"2024-12-20T09:56:48+00:00\",\"description\":\"Weekendowe kursy j\u0119zyka niemieckiego w Sprachschule Aktiv M\u00fcnchen - Ucz si\u0119 niemieckiego w elastyczny spos\u00f3b podczas weekend\u00f3w! Ma\u0142e grupy, do\u015bwiadczona kadra i skuteczna nauka w sercu Monachium\",\"breadcrumb\":{\"@id\":\"https:\/\/www.sprachschule-aktiv-muenchen.de\/pl\/weekendowe-kursy-jezyka-niemieckiego-w-muenchen\/#breadcrumb\"},\"inLanguage\":\"pl-PL\",\"potentialAction\":[{\"@type\":\"ReadAction\",\"target\":[\"https:\/\/www.sprachschule-aktiv-muenchen.de\/pl\/weekendowe-kursy-jezyka-niemieckiego-w-muenchen\/\"]}]},{\"@type\":\"BreadcrumbList\",\"@id\":\"https:\/\/www.sprachschule-aktiv-muenchen.de\/pl\/weekendowe-kursy-jezyka-niemieckiego-w-muenchen\/#breadcrumb\",\"itemListElement\":[{\"@type\":\"ListItem\",\"position\":1,\"name\":\"Portada\",\"item\":\"https:\/\/www.sprachschule-aktiv-muenchen.de\/pl\/\"},{\"@type\":\"ListItem\",\"position\":2,\"name\":\"Weekendowe kursy j\u0119zyka niemieckiego w Sprachschule Aktiv M\u00fcnchen\"}]},{\"@type\":\"WebSite\",\"@id\":\"https:\/\/www.sprachschule-aktiv-muenchen.de\/#website\",\"url\":\"https:\/\/www.sprachschule-aktiv-muenchen.de\/\",\"name\":\"Sprachschule Aktiv\",\"description\":\"\",\"potentialAction\":[{\"@type\":\"SearchAction\",\"target\":{\"@type\":\"EntryPoint\",\"urlTemplate\":\"https:\/\/www.sprachschule-aktiv-muenchen.de\/?s={search_term_string}\"},\"query-input\":{\"@type\":\"PropertyValueSpecification\",\"valueRequired\":true,\"valueName\":\"search_term_string\"}}],\"inLanguage\":\"pl-PL\"}]}<\/script>\n<!-- \/ Yoast SEO plugin. -->","yoast_head_json":{"title":"Weekendowe kursy j\u0119zyka niemieckiego w Sprachschule Aktiv M\u00fcnchen","description":"Weekendowe kursy j\u0119zyka niemieckiego w Sprachschule Aktiv M\u00fcnchen - Ucz si\u0119 niemieckiego w elastyczny spos\u00f3b podczas weekend\u00f3w! Ma\u0142e grupy, do\u015bwiadczona kadra i skuteczna nauka w sercu Monachium","robots":{"index":"index","follow":"follow","max-snippet":"max-snippet:-1","max-image-preview":"max-image-preview:large","max-video-preview":"max-video-preview:-1"},"canonical":"https:\/\/www.sprachschule-aktiv-muenchen.de\/pl\/weekendowe-kursy-jezyka-niemieckiego-w-muenchen\/","og_locale":"pl_PL","og_type":"article","og_title":"Weekendowe kursy j\u0119zyka niemieckiego w Sprachschule Aktiv M\u00fcnchen","og_description":"Weekendowe kursy j\u0119zyka niemieckiego w Sprachschule Aktiv M\u00fcnchen - Ucz si\u0119 niemieckiego w elastyczny spos\u00f3b podczas weekend\u00f3w! Ma\u0142e grupy, do\u015bwiadczona kadra i skuteczna nauka w sercu Monachium","og_url":"https:\/\/www.sprachschule-aktiv-muenchen.de\/pl\/weekendowe-kursy-jezyka-niemieckiego-w-muenchen\/","og_site_name":"Sprachschule Aktiv","article_modified_time":"2024-12-20T09:56:48+00:00","twitter_card":"summary_large_image","twitter_misc":{"Szacowany czas czytania":"3 minuty"},"schema":{"@context":"https:\/\/schema.org","@graph":[{"@type":"WebPage","@id":"https:\/\/www.sprachschule-aktiv-muenchen.de\/pl\/weekendowe-kursy-jezyka-niemieckiego-w-muenchen\/","url":"https:\/\/www.sprachschule-aktiv-muenchen.de\/pl\/weekendowe-kursy-jezyka-niemieckiego-w-muenchen\/","name":"Weekendowe kursy j\u0119zyka niemieckiego w Sprachschule Aktiv M\u00fcnchen","isPartOf":{"@id":"https:\/\/www.sprachschule-aktiv-muenchen.de\/#website"},"datePublished":"2024-11-18T12:00:39+00:00","dateModified":"2024-12-20T09:56:48+00:00","description":"Weekendowe kursy j\u0119zyka niemieckiego w Sprachschule Aktiv M\u00fcnchen - Ucz si\u0119 niemieckiego w elastyczny spos\u00f3b podczas weekend\u00f3w! Ma\u0142e grupy, do\u015bwiadczona kadra i skuteczna nauka w sercu Monachium","breadcrumb":{"@id":"https:\/\/www.sprachschule-aktiv-muenchen.de\/pl\/weekendowe-kursy-jezyka-niemieckiego-w-muenchen\/#breadcrumb"},"inLanguage":"pl-PL","potentialAction":[{"@type":"ReadAction","target":["https:\/\/www.sprachschule-aktiv-muenchen.de\/pl\/weekendowe-kursy-jezyka-niemieckiego-w-muenchen\/"]}]},{"@type":"BreadcrumbList","@id":"https:\/\/www.sprachschule-aktiv-muenchen.de\/pl\/weekendowe-kursy-jezyka-niemieckiego-w-muenchen\/#breadcrumb","itemListElement":[{"@type":"ListItem","position":1,"name":"Portada","item":"https:\/\/www.sprachschule-aktiv-muenchen.de\/pl\/"},{"@type":"ListItem","position":2,"name":"Weekendowe kursy j\u0119zyka niemieckiego w Sprachschule Aktiv M\u00fcnchen"}]},{"@type":"WebSite","@id":"https:\/\/www.sprachschule-aktiv-muenchen.de\/#website","url":"https:\/\/www.sprachschule-aktiv-muenchen.de\/","name":"Sprachschule Aktiv","description":"","potentialAction":[{"@type":"SearchAction","target":{"@type":"EntryPoint","urlTemplate":"https:\/\/www.sprachschule-aktiv-muenchen.de\/?s={search_term_string}"},"query-input":{"@type":"PropertyValueSpecification","valueRequired":true,"valueName":"search_term_string"}}],"inLanguage":"pl-PL"}]}},"_links":{"self":[{"href":"https:\/\/www.sprachschule-aktiv-muenchen.de\/pl\/wp-json\/wp\/v2\/pages\/78967","targetHints":{"allow":["GET"]}}],"collection":[{"href":"https:\/\/www.sprachschule-aktiv-muenchen.de\/pl\/wp-json\/wp\/v2\/pages"}],"about":[{"href":"https:\/\/www.sprachschule-aktiv-muenchen.de\/pl\/wp-json\/wp\/v2\/types\/page"}],"author":[{"embeddable":true,"href":"https:\/\/www.sprachschule-aktiv-muenchen.de\/pl\/wp-json\/wp\/v2\/users\/7"}],"replies":[{"embeddable":true,"href":"https:\/\/www.sprachschule-aktiv-muenchen.de\/pl\/wp-json\/wp\/v2\/comments?post=78967"}],"version-history":[{"count":21,"href":"https:\/\/www.sprachschule-aktiv-muenchen.de\/pl\/wp-json\/wp\/v2\/pages\/78967\/revisions"}],"predecessor-version":[{"id":79384,"href":"https:\/\/www.sprachschule-aktiv-muenchen.de\/pl\/wp-json\/wp\/v2\/pages\/78967\/revisions\/79384"}],"wp:attachment":[{"href":"https:\/\/www.sprachschule-aktiv-muenchen.de\/pl\/wp-json\/wp\/v2\/media?parent=78967"}],"curies":[{"name":"wp","href":"https:\/\/api.w.org\/{rel}","templated":true}]}}