{"id":67105,"date":"2017-02-06T11:28:26","date_gmt":"2017-02-06T10:28:26","guid":{"rendered":"https:\/\/www.sprachschule-aktiv-muenchen.de\/blog-2\/"},"modified":"2023-01-22T10:29:22","modified_gmt":"2023-01-22T09:29:22","slug":"blog","status":"publish","type":"page","link":"https:\/\/www.sprachschule-aktiv-muenchen.de\/pl\/blog\/","title":{"rendered":"blog"},"content":{"rendered":"<p>[vc_row css=&#8221;.vc_custom_1674371229292{margin-top: 30px !important;}&#8221;][vc_column][vc_column_text]<\/p>\n<h1>Blog &#8211; Ucz si\u0119 niemieckiego w Niemczech<\/h1>\n<p>Blog dla ucz\u0105cych si\u0119 niemieckiego i nauki niemieckiego w Niemczech. Blog o niemieckiej gramatyce, \u0107wiczeniach i informacjach o Niemczech.[\/vc_column_text][\/vc_column][\/vc_row][vc_row][vc_column][vc_basic_grid post_type=&#8221;post&#8221; max_items=&#8221;1000&#8243; style=&#8221;load-more&#8221; items_per_page=&#8221;12&#8243; grid_id=&#8221;vc_gid:1674379745084-d795cda2-6462-4&#8243;][\/vc_column][\/vc_row]<\/p>\n","protected":false},"excerpt":{"rendered":"<p>[vc_row css=&#8221;.vc_custom_1674371229292{margin-top: 30px !important;}&#8221;][vc_column][vc_column_text] Blog &#8211; Ucz si\u0119 niemieckiego w Niemczech Blog dla ucz\u0105cych si\u0119 niemieckiego i nauki niemieckiego w Niemczech. Blog o niemieckiej gramatyce, \u0107wiczeniach i informacjach o Niemczech.[\/vc_column_text][\/vc_column][\/vc_row][vc_row][vc_column][vc_basic_grid post_type=&#8221;post&#8221; max_items=&#8221;1000&#8243; style=&#8221;load-more&#8221; items_per_page=&#8221;12&#8243; grid_id=&#8221;vc_gid:1674379745084-d795cda2-6462-4&#8243;][\/vc_column][\/vc_row]<\/p>\n","protected":false},"author":2,"featured_media":0,"parent":0,"menu_order":0,"comment_status":"closed","ping_status":"closed","template":"","meta":{"footnotes":""},"class_list":["post-67105","page","type-page","status-publish","hentry"],"yoast_head":"<!-- This site is optimized with the Yoast SEO plugin v27.1.1 - https:\/\/yoast.com\/product\/yoast-seo-wordpress\/ -->\n<title>Blog nauka niemieckiego od A1 do C2: gramatyka, \u0107wiczenia<\/title>\n<meta name=\"description\" content=\"Blog uczy si\u0119 niemieckiego od A1 do C2: gramatyka, \u0107wiczenia, filmy, obja\u015bnienia gramatyki niemieckiej\" \/>\n<meta name=\"robots\" content=\"index, follow, max-snippet:-1, max-image-preview:large, max-video-preview:-1\" \/>\n<link rel=\"canonical\" href=\"https:\/\/www.sprachschule-aktiv-muenchen.de\/pl\/blog\/\" \/>\n<meta property=\"og:locale\" content=\"pl_PL\" \/>\n<meta property=\"og:type\" content=\"article\" \/>\n<meta property=\"og:title\" content=\"Blog nauka niemieckiego od A1 do C2: gramatyka, \u0107wiczenia\" \/>\n<meta property=\"og:description\" content=\"Blog uczy si\u0119 niemieckiego od A1 do C2: gramatyka, \u0107wiczenia, filmy, obja\u015bnienia gramatyki niemieckiej\" \/>\n<meta property=\"og:url\" content=\"https:\/\/www.sprachschule-aktiv-muenchen.de\/pl\/blog\/\" \/>\n<meta property=\"og:site_name\" content=\"Sprachschule Aktiv\" \/>\n<meta property=\"article:modified_time\" content=\"2023-01-22T09:29:22+00:00\" \/>\n<meta name=\"twitter:card\" content=\"summary_large_image\" \/>\n<meta name=\"twitter:label1\" content=\"Szacowany czas czytania\" \/>\n\t<meta name=\"twitter:data1\" content=\"1 minuta\" \/>\n<script type=\"application\/ld+json\" class=\"yoast-schema-graph\">{\"@context\":\"https:\/\/schema.org\",\"@graph\":[{\"@type\":\"WebPage\",\"@id\":\"https:\/\/www.sprachschule-aktiv-muenchen.de\/pl\/blog\/\",\"url\":\"https:\/\/www.sprachschule-aktiv-muenchen.de\/pl\/blog\/\",\"name\":\"Blog nauka niemieckiego od A1 do C2: gramatyka, \u0107wiczenia\",\"isPartOf\":{\"@id\":\"https:\/\/www.sprachschule-aktiv-muenchen.de\/#website\"},\"datePublished\":\"2017-02-06T10:28:26+00:00\",\"dateModified\":\"2023-01-22T09:29:22+00:00\",\"description\":\"Blog uczy si\u0119 niemieckiego od A1 do C2: gramatyka, \u0107wiczenia, filmy, obja\u015bnienia gramatyki niemieckiej\",\"breadcrumb\":{\"@id\":\"https:\/\/www.sprachschule-aktiv-muenchen.de\/pl\/blog\/#breadcrumb\"},\"inLanguage\":\"pl-PL\",\"potentialAction\":[{\"@type\":\"ReadAction\",\"target\":[\"https:\/\/www.sprachschule-aktiv-muenchen.de\/pl\/blog\/\"]}]},{\"@type\":\"BreadcrumbList\",\"@id\":\"https:\/\/www.sprachschule-aktiv-muenchen.de\/pl\/blog\/#breadcrumb\",\"itemListElement\":[{\"@type\":\"ListItem\",\"position\":1,\"name\":\"Portada\",\"item\":\"https:\/\/www.sprachschule-aktiv-muenchen.de\/pl\/\"},{\"@type\":\"ListItem\",\"position\":2,\"name\":\"blog\"}]},{\"@type\":\"WebSite\",\"@id\":\"https:\/\/www.sprachschule-aktiv-muenchen.de\/#website\",\"url\":\"https:\/\/www.sprachschule-aktiv-muenchen.de\/\",\"name\":\"Sprachschule Aktiv\",\"description\":\"\",\"potentialAction\":[{\"@type\":\"SearchAction\",\"target\":{\"@type\":\"EntryPoint\",\"urlTemplate\":\"https:\/\/www.sprachschule-aktiv-muenchen.de\/?s={search_term_string}\"},\"query-input\":{\"@type\":\"PropertyValueSpecification\",\"valueRequired\":true,\"valueName\":\"search_term_string\"}}],\"inLanguage\":\"pl-PL\"}]}<\/script>\n<!-- \/ Yoast SEO plugin. -->","yoast_head_json":{"title":"Blog nauka niemieckiego od A1 do C2: gramatyka, \u0107wiczenia","description":"Blog uczy si\u0119 niemieckiego od A1 do C2: gramatyka, \u0107wiczenia, filmy, obja\u015bnienia gramatyki niemieckiej","robots":{"index":"index","follow":"follow","max-snippet":"max-snippet:-1","max-image-preview":"max-image-preview:large","max-video-preview":"max-video-preview:-1"},"canonical":"https:\/\/www.sprachschule-aktiv-muenchen.de\/pl\/blog\/","og_locale":"pl_PL","og_type":"article","og_title":"Blog nauka niemieckiego od A1 do C2: gramatyka, \u0107wiczenia","og_description":"Blog uczy si\u0119 niemieckiego od A1 do C2: gramatyka, \u0107wiczenia, filmy, obja\u015bnienia gramatyki niemieckiej","og_url":"https:\/\/www.sprachschule-aktiv-muenchen.de\/pl\/blog\/","og_site_name":"Sprachschule Aktiv","article_modified_time":"2023-01-22T09:29:22+00:00","twitter_card":"summary_large_image","twitter_misc":{"Szacowany czas czytania":"1 minuta"},"schema":{"@context":"https:\/\/schema.org","@graph":[{"@type":"WebPage","@id":"https:\/\/www.sprachschule-aktiv-muenchen.de\/pl\/blog\/","url":"https:\/\/www.sprachschule-aktiv-muenchen.de\/pl\/blog\/","name":"Blog nauka niemieckiego od A1 do C2: gramatyka, \u0107wiczenia","isPartOf":{"@id":"https:\/\/www.sprachschule-aktiv-muenchen.de\/#website"},"datePublished":"2017-02-06T10:28:26+00:00","dateModified":"2023-01-22T09:29:22+00:00","description":"Blog uczy si\u0119 niemieckiego od A1 do C2: gramatyka, \u0107wiczenia, filmy, obja\u015bnienia gramatyki niemieckiej","breadcrumb":{"@id":"https:\/\/www.sprachschule-aktiv-muenchen.de\/pl\/blog\/#breadcrumb"},"inLanguage":"pl-PL","potentialAction":[{"@type":"ReadAction","target":["https:\/\/www.sprachschule-aktiv-muenchen.de\/pl\/blog\/"]}]},{"@type":"BreadcrumbList","@id":"https:\/\/www.sprachschule-aktiv-muenchen.de\/pl\/blog\/#breadcrumb","itemListElement":[{"@type":"ListItem","position":1,"name":"Portada","item":"https:\/\/www.sprachschule-aktiv-muenchen.de\/pl\/"},{"@type":"ListItem","position":2,"name":"blog"}]},{"@type":"WebSite","@id":"https:\/\/www.sprachschule-aktiv-muenchen.de\/#website","url":"https:\/\/www.sprachschule-aktiv-muenchen.de\/","name":"Sprachschule Aktiv","description":"","potentialAction":[{"@type":"SearchAction","target":{"@type":"EntryPoint","urlTemplate":"https:\/\/www.sprachschule-aktiv-muenchen.de\/?s={search_term_string}"},"query-input":{"@type":"PropertyValueSpecification","valueRequired":true,"valueName":"search_term_string"}}],"inLanguage":"pl-PL"}]}},"_links":{"self":[{"href":"https:\/\/www.sprachschule-aktiv-muenchen.de\/pl\/wp-json\/wp\/v2\/pages\/67105","targetHints":{"allow":["GET"]}}],"collection":[{"href":"https:\/\/www.sprachschule-aktiv-muenchen.de\/pl\/wp-json\/wp\/v2\/pages"}],"about":[{"href":"https:\/\/www.sprachschule-aktiv-muenchen.de\/pl\/wp-json\/wp\/v2\/types\/page"}],"author":[{"embeddable":true,"href":"https:\/\/www.sprachschule-aktiv-muenchen.de\/pl\/wp-json\/wp\/v2\/users\/2"}],"replies":[{"embeddable":true,"href":"https:\/\/www.sprachschule-aktiv-muenchen.de\/pl\/wp-json\/wp\/v2\/comments?post=67105"}],"version-history":[{"count":6,"href":"https:\/\/www.sprachschule-aktiv-muenchen.de\/pl\/wp-json\/wp\/v2\/pages\/67105\/revisions"}],"predecessor-version":[{"id":73296,"href":"https:\/\/www.sprachschule-aktiv-muenchen.de\/pl\/wp-json\/wp\/v2\/pages\/67105\/revisions\/73296"}],"wp:attachment":[{"href":"https:\/\/www.sprachschule-aktiv-muenchen.de\/pl\/wp-json\/wp\/v2\/media?parent=67105"}],"curies":[{"name":"wp","href":"https:\/\/api.w.org\/{rel}","templated":true}]}}