{"id":58632,"date":"2020-08-10T14:49:59","date_gmt":"2020-08-10T12:49:59","guid":{"rendered":"https:\/\/www.sprachschule-aktiv-muenchen.de\/?page_id=58632"},"modified":"2021-08-08T07:02:34","modified_gmt":"2021-08-08T05:02:34","slug":"faq","status":"publish","type":"page","link":"https:\/\/www.sprachschule-aktiv-muenchen.de\/pl\/faq\/","title":{"rendered":"FAQ"},"content":{"rendered":"<p>[vc_row][vc_column][vc_column_text]<\/p>\n<h1>Cz\u0119sto zadawane pytania dotycz\u0105ce kurs\u00f3w j\u0119zyka niemieckiego<\/h1>\n<p>Cz\u0119sto zadawane pytania &#8211; szybko udzielane odpowiedzi! Oczywi\u015bcie zawsze jeste\u015bmy do Twojej dyspozycji osobi\u015bcie. Skorzystaj z naszej oferty bezp\u0142atnych i niezobowi\u0105zuj\u0105cych porad i skontaktuj si\u0119 z nami! Czekamy na Ciebie \ud83d\ude42<\/p>\n<p><img decoding=\"async\" class=\"size-full wp-image-34412 aligncenter\" src=\"https:\/\/www.sprachschule-aktiv-muenchen.de\/wp-content\/uploads\/2017\/01\/faq-haufig-gestellte-fragen-fuer-deutschkurse-und-sprachschule.jpg\" alt=\"FAQ H\u00e4ufig gestellte Fragen f\u00fcr Deutschkurse und Sprachschule\" width=\"723\" height=\"270\" srcset=\"https:\/\/www.sprachschule-aktiv-muenchen.de\/wp-content\/uploads\/2017\/01\/faq-haufig-gestellte-fragen-fuer-deutschkurse-und-sprachschule.jpg 723w, https:\/\/www.sprachschule-aktiv-muenchen.de\/wp-content\/uploads\/2017\/01\/faq-haufig-gestellte-fragen-fuer-deutschkurse-und-sprachschule-300x112.jpg 300w\" sizes=\"(max-width: 723px) 100vw, 723px\" \/>[\/vc_column_text][\/vc_column][\/vc_row][vc_row][vc_column][vc_column_text]<\/p>\n<h2>Jakich j\u0119zyk\u00f3w mo\u017cesz si\u0119 uczy\u0107 w Sprachschule Aktiv M\u00fcnchen i jakie modele kurs\u00f3w proponujemy?<\/h2>\n<p>W naszej szkole mo\u017cesz wybiera\u0107 spo\u015br\u00f3d ponad 41 j\u0119zyk\u00f3w. Oferujemy r\u00f3wnie\u017c szerok\u0105 gam\u0119 typ\u00f3w kurs\u00f3w &#8211; od kurs\u00f3w intensywnych po zaj\u0119cia wieczorowe i prywatne. Dla firm organizujemy kursy firmowe, kt\u00f3re mog\u0105 by\u0107 specjalnie zaprojektowane dla poszczeg\u00f3lnych bran\u017c.[\/vc_column_text][vc_column_text]<\/p>\n<h2>W jakich dniach i godzinach szko\u0142a jest otwarta?<\/h2>\n<p>Od poniedzia\u0142ku do czwartku w godzinach od 8:00 do 20:00 oraz w pi\u0105tek od 8:00 do 17:00.[\/vc_column_text][\/vc_column][\/vc_row][vc_row][vc_column][vc_column_text]<\/p>\n<h2>Gdzie znajduje si\u0119 nasza szko\u0142a?<\/h2>\n<p>He\u00dfstr. 90 in 80797 M\u00fcnchen.[\/vc_column_text][vc_column_text]<\/p>\n<h2>Jakie rodzaje kurs\u00f3w j\u0119zykowych szko\u0142a Aktiv posiada w ofercie?<\/h2>\n<ul>\n<li><a href=\"https:\/\/www.sprachschule-aktiv-muenchen.de\/pl\/kursy-intensywne\/\">kursy intensywne<\/a><\/li>\n<li><a href=\"https:\/\/www.sprachschule-aktiv-muenchen.de\/pl\/niemiecki-semi-intensive\/\">kursy p\u00f3\u0142intensywne<\/a><\/li>\n<li><a href=\"https:\/\/www.sprachschule-aktiv-muenchen.de\/pl\/kursy-prywatne\/\">kursy prywatne<\/a><\/li>\n<li><a href=\"https:\/\/www.sprachschule-aktiv-muenchen.de\/pl\/kursy-grupowe\/\">kursy wieczorowe<\/a><\/li>\n<li><a href=\"https:\/\/www.sprachschule-aktiv-muenchen.de\/pl\/kurs-przygotowawczy-telc-po-niemiecku-w-monachium\/\">kursy pod egzamin TELC<\/a><\/li>\n<li><a href=\"https:\/\/www.sprachschule-aktiv-muenchen.de\/pl\/kursy-testdaf\/\">kursy pod TestDaF<\/a><\/li>\n<li><a href=\"https:\/\/www.sprachschule-aktiv-muenchen.de\/pl\/ucz-sie-niemieckiego-online-kursy-niemieckiego-od-a1-do-c2\/\">kurs online<\/a><\/li>\n<li><a href=\"https:\/\/www.sprachschule-aktiv-muenchen.de\/pl\/kursy-niemieckiego-na-weekend-w-monachium\/\">kursy w weekend<\/a><\/li>\n<li><a href=\"https:\/\/www.sprachschule-aktiv-muenchen.de\/pl\/kurs-niemieckiego-z-zakwaterowaniem-w-monachium\/\">kursy z zakwaterowaniem<\/a><\/li>\n<\/ul>\n<p>i wiele wi\u0119cej mo\u017cesz znale\u017a\u0107 na naszej stronie g\u0142\u00f3wnej.[\/vc_column_text][vc_column_text]<\/p>\n<h2>Jakie kwalifikacje maj\u0105 nauczyciele j\u0119zyk\u00f3w w szkole Aktiv?<\/h2>\n<p>Lekcje w Aktiv Sprachschule s\u0105 prowadzone wy\u0142\u0105cznie przez wykwalifikowanych native speaker\u00f3w z dyplomem z wy\u017cszej szko\u0142y o profilach filologistycznych lub pedagogicznych. To profesjonalni i sympatyczni nauczyciele, kt\u00f3rzy posiadaj\u0105 do\u015bwiadczenie w nauczaniu j\u0119zyk\u00f3w.[\/vc_column_text][vc_column_text]<\/p>\n<h2>Co je\u015bli nie podoba mi si\u0119 zarezerwowany kurs?<\/h2>\n<p>Je\u015bli kurs nie spe\u0142ni Twoich oczekiwa\u0144, mo\u017cesz zrezygnowa\u0107 po pierwszej lekcji bez podania przyczyny. Otrzymasz od nas pe\u0142ny zwrot koszt\u00f3w.[\/vc_column_text][vc_column_text]<\/p>\n<h2>Czy istnieje mo\u017cliwo\u015b\u0107 lekcji pr\u00f3bnej?<\/h2>\n<p>W ka\u017cdej chwili mo\u017cesz um\u00f3wi\u0107 si\u0119 z nami na bezp\u0142atn\u0105 i niezobowi\u0105zuj\u0105c\u0105 lekcj\u0119 pr\u00f3bn\u0105.[\/vc_column_text][vc_column_text]<\/p>\n<h2>Nie mog\u0119 oceni\u0107 swojego poziomu j\u0119zyka, co mog\u0119 zrobi\u0107?<\/h2>\n<p>Mo\u017cesz przyst\u0105pi\u0107 do testu poziomuj\u0105cego w szkole j\u0119zykowej Aktiv u jednego z naszych doradc\u00f3w lub zrobi\u0107 to na naszej stronie internetowej. Dowiesz si\u0119 na jakim obecnie poziomie j\u0119zyka niemieckiego jeste\u015b.[\/vc_column_text][vc_column_text]<\/p>\n<h2>Jakiej ksi\u0105\u017cki potrzebuj\u0119 na lekcje j\u0119zyka niemieckiego?<\/h2>\n<p>Nasz nauczyciel poinformuje Ci\u0119 o tym pierwszego dnia zaj\u0119\u0107.[\/vc_column_text][vc_column_text]<\/p>\n<h2>Czy mog\u0119 zobaczy\u0107 zdj\u0119cia lub filmy ze szko\u0142y j\u0119zykowej?<\/h2>\n<p><a href=\"https:\/\/www.sprachschule-aktiv-muenchen.de\/pl\/zdjecia-i-filmy\/\">Tutaj<\/a> znajdziesz zdj\u0119cia i filmy z naszej szko\u0142y j\u0119zykowej, uczestnik\u00f3w i zaj\u0119\u0107 rekreacyjnych.[\/vc_column_text][vc_column_text]<\/p>\n<h2>Ilu uczestnik\u00f3w bierze udzia\u0142 w kursie?<\/h2>\n<p>Na naszych kursach grupy licz\u0105 od 3 do 10 uczestnik\u00f3w, \u015brednio 5 os\u00f3b ucz\u0105cych si\u0119 j\u0119zyka. Mamy wi\u0119c ma\u0142e grupy, co bardzo pozytywnie wp\u0142ywa na progres w nauce.[\/vc_column_text][vc_column_text]<\/p>\n<h2>Z jakich kraj\u00f3w pochodz\u0105 uczestnicy kurs\u00f3w j\u0119zykowych?<\/h2>\n<p>Mamy student\u00f3w z ca\u0142ego \u015bwiata. Wielu z nich pochodzi z Europy, ale uczestnicy z Ameryki \u0141aci\u0144skiej, Australii, USA i Indonezji r\u00f3wnie\u017c cz\u0119sto rezerwuj\u0105 nasze kursy.[\/vc_column_text][vc_column_text]<\/p>\n<h2>Jaki przedzia\u0142 wiekowy zazwyczaj jest w\u015br\u00f3d grupy?<\/h2>\n<p>\u015aredni wiek wynosi od 18 do 30 lat.[\/vc_column_text][vc_column_text]<\/p>\n<h2>Jakiej ksi\u0105\u017cki u\u017cywa Sprachschule Aktiv na swoich kursach niemieckiego?<\/h2>\n<p>Na poziomach B i C pracujemy z seri\u0105 &#8220;em&#8221; firmy Hueber Verlag. R\u00f3wnolegle do tych podr\u0119cznik\u00f3w otrzymasz kopie ksi\u0105\u017cek TELC z \u0107wiczeniami testowymi i kompletnymi testami modelowymi (od A1 do C1).[\/vc_column_text][vc_column_text]<\/p>\n<h2>Jak d\u0142ugo trwa uko\u0144czenie jednego poziomu?<\/h2>\n<p>Je\u015bli ucz\u0119szczasz na intensywny kurs niemieckiego z 20 lekcjami tygodniowo, osi\u0105gniesz nast\u0119pny poziom w ci\u0105gu 8 tygodni. W przypadku kurs\u00f3w wieczorowych zajmuje to oko\u0142o 16 tygodni.[\/vc_column_text][vc_column_text]<\/p>\n<h2>Zarejestrowa\u0142em si\u0119 nieprawid\u0142owo lub kurs nie odpowiada mojemu poziomowi, co teraz?<\/h2>\n<p>\u017baden problem, w ka\u017cdej chwili mo\u017cesz zmieni\u0107 kurs bez dodatkowych koszt\u00f3w.[\/vc_column_text][vc_column_text]<\/p>\n<h2>Co oferujecie jako zaj\u0119cia rekreacyjne?<\/h2>\n<p>Staramy si\u0119 co miesi\u0105c organizowa\u0107 przytulne \u015bniadania w mi\u0119dzynarodowym gronie, pikniki, wizyty w muzeach i tym podobne zaj\u0119cia. Ta us\u0142uga jest bezp\u0142atna dla naszych uczestnik\u00f3w.[\/vc_column_text][vc_column_text]<\/p>\n<h2>Czy potrzebuj\u0119 wizy na kurs niemieckiego?<\/h2>\n<p>Je\u015bli pochodzisz z kraju spoza UE, potrzebujesz odpowiedniej wizy. Je\u015bli zarejestrujesz si\u0119 na kurs intensywny obejmuj\u0105cy 20 lekcji, po rejestracji otrzymasz od nas potwierdzenie rezerwacji, kt\u00f3re jest bardzo przydatne do procesu wizowego.[\/vc_column_text][vc_column_text]<\/p>\n<h2>Jak znale\u017a\u0107 zakwaterowanie w Monachium?<\/h2>\n<p>Z przyjemno\u015bci\u0105 pomo\u017cemy Ci znale\u017a\u0107 zakwaterowanie w Monachium. Mo\u017cliwo\u015bci jest kilka, mianowicie mo\u017cesz zatrzyma\u0107 si\u0119 u rodziny goszcz\u0105cej, w mieszkaniu dzielonym, w hotelu lub akademiku studenckim.[\/vc_column_text][vc_column_text]<\/p>\n<h2>Kt\u00f3ry kurs niemieckiego jest dla mnie odpowiedni?<\/h2>\n<p>Mo\u017cesz ucz\u0119szcza\u0107 na kursy intensywne, p\u00f3\u0142intensywne i wieczorowe lub prywatne lekcje. Tutaj znajdziesz wszystkie kursy j\u0119zyka niemieckiego! Oczywi\u015bcie ch\u0119tnie Pa\u0144stwu doradzimy. Wystarczy si\u0119 zarejestrowa\u0107, a my znajdziemy dla Ciebie optymalny kurs j\u0119zykowy![\/vc_column_text][\/vc_column][\/vc_row]<\/p>\n","protected":false},"excerpt":{"rendered":"<p>[vc_row][vc_column][vc_column_text] Cz\u0119sto zadawane pytania dotycz\u0105ce kurs\u00f3w j\u0119zyka niemieckiego Cz\u0119sto zadawane pytania &#8211; szybko udzielane odpowiedzi! Oczywi\u015bcie zawsze jeste\u015bmy do Twojej dyspozycji osobi\u015bcie. Skorzystaj z naszej oferty bezp\u0142atnych i niezobowi\u0105zuj\u0105cych porad i skontaktuj si\u0119 z nami! Czekamy na Ciebie \ud83d\ude42 [\/vc_column_text][\/vc_column][\/vc_row][vc_row][vc_column][vc_column_text] Jakich j\u0119zyk\u00f3w mo\u017cesz si\u0119 uczy\u0107 w Sprachschule Aktiv M\u00fcnchen i jakie modele kurs\u00f3w proponujemy? W&hellip; <a class=\"read-more\" href=\"https:\/\/www.sprachschule-aktiv-muenchen.de\/pl\/faq\/\" title=\"Read FAQ\">Read more &raquo;<\/a><\/p>\n","protected":false},"author":2,"featured_media":0,"parent":0,"menu_order":0,"comment_status":"closed","ping_status":"closed","template":"","meta":{"footnotes":""},"class_list":["post-58632","page","type-page","status-publish","hentry"],"yoast_head":"<!-- This site is optimized with the Yoast SEO plugin v27.1.1 - https:\/\/yoast.com\/product\/yoast-seo-wordpress\/ -->\n<title>Odpowiedzi na najcz\u0119sciej zadawane pytania - szko\u0142a Aktiv<\/title>\n<meta name=\"description\" content=\"Je\u017celi masz jakie\u015b pytanie, sprawd\u017a najpierw nasz\u0105 stron\u0119 FAQ! Tutaj odpowiedzieil\u015bmy na najcz\u0119\u015bciej zadawane pytania.\" \/>\n<meta name=\"robots\" content=\"index, follow, max-snippet:-1, max-image-preview:large, max-video-preview:-1\" \/>\n<link rel=\"canonical\" href=\"https:\/\/www.sprachschule-aktiv-muenchen.de\/pl\/faq\/\" \/>\n<meta property=\"og:locale\" content=\"pl_PL\" \/>\n<meta property=\"og:type\" content=\"article\" \/>\n<meta property=\"og:title\" content=\"Odpowiedzi na najcz\u0119sciej zadawane pytania - szko\u0142a Aktiv\" \/>\n<meta property=\"og:description\" content=\"Je\u017celi masz jakie\u015b pytanie, sprawd\u017a najpierw nasz\u0105 stron\u0119 FAQ! Tutaj odpowiedzieil\u015bmy na najcz\u0119\u015bciej zadawane pytania.\" \/>\n<meta property=\"og:url\" content=\"https:\/\/www.sprachschule-aktiv-muenchen.de\/pl\/faq\/\" \/>\n<meta property=\"og:site_name\" content=\"Sprachschule Aktiv\" \/>\n<meta property=\"article:modified_time\" content=\"2021-08-08T05:02:34+00:00\" \/>\n<meta property=\"og:image\" content=\"https:\/\/www.sprachschule-aktiv-muenchen.de\/wp-content\/uploads\/2017\/01\/faq-haufig-gestellte-fragen-fuer-deutschkurse-und-sprachschule.jpg\" \/>\n<meta name=\"twitter:card\" content=\"summary_large_image\" \/>\n<meta name=\"twitter:label1\" content=\"Szacowany czas czytania\" \/>\n\t<meta name=\"twitter:data1\" content=\"4 minuty\" \/>\n<script type=\"application\/ld+json\" class=\"yoast-schema-graph\">{\"@context\":\"https:\/\/schema.org\",\"@graph\":[{\"@type\":\"WebPage\",\"@id\":\"https:\/\/www.sprachschule-aktiv-muenchen.de\/pl\/faq\/\",\"url\":\"https:\/\/www.sprachschule-aktiv-muenchen.de\/pl\/faq\/\",\"name\":\"Odpowiedzi na najcz\u0119sciej zadawane pytania - szko\u0142a Aktiv\",\"isPartOf\":{\"@id\":\"https:\/\/www.sprachschule-aktiv-muenchen.de\/#website\"},\"primaryImageOfPage\":{\"@id\":\"https:\/\/www.sprachschule-aktiv-muenchen.de\/pl\/faq\/#primaryimage\"},\"image\":{\"@id\":\"https:\/\/www.sprachschule-aktiv-muenchen.de\/pl\/faq\/#primaryimage\"},\"thumbnailUrl\":\"https:\/\/www.sprachschule-aktiv-muenchen.de\/wp-content\/uploads\/2017\/01\/faq-haufig-gestellte-fragen-fuer-deutschkurse-und-sprachschule.jpg\",\"datePublished\":\"2020-08-10T12:49:59+00:00\",\"dateModified\":\"2021-08-08T05:02:34+00:00\",\"description\":\"Je\u017celi masz jakie\u015b pytanie, sprawd\u017a najpierw nasz\u0105 stron\u0119 FAQ! Tutaj odpowiedzieil\u015bmy na najcz\u0119\u015bciej zadawane pytania.\",\"breadcrumb\":{\"@id\":\"https:\/\/www.sprachschule-aktiv-muenchen.de\/pl\/faq\/#breadcrumb\"},\"inLanguage\":\"pl-PL\",\"potentialAction\":[{\"@type\":\"ReadAction\",\"target\":[\"https:\/\/www.sprachschule-aktiv-muenchen.de\/pl\/faq\/\"]}]},{\"@type\":\"ImageObject\",\"inLanguage\":\"pl-PL\",\"@id\":\"https:\/\/www.sprachschule-aktiv-muenchen.de\/pl\/faq\/#primaryimage\",\"url\":\"https:\/\/www.sprachschule-aktiv-muenchen.de\/wp-content\/uploads\/2017\/01\/faq-haufig-gestellte-fragen-fuer-deutschkurse-und-sprachschule.jpg\",\"contentUrl\":\"https:\/\/www.sprachschule-aktiv-muenchen.de\/wp-content\/uploads\/2017\/01\/faq-haufig-gestellte-fragen-fuer-deutschkurse-und-sprachschule.jpg\"},{\"@type\":\"BreadcrumbList\",\"@id\":\"https:\/\/www.sprachschule-aktiv-muenchen.de\/pl\/faq\/#breadcrumb\",\"itemListElement\":[{\"@type\":\"ListItem\",\"position\":1,\"name\":\"Portada\",\"item\":\"https:\/\/www.sprachschule-aktiv-muenchen.de\/pl\/\"},{\"@type\":\"ListItem\",\"position\":2,\"name\":\"FAQ\"}]},{\"@type\":\"WebSite\",\"@id\":\"https:\/\/www.sprachschule-aktiv-muenchen.de\/#website\",\"url\":\"https:\/\/www.sprachschule-aktiv-muenchen.de\/\",\"name\":\"Sprachschule Aktiv\",\"description\":\"\",\"potentialAction\":[{\"@type\":\"SearchAction\",\"target\":{\"@type\":\"EntryPoint\",\"urlTemplate\":\"https:\/\/www.sprachschule-aktiv-muenchen.de\/?s={search_term_string}\"},\"query-input\":{\"@type\":\"PropertyValueSpecification\",\"valueRequired\":true,\"valueName\":\"search_term_string\"}}],\"inLanguage\":\"pl-PL\"}]}<\/script>\n<!-- \/ Yoast SEO plugin. -->","yoast_head_json":{"title":"Odpowiedzi na najcz\u0119sciej zadawane pytania - szko\u0142a Aktiv","description":"Je\u017celi masz jakie\u015b pytanie, sprawd\u017a najpierw nasz\u0105 stron\u0119 FAQ! Tutaj odpowiedzieil\u015bmy na najcz\u0119\u015bciej zadawane pytania.","robots":{"index":"index","follow":"follow","max-snippet":"max-snippet:-1","max-image-preview":"max-image-preview:large","max-video-preview":"max-video-preview:-1"},"canonical":"https:\/\/www.sprachschule-aktiv-muenchen.de\/pl\/faq\/","og_locale":"pl_PL","og_type":"article","og_title":"Odpowiedzi na najcz\u0119sciej zadawane pytania - szko\u0142a Aktiv","og_description":"Je\u017celi masz jakie\u015b pytanie, sprawd\u017a najpierw nasz\u0105 stron\u0119 FAQ! Tutaj odpowiedzieil\u015bmy na najcz\u0119\u015bciej zadawane pytania.","og_url":"https:\/\/www.sprachschule-aktiv-muenchen.de\/pl\/faq\/","og_site_name":"Sprachschule Aktiv","article_modified_time":"2021-08-08T05:02:34+00:00","og_image":[{"url":"https:\/\/www.sprachschule-aktiv-muenchen.de\/wp-content\/uploads\/2017\/01\/faq-haufig-gestellte-fragen-fuer-deutschkurse-und-sprachschule.jpg","type":"","width":"","height":""}],"twitter_card":"summary_large_image","twitter_misc":{"Szacowany czas czytania":"4 minuty"},"schema":{"@context":"https:\/\/schema.org","@graph":[{"@type":"WebPage","@id":"https:\/\/www.sprachschule-aktiv-muenchen.de\/pl\/faq\/","url":"https:\/\/www.sprachschule-aktiv-muenchen.de\/pl\/faq\/","name":"Odpowiedzi na najcz\u0119sciej zadawane pytania - szko\u0142a Aktiv","isPartOf":{"@id":"https:\/\/www.sprachschule-aktiv-muenchen.de\/#website"},"primaryImageOfPage":{"@id":"https:\/\/www.sprachschule-aktiv-muenchen.de\/pl\/faq\/#primaryimage"},"image":{"@id":"https:\/\/www.sprachschule-aktiv-muenchen.de\/pl\/faq\/#primaryimage"},"thumbnailUrl":"https:\/\/www.sprachschule-aktiv-muenchen.de\/wp-content\/uploads\/2017\/01\/faq-haufig-gestellte-fragen-fuer-deutschkurse-und-sprachschule.jpg","datePublished":"2020-08-10T12:49:59+00:00","dateModified":"2021-08-08T05:02:34+00:00","description":"Je\u017celi masz jakie\u015b pytanie, sprawd\u017a najpierw nasz\u0105 stron\u0119 FAQ! Tutaj odpowiedzieil\u015bmy na najcz\u0119\u015bciej zadawane pytania.","breadcrumb":{"@id":"https:\/\/www.sprachschule-aktiv-muenchen.de\/pl\/faq\/#breadcrumb"},"inLanguage":"pl-PL","potentialAction":[{"@type":"ReadAction","target":["https:\/\/www.sprachschule-aktiv-muenchen.de\/pl\/faq\/"]}]},{"@type":"ImageObject","inLanguage":"pl-PL","@id":"https:\/\/www.sprachschule-aktiv-muenchen.de\/pl\/faq\/#primaryimage","url":"https:\/\/www.sprachschule-aktiv-muenchen.de\/wp-content\/uploads\/2017\/01\/faq-haufig-gestellte-fragen-fuer-deutschkurse-und-sprachschule.jpg","contentUrl":"https:\/\/www.sprachschule-aktiv-muenchen.de\/wp-content\/uploads\/2017\/01\/faq-haufig-gestellte-fragen-fuer-deutschkurse-und-sprachschule.jpg"},{"@type":"BreadcrumbList","@id":"https:\/\/www.sprachschule-aktiv-muenchen.de\/pl\/faq\/#breadcrumb","itemListElement":[{"@type":"ListItem","position":1,"name":"Portada","item":"https:\/\/www.sprachschule-aktiv-muenchen.de\/pl\/"},{"@type":"ListItem","position":2,"name":"FAQ"}]},{"@type":"WebSite","@id":"https:\/\/www.sprachschule-aktiv-muenchen.de\/#website","url":"https:\/\/www.sprachschule-aktiv-muenchen.de\/","name":"Sprachschule Aktiv","description":"","potentialAction":[{"@type":"SearchAction","target":{"@type":"EntryPoint","urlTemplate":"https:\/\/www.sprachschule-aktiv-muenchen.de\/?s={search_term_string}"},"query-input":{"@type":"PropertyValueSpecification","valueRequired":true,"valueName":"search_term_string"}}],"inLanguage":"pl-PL"}]}},"_links":{"self":[{"href":"https:\/\/www.sprachschule-aktiv-muenchen.de\/pl\/wp-json\/wp\/v2\/pages\/58632","targetHints":{"allow":["GET"]}}],"collection":[{"href":"https:\/\/www.sprachschule-aktiv-muenchen.de\/pl\/wp-json\/wp\/v2\/pages"}],"about":[{"href":"https:\/\/www.sprachschule-aktiv-muenchen.de\/pl\/wp-json\/wp\/v2\/types\/page"}],"author":[{"embeddable":true,"href":"https:\/\/www.sprachschule-aktiv-muenchen.de\/pl\/wp-json\/wp\/v2\/users\/2"}],"replies":[{"embeddable":true,"href":"https:\/\/www.sprachschule-aktiv-muenchen.de\/pl\/wp-json\/wp\/v2\/comments?post=58632"}],"version-history":[{"count":3,"href":"https:\/\/www.sprachschule-aktiv-muenchen.de\/pl\/wp-json\/wp\/v2\/pages\/58632\/revisions"}],"predecessor-version":[{"id":69019,"href":"https:\/\/www.sprachschule-aktiv-muenchen.de\/pl\/wp-json\/wp\/v2\/pages\/58632\/revisions\/69019"}],"wp:attachment":[{"href":"https:\/\/www.sprachschule-aktiv-muenchen.de\/pl\/wp-json\/wp\/v2\/media?parent=58632"}],"curies":[{"name":"wp","href":"https:\/\/api.w.org\/{rel}","templated":true}]}}