{"id":58252,"date":"2020-08-06T14:33:56","date_gmt":"2020-08-06T12:33:56","guid":{"rendered":"https:\/\/www.sprachschule-aktiv-muenchen.de\/?page_id=58252"},"modified":"2022-12-29T13:21:16","modified_gmt":"2022-12-29T12:21:16","slug":"filmy-i-zdjecia-z-naszej-szkoly-jezykowej-aktiv","status":"publish","type":"page","link":"https:\/\/www.sprachschule-aktiv-muenchen.de\/pl\/filmy-i-zdjecia-z-naszej-szkoly-jezykowej-aktiv\/","title":{"rendered":"Filmy i zdj\u0119cia z naszej szko\u0142y j\u0119zykowej Aktiv"},"content":{"rendered":"<p>[vc_row][vc_column][vc_column_text]<\/p>\n<h1>Filmy i zdj\u0119cia z naszej szko\u0142y j\u0119zykowej Aktiv &#8211; kursy j\u0119zykowe i programy rekreacyjne w Monachium!<\/h1>\n<p>Tutaj znajdziesz mn\u00f3stwo zdj\u0119\u0107 i filmik\u00f3w z naszych kurs\u00f3w j\u0119zyka niemieckiego z native speakerami oraz by\u0142ymi uczestnikami. Przekonaj si\u0119 sam o atmosferze panuj\u0105cej w naszej szkole j\u0119zykowej![\/vc_column_text][\/vc_column][\/vc_row][vc_row][vc_column][vc_column_text]https:\/\/vimeo.com\/784085244[\/vc_column_text][\/vc_column][\/vc_row][vc_row][vc_column width=&#8221;1\/4&#8243;][vc_column_text]https:\/\/youtu.be\/LTIhQ9O7kmg[\/vc_column_text][\/vc_column][vc_column width=&#8221;1\/4&#8243;][vc_column_text]https:\/\/youtu.be\/Ykg6MJ566zM[\/vc_column_text][\/vc_column][vc_column width=&#8221;1\/4&#8243;][vc_column_text]https:\/\/vimeo.com\/784085202[\/vc_column_text][\/vc_column][vc_column width=&#8221;1\/4&#8243;][vc_column_text]https:\/\/vimeo.com\/784068482[\/vc_column_text][\/vc_column][\/vc_row][vc_row][vc_column width=&#8221;1\/4&#8243;][vc_column_text]https:\/\/vimeo.com\/784068545[\/vc_column_text][\/vc_column][vc_column width=&#8221;1\/4&#8243;][vc_column_text]https:\/\/vimeo.com\/784068595[\/vc_column_text][\/vc_column][vc_column width=&#8221;1\/4&#8243;][vc_column_text]https:\/\/vimeo.com\/784068565[\/vc_column_text][\/vc_column][vc_column width=&#8221;1\/4&#8243;][vc_column_text]https:\/\/vimeo.com\/784090889[\/vc_column_text][\/vc_column][\/vc_row][vc_row][vc_column width=&#8221;1\/4&#8243;][vc_column_text]https:\/\/vimeo.com\/784091206[\/vc_column_text][\/vc_column][vc_column width=&#8221;1\/4&#8243;][vc_column_text]https:\/\/vimeo.com\/784091223[\/vc_column_text][\/vc_column][vc_column width=&#8221;1\/4&#8243;][vc_column_text]https:\/\/vimeo.com\/784085202[\/vc_column_text][\/vc_column][vc_column width=&#8221;1\/4&#8243;][vc_column_text]https:\/\/vimeo.com\/784068627[\/vc_column_text][\/vc_column][\/vc_row][vc_row][vc_column width=&#8221;1\/4&#8243;][vc_column_text]https:\/\/youtu.be\/t07q7g4cI3E[\/vc_column_text][\/vc_column][vc_column width=&#8221;1\/4&#8243;][vc_column_text]https:\/\/youtu.be\/t07q7g4cI3E[\/vc_column_text][\/vc_column][vc_column width=&#8221;1\/4&#8243;][vc_column_text]https:\/\/youtu.be\/NLkzkz_Ld5c[\/vc_column_text][\/vc_column][vc_column width=&#8221;1\/4&#8243;][vc_column_text]https:\/\/youtu.be\/cTrnXlvqlnA[\/vc_column_text][\/vc_column][\/vc_row][vc_row][vc_column width=&#8221;1\/4&#8243;][vc_video link=&#8221;https:\/\/youtu.be\/t07q7g4cI3E&#8221;][\/vc_column][vc_column width=&#8221;1\/4&#8243;][vc_video link=&#8221;https:\/\/youtu.be\/TkYG_fnMg4g&#8221;][\/vc_column][vc_column width=&#8221;1\/4&#8243;][vc_video link=&#8221;https:\/\/vimeo.com\/784068627&#8243;][\/vc_column][vc_column width=&#8221;1\/4&#8243;][vc_video link=&#8221;https:\/\/vimeo.com\/784085202&#8243;][\/vc_column][\/vc_row][vc_row][vc_column width=&#8221;1\/4&#8243;][vc_video link=&#8221;https:\/\/vimeo.com\/784068511&#8243;][\/vc_column][vc_column width=&#8221;1\/4&#8243;][vc_video link=&#8221;https:\/\/vimeo.com\/784068595&#8243;][\/vc_column][vc_column width=&#8221;1\/4&#8243;][vc_video link=&#8221;https:\/\/vimeo.com\/784068545&#8243;][\/vc_column][vc_column width=&#8221;1\/4&#8243;][vc_video link=&#8221;https:\/\/vimeo.com\/784091223&#8243;][\/vc_column][\/vc_row][vc_row][vc_column width=&#8221;1\/2&#8243;][vc_video link=&#8221;https:\/\/vimeo.com\/784091223&#8243;][\/vc_column][vc_column width=&#8221;1\/2&#8243;][vc_video link=&#8221;https:\/\/vimeo.com\/784091206&#8243;][\/vc_column][\/vc_row][vc_row][vc_column][vc_gallery type=&#8221;image_grid&#8221; images=&#8221;58254,58302,58326,58350,58374,58398,58422,58446,58470,58494,58518,58542,58278&#8243; title=&#8221;Sprachschule Aktiv&#8221;][\/vc_column][\/vc_row][vc_row][vc_column][vc_column_text]<\/p>\n<h2>Uczymy si\u0119 nie tylko w salach lekcyjnych! Poznaj Bawari\u0119!<\/h2>\n<p>Ze Sprachschule Aktiv uczysz si\u0119 niemieckiego i poznajesz Monachium, stolic\u0119 Bawarii. Organizujemy kr\u00f3tkie wycieczki oraz pikniki, aby ka\u017cdy m\u00f3g\u0142 si\u0119 lepiej pozna\u0107 i nawi\u0105za\u0107 ciekawe znajomo\u015bci na ca\u0142e \u017cycie \ud83d\ude42<\/p>\n<p>Pozwala to r\u00f3wnie\u017c w bardzo kr\u00f3tkim czasie prze\u0142ama\u0107 bariery j\u0119zykowe![\/vc_column_text][vc_video link=&#8221;https:\/\/www.youtube.com\/watch?v=qV5DUL2Y4-U&#8221;][\/vc_column][\/vc_row][vc_row][vc_column][vc_column_text]<\/p>\n<h2>A co po kursie?<\/h2>\n<p>Zesp\u00f3\u0142 Sprachschule Aktiv organizuje zaj\u0119cia dla uczestnik\u00f3w r\u00f3wnie\u017c po zako\u0144czeniu kursu niemieckiego. Je\u017adzimy razem na wycieczki, chodzimy na imprezy kulturalne i sportowe. Daje to mo\u017cliwo\u015b\u0107 lepszego poznania niemieckiej kultury, a jednocze\u015bnie \u0107wiczenia i pog\u0142\u0119bienia znajomo\u015bci j\u0119zyka niemieckiego!<\/p>\n<p><iframe title=\"Sprachen Online lernen - Onlinekurse f\u00fcr Deutsch, Englisch, Spanisch, Italienisch, Koreanisch...\" width=\"500\" height=\"281\" src=\"https:\/\/www.youtube.com\/embed\/t07q7g4cI3E?feature=oembed\" frameborder=\"0\" allow=\"accelerometer; autoplay; clipboard-write; encrypted-media; gyroscope; picture-in-picture; web-share\" referrerpolicy=\"strict-origin-when-cross-origin\" allowfullscreen><\/iframe><\/p>\n<p>Monachium to bardzo \u017cywe miasto, znajdziesz tu \u015bwiatowej klasy muzea, o\u015brodki kulturowe, a Alpy s\u0105 niemal na wyci\u0105gni\u0119cie r\u0119ki.\u00a0Dane dotycz\u0105ce bezrobocia w Monachium s\u0105 r\u00f3wnie\u017c niskie. Ka\u017cdy, kto przyje\u017cd\u017ca do Monachium, ma szans\u0119 na dobr\u0105 prac\u0119 w znanej firmie &#8211; pod warunkiem, \u017ce zna j\u0119zyk niemiecki. Nauka niemieckiego jest zatem r\u00f3wnie\u017c przepustk\u0105 do znalezienia pracy, kariery i integracji spo\u0142ecznej.[\/vc_column_text][\/vc_column][\/vc_row][vc_row][vc_column][vc_column_text]Poznaj <strong>Marienplatz<\/strong> w Monachium ze s\u0142ynnym carillon, <strong>Viktualienmarkt<\/strong>, gdzie sprzedawane s\u0105 owoce i warzywa z ca\u0142ego \u015bwiata, <strong>Centrum Olimpijskie<\/strong> i <strong>Pa\u0142ac Nymphenburg<\/strong>. Od klubu Bundesligi, takiego jak FC Bayern Monachium, po firmy takie jak Siemens, od producent\u00f3w samochod\u00f3w, takich jak BMW, po organizator\u00f3w koncert\u00f3w, Monachium jest \u015bwiatowym liderem. Ta zaawansowana technologicznie metropolia jest tak\u017ce centrum przemys\u0142u filmowego i telewizyjnego oraz uwa\u017cana jest za niemieck\u0105 stolic\u0119 medi\u00f3w.<\/p>\n<p>Metropolia Isar to ulubione miasto Niemc\u00f3w, co wynika g\u0142\u00f3wnie z jako\u015bci \u017cycia i bezpiecze\u0144stwa. W monachijskich restauracjach, barach i dyskotekach krz\u0105taj\u0105 si\u0119 gwiazdy. Mi\u0142o\u015bnicy kultury na ka\u017cdym kroku znajd\u0105 tu znakomite muzea, liczne kina i r\u00f3\u017cnorodne \u015bwi\u0105tynie &#8211; od <strong>Opery Narodowej<\/strong> po <strong>Stadion Olimpijski<\/strong>, na kt\u00f3rym odbywaj\u0105 si\u0119 wa\u017cne wydarzenia muzyczne. A je\u015bli chcesz cieszy\u0107 si\u0119 przys\u0142owiow\u0105 bawarsk\u0105 go\u015bcinno\u015bci\u0105, z pewno\u015bci\u0105 znajdziesz tu przytulne miejsce w jednym z tradycyjnych ogr\u00f3dk\u00f3w piwnych. Nie mo\u017cna pomin\u0105\u0107 najwi\u0119kszego festiwalu na \u015bwiecie: <strong>Oktoberfest<\/strong>.<\/p>\n<p>Najpi\u0119kniejsze jeziora w Niemczech znajduj\u0105 si\u0119 w Monachium i jego okolicach. Poznaj wiele s\u0142ynnych zabytk\u00f3w i zdumiewaj\u0105c\u0105 przyrod\u0119 Bawarii, imponuj\u0105cym zamkiem <strong>Neuschwanstein<\/strong>, ciesz si\u0119 <strong>Zugspitze<\/strong> lub jeziorem <strong>Starnberg<\/strong>. Miasto Monachium sprawia, \u017ce \u200b\u200bnauka jest wyj\u0105tkowym prze\u017cyciem, nawet poza kursem niemieckiego.[\/vc_column_text][\/vc_column][\/vc_row]<\/p>\n","protected":false},"excerpt":{"rendered":"<p>[vc_row][vc_column][vc_column_text] Filmy i zdj\u0119cia z naszej szko\u0142y j\u0119zykowej Aktiv &#8211; kursy j\u0119zykowe i programy rekreacyjne w Monachium! Tutaj znajdziesz mn\u00f3stwo zdj\u0119\u0107 i filmik\u00f3w z naszych kurs\u00f3w j\u0119zyka niemieckiego z native speakerami oraz by\u0142ymi uczestnikami. Przekonaj si\u0119 sam o atmosferze panuj\u0105cej w naszej szkole j\u0119zykowej![\/vc_column_text][\/vc_column][\/vc_row][vc_row][vc_column][vc_column_text]https:\/\/vimeo.com\/784085244[\/vc_column_text][\/vc_column][\/vc_row][vc_row][vc_column width=&#8221;1\/4&#8243;][vc_column_text]https:\/\/youtu.be\/LTIhQ9O7kmg[\/vc_column_text][\/vc_column][vc_column width=&#8221;1\/4&#8243;][vc_column_text]https:\/\/youtu.be\/Ykg6MJ566zM[\/vc_column_text][\/vc_column][vc_column width=&#8221;1\/4&#8243;][vc_column_text]https:\/\/vimeo.com\/784085202[\/vc_column_text][\/vc_column][vc_column width=&#8221;1\/4&#8243;][vc_column_text]https:\/\/vimeo.com\/784068482[\/vc_column_text][\/vc_column][\/vc_row][vc_row][vc_column width=&#8221;1\/4&#8243;][vc_column_text]https:\/\/vimeo.com\/784068545[\/vc_column_text][\/vc_column][vc_column width=&#8221;1\/4&#8243;][vc_column_text]https:\/\/vimeo.com\/784068595[\/vc_column_text][\/vc_column][vc_column width=&#8221;1\/4&#8243;][vc_column_text]https:\/\/vimeo.com\/784068565[\/vc_column_text][\/vc_column][vc_column width=&#8221;1\/4&#8243;][vc_column_text]https:\/\/vimeo.com\/784090889[\/vc_column_text][\/vc_column][\/vc_row][vc_row][vc_column width=&#8221;1\/4&#8243;][vc_column_text]https:\/\/vimeo.com\/784091206[\/vc_column_text][\/vc_column][vc_column width=&#8221;1\/4&#8243;][vc_column_text]https:\/\/vimeo.com\/784091223[\/vc_column_text][\/vc_column][vc_column width=&#8221;1\/4&#8243;][vc_column_text]https:\/\/vimeo.com\/784085202[\/vc_column_text][\/vc_column][vc_column&hellip; <a class=\"read-more\" href=\"https:\/\/www.sprachschule-aktiv-muenchen.de\/pl\/filmy-i-zdjecia-z-naszej-szkoly-jezykowej-aktiv\/\" title=\"Read Filmy i zdj\u0119cia z naszej szko\u0142y j\u0119zykowej Aktiv\">Read more &raquo;<\/a><\/p>\n","protected":false},"author":2,"featured_media":0,"parent":0,"menu_order":0,"comment_status":"closed","ping_status":"closed","template":"","meta":{"footnotes":""},"class_list":["post-58252","page","type-page","status-publish","hentry"],"yoast_head":"<!-- This site is optimized with the Yoast SEO plugin v27.1.1 - https:\/\/yoast.com\/product\/yoast-seo-wordpress\/ -->\n<title>Filmy i zdj\u0119cia z naszej szko\u0142y j\u0119zykowej Aktiv - kursy i wycieczki<\/title>\n<meta name=\"description\" content=\"Obejrzyj filmiki i zdj\u0119cia z naszych kurs\u00f3w j\u0119zykowych oraz z czasu wolnego naszych student\u00f3w! Gwarantujemy nie tylko siedzienie w klasie\" \/>\n<meta name=\"robots\" content=\"index, follow, max-snippet:-1, max-image-preview:large, max-video-preview:-1\" \/>\n<link rel=\"canonical\" href=\"https:\/\/www.sprachschule-aktiv-muenchen.de\/pl\/filmy-i-zdjecia-z-naszej-szkoly-jezykowej-aktiv\/\" \/>\n<meta property=\"og:locale\" content=\"pl_PL\" \/>\n<meta property=\"og:type\" content=\"article\" \/>\n<meta property=\"og:title\" content=\"Filmy i zdj\u0119cia z naszej szko\u0142y j\u0119zykowej Aktiv - kursy i wycieczki\" \/>\n<meta property=\"og:description\" content=\"Obejrzyj filmiki i zdj\u0119cia z naszych kurs\u00f3w j\u0119zykowych oraz z czasu wolnego naszych student\u00f3w! Gwarantujemy nie tylko siedzienie w klasie\" \/>\n<meta property=\"og:url\" content=\"https:\/\/www.sprachschule-aktiv-muenchen.de\/pl\/filmy-i-zdjecia-z-naszej-szkoly-jezykowej-aktiv\/\" \/>\n<meta property=\"og:site_name\" content=\"Sprachschule Aktiv\" \/>\n<meta property=\"article:modified_time\" content=\"2022-12-29T12:21:16+00:00\" \/>\n<meta name=\"twitter:card\" content=\"summary_large_image\" \/>\n<meta name=\"twitter:label1\" content=\"Szacowany czas czytania\" \/>\n\t<meta name=\"twitter:data1\" content=\"3 minuty\" \/>\n<script type=\"application\/ld+json\" class=\"yoast-schema-graph\">{\"@context\":\"https:\/\/schema.org\",\"@graph\":[{\"@type\":\"WebPage\",\"@id\":\"https:\/\/www.sprachschule-aktiv-muenchen.de\/pl\/filmy-i-zdjecia-z-naszej-szkoly-jezykowej-aktiv\/\",\"url\":\"https:\/\/www.sprachschule-aktiv-muenchen.de\/pl\/filmy-i-zdjecia-z-naszej-szkoly-jezykowej-aktiv\/\",\"name\":\"Filmy i zdj\u0119cia z naszej szko\u0142y j\u0119zykowej Aktiv - kursy i wycieczki\",\"isPartOf\":{\"@id\":\"https:\/\/www.sprachschule-aktiv-muenchen.de\/#website\"},\"datePublished\":\"2020-08-06T12:33:56+00:00\",\"dateModified\":\"2022-12-29T12:21:16+00:00\",\"description\":\"Obejrzyj filmiki i zdj\u0119cia z naszych kurs\u00f3w j\u0119zykowych oraz z czasu wolnego naszych student\u00f3w! Gwarantujemy nie tylko siedzienie w klasie\",\"breadcrumb\":{\"@id\":\"https:\/\/www.sprachschule-aktiv-muenchen.de\/pl\/filmy-i-zdjecia-z-naszej-szkoly-jezykowej-aktiv\/#breadcrumb\"},\"inLanguage\":\"pl-PL\",\"potentialAction\":[{\"@type\":\"ReadAction\",\"target\":[\"https:\/\/www.sprachschule-aktiv-muenchen.de\/pl\/filmy-i-zdjecia-z-naszej-szkoly-jezykowej-aktiv\/\"]}]},{\"@type\":\"BreadcrumbList\",\"@id\":\"https:\/\/www.sprachschule-aktiv-muenchen.de\/pl\/filmy-i-zdjecia-z-naszej-szkoly-jezykowej-aktiv\/#breadcrumb\",\"itemListElement\":[{\"@type\":\"ListItem\",\"position\":1,\"name\":\"Portada\",\"item\":\"https:\/\/www.sprachschule-aktiv-muenchen.de\/pl\/\"},{\"@type\":\"ListItem\",\"position\":2,\"name\":\"Filmy i zdj\u0119cia z naszej szko\u0142y j\u0119zykowej Aktiv\"}]},{\"@type\":\"WebSite\",\"@id\":\"https:\/\/www.sprachschule-aktiv-muenchen.de\/#website\",\"url\":\"https:\/\/www.sprachschule-aktiv-muenchen.de\/\",\"name\":\"Sprachschule Aktiv\",\"description\":\"\",\"potentialAction\":[{\"@type\":\"SearchAction\",\"target\":{\"@type\":\"EntryPoint\",\"urlTemplate\":\"https:\/\/www.sprachschule-aktiv-muenchen.de\/?s={search_term_string}\"},\"query-input\":{\"@type\":\"PropertyValueSpecification\",\"valueRequired\":true,\"valueName\":\"search_term_string\"}}],\"inLanguage\":\"pl-PL\"}]}<\/script>\n<!-- \/ Yoast SEO plugin. -->","yoast_head_json":{"title":"Filmy i zdj\u0119cia z naszej szko\u0142y j\u0119zykowej Aktiv - kursy i wycieczki","description":"Obejrzyj filmiki i zdj\u0119cia z naszych kurs\u00f3w j\u0119zykowych oraz z czasu wolnego naszych student\u00f3w! Gwarantujemy nie tylko siedzienie w klasie","robots":{"index":"index","follow":"follow","max-snippet":"max-snippet:-1","max-image-preview":"max-image-preview:large","max-video-preview":"max-video-preview:-1"},"canonical":"https:\/\/www.sprachschule-aktiv-muenchen.de\/pl\/filmy-i-zdjecia-z-naszej-szkoly-jezykowej-aktiv\/","og_locale":"pl_PL","og_type":"article","og_title":"Filmy i zdj\u0119cia z naszej szko\u0142y j\u0119zykowej Aktiv - kursy i wycieczki","og_description":"Obejrzyj filmiki i zdj\u0119cia z naszych kurs\u00f3w j\u0119zykowych oraz z czasu wolnego naszych student\u00f3w! Gwarantujemy nie tylko siedzienie w klasie","og_url":"https:\/\/www.sprachschule-aktiv-muenchen.de\/pl\/filmy-i-zdjecia-z-naszej-szkoly-jezykowej-aktiv\/","og_site_name":"Sprachschule Aktiv","article_modified_time":"2022-12-29T12:21:16+00:00","twitter_card":"summary_large_image","twitter_misc":{"Szacowany czas czytania":"3 minuty"},"schema":{"@context":"https:\/\/schema.org","@graph":[{"@type":"WebPage","@id":"https:\/\/www.sprachschule-aktiv-muenchen.de\/pl\/filmy-i-zdjecia-z-naszej-szkoly-jezykowej-aktiv\/","url":"https:\/\/www.sprachschule-aktiv-muenchen.de\/pl\/filmy-i-zdjecia-z-naszej-szkoly-jezykowej-aktiv\/","name":"Filmy i zdj\u0119cia z naszej szko\u0142y j\u0119zykowej Aktiv - kursy i wycieczki","isPartOf":{"@id":"https:\/\/www.sprachschule-aktiv-muenchen.de\/#website"},"datePublished":"2020-08-06T12:33:56+00:00","dateModified":"2022-12-29T12:21:16+00:00","description":"Obejrzyj filmiki i zdj\u0119cia z naszych kurs\u00f3w j\u0119zykowych oraz z czasu wolnego naszych student\u00f3w! Gwarantujemy nie tylko siedzienie w klasie","breadcrumb":{"@id":"https:\/\/www.sprachschule-aktiv-muenchen.de\/pl\/filmy-i-zdjecia-z-naszej-szkoly-jezykowej-aktiv\/#breadcrumb"},"inLanguage":"pl-PL","potentialAction":[{"@type":"ReadAction","target":["https:\/\/www.sprachschule-aktiv-muenchen.de\/pl\/filmy-i-zdjecia-z-naszej-szkoly-jezykowej-aktiv\/"]}]},{"@type":"BreadcrumbList","@id":"https:\/\/www.sprachschule-aktiv-muenchen.de\/pl\/filmy-i-zdjecia-z-naszej-szkoly-jezykowej-aktiv\/#breadcrumb","itemListElement":[{"@type":"ListItem","position":1,"name":"Portada","item":"https:\/\/www.sprachschule-aktiv-muenchen.de\/pl\/"},{"@type":"ListItem","position":2,"name":"Filmy i zdj\u0119cia z naszej szko\u0142y j\u0119zykowej Aktiv"}]},{"@type":"WebSite","@id":"https:\/\/www.sprachschule-aktiv-muenchen.de\/#website","url":"https:\/\/www.sprachschule-aktiv-muenchen.de\/","name":"Sprachschule Aktiv","description":"","potentialAction":[{"@type":"SearchAction","target":{"@type":"EntryPoint","urlTemplate":"https:\/\/www.sprachschule-aktiv-muenchen.de\/?s={search_term_string}"},"query-input":{"@type":"PropertyValueSpecification","valueRequired":true,"valueName":"search_term_string"}}],"inLanguage":"pl-PL"}]}},"_links":{"self":[{"href":"https:\/\/www.sprachschule-aktiv-muenchen.de\/pl\/wp-json\/wp\/v2\/pages\/58252","targetHints":{"allow":["GET"]}}],"collection":[{"href":"https:\/\/www.sprachschule-aktiv-muenchen.de\/pl\/wp-json\/wp\/v2\/pages"}],"about":[{"href":"https:\/\/www.sprachschule-aktiv-muenchen.de\/pl\/wp-json\/wp\/v2\/types\/page"}],"author":[{"embeddable":true,"href":"https:\/\/www.sprachschule-aktiv-muenchen.de\/pl\/wp-json\/wp\/v2\/users\/2"}],"replies":[{"embeddable":true,"href":"https:\/\/www.sprachschule-aktiv-muenchen.de\/pl\/wp-json\/wp\/v2\/comments?post=58252"}],"version-history":[{"count":8,"href":"https:\/\/www.sprachschule-aktiv-muenchen.de\/pl\/wp-json\/wp\/v2\/pages\/58252\/revisions"}],"predecessor-version":[{"id":72962,"href":"https:\/\/www.sprachschule-aktiv-muenchen.de\/pl\/wp-json\/wp\/v2\/pages\/58252\/revisions\/72962"}],"wp:attachment":[{"href":"https:\/\/www.sprachschule-aktiv-muenchen.de\/pl\/wp-json\/wp\/v2\/media?parent=58252"}],"curies":[{"name":"wp","href":"https:\/\/api.w.org\/{rel}","templated":true}]}}