{"id":58248,"date":"2020-08-06T10:37:57","date_gmt":"2020-08-06T08:37:57","guid":{"rendered":"https:\/\/www.sprachschule-aktiv-muenchen.de\/?page_id=58248"},"modified":"2021-02-14T07:14:32","modified_gmt":"2021-02-14T06:14:32","slug":"ubezpieczenie-zdrowotne-dla-kursantow-w-niemczech","status":"publish","type":"page","link":"https:\/\/www.sprachschule-aktiv-muenchen.de\/pl\/ubezpieczenie-zdrowotne-dla-kursantow-w-niemczech\/","title":{"rendered":"Ubezpieczenie zdrowotne dla kursant\u00f3w w Niemczech"},"content":{"rendered":"<h1><span style=\"font-weight: 400;\">Ubezpieczenie zdrowotne dla kursant\u00f3w w Niemczech<\/span><\/h1>\n<p><span style=\"font-weight: 400;\">Je\u015bli ucz\u0119szczasz na kurs j\u0119zykowy w Niemczech, potrzebujesz ubezpieczenia zdrowotnego. Ubezpieczenie jest obowi\u0105zkowym i prawnie wymaganym warunkiem ubiegania si\u0119 o wiz\u0119 w Republice Federalnej Niemiec. Na tej stronie zebrali\u015bmy dla Ciebie wszystkie informacje na temat ubezpieczenia zdrowotnego w Niemczech.<\/span><\/p>\n<h2><span style=\"font-weight: 400;\">Ile kosztuje ubezpieczenie zdrowotne w Niemczech?<\/span><\/h2>\n<p><span style=\"font-weight: 400;\">Care Concept oferuje ubezpieczenie zdrowotne za 26 euro miesi\u0119cznie. Mo\u017cesz ubiega\u0107 si\u0119 o ubezpieczenie online, a nast\u0119pnie otrzyma\u0107 odpowiednie dokumenty poczt\u0105 elektroniczn\u0105.\u00a0<\/span><\/p>\n<h2><span style=\"font-weight: 400;\">Gdzie mo\u017cna znale\u017a\u0107 ubezpieczenie zdrowotne? Ceny i rejestracja<\/span><\/h2>\n<p><span style=\"font-weight: 400;\">Wszystkie informacje na temat rejestracji, koszt\u00f3w i, w razie potrzeby, natychmiastowego potwierdzenia mo\u017cna znale\u017a\u0107 tutaj:\u00a0<\/span><\/p>\n<ul>\n<li><a href=\"http:\/\/www.care-concept.de\/sprachschueler.php?vmnr=002644000S&amp;mail=info@sprachschule-aktiv.de&amp;navilang=\">informacje po niemiecku<\/a><\/li>\n<li><a href=\"http:\/\/www.care-concept.de\/sprachschueler_eng.php?vmnr=002644000S&amp;mail=info@sprachschule-aktiv.de&amp;navilang=eng\">informacje po angielsku\u00a0<\/a><\/li>\n<li><a href=\"http:\/\/www.care-concept.de\/sprachschueler_esp.php?vmnr=002644000S&amp;mail=info@sprachschule-aktiv.de&amp;navilang=esp\">informacje po hiszpa\u0144sku<\/a><\/li>\n<li><a href=\"http:\/\/www.care-concept.de\/sprachschueler_rus.php?vmnr=002644000S&amp;mail=info@sprachschule-aktiv.de&amp;navilang=rus\">informacje po rosyjsku<\/a><\/li>\n<li><a href=\"http:\/\/www.care-concept.de\/sprachschueler_fra.php?vmnr=002644000S&amp;mail=info@sprachschule-aktiv.de&amp;navilang=fra\">informacje po francusku<\/a><\/li>\n<\/ul>\n<h2>Ubezpieczenie zdrowotne na kursach j\u0119zyka niemieckiego w Monachium<\/h2>\n<p>Najlepiej przed wyjazdem dowiedzie\u0107 si\u0119 od swojego ubezpieczyciela, czy Twoje obecne ubezpieczenie obowi\u0105zuje r\u00f3wnie\u017c w Niemczech. Powy\u017csza oferta ubezpieczenia dotyczy wszystkich kursant\u00f3w uczestnicz\u0105cych na zaj\u0119cia do szko\u0142y j\u0119zykowej, student\u00f3w bior\u0105cych udzia\u0142 w programach wymiany: Erasmus, DAAD, SOCRATES. Sta\u017cy\u015bci i uczestnicy mi\u0119dzynarodowych projekt\u00f3w ze szk\u00f3\u0142 wy\u017cszych, wyjazd\u00f3w edukacyjnych i program\u00f3w work &amp; travel r\u00f3wnie\u017c nale\u017c\u0105 do tej grupy os\u00f3b.<\/p>\n<p>Ubezpieczenie dotyczy os\u00f3b do 35 roku \u017cycia i obejmuje pobyt zar\u00f3wno w Niemczech jak i Austrii. Ubezpieczenie pokrywa koszty choroby lub wypadku. Cena obejmuje leczenie ambulatoryjne, stomatologiczne i szpitalne. Polis\u0119 ubezpieczeniow\u0105 otrzymasz e-mailem zaledwie 15-20 minut po rejestracji.<\/p>\n","protected":false},"excerpt":{"rendered":"<p>Ubezpieczenie zdrowotne dla kursant\u00f3w w Niemczech Je\u015bli ucz\u0119szczasz na kurs j\u0119zykowy w Niemczech, potrzebujesz ubezpieczenia zdrowotnego. Ubezpieczenie jest obowi\u0105zkowym i prawnie wymaganym warunkiem ubiegania si\u0119 o wiz\u0119 w Republice Federalnej Niemiec. Na tej stronie zebrali\u015bmy dla Ciebie wszystkie informacje na temat ubezpieczenia zdrowotnego w Niemczech. Ile kosztuje ubezpieczenie zdrowotne w Niemczech? Care Concept oferuje ubezpieczenie&hellip; <a class=\"read-more\" href=\"https:\/\/www.sprachschule-aktiv-muenchen.de\/pl\/ubezpieczenie-zdrowotne-dla-kursantow-w-niemczech\/\" title=\"Read Ubezpieczenie zdrowotne dla kursant\u00f3w w Niemczech\">Read more &raquo;<\/a><\/p>\n","protected":false},"author":2,"featured_media":0,"parent":0,"menu_order":0,"comment_status":"closed","ping_status":"closed","template":"","meta":{"footnotes":""},"class_list":["post-58248","page","type-page","status-publish","hentry"],"yoast_head":"<!-- This site is optimized with the Yoast SEO plugin v27.1.1 - https:\/\/yoast.com\/product\/yoast-seo-wordpress\/ -->\n<title>Ubezpieczenie zdrowotne dla kursant\u00f3w w Niemczech<\/title>\n<meta name=\"description\" content=\"Ka\u017cdy uczestnik kursu j\u0119zykowego musi posiada\u0107 wa\u017cne ubezpieczenie zdrowotne. Tutaj znajdziesz wszystkie informacje.\" \/>\n<meta name=\"robots\" content=\"index, follow, max-snippet:-1, max-image-preview:large, max-video-preview:-1\" \/>\n<link rel=\"canonical\" href=\"https:\/\/www.sprachschule-aktiv-muenchen.de\/pl\/ubezpieczenie-zdrowotne-dla-kursantow-w-niemczech\/\" \/>\n<meta property=\"og:locale\" content=\"pl_PL\" \/>\n<meta property=\"og:type\" content=\"article\" \/>\n<meta property=\"og:title\" content=\"Ubezpieczenie zdrowotne dla kursant\u00f3w w Niemczech\" \/>\n<meta property=\"og:description\" content=\"Ka\u017cdy uczestnik kursu j\u0119zykowego musi posiada\u0107 wa\u017cne ubezpieczenie zdrowotne. Tutaj znajdziesz wszystkie informacje.\" \/>\n<meta property=\"og:url\" content=\"https:\/\/www.sprachschule-aktiv-muenchen.de\/pl\/ubezpieczenie-zdrowotne-dla-kursantow-w-niemczech\/\" \/>\n<meta property=\"og:site_name\" content=\"Sprachschule Aktiv\" \/>\n<meta property=\"article:modified_time\" content=\"2021-02-14T06:14:32+00:00\" \/>\n<meta name=\"twitter:card\" content=\"summary_large_image\" \/>\n<meta name=\"twitter:label1\" content=\"Szacowany czas czytania\" \/>\n\t<meta name=\"twitter:data1\" content=\"1 minuta\" \/>\n<script type=\"application\/ld+json\" class=\"yoast-schema-graph\">{\"@context\":\"https:\/\/schema.org\",\"@graph\":[{\"@type\":\"WebPage\",\"@id\":\"https:\/\/www.sprachschule-aktiv-muenchen.de\/pl\/ubezpieczenie-zdrowotne-dla-kursantow-w-niemczech\/\",\"url\":\"https:\/\/www.sprachschule-aktiv-muenchen.de\/pl\/ubezpieczenie-zdrowotne-dla-kursantow-w-niemczech\/\",\"name\":\"Ubezpieczenie zdrowotne dla kursant\u00f3w w Niemczech\",\"isPartOf\":{\"@id\":\"https:\/\/www.sprachschule-aktiv-muenchen.de\/#website\"},\"datePublished\":\"2020-08-06T08:37:57+00:00\",\"dateModified\":\"2021-02-14T06:14:32+00:00\",\"description\":\"Ka\u017cdy uczestnik kursu j\u0119zykowego musi posiada\u0107 wa\u017cne ubezpieczenie zdrowotne. Tutaj znajdziesz wszystkie informacje.\",\"breadcrumb\":{\"@id\":\"https:\/\/www.sprachschule-aktiv-muenchen.de\/pl\/ubezpieczenie-zdrowotne-dla-kursantow-w-niemczech\/#breadcrumb\"},\"inLanguage\":\"pl-PL\",\"potentialAction\":[{\"@type\":\"ReadAction\",\"target\":[\"https:\/\/www.sprachschule-aktiv-muenchen.de\/pl\/ubezpieczenie-zdrowotne-dla-kursantow-w-niemczech\/\"]}]},{\"@type\":\"BreadcrumbList\",\"@id\":\"https:\/\/www.sprachschule-aktiv-muenchen.de\/pl\/ubezpieczenie-zdrowotne-dla-kursantow-w-niemczech\/#breadcrumb\",\"itemListElement\":[{\"@type\":\"ListItem\",\"position\":1,\"name\":\"Portada\",\"item\":\"https:\/\/www.sprachschule-aktiv-muenchen.de\/pl\/\"},{\"@type\":\"ListItem\",\"position\":2,\"name\":\"Ubezpieczenie zdrowotne dla kursant\u00f3w w Niemczech\"}]},{\"@type\":\"WebSite\",\"@id\":\"https:\/\/www.sprachschule-aktiv-muenchen.de\/#website\",\"url\":\"https:\/\/www.sprachschule-aktiv-muenchen.de\/\",\"name\":\"Sprachschule Aktiv\",\"description\":\"\",\"potentialAction\":[{\"@type\":\"SearchAction\",\"target\":{\"@type\":\"EntryPoint\",\"urlTemplate\":\"https:\/\/www.sprachschule-aktiv-muenchen.de\/?s={search_term_string}\"},\"query-input\":{\"@type\":\"PropertyValueSpecification\",\"valueRequired\":true,\"valueName\":\"search_term_string\"}}],\"inLanguage\":\"pl-PL\"}]}<\/script>\n<!-- \/ Yoast SEO plugin. -->","yoast_head_json":{"title":"Ubezpieczenie zdrowotne dla kursant\u00f3w w Niemczech","description":"Ka\u017cdy uczestnik kursu j\u0119zykowego musi posiada\u0107 wa\u017cne ubezpieczenie zdrowotne. Tutaj znajdziesz wszystkie informacje.","robots":{"index":"index","follow":"follow","max-snippet":"max-snippet:-1","max-image-preview":"max-image-preview:large","max-video-preview":"max-video-preview:-1"},"canonical":"https:\/\/www.sprachschule-aktiv-muenchen.de\/pl\/ubezpieczenie-zdrowotne-dla-kursantow-w-niemczech\/","og_locale":"pl_PL","og_type":"article","og_title":"Ubezpieczenie zdrowotne dla kursant\u00f3w w Niemczech","og_description":"Ka\u017cdy uczestnik kursu j\u0119zykowego musi posiada\u0107 wa\u017cne ubezpieczenie zdrowotne. Tutaj znajdziesz wszystkie informacje.","og_url":"https:\/\/www.sprachschule-aktiv-muenchen.de\/pl\/ubezpieczenie-zdrowotne-dla-kursantow-w-niemczech\/","og_site_name":"Sprachschule Aktiv","article_modified_time":"2021-02-14T06:14:32+00:00","twitter_card":"summary_large_image","twitter_misc":{"Szacowany czas czytania":"1 minuta"},"schema":{"@context":"https:\/\/schema.org","@graph":[{"@type":"WebPage","@id":"https:\/\/www.sprachschule-aktiv-muenchen.de\/pl\/ubezpieczenie-zdrowotne-dla-kursantow-w-niemczech\/","url":"https:\/\/www.sprachschule-aktiv-muenchen.de\/pl\/ubezpieczenie-zdrowotne-dla-kursantow-w-niemczech\/","name":"Ubezpieczenie zdrowotne dla kursant\u00f3w w Niemczech","isPartOf":{"@id":"https:\/\/www.sprachschule-aktiv-muenchen.de\/#website"},"datePublished":"2020-08-06T08:37:57+00:00","dateModified":"2021-02-14T06:14:32+00:00","description":"Ka\u017cdy uczestnik kursu j\u0119zykowego musi posiada\u0107 wa\u017cne ubezpieczenie zdrowotne. Tutaj znajdziesz wszystkie informacje.","breadcrumb":{"@id":"https:\/\/www.sprachschule-aktiv-muenchen.de\/pl\/ubezpieczenie-zdrowotne-dla-kursantow-w-niemczech\/#breadcrumb"},"inLanguage":"pl-PL","potentialAction":[{"@type":"ReadAction","target":["https:\/\/www.sprachschule-aktiv-muenchen.de\/pl\/ubezpieczenie-zdrowotne-dla-kursantow-w-niemczech\/"]}]},{"@type":"BreadcrumbList","@id":"https:\/\/www.sprachschule-aktiv-muenchen.de\/pl\/ubezpieczenie-zdrowotne-dla-kursantow-w-niemczech\/#breadcrumb","itemListElement":[{"@type":"ListItem","position":1,"name":"Portada","item":"https:\/\/www.sprachschule-aktiv-muenchen.de\/pl\/"},{"@type":"ListItem","position":2,"name":"Ubezpieczenie zdrowotne dla kursant\u00f3w w Niemczech"}]},{"@type":"WebSite","@id":"https:\/\/www.sprachschule-aktiv-muenchen.de\/#website","url":"https:\/\/www.sprachschule-aktiv-muenchen.de\/","name":"Sprachschule Aktiv","description":"","potentialAction":[{"@type":"SearchAction","target":{"@type":"EntryPoint","urlTemplate":"https:\/\/www.sprachschule-aktiv-muenchen.de\/?s={search_term_string}"},"query-input":{"@type":"PropertyValueSpecification","valueRequired":true,"valueName":"search_term_string"}}],"inLanguage":"pl-PL"}]}},"_links":{"self":[{"href":"https:\/\/www.sprachschule-aktiv-muenchen.de\/pl\/wp-json\/wp\/v2\/pages\/58248","targetHints":{"allow":["GET"]}}],"collection":[{"href":"https:\/\/www.sprachschule-aktiv-muenchen.de\/pl\/wp-json\/wp\/v2\/pages"}],"about":[{"href":"https:\/\/www.sprachschule-aktiv-muenchen.de\/pl\/wp-json\/wp\/v2\/types\/page"}],"author":[{"embeddable":true,"href":"https:\/\/www.sprachschule-aktiv-muenchen.de\/pl\/wp-json\/wp\/v2\/users\/2"}],"replies":[{"embeddable":true,"href":"https:\/\/www.sprachschule-aktiv-muenchen.de\/pl\/wp-json\/wp\/v2\/comments?post=58248"}],"version-history":[{"count":1,"href":"https:\/\/www.sprachschule-aktiv-muenchen.de\/pl\/wp-json\/wp\/v2\/pages\/58248\/revisions"}],"predecessor-version":[{"id":58249,"href":"https:\/\/www.sprachschule-aktiv-muenchen.de\/pl\/wp-json\/wp\/v2\/pages\/58248\/revisions\/58249"}],"wp:attachment":[{"href":"https:\/\/www.sprachschule-aktiv-muenchen.de\/pl\/wp-json\/wp\/v2\/media?parent=58248"}],"curies":[{"name":"wp","href":"https:\/\/api.w.org\/{rel}","templated":true}]}}