{"id":58246,"date":"2020-08-06T10:12:14","date_gmt":"2020-08-06T08:12:14","guid":{"rendered":"https:\/\/www.sprachschule-aktiv-muenchen.de\/?page_id=58246"},"modified":"2020-08-06T10:12:14","modified_gmt":"2020-08-06T08:12:14","slug":"cwiczenia-z-gramatyki-niemieckiej-online","status":"publish","type":"page","link":"https:\/\/www.sprachschule-aktiv-muenchen.de\/pl\/cwiczenia-z-gramatyki-niemieckiej-online\/","title":{"rendered":"\u0106wiczenia z gramatyki niemieckiej online"},"content":{"rendered":"<h1><span style=\"font-weight: 400;\">\u0106wiczenia z gramatyki niemieckiej online\u00a0<\/span><\/h1>\n<p><span style=\"font-weight: 400;\">Pocz\u0105tkuj\u0105cym czasami trudno jest zaprzyja\u017ani\u0107 si\u0119 z gramatyk\u0105 niemieck\u0105. Je\u015bli chcesz sformu\u0142owa\u0107 poprawne zdanie po niemiecku, musisz r\u00f3wnie\u017c przestrzega\u0107 wielu zasad. Je\u015bli zdanie jest uzupe\u0142nieniem biernika, powiniene\u015b zna\u0107 rodzaj rzeczownika, aby prawid\u0142owo odmieni\u0107 rodzajnik. Brzmi skomplikowanie? Trzeba przyzna\u0107, \u017ce nie jest to \u0142atwe. Najlepszym sposobem na lepsze zapami\u0119tanie takich szczeg\u00f3\u0142\u00f3w jest praktyka. Aby Ci\u0119 wesprze\u0107, oferujemy na ko\u0144cu wpisu kilka zada\u0144, kt\u00f3re mo\u017cesz uzupe\u0142ni\u0107 w domu.<\/span><\/p>\n<p><span style=\"font-weight: 400;\"><strong>Najskuteczniejszym sposobem nauki j\u0119zyka niemieckiego jest po\u0142\u0105czenie kursu z dodatkowymi \u0107wiczeniami, kt\u00f3re wykonujesz z w\u0142asnej inicjatywy.<\/strong>\u00a0<\/span><\/p>\n<h2><span style=\"font-weight: 400;\">\u0106wiczenia dla poziom\u00f3w A1, A2, B1 i B2<\/span><\/h2>\n<p><span style=\"font-weight: 400;\">Nie jeste\u015b pewien na jakim poziomie jest Tw\u00f3j niemiecki? Poni\u017cej przygotowali\u015bmy test kwalifikuj\u0105cy, kt\u00f3ry wska\u017ce Tw\u00f3j poziom. Mo\u017cesz go wype\u0142ni\u0107 zar\u00f3wno online jak i osobi\u015bcie w naszej szkole! \ud83d\ude42\u00a0<\/span><\/p>\n<p><span style=\"font-weight: 400;\">Poni\u017cej wymienili\u015bmy tak\u017ce r\u00f3\u017cne \u0107wiczenia z gramatyki j\u0119zyka niemieckiego i zamie\u015bcili\u015bmy link do test\u00f3w kwalifikuj\u0105cych. Po prostu kliknij poziom, kt\u00f3ry Ci\u0119 interesuje i wypr\u00f3buj:<\/span><\/p>\n<h2><span style=\"font-weight: 400;\">A1: \u0106wiczenia z gramatyki niemieckiej dla pocz\u0105tkuj\u0105cych<\/span><\/h2>\n<p><a href=\"https:\/\/www.sprachschule-aktiv-muenchen.de\/a1-ubungen-in-deutscher-grammatik-fur-anfanger.pdf\"><span style=\"font-weight: 400;\">https:\/\/www.sprachschule-aktiv-muenchen.de\/a1-ubungen-in-deutscher-grammatik-fur-anfanger.pdf<\/span><\/a><\/p>\n<p>&nbsp;<\/p>\n<h2><span style=\"font-weight: 400;\">A2: \u0106wiczenia z gramatyki niemieckiej dla pocz\u0105tkuj\u0105cych z wcze\u015bniejsz\u0105 wiedz\u0105<\/span><\/h2>\n<p><a href=\"https:\/\/www.sprachschule-aktiv-muenchen.de\/a2-ubungen-in-deutscher-grammatik-fur-anfanger-mit-vorkenntnissen.pdf\"><span style=\"font-weight: 400;\">https:\/\/www.sprachschule-aktiv-muenchen.de\/a2-ubungen-in-deutscher-grammatik-fur-anfanger-mit-vorkenntnissen.pdf<\/span><\/a><\/p>\n<p>&nbsp;<\/p>\n<h2><span style=\"font-weight: 400;\">B1: \u0106wiczenia z gramatyki j\u0119zyka niemieckiego dla pocz\u0105tkuj\u0105cych na poziomie \u015bredniozaawansowanym<\/span><\/h2>\n<p><a href=\"https:\/\/www.sprachschule-aktiv-muenchen.de\/b1-ubungen-in-deutscher-grammatik-fur-anfanger-auf-dem-niveau-der-mittelstufe.pdf\"><span style=\"font-weight: 400;\">https:\/\/www.sprachschule-aktiv-muenchen.de\/b1-ubungen-in-deutscher-grammatik-fur-anfanger-auf-dem-niveau-der-mittelstufe.pdf<\/span><\/a><\/p>\n<p>&nbsp;<\/p>\n<h2><span style=\"font-weight: 400;\">B2: \u0106wiczenia z gramatyki j\u0119zyka niemieckiego dla student\u00f3w zaawansowanych<\/span><\/h2>\n<p><a href=\"https:\/\/www.sprachschule-aktiv-muenchen.de\/b2-ubungen-in-deutscher-grammatik-fur-fortgeschrittene.pdf\"><span style=\"font-weight: 400;\">https:\/\/www.sprachschule-aktiv-muenchen.de\/b2-ubungen-in-deutscher-grammatik-fur-fortgeschrittene.pdf<\/span><\/a><\/p>\n<p>&nbsp;<\/p>\n<h2><span style=\"font-weight: 400;\">Test kwalifikacyjny z j\u0119zyka niemieckiego &#8211; sprawd\u017a jaki jest Tw\u00f3j poziom niemieckiego<\/span><\/h2>\n<p><a href=\"https:\/\/www.sprachschule-aktiv-muenchen.de\/deutsch-einstufungstest\/\"><span style=\"font-weight: 400;\">https:\/\/www.sprachschule-aktiv-muenchen.de\/deutsch-einstufungstest\/<\/span><\/a><\/p>\n","protected":false},"excerpt":{"rendered":"<p>\u0106wiczenia z gramatyki niemieckiej online\u00a0 Pocz\u0105tkuj\u0105cym czasami trudno jest zaprzyja\u017ani\u0107 si\u0119 z gramatyk\u0105 niemieck\u0105. Je\u015bli chcesz sformu\u0142owa\u0107 poprawne zdanie po niemiecku, musisz r\u00f3wnie\u017c przestrzega\u0107 wielu zasad. Je\u015bli zdanie jest uzupe\u0142nieniem biernika, powiniene\u015b zna\u0107 rodzaj rzeczownika, aby prawid\u0142owo odmieni\u0107 rodzajnik. Brzmi skomplikowanie? Trzeba przyzna\u0107, \u017ce nie jest to \u0142atwe. Najlepszym sposobem na lepsze zapami\u0119tanie takich szczeg\u00f3\u0142\u00f3w&hellip; <a class=\"read-more\" href=\"https:\/\/www.sprachschule-aktiv-muenchen.de\/pl\/cwiczenia-z-gramatyki-niemieckiej-online\/\" title=\"Read \u0106wiczenia z gramatyki niemieckiej online\">Read more &raquo;<\/a><\/p>\n","protected":false},"author":2,"featured_media":0,"parent":0,"menu_order":0,"comment_status":"closed","ping_status":"closed","template":"","meta":{"footnotes":""},"class_list":["post-58246","page","type-page","status-publish","hentry"],"yoast_head":"<!-- This site is optimized with the Yoast SEO plugin v27.1.1 - https:\/\/yoast.com\/product\/yoast-seo-wordpress\/ -->\n<title>\u0106wiczenia z gramatyki niemieckiej online z Sprachschule Aktiv<\/title>\n<meta name=\"description\" content=\"Tutaj znajdzie kilka zada\u0144 z gramatyki niemieckiej. Wykonaj r\u00f3wnie\u017c test online sprawdzjacy Tw\u00f3j obecny poziom j\u0119zyka niemieckiego!\" \/>\n<meta name=\"robots\" content=\"index, follow, max-snippet:-1, max-image-preview:large, max-video-preview:-1\" \/>\n<link rel=\"canonical\" href=\"https:\/\/www.sprachschule-aktiv-muenchen.de\/pl\/cwiczenia-z-gramatyki-niemieckiej-online\/\" \/>\n<meta property=\"og:locale\" content=\"pl_PL\" \/>\n<meta property=\"og:type\" content=\"article\" \/>\n<meta property=\"og:title\" content=\"\u0106wiczenia z gramatyki niemieckiej online z Sprachschule Aktiv\" \/>\n<meta property=\"og:description\" content=\"Tutaj znajdzie kilka zada\u0144 z gramatyki niemieckiej. Wykonaj r\u00f3wnie\u017c test online sprawdzjacy Tw\u00f3j obecny poziom j\u0119zyka niemieckiego!\" \/>\n<meta property=\"og:url\" content=\"https:\/\/www.sprachschule-aktiv-muenchen.de\/pl\/cwiczenia-z-gramatyki-niemieckiej-online\/\" \/>\n<meta property=\"og:site_name\" content=\"Sprachschule Aktiv\" \/>\n<meta name=\"twitter:card\" content=\"summary_large_image\" \/>\n<meta name=\"twitter:label1\" content=\"Szacowany czas czytania\" \/>\n\t<meta name=\"twitter:data1\" content=\"1 minuta\" \/>\n<script type=\"application\/ld+json\" class=\"yoast-schema-graph\">{\"@context\":\"https:\/\/schema.org\",\"@graph\":[{\"@type\":\"WebPage\",\"@id\":\"https:\/\/www.sprachschule-aktiv-muenchen.de\/pl\/cwiczenia-z-gramatyki-niemieckiej-online\/\",\"url\":\"https:\/\/www.sprachschule-aktiv-muenchen.de\/pl\/cwiczenia-z-gramatyki-niemieckiej-online\/\",\"name\":\"\u0106wiczenia z gramatyki niemieckiej online z Sprachschule Aktiv\",\"isPartOf\":{\"@id\":\"https:\/\/www.sprachschule-aktiv-muenchen.de\/#website\"},\"datePublished\":\"2020-08-06T08:12:14+00:00\",\"description\":\"Tutaj znajdzie kilka zada\u0144 z gramatyki niemieckiej. Wykonaj r\u00f3wnie\u017c test online sprawdzjacy Tw\u00f3j obecny poziom j\u0119zyka niemieckiego!\",\"breadcrumb\":{\"@id\":\"https:\/\/www.sprachschule-aktiv-muenchen.de\/pl\/cwiczenia-z-gramatyki-niemieckiej-online\/#breadcrumb\"},\"inLanguage\":\"pl-PL\",\"potentialAction\":[{\"@type\":\"ReadAction\",\"target\":[\"https:\/\/www.sprachschule-aktiv-muenchen.de\/pl\/cwiczenia-z-gramatyki-niemieckiej-online\/\"]}]},{\"@type\":\"BreadcrumbList\",\"@id\":\"https:\/\/www.sprachschule-aktiv-muenchen.de\/pl\/cwiczenia-z-gramatyki-niemieckiej-online\/#breadcrumb\",\"itemListElement\":[{\"@type\":\"ListItem\",\"position\":1,\"name\":\"Portada\",\"item\":\"https:\/\/www.sprachschule-aktiv-muenchen.de\/pl\/\"},{\"@type\":\"ListItem\",\"position\":2,\"name\":\"\u0106wiczenia z gramatyki niemieckiej online\"}]},{\"@type\":\"WebSite\",\"@id\":\"https:\/\/www.sprachschule-aktiv-muenchen.de\/#website\",\"url\":\"https:\/\/www.sprachschule-aktiv-muenchen.de\/\",\"name\":\"Sprachschule Aktiv\",\"description\":\"\",\"potentialAction\":[{\"@type\":\"SearchAction\",\"target\":{\"@type\":\"EntryPoint\",\"urlTemplate\":\"https:\/\/www.sprachschule-aktiv-muenchen.de\/?s={search_term_string}\"},\"query-input\":{\"@type\":\"PropertyValueSpecification\",\"valueRequired\":true,\"valueName\":\"search_term_string\"}}],\"inLanguage\":\"pl-PL\"}]}<\/script>\n<!-- \/ Yoast SEO plugin. -->","yoast_head_json":{"title":"\u0106wiczenia z gramatyki niemieckiej online z Sprachschule Aktiv","description":"Tutaj znajdzie kilka zada\u0144 z gramatyki niemieckiej. Wykonaj r\u00f3wnie\u017c test online sprawdzjacy Tw\u00f3j obecny poziom j\u0119zyka niemieckiego!","robots":{"index":"index","follow":"follow","max-snippet":"max-snippet:-1","max-image-preview":"max-image-preview:large","max-video-preview":"max-video-preview:-1"},"canonical":"https:\/\/www.sprachschule-aktiv-muenchen.de\/pl\/cwiczenia-z-gramatyki-niemieckiej-online\/","og_locale":"pl_PL","og_type":"article","og_title":"\u0106wiczenia z gramatyki niemieckiej online z Sprachschule Aktiv","og_description":"Tutaj znajdzie kilka zada\u0144 z gramatyki niemieckiej. Wykonaj r\u00f3wnie\u017c test online sprawdzjacy Tw\u00f3j obecny poziom j\u0119zyka niemieckiego!","og_url":"https:\/\/www.sprachschule-aktiv-muenchen.de\/pl\/cwiczenia-z-gramatyki-niemieckiej-online\/","og_site_name":"Sprachschule Aktiv","twitter_card":"summary_large_image","twitter_misc":{"Szacowany czas czytania":"1 minuta"},"schema":{"@context":"https:\/\/schema.org","@graph":[{"@type":"WebPage","@id":"https:\/\/www.sprachschule-aktiv-muenchen.de\/pl\/cwiczenia-z-gramatyki-niemieckiej-online\/","url":"https:\/\/www.sprachschule-aktiv-muenchen.de\/pl\/cwiczenia-z-gramatyki-niemieckiej-online\/","name":"\u0106wiczenia z gramatyki niemieckiej online z Sprachschule Aktiv","isPartOf":{"@id":"https:\/\/www.sprachschule-aktiv-muenchen.de\/#website"},"datePublished":"2020-08-06T08:12:14+00:00","description":"Tutaj znajdzie kilka zada\u0144 z gramatyki niemieckiej. Wykonaj r\u00f3wnie\u017c test online sprawdzjacy Tw\u00f3j obecny poziom j\u0119zyka niemieckiego!","breadcrumb":{"@id":"https:\/\/www.sprachschule-aktiv-muenchen.de\/pl\/cwiczenia-z-gramatyki-niemieckiej-online\/#breadcrumb"},"inLanguage":"pl-PL","potentialAction":[{"@type":"ReadAction","target":["https:\/\/www.sprachschule-aktiv-muenchen.de\/pl\/cwiczenia-z-gramatyki-niemieckiej-online\/"]}]},{"@type":"BreadcrumbList","@id":"https:\/\/www.sprachschule-aktiv-muenchen.de\/pl\/cwiczenia-z-gramatyki-niemieckiej-online\/#breadcrumb","itemListElement":[{"@type":"ListItem","position":1,"name":"Portada","item":"https:\/\/www.sprachschule-aktiv-muenchen.de\/pl\/"},{"@type":"ListItem","position":2,"name":"\u0106wiczenia z gramatyki niemieckiej online"}]},{"@type":"WebSite","@id":"https:\/\/www.sprachschule-aktiv-muenchen.de\/#website","url":"https:\/\/www.sprachschule-aktiv-muenchen.de\/","name":"Sprachschule Aktiv","description":"","potentialAction":[{"@type":"SearchAction","target":{"@type":"EntryPoint","urlTemplate":"https:\/\/www.sprachschule-aktiv-muenchen.de\/?s={search_term_string}"},"query-input":{"@type":"PropertyValueSpecification","valueRequired":true,"valueName":"search_term_string"}}],"inLanguage":"pl-PL"}]}},"_links":{"self":[{"href":"https:\/\/www.sprachschule-aktiv-muenchen.de\/pl\/wp-json\/wp\/v2\/pages\/58246","targetHints":{"allow":["GET"]}}],"collection":[{"href":"https:\/\/www.sprachschule-aktiv-muenchen.de\/pl\/wp-json\/wp\/v2\/pages"}],"about":[{"href":"https:\/\/www.sprachschule-aktiv-muenchen.de\/pl\/wp-json\/wp\/v2\/types\/page"}],"author":[{"embeddable":true,"href":"https:\/\/www.sprachschule-aktiv-muenchen.de\/pl\/wp-json\/wp\/v2\/users\/2"}],"replies":[{"embeddable":true,"href":"https:\/\/www.sprachschule-aktiv-muenchen.de\/pl\/wp-json\/wp\/v2\/comments?post=58246"}],"version-history":[{"count":1,"href":"https:\/\/www.sprachschule-aktiv-muenchen.de\/pl\/wp-json\/wp\/v2\/pages\/58246\/revisions"}],"predecessor-version":[{"id":58247,"href":"https:\/\/www.sprachschule-aktiv-muenchen.de\/pl\/wp-json\/wp\/v2\/pages\/58246\/revisions\/58247"}],"wp:attachment":[{"href":"https:\/\/www.sprachschule-aktiv-muenchen.de\/pl\/wp-json\/wp\/v2\/media?parent=58246"}],"curies":[{"name":"wp","href":"https:\/\/api.w.org\/{rel}","templated":true}]}}