{"id":58244,"date":"2020-08-06T10:05:36","date_gmt":"2020-08-06T08:05:36","guid":{"rendered":"https:\/\/www.sprachschule-aktiv-muenchen.de\/?page_id=58244"},"modified":"2021-09-15T06:01:11","modified_gmt":"2021-09-15T04:01:11","slug":"kursy-niemieckiego-dla-pielegniarek-rzy-w-monachium-wszystkie-informacje","status":"publish","type":"page","link":"https:\/\/www.sprachschule-aktiv-muenchen.de\/pl\/kursy-niemieckiego-dla-pielegniarek-rzy-w-monachium-wszystkie-informacje\/","title":{"rendered":"Kursy niemieckiego dla piel\u0119gniarek\/rzy w Monachium &#8211; wszystkie informacje"},"content":{"rendered":"<h1>Kursy niemieckiego dla piel\u0119gniarek\/rzy w Monachium &#8211; informacje<\/h1>\n<p><span style=\"font-weight: 400;\">Czy z zawodu jeste\u015b piel\u0119gniark\u0105\/rzem? Czy chcesz pracowa\u0107 w Niemczech w swoim zawodzie? W takim razie jeste\u015b we w\u0142a\u015bciwym miejscu! W Sprachschule Aktiv przygotujemy Ci\u0119 do obowi\u0105zkowego egzaminu j\u0119zykowego.<\/span><\/p>\n<p><span style=\"font-weight: 400;\">Aby wykonywa\u0107 zaw\u00f3d piel\u0119gniarki\/rza w Niemczech musisz zda\u0107 egzamin j\u0119zykowy, <strong>co najmniej na poziomie B2<\/strong>.\u00a0<\/span><\/p>\n<p><span style=\"font-weight: 400;\">Skontaktuj si\u0119 z nami, ch\u0119tnie doradzimy szczeg\u00f3\u0142owo! Tutaj znajdziesz wszystkie informacje o naszych kursach niemieckiego dla personelu piel\u0119gniarskiego w Monachium.<\/span><\/p>\n<a href=\"https:\/\/www.sprachschule-aktiv-muenchen.de\/pl\/kontakt\/\"><img decoding=\"async\" class=\"alignnone size-full wp-image-57784\" src=\"https:\/\/www.sprachschule-aktiv-muenchen.de\/wp-content\/uploads\/2020\/06\/boton1.png\" alt=\"masz pytanie?\" width=\"240\" height=\"58\" \/><\/a>\n<h2>Jak wygl\u0105da ca\u0142y proces<\/h2>\n<p><span style=\"font-weight: 400;\">Je\u015bli nie masz jeszcze poziomu B1, mo\u017cesz wzi\u0105\u0107 udzia\u0142 w naszych regularnych intensywnych kursach niemieckiego od poziomu pocz\u0105tkuj\u0105cego A1 do A2. Od poziomu B1 oferujemy nasz specjalny kurs przygotowuj\u0105cy do egzamin\u00f3w. W ci\u0105gu czterech tygodni osi\u0105gniesz poziom B2, na kt\u00f3rym prze\u0107wiczysz swoje umiej\u0119tno\u015bci w klasycznych obszarach rozumienia ze s\u0142uchu, czytania ze zrozumieniem oraz wypowiedzi pisemnej i ustnej.<\/span><\/p>\n<h2><span style=\"font-weight: 400;\">Intensywne kursy j\u0119zyka niemieckiego dla piel\u0119gniarek\/rzy w Monachium &#8211; ceny i terminy<\/span><\/h2>\n<p><span style=\"font-weight: 400;\">Czas trwania kursu: od 4 do 8 tygodni<\/span><\/p>\n<p><span style=\"font-weight: 400;\">Poziom j\u0119zyka: pocz\u0105tkuj\u0105cy lub zaawansowany<\/span><\/p>\n<p><span style=\"font-weight: 400;\">Daty: od poniedzia\u0142ku do pi\u0105tku od 9:00 do 12:45<\/span><\/p>\n<p><span style=\"font-weight: 400;\">Cena za 4 tygodnie: 499 \u20ac<\/span><\/p>\n<p><span style=\"font-weight: 400;\">Daty rozpocz\u0119cia:<\/span><\/p>\n<table>\n<tbody>\n<tr>\n<td colspan=\"3\"><b>Kurs intensywny &#8211; daty rozpocz\u0119cia:<\/b><\/p>\n<p><b>A1, A2, B1, B2, C1, C2<\/b><\/td>\n<\/tr>\n<tr>\n<td>STYCZE\u0143<\/td>\n<td>LUTY<\/td>\n<td>MARZEC<\/td>\n<\/tr>\n<tr>\n<td>7<\/td>\n<td>3<\/td>\n<td>2<\/td>\n<\/tr>\n<tr>\n<td>KWIECIE\u0143<\/td>\n<td>MAJ<\/td>\n<td>CZERWIEC<\/td>\n<\/tr>\n<tr>\n<td>6<\/td>\n<td>4<\/td>\n<td>8<\/td>\n<\/tr>\n<tr>\n<td>LIPIEC<\/td>\n<td>SIERPIE\u0143<\/td>\n<td>WRZESIE\u0143<\/td>\n<\/tr>\n<tr>\n<td>6<\/td>\n<td>3<\/td>\n<td>7<\/td>\n<\/tr>\n<tr>\n<td>PA\u0179DZIERNIK<\/td>\n<td>LISTOPAD<\/td>\n<td>LISTOPAD\/GRUDZIE\u0143<\/td>\n<\/tr>\n<tr>\n<td>5<\/td>\n<td>2<\/td>\n<td>30.11.<\/td>\n<\/tr>\n<\/tbody>\n<\/table>\n<a href=\"https:\/\/www.sprachschule-aktiv-muenchen.de\/pl\/rejestrowanie\/\"><img decoding=\"async\" class=\"alignnone size-full wp-image-57808\" src=\"https:\/\/www.sprachschule-aktiv-muenchen.de\/wp-content\/uploads\/2020\/06\/boton2.png\" alt=\"zarezerwuj teraz!\" width=\"265\" height=\"58\" \/><\/a>\n<h2><span style=\"font-weight: 400;\">Kursy wieczorowe j\u0119zyka niemieckiego dla piel\u0119gniarek\/rzy &#8211; koszty i daty rozpocz\u0119cia<\/span><\/h2>\n<p><span style=\"font-weight: 400;\">Czas trwania kursu: 12 tygodni \/ 90 minut tygodniowo<\/span><\/p>\n<p><span style=\"font-weight: 400;\">Cena za 12 tygodni: 279 \u20ac<\/span><\/p>\n<p><span style=\"font-weight: 400;\">Daty rozpocz\u0119cia: zobacz tabel\u0119\u00a0<\/span><\/p>\n<table>\n<tbody>\n<tr>\n<td colspan=\"3\"><b>Kursy wieczorowe j\u0119zyka niemieckiego 2020<\/b><\/p>\n<p><b>Poziomy A1\/A2\/B1\/B2\/C1\/C2<\/b><\/td>\n<\/tr>\n<tr>\n<td><span style=\"font-weight: 400;\">STYCZE\u0143<\/span><\/td>\n<td><span style=\"font-weight: 400;\">LUTY<\/span><\/td>\n<td><span style=\"font-weight: 400;\">MARZEC<\/span><\/td>\n<\/tr>\n<tr>\n<td><span style=\"font-weight: 400;\">09.01. czwartek\u00a0<\/span><\/p>\n<p><span style=\"font-weight: 400;\">19:00 \u2013 20:30\u00a0<\/span><\/td>\n<td><span style=\"font-weight: 400;\">05.02. \u015broda<\/span><\/p>\n<p><span style=\"font-weight: 400;\">19:30 \u2013 21:00\u00a0<\/span><\/td>\n<td><span style=\"font-weight: 400;\">02.03. poniedzia\u0142ek<\/span><\/p>\n<p><span style=\"font-weight: 400;\">18:30 \u2013 20:00\u00a0<\/span><\/td>\n<\/tr>\n<tr>\n<td><span style=\"font-weight: 400;\">KWIECIE\u0143<\/span><\/td>\n<td><span style=\"font-weight: 400;\">MAJ<\/span><\/td>\n<td><span style=\"font-weight: 400;\">CZERWIEC<\/span><\/td>\n<\/tr>\n<tr>\n<td><span style=\"font-weight: 400;\">01.04. \u015broda\u00a0<\/span><\/p>\n<p><span style=\"font-weight: 400;\">19:30 &#8211; 21:00<\/span><\/td>\n<td><span style=\"font-weight: 400;\">05.05. wtorek\u00a0<\/span><\/p>\n<p><span style=\"font-weight: 400;\">19:00 &#8211; 20:30\u00a0<\/span><\/td>\n<td><span style=\"font-weight: 400;\">03.06. \u015broda<\/span><\/p>\n<p><span style=\"font-weight: 400;\">17:30 &#8211; 19:00\u00a0<\/span><\/td>\n<\/tr>\n<tr>\n<td><span style=\"font-weight: 400;\">LIPIEC<\/span><\/td>\n<td><span style=\"font-weight: 400;\">SIERPIE\u0143<\/span><\/td>\n<td><span style=\"font-weight: 400;\">WRZESIE\u0143<\/span><\/td>\n<\/tr>\n<tr>\n<td><span style=\"font-weight: 400;\">02.07. czwartek\u00a0<\/span><\/p>\n<p><span style=\"font-weight: 400;\">19:30 &#8211; 21:00\u00a0<\/span><\/td>\n<td><span style=\"font-weight: 400;\">03.08. poniedzia\u0142ek\u00a0<\/span><\/p>\n<p><span style=\"font-weight: 400;\">19:00 &#8211; 20:30\u00a0<\/span><\/td>\n<td><span style=\"font-weight: 400;\">04.09. pi\u0105tek\u00a0<\/span><\/p>\n<p><span style=\"font-weight: 400;\">18:00 &#8211; 19:30\u00a0<\/span><\/td>\n<\/tr>\n<tr>\n<td><span style=\"font-weight: 400;\">PA\u0179DZIERNIK<\/span><\/td>\n<td><span style=\"font-weight: 400;\">LISTOPAD<\/span><\/td>\n<td><span style=\"font-weight: 400;\">GRUDZIE\u0143<\/span><\/td>\n<\/tr>\n<tr>\n<td><span style=\"font-weight: 400;\">05.10. poniedzia\u0142ek\u00a0<\/span><\/p>\n<p><span style=\"font-weight: 400;\">19:00 &#8211; 20:30<\/span><\/td>\n<td><span style=\"font-weight: 400;\">03.11. wtorek<\/span><\/p>\n<p><span style=\"font-weight: 400;\">17:30 &#8211; 19:00<\/span><\/td>\n<td><span style=\"font-weight: 400;\">02.12. \u015broda\u00a0<\/span><\/p>\n<p><span style=\"font-weight: 400;\">19:30 &#8211; 21:00\u00a0<\/span><\/td>\n<\/tr>\n<tr>\n<td><\/td>\n<td><\/td>\n<td><\/td>\n<\/tr>\n<tr>\n<td><span style=\"font-weight: 400;\">*czas trwania:<\/span><\/td>\n<td><span style=\"font-weight: 400;\">z 2 uczestnikami: 8 tygodni<\/span><\/p>\n<p><span style=\"font-weight: 400;\">z 3 uczestnikami: 10 tygodni<\/span><\/p>\n<p><span style=\"font-weight: 400;\">od 4 uczestnik\u00f3w: 12 tygodni<\/span><\/td>\n<td><\/td>\n<\/tr>\n<tr>\n<td><\/td>\n<td><\/td>\n<td><\/td>\n<\/tr>\n<tr>\n<td><span style=\"font-weight: 400;\">Cena<\/span><\/td>\n<td><span style=\"font-weight: 400;\">279\u20ac<\/span><\/td>\n<td><\/td>\n<\/tr>\n<\/tbody>\n<\/table>\n<a href=\"https:\/\/www.sprachschule-aktiv-muenchen.de\/pl\/rejestrowanie\/\"><img decoding=\"async\" class=\"alignnone size-full wp-image-57808\" src=\"https:\/\/www.sprachschule-aktiv-muenchen.de\/wp-content\/uploads\/2020\/06\/boton2.png\" alt=\"zarezerwuj teraz!\" width=\"265\" height=\"58\" \/><\/a>\n<h2>Czego uczysz si\u0119 na kursie?<\/h2>\n<p><span style=\"font-weight: 400;\">Nie tylko nauczysz si\u0119 odpowiedniego s\u0142ownictwa, ale przede wszystkim b\u0119dziesz \u0107wiczy\u0142 poprawn\u0105 wymow\u0119. W realistycznych sytuacjach b\u0119dziesz prowadzi\u0142 rozmowy z pacjentami. Po kursie b\u0119dziesz tak\u017ce wiedzia\u0142 w jaki spos\u00f3b komunikowa\u0107 si\u0119 ze swoimi kolegami z pracy. Prawid\u0142owej dokumentacji piel\u0119gniarskiej nauczysz si\u0119, pisz\u0105c histori\u0119 choroby i protoko\u0142y w odpowiedniej j\u0119zykowo formie. W ten spos\u00f3b jeste\u015b realistycznie przygotowywany do codziennego u\u017cywania j\u0119zyka niemieckiego w \u015brodowisku zawodowym, takim jak domy spokojnej staro\u015bci czy szpitale.<\/span><\/p>\n<h2>Jak uzyska\u0107 oficjalne uznanie zawodowe w sektorze opieki?<\/h2>\n<p><span style=\"font-weight: 400;\">Po zdaniu egzaminu B2 nale\u017cy z\u0142o\u017cy\u0107 wniosek do rz\u0105du G\u00f3rnej Bawarii z zakresu tematycznego 53.1. Aby u\u0142atwi\u0107 Ci obs\u0142ug\u0119 biurokratyczn\u0105, podamy tutaj link, pod kt\u00f3rym mo\u017cna znale\u017a\u0107 wszystkie informacje dotycz\u0105ce uznania kwalifikacji zawodowych <a href=\"https:\/\/www.regierung.oberbayern.bayern.de\/service\/berufsqualifikation\/gesundheitsfachberufe\/index.html\" target=\"_blank\" rel=\"noopener noreferrer\">https:\/\/www.regierung.oberbayern.bayern.de\/service\/berufsqualifikation\/gesundheitsfachberufe\/index.html<\/a><\/span><\/p>\n<h2>Kto b\u0119dzie Twoim trenerem j\u0119zykowym?<\/h2>\n<p><span style=\"font-weight: 400;\">Od naszych niemieckich lektor\u00f3w oczekujemy solidnego wykszta\u0142cenia wy\u017cszego i bogatego do\u015bwiadczenia w zakresie nauczania j\u0119zyka niemieckiego. Ponadto musz\u0105 by\u0107 native speakerami. Co wi\u0119cej, nasi nauczyciele przeszli specjalne szkolenie, aby przygotowa\u0107 Ci\u0119 specjalnie pod Tw\u00f3j egzamin zawodowy.\u00a0<\/span><\/p>\n<p><span style=\"font-weight: 400;\">Przetestuj lekcje i nauczyciela niemieckiego na bezp\u0142atnej lekcji pr\u00f3bnej!<\/span><\/p>\n<h2>Jak dobrze m\u00f3wisz po niemiecku? Bezp\u0142atny test poziomuj\u0105cy<\/h2>\n<p><span style=\"font-weight: 400;\">Chcesz wiedzie\u0107 na jakim aktualnie poziomie jest Tw\u00f3j niemiecki? Ch\u0119tnie Ci w tym pomo\u017cemy. Po prostu skorzystaj z naszego bezp\u0142atnego testu poziomuj\u0105cego! Wynik podpowie Ci, na jakim poziomie mo\u017cesz zarezerwowa\u0107 nast\u0119pny kurs niemieckiego. Je\u015bli wolisz osobist\u0105 rozmow\u0119, z przyjemno\u015bci\u0105 powitamy Ci\u0119 w szkole j\u0119zykowej i b\u0119dziemy mogli okre\u015bli\u0107 Tw\u00f3j poziom niemieckiego. Wszystko odbywa si\u0119 bezp\u0142atnie i nieobowi\u0105zkowo.\u00a0<\/span><\/p>\n","protected":false},"excerpt":{"rendered":"<p>Kursy niemieckiego dla piel\u0119gniarek\/rzy w Monachium &#8211; informacje Czy z zawodu jeste\u015b piel\u0119gniark\u0105\/rzem? Czy chcesz pracowa\u0107 w Niemczech w swoim zawodzie? W takim razie jeste\u015b we w\u0142a\u015bciwym miejscu! W Sprachschule Aktiv przygotujemy Ci\u0119 do obowi\u0105zkowego egzaminu j\u0119zykowego. Aby wykonywa\u0107 zaw\u00f3d piel\u0119gniarki\/rza w Niemczech musisz zda\u0107 egzamin j\u0119zykowy, co najmniej na poziomie B2.\u00a0 Skontaktuj si\u0119 z&hellip; <a class=\"read-more\" href=\"https:\/\/www.sprachschule-aktiv-muenchen.de\/pl\/kursy-niemieckiego-dla-pielegniarek-rzy-w-monachium-wszystkie-informacje\/\" title=\"Read Kursy niemieckiego dla piel\u0119gniarek\/rzy w Monachium &#8211; wszystkie informacje\">Read more &raquo;<\/a><\/p>\n","protected":false},"author":2,"featured_media":0,"parent":0,"menu_order":0,"comment_status":"closed","ping_status":"closed","template":"","meta":{"footnotes":""},"class_list":["post-58244","page","type-page","status-publish","hentry"],"yoast_head":"<!-- This site is optimized with the Yoast SEO plugin v27.1.1 - https:\/\/yoast.com\/product\/yoast-seo-wordpress\/ -->\n<title>Kursy j\u0119zyka niemieckiego dla piel\u0119gniarek\/rzy w Monachium<\/title>\n<meta name=\"description\" content=\"Jeste\u015b piel\u0119gniark\u0105\/rzem? Chcesz pracowa\u0107 w swoim zawodzie w Niemczech? W Sprachschule Aktiv przygotujemy Ci\u0119 do testu!\" \/>\n<meta name=\"robots\" content=\"index, follow, max-snippet:-1, max-image-preview:large, max-video-preview:-1\" \/>\n<link rel=\"canonical\" href=\"https:\/\/www.sprachschule-aktiv-muenchen.de\/pl\/kursy-niemieckiego-dla-pielegniarek-rzy-w-monachium-wszystkie-informacje\/\" \/>\n<meta property=\"og:locale\" content=\"pl_PL\" \/>\n<meta property=\"og:type\" content=\"article\" \/>\n<meta property=\"og:title\" content=\"Kursy j\u0119zyka niemieckiego dla piel\u0119gniarek\/rzy w Monachium\" \/>\n<meta property=\"og:description\" content=\"Jeste\u015b piel\u0119gniark\u0105\/rzem? Chcesz pracowa\u0107 w swoim zawodzie w Niemczech? W Sprachschule Aktiv przygotujemy Ci\u0119 do testu!\" \/>\n<meta property=\"og:url\" content=\"https:\/\/www.sprachschule-aktiv-muenchen.de\/pl\/kursy-niemieckiego-dla-pielegniarek-rzy-w-monachium-wszystkie-informacje\/\" \/>\n<meta property=\"og:site_name\" content=\"Sprachschule Aktiv\" \/>\n<meta property=\"article:modified_time\" content=\"2021-09-15T04:01:11+00:00\" \/>\n<meta property=\"og:image\" content=\"https:\/\/www.sprachschule-aktiv-muenchen.de\/wp-content\/uploads\/2020\/06\/boton1.png\" \/>\n<meta name=\"twitter:card\" content=\"summary_large_image\" \/>\n<meta name=\"twitter:label1\" content=\"Szacowany czas czytania\" \/>\n\t<meta name=\"twitter:data1\" content=\"4 minuty\" \/>\n<script type=\"application\/ld+json\" class=\"yoast-schema-graph\">{\"@context\":\"https:\/\/schema.org\",\"@graph\":[{\"@type\":\"WebPage\",\"@id\":\"https:\/\/www.sprachschule-aktiv-muenchen.de\/pl\/kursy-niemieckiego-dla-pielegniarek-rzy-w-monachium-wszystkie-informacje\/\",\"url\":\"https:\/\/www.sprachschule-aktiv-muenchen.de\/pl\/kursy-niemieckiego-dla-pielegniarek-rzy-w-monachium-wszystkie-informacje\/\",\"name\":\"Kursy j\u0119zyka niemieckiego dla piel\u0119gniarek\/rzy w Monachium\",\"isPartOf\":{\"@id\":\"https:\/\/www.sprachschule-aktiv-muenchen.de\/#website\"},\"primaryImageOfPage\":{\"@id\":\"https:\/\/www.sprachschule-aktiv-muenchen.de\/pl\/kursy-niemieckiego-dla-pielegniarek-rzy-w-monachium-wszystkie-informacje\/#primaryimage\"},\"image\":{\"@id\":\"https:\/\/www.sprachschule-aktiv-muenchen.de\/pl\/kursy-niemieckiego-dla-pielegniarek-rzy-w-monachium-wszystkie-informacje\/#primaryimage\"},\"thumbnailUrl\":\"https:\/\/www.sprachschule-aktiv-muenchen.de\/wp-content\/uploads\/2020\/06\/boton1.png\",\"datePublished\":\"2020-08-06T08:05:36+00:00\",\"dateModified\":\"2021-09-15T04:01:11+00:00\",\"description\":\"Jeste\u015b piel\u0119gniark\u0105\/rzem? Chcesz pracowa\u0107 w swoim zawodzie w Niemczech? W Sprachschule Aktiv przygotujemy Ci\u0119 do testu!\",\"breadcrumb\":{\"@id\":\"https:\/\/www.sprachschule-aktiv-muenchen.de\/pl\/kursy-niemieckiego-dla-pielegniarek-rzy-w-monachium-wszystkie-informacje\/#breadcrumb\"},\"inLanguage\":\"pl-PL\",\"potentialAction\":[{\"@type\":\"ReadAction\",\"target\":[\"https:\/\/www.sprachschule-aktiv-muenchen.de\/pl\/kursy-niemieckiego-dla-pielegniarek-rzy-w-monachium-wszystkie-informacje\/\"]}]},{\"@type\":\"ImageObject\",\"inLanguage\":\"pl-PL\",\"@id\":\"https:\/\/www.sprachschule-aktiv-muenchen.de\/pl\/kursy-niemieckiego-dla-pielegniarek-rzy-w-monachium-wszystkie-informacje\/#primaryimage\",\"url\":\"https:\/\/www.sprachschule-aktiv-muenchen.de\/wp-content\/uploads\/2020\/06\/boton1.png\",\"contentUrl\":\"https:\/\/www.sprachschule-aktiv-muenchen.de\/wp-content\/uploads\/2020\/06\/boton1.png\"},{\"@type\":\"BreadcrumbList\",\"@id\":\"https:\/\/www.sprachschule-aktiv-muenchen.de\/pl\/kursy-niemieckiego-dla-pielegniarek-rzy-w-monachium-wszystkie-informacje\/#breadcrumb\",\"itemListElement\":[{\"@type\":\"ListItem\",\"position\":1,\"name\":\"Portada\",\"item\":\"https:\/\/www.sprachschule-aktiv-muenchen.de\/pl\/\"},{\"@type\":\"ListItem\",\"position\":2,\"name\":\"Kursy niemieckiego dla piel\u0119gniarek\/rzy w Monachium &#8211; wszystkie informacje\"}]},{\"@type\":\"WebSite\",\"@id\":\"https:\/\/www.sprachschule-aktiv-muenchen.de\/#website\",\"url\":\"https:\/\/www.sprachschule-aktiv-muenchen.de\/\",\"name\":\"Sprachschule Aktiv\",\"description\":\"\",\"potentialAction\":[{\"@type\":\"SearchAction\",\"target\":{\"@type\":\"EntryPoint\",\"urlTemplate\":\"https:\/\/www.sprachschule-aktiv-muenchen.de\/?s={search_term_string}\"},\"query-input\":{\"@type\":\"PropertyValueSpecification\",\"valueRequired\":true,\"valueName\":\"search_term_string\"}}],\"inLanguage\":\"pl-PL\"}]}<\/script>\n<!-- \/ Yoast SEO plugin. -->","yoast_head_json":{"title":"Kursy j\u0119zyka niemieckiego dla piel\u0119gniarek\/rzy w Monachium","description":"Jeste\u015b piel\u0119gniark\u0105\/rzem? Chcesz pracowa\u0107 w swoim zawodzie w Niemczech? W Sprachschule Aktiv przygotujemy Ci\u0119 do testu!","robots":{"index":"index","follow":"follow","max-snippet":"max-snippet:-1","max-image-preview":"max-image-preview:large","max-video-preview":"max-video-preview:-1"},"canonical":"https:\/\/www.sprachschule-aktiv-muenchen.de\/pl\/kursy-niemieckiego-dla-pielegniarek-rzy-w-monachium-wszystkie-informacje\/","og_locale":"pl_PL","og_type":"article","og_title":"Kursy j\u0119zyka niemieckiego dla piel\u0119gniarek\/rzy w Monachium","og_description":"Jeste\u015b piel\u0119gniark\u0105\/rzem? Chcesz pracowa\u0107 w swoim zawodzie w Niemczech? W Sprachschule Aktiv przygotujemy Ci\u0119 do testu!","og_url":"https:\/\/www.sprachschule-aktiv-muenchen.de\/pl\/kursy-niemieckiego-dla-pielegniarek-rzy-w-monachium-wszystkie-informacje\/","og_site_name":"Sprachschule Aktiv","article_modified_time":"2021-09-15T04:01:11+00:00","og_image":[{"url":"https:\/\/www.sprachschule-aktiv-muenchen.de\/wp-content\/uploads\/2020\/06\/boton1.png","type":"","width":"","height":""}],"twitter_card":"summary_large_image","twitter_misc":{"Szacowany czas czytania":"4 minuty"},"schema":{"@context":"https:\/\/schema.org","@graph":[{"@type":"WebPage","@id":"https:\/\/www.sprachschule-aktiv-muenchen.de\/pl\/kursy-niemieckiego-dla-pielegniarek-rzy-w-monachium-wszystkie-informacje\/","url":"https:\/\/www.sprachschule-aktiv-muenchen.de\/pl\/kursy-niemieckiego-dla-pielegniarek-rzy-w-monachium-wszystkie-informacje\/","name":"Kursy j\u0119zyka niemieckiego dla piel\u0119gniarek\/rzy w Monachium","isPartOf":{"@id":"https:\/\/www.sprachschule-aktiv-muenchen.de\/#website"},"primaryImageOfPage":{"@id":"https:\/\/www.sprachschule-aktiv-muenchen.de\/pl\/kursy-niemieckiego-dla-pielegniarek-rzy-w-monachium-wszystkie-informacje\/#primaryimage"},"image":{"@id":"https:\/\/www.sprachschule-aktiv-muenchen.de\/pl\/kursy-niemieckiego-dla-pielegniarek-rzy-w-monachium-wszystkie-informacje\/#primaryimage"},"thumbnailUrl":"https:\/\/www.sprachschule-aktiv-muenchen.de\/wp-content\/uploads\/2020\/06\/boton1.png","datePublished":"2020-08-06T08:05:36+00:00","dateModified":"2021-09-15T04:01:11+00:00","description":"Jeste\u015b piel\u0119gniark\u0105\/rzem? Chcesz pracowa\u0107 w swoim zawodzie w Niemczech? W Sprachschule Aktiv przygotujemy Ci\u0119 do testu!","breadcrumb":{"@id":"https:\/\/www.sprachschule-aktiv-muenchen.de\/pl\/kursy-niemieckiego-dla-pielegniarek-rzy-w-monachium-wszystkie-informacje\/#breadcrumb"},"inLanguage":"pl-PL","potentialAction":[{"@type":"ReadAction","target":["https:\/\/www.sprachschule-aktiv-muenchen.de\/pl\/kursy-niemieckiego-dla-pielegniarek-rzy-w-monachium-wszystkie-informacje\/"]}]},{"@type":"ImageObject","inLanguage":"pl-PL","@id":"https:\/\/www.sprachschule-aktiv-muenchen.de\/pl\/kursy-niemieckiego-dla-pielegniarek-rzy-w-monachium-wszystkie-informacje\/#primaryimage","url":"https:\/\/www.sprachschule-aktiv-muenchen.de\/wp-content\/uploads\/2020\/06\/boton1.png","contentUrl":"https:\/\/www.sprachschule-aktiv-muenchen.de\/wp-content\/uploads\/2020\/06\/boton1.png"},{"@type":"BreadcrumbList","@id":"https:\/\/www.sprachschule-aktiv-muenchen.de\/pl\/kursy-niemieckiego-dla-pielegniarek-rzy-w-monachium-wszystkie-informacje\/#breadcrumb","itemListElement":[{"@type":"ListItem","position":1,"name":"Portada","item":"https:\/\/www.sprachschule-aktiv-muenchen.de\/pl\/"},{"@type":"ListItem","position":2,"name":"Kursy niemieckiego dla piel\u0119gniarek\/rzy w Monachium &#8211; wszystkie informacje"}]},{"@type":"WebSite","@id":"https:\/\/www.sprachschule-aktiv-muenchen.de\/#website","url":"https:\/\/www.sprachschule-aktiv-muenchen.de\/","name":"Sprachschule Aktiv","description":"","potentialAction":[{"@type":"SearchAction","target":{"@type":"EntryPoint","urlTemplate":"https:\/\/www.sprachschule-aktiv-muenchen.de\/?s={search_term_string}"},"query-input":{"@type":"PropertyValueSpecification","valueRequired":true,"valueName":"search_term_string"}}],"inLanguage":"pl-PL"}]}},"_links":{"self":[{"href":"https:\/\/www.sprachschule-aktiv-muenchen.de\/pl\/wp-json\/wp\/v2\/pages\/58244","targetHints":{"allow":["GET"]}}],"collection":[{"href":"https:\/\/www.sprachschule-aktiv-muenchen.de\/pl\/wp-json\/wp\/v2\/pages"}],"about":[{"href":"https:\/\/www.sprachschule-aktiv-muenchen.de\/pl\/wp-json\/wp\/v2\/types\/page"}],"author":[{"embeddable":true,"href":"https:\/\/www.sprachschule-aktiv-muenchen.de\/pl\/wp-json\/wp\/v2\/users\/2"}],"replies":[{"embeddable":true,"href":"https:\/\/www.sprachschule-aktiv-muenchen.de\/pl\/wp-json\/wp\/v2\/comments?post=58244"}],"version-history":[{"count":4,"href":"https:\/\/www.sprachschule-aktiv-muenchen.de\/pl\/wp-json\/wp\/v2\/pages\/58244\/revisions"}],"predecessor-version":[{"id":69375,"href":"https:\/\/www.sprachschule-aktiv-muenchen.de\/pl\/wp-json\/wp\/v2\/pages\/58244\/revisions\/69375"}],"wp:attachment":[{"href":"https:\/\/www.sprachschule-aktiv-muenchen.de\/pl\/wp-json\/wp\/v2\/media?parent=58244"}],"curies":[{"name":"wp","href":"https:\/\/api.w.org\/{rel}","templated":true}]}}