{"id":58239,"date":"2020-08-06T09:47:59","date_gmt":"2020-08-06T07:47:59","guid":{"rendered":"https:\/\/www.sprachschule-aktiv-muenchen.de\/?page_id=58239"},"modified":"2024-12-20T11:06:32","modified_gmt":"2024-12-20T10:06:32","slug":"kursy-niemieckiego-dla-lekarzy-i-medykow-w-monachium-przygotowanie-do-testu-jezykowego","status":"publish","type":"page","link":"https:\/\/www.sprachschule-aktiv-muenchen.de\/pl\/kursy-niemieckiego-dla-lekarzy-i-medykow-w-monachium-przygotowanie-do-testu-jezykowego\/","title":{"rendered":"Kursy niemieckiego dla lekarzy i medyk\u00f3w w Monachium &#8211; przygotowanie do testu j\u0119zykowego"},"content":{"rendered":"<h1>Kursy niemieckiego dla lekarzy i medyk\u00f3w w Monachium<\/h1>\n<h2>Przygotowanie do testu j\u0119zykowego<\/h2>\n<p>Dla lekarzy z zagranicy nasza szko\u0142a j\u0119zyka niemieckiego w Monachium oferuje kursy przygotowuj\u0105ce do specjalistycznego egzaminu j\u0119zykowego dla lekarzy. Lekarze, kt\u00f3rzy chc\u0105 uzyska\u0107 licencj\u0119 zawodow\u0105 w rozumieniu federalnego rozporz\u0105dzenia medycznego, musz\u0105 posiada\u0107 wystarczaj\u0105c\u0105 znajomo\u015b\u0107 j\u0119zyka niemieckiego, kt\u00f3ra jest niezb\u0119dna do wykonywania zawodu. Nasz kurs przygotowawczy oferuje intensywny coaching w zakresie s\u0142ownictwa przedmiotowego i idiom\u00f3w oraz gramatyki.<\/p>\n<h2>Jakie s\u0105 wymagania dotycz\u0105ce egzaminu z j\u0119zyka specjalistycznego?<\/h2>\n<p>Nasze kursy niemieckiego w Monachium s\u0105 dost\u0119pne od A1 do C2. Aby ubiega\u0107 si\u0119 o zezwolenie od rz\u0105du G\u00f3rnej Bawarii, potrzebujesz certyfikatu na poziomie B2. Nast\u0119pnie mo\u017cesz z\u0142o\u017cy\u0107 wniosek o zatwierdzenie. W trakcie przyj\u0119cia lekarze musz\u0105 zda\u0107 techniczny test j\u0119zykowy na poziomie C1. Zgodnie z Konferencj\u0105 Ministr\u00f3w Zdrowia w czerwcu 2014 r. ma miejsce przegl\u0105d znajomo\u015bci j\u0119zyka niemieckiego w zawodzie lekarza. Uprawnienie jest podzielone na og\u00f3lne umiej\u0119tno\u015bci j\u0119zykowe na poziomie B2 i specjalistyczne umiej\u0119tno\u015bci j\u0119zykowe w j\u0119zyku niemieckim na poziomie C1.<\/p>\n<p><span style=\"color: #ff0000;\">Uwaga<\/span>: wymagania dotycz\u0105ce specjalistycznego egzaminu j\u0119zykowego dla lekarzy r\u00f3\u017cni\u0105 si\u0119 w poszczeg\u00f3lnych krajach zwi\u0105zkowych!<\/p>\n<h2>Jak przebiega test z j\u0119zyka technicznego?<\/h2>\n<p>Badanie w Bawarskim Pa\u0144stwowym Stowarzyszeniu Lekarskim jest podzielone na 3 sekcje. Ka\u017cda cz\u0119\u015b\u0107 trwa 20 minut, jednak na z racji na du\u017ce zainteresowanie, czas oczekiwania na egzamin mo\u017ce si\u0119 wyd\u0142u\u017ca\u0107, dlatego zalecamy zaplanowanie co najmniej 3 godzin na dzie\u0144 egzaminu. Op\u0142ata za egzamin wynosi obecnie 400 euro. Egzamin b\u0119dzie przeprowadzany przez lekarza i j\u0119zykoznawc\u0119. Wynik otrzymasz po wykonaniu testu.<\/p>\n<p>Cz\u0119\u015b\u0107 1: rozmowa mi\u0119dzy lekarzem a pacjentem<\/p>\n<p>Cz\u0119\u015b\u0107 2: dokumentacja lekarska<\/p>\n<p>Cz\u0119\u015b\u0107 3: rozmowa prowadzona mi\u0119dzy lekarzami<\/p>\n<h2>Chcesz przygotowa\u0107 si\u0119 do testu j\u0119zykowego dla lekarzy lub pracownik\u00f3w s\u0142u\u017cby zdrowia?<\/h2>\n<p>Szko\u0142a j\u0119zykowa Aktiv w Monachium oferuje odpowiednie przygotowanie do egzamin\u00f3w na poziomie B1, B2 i C1 od poniedzia\u0142ku do pi\u0105tku w godzinach od 9:00 do 13:00.<\/p>\n<p>Otrzymasz obszerne szkolenie j\u0119zykowe, kt\u00f3re optymalnie przygotuje Ci\u0119 do egzaminu w Bawarskim Pa\u0144stwowym Stowarzyszeniu Lekarskim.<\/p>\n<p>Nasze kursy j\u0119zyka niemieckiego dla lekarzy odbywaj\u0105 si\u0119 od poziomu B1. Je\u015bli jeszcze nie osi\u0105gn\u0105\u0142e\u015b tego poziomu nauki, mo\u017cesz ucz\u0119szcza\u0107 na nasze <a href=\"https:\/\/www.sprachschule-aktiv-muenchen.de\/pl\/kursy-intensywne\/\">intensywne kursy j\u0119zyka niemieckiego<\/a> A1 i A2, a nast\u0119pnie zarezerwowa\u0107 kurs przygotowuj\u0105cy do egzamin\u00f3w dla lekarzy w Monachium.<\/p>\n<h2>Jak wygl\u0105da kurs przygotowawczy do testu j\u0119zykowego w Monachium?<\/h2>\n<p>Zaj\u0119cia odbywaj\u0105 si\u0119 w godzinach od 12:00 &#8211; 13:00. Nauczyciel zaznajomi Ci\u0119 ze specjalnym s\u0142ownictwem medycznym oraz wieloma r\u00f3\u017cnymi \u0107wiczeniami, dzi\u0119ki kt\u00f3rym b\u0119dziesz w stanie p\u0142ynnie porozumiewa\u0107 si\u0119 z pacjentem lub innymi lekarzami. Wszelkie metody nauczania wprowadzone przez Twojego trenera j\u0119zykowego przygotowuj\u0105 Ci\u0119 pod egzamin, ale co najwa\u017cniejsze do zawodu w Niemczech.<\/p>\n<h2>Na zaj\u0119ciach b\u0119dziesz:<\/h2>\n<p>&#8211; prowadzi\u0107 fikcyjne rozmowy z pacjentami.<\/p>\n<p>&#8211; utrwala\u0107 specjalistyczne s\u0142ownictwo medyczne.<\/p>\n<p>&#8211; pisa\u0107 raporty medyczne.<\/p>\n<p>Egzamin jest wa\u017cny nie tylko dla Twojej aktywno\u015bci zawodowej, ale tak\u017ce og\u00f3lnie optymalizuje Twoje umiej\u0119tno\u015bci j\u0119zykowe w zakresie m\u00f3wienia, s\u0142uchania, czytania i pisania.<\/p>\n<h2>Jaki jest Tw\u00f3j poziom j\u0119zyka niemieckiego? Sprawd\u017a za darmo!<\/h2>\n<p>Kurs przygotowawczy jest na poziomie zaawansowanym j\u0119zykowo. Je\u015bli nie jeste\u015b pewien, na jakim jeste\u015b poziomie nauki, polecamy test poziomuj\u0105cy\/kwalifikuj\u0105cy, kt\u00f3ry mo\u017cesz rozwi\u0105za\u0107 na naszej stronie internetowej lub w szkole.<\/p>\n<p>Je\u015bli Tw\u00f3j poziom j\u0119zykowy jest obecnie niewystarczaj\u0105cy, najlepiej najpierw rozpocz\u0105\u0107 kurs j\u0119zyka og\u00f3lnego na poziomie A. Dost\u0119pne s\u0105 r\u00f3\u017cne kursy i oferty niemieckiego na naszej stronie!<\/p>\n<h2>Kursy intensywne lub prywatne lekcje do technicznego egzaminu j\u0119zykowego<\/h2>\n<p>W Sprachschule Aktiv mo\u017cesz wzi\u0105\u0107 udzia\u0142 w zintegrowanych kursach przygotowuj\u0105cych do egzamin\u00f3w, dzi\u0119ki intensywnym kursom j\u0119zyka niemieckiego lub skorzysta\u0107 z prywatnych lekcji.<\/p>\n<h2>Kursy niemieckiego dla lekarzy &#8211; kursy poranne (ceny, terminy)<\/h2>\n<p>Czas trwania kursu: 4 tygodnie<\/p>\n<p>Daty: od poniedzia\u0142ku do pi\u0105tku od 9:00 do 12:00 (4 dni w tygodniu)<\/p>\n<p>Cena: 649 \u20ac<\/p>\n<p>Pocz\u0105tek kursu: patrz tabela:<\/p>\n<table width=\"0\">\n<tbody>\n<tr>\n<td colspan=\"3\" width=\"602\"><strong>Kursy intensywne &#8211; daty rozpocz\u0119cia:<\/strong><\/p>\n<p><strong>Poziomy: A1, A2, B1, B2, C1, C2<\/strong><\/td>\n<\/tr>\n<tr>\n<td width=\"141\">STYCZE\u0143<\/td>\n<td width=\"161\">LUTY<\/td>\n<td width=\"299\">MARZEC<\/td>\n<\/tr>\n<tr>\n<td width=\"141\">07.01<\/td>\n<td width=\"161\">03.02<\/td>\n<td width=\"299\">03.03<\/td>\n<\/tr>\n<tr>\n<td width=\"141\">KWIECIE\u0143<\/td>\n<td width=\"161\">MAJ<\/td>\n<td width=\"299\">CZERWIEC<\/td>\n<\/tr>\n<tr>\n<td width=\"141\">*31.03<\/td>\n<td width=\"161\">05.05<\/td>\n<td width=\"299\">02.06<\/td>\n<\/tr>\n<tr>\n<td width=\"141\">LIPIEC<\/td>\n<td width=\"161\">SIERPIE\u0143<\/td>\n<td width=\"299\">WRZESIE\u0143<\/td>\n<\/tr>\n<tr>\n<td width=\"141\">07.07<\/td>\n<td width=\"161\">04.08<\/p>\n<p>&nbsp;<\/td>\n<td width=\"299\">01.09<\/td>\n<\/tr>\n<tr>\n<td width=\"141\">PA\u0179DZIERNIK<\/td>\n<td width=\"161\">LISTOPAD<\/td>\n<td width=\"299\">GRUDZIE\u0143<\/td>\n<\/tr>\n<tr>\n<td width=\"141\">*29.09<\/td>\n<td width=\"161\">*27.10<\/td>\n<td width=\"299\">*24.11<\/td>\n<\/tr>\n<\/tbody>\n<\/table>\n<a href=\"https:\/\/www.sprachschule-aktiv-muenchen.de\/pl\/rejestrowanie\/\"><img decoding=\"async\" class=\"alignnone size-full wp-image-57808\" src=\"https:\/\/www.sprachschule-aktiv-muenchen.de\/wp-content\/uploads\/2020\/06\/boton2.png\" alt=\"zarezerwuj teraz!\" width=\"265\" height=\"58\" \/><\/a>\n<h2>Kursy wieczorowe niemieckiego dla lekarzy i pracownik\u00f3w s\u0142u\u017cby zdrowia w Monachium &#8211; koszty, terminy rozpocz\u0119cia i rejestracja<\/h2>\n<p>Czas trwania: 12 tygodni<\/p>\n<p>Daty: 90 minut tygodniowo<\/p>\n<p>Cena: 279 \u20ac<\/p>\n<p>Pocz\u0105tek kursu: patrz tabela:<\/p>\n<table width=\"0\">\n<tbody>\n<tr>\n<td colspan=\"3\" width=\"602\"><strong>WIECZOROWE KURSY NIEMIECKIEGO 2020<\/strong><\/p>\n<p><strong>POZIOMY: A1\/A2\/B1\/B2\/C1\/C2<\/strong><\/td>\n<\/tr>\n<tr>\n<td width=\"209\">STYCZE\u0143<\/td>\n<td width=\"197\">LUTY<\/td>\n<td width=\"195\">MARZEC<\/td>\n<\/tr>\n<tr>\n<td width=\"209\">09.01. czwartek<\/p>\n<p>19:00 \u2013 20:30<\/td>\n<td width=\"197\">05.02. \u015broda<\/p>\n<p>19:30 \u2013 21:00<\/td>\n<td width=\"195\">02.03. poniedzia\u0142ek<\/p>\n<p>18:30 \u2013 20:00<\/td>\n<\/tr>\n<tr>\n<td width=\"209\">KWIECIE\u0143<\/td>\n<td width=\"197\">MAJ<\/td>\n<td width=\"195\">CZERWIEC<\/td>\n<\/tr>\n<tr>\n<td width=\"209\">01.04. \u015broda<\/p>\n<p>19:30 &#8211; 21:00<\/td>\n<td width=\"197\">05.05. wtorek<\/p>\n<p>19:00 &#8211; 20:30<\/td>\n<td width=\"195\">03.06. \u015broda<\/p>\n<p>17:30 &#8211; 19:00<\/td>\n<\/tr>\n<tr>\n<td width=\"209\">LIPIEC<\/td>\n<td width=\"197\">SIERPIE\u0143<\/td>\n<td width=\"195\">WRZESIE\u0143<\/td>\n<\/tr>\n<tr>\n<td width=\"209\">02.07. czwartek<\/p>\n<p>19:30 &#8211; 21:00<\/td>\n<td width=\"197\">03.08. poniedzia\u0142ek<\/p>\n<p>19:00 &#8211; 20:30<\/td>\n<td width=\"195\">04.09. pi\u0105tek<\/p>\n<p>18:00 &#8211; 19:30<\/td>\n<\/tr>\n<tr>\n<td width=\"209\">PA\u0179DZIERNIK<\/td>\n<td width=\"197\">LISTOPAD<\/td>\n<td width=\"195\">GRUDZIE\u0143<\/td>\n<\/tr>\n<tr>\n<td width=\"209\">05.10. poniedzia\u0142ek<\/p>\n<p>19:00 &#8211; 20:30<\/td>\n<td width=\"197\">03.11. wtorek<\/p>\n<p>17:30 &#8211; 19:00<\/td>\n<td width=\"195\">02.12. \u015broda<\/p>\n<p>19:30 &#8211; 21:00<\/td>\n<\/tr>\n<tr>\n<td width=\"209\"><\/td>\n<td width=\"197\"><\/td>\n<td width=\"195\"><\/td>\n<\/tr>\n<tr>\n<td width=\"209\">*czas trwania:<\/td>\n<td width=\"197\">z 2 uczestnikami: 8 tygodni<\/p>\n<p>z 3 uczestnikami: 10 tygodni<\/p>\n<p>od 4 uczestnik\u00f3w: 12 tygodni<\/td>\n<td width=\"195\"><\/td>\n<\/tr>\n<\/tbody>\n<\/table>\n<table width=\"0\">\n<tbody>\n<tr>\n<td width=\"209\"><\/td>\n<td width=\"197\"><\/td>\n<td width=\"195\"><\/td>\n<\/tr>\n<tr>\n<td width=\"209\">Cena<\/td>\n<td width=\"197\">279\u20ac<\/td>\n<td width=\"195\"><\/td>\n<\/tr>\n<\/tbody>\n<\/table>\n<a href=\"https:\/\/www.sprachschule-aktiv-muenchen.de\/pl\/rejestrowanie\/\"><img decoding=\"async\" class=\"alignnone size-full wp-image-57808\" src=\"https:\/\/www.sprachschule-aktiv-muenchen.de\/wp-content\/uploads\/2020\/06\/boton2.png\" alt=\"zarezerwuj teraz!\" width=\"265\" height=\"58\" \/><\/a>\n<h2>Lekcje indywidualne przygotowuj\u0105ce do egzamin\u00f3w dla lekarzy i pracownik\u00f3w s\u0142u\u017cby zdrowia &#8211; ceny i warunki<\/h2>\n<p>Prywatne lekcje zwykle odbywaj\u0105 si\u0119 w Twoim domu. Oczywi\u015bcie mo\u017cesz r\u00f3wnie\u017c korzysta\u0107 z sal w naszej szkole j\u0119zykowej w Monachium.<\/p>\n<p>Nasze ceny:<\/p>\n<p>&#8211; Je\u015bli potrzebujesz do 19 godzin, godzina kosztuje 45 euro.<\/p>\n<p>&#8211; Je\u015bli zdecydujesz si\u0119 na wi\u0119cej ni\u017c 20 godzin, zap\u0142acisz tylko 42 euro za lekcj\u0119.<\/p>\n<p>&#8211; Przy d\u0142u\u017cszym kursie powy\u017cej 30 godzin koszt to 38 euro za godzin\u0119.<\/p>\n<a href=\"https:\/\/www.sprachschule-aktiv-muenchen.de\/pl\/rejestrowanie\/\"><img decoding=\"async\" class=\"alignnone size-full wp-image-57808\" src=\"https:\/\/www.sprachschule-aktiv-muenchen.de\/wp-content\/uploads\/2020\/06\/boton2.png\" alt=\"zarezerwuj teraz!\" width=\"265\" height=\"58\" \/><\/a>\n","protected":false},"excerpt":{"rendered":"<p>Kursy niemieckiego dla lekarzy i medyk\u00f3w w Monachium Przygotowanie do testu j\u0119zykowego Dla lekarzy z zagranicy nasza szko\u0142a j\u0119zyka niemieckiego w Monachium oferuje kursy przygotowuj\u0105ce do specjalistycznego egzaminu j\u0119zykowego dla lekarzy. Lekarze, kt\u00f3rzy chc\u0105 uzyska\u0107 licencj\u0119 zawodow\u0105 w rozumieniu federalnego rozporz\u0105dzenia medycznego, musz\u0105 posiada\u0107 wystarczaj\u0105c\u0105 znajomo\u015b\u0107 j\u0119zyka niemieckiego, kt\u00f3ra jest niezb\u0119dna do wykonywania zawodu. Nasz&hellip; <a class=\"read-more\" href=\"https:\/\/www.sprachschule-aktiv-muenchen.de\/pl\/kursy-niemieckiego-dla-lekarzy-i-medykow-w-monachium-przygotowanie-do-testu-jezykowego\/\" title=\"Read Kursy niemieckiego dla lekarzy i medyk\u00f3w w Monachium &#8211; przygotowanie do testu j\u0119zykowego\">Read more &raquo;<\/a><\/p>\n","protected":false},"author":2,"featured_media":0,"parent":0,"menu_order":0,"comment_status":"closed","ping_status":"closed","template":"","meta":{"footnotes":""},"class_list":["post-58239","page","type-page","status-publish","hentry"],"yoast_head":"<!-- This site is optimized with the Yoast SEO plugin v27.1.1 - https:\/\/yoast.com\/product\/yoast-seo-wordpress\/ -->\n<title>Kursy niemieckiego dla lekarzy i medyk\u00f3w w Monachium<\/title>\n<meta name=\"description\" content=\"W gwarantujemy solidne przygotowanie do testu z j\u0119zyka niemieskiego, umo\u017cliwiaj\u0105cego prac\u0119 w zawodzie lekarza lub medyka w Niemczech.\" \/>\n<meta name=\"robots\" content=\"index, follow, max-snippet:-1, max-image-preview:large, max-video-preview:-1\" \/>\n<link rel=\"canonical\" href=\"https:\/\/www.sprachschule-aktiv-muenchen.de\/pl\/kursy-niemieckiego-dla-lekarzy-i-medykow-w-monachium-przygotowanie-do-testu-jezykowego\/\" \/>\n<meta property=\"og:locale\" content=\"pl_PL\" \/>\n<meta property=\"og:type\" content=\"article\" \/>\n<meta property=\"og:title\" content=\"Kursy niemieckiego dla lekarzy i medyk\u00f3w w Monachium\" \/>\n<meta property=\"og:description\" content=\"W gwarantujemy solidne przygotowanie do testu z j\u0119zyka niemieskiego, umo\u017cliwiaj\u0105cego prac\u0119 w zawodzie lekarza lub medyka w Niemczech.\" \/>\n<meta property=\"og:url\" content=\"https:\/\/www.sprachschule-aktiv-muenchen.de\/pl\/kursy-niemieckiego-dla-lekarzy-i-medykow-w-monachium-przygotowanie-do-testu-jezykowego\/\" \/>\n<meta property=\"og:site_name\" content=\"Sprachschule Aktiv\" \/>\n<meta property=\"article:modified_time\" content=\"2024-12-20T10:06:32+00:00\" \/>\n<meta property=\"og:image\" content=\"https:\/\/www.sprachschule-aktiv-muenchen.de\/wp-content\/uploads\/2020\/06\/boton2.png\" \/>\n<meta name=\"twitter:card\" content=\"summary_large_image\" \/>\n<meta name=\"twitter:label1\" content=\"Szacowany czas czytania\" \/>\n\t<meta name=\"twitter:data1\" content=\"6 minut\" \/>\n<script type=\"application\/ld+json\" class=\"yoast-schema-graph\">{\"@context\":\"https:\/\/schema.org\",\"@graph\":[{\"@type\":\"WebPage\",\"@id\":\"https:\/\/www.sprachschule-aktiv-muenchen.de\/pl\/kursy-niemieckiego-dla-lekarzy-i-medykow-w-monachium-przygotowanie-do-testu-jezykowego\/\",\"url\":\"https:\/\/www.sprachschule-aktiv-muenchen.de\/pl\/kursy-niemieckiego-dla-lekarzy-i-medykow-w-monachium-przygotowanie-do-testu-jezykowego\/\",\"name\":\"Kursy niemieckiego dla lekarzy i medyk\u00f3w w Monachium\",\"isPartOf\":{\"@id\":\"https:\/\/www.sprachschule-aktiv-muenchen.de\/#website\"},\"primaryImageOfPage\":{\"@id\":\"https:\/\/www.sprachschule-aktiv-muenchen.de\/pl\/kursy-niemieckiego-dla-lekarzy-i-medykow-w-monachium-przygotowanie-do-testu-jezykowego\/#primaryimage\"},\"image\":{\"@id\":\"https:\/\/www.sprachschule-aktiv-muenchen.de\/pl\/kursy-niemieckiego-dla-lekarzy-i-medykow-w-monachium-przygotowanie-do-testu-jezykowego\/#primaryimage\"},\"thumbnailUrl\":\"https:\/\/www.sprachschule-aktiv-muenchen.de\/wp-content\/uploads\/2020\/06\/boton2.png\",\"datePublished\":\"2020-08-06T07:47:59+00:00\",\"dateModified\":\"2024-12-20T10:06:32+00:00\",\"description\":\"W gwarantujemy solidne przygotowanie do testu z j\u0119zyka niemieskiego, umo\u017cliwiaj\u0105cego prac\u0119 w zawodzie lekarza lub medyka w Niemczech.\",\"breadcrumb\":{\"@id\":\"https:\/\/www.sprachschule-aktiv-muenchen.de\/pl\/kursy-niemieckiego-dla-lekarzy-i-medykow-w-monachium-przygotowanie-do-testu-jezykowego\/#breadcrumb\"},\"inLanguage\":\"pl-PL\",\"potentialAction\":[{\"@type\":\"ReadAction\",\"target\":[\"https:\/\/www.sprachschule-aktiv-muenchen.de\/pl\/kursy-niemieckiego-dla-lekarzy-i-medykow-w-monachium-przygotowanie-do-testu-jezykowego\/\"]}]},{\"@type\":\"ImageObject\",\"inLanguage\":\"pl-PL\",\"@id\":\"https:\/\/www.sprachschule-aktiv-muenchen.de\/pl\/kursy-niemieckiego-dla-lekarzy-i-medykow-w-monachium-przygotowanie-do-testu-jezykowego\/#primaryimage\",\"url\":\"https:\/\/www.sprachschule-aktiv-muenchen.de\/wp-content\/uploads\/2020\/06\/boton2.png\",\"contentUrl\":\"https:\/\/www.sprachschule-aktiv-muenchen.de\/wp-content\/uploads\/2020\/06\/boton2.png\"},{\"@type\":\"BreadcrumbList\",\"@id\":\"https:\/\/www.sprachschule-aktiv-muenchen.de\/pl\/kursy-niemieckiego-dla-lekarzy-i-medykow-w-monachium-przygotowanie-do-testu-jezykowego\/#breadcrumb\",\"itemListElement\":[{\"@type\":\"ListItem\",\"position\":1,\"name\":\"Portada\",\"item\":\"https:\/\/www.sprachschule-aktiv-muenchen.de\/pl\/\"},{\"@type\":\"ListItem\",\"position\":2,\"name\":\"Kursy niemieckiego dla lekarzy i medyk\u00f3w w Monachium &#8211; przygotowanie do testu j\u0119zykowego\"}]},{\"@type\":\"WebSite\",\"@id\":\"https:\/\/www.sprachschule-aktiv-muenchen.de\/#website\",\"url\":\"https:\/\/www.sprachschule-aktiv-muenchen.de\/\",\"name\":\"Sprachschule Aktiv\",\"description\":\"\",\"potentialAction\":[{\"@type\":\"SearchAction\",\"target\":{\"@type\":\"EntryPoint\",\"urlTemplate\":\"https:\/\/www.sprachschule-aktiv-muenchen.de\/?s={search_term_string}\"},\"query-input\":{\"@type\":\"PropertyValueSpecification\",\"valueRequired\":true,\"valueName\":\"search_term_string\"}}],\"inLanguage\":\"pl-PL\"}]}<\/script>\n<!-- \/ Yoast SEO plugin. -->","yoast_head_json":{"title":"Kursy niemieckiego dla lekarzy i medyk\u00f3w w Monachium","description":"W gwarantujemy solidne przygotowanie do testu z j\u0119zyka niemieskiego, umo\u017cliwiaj\u0105cego prac\u0119 w zawodzie lekarza lub medyka w Niemczech.","robots":{"index":"index","follow":"follow","max-snippet":"max-snippet:-1","max-image-preview":"max-image-preview:large","max-video-preview":"max-video-preview:-1"},"canonical":"https:\/\/www.sprachschule-aktiv-muenchen.de\/pl\/kursy-niemieckiego-dla-lekarzy-i-medykow-w-monachium-przygotowanie-do-testu-jezykowego\/","og_locale":"pl_PL","og_type":"article","og_title":"Kursy niemieckiego dla lekarzy i medyk\u00f3w w Monachium","og_description":"W gwarantujemy solidne przygotowanie do testu z j\u0119zyka niemieskiego, umo\u017cliwiaj\u0105cego prac\u0119 w zawodzie lekarza lub medyka w Niemczech.","og_url":"https:\/\/www.sprachschule-aktiv-muenchen.de\/pl\/kursy-niemieckiego-dla-lekarzy-i-medykow-w-monachium-przygotowanie-do-testu-jezykowego\/","og_site_name":"Sprachschule Aktiv","article_modified_time":"2024-12-20T10:06:32+00:00","og_image":[{"url":"https:\/\/www.sprachschule-aktiv-muenchen.de\/wp-content\/uploads\/2020\/06\/boton2.png","type":"","width":"","height":""}],"twitter_card":"summary_large_image","twitter_misc":{"Szacowany czas czytania":"6 minut"},"schema":{"@context":"https:\/\/schema.org","@graph":[{"@type":"WebPage","@id":"https:\/\/www.sprachschule-aktiv-muenchen.de\/pl\/kursy-niemieckiego-dla-lekarzy-i-medykow-w-monachium-przygotowanie-do-testu-jezykowego\/","url":"https:\/\/www.sprachschule-aktiv-muenchen.de\/pl\/kursy-niemieckiego-dla-lekarzy-i-medykow-w-monachium-przygotowanie-do-testu-jezykowego\/","name":"Kursy niemieckiego dla lekarzy i medyk\u00f3w w Monachium","isPartOf":{"@id":"https:\/\/www.sprachschule-aktiv-muenchen.de\/#website"},"primaryImageOfPage":{"@id":"https:\/\/www.sprachschule-aktiv-muenchen.de\/pl\/kursy-niemieckiego-dla-lekarzy-i-medykow-w-monachium-przygotowanie-do-testu-jezykowego\/#primaryimage"},"image":{"@id":"https:\/\/www.sprachschule-aktiv-muenchen.de\/pl\/kursy-niemieckiego-dla-lekarzy-i-medykow-w-monachium-przygotowanie-do-testu-jezykowego\/#primaryimage"},"thumbnailUrl":"https:\/\/www.sprachschule-aktiv-muenchen.de\/wp-content\/uploads\/2020\/06\/boton2.png","datePublished":"2020-08-06T07:47:59+00:00","dateModified":"2024-12-20T10:06:32+00:00","description":"W gwarantujemy solidne przygotowanie do testu z j\u0119zyka niemieskiego, umo\u017cliwiaj\u0105cego prac\u0119 w zawodzie lekarza lub medyka w Niemczech.","breadcrumb":{"@id":"https:\/\/www.sprachschule-aktiv-muenchen.de\/pl\/kursy-niemieckiego-dla-lekarzy-i-medykow-w-monachium-przygotowanie-do-testu-jezykowego\/#breadcrumb"},"inLanguage":"pl-PL","potentialAction":[{"@type":"ReadAction","target":["https:\/\/www.sprachschule-aktiv-muenchen.de\/pl\/kursy-niemieckiego-dla-lekarzy-i-medykow-w-monachium-przygotowanie-do-testu-jezykowego\/"]}]},{"@type":"ImageObject","inLanguage":"pl-PL","@id":"https:\/\/www.sprachschule-aktiv-muenchen.de\/pl\/kursy-niemieckiego-dla-lekarzy-i-medykow-w-monachium-przygotowanie-do-testu-jezykowego\/#primaryimage","url":"https:\/\/www.sprachschule-aktiv-muenchen.de\/wp-content\/uploads\/2020\/06\/boton2.png","contentUrl":"https:\/\/www.sprachschule-aktiv-muenchen.de\/wp-content\/uploads\/2020\/06\/boton2.png"},{"@type":"BreadcrumbList","@id":"https:\/\/www.sprachschule-aktiv-muenchen.de\/pl\/kursy-niemieckiego-dla-lekarzy-i-medykow-w-monachium-przygotowanie-do-testu-jezykowego\/#breadcrumb","itemListElement":[{"@type":"ListItem","position":1,"name":"Portada","item":"https:\/\/www.sprachschule-aktiv-muenchen.de\/pl\/"},{"@type":"ListItem","position":2,"name":"Kursy niemieckiego dla lekarzy i medyk\u00f3w w Monachium &#8211; przygotowanie do testu j\u0119zykowego"}]},{"@type":"WebSite","@id":"https:\/\/www.sprachschule-aktiv-muenchen.de\/#website","url":"https:\/\/www.sprachschule-aktiv-muenchen.de\/","name":"Sprachschule Aktiv","description":"","potentialAction":[{"@type":"SearchAction","target":{"@type":"EntryPoint","urlTemplate":"https:\/\/www.sprachschule-aktiv-muenchen.de\/?s={search_term_string}"},"query-input":{"@type":"PropertyValueSpecification","valueRequired":true,"valueName":"search_term_string"}}],"inLanguage":"pl-PL"}]}},"_links":{"self":[{"href":"https:\/\/www.sprachschule-aktiv-muenchen.de\/pl\/wp-json\/wp\/v2\/pages\/58239","targetHints":{"allow":["GET"]}}],"collection":[{"href":"https:\/\/www.sprachschule-aktiv-muenchen.de\/pl\/wp-json\/wp\/v2\/pages"}],"about":[{"href":"https:\/\/www.sprachschule-aktiv-muenchen.de\/pl\/wp-json\/wp\/v2\/types\/page"}],"author":[{"embeddable":true,"href":"https:\/\/www.sprachschule-aktiv-muenchen.de\/pl\/wp-json\/wp\/v2\/users\/2"}],"replies":[{"embeddable":true,"href":"https:\/\/www.sprachschule-aktiv-muenchen.de\/pl\/wp-json\/wp\/v2\/comments?post=58239"}],"version-history":[{"count":8,"href":"https:\/\/www.sprachschule-aktiv-muenchen.de\/pl\/wp-json\/wp\/v2\/pages\/58239\/revisions"}],"predecessor-version":[{"id":70596,"href":"https:\/\/www.sprachschule-aktiv-muenchen.de\/pl\/wp-json\/wp\/v2\/pages\/58239\/revisions\/70596"}],"wp:attachment":[{"href":"https:\/\/www.sprachschule-aktiv-muenchen.de\/pl\/wp-json\/wp\/v2\/media?parent=58239"}],"curies":[{"name":"wp","href":"https:\/\/api.w.org\/{rel}","templated":true}]}}