{"id":58236,"date":"2020-08-06T09:29:43","date_gmt":"2020-08-06T07:29:43","guid":{"rendered":"https:\/\/www.sprachschule-aktiv-muenchen.de\/?page_id=58236"},"modified":"2025-11-24T14:53:25","modified_gmt":"2025-11-24T13:53:25","slug":"kursy-niemieckiego-na-weekend-w-monachium","status":"publish","type":"page","link":"https:\/\/www.sprachschule-aktiv-muenchen.de\/pl\/kursy-niemieckiego-na-weekend-w-monachium\/","title":{"rendered":"Kursy niemieckiego na weekend w Monachium"},"content":{"rendered":"<h1 style=\"text-align: center;\">Kursy niemieckiego w weekend w Monachium<\/h1>\n<p style=\"text-align: center;\"><strong>&#8211; Intensywna nauka niemieckiego w sobot\u0119 &#8211;<\/strong><\/p>\n<p style=\"text-align: center;\"><em>Nie masz czasu na nauk\u0119 niemieckiego w ci\u0105gu tygodnia, poniewa\u017c jeste\u015b zaj\u0119ty prac\u0105 lub studiami?<\/em><\/p>\n<p style=\"text-align: center;\">Skorzystaj z naszych weekendowych kurs\u00f3w j\u0119zyka niemieckiego w Monachium i wybierz elastyczn\u0105, praktyczn\u0105 oraz skuteczn\u0105 form\u0119 nauki, kt\u00f3ra idealnie dopasuje si\u0119 do Twojego napi\u0119tego grafiku.<\/p>\n<p style=\"text-align: center;\">W naszej szkole j\u0119zykowej w Monachium oferujemy weekendowe kursy niemieckiego dla pocz\u0105tkuj\u0105cych i zaawansowanych \u2013 od poziomu A1.1 do C2.2. W ka\u017cd\u0105 sobot\u0119 masz do wyboru kursy grupowe, intensywne zaj\u0119cia sobotnie lub kursy ukierunkowane na szybki post\u0119p i realn\u0105 komunikacj\u0119.<\/p>\n<a href=\"https:\/\/www.sprachschule-aktiv-muenchen.de\/pl\/kontakt\/\"><img decoding=\"async\" class=\"alignnone size-full wp-image-57784\" src=\"https:\/\/www.sprachschule-aktiv-muenchen.de\/wp-content\/uploads\/2020\/06\/boton1.png\" alt=\"masz pytanie?\" width=\"240\" height=\"58\" \/><\/a>\n<h2 style=\"text-align: center;\">Kto b\u0119dzie uczy\u0107 Ci\u0119 niemieckiego w Sprachschule Aktiv M\u00fcnchen?<\/h2>\n<p style=\"text-align: center;\">W <strong>Sprachschule Aktiv M\u00fcnchen<\/strong> ucz\u0105 Ci\u0119 wy\u0142\u0105cznie wykwalifikowani, m\u0142odzi i zaanga\u017cowani lektorzy j\u0119zyka niemieckiego, kt\u00f3rzy pomagaj\u0105 osi\u0105gn\u0105\u0107 szybkie i widoczne post\u0119py w nauce. Nasi nauczyciele posiadaj\u0105 poziom native speaker, solidne przygotowanie pedagogiczne oraz wieloletnie do\u015bwiadczenie w nauczaniu niemiecki jako j\u0119zyk obcy.<\/p>\n<p style=\"text-align: center;\">Dzi\u0119ki ich profesjonalizmowi, nowoczesnym metodom nauczania oraz dynamicznemu stylowi pracy lekcje s\u0105 skuteczne, praktyczne i motywuj\u0105ce. Autentyczna wymowa, jasne wyja\u015bnienia i przyjazna atmosfera sprawiaj\u0105, \u017ce nauka niemieckiego staje si\u0119 maksymalnie efektywna.<\/p>\n<p style=\"text-align: center;\">Je\u015bli szukasz do\u015bwiadczonych nauczycieli niemieckiego w Monachium, kt\u00f3rzy poprowadz\u0105 Ci\u0119 krok po kroku do sukcesu j\u0119zykowego, w <strong>Sprachschule Aktiv M\u00fcnchen<\/strong> jeste\u015b w najlepszych r\u0119kach.<\/p>\n<img decoding=\"async\" class=\"alignnone size-full wp-image-60969\" src=\"https:\/\/www.sprachschule-aktiv-muenchen.de\/wp-content\/uploads\/2020\/12\/kursy-niemieckiego-na-weekend-w-monachium.jpg\" alt=\"Kursy niemieckiego w weekend w Monachium\" width=\"800\" height=\"359\" srcset=\"https:\/\/www.sprachschule-aktiv-muenchen.de\/wp-content\/uploads\/2020\/12\/kursy-niemieckiego-na-weekend-w-monachium.jpg 800w, https:\/\/www.sprachschule-aktiv-muenchen.de\/wp-content\/uploads\/2020\/12\/kursy-niemieckiego-na-weekend-w-monachium-300x135.jpg 300w, https:\/\/www.sprachschule-aktiv-muenchen.de\/wp-content\/uploads\/2020\/12\/kursy-niemieckiego-na-weekend-w-monachium-768x345.jpg 768w, https:\/\/www.sprachschule-aktiv-muenchen.de\/wp-content\/uploads\/2020\/12\/kursy-niemieckiego-na-weekend-w-monachium-200x90.jpg 200w\" sizes=\"(max-width: 800px) 100vw, 800px\" \/>\n<h2 style=\"text-align: center;\"><strong>Sprachschule Aktiv M\u00fcnchen \u2013 Ucz si\u0119 niemieckiego w Monachium<\/strong><\/h2>\n<p style=\"text-align: center;\"><strong>\u00a0&#8211; Kursy niemieckiego A1, A2, B1, B2, C1, C2 &#8211;\u00a0<\/strong><\/p>\n<p style=\"text-align: center;\">Zalety weekendowego kursu niemieckiego w <strong>Sprachschule Aktiv Monachium<\/strong>:<\/p>\n<p><strong>Elastyczny grafik<\/strong>: Nasze kursy odbywaj\u0105 si\u0119 w cztery kolejne soboty i mo\u017cna je \u0142atwo zintegrowa\u0107 z tygodniowym harmonogramem, nie zak\u0142\u00f3caj\u0105c \u017cycia zawodowego ani osobistego.<\/p>\n<p><strong>Wygodne godziny nauki<\/strong>: Zaj\u0119cia od <strong>9:00 do 12:45<\/strong> s\u0105 idealne dla utrzymania wysokiej koncentracji i produktywno\u015bci, pozwalaj\u0105c w pe\u0142ni wykorzysta\u0107 ka\u017cd\u0105 sesj\u0119.<\/p>\n<p><strong>Ma\u0142e grupy<\/strong>: Uczymy w ma\u0142ych grupach, aby zapewni\u0107 indywidualne podej\u015bcie i przyjemn\u0105 atmosfer\u0119 nauki.<\/p>\n<p><strong>Interaktywne metody nauczania<\/strong>: Nasze interaktywne metody nauczania sprawiaj\u0105, \u017ce lekcje s\u0105 dynamiczne i anga\u017cuj\u0105ce, u\u0142atwiaj\u0105c nauk\u0119 i zwi\u0119kszaj\u0105c szanse na sukces.<\/p>\n<p><strong>Uczciwe ceny<\/strong>: Ju\u017c za <strong>269<\/strong> euro za <strong>20 lekcji<\/strong> oferujemy doskona\u0142y stosunek jako\u015bci do ceny.<\/p>\n<p><strong>Mo\u017cliwo\u015bci nawi\u0105zywania kontakt\u00f3w<\/strong>: Poznaj osoby o podobnych zainteresowaniach i nawi\u0105\u017c cenne kontakty, kt\u00f3re wykraczaj\u0105 poza kurs.<\/p>\n<p style=\"text-align: center;\"><strong>Nie przegap okazji, aby poprawi\u0107 swoj\u0105 znajomo\u015b\u0107 j\u0119zyka niemieckiego i poszerzy\u0107 perspektywy kariery. <\/strong><\/p>\n<p style=\"text-align: center;\"><strong>Zarejestruj si\u0119 ju\u017c teraz i zr\u00f3b pierwszy krok w stron\u0119 sukcesu!<\/strong><\/p>\n<a href=\"https:\/\/www.sprachschule-aktiv-muenchen.de\/pl\/rejestrowanie\/\"><img decoding=\"async\" class=\"alignnone size-full wp-image-57808\" src=\"https:\/\/www.sprachschule-aktiv-muenchen.de\/wp-content\/uploads\/2020\/06\/boton2.png\" alt=\"zarezerwuj teraz!\" width=\"265\" height=\"58\" \/><\/a>\n<h2 style=\"text-align: center;\"><strong>Terminy rozpocz\u0119cia weekendowego kursu j\u0119zyka niemieckiego w 2026 r.<\/strong><\/h2>\n<p style=\"text-align: center;\">Poziomy: A1.1, A1.2; A2.1, A2.2; B1.1, B1.2; B2.1, B2.2; C1.1, C1.2; C2.2<\/p>\n<p style=\"text-align: center;\">Uwaga: je\u015bli w kursie bierze udzia\u0142 co najmniej dw\u00f3ch uczestnik\u00f3w, czas zaj\u0119\u0107 zostanie skr\u00f3cony z 9:00 do 11:30.<\/p>\n<p style=\"text-align: center;\"><span style=\"color: #ff0000;\">Ostateczny termin rozpocz\u0119cia weekendowego kursu j\u0119zyka niemieckiego w 2026 r. to:<\/span><\/p>\n<p style=\"text-align: center;\"><span style=\"color: #ff0000;\">29 listopada 2025 r., w godzinach 9:00-12:45<\/span><\/p>\n\n<table id=\"tablepress-223\" class=\"tablepress tablepress-id-223 tablepress-responsive\">\n<thead>\n<tr class=\"row-1\">\n\t<th class=\"column-1\">Miesi\u0105c<\/th><th class=\"column-2\">Pocz\u0105tek kursu<\/th><th class=\"column-3\">Dni kursu<\/th><th class=\"column-4\">Plan zaj\u0119\u0107<\/th><th class=\"column-5\">Kurs triwalisty<\/th><th class=\"column-6\">Cena kursu<\/th>\n<\/tr>\n<\/thead>\n<tbody class=\"row-striping row-hover\">\n<tr class=\"row-2\">\n\t<td class=\"column-1\"><\/td><td class=\"column-2\"><\/td><td class=\"column-3\"><\/td><td class=\"column-4\"><\/td><td class=\"column-5\"><\/td><td class=\"column-6\"><\/td>\n<\/tr>\n<tr class=\"row-3\">\n\t<td class=\"column-1\">stycze\u0144<\/td><td class=\"column-2\">10.01.2026<\/td><td class=\"column-3\">sobota<\/td><td class=\"column-4\">od 9:00 do 12:45<\/td><td class=\"column-5\">4 tygodnie<\/td><td class=\"column-6\">269,00 \u20ac<\/td>\n<\/tr>\n<tr class=\"row-4\">\n\t<td class=\"column-1\">luty<\/td><td class=\"column-2\">07.02.2026<\/td><td class=\"column-3\">sobota<\/td><td class=\"column-4\">od 9:00 do 12:45<\/td><td class=\"column-5\">4 tygodnie<\/td><td class=\"column-6\">269,00 \u20ac<\/td>\n<\/tr>\n<tr class=\"row-5\">\n\t<td class=\"column-1\">marzec<\/td><td class=\"column-2\">07.03.2026<\/td><td class=\"column-3\">sobota<\/td><td class=\"column-4\">od 9:00 do 12:45<\/td><td class=\"column-5\">4 tygodnie<\/td><td class=\"column-6\">269,00 \u20ac<\/td>\n<\/tr>\n<tr class=\"row-6\">\n\t<td class=\"column-1\">kwiecie\u0144<\/td><td class=\"column-2\">04.04.2026<\/td><td class=\"column-3\">sobota<\/td><td class=\"column-4\">od 9:00 do 12:45<\/td><td class=\"column-5\">4 tygodnie<\/td><td class=\"column-6\">269,00 \u20ac<\/td>\n<\/tr>\n<tr class=\"row-7\">\n\t<td class=\"column-1\">maj<\/td><td class=\"column-2\">09.05.2026<\/td><td class=\"column-3\">sobota<\/td><td class=\"column-4\">od 9:00 do 12:45<\/td><td class=\"column-5\">4 tygodnie<\/td><td class=\"column-6\">269,00 \u20ac<\/td>\n<\/tr>\n<tr class=\"row-8\">\n\t<td class=\"column-1\">czerwiec<\/td><td class=\"column-2\">06.06.2026<\/td><td class=\"column-3\">sobota<\/td><td class=\"column-4\">od 9:00 do 12:45<\/td><td class=\"column-5\">4 tygodnie<\/td><td class=\"column-6\">269,00 \u20ac<\/td>\n<\/tr>\n<tr class=\"row-9\">\n\t<td class=\"column-1\">lipiec<\/td><td class=\"column-2\">04.07.2026<\/td><td class=\"column-3\">sobota<\/td><td class=\"column-4\">od 9:00 do 12:45<\/td><td class=\"column-5\">4 tygodnie<\/td><td class=\"column-6\">269,00 \u20ac<\/td>\n<\/tr>\n<tr class=\"row-10\">\n\t<td class=\"column-1\">sierpie\u0144<\/td><td class=\"column-2\">01.08.2026<\/td><td class=\"column-3\">sobota<\/td><td class=\"column-4\">od 9:00 do 12:45<\/td><td class=\"column-5\">4 tygodnie<\/td><td class=\"column-6\">269,00 \u20ac<\/td>\n<\/tr>\n<tr class=\"row-11\">\n\t<td class=\"column-1\">wrzesie\u0144<\/td><td class=\"column-2\">05.09.2026<\/td><td class=\"column-3\">sobota<\/td><td class=\"column-4\">od 9:00 do 12:45<\/td><td class=\"column-5\">4 tygodnie<\/td><td class=\"column-6\">269,00 \u20ac<\/td>\n<\/tr>\n<tr class=\"row-12\">\n\t<td class=\"column-1\">pa\u017adziernik<\/td><td class=\"column-2\">10.10.2026<\/td><td class=\"column-3\">sobota<\/td><td class=\"column-4\">od 9:00 do 12:45<\/td><td class=\"column-5\">4 tygodnie<\/td><td class=\"column-6\">269,00 \u20ac<\/td>\n<\/tr>\n<tr class=\"row-13\">\n\t<td class=\"column-1\">listopad<\/td><td class=\"column-2\">07.11.2026<\/td><td class=\"column-3\">sobota<\/td><td class=\"column-4\">od 9:00 do 12:45<\/td><td class=\"column-5\">4 tygodnie<\/td><td class=\"column-6\">269,00 \u20ac<\/td>\n<\/tr>\n<tr class=\"row-14\">\n\t<td class=\"column-1\">grudzie\u0144<\/td><td class=\"column-2\">28.11.2026*<\/td><td class=\"column-3\">sobota<\/td><td class=\"column-4\">od 9:00 do 12:45<\/td><td class=\"column-5\">4 tygodnie<\/td><td class=\"column-6\">269,00 \u20ac<\/td>\n<\/tr>\n<\/tbody>\n<\/table>\n<!-- #tablepress-223 from cache -->\n<a href=\"https:\/\/www.sprachschule-aktiv-muenchen.de\/pl\/rejestrowanie\/\"><img decoding=\"async\" class=\"alignnone size-full wp-image-57808\" src=\"https:\/\/www.sprachschule-aktiv-muenchen.de\/wp-content\/uploads\/2020\/06\/boton2.png\" alt=\"zarezerwuj teraz!\" width=\"265\" height=\"58\" \/><\/a>\n<h2 style=\"text-align: center;\">Kursy j\u0119zyka niemieckiego w soboty dla pocz\u0105tkuj\u0105cych i zaawansowanych<\/h2>\n<p style=\"text-align: center;\">Nasza szko\u0142a j\u0119zykowa Aktiv M\u00fcnchen oferuje kursy j\u0119zyka niemieckiego w soboty na wszystkich poziomach zaawansowania od A1 do C2, zgodnie z <em>Europejskim Systemem Opisu<\/em> <em>Kszta\u0142cenia J\u0119zykowego<\/em> (CEFR). Nasz interaktywny styl nauczania, z ustrukturyzowanymi obja\u015bnieniami i motywuj\u0105cymi \u0107wiczeniami konwersacyjnymi, gwarantuje sukces w nauce. Przetestuj sw\u00f3j niemiecki <a href=\"https:\/\/www.sprachschule-aktiv-muenchen.de\/deutsch-einstufungstest\/\">online za darmo<\/a> lub zle\u0107 indywidualn\u0105 ocen\u0119 poziomu. Zapisz si\u0119 ju\u017c teraz.<\/p>\n<p style=\"text-align: center;\">Poznaj kurs i poznaj swojego instruktora podczas <em>bezp\u0142atnej lekcji pr\u00f3bnej<\/em>, aby upewni\u0107 si\u0119, \u017ce czujesz si\u0119 komfortowo na naszym sobotnim kursie j\u0119zyka niemieckiego. <strong>Czekamy na Ciebie!<\/strong><\/p>\n","protected":false},"excerpt":{"rendered":"<p>Kursy niemieckiego w weekend w Monachium &#8211; Intensywna nauka niemieckiego w sobot\u0119 &#8211; Nie masz czasu na nauk\u0119 niemieckiego w ci\u0105gu tygodnia, poniewa\u017c jeste\u015b zaj\u0119ty prac\u0105 lub studiami? Skorzystaj z naszych weekendowych kurs\u00f3w j\u0119zyka niemieckiego w Monachium i wybierz elastyczn\u0105, praktyczn\u0105 oraz skuteczn\u0105 form\u0119 nauki, kt\u00f3ra idealnie dopasuje si\u0119 do Twojego napi\u0119tego grafiku. W naszej&hellip; <a class=\"read-more\" href=\"https:\/\/www.sprachschule-aktiv-muenchen.de\/pl\/kursy-niemieckiego-na-weekend-w-monachium\/\" title=\"Read Kursy niemieckiego na weekend w Monachium\">Read more &raquo;<\/a><\/p>\n","protected":false},"author":2,"featured_media":0,"parent":0,"menu_order":0,"comment_status":"closed","ping_status":"closed","template":"","meta":{"footnotes":""},"class_list":["post-58236","page","type-page","status-publish","hentry"],"yoast_head":"<!-- This site is optimized with the Yoast SEO plugin v27.1.1 - https:\/\/yoast.com\/product\/yoast-seo-wordpress\/ -->\n<title>Kursy niemieckiego w weekend w Monachium \u2013 w sobot\u0119<\/title>\n<meta name=\"description\" content=\"Chcesz nauczy\u0107 si\u0119 niemieckiego, ale niemasz czasu w tygodniu? W Sprachschule Aktiv mo\u017cesz uczy\u0107 si\u0119 niemieckiego w weekend!\" \/>\n<meta name=\"robots\" content=\"index, follow, max-snippet:-1, max-image-preview:large, max-video-preview:-1\" \/>\n<link rel=\"canonical\" href=\"https:\/\/www.sprachschule-aktiv-muenchen.de\/pl\/kursy-niemieckiego-na-weekend-w-monachium\/\" \/>\n<meta property=\"og:locale\" content=\"pl_PL\" \/>\n<meta property=\"og:type\" content=\"article\" \/>\n<meta property=\"og:title\" content=\"Kursy niemieckiego w weekend w Monachium \u2013 w sobot\u0119\" \/>\n<meta property=\"og:description\" content=\"Chcesz nauczy\u0107 si\u0119 niemieckiego, ale niemasz czasu w tygodniu? W Sprachschule Aktiv mo\u017cesz uczy\u0107 si\u0119 niemieckiego w weekend!\" \/>\n<meta property=\"og:url\" content=\"https:\/\/www.sprachschule-aktiv-muenchen.de\/pl\/kursy-niemieckiego-na-weekend-w-monachium\/\" \/>\n<meta property=\"og:site_name\" content=\"Sprachschule Aktiv\" \/>\n<meta property=\"article:modified_time\" content=\"2025-11-24T13:53:25+00:00\" \/>\n<meta property=\"og:image\" content=\"https:\/\/www.sprachschule-aktiv-muenchen.de\/wp-content\/uploads\/2020\/06\/boton1.png\" \/>\n\t<meta property=\"og:image:width\" content=\"240\" \/>\n\t<meta property=\"og:image:height\" content=\"58\" \/>\n\t<meta property=\"og:image:type\" content=\"image\/png\" \/>\n<meta name=\"twitter:card\" content=\"summary_large_image\" \/>\n<meta name=\"twitter:label1\" content=\"Szacowany czas czytania\" \/>\n\t<meta name=\"twitter:data1\" content=\"4 minuty\" \/>\n<script type=\"application\/ld+json\" class=\"yoast-schema-graph\">{\"@context\":\"https:\/\/schema.org\",\"@graph\":[{\"@type\":\"WebPage\",\"@id\":\"https:\/\/www.sprachschule-aktiv-muenchen.de\/pl\/kursy-niemieckiego-na-weekend-w-monachium\/\",\"url\":\"https:\/\/www.sprachschule-aktiv-muenchen.de\/pl\/kursy-niemieckiego-na-weekend-w-monachium\/\",\"name\":\"Kursy niemieckiego w weekend w Monachium \u2013 w sobot\u0119\",\"isPartOf\":{\"@id\":\"https:\/\/www.sprachschule-aktiv-muenchen.de\/#website\"},\"primaryImageOfPage\":{\"@id\":\"https:\/\/www.sprachschule-aktiv-muenchen.de\/pl\/kursy-niemieckiego-na-weekend-w-monachium\/#primaryimage\"},\"image\":{\"@id\":\"https:\/\/www.sprachschule-aktiv-muenchen.de\/pl\/kursy-niemieckiego-na-weekend-w-monachium\/#primaryimage\"},\"thumbnailUrl\":\"https:\/\/www.sprachschule-aktiv-muenchen.de\/wp-content\/uploads\/2020\/06\/boton1.png\",\"datePublished\":\"2020-08-06T07:29:43+00:00\",\"dateModified\":\"2025-11-24T13:53:25+00:00\",\"description\":\"Chcesz nauczy\u0107 si\u0119 niemieckiego, ale niemasz czasu w tygodniu? W Sprachschule Aktiv mo\u017cesz uczy\u0107 si\u0119 niemieckiego w weekend!\",\"breadcrumb\":{\"@id\":\"https:\/\/www.sprachschule-aktiv-muenchen.de\/pl\/kursy-niemieckiego-na-weekend-w-monachium\/#breadcrumb\"},\"inLanguage\":\"pl-PL\",\"potentialAction\":[{\"@type\":\"ReadAction\",\"target\":[\"https:\/\/www.sprachschule-aktiv-muenchen.de\/pl\/kursy-niemieckiego-na-weekend-w-monachium\/\"]}]},{\"@type\":\"ImageObject\",\"inLanguage\":\"pl-PL\",\"@id\":\"https:\/\/www.sprachschule-aktiv-muenchen.de\/pl\/kursy-niemieckiego-na-weekend-w-monachium\/#primaryimage\",\"url\":\"https:\/\/www.sprachschule-aktiv-muenchen.de\/wp-content\/uploads\/2020\/06\/boton1.png\",\"contentUrl\":\"https:\/\/www.sprachschule-aktiv-muenchen.de\/wp-content\/uploads\/2020\/06\/boton1.png\"},{\"@type\":\"BreadcrumbList\",\"@id\":\"https:\/\/www.sprachschule-aktiv-muenchen.de\/pl\/kursy-niemieckiego-na-weekend-w-monachium\/#breadcrumb\",\"itemListElement\":[{\"@type\":\"ListItem\",\"position\":1,\"name\":\"Portada\",\"item\":\"https:\/\/www.sprachschule-aktiv-muenchen.de\/pl\/\"},{\"@type\":\"ListItem\",\"position\":2,\"name\":\"Kursy niemieckiego na weekend w Monachium\"}]},{\"@type\":\"WebSite\",\"@id\":\"https:\/\/www.sprachschule-aktiv-muenchen.de\/#website\",\"url\":\"https:\/\/www.sprachschule-aktiv-muenchen.de\/\",\"name\":\"Sprachschule Aktiv\",\"description\":\"\",\"potentialAction\":[{\"@type\":\"SearchAction\",\"target\":{\"@type\":\"EntryPoint\",\"urlTemplate\":\"https:\/\/www.sprachschule-aktiv-muenchen.de\/?s={search_term_string}\"},\"query-input\":{\"@type\":\"PropertyValueSpecification\",\"valueRequired\":true,\"valueName\":\"search_term_string\"}}],\"inLanguage\":\"pl-PL\"}]}<\/script>\n<!-- \/ Yoast SEO plugin. -->","yoast_head_json":{"title":"Kursy niemieckiego w weekend w Monachium \u2013 w sobot\u0119","description":"Chcesz nauczy\u0107 si\u0119 niemieckiego, ale niemasz czasu w tygodniu? W Sprachschule Aktiv mo\u017cesz uczy\u0107 si\u0119 niemieckiego w weekend!","robots":{"index":"index","follow":"follow","max-snippet":"max-snippet:-1","max-image-preview":"max-image-preview:large","max-video-preview":"max-video-preview:-1"},"canonical":"https:\/\/www.sprachschule-aktiv-muenchen.de\/pl\/kursy-niemieckiego-na-weekend-w-monachium\/","og_locale":"pl_PL","og_type":"article","og_title":"Kursy niemieckiego w weekend w Monachium \u2013 w sobot\u0119","og_description":"Chcesz nauczy\u0107 si\u0119 niemieckiego, ale niemasz czasu w tygodniu? W Sprachschule Aktiv mo\u017cesz uczy\u0107 si\u0119 niemieckiego w weekend!","og_url":"https:\/\/www.sprachschule-aktiv-muenchen.de\/pl\/kursy-niemieckiego-na-weekend-w-monachium\/","og_site_name":"Sprachschule Aktiv","article_modified_time":"2025-11-24T13:53:25+00:00","og_image":[{"width":240,"height":58,"url":"https:\/\/www.sprachschule-aktiv-muenchen.de\/wp-content\/uploads\/2020\/06\/boton1.png","type":"image\/png"}],"twitter_card":"summary_large_image","twitter_misc":{"Szacowany czas czytania":"4 minuty"},"schema":{"@context":"https:\/\/schema.org","@graph":[{"@type":"WebPage","@id":"https:\/\/www.sprachschule-aktiv-muenchen.de\/pl\/kursy-niemieckiego-na-weekend-w-monachium\/","url":"https:\/\/www.sprachschule-aktiv-muenchen.de\/pl\/kursy-niemieckiego-na-weekend-w-monachium\/","name":"Kursy niemieckiego w weekend w Monachium \u2013 w sobot\u0119","isPartOf":{"@id":"https:\/\/www.sprachschule-aktiv-muenchen.de\/#website"},"primaryImageOfPage":{"@id":"https:\/\/www.sprachschule-aktiv-muenchen.de\/pl\/kursy-niemieckiego-na-weekend-w-monachium\/#primaryimage"},"image":{"@id":"https:\/\/www.sprachschule-aktiv-muenchen.de\/pl\/kursy-niemieckiego-na-weekend-w-monachium\/#primaryimage"},"thumbnailUrl":"https:\/\/www.sprachschule-aktiv-muenchen.de\/wp-content\/uploads\/2020\/06\/boton1.png","datePublished":"2020-08-06T07:29:43+00:00","dateModified":"2025-11-24T13:53:25+00:00","description":"Chcesz nauczy\u0107 si\u0119 niemieckiego, ale niemasz czasu w tygodniu? W Sprachschule Aktiv mo\u017cesz uczy\u0107 si\u0119 niemieckiego w weekend!","breadcrumb":{"@id":"https:\/\/www.sprachschule-aktiv-muenchen.de\/pl\/kursy-niemieckiego-na-weekend-w-monachium\/#breadcrumb"},"inLanguage":"pl-PL","potentialAction":[{"@type":"ReadAction","target":["https:\/\/www.sprachschule-aktiv-muenchen.de\/pl\/kursy-niemieckiego-na-weekend-w-monachium\/"]}]},{"@type":"ImageObject","inLanguage":"pl-PL","@id":"https:\/\/www.sprachschule-aktiv-muenchen.de\/pl\/kursy-niemieckiego-na-weekend-w-monachium\/#primaryimage","url":"https:\/\/www.sprachschule-aktiv-muenchen.de\/wp-content\/uploads\/2020\/06\/boton1.png","contentUrl":"https:\/\/www.sprachschule-aktiv-muenchen.de\/wp-content\/uploads\/2020\/06\/boton1.png"},{"@type":"BreadcrumbList","@id":"https:\/\/www.sprachschule-aktiv-muenchen.de\/pl\/kursy-niemieckiego-na-weekend-w-monachium\/#breadcrumb","itemListElement":[{"@type":"ListItem","position":1,"name":"Portada","item":"https:\/\/www.sprachschule-aktiv-muenchen.de\/pl\/"},{"@type":"ListItem","position":2,"name":"Kursy niemieckiego na weekend w Monachium"}]},{"@type":"WebSite","@id":"https:\/\/www.sprachschule-aktiv-muenchen.de\/#website","url":"https:\/\/www.sprachschule-aktiv-muenchen.de\/","name":"Sprachschule Aktiv","description":"","potentialAction":[{"@type":"SearchAction","target":{"@type":"EntryPoint","urlTemplate":"https:\/\/www.sprachschule-aktiv-muenchen.de\/?s={search_term_string}"},"query-input":{"@type":"PropertyValueSpecification","valueRequired":true,"valueName":"search_term_string"}}],"inLanguage":"pl-PL"}]}},"_links":{"self":[{"href":"https:\/\/www.sprachschule-aktiv-muenchen.de\/pl\/wp-json\/wp\/v2\/pages\/58236","targetHints":{"allow":["GET"]}}],"collection":[{"href":"https:\/\/www.sprachschule-aktiv-muenchen.de\/pl\/wp-json\/wp\/v2\/pages"}],"about":[{"href":"https:\/\/www.sprachschule-aktiv-muenchen.de\/pl\/wp-json\/wp\/v2\/types\/page"}],"author":[{"embeddable":true,"href":"https:\/\/www.sprachschule-aktiv-muenchen.de\/pl\/wp-json\/wp\/v2\/users\/2"}],"replies":[{"embeddable":true,"href":"https:\/\/www.sprachschule-aktiv-muenchen.de\/pl\/wp-json\/wp\/v2\/comments?post=58236"}],"version-history":[{"count":16,"href":"https:\/\/www.sprachschule-aktiv-muenchen.de\/pl\/wp-json\/wp\/v2\/pages\/58236\/revisions"}],"predecessor-version":[{"id":80039,"href":"https:\/\/www.sprachschule-aktiv-muenchen.de\/pl\/wp-json\/wp\/v2\/pages\/58236\/revisions\/80039"}],"wp:attachment":[{"href":"https:\/\/www.sprachschule-aktiv-muenchen.de\/pl\/wp-json\/wp\/v2\/media?parent=58236"}],"curies":[{"name":"wp","href":"https:\/\/api.w.org\/{rel}","templated":true}]}}