{"id":57664,"date":"2020-06-18T11:24:59","date_gmt":"2020-06-18T09:24:59","guid":{"rendered":"https:\/\/www.sprachschule-aktiv-muenchen.de\/?page_id=57664"},"modified":"2024-12-20T10:58:08","modified_gmt":"2024-12-20T09:58:08","slug":"ucz-sie-niemieckiego-online-kursy-niemieckiego-od-a1-do-c2","status":"publish","type":"page","link":"https:\/\/www.sprachschule-aktiv-muenchen.de\/pl\/ucz-sie-niemieckiego-online-kursy-niemieckiego-od-a1-do-c2\/","title":{"rendered":"Ucz si\u0119 niemieckiego online! Kursy niemieckiego od A1 do C2."},"content":{"rendered":"<h1>Ucz si\u0119 niemieckiego online! Kursy niemieckiego od A1 do C2.<\/h1>\n<p>Sprachschule Aktiv oferuje kursy niemieckiego online, kt\u00f3re mo\u017cna elastycznie dostosowa\u0107 do codziennej rutyny. W domu, w pracy lub w podr\u00f3\u017cy &#8211; mo\u017cesz uczy\u0107 si\u0119 niemieckiego w dowolnym miejscu dzi\u0119ki kursom j\u0119zykowym Aktiv online.<\/p>\n<h2>Ucz si\u0119 niemieckiego online na kursie grupowym lub na lekcjach prywatnych.<\/h2>\n<p>Istnieje wiele powod\u00f3w, aby wybra\u0107 kurs niemieckiego online. Mo\u017cesz nie tylko elastycznie okre\u015bli\u0107 czas nauki, ale tak\u017ce zaoszcz\u0119dzi\u0107 pieni\u0105dze i czas na podr\u00f3\u017c do naszych klas. Mo\u017cesz zarezerwowa\u0107 lekcje niemieckiego online zar\u00f3wno jako lekcje prywatne, jak i kurs grupowy. Rozwa\u017cywszy lekcj\u0119 grupow\u0105 mo\u017cesz wybra\u0107 pomi\u0119dzy kursami p\u00f3\u0142intensywnymi i intensywnymi. Oba odbywaj\u0105 si\u0119 w ustalonych godzinach.<\/p>\n<h2>Kurs niemieckiego online z do\u015bwiadczonymi native speakerami.<\/h2>\n<p>Niemieccy wyk\u0142adowcy w Sprachschule Aktiv to rdzenni mieszka\u0144cy Niemiec z wy\u017cszym wykszta\u0142ceniem i d\u0142ugim do\u015bwiadczeniem w nauczaniu.<\/p>\n<p>Nauczyciel poprowadzi szkolenie j\u0119zykowe online, prze\u015ble Ci materia\u0142y dydaktyczne za po\u015brednictwem poczty elektronicznej i odpowie na pytania w dodatkowej grupie na WhatsApp.<\/p>\n<h2>Bezp\u0142atna lekcja pr\u00f3bna online.<\/h2>\n<p>Z nami nie ryzykujesz, poniewa\u017c pierwsza godzina jest zawsze bezp\u0142atn\u0105 lekcj\u0105 pr\u00f3bn\u0105. Je\u015bli nie podoba ci si\u0119 kurs niemieckiego online, mo\u017cesz wycofa\u0107 si\u0119 z rezerwacji, a my zwr\u00f3cimy op\u0142aty, kt\u00f3re zosta\u0142y ju\u017c wp\u0142acone.<\/p>\n<h2>Jakiego sprz\u0119tu technicznego potrzebujesz na kurs niemieckiego online?<\/h2>\n<p>Na kurs niemieckiego online wystarczy komputer PC, laptop lub tablet PC z kamer\u0105. Mo\u017cesz nawet wzi\u0105\u0107 udzia\u0142 w naszym internetowym szkoleniu z j\u0119zyka niemieckiego tylko ze swojego smartfona.<\/p>\n<h2>Oferta specjalna &#8211; kurs niemieckiego online &#8211; 4 tygodnie.<\/h2>\n<p>Nasze p\u00f3\u0142 intensywne kursy j\u0119zyka niemieckiego odbywaj\u0105 si\u0119 na poziomach od A1 do C2.<\/p>\n<p>Czterotygodniowy kurs p\u00f3\u0142intensywny kosztuje 289 \u20ac.<\/p>\n<p>Rozpocz\u0119cie kursu: patrz tabela poni\u017cej.<\/p>\n<p>Daty rozpocz\u0119cia z wcze\u015bniejsz\u0105 wiedz\u0105: mo\u017cliwe w dowolnym momencie.<\/p>\n<a href=\"https:\/\/www.sprachschule-aktiv-muenchen.de\/pl\/kontakt\/\"><img decoding=\"async\" class=\"alignnone size-full wp-image-57784\" src=\"https:\/\/www.sprachschule-aktiv-muenchen.de\/wp-content\/uploads\/2020\/06\/boton1.png\" alt=\"masz pytanie?\" width=\"240\" height=\"58\" \/><\/a>\n<h2>Kiedy odbywaj\u0105 si\u0119 kursy p\u00f3\u0142intensywne online?<\/h2>\n<p>Od poniedzia\u0142ku do czwartku od 9:00 do 12:00<\/p>\n<h2>Intensywne kursy j\u0119zyka niemieckiego online &#8211; ceny<\/h2>\n<p>Poni\u017csze ceny dotycz\u0105 intensywnych kurs\u00f3w grupowych na poziomach od A1 do C2:<\/p>\n<p>Jedna lekcja trwa 45 minut. Ile tygodni intensywnego kursu j\u0119zyka niemieckiego zarezerwujesz, zale\u017cy wy\u0142\u0105cznie od Ciebie.<\/p>\n<ol>\n<li>Tydzie\u0144 intensywnego kursu niemieckiego sk\u0142adaj\u0105cego si\u0119 z 20 lekcji kosztuje 199 \u20ac.<\/li>\n<li>Dwa tygodnie intensywnych kurs\u00f3w j\u0119zyka niemieckiego z 40 lekcjami kosztuj\u0105 349 \u20ac.<\/li>\n<li>Trzy tygodnie intensywnych kurs\u00f3w j\u0119zyka niemieckiego z 60 lekcjami kosztuj\u0105 411 \u20ac.<\/li>\n<li>Cztery tygodnie intensywnych kurs\u00f3w j\u0119zyka niemieckiego z 80 lekcjami kosztuj\u0105 499 \u20ac.<\/li>\n<\/ol>\n<h2>Kiedy odbywaj\u0105 si\u0119 intensywne kursy online dla grup?<\/h2>\n<p>Daty rozpocz\u0119cia dla pocz\u0105tkuj\u0105cych: patrz tabela.<\/p>\n<p>Daty dla os\u00f3b posiadaj\u0105cych ju\u017c wiedz\u0119 z niemieckiego: mo\u017cliwe w dowolnym momencie.<\/p>\n<p>Daty: od poniedzia\u0142ku do pi\u0105tku od 9:00 do 12:00<\/p>\n<h2>Kurs niemieckiego online &#8211; daty rozpocz\u0119cia<\/h2>\n\n<table id=\"tablepress-62\" class=\"tablepress tablepress-id-62 tablepress-responsive tbody-has-connected-cells\">\n<thead>\n<tr class=\"row-1\">\n\t<th colspan=\"3\" class=\"column-1\">od poniedzia\u0142ku do pi\u0105tku w godzinach*: 09:00 - 12:00<\/th>\n<\/tr>\n<\/thead>\n<tbody class=\"row-striping row-hover\">\n<tr class=\"row-2\">\n\t<td class=\"column-1\">STYCZE\u0143<\/td><td class=\"column-2\">LUTY<\/td><td class=\"column-3\">MARZEC<\/td>\n<\/tr>\n<tr class=\"row-3\">\n\t<td class=\"column-1\">*Wtorek 07.01<\/td><td class=\"column-2\">Poniedzia\u0142ek 03.02<\/td><td class=\"column-3\">Poniedzia\u0142ek 03.03<\/td>\n<\/tr>\n<tr class=\"row-4\">\n\t<td class=\"column-1\">KWIECIE\u0143<\/td><td class=\"column-2\">MAJ<\/td><td class=\"column-3\">CZERWIEC<\/td>\n<\/tr>\n<tr class=\"row-5\">\n\t<td class=\"column-1\">*Poniedzia\u0142ek 31.03<\/td><td class=\"column-2\">Poniedzia\u0142ek 05.05<\/td><td class=\"column-3\">Poniedzia\u0142ek 02.06<\/td>\n<\/tr>\n<tr class=\"row-6\">\n\t<td class=\"column-1\">LIPIEC<\/td><td class=\"column-2\">SIERPIE\u0143<\/td><td class=\"column-3\">WRZESIE\u0143<\/td>\n<\/tr>\n<tr class=\"row-7\">\n\t<td class=\"column-1\">Poniedzia\u0142ek 07.07<\/td><td class=\"column-2\">Poniedzia\u0142ek 04.08<\/td><td class=\"column-3\">Poniedzia\u0142ek 01.09<\/td>\n<\/tr>\n<tr class=\"row-8\">\n\t<td class=\"column-1\">PA\u0179DZIERNIK<\/td><td class=\"column-2\">LISTOPAD<\/td><td class=\"column-3\">GRUDZIE\u0143<\/td>\n<\/tr>\n<tr class=\"row-9\">\n\t<td class=\"column-1\">*Poniedzia\u0142ek 29.09<\/td><td class=\"column-2\">*Poniedzia\u0142ek 27.10<\/td><td class=\"column-3\">*Poniedzia\u0142ek 24.11<\/td>\n<\/tr>\n<tr class=\"row-10\">\n\t<td class=\"column-1\"><\/td><td class=\"column-2\"><\/td><td class=\"column-3\"><\/td>\n<\/tr>\n<tr class=\"row-11\">\n\t<td class=\"column-1\"><h2>CENA<\/h2><\/td><td class=\"column-2\"><\/td><td class=\"column-3\"><\/td>\n<\/tr>\n<tr class=\"row-12\">\n\t<td class=\"column-1\">1 Tydzie\u0144: 199\u20ac<br \/>\n2 Tygodnie: 349\u20ac<br \/>\n3 Tygodnie: 411\u20ac<br \/>\n4 Tygodnie: 499\u20ac<\/td><td class=\"column-2\"><\/td><td class=\"column-3\"><\/td>\n<\/tr>\n<tr class=\"row-13\">\n\t<td colspan=\"3\" class=\"column-1\">*20 godzin tygodniowo od 6 os\u00f3b<\/td>\n<\/tr>\n<\/tbody>\n<\/table>\n\n<h2><a href=\"https:\/\/www.sprachschule-aktiv-muenchen.de\/pl\/rejestrowanie\/\"><img decoding=\"async\" class=\"alignnone size-full wp-image-57808\" src=\"https:\/\/www.sprachschule-aktiv-muenchen.de\/wp-content\/uploads\/2020\/06\/boton2.png\" alt=\"zarezerwuj teraz!\" width=\"265\" height=\"58\" \/><\/a><\/h2>\n<h2>Prywatne lekcje online &#8211; ceny<\/h2>\n<p>&#8211; 45-minutowa lekcja kosztuje 45 \u20ac, je\u015bli zarezerwujesz od 1 do 19 lekcji<\/p>\n<p>&#8211; od 20 do 29 godzin, lekcja kosztuje 42 \u20ac<\/p>\n<p>&#8211; po zarezerwowaniu 30 lekcji cena za godzin\u0119 zostaje obni\u017cona do 38 \u20ac<\/p>\n<p><span style=\"color: #339966;\">Bonus<\/span>: zarezerwuj kurs niemieckiego online z maksymalnie dwoma cz\u0142onkami rodziny lub przyjaci\u00f3\u0142mi i podziel si\u0119 cen\u0105!<\/p>\n<a href=\"https:\/\/www.sprachschule-aktiv-muenchen.de\/pl\/rejestrowanie\/\"><img decoding=\"async\" class=\"alignnone size-full wp-image-57808\" src=\"https:\/\/www.sprachschule-aktiv-muenchen.de\/wp-content\/uploads\/2020\/06\/boton2.png\" alt=\"zarezerwuj teraz!\" width=\"265\" height=\"58\" \/><\/a>\n<h2>Kursy grupowe online &#8211; czas trwania kursu 12 tygodni<\/h2>\n<p>Nasze kursy grupowe online odbywaj\u0105 si\u0119 raz w tygodniu.<\/p>\n<p>Czas trwania kursu: 12 tygodni \/ 90 minut tygodniowo<\/p>\n<p>Wszystkie poziomy: dla pocz\u0105tkuj\u0105cych lub zaawansowanych (A1 do C2)<\/p>\n<p>Cena: 279.- \u20ac<\/p>\n<p>Pocz\u0105tek:<\/p>\n<table width=\"0\">\n<tbody>\n<tr>\n<td width=\"263\">Daty rozpocz\u0119cia kurs\u00f3w wieczorowych j\u0119zyka niemieckiego 2020<\/p>\n<p>Poziomy A1 \/ A2 \/ B1 \/ B2 \/ C1 \/ C2<\/td>\n<td width=\"268\"><\/td>\n<td width=\"249\"><\/td>\n<\/tr>\n<tr>\n<td width=\"263\">stycze\u0144<\/td>\n<td width=\"268\">luty<\/td>\n<td width=\"249\">marzec<\/td>\n<\/tr>\n<tr>\n<td width=\"263\">09.01 ka\u017cdy czwartek<\/p>\n<p>19:00 &#8211; 20:30<\/td>\n<td width=\"268\">05.02 w ka\u017cd\u0105 \u015brod\u0119<\/p>\n<p>19:30 &#8211; 21:00<\/td>\n<td width=\"249\">02.03 ka\u017cdy poniedzia\u0142ek<\/p>\n<p>18:30 &#8211; 20:00<\/td>\n<\/tr>\n<tr>\n<td width=\"263\">kwiecie\u0144<\/td>\n<td width=\"268\">maj<\/td>\n<td width=\"249\">czerwiec<\/td>\n<\/tr>\n<tr>\n<td width=\"263\">01.04 w ka\u017cd\u0105 \u015brod\u0119<\/p>\n<p>19:30 &#8211; 21:00<\/td>\n<td width=\"268\">05.05 ka\u017cdy wtorek<\/p>\n<p>19:00 &#8211; 20:30<\/td>\n<td width=\"249\">03.06 w ka\u017cd\u0105 \u015brod\u0119<\/p>\n<p>17:30 &#8211; 19:00<\/td>\n<\/tr>\n<tr>\n<td width=\"263\">lipiec<\/td>\n<td width=\"268\">sierpie\u0144<\/td>\n<td width=\"249\">wrzesie\u0144<\/td>\n<\/tr>\n<tr>\n<td width=\"263\">02.07 ka\u017cdy czwartek<\/p>\n<p>19:30 &#8211; 21:00<\/td>\n<td width=\"268\">03.08 ka\u017cdy poniedzia\u0142ek<\/p>\n<p>19:00 &#8211; 20:30<\/td>\n<td width=\"249\">04.09 ka\u017cdy pi\u0105tek<\/p>\n<p>18:00 &#8211; 19:30<\/td>\n<\/tr>\n<tr>\n<td width=\"263\">pa\u017adziernik<\/td>\n<td width=\"268\">listopad<\/td>\n<td width=\"249\">grudzie\u0144<\/td>\n<\/tr>\n<tr>\n<td width=\"263\">05.10 ka\u017cdy poniedzia\u0142ek<\/p>\n<p>19:00 &#8211; 20:30<\/td>\n<td width=\"268\">03.11 ka\u017cdy wtorek<\/p>\n<p>17:30 &#8211; 19:00<\/td>\n<td width=\"249\">02.12 w ka\u017cd\u0105 \u015brod\u0119<\/p>\n<p>19:30 &#8211; 21:00<\/td>\n<\/tr>\n<\/tbody>\n<\/table>\n<p>Czas trwania kursu:<\/p>\n<ul>\n<li>z 2 uczestnikami: 8 tygodni<\/li>\n<li>z 3 uczestnikami: 10 tygodni<\/li>\n<li>od 4 uczestnik\u00f3w: 12 tygodni<\/li>\n<\/ul>\n<p>Cena: 279 \u20ac<\/p>\n<a href=\"https:\/\/www.sprachschule-aktiv-muenchen.de\/pl\/rejestrowanie\/\"><img decoding=\"async\" class=\"alignnone size-full wp-image-57808\" src=\"https:\/\/www.sprachschule-aktiv-muenchen.de\/wp-content\/uploads\/2020\/06\/boton2.png\" alt=\"zarezerwuj teraz!\" width=\"265\" height=\"58\" \/><\/a>\n<h2>Kursy grupowe online &#8211; czas trwania kursu 6 tygodni<\/h2>\n<p>Nasze kursy grupowe online trwaj\u0105ce 6 tygodni odbywaj\u0105 si\u0119 dwa razy w tygodniu.<\/p>\n<p>Poziomy: dla pocz\u0105tkuj\u0105cych lub zaawansowanych od A1 do C2<\/p>\n<p>Cena: 279 \u20ac<\/p>\n<p>Daty rozpocz\u0119cia:<\/p>\n<table width=\"0\">\n<tbody>\n<tr>\n<td width=\"270\">Daty rozpocz\u0119cia 2020<\/p>\n<p>Poziomy A1 \/ A2 \/ B1 \/ B2 \/ C1 \/ C2<\/td>\n<td width=\"266\"><\/td>\n<td width=\"229\"><\/td>\n<\/tr>\n<tr>\n<td width=\"270\">stycze\u0144<\/td>\n<td width=\"266\">luty<\/td>\n<td width=\"229\">marzec<\/td>\n<\/tr>\n<tr>\n<td width=\"270\">07.01 wt. i \u015br. 18:00 &#8211; 19:30<\/p>\n<p>20.01 pon. i wt. 19:30 &#8211; 21:00<\/td>\n<td width=\"266\">03.02 pon. i wt. 17:30 &#8211; 19:00<\/p>\n<p>19.02 \u015br. i czw. 19:00 &#8211; 20:30<\/td>\n<td width=\"229\">05.03 czw. i pt. 18:00 &#8211; 19:30<\/p>\n<p>18.03 \u015br. i czw. 19:00 &#8211; 20:30<\/td>\n<\/tr>\n<tr>\n<td width=\"270\">kwiecie\u0144<\/td>\n<td width=\"266\">maj<\/td>\n<td width=\"229\">czerwiec<\/td>\n<\/tr>\n<tr>\n<td width=\"270\">06.04 pon. i \u015br. 18:00 &#8211; 19:30<\/p>\n<p>21.04 wt. i czw. 19:30 &#8211; 21:00<\/td>\n<td width=\"266\">04.05 pon. i czw. 18:30 &#8211; 20:00<\/p>\n<p>20.05 \u015br. i czw. 19:30 &#8211; 21:00<\/td>\n<td width=\"229\">04.06 czw. i pt. 18:00 &#8211; 19:30<\/p>\n<p>17.06 \u015br. i czw. 19:00 &#8211; 20:30<\/td>\n<\/tr>\n<tr>\n<td width=\"270\">lipiec<\/td>\n<td width=\"266\">sierpie\u0144<\/td>\n<td width=\"229\">wrzesie\u0144<\/td>\n<\/tr>\n<tr>\n<td width=\"270\">06.07 pon. i wt. 18:30 &#8211; 20:00<\/p>\n<p>22.07 \u015br. i czw. 19:30 &#8211; 21:00<\/td>\n<td width=\"266\">03.08 pon. i wt. 19:00 &#8211; 20:30<\/p>\n<p>18:08 wt. i czw. 18:00 19:30<\/td>\n<td width=\"229\">02.09 \u015br. i pt. 17:30 &#8211; 19:00<\/p>\n<p>21.09 pon. i \u015br. 19:00 &#8211; 20:30<\/td>\n<\/tr>\n<tr>\n<td width=\"270\">pa\u017adziernik<\/td>\n<td width=\"266\">listopad<\/td>\n<td width=\"229\">grudzie\u0144<\/td>\n<\/tr>\n<tr>\n<td width=\"270\">06.10 wt. i \u015br. 18:00 &#8211; 19:30<\/p>\n<p>19.10 pon. i czw. 19:30 &#8211; 21:00<\/td>\n<td width=\"266\">03.11 wt. i \u015br. 18:00 &#8211; 19:30<\/p>\n<p>16.11 pon. i \u015br. 19:00 &#8211; 20:30<\/td>\n<td width=\"229\">02.12 \u015br. i czw. 19:30 &#8211; 21:00<\/td>\n<\/tr>\n<\/tbody>\n<\/table>\n<h2><a href=\"https:\/\/www.sprachschule-aktiv-muenchen.de\/pl\/rejestrowanie\/\"><img decoding=\"async\" class=\"alignnone size-full wp-image-57808\" src=\"https:\/\/www.sprachschule-aktiv-muenchen.de\/wp-content\/uploads\/2020\/06\/boton2.png\" alt=\"zarezerwuj teraz!\" width=\"265\" height=\"58\" \/><\/a><\/h2>\n<h2>Szkolenie j\u0119zykowe online na studia lub do pracy<\/h2>\n<p>Je\u015bli nie masz czasu na doje\u017cd\u017canie na zaj\u0119cia z powod\u00f3w zawodowych, nasz internetowy kurs niemieckiego jest w\u0142a\u015bnie dla Ciebie. Ty decydujesz o liczbie lekcji i w jakich terminach odbywasz kurs. Mo\u017cesz tak\u017ce wzi\u0105\u0107 udzia\u0142 w naszym kursie niemieckiego online wieczorem lub w weekendy.<\/p>\n<p>Czy potrzebujesz niemieckiego do swojej dzia\u0142alno\u015bci zawodowej? Dobrze jest wiedzie\u0107, \u017ce op\u0142aty za kurs s\u0105 cz\u0119sto ponoszone przez <span style=\"color: #339966;\">pracodawc\u0119<\/span>!<\/p>\n<a href=\"https:\/\/www.sprachschule-aktiv-muenchen.de\/pl\/kontakt\/\"><img decoding=\"async\" class=\"alignnone size-full wp-image-57784\" src=\"https:\/\/www.sprachschule-aktiv-muenchen.de\/wp-content\/uploads\/2020\/06\/boton1.png\" alt=\"masz pytanie?\" width=\"240\" height=\"58\" \/><\/a>\n","protected":false},"excerpt":{"rendered":"<p>Ucz si\u0119 niemieckiego online! Kursy niemieckiego od A1 do C2. Sprachschule Aktiv oferuje kursy niemieckiego online, kt\u00f3re mo\u017cna elastycznie dostosowa\u0107 do codziennej rutyny. W domu, w pracy lub w podr\u00f3\u017cy &#8211; mo\u017cesz uczy\u0107 si\u0119 niemieckiego w dowolnym miejscu dzi\u0119ki kursom j\u0119zykowym Aktiv online. Ucz si\u0119 niemieckiego online na kursie grupowym lub na lekcjach prywatnych. Istnieje&hellip; <a class=\"read-more\" href=\"https:\/\/www.sprachschule-aktiv-muenchen.de\/pl\/ucz-sie-niemieckiego-online-kursy-niemieckiego-od-a1-do-c2\/\" title=\"Read Ucz si\u0119 niemieckiego online! Kursy niemieckiego od A1 do C2.\">Read more &raquo;<\/a><\/p>\n","protected":false},"author":2,"featured_media":0,"parent":0,"menu_order":0,"comment_status":"closed","ping_status":"closed","template":"","meta":{"footnotes":""},"class_list":["post-57664","page","type-page","status-publish","hentry"],"yoast_head":"<!-- This site is optimized with the Yoast SEO plugin v27.1.1 - https:\/\/yoast.com\/product\/yoast-seo-wordpress\/ -->\n<title>Ucz si\u0119 niemieckiego online - Kursy niemieckiego od A1 do C2.<\/title>\n<meta name=\"description\" content=\"Sprachschule Aktiv oferuje kursy niemieckiego online od A1 do C2. Ucz si\u0119 niemieckiego online w grupie lub prywatnie. Przyjd\u017a na bezp\u0142atn\u0105 lekcj\u0119 pr\u00f3bn\u0105!\" \/>\n<meta name=\"robots\" content=\"index, follow, max-snippet:-1, max-image-preview:large, max-video-preview:-1\" \/>\n<link rel=\"canonical\" href=\"https:\/\/www.sprachschule-aktiv-muenchen.de\/pl\/ucz-sie-niemieckiego-online-kursy-niemieckiego-od-a1-do-c2\/\" \/>\n<meta property=\"og:locale\" content=\"pl_PL\" \/>\n<meta property=\"og:type\" content=\"article\" \/>\n<meta property=\"og:title\" content=\"Ucz si\u0119 niemieckiego online - Kursy niemieckiego od A1 do C2.\" \/>\n<meta property=\"og:description\" content=\"Sprachschule Aktiv oferuje kursy niemieckiego online od A1 do C2. Ucz si\u0119 niemieckiego online w grupie lub prywatnie. Przyjd\u017a na bezp\u0142atn\u0105 lekcj\u0119 pr\u00f3bn\u0105!\" \/>\n<meta property=\"og:url\" content=\"https:\/\/www.sprachschule-aktiv-muenchen.de\/pl\/ucz-sie-niemieckiego-online-kursy-niemieckiego-od-a1-do-c2\/\" \/>\n<meta property=\"og:site_name\" content=\"Sprachschule Aktiv\" \/>\n<meta property=\"article:modified_time\" content=\"2024-12-20T09:58:08+00:00\" \/>\n<meta property=\"og:image\" content=\"https:\/\/www.sprachschule-aktiv-muenchen.de\/wp-content\/uploads\/2020\/06\/boton1.png\" \/>\n<meta name=\"twitter:card\" content=\"summary_large_image\" \/>\n<meta name=\"twitter:label1\" content=\"Szacowany czas czytania\" \/>\n\t<meta name=\"twitter:data1\" content=\"7 minut\" \/>\n<script type=\"application\/ld+json\" class=\"yoast-schema-graph\">{\"@context\":\"https:\/\/schema.org\",\"@graph\":[{\"@type\":\"WebPage\",\"@id\":\"https:\/\/www.sprachschule-aktiv-muenchen.de\/pl\/ucz-sie-niemieckiego-online-kursy-niemieckiego-od-a1-do-c2\/\",\"url\":\"https:\/\/www.sprachschule-aktiv-muenchen.de\/pl\/ucz-sie-niemieckiego-online-kursy-niemieckiego-od-a1-do-c2\/\",\"name\":\"Ucz si\u0119 niemieckiego online - Kursy niemieckiego od A1 do C2.\",\"isPartOf\":{\"@id\":\"https:\/\/www.sprachschule-aktiv-muenchen.de\/#website\"},\"primaryImageOfPage\":{\"@id\":\"https:\/\/www.sprachschule-aktiv-muenchen.de\/pl\/ucz-sie-niemieckiego-online-kursy-niemieckiego-od-a1-do-c2\/#primaryimage\"},\"image\":{\"@id\":\"https:\/\/www.sprachschule-aktiv-muenchen.de\/pl\/ucz-sie-niemieckiego-online-kursy-niemieckiego-od-a1-do-c2\/#primaryimage\"},\"thumbnailUrl\":\"https:\/\/www.sprachschule-aktiv-muenchen.de\/wp-content\/uploads\/2020\/06\/boton1.png\",\"datePublished\":\"2020-06-18T09:24:59+00:00\",\"dateModified\":\"2024-12-20T09:58:08+00:00\",\"description\":\"Sprachschule Aktiv oferuje kursy niemieckiego online od A1 do C2. Ucz si\u0119 niemieckiego online w grupie lub prywatnie. Przyjd\u017a na bezp\u0142atn\u0105 lekcj\u0119 pr\u00f3bn\u0105!\",\"breadcrumb\":{\"@id\":\"https:\/\/www.sprachschule-aktiv-muenchen.de\/pl\/ucz-sie-niemieckiego-online-kursy-niemieckiego-od-a1-do-c2\/#breadcrumb\"},\"inLanguage\":\"pl-PL\",\"potentialAction\":[{\"@type\":\"ReadAction\",\"target\":[\"https:\/\/www.sprachschule-aktiv-muenchen.de\/pl\/ucz-sie-niemieckiego-online-kursy-niemieckiego-od-a1-do-c2\/\"]}]},{\"@type\":\"ImageObject\",\"inLanguage\":\"pl-PL\",\"@id\":\"https:\/\/www.sprachschule-aktiv-muenchen.de\/pl\/ucz-sie-niemieckiego-online-kursy-niemieckiego-od-a1-do-c2\/#primaryimage\",\"url\":\"https:\/\/www.sprachschule-aktiv-muenchen.de\/wp-content\/uploads\/2020\/06\/boton1.png\",\"contentUrl\":\"https:\/\/www.sprachschule-aktiv-muenchen.de\/wp-content\/uploads\/2020\/06\/boton1.png\"},{\"@type\":\"BreadcrumbList\",\"@id\":\"https:\/\/www.sprachschule-aktiv-muenchen.de\/pl\/ucz-sie-niemieckiego-online-kursy-niemieckiego-od-a1-do-c2\/#breadcrumb\",\"itemListElement\":[{\"@type\":\"ListItem\",\"position\":1,\"name\":\"Portada\",\"item\":\"https:\/\/www.sprachschule-aktiv-muenchen.de\/pl\/\"},{\"@type\":\"ListItem\",\"position\":2,\"name\":\"Ucz si\u0119 niemieckiego online! Kursy niemieckiego od A1 do C2.\"}]},{\"@type\":\"WebSite\",\"@id\":\"https:\/\/www.sprachschule-aktiv-muenchen.de\/#website\",\"url\":\"https:\/\/www.sprachschule-aktiv-muenchen.de\/\",\"name\":\"Sprachschule Aktiv\",\"description\":\"\",\"potentialAction\":[{\"@type\":\"SearchAction\",\"target\":{\"@type\":\"EntryPoint\",\"urlTemplate\":\"https:\/\/www.sprachschule-aktiv-muenchen.de\/?s={search_term_string}\"},\"query-input\":{\"@type\":\"PropertyValueSpecification\",\"valueRequired\":true,\"valueName\":\"search_term_string\"}}],\"inLanguage\":\"pl-PL\"}]}<\/script>\n<!-- \/ Yoast SEO plugin. -->","yoast_head_json":{"title":"Ucz si\u0119 niemieckiego online - Kursy niemieckiego od A1 do C2.","description":"Sprachschule Aktiv oferuje kursy niemieckiego online od A1 do C2. Ucz si\u0119 niemieckiego online w grupie lub prywatnie. Przyjd\u017a na bezp\u0142atn\u0105 lekcj\u0119 pr\u00f3bn\u0105!","robots":{"index":"index","follow":"follow","max-snippet":"max-snippet:-1","max-image-preview":"max-image-preview:large","max-video-preview":"max-video-preview:-1"},"canonical":"https:\/\/www.sprachschule-aktiv-muenchen.de\/pl\/ucz-sie-niemieckiego-online-kursy-niemieckiego-od-a1-do-c2\/","og_locale":"pl_PL","og_type":"article","og_title":"Ucz si\u0119 niemieckiego online - Kursy niemieckiego od A1 do C2.","og_description":"Sprachschule Aktiv oferuje kursy niemieckiego online od A1 do C2. Ucz si\u0119 niemieckiego online w grupie lub prywatnie. Przyjd\u017a na bezp\u0142atn\u0105 lekcj\u0119 pr\u00f3bn\u0105!","og_url":"https:\/\/www.sprachschule-aktiv-muenchen.de\/pl\/ucz-sie-niemieckiego-online-kursy-niemieckiego-od-a1-do-c2\/","og_site_name":"Sprachschule Aktiv","article_modified_time":"2024-12-20T09:58:08+00:00","og_image":[{"url":"https:\/\/www.sprachschule-aktiv-muenchen.de\/wp-content\/uploads\/2020\/06\/boton1.png","type":"","width":"","height":""}],"twitter_card":"summary_large_image","twitter_misc":{"Szacowany czas czytania":"7 minut"},"schema":{"@context":"https:\/\/schema.org","@graph":[{"@type":"WebPage","@id":"https:\/\/www.sprachschule-aktiv-muenchen.de\/pl\/ucz-sie-niemieckiego-online-kursy-niemieckiego-od-a1-do-c2\/","url":"https:\/\/www.sprachschule-aktiv-muenchen.de\/pl\/ucz-sie-niemieckiego-online-kursy-niemieckiego-od-a1-do-c2\/","name":"Ucz si\u0119 niemieckiego online - Kursy niemieckiego od A1 do C2.","isPartOf":{"@id":"https:\/\/www.sprachschule-aktiv-muenchen.de\/#website"},"primaryImageOfPage":{"@id":"https:\/\/www.sprachschule-aktiv-muenchen.de\/pl\/ucz-sie-niemieckiego-online-kursy-niemieckiego-od-a1-do-c2\/#primaryimage"},"image":{"@id":"https:\/\/www.sprachschule-aktiv-muenchen.de\/pl\/ucz-sie-niemieckiego-online-kursy-niemieckiego-od-a1-do-c2\/#primaryimage"},"thumbnailUrl":"https:\/\/www.sprachschule-aktiv-muenchen.de\/wp-content\/uploads\/2020\/06\/boton1.png","datePublished":"2020-06-18T09:24:59+00:00","dateModified":"2024-12-20T09:58:08+00:00","description":"Sprachschule Aktiv oferuje kursy niemieckiego online od A1 do C2. Ucz si\u0119 niemieckiego online w grupie lub prywatnie. Przyjd\u017a na bezp\u0142atn\u0105 lekcj\u0119 pr\u00f3bn\u0105!","breadcrumb":{"@id":"https:\/\/www.sprachschule-aktiv-muenchen.de\/pl\/ucz-sie-niemieckiego-online-kursy-niemieckiego-od-a1-do-c2\/#breadcrumb"},"inLanguage":"pl-PL","potentialAction":[{"@type":"ReadAction","target":["https:\/\/www.sprachschule-aktiv-muenchen.de\/pl\/ucz-sie-niemieckiego-online-kursy-niemieckiego-od-a1-do-c2\/"]}]},{"@type":"ImageObject","inLanguage":"pl-PL","@id":"https:\/\/www.sprachschule-aktiv-muenchen.de\/pl\/ucz-sie-niemieckiego-online-kursy-niemieckiego-od-a1-do-c2\/#primaryimage","url":"https:\/\/www.sprachschule-aktiv-muenchen.de\/wp-content\/uploads\/2020\/06\/boton1.png","contentUrl":"https:\/\/www.sprachschule-aktiv-muenchen.de\/wp-content\/uploads\/2020\/06\/boton1.png"},{"@type":"BreadcrumbList","@id":"https:\/\/www.sprachschule-aktiv-muenchen.de\/pl\/ucz-sie-niemieckiego-online-kursy-niemieckiego-od-a1-do-c2\/#breadcrumb","itemListElement":[{"@type":"ListItem","position":1,"name":"Portada","item":"https:\/\/www.sprachschule-aktiv-muenchen.de\/pl\/"},{"@type":"ListItem","position":2,"name":"Ucz si\u0119 niemieckiego online! Kursy niemieckiego od A1 do C2."}]},{"@type":"WebSite","@id":"https:\/\/www.sprachschule-aktiv-muenchen.de\/#website","url":"https:\/\/www.sprachschule-aktiv-muenchen.de\/","name":"Sprachschule Aktiv","description":"","potentialAction":[{"@type":"SearchAction","target":{"@type":"EntryPoint","urlTemplate":"https:\/\/www.sprachschule-aktiv-muenchen.de\/?s={search_term_string}"},"query-input":{"@type":"PropertyValueSpecification","valueRequired":true,"valueName":"search_term_string"}}],"inLanguage":"pl-PL"}]}},"_links":{"self":[{"href":"https:\/\/www.sprachschule-aktiv-muenchen.de\/pl\/wp-json\/wp\/v2\/pages\/57664","targetHints":{"allow":["GET"]}}],"collection":[{"href":"https:\/\/www.sprachschule-aktiv-muenchen.de\/pl\/wp-json\/wp\/v2\/pages"}],"about":[{"href":"https:\/\/www.sprachschule-aktiv-muenchen.de\/pl\/wp-json\/wp\/v2\/types\/page"}],"author":[{"embeddable":true,"href":"https:\/\/www.sprachschule-aktiv-muenchen.de\/pl\/wp-json\/wp\/v2\/users\/2"}],"replies":[{"embeddable":true,"href":"https:\/\/www.sprachschule-aktiv-muenchen.de\/pl\/wp-json\/wp\/v2\/comments?post=57664"}],"version-history":[{"count":8,"href":"https:\/\/www.sprachschule-aktiv-muenchen.de\/pl\/wp-json\/wp\/v2\/pages\/57664\/revisions"}],"predecessor-version":[{"id":79385,"href":"https:\/\/www.sprachschule-aktiv-muenchen.de\/pl\/wp-json\/wp\/v2\/pages\/57664\/revisions\/79385"}],"wp:attachment":[{"href":"https:\/\/www.sprachschule-aktiv-muenchen.de\/pl\/wp-json\/wp\/v2\/media?parent=57664"}],"curies":[{"name":"wp","href":"https:\/\/api.w.org\/{rel}","templated":true}]}}