{"id":57630,"date":"2020-06-18T10:21:29","date_gmt":"2020-06-18T08:21:29","guid":{"rendered":"https:\/\/www.sprachschule-aktiv-muenchen.de\/?page_id=57630"},"modified":"2021-08-04T09:46:07","modified_gmt":"2021-08-04T07:46:07","slug":"kurs-przygotowawczy-telc-po-niemiecku-w-monachium","status":"publish","type":"page","link":"https:\/\/www.sprachschule-aktiv-muenchen.de\/pl\/kurs-przygotowawczy-telc-po-niemiecku-w-monachium\/","title":{"rendered":"Kurs przygotowawczy TELC po niemiecku w Monachium"},"content":{"rendered":"<h1>Kurs przygotowawczy TELC po niemiecku w Monachium<\/h1>\n<h2>telc przygotowanie do egzaminu od A1 do C2<\/h2>\n<p>Kursy przygotowawcze do egzaminu telc w j\u0119zyku niemieckim w Monachium prowadzone s\u0105 z do\u015bwiadczonymi i wykwalifikowanymi nauczycielami. Kursy odbywaj\u0105 si\u0119 w ma\u0142ych grupach do max. 10 uczestnik\u00f3w i dla wszystkich poziom\u00f3w j\u0119zykowych A1, A2, B1, B2, C1 i C2.<\/p>\n<p>Udowodnij swoj\u0105 znajomo\u015b\u0107 j\u0119zyka niemieckiego dzi\u0119ki egzaminowi uznawanym przez wiele instytucji i uniwersytet\u00f3w. Pracodawcy w kraju i za granic\u0105 r\u00f3wnie\u017c doceniaj\u0105 warto\u015b\u0107 uzyskanych certyfikat\u00f3w j\u0119zykowych. Wszystkie informacje na temat egzaminu (niemiecki test telc), dat i rejestracji na egzamin w Monachium mo\u017cna znale\u017a\u0107 tutaj!<\/p>\n<img decoding=\"async\" class=\"alignnone size-full wp-image-57631\" src=\"https:\/\/www.sprachschule-aktiv-muenchen.de\/wp-content\/uploads\/2020\/06\/kurs-przygotowawczy-telc-po-niemiecku-w-monachium.jpg\" alt=\"Kurs przygotowawczy TELC po niemiecku w Monachium - przygotowanie do egzaminu od A1 do C2\" width=\"344\" height=\"230\" srcset=\"https:\/\/www.sprachschule-aktiv-muenchen.de\/wp-content\/uploads\/2020\/06\/kurs-przygotowawczy-telc-po-niemiecku-w-monachium.jpg 344w, https:\/\/www.sprachschule-aktiv-muenchen.de\/wp-content\/uploads\/2020\/06\/kurs-przygotowawczy-telc-po-niemiecku-w-monachium-300x201.jpg 300w\" sizes=\"(max-width: 344px) 100vw, 344px\" \/>\n<h2>Co to jest niemiecki egzamin telc?<\/h2>\n<p>Telc w t\u0142umaczeniu oznacza \u201eeuropejskie certyfikaty j\u0119zykowe\u201d. Siedziba Telc GmbH znajduje si\u0119 we Frankfurcie nad Menem, gdzie tworzy testy j\u0119zykowe z j\u0119zyka niemieckiego i oferuje je dla r\u00f3\u017cnych grup docelowych. Procedury testowe s\u0105 znormalizowane, co oznacza, \u017ce s\u0105 powszechnie uznawane przez r\u00f3\u017cne instytucje i tym samym uwa\u017cane za wiarygodne i znacz\u0105ce. Testy telc s\u0105 zaprojektowane zgodnie z wytycznymi Wsp\u00f3lnego Europejskiego Systemu Opisu Kszta\u0142cenia J\u0119zykowego (GER). Zakres egzamin\u00f3w obejmuje ponad 80 egzamin\u00f3w w dziesi\u0119ciu j\u0119zykach.<\/p>\n<h2>Telc w Monachium &#8211; dlaczego warto zdawa\u0107 egzamin telc w j\u0119zyku niemieckim?<\/h2>\n<p>Je\u015bli zda\u0142e\u015b test telc, otrzymasz certyfikat j\u0119zykowy. Wymienia on twoje umiej\u0119tno\u015bci j\u0119zykowe w zakresie s\u0142uchania, czytania, m\u00f3wienia i pisania.<\/p>\n<p>Egzaminy certyfikacyjne obejmuj\u0105 cztery cele:<\/p>\n<ol>\n<li>Z powod\u00f3w prywatnych do u\u017cywania og\u00f3lnego j\u0119zyka.<\/li>\n<li>Jako dow\u00f3d znajomo\u015bci j\u0119zyka dla uczni\u00f3w, student\u00f3w i kandydat\u00f3w na uczelnie wy\u017csze i nie tylko.<\/li>\n<li>Jako dow\u00f3d twoich umiej\u0119tno\u015bci j\u0119zykowych w pracy.<\/li>\n<li>Dla migrant\u00f3w jako warunek uczestnictwa w spo\u0142ecze\u0144stwie niemieckoj\u0119zycznym.<\/li>\n<\/ol>\n<h2>Jak wygl\u0105da przygotowanie do egzaminu telc w Sprachschule Aktiv w Monachium?<\/h2>\n<p>W\u0142\u0105czamy przygotowanie do telc do naszych intensywnych kurs\u00f3w od poziomu A1 do C2. Na \u017cyczenie oferujemy r\u00f3wnie\u017c t\u0119 dodatkow\u0105 us\u0142ug\u0119 bezp\u0142atnie na lekcjach prywatnych i firmowych.<\/p>\n<p>Podczas kursu nauczyciel j\u0119zyka przeprowadzi kilka \u0107wicze\u0144 odpowiadaj\u0105cych egzaminowi telc. W ten spos\u00f3b nauczysz si\u0119 krok po kroku poszczeg\u00f3lnych element\u00f3w, kt\u00f3re s\u0105 ci potrzebne, szczeg\u00f3lnie do wyra\u017cania si\u0119 w mowie i pi\u015bmie. W tym samym czasie wyk\u0142adowca podaje dok\u0142adn\u0105 procedur\u0119 i termin egzaminu. Przydatne wskaz\u00f3wki i porady uzupe\u0142niaj\u0105 przygotowanie do egzaminu telc.<\/p>\n<p>Oczywi\u015bcie istniej\u0105 r\u00f3\u017cne testy telc, wi\u0119c je\u015bli masz specjalny formularz, taki jak egzamin wst\u0119pny telc Deutsch B2 Medizin, powiniene\u015b r\u00f3wnie\u017c zapyta\u0107 o dok\u0142adne szczeg\u00f3\u0142y w centrum egzaminacyjnym. Tutaj znajdziesz nasz\u0105 darmow\u0105 klasyfikacj\u0119!<\/p>\n<h2>TELC &#8211; przygotowanie do egzamin\u00f3w intensywnych &#8211; ceny, daty rozpocz\u0119cia i rejestracja:<\/h2>\n<p>Daty: od poniedzia\u0142ku do pi\u0105tku od 9:00 do 12:00<\/p>\n<p>Czas trwania kursu: 4 tygodnie<\/p>\n<p>Poziomy: Przygotowanie do egzaminu Telc od A1 do C2<\/p>\n<p>Cena: intensywne 4 tygodnie kosztuj\u0105 499 \u20ac<\/p>\n\n<table id=\"tablepress-62\" class=\"tablepress tablepress-id-62 tablepress-responsive tbody-has-connected-cells\">\n<thead>\n<tr class=\"row-1\">\n\t<th colspan=\"3\" class=\"column-1\">od poniedzia\u0142ku do pi\u0105tku w godzinach*: 09:00 - 12:00<\/th>\n<\/tr>\n<\/thead>\n<tbody class=\"row-striping row-hover\">\n<tr class=\"row-2\">\n\t<td class=\"column-1\">STYCZE\u0143<\/td><td class=\"column-2\">LUTY<\/td><td class=\"column-3\">MARZEC<\/td>\n<\/tr>\n<tr class=\"row-3\">\n\t<td class=\"column-1\">*Wtorek 07.01<\/td><td class=\"column-2\">Poniedzia\u0142ek 03.02<\/td><td class=\"column-3\">Poniedzia\u0142ek 03.03<\/td>\n<\/tr>\n<tr class=\"row-4\">\n\t<td class=\"column-1\">KWIECIE\u0143<\/td><td class=\"column-2\">MAJ<\/td><td class=\"column-3\">CZERWIEC<\/td>\n<\/tr>\n<tr class=\"row-5\">\n\t<td class=\"column-1\">*Poniedzia\u0142ek 31.03<\/td><td class=\"column-2\">Poniedzia\u0142ek 05.05<\/td><td class=\"column-3\">Poniedzia\u0142ek 02.06<\/td>\n<\/tr>\n<tr class=\"row-6\">\n\t<td class=\"column-1\">LIPIEC<\/td><td class=\"column-2\">SIERPIE\u0143<\/td><td class=\"column-3\">WRZESIE\u0143<\/td>\n<\/tr>\n<tr class=\"row-7\">\n\t<td class=\"column-1\">Poniedzia\u0142ek 07.07<\/td><td class=\"column-2\">Poniedzia\u0142ek 04.08<\/td><td class=\"column-3\">Poniedzia\u0142ek 01.09<\/td>\n<\/tr>\n<tr class=\"row-8\">\n\t<td class=\"column-1\">PA\u0179DZIERNIK<\/td><td class=\"column-2\">LISTOPAD<\/td><td class=\"column-3\">GRUDZIE\u0143<\/td>\n<\/tr>\n<tr class=\"row-9\">\n\t<td class=\"column-1\">*Poniedzia\u0142ek 29.09<\/td><td class=\"column-2\">*Poniedzia\u0142ek 27.10<\/td><td class=\"column-3\">*Poniedzia\u0142ek 24.11<\/td>\n<\/tr>\n<tr class=\"row-10\">\n\t<td class=\"column-1\"><\/td><td class=\"column-2\"><\/td><td class=\"column-3\"><\/td>\n<\/tr>\n<tr class=\"row-11\">\n\t<td class=\"column-1\"><h2>CENA<\/h2><\/td><td class=\"column-2\"><\/td><td class=\"column-3\"><\/td>\n<\/tr>\n<tr class=\"row-12\">\n\t<td class=\"column-1\">1 Tydzie\u0144: 199\u20ac<br \/>\n2 Tygodnie: 349\u20ac<br \/>\n3 Tygodnie: 411\u20ac<br \/>\n4 Tygodnie: 499\u20ac<\/td><td class=\"column-2\"><\/td><td class=\"column-3\"><\/td>\n<\/tr>\n<tr class=\"row-13\">\n\t<td colspan=\"3\" class=\"column-1\">*20 godzin tygodniowo od 6 os\u00f3b<\/td>\n<\/tr>\n<\/tbody>\n<\/table>\n<!-- #tablepress-62 from cache -->\n<a href=\"https:\/\/www.sprachschule-aktiv-muenchen.de\/pl\/rejestrowanie\/\"><img decoding=\"async\" class=\"alignnone size-full wp-image-57808\" src=\"https:\/\/www.sprachschule-aktiv-muenchen.de\/wp-content\/uploads\/2020\/06\/boton2.png\" alt=\"zarezerwuj teraz!\" width=\"265\" height=\"58\" \/><\/a>\n<h2>Lekcje prywatne do egzaminu telc po niemiecku &#8211; ceny i terminy<\/h2>\n<p>Czas trwania: zgodnie z \u017cyczeniem<\/p>\n<p>Daty: zgodnie z \u017cyczeniem (dostosowujemy si\u0119 do Twojego kalendarza)<\/p>\n<p>Cena:<\/p>\n<p>od 1 do 19 lekcji: 42 euro za godzin\u0119<\/p>\n<p>od 20 godzin: 40 euro za lekcj\u0119<\/p>\n<p>od 30 godzin: 38 euro za lekcj\u0119<\/p>\n<p>! Rezerwacja wi\u0119kszej ilo\u015bci godzin zmniejsza cen\u0119 za lekcj\u0119 !<\/p>\n<a href=\"https:\/\/www.sprachschule-aktiv-muenchen.de\/pl\/rejestrowanie\/\"><img decoding=\"async\" class=\"alignnone size-full wp-image-57808\" src=\"https:\/\/www.sprachschule-aktiv-muenchen.de\/wp-content\/uploads\/2020\/06\/boton2.png\" alt=\"zarezerwuj teraz!\" width=\"265\" height=\"58\" \/><\/a>\n<h2>Kto akceptuje certyfikat telc w j\u0119zyku niemieckim?<\/h2>\n<p>Instytucje takie jak uniwersytety, stowarzyszenia zawodowe lub firmy w Niemczech, kt\u00f3re wymagaj\u0105 dowodu znajomo\u015bci j\u0119zyka. W wi\u0119kszo\u015bci przypadk\u00f3w dany certyfikat jest r\u00f3wnie\u017c akceptowany w celu uzyskania zezwolenia na pobyt.<\/p>\n<h2>Gdzie mo\u017cesz zda\u0107 egzamin telc w Monachium i ile to kosztuje?<\/h2>\n<p>Mo\u017cesz przyst\u0105pi\u0107 do egzaminu telc w naszej Sprachschule Aktiv w Monachium (centrum egzaminacyjne) lub w 3000 centrach egzaminacyjnych na ca\u0142ym \u015bwiecie. Mo\u017cesz znale\u017a\u0107 wybrane centrum egzaminacyjne, korzystaj\u0105c z tego linku \u2192\u00a0 <u><a href=\"https:\/\/www.telc.net\/pruefungsteilnehmende\/pruefungszentrum-finden.html\">Link<\/a><\/u>. Znajdziesz tam dodatkowe informacje na temat dat egzamin\u00f3w i przebiegu test\u00f3w. Op\u0142ata za egzamin wynosi od 40 do 140 euro.<\/p>\n","protected":false},"excerpt":{"rendered":"<p>Kurs przygotowawczy TELC po niemiecku w Monachium telc przygotowanie do egzaminu od A1 do C2 Kursy przygotowawcze do egzaminu telc w j\u0119zyku niemieckim w Monachium prowadzone s\u0105 z do\u015bwiadczonymi i wykwalifikowanymi nauczycielami. Kursy odbywaj\u0105 si\u0119 w ma\u0142ych grupach do max. 10 uczestnik\u00f3w i dla wszystkich poziom\u00f3w j\u0119zykowych A1, A2, B1, B2, C1 i C2. Udowodnij&hellip; <a class=\"read-more\" href=\"https:\/\/www.sprachschule-aktiv-muenchen.de\/pl\/kurs-przygotowawczy-telc-po-niemiecku-w-monachium\/\" title=\"Read Kurs przygotowawczy TELC po niemiecku w Monachium\">Read more &raquo;<\/a><\/p>\n","protected":false},"author":2,"featured_media":0,"parent":0,"menu_order":0,"comment_status":"closed","ping_status":"closed","template":"","meta":{"footnotes":""},"class_list":["post-57630","page","type-page","status-publish","hentry"],"yoast_head":"<!-- This site is optimized with the Yoast SEO plugin v27.1.1 - https:\/\/yoast.com\/product\/yoast-seo-wordpress\/ -->\n<title>Kurs przygotowuj\u0105cy do telc po niemiecku w Monachium<\/title>\n<meta name=\"description\" content=\"Przygotowanie do egzaminu telc po niemiecku w Monachium w ma\u0142ych grupach. Kursy przygotowawcze Telc A1, A2, B1, B2, C1 i C2.\" \/>\n<meta name=\"robots\" content=\"index, follow, max-snippet:-1, max-image-preview:large, max-video-preview:-1\" \/>\n<link rel=\"canonical\" href=\"https:\/\/www.sprachschule-aktiv-muenchen.de\/pl\/kurs-przygotowawczy-telc-po-niemiecku-w-monachium\/\" \/>\n<meta property=\"og:locale\" content=\"pl_PL\" \/>\n<meta property=\"og:type\" content=\"article\" \/>\n<meta property=\"og:title\" content=\"Kurs przygotowuj\u0105cy do telc po niemiecku w Monachium\" \/>\n<meta property=\"og:description\" content=\"Przygotowanie do egzaminu telc po niemiecku w Monachium w ma\u0142ych grupach. Kursy przygotowawcze Telc A1, A2, B1, B2, C1 i C2.\" \/>\n<meta property=\"og:url\" content=\"https:\/\/www.sprachschule-aktiv-muenchen.de\/pl\/kurs-przygotowawczy-telc-po-niemiecku-w-monachium\/\" \/>\n<meta property=\"og:site_name\" content=\"Sprachschule Aktiv\" \/>\n<meta property=\"article:modified_time\" content=\"2021-08-04T07:46:07+00:00\" \/>\n<meta property=\"og:image\" content=\"https:\/\/www.sprachschule-aktiv-muenchen.de\/wp-content\/uploads\/2020\/06\/kurs-przygotowawczy-telc-po-niemiecku-w-monachium.jpg\" \/>\n<meta name=\"twitter:card\" content=\"summary_large_image\" \/>\n<meta name=\"twitter:label1\" content=\"Szacowany czas czytania\" \/>\n\t<meta name=\"twitter:data1\" content=\"4 minuty\" \/>\n<script type=\"application\/ld+json\" class=\"yoast-schema-graph\">{\"@context\":\"https:\/\/schema.org\",\"@graph\":[{\"@type\":\"WebPage\",\"@id\":\"https:\/\/www.sprachschule-aktiv-muenchen.de\/pl\/kurs-przygotowawczy-telc-po-niemiecku-w-monachium\/\",\"url\":\"https:\/\/www.sprachschule-aktiv-muenchen.de\/pl\/kurs-przygotowawczy-telc-po-niemiecku-w-monachium\/\",\"name\":\"Kurs przygotowuj\u0105cy do telc po niemiecku w Monachium\",\"isPartOf\":{\"@id\":\"https:\/\/www.sprachschule-aktiv-muenchen.de\/#website\"},\"primaryImageOfPage\":{\"@id\":\"https:\/\/www.sprachschule-aktiv-muenchen.de\/pl\/kurs-przygotowawczy-telc-po-niemiecku-w-monachium\/#primaryimage\"},\"image\":{\"@id\":\"https:\/\/www.sprachschule-aktiv-muenchen.de\/pl\/kurs-przygotowawczy-telc-po-niemiecku-w-monachium\/#primaryimage\"},\"thumbnailUrl\":\"https:\/\/www.sprachschule-aktiv-muenchen.de\/wp-content\/uploads\/2020\/06\/kurs-przygotowawczy-telc-po-niemiecku-w-monachium.jpg\",\"datePublished\":\"2020-06-18T08:21:29+00:00\",\"dateModified\":\"2021-08-04T07:46:07+00:00\",\"description\":\"Przygotowanie do egzaminu telc po niemiecku w Monachium w ma\u0142ych grupach. Kursy przygotowawcze Telc A1, A2, B1, B2, C1 i C2.\",\"breadcrumb\":{\"@id\":\"https:\/\/www.sprachschule-aktiv-muenchen.de\/pl\/kurs-przygotowawczy-telc-po-niemiecku-w-monachium\/#breadcrumb\"},\"inLanguage\":\"pl-PL\",\"potentialAction\":[{\"@type\":\"ReadAction\",\"target\":[\"https:\/\/www.sprachschule-aktiv-muenchen.de\/pl\/kurs-przygotowawczy-telc-po-niemiecku-w-monachium\/\"]}]},{\"@type\":\"ImageObject\",\"inLanguage\":\"pl-PL\",\"@id\":\"https:\/\/www.sprachschule-aktiv-muenchen.de\/pl\/kurs-przygotowawczy-telc-po-niemiecku-w-monachium\/#primaryimage\",\"url\":\"https:\/\/www.sprachschule-aktiv-muenchen.de\/wp-content\/uploads\/2020\/06\/kurs-przygotowawczy-telc-po-niemiecku-w-monachium.jpg\",\"contentUrl\":\"https:\/\/www.sprachschule-aktiv-muenchen.de\/wp-content\/uploads\/2020\/06\/kurs-przygotowawczy-telc-po-niemiecku-w-monachium.jpg\"},{\"@type\":\"BreadcrumbList\",\"@id\":\"https:\/\/www.sprachschule-aktiv-muenchen.de\/pl\/kurs-przygotowawczy-telc-po-niemiecku-w-monachium\/#breadcrumb\",\"itemListElement\":[{\"@type\":\"ListItem\",\"position\":1,\"name\":\"Portada\",\"item\":\"https:\/\/www.sprachschule-aktiv-muenchen.de\/pl\/\"},{\"@type\":\"ListItem\",\"position\":2,\"name\":\"Kurs przygotowawczy TELC po niemiecku w Monachium\"}]},{\"@type\":\"WebSite\",\"@id\":\"https:\/\/www.sprachschule-aktiv-muenchen.de\/#website\",\"url\":\"https:\/\/www.sprachschule-aktiv-muenchen.de\/\",\"name\":\"Sprachschule Aktiv\",\"description\":\"\",\"potentialAction\":[{\"@type\":\"SearchAction\",\"target\":{\"@type\":\"EntryPoint\",\"urlTemplate\":\"https:\/\/www.sprachschule-aktiv-muenchen.de\/?s={search_term_string}\"},\"query-input\":{\"@type\":\"PropertyValueSpecification\",\"valueRequired\":true,\"valueName\":\"search_term_string\"}}],\"inLanguage\":\"pl-PL\"}]}<\/script>\n<!-- \/ Yoast SEO plugin. -->","yoast_head_json":{"title":"Kurs przygotowuj\u0105cy do telc po niemiecku w Monachium","description":"Przygotowanie do egzaminu telc po niemiecku w Monachium w ma\u0142ych grupach. Kursy przygotowawcze Telc A1, A2, B1, B2, C1 i C2.","robots":{"index":"index","follow":"follow","max-snippet":"max-snippet:-1","max-image-preview":"max-image-preview:large","max-video-preview":"max-video-preview:-1"},"canonical":"https:\/\/www.sprachschule-aktiv-muenchen.de\/pl\/kurs-przygotowawczy-telc-po-niemiecku-w-monachium\/","og_locale":"pl_PL","og_type":"article","og_title":"Kurs przygotowuj\u0105cy do telc po niemiecku w Monachium","og_description":"Przygotowanie do egzaminu telc po niemiecku w Monachium w ma\u0142ych grupach. Kursy przygotowawcze Telc A1, A2, B1, B2, C1 i C2.","og_url":"https:\/\/www.sprachschule-aktiv-muenchen.de\/pl\/kurs-przygotowawczy-telc-po-niemiecku-w-monachium\/","og_site_name":"Sprachschule Aktiv","article_modified_time":"2021-08-04T07:46:07+00:00","og_image":[{"url":"https:\/\/www.sprachschule-aktiv-muenchen.de\/wp-content\/uploads\/2020\/06\/kurs-przygotowawczy-telc-po-niemiecku-w-monachium.jpg","type":"","width":"","height":""}],"twitter_card":"summary_large_image","twitter_misc":{"Szacowany czas czytania":"4 minuty"},"schema":{"@context":"https:\/\/schema.org","@graph":[{"@type":"WebPage","@id":"https:\/\/www.sprachschule-aktiv-muenchen.de\/pl\/kurs-przygotowawczy-telc-po-niemiecku-w-monachium\/","url":"https:\/\/www.sprachschule-aktiv-muenchen.de\/pl\/kurs-przygotowawczy-telc-po-niemiecku-w-monachium\/","name":"Kurs przygotowuj\u0105cy do telc po niemiecku w Monachium","isPartOf":{"@id":"https:\/\/www.sprachschule-aktiv-muenchen.de\/#website"},"primaryImageOfPage":{"@id":"https:\/\/www.sprachschule-aktiv-muenchen.de\/pl\/kurs-przygotowawczy-telc-po-niemiecku-w-monachium\/#primaryimage"},"image":{"@id":"https:\/\/www.sprachschule-aktiv-muenchen.de\/pl\/kurs-przygotowawczy-telc-po-niemiecku-w-monachium\/#primaryimage"},"thumbnailUrl":"https:\/\/www.sprachschule-aktiv-muenchen.de\/wp-content\/uploads\/2020\/06\/kurs-przygotowawczy-telc-po-niemiecku-w-monachium.jpg","datePublished":"2020-06-18T08:21:29+00:00","dateModified":"2021-08-04T07:46:07+00:00","description":"Przygotowanie do egzaminu telc po niemiecku w Monachium w ma\u0142ych grupach. Kursy przygotowawcze Telc A1, A2, B1, B2, C1 i C2.","breadcrumb":{"@id":"https:\/\/www.sprachschule-aktiv-muenchen.de\/pl\/kurs-przygotowawczy-telc-po-niemiecku-w-monachium\/#breadcrumb"},"inLanguage":"pl-PL","potentialAction":[{"@type":"ReadAction","target":["https:\/\/www.sprachschule-aktiv-muenchen.de\/pl\/kurs-przygotowawczy-telc-po-niemiecku-w-monachium\/"]}]},{"@type":"ImageObject","inLanguage":"pl-PL","@id":"https:\/\/www.sprachschule-aktiv-muenchen.de\/pl\/kurs-przygotowawczy-telc-po-niemiecku-w-monachium\/#primaryimage","url":"https:\/\/www.sprachschule-aktiv-muenchen.de\/wp-content\/uploads\/2020\/06\/kurs-przygotowawczy-telc-po-niemiecku-w-monachium.jpg","contentUrl":"https:\/\/www.sprachschule-aktiv-muenchen.de\/wp-content\/uploads\/2020\/06\/kurs-przygotowawczy-telc-po-niemiecku-w-monachium.jpg"},{"@type":"BreadcrumbList","@id":"https:\/\/www.sprachschule-aktiv-muenchen.de\/pl\/kurs-przygotowawczy-telc-po-niemiecku-w-monachium\/#breadcrumb","itemListElement":[{"@type":"ListItem","position":1,"name":"Portada","item":"https:\/\/www.sprachschule-aktiv-muenchen.de\/pl\/"},{"@type":"ListItem","position":2,"name":"Kurs przygotowawczy TELC po niemiecku w Monachium"}]},{"@type":"WebSite","@id":"https:\/\/www.sprachschule-aktiv-muenchen.de\/#website","url":"https:\/\/www.sprachschule-aktiv-muenchen.de\/","name":"Sprachschule Aktiv","description":"","potentialAction":[{"@type":"SearchAction","target":{"@type":"EntryPoint","urlTemplate":"https:\/\/www.sprachschule-aktiv-muenchen.de\/?s={search_term_string}"},"query-input":{"@type":"PropertyValueSpecification","valueRequired":true,"valueName":"search_term_string"}}],"inLanguage":"pl-PL"}]}},"_links":{"self":[{"href":"https:\/\/www.sprachschule-aktiv-muenchen.de\/pl\/wp-json\/wp\/v2\/pages\/57630","targetHints":{"allow":["GET"]}}],"collection":[{"href":"https:\/\/www.sprachschule-aktiv-muenchen.de\/pl\/wp-json\/wp\/v2\/pages"}],"about":[{"href":"https:\/\/www.sprachschule-aktiv-muenchen.de\/pl\/wp-json\/wp\/v2\/types\/page"}],"author":[{"embeddable":true,"href":"https:\/\/www.sprachschule-aktiv-muenchen.de\/pl\/wp-json\/wp\/v2\/users\/2"}],"replies":[{"embeddable":true,"href":"https:\/\/www.sprachschule-aktiv-muenchen.de\/pl\/wp-json\/wp\/v2\/comments?post=57630"}],"version-history":[{"count":6,"href":"https:\/\/www.sprachschule-aktiv-muenchen.de\/pl\/wp-json\/wp\/v2\/pages\/57630\/revisions"}],"predecessor-version":[{"id":68951,"href":"https:\/\/www.sprachschule-aktiv-muenchen.de\/pl\/wp-json\/wp\/v2\/pages\/57630\/revisions\/68951"}],"wp:attachment":[{"href":"https:\/\/www.sprachschule-aktiv-muenchen.de\/pl\/wp-json\/wp\/v2\/media?parent=57630"}],"curies":[{"name":"wp","href":"https:\/\/api.w.org\/{rel}","templated":true}]}}