{"id":57600,"date":"2020-06-18T10:05:41","date_gmt":"2020-06-18T08:05:41","guid":{"rendered":"https:\/\/www.sprachschule-aktiv-muenchen.de\/?page_id=57600"},"modified":"2021-07-25T06:56:06","modified_gmt":"2021-07-25T04:56:06","slug":"egzaminy-telc-po-niemiecku-w-monachium","status":"publish","type":"page","link":"https:\/\/www.sprachschule-aktiv-muenchen.de\/pl\/egzaminy-telc-po-niemiecku-w-monachium\/","title":{"rendered":"Egzaminy telc po niemiecku w Monachium"},"content":{"rendered":"<p>[vc_row css=&#8221;.vc_custom_1592895275471{margin-top: 20px !important;}&#8221;][vc_column][vc_column_text]<\/p>\n<h1>Egzaminy telc z j\u0119zyka niemieckiego w Monachium \u2013 daty, ceny<\/h1>\n<p>[\/vc_column_text][vc_row_inner][vc_column_inner width=&#8221;1\/2&#8243;][vc_column_text]U nas mo\u017cesz zajd\u0107 egzamin telc z j\u0119zyka niemieckiego na r\u00f3\u017cnych poziomach j\u0119zykowych: A1, A2, B1, B2, C1 i C2. Otrzymasz r\u00f3wnie\u017c wszystkie informacje o cenach i terminach egzamin\u00f3w telc w Monachium.<\/p>\n<p>Potrzebujesz dowodu bieg\u0142o\u015bci j\u0119zykowej niemieckiego do cel\u00f3w prywatnych, zawodowych lub jest on jednym z wumog\u00f3w do przyj\u0119cia na niemieck\u0105 uczelni\u0119? W Sprachschule Aktiv mo\u017cesz zdawa\u0107 egzaminy telc z j\u0119zyka niemieckiego od poziomu A1 do C2, jako \u017ce jeste\u015bmy oficjalnie uznanym i zatwierdzonym centrum egzaminacyjnym Telc. Oferujemy r\u00f3wnie\u017c testy j\u0119zykowe dla piel\u0119gniarek i pracownik\u00f3w medycznych na poziomach B2 \/ C1 oraz C1 wymaganzych w procesie rekrutacyjnym przez niemieckie uczelnie. Aby efektywnie przygotowa\u0107 Ci\u0119 do egzaminu, oferujemy r\u00f3wnie\u017c kursy przygotowuj\u0105ce, dzi\u0119ki kt\u00f3rym zapoznasz si\u0119 z procedurami i wymaganiami danego testu telc.[\/vc_column_text][\/vc_column_inner][vc_column_inner width=&#8221;1\/2&#8243;][vc_column_text]<img decoding=\"async\" class=\"alignnone size-full wp-image-57604\" src=\"https:\/\/www.sprachschule-aktiv-muenchen.de\/wp-content\/uploads\/2020\/06\/egzaminy-telc-po-niemiecku-w-monachium.jpg\" alt=\"Egzaminy telc po niemiecku w Monachium - centrum egzaminacyjne - daty, ceny i rejestracja\" width=\"1024\" height=\"373\" srcset=\"https:\/\/www.sprachschule-aktiv-muenchen.de\/wp-content\/uploads\/2020\/06\/egzaminy-telc-po-niemiecku-w-monachium.jpg 1024w, https:\/\/www.sprachschule-aktiv-muenchen.de\/wp-content\/uploads\/2020\/06\/egzaminy-telc-po-niemiecku-w-monachium-300x109.jpg 300w, https:\/\/www.sprachschule-aktiv-muenchen.de\/wp-content\/uploads\/2020\/06\/egzaminy-telc-po-niemiecku-w-monachium-768x280.jpg 768w\" sizes=\"(max-width: 1024px) 100vw, 1024px\" \/>[\/vc_column_text][\/vc_column_inner][\/vc_row_inner][\/vc_column][\/vc_row][vc_row][vc_column][vc_column_text]<\/p>\n<h2>Dlaczego warto zdoby\u0107 certyfikat telc?<\/h2>\n<p>Testy telc to testy przygotowane zgodnie ze znormalizowan\u0105 procedur\u0105 i oparte na wsp\u00f3lnym europejskim systemie opisu kszta\u0142cenia j\u0119zykowego. Skr\u00f3t telc oznacza Europejskie Certyfikaty J\u0119zykowe, w j\u0119zyku niemieckim \u201eDie Europ\u00e4ischen Sprachzertifikate\u201c. Organizatorem egzamin\u00f3w jest telc GmbH z siedzib\u0105 we Frankfurcie nad Menem. Telc GmbH wsp\u00f3\u0142pracuje z rz\u0105dem Republiki Federalnej Niemiec. Wyniki danego testu s\u0105 dowodem znajomo\u015bci j\u0119zyka niemieckiego po kursach integracyjnych i wymagana przy staraniu si\u0119 o odpowiedni dokument pobytowy, ale nie tylko. R\u00f3wnie\u017c pracodawcy coraz cz\u0119\u015bciej wymagaj\u0105 o os\u00f3b ubiegaj\u0105cych si\u0119 o prac\u0119 oficjalnego certyfikatu j\u0119zkowego. Konferencja Rektor\u00f3w i Ministr\u00f3w Edukacji Uniwersytetu uzna\u0142a r\u00f3wnie\u017c certyfikaty telc C1 Hochschule z j\u0119zyka niemieckiego jako dow\u00f3d wystarczaj\u0105cej znajomo\u015bci j\u0119zyka, kt\u00f3ry jest wymagany dla student\u00f3w z zagranicy chc\u0105cych studiowa\u0107 w Niemczech. W przypadku personelu medycznego z zagranicy, przy ubieganiu si\u0119 o uznanie kwalifikacji zawodowych, akceptowane s\u0105 specjalistyczne egzaminy j\u0119zykowe telc np. j\u0119zyk niemiecki dla piel\u0119gniarek lub j\u0119zyk niemiecki dla lekarzy.<\/p>\n<h2>Wymagania uniwersytet\u00f3w w Monachium odno\u015bnie certyfitka\u00f3w j\u0119zykowych<\/h2>\n<p>Z regu\u0142y uniwersytety w Monachium, takie jak Umiwersytet techniczny TUM lub Uniwersytet Ludwika LMU akceptuj\u0105 egzamin telc na poziomie C1. Jednak wymagania poszczeg\u00f3lnych kierunk\u00f3w studi\u00f3w mog\u0105 si\u0119 nieznacznie od siebie r\u00f3\u017cni\u0107.<\/p>\n<h2>Czego si\u0119 spodziewa\u0107 na te\u015bcie telc?<\/h2>\n<p>Testy telc dla odpowiednich poziom\u00f3w zazwyczaj sk\u0142adaj\u0105 si\u0119 z 3-cz\u0119\u015bciowego czytania ze zrozumieniem oraz modu\u0142u, w kt\u00f3rym sprawdzana jest wiedza gramatyczna. Test telc obejmuje r\u00f3wnie\u017c rozumienie ze s\u0142uchu z odpowiednimi pytaniami dotycz\u0105cymi tekstu audio. W nast\u0119pnej cz\u0119\u015bci uczestnicy pokazuj\u0105 swoje umiej\u0119tno\u015bci z zakresu s\u0142ownictwa, struktury zda\u0144 i ortografii w formie pisemnej.<\/p>\n<p>Jest r\u00f3wnie\u017c cz\u0119\u015b\u0107 ustna egzaminu, w kt\u00f3rym uczestnik testu ma 20 minut na przygotowanie. W tym czasie jest mo\u017cliwo\u015b\u0107 zrobienia notatek i rozpisania najwa\u017cniejszych punkt\u00f3w. Zwykle cz\u0119\u015b\u0107 ustna zaczyna si\u0119 od kr\u00f3tkiej prezentacji. Nast\u0119pnie zdaj\u0105cy kr\u00f3tko udziela odpowiedzi na wybrany temat, a na koniec odpowiada na pytania dotycz\u0105ce r\u00f3\u017cnych aspekt\u00f3w jego prezentacji. Ca\u0142kowita d\u0142ugo\u015b\u0107 testu zale\u017cy od poziomu, na kt\u00f3rym uczestnik chce zdawa\u0107 egzamin i wynosi od 1,5 do prawie 4 godzin.<\/p>\n<h2>Jakie s\u0105 korzy\u015bci z kursu przygotowuj\u0105cego do egzaminu telc?<\/h2>\n<p>Na kursach przygotowuj\u0105cych do egzaminu telc native speaker oraz do\u015bwiadczony lektor pokazuj\u0105, jak najlepiej podchodzi\u0107 do zada\u0144 i optymalnie podzieli\u0107 czas. Podczas kursu szczeg\u00f3\u0142owo omawiane s\u0105 przyk\u0142adowe testy na odpowiednim poziomie j\u0119zykowym. Nast\u0119pnie przechodz\u0105 przez sekcje testowe w czasie rzeczywistym. Na koniec podawane s\u0105 wyja\u015bnienia dotycz\u0105ce sposobu optymalizacji uzyskanego wyniku.<\/p>\n<h2>Wa\u017cne informacj\u0119 dotycz\u0105ce egzaminu telc z j\u0119zyka niemieckiego w Monachium<\/h2>\n<p>Poni\u017cej znajduj\u0105 si\u0119 wszelkie wa\u017cne informacj\u0119 zwi\u0105zane z egzaminem telc z j\u0119zyka niemieckiego na poziomach A1, A2, B1, B2, oraz B2 \/ C1 dla lekarzy i C1 \/ C2 dla kandydat\u00f3w na uniwersytet w Niemczech:<\/p>\n<ol>\n<li>Daty egamin\u00f3w TELC w naszym centrum egzamnacyjnym znajduj\u0105 si\u0119 pod <a href=\"https:\/\/www.sprachschule-aktiv-muenchen.de\/telc-pruefungen-fuer-deutsch\/\">linkiem.<\/a><\/li>\n<li>Na \u017cyczenie organizujemy indywidualne egzaminy j\u0119zykowe na ka\u017cym z poziom\u00f3w, kt\u00f3re mog\u0105 si\u0119 odby\u0107 w dowolnym terminie<\/li>\n<li>Zapisy na egzamin odbywaj\u0105 si\u0119 online (<a href=\"https:\/\/www.sprachschule-aktiv-muenchen.de\/anmeldung-telc-pruefung\/\">pod tym linkiem<\/a>) lub w szkole j\u0119zyk\u00f3w obcych Aktiv.<\/li>\n<li>Okres rejestracji wygasa na tydzie\u0144 przed egzaminem.<\/li>\n<li>Okres oczekiwania na wyniki wynosi pomiedzy 4 \u2013 6 tygodni od daty egzaminu.<\/li>\n<li>Na egzamin nale\u017cy przynie\u015b\u0107 dow\u00f3d osobisty lub paszport.<\/li>\n<li>Nie wolno u\u017cywa\u0107 \u017cadnych pomocy naukowych (s\u0142ownik, telefon kom\u00f3wkowy itp)<\/li>\n<li>Egzamin mo\u017cna powtarza\u0107 dowolna ilo\u015b\u0107 raz.<\/li>\n<li>Dodatkowe informacje na temat niemieckiego egzaminu telc i kurs\u00f3w przygotowawczych mo\u017cna znale\u017a\u0107 tutaj: <a href=\"https:\/\/www.sprachschule-aktiv-muenchen.de\/deutsch-telc-pruefungsvorbereitung-muenchen\/\">https:\/\/www.sprachschule-aktiv-muenchen.de\/deutsch-telc-pruefungsvorbereitung-muenchen\/ <\/a><\/li>\n<\/ol>\n<h2>Terminy i koszty egzaminu telc z j\u0119zyka niemieckiego w Sprachschule Aktiv w Monachium:<\/h2>\n<p>Je\u015bli uko\u0144czy\u0142e\u015b w nasze szkole kurs niemieckiego lub przygotowuj\u0105cy do egzaminu w szkole j\u0119zyk\u00f3w obcych Aktiv w Monachium lub w jednej z naszych szk\u00f3\u0142 na terenie Niemiec w ci\u0105gu sze\u015bciu miesi\u0119cy przed dat\u0105 egzaminu telc, obowi\u0105zuje Ci\u0119 korzystniejsza taryfa wewn\u0119trzna.<\/p>\n<p>Prosimy o terminowe uiszczenie op\u0142aty za test telc. Op\u0142at\u0119 za kurs \u00a0przygotowujacyc do egzaminu nale\u017cy ui\u015bci\u0107 w pierwszym dniu kursu.<\/p>\n<p>Je\u015bli zachorujesz w dniu egzaminu, nale\u017cy przed\u0142o\u017cy\u0107 za\u015bwiadczenie lekarskie. W takiej sytuacji zostanie naliczona op\u0142ata za anulowanie egzaminu w wysoko\u015bci 80,00 \u20ac.<\/p>\n<p>Napisz do nas, je\u015bli masz dodatkowe pytanie lub potrzebujesz dok\u0142adniejszych informacji:<\/p>\n<p>E-mail: <u><a href=\"mailto:telc@sprachschule-aktiv.de\">telc@sprachschule-aktiv.de<\/a><\/u><\/p>\n<p><a href=\"https:\/\/www.sprachschule-aktiv-muenchen.de\/pl\/rejestrowanie\/\"><img decoding=\"async\" class=\"alignnone size-full wp-image-57808\" src=\"https:\/\/www.sprachschule-aktiv-muenchen.de\/wp-content\/uploads\/2020\/06\/boton2.png\" alt=\"zarezerwuj teraz!\" width=\"265\" height=\"58\" \/><\/a>[\/vc_column_text][\/vc_column][\/vc_row]<\/p>\n","protected":false},"excerpt":{"rendered":"<p>[vc_row css=&#8221;.vc_custom_1592895275471{margin-top: 20px !important;}&#8221;][vc_column][vc_column_text] Egzaminy telc z j\u0119zyka niemieckiego w Monachium \u2013 daty, ceny [\/vc_column_text][vc_row_inner][vc_column_inner width=&#8221;1\/2&#8243;][vc_column_text]U nas mo\u017cesz zajd\u0107 egzamin telc z j\u0119zyka niemieckiego na r\u00f3\u017cnych poziomach j\u0119zykowych: A1, A2, B1, B2, C1 i C2. Otrzymasz r\u00f3wnie\u017c wszystkie informacje o cenach i terminach egzamin\u00f3w telc w Monachium. Potrzebujesz dowodu bieg\u0142o\u015bci j\u0119zykowej niemieckiego do cel\u00f3w prywatnych,&hellip; <a class=\"read-more\" href=\"https:\/\/www.sprachschule-aktiv-muenchen.de\/pl\/egzaminy-telc-po-niemiecku-w-monachium\/\" title=\"Read Egzaminy telc po niemiecku w Monachium\">Read more &raquo;<\/a><\/p>\n","protected":false},"author":2,"featured_media":0,"parent":0,"menu_order":0,"comment_status":"closed","ping_status":"closed","template":"","meta":{"footnotes":""},"class_list":["post-57600","page","type-page","status-publish","hentry"],"yoast_head":"<!-- This site is optimized with the Yoast SEO plugin v27.1.1 - https:\/\/yoast.com\/product\/yoast-seo-wordpress\/ -->\n<title>telc po niemiecku w Monachium - daty, ceny i rejestracja<\/title>\n<meta name=\"description\" content=\"centrum egzaminacyjne telc w Monachium. Egzamin telc po niemiecku dla poziom\u00f3w j\u0119zykowych A1, A2, B1, B2, C1, C2. FAQ, terminy i ceny.\" \/>\n<meta name=\"robots\" content=\"index, follow, max-snippet:-1, max-image-preview:large, max-video-preview:-1\" \/>\n<link rel=\"canonical\" href=\"https:\/\/www.sprachschule-aktiv-muenchen.de\/pl\/egzaminy-telc-po-niemiecku-w-monachium\/\" \/>\n<meta property=\"og:locale\" content=\"pl_PL\" \/>\n<meta property=\"og:type\" content=\"article\" \/>\n<meta property=\"og:title\" content=\"telc po niemiecku w Monachium - daty, ceny i rejestracja\" \/>\n<meta property=\"og:description\" content=\"centrum egzaminacyjne telc w Monachium. Egzamin telc po niemiecku dla poziom\u00f3w j\u0119zykowych A1, A2, B1, B2, C1, C2. FAQ, terminy i ceny.\" \/>\n<meta property=\"og:url\" content=\"https:\/\/www.sprachschule-aktiv-muenchen.de\/pl\/egzaminy-telc-po-niemiecku-w-monachium\/\" \/>\n<meta property=\"og:site_name\" content=\"Sprachschule Aktiv\" \/>\n<meta property=\"article:modified_time\" content=\"2021-07-25T04:56:06+00:00\" \/>\n<meta property=\"og:image\" content=\"https:\/\/www.sprachschule-aktiv-muenchen.de\/wp-content\/uploads\/2020\/06\/egzaminy-telc-po-niemiecku-w-monachium.jpg\" \/>\n<meta name=\"twitter:card\" content=\"summary_large_image\" \/>\n<meta name=\"twitter:label1\" content=\"Szacowany czas czytania\" \/>\n\t<meta name=\"twitter:data1\" content=\"4 minuty\" \/>\n<script type=\"application\/ld+json\" class=\"yoast-schema-graph\">{\"@context\":\"https:\/\/schema.org\",\"@graph\":[{\"@type\":\"WebPage\",\"@id\":\"https:\/\/www.sprachschule-aktiv-muenchen.de\/pl\/egzaminy-telc-po-niemiecku-w-monachium\/\",\"url\":\"https:\/\/www.sprachschule-aktiv-muenchen.de\/pl\/egzaminy-telc-po-niemiecku-w-monachium\/\",\"name\":\"telc po niemiecku w Monachium - daty, ceny i rejestracja\",\"isPartOf\":{\"@id\":\"https:\/\/www.sprachschule-aktiv-muenchen.de\/#website\"},\"primaryImageOfPage\":{\"@id\":\"https:\/\/www.sprachschule-aktiv-muenchen.de\/pl\/egzaminy-telc-po-niemiecku-w-monachium\/#primaryimage\"},\"image\":{\"@id\":\"https:\/\/www.sprachschule-aktiv-muenchen.de\/pl\/egzaminy-telc-po-niemiecku-w-monachium\/#primaryimage\"},\"thumbnailUrl\":\"https:\/\/www.sprachschule-aktiv-muenchen.de\/wp-content\/uploads\/2020\/06\/egzaminy-telc-po-niemiecku-w-monachium.jpg\",\"datePublished\":\"2020-06-18T08:05:41+00:00\",\"dateModified\":\"2021-07-25T04:56:06+00:00\",\"description\":\"centrum egzaminacyjne telc w Monachium. Egzamin telc po niemiecku dla poziom\u00f3w j\u0119zykowych A1, A2, B1, B2, C1, C2. FAQ, terminy i ceny.\",\"breadcrumb\":{\"@id\":\"https:\/\/www.sprachschule-aktiv-muenchen.de\/pl\/egzaminy-telc-po-niemiecku-w-monachium\/#breadcrumb\"},\"inLanguage\":\"pl-PL\",\"potentialAction\":[{\"@type\":\"ReadAction\",\"target\":[\"https:\/\/www.sprachschule-aktiv-muenchen.de\/pl\/egzaminy-telc-po-niemiecku-w-monachium\/\"]}]},{\"@type\":\"ImageObject\",\"inLanguage\":\"pl-PL\",\"@id\":\"https:\/\/www.sprachschule-aktiv-muenchen.de\/pl\/egzaminy-telc-po-niemiecku-w-monachium\/#primaryimage\",\"url\":\"https:\/\/www.sprachschule-aktiv-muenchen.de\/wp-content\/uploads\/2020\/06\/egzaminy-telc-po-niemiecku-w-monachium.jpg\",\"contentUrl\":\"https:\/\/www.sprachschule-aktiv-muenchen.de\/wp-content\/uploads\/2020\/06\/egzaminy-telc-po-niemiecku-w-monachium.jpg\"},{\"@type\":\"BreadcrumbList\",\"@id\":\"https:\/\/www.sprachschule-aktiv-muenchen.de\/pl\/egzaminy-telc-po-niemiecku-w-monachium\/#breadcrumb\",\"itemListElement\":[{\"@type\":\"ListItem\",\"position\":1,\"name\":\"Portada\",\"item\":\"https:\/\/www.sprachschule-aktiv-muenchen.de\/pl\/\"},{\"@type\":\"ListItem\",\"position\":2,\"name\":\"Egzaminy telc po niemiecku w Monachium\"}]},{\"@type\":\"WebSite\",\"@id\":\"https:\/\/www.sprachschule-aktiv-muenchen.de\/#website\",\"url\":\"https:\/\/www.sprachschule-aktiv-muenchen.de\/\",\"name\":\"Sprachschule Aktiv\",\"description\":\"\",\"potentialAction\":[{\"@type\":\"SearchAction\",\"target\":{\"@type\":\"EntryPoint\",\"urlTemplate\":\"https:\/\/www.sprachschule-aktiv-muenchen.de\/?s={search_term_string}\"},\"query-input\":{\"@type\":\"PropertyValueSpecification\",\"valueRequired\":true,\"valueName\":\"search_term_string\"}}],\"inLanguage\":\"pl-PL\"}]}<\/script>\n<!-- \/ Yoast SEO plugin. -->","yoast_head_json":{"title":"telc po niemiecku w Monachium - daty, ceny i rejestracja","description":"centrum egzaminacyjne telc w Monachium. Egzamin telc po niemiecku dla poziom\u00f3w j\u0119zykowych A1, A2, B1, B2, C1, C2. FAQ, terminy i ceny.","robots":{"index":"index","follow":"follow","max-snippet":"max-snippet:-1","max-image-preview":"max-image-preview:large","max-video-preview":"max-video-preview:-1"},"canonical":"https:\/\/www.sprachschule-aktiv-muenchen.de\/pl\/egzaminy-telc-po-niemiecku-w-monachium\/","og_locale":"pl_PL","og_type":"article","og_title":"telc po niemiecku w Monachium - daty, ceny i rejestracja","og_description":"centrum egzaminacyjne telc w Monachium. Egzamin telc po niemiecku dla poziom\u00f3w j\u0119zykowych A1, A2, B1, B2, C1, C2. FAQ, terminy i ceny.","og_url":"https:\/\/www.sprachschule-aktiv-muenchen.de\/pl\/egzaminy-telc-po-niemiecku-w-monachium\/","og_site_name":"Sprachschule Aktiv","article_modified_time":"2021-07-25T04:56:06+00:00","og_image":[{"url":"https:\/\/www.sprachschule-aktiv-muenchen.de\/wp-content\/uploads\/2020\/06\/egzaminy-telc-po-niemiecku-w-monachium.jpg","type":"","width":"","height":""}],"twitter_card":"summary_large_image","twitter_misc":{"Szacowany czas czytania":"4 minuty"},"schema":{"@context":"https:\/\/schema.org","@graph":[{"@type":"WebPage","@id":"https:\/\/www.sprachschule-aktiv-muenchen.de\/pl\/egzaminy-telc-po-niemiecku-w-monachium\/","url":"https:\/\/www.sprachschule-aktiv-muenchen.de\/pl\/egzaminy-telc-po-niemiecku-w-monachium\/","name":"telc po niemiecku w Monachium - daty, ceny i rejestracja","isPartOf":{"@id":"https:\/\/www.sprachschule-aktiv-muenchen.de\/#website"},"primaryImageOfPage":{"@id":"https:\/\/www.sprachschule-aktiv-muenchen.de\/pl\/egzaminy-telc-po-niemiecku-w-monachium\/#primaryimage"},"image":{"@id":"https:\/\/www.sprachschule-aktiv-muenchen.de\/pl\/egzaminy-telc-po-niemiecku-w-monachium\/#primaryimage"},"thumbnailUrl":"https:\/\/www.sprachschule-aktiv-muenchen.de\/wp-content\/uploads\/2020\/06\/egzaminy-telc-po-niemiecku-w-monachium.jpg","datePublished":"2020-06-18T08:05:41+00:00","dateModified":"2021-07-25T04:56:06+00:00","description":"centrum egzaminacyjne telc w Monachium. Egzamin telc po niemiecku dla poziom\u00f3w j\u0119zykowych A1, A2, B1, B2, C1, C2. FAQ, terminy i ceny.","breadcrumb":{"@id":"https:\/\/www.sprachschule-aktiv-muenchen.de\/pl\/egzaminy-telc-po-niemiecku-w-monachium\/#breadcrumb"},"inLanguage":"pl-PL","potentialAction":[{"@type":"ReadAction","target":["https:\/\/www.sprachschule-aktiv-muenchen.de\/pl\/egzaminy-telc-po-niemiecku-w-monachium\/"]}]},{"@type":"ImageObject","inLanguage":"pl-PL","@id":"https:\/\/www.sprachschule-aktiv-muenchen.de\/pl\/egzaminy-telc-po-niemiecku-w-monachium\/#primaryimage","url":"https:\/\/www.sprachschule-aktiv-muenchen.de\/wp-content\/uploads\/2020\/06\/egzaminy-telc-po-niemiecku-w-monachium.jpg","contentUrl":"https:\/\/www.sprachschule-aktiv-muenchen.de\/wp-content\/uploads\/2020\/06\/egzaminy-telc-po-niemiecku-w-monachium.jpg"},{"@type":"BreadcrumbList","@id":"https:\/\/www.sprachschule-aktiv-muenchen.de\/pl\/egzaminy-telc-po-niemiecku-w-monachium\/#breadcrumb","itemListElement":[{"@type":"ListItem","position":1,"name":"Portada","item":"https:\/\/www.sprachschule-aktiv-muenchen.de\/pl\/"},{"@type":"ListItem","position":2,"name":"Egzaminy telc po niemiecku w Monachium"}]},{"@type":"WebSite","@id":"https:\/\/www.sprachschule-aktiv-muenchen.de\/#website","url":"https:\/\/www.sprachschule-aktiv-muenchen.de\/","name":"Sprachschule Aktiv","description":"","potentialAction":[{"@type":"SearchAction","target":{"@type":"EntryPoint","urlTemplate":"https:\/\/www.sprachschule-aktiv-muenchen.de\/?s={search_term_string}"},"query-input":{"@type":"PropertyValueSpecification","valueRequired":true,"valueName":"search_term_string"}}],"inLanguage":"pl-PL"}]}},"_links":{"self":[{"href":"https:\/\/www.sprachschule-aktiv-muenchen.de\/pl\/wp-json\/wp\/v2\/pages\/57600","targetHints":{"allow":["GET"]}}],"collection":[{"href":"https:\/\/www.sprachschule-aktiv-muenchen.de\/pl\/wp-json\/wp\/v2\/pages"}],"about":[{"href":"https:\/\/www.sprachschule-aktiv-muenchen.de\/pl\/wp-json\/wp\/v2\/types\/page"}],"author":[{"embeddable":true,"href":"https:\/\/www.sprachschule-aktiv-muenchen.de\/pl\/wp-json\/wp\/v2\/users\/2"}],"replies":[{"embeddable":true,"href":"https:\/\/www.sprachschule-aktiv-muenchen.de\/pl\/wp-json\/wp\/v2\/comments?post=57600"}],"version-history":[{"count":8,"href":"https:\/\/www.sprachschule-aktiv-muenchen.de\/pl\/wp-json\/wp\/v2\/pages\/57600\/revisions"}],"predecessor-version":[{"id":68792,"href":"https:\/\/www.sprachschule-aktiv-muenchen.de\/pl\/wp-json\/wp\/v2\/pages\/57600\/revisions\/68792"}],"wp:attachment":[{"href":"https:\/\/www.sprachschule-aktiv-muenchen.de\/pl\/wp-json\/wp\/v2\/media?parent=57600"}],"curies":[{"name":"wp","href":"https:\/\/api.w.org\/{rel}","templated":true}]}}