{"id":12458,"date":"2017-02-26T10:07:36","date_gmt":"2017-02-26T09:07:36","guid":{"rendered":"https:\/\/www.sprachschule-aktiv-muenchen.de\/?page_id=12458\/"},"modified":"2022-12-29T13:23:15","modified_gmt":"2022-12-29T12:23:15","slug":"zdjecia-i-filmy","status":"publish","type":"page","link":"https:\/\/www.sprachschule-aktiv-muenchen.de\/pl\/zdjecia-i-filmy\/","title":{"rendered":"Zdj\u0119cia i filmy"},"content":{"rendered":"<p>[vc_row css=&#8221;.vc_custom_1488098586681{padding-top: 30px !important;padding-bottom: 30px !important;}&#8221;][vc_column][vc_column_text]<\/p>\n<h1>Filmy i zdj\u0119cia z kursu w Monachium<\/h1>\n<p>Filmy i zdj\u0119cia z kursu j\u0119zyka niemieckiego &#8211; Nauka niemieckiego w Monachium przynosi wiele rado\u015bci! Tutaj znajdziesz daty rozpocz\u0119cia naszych kurs\u00f3w j\u0119zyka niemieckiego w Monachium.<\/p>\n<p>Kursy j\u0119zyka niemieckiego w Monachium &#8211; Foto Galeria- Pierwsze wra\u017cenia z Sprachschule Aktiv.[\/vc_column_text][\/vc_column][\/vc_row][vc_row full_width=&#8221;stretch_row&#8221; css=&#8221;.vc_custom_1488098576019{padding-top: 30px !important;padding-bottom: 30px !important;background-color: #f9f9f9 !important;}&#8221;][vc_column][vc_row_inner][vc_column_inner width=&#8221;1\/3&#8243;][vc_video link=&#8221;https:\/\/youtu.be\/wE4DnMj1Gwo&#8221;][\/vc_column_inner][vc_column_inner width=&#8221;1\/3&#8243;][vc_video link=&#8221;https:\/\/youtu.be\/t07q7g4cI3E&#8221;][\/vc_column_inner][vc_column_inner width=&#8221;1\/3&#8243;][vc_video link=&#8221;https:\/\/youtu.be\/TkYG_fnMg4g&#8221;][\/vc_column_inner][\/vc_row_inner][vc_row_inner][vc_column_inner width=&#8221;1\/3&#8243;][vc_video link=&#8221;https:\/\/youtu.be\/mqoyiKrwrUs&#8221;][\/vc_column_inner][vc_column_inner width=&#8221;1\/3&#8243;][vc_video link=&#8221;https:\/\/vimeo.com\/784085202&#8243;][\/vc_column_inner][vc_column_inner width=&#8221;1\/3&#8243;][vc_video link=&#8221;https:\/\/vimeo.com\/784085244&#8243;][\/vc_column_inner][\/vc_row_inner][\/vc_column][\/vc_row][vc_row full_width=&#8221;stretch_row&#8221; css=&#8221;.vc_custom_1488098413528{padding-top: 30px !important;padding-bottom: 30px !important;}&#8221;][vc_column][vc_column_text]Do\u015bwiadcz Monachium z nami! Po zaj\u0119ciach jest tutaj niezwykle wiele mo\u017cliwo\u015bci, aby sp\u0119dzi\u0107 sw\u00f3j wolny czas. Pomo\u017cemy Ci si\u0119 tutaj zaaklimatyzowa\u0107 i pozna\u0107 nowych przyjaci\u00f3\u0142. Organizujemy imprezy i wycieczki z Niemcami. To pozwala prze\u0142ama\u0107 opory j\u0119zykowe w mo\u017cliwie jak najkr\u00f3tszym czasie. W ten spos\u00f3b po\u0107wiczysz j\u0119zyk m\u00f3wiony, poznasz nowych przyjaci\u00f3\u0142 i pog\u0142\u0119bisz swoje umiej\u0119tno\u015bci j\u0119zykowe.<\/p>\n<p>Chcieliby\u015bmy niniejszym prezentujemy pi\u0119kne zdj\u0119cia i filmy z tego pi\u0119knego miasta! Stolica Bawarii, Monachium jest idealnym miejscem do nauki j\u0119zyka niemieckiego, do zdobycia kontakt\u00f3w niezb\u0119dnych dla zr\u00f3wnowa\u017conej kariery lub do rozpocz\u0119cia studi\u00f3w. Monachium jest siedzib\u0105 wielu znanych na ca\u0142y \u015bwiat firm. To w\u0142a\u015bnie z Monachium pochodzi znany kllub Bundesligi Bayern Monachium, ma tutaj swoj\u0105 siedzib\u0119 firma Siemens. Z monachium pochodzi znana markasamochodowa BMW oraz jest tu wielu producent\u00f3w koncert\u00f3w \u015bwiatowej klasy. Ponadto, jest to centrum wysokiej technologii high-tech, centrum przemys\u0142u filmowego i telewizyjnego. Monachium jest r\u00f3wnie\u017c uwa\u017cane za stolic\u0119 niemieckiej ksi\u0105\u017cki i medi\u00f3w.<\/p>\n<p>Stolica Bawarii jest tak\u017ce ulubionym miastem Niemc\u00f3w, przede wszystkim ze wzgl\u0119du na wysok\u0105 jako\u015b\u0107 \u017cycia i bezpiecze\u0144stwa jak\u0105 mo\u017cesz tu do\u015bwiadczy\u0107. W Monachium jest mn\u00f3stwo restauracji, bar\u00f3w i klub\u00f3w nocnych gdzie mo\u017cna mi\u0142o sp\u0119dzi\u0107 czas. Mi\u0142o\u015bnicy kultury tak\u017ce znajd\u0105 tutaj co\u015b dla siebie \u2013 znajduj\u0105 si\u0119 tutaj liczne muzea, teatry, opery (Opera Narodowa), Stadionu Olimpijski, gdzie maj\u0105 miejca m.in. r\u00f3\u017cne wydarzenia muzyczne. A dla tych, kt\u00f3rzy chc\u0105 cieszy\u0107 si\u0119 przys\u0142owiow\u0105 Bawarsk\u0105 \u201eprzytulno\u015bci\u0105\u201d idealnym miejsce b\u0119dzie jeden z tradycyjnych ogr\u00f3dk\u00f3w piwnych. Miasto Monachium sprawi, \u017ce okres nauki, nawet poza kursem j\u0119zykowym oka\u017ce si\u0119 wyj\u0105tkowym do\u015bwiadczeniem. Ito w\u0142a\u015bnie tutaj ma miejsce najlepszy i najwi\u0119kszy festiwal folklorystyczny w \u015bwiecie &#8211; Oktoberfest.[\/vc_column_text][\/vc_column][\/vc_row][vc_row css=&#8221;.vc_custom_1488098465055{padding-top: 30px !important;padding-bottom: 30px !important;}&#8221;][vc_column][vc_gallery interval=&#8221;3&#8243; images=&#8221;12463,12480,12497,12514,12531,12548,12565,12582,12599,12616,12633,12650,12667,12684,12701,12718,12735,12752,12769,12786,12803,12820,12837,12854,12871,12888,12905,12922,12939,12956,12973,12990,13007,13024,13041,13058,13075,13092,13109&#8243;][\/vc_column][\/vc_row][vc_row full_width=&#8221;stretch_row&#8221; css=&#8221;.vc_custom_1488098614198{padding-top: 30px !important;padding-bottom: 30px !important;background-color: #f9f9f9 !important;}&#8221;][vc_column][vc_column_text]<\/p>\n<h2>Poznaj kultur\u0119 i zawi\u0105\u017c nowe znajomo\u015bci i ucz si\u0119 j\u0119zyka w przyjaznej atmosferze \u2013 przez komunikacj\u0119 z innymi<\/h2>\n<p>Ogr\u00f3d Piwny jest dla turyst\u00f3w Bawarsiej stolicy jednym z miejsc, kt\u00f3re koniecznie trzeba zobaczy\u0107. W porze letniej mo\u017cna tam wypocz\u0105\u0107 w cieniu wielkich drzew wraz z kuflem ch\u0142odnego piwa, a zim\u0105 mo\u017cna si\u0119 spotka\u0107 w jednej z wielu karczem. Uczestnicy naszego kursu spotykaj\u0105 si\u0119 przy tzn \u201eStammtisch\u201d gdzie w mi\u0142ej atmosferze mog\u0105 porozmawia\u0107 o \u017cyciu codziennym albo wymieni\u0107 si\u0119 nowinkami. W ten spos\u00f3b, mo\u017cna zawi\u0105za\u0107 szybko nowe przyja\u017anie. Twoja szko\u0142a j\u0119zykowa, Sprachschule Aktiv organizuje to spotkania regularnie.<\/p>\n<p>Koncerty, teatr, koncerty, czyli w jaki spos\u00f3b mo\u017cesz sp\u0119dzi\u0107 mi\u0142o i aktywnie czas razem ze Sprachschule Aktiv oraz zdoby\u0107 przydatne do\u015bwiadczenie!<\/p>\n<p>Monachium posiada ciekawy krajobrazy kulturowy. Zapraszamy Ci\u0119 na \u017cywe, weso\u0142e wydarzenia kulturowe na wysokim poziomie. Znajdziesz tu r\u00f3\u017cnego rodzaju koncerty muzyczne (klasyki, rocka, popu) artyst\u00f3w z ca\u0142ego \u015bwiata, jak r\u00f3wnie\u017c przedstawienia operowe, grup baletowych, bawarskiej sztuki ludowej czy kabaret\u00f3w \u2013 ka\u017cdy znajdzie tu co\u015b dla siebie. Ponadto, w Monachium odbywa si\u0119 s\u0142ynny na ca\u0142y \u015bwiat festiwal \u2013 Oktoberfest. W zimie, zapraszamy na Bo\u017conarodzeniowy jarmark. Szko\u0142a Sprachschule Aktiv udzieli Ci wszelkich wskaz\u00f3wek.<\/p>\n<p>Wewn\u0105trz r\u00f3wnie\u017c wiele si\u0119 dzieje. Letnie festiwale, prezentacje i wyk\u0142adyw r\u00f3\u017cych j\u0119zykach aby wzbogaci\u0107 nasz\u0105 ofert\u0119. O wszystkich aktualnych wydarzeniach mo\u017cesz przeczyta\u0107 na stronie Facebook\u2019owej Sprachschule Aktiv b\u0105d\u017a te\u017c na jej oficjalnym blogu.<\/p>\n<h2>Sportowo, aktywnie i nowocze\u015bnie<\/h2>\n<p>Kluby sportowe o mi\u0119dzynarodowej s\u0142awie, parki, rzeka Isar, blisko\u015b\u0107 do Alp \u2013 te wszystkie czynniki sprawiaj\u0105, \u017ce Monachium jest idealnym miejscem dla aktywnych ludzi. Istniej\u0105 tutaj doskona\u0142e warunki do jazdy na rolkach, czy do sp\u0142ywu na rzece Isar. Sp\u0119d\u017a przemi\u0142y dzie\u0144 na pikniku, poznaj okolic\u0119 i naucz si\u0119 troch\u0119 przez udzia\u0142 w wycieczkach! W ten spos\u00f3b w\u0142a\u015bnie sp\u0119dzisz czas z Sprachschule Aktiv. My nie zostawiamy naszych uczni\u00f3w samych sobie! Przyjd\u017a i prze\u017cyj aktywnie czas w Monachium z nami! Na pewno znajdziesz tu wielu przyjaci\u00f3\u0142!<\/p>\n<h2>Nasz program sp\u0119dzenia wolnego czasu &#8211; dost\u0119pny dla ka\u017cdego<\/h2>\n<p>Nasza szko\u0142a organizuje te wszystkie wydarzenia ca\u0142kowicie bez \u017cadnych koszt\u00f3w. Nasze imprezy s\u0105 otwarte dla ka\u017cdego. Przyjd\u017a i przyprowad\u017a ze sob\u0105 swoich przyjaci\u00f3\u0142, znajomych lub koleg\u00f3w z pracy. Obiecujemy, \u017ce nie po\u017ca\u0142ujesz!<\/p>\n<p>Jeste\u015bmy wi\u0119cej ni\u017c tylko szko\u0142a j\u0119zykowa! Nasz zesp\u00f3\u0142 sk\u0142ada si\u0119 z native speakerami i znakomitych trener\u00f3w, kt\u00f3rzy wprowadzaj\u0105 du\u017co do\u015bwiadcze\u0144 i pasji do nauczania. Nasz mi\u0119dzynarodowy zesp\u00f3\u0142 jest dynamiczny, elastyczny i posiada niezb\u0119dne kwalifikacje do nauczania j\u0119zyk\u00f3w obcych i komunikacji mi\u0119dzykulturowej.<\/p>\n<p>Na naszych kursach w Monachium, zajmujemy si\u0119 nie tylko nauk\u0105 skomplikowanej gramatyki, idiom\u00f3w i problemami z wymow\u0105. My wychodzimy poza ten szablon i staramy si\u0119 pokaza\u0107 przez przyk\u0142ady wzi\u0119te z prawdziwego \u017cycia poprawne u\u017cycie j\u0119zyka i pom\u00f3c w przyswojeniu sobie tego naszym mi\u0119dzynarodowym uczniom.Po zaj\u0119ciach, sp\u0119dzamy du\u017co czasu z uczestnikami naszego kursu. Nauka j\u0119zyka w ten spos\u00f3b jest \u017cywa i porywaj\u0105ca.<br \/>\n[\/vc_column_text][\/vc_column][\/vc_row]<\/p>\n","protected":false},"excerpt":{"rendered":"<p>[vc_row css=&#8221;.vc_custom_1488098586681{padding-top: 30px !important;padding-bottom: 30px !important;}&#8221;][vc_column][vc_column_text] Filmy i zdj\u0119cia z kursu w Monachium Filmy i zdj\u0119cia z kursu j\u0119zyka niemieckiego &#8211; Nauka niemieckiego w Monachium przynosi wiele rado\u015bci! Tutaj znajdziesz daty rozpocz\u0119cia naszych kurs\u00f3w j\u0119zyka niemieckiego w Monachium. Kursy j\u0119zyka niemieckiego w Monachium &#8211; Foto Galeria- Pierwsze wra\u017cenia z Sprachschule Aktiv.[\/vc_column_text][\/vc_column][\/vc_row][vc_row full_width=&#8221;stretch_row&#8221; css=&#8221;.vc_custom_1488098576019{padding-top: 30px !important;padding-bottom:&hellip; <a class=\"read-more\" href=\"https:\/\/www.sprachschule-aktiv-muenchen.de\/pl\/zdjecia-i-filmy\/\" title=\"Read Zdj\u0119cia i filmy\">Read more &raquo;<\/a><\/p>\n","protected":false},"author":2,"featured_media":0,"parent":0,"menu_order":0,"comment_status":"closed","ping_status":"closed","template":"","meta":{"footnotes":""},"class_list":["post-12458","page","type-page","status-publish","hentry"],"yoast_head":"<!-- This site is optimized with the Yoast SEO plugin v27.1.1 - https:\/\/yoast.com\/product\/yoast-seo-wordpress\/ -->\n<title>Foto Galeria- Pierwsze wra\u017cenia z Sprachschule Aktiv<\/title>\n<meta name=\"description\" content=\"Foto Galeria- Pierwsze wra\u017cenia z Sprachschule Aktiv\" \/>\n<meta name=\"robots\" content=\"index, follow, max-snippet:-1, max-image-preview:large, max-video-preview:-1\" \/>\n<link rel=\"canonical\" href=\"https:\/\/www.sprachschule-aktiv-muenchen.de\/pl\/zdjecia-i-filmy\/\" \/>\n<meta property=\"og:locale\" content=\"pl_PL\" \/>\n<meta property=\"og:type\" content=\"article\" \/>\n<meta property=\"og:title\" content=\"Foto Galeria- Pierwsze wra\u017cenia z Sprachschule Aktiv\" \/>\n<meta property=\"og:description\" content=\"Foto Galeria- Pierwsze wra\u017cenia z Sprachschule Aktiv\" \/>\n<meta property=\"og:url\" content=\"https:\/\/www.sprachschule-aktiv-muenchen.de\/pl\/zdjecia-i-filmy\/\" \/>\n<meta property=\"og:site_name\" content=\"Sprachschule Aktiv\" \/>\n<meta property=\"article:modified_time\" content=\"2022-12-29T12:23:15+00:00\" \/>\n<meta name=\"twitter:card\" content=\"summary_large_image\" \/>\n<meta name=\"twitter:label1\" content=\"Szacowany czas czytania\" \/>\n\t<meta name=\"twitter:data1\" content=\"5 minut\" \/>\n<script type=\"application\/ld+json\" class=\"yoast-schema-graph\">{\"@context\":\"https:\/\/schema.org\",\"@graph\":[{\"@type\":\"WebPage\",\"@id\":\"https:\/\/www.sprachschule-aktiv-muenchen.de\/pl\/zdjecia-i-filmy\/\",\"url\":\"https:\/\/www.sprachschule-aktiv-muenchen.de\/pl\/zdjecia-i-filmy\/\",\"name\":\"Foto Galeria- Pierwsze wra\u017cenia z Sprachschule Aktiv\",\"isPartOf\":{\"@id\":\"https:\/\/www.sprachschule-aktiv-muenchen.de\/#website\"},\"datePublished\":\"2017-02-26T09:07:36+00:00\",\"dateModified\":\"2022-12-29T12:23:15+00:00\",\"description\":\"Foto Galeria- Pierwsze wra\u017cenia z Sprachschule Aktiv\",\"breadcrumb\":{\"@id\":\"https:\/\/www.sprachschule-aktiv-muenchen.de\/pl\/zdjecia-i-filmy\/#breadcrumb\"},\"inLanguage\":\"pl-PL\",\"potentialAction\":[{\"@type\":\"ReadAction\",\"target\":[\"https:\/\/www.sprachschule-aktiv-muenchen.de\/pl\/zdjecia-i-filmy\/\"]}]},{\"@type\":\"BreadcrumbList\",\"@id\":\"https:\/\/www.sprachschule-aktiv-muenchen.de\/pl\/zdjecia-i-filmy\/#breadcrumb\",\"itemListElement\":[{\"@type\":\"ListItem\",\"position\":1,\"name\":\"Portada\",\"item\":\"https:\/\/www.sprachschule-aktiv-muenchen.de\/pl\/\"},{\"@type\":\"ListItem\",\"position\":2,\"name\":\"Zdj\u0119cia i filmy\"}]},{\"@type\":\"WebSite\",\"@id\":\"https:\/\/www.sprachschule-aktiv-muenchen.de\/#website\",\"url\":\"https:\/\/www.sprachschule-aktiv-muenchen.de\/\",\"name\":\"Sprachschule Aktiv\",\"description\":\"\",\"potentialAction\":[{\"@type\":\"SearchAction\",\"target\":{\"@type\":\"EntryPoint\",\"urlTemplate\":\"https:\/\/www.sprachschule-aktiv-muenchen.de\/?s={search_term_string}\"},\"query-input\":{\"@type\":\"PropertyValueSpecification\",\"valueRequired\":true,\"valueName\":\"search_term_string\"}}],\"inLanguage\":\"pl-PL\"}]}<\/script>\n<!-- \/ Yoast SEO plugin. -->","yoast_head_json":{"title":"Foto Galeria- Pierwsze wra\u017cenia z Sprachschule Aktiv","description":"Foto Galeria- Pierwsze wra\u017cenia z Sprachschule Aktiv","robots":{"index":"index","follow":"follow","max-snippet":"max-snippet:-1","max-image-preview":"max-image-preview:large","max-video-preview":"max-video-preview:-1"},"canonical":"https:\/\/www.sprachschule-aktiv-muenchen.de\/pl\/zdjecia-i-filmy\/","og_locale":"pl_PL","og_type":"article","og_title":"Foto Galeria- Pierwsze wra\u017cenia z Sprachschule Aktiv","og_description":"Foto Galeria- Pierwsze wra\u017cenia z Sprachschule Aktiv","og_url":"https:\/\/www.sprachschule-aktiv-muenchen.de\/pl\/zdjecia-i-filmy\/","og_site_name":"Sprachschule Aktiv","article_modified_time":"2022-12-29T12:23:15+00:00","twitter_card":"summary_large_image","twitter_misc":{"Szacowany czas czytania":"5 minut"},"schema":{"@context":"https:\/\/schema.org","@graph":[{"@type":"WebPage","@id":"https:\/\/www.sprachschule-aktiv-muenchen.de\/pl\/zdjecia-i-filmy\/","url":"https:\/\/www.sprachschule-aktiv-muenchen.de\/pl\/zdjecia-i-filmy\/","name":"Foto Galeria- Pierwsze wra\u017cenia z Sprachschule Aktiv","isPartOf":{"@id":"https:\/\/www.sprachschule-aktiv-muenchen.de\/#website"},"datePublished":"2017-02-26T09:07:36+00:00","dateModified":"2022-12-29T12:23:15+00:00","description":"Foto Galeria- Pierwsze wra\u017cenia z Sprachschule Aktiv","breadcrumb":{"@id":"https:\/\/www.sprachschule-aktiv-muenchen.de\/pl\/zdjecia-i-filmy\/#breadcrumb"},"inLanguage":"pl-PL","potentialAction":[{"@type":"ReadAction","target":["https:\/\/www.sprachschule-aktiv-muenchen.de\/pl\/zdjecia-i-filmy\/"]}]},{"@type":"BreadcrumbList","@id":"https:\/\/www.sprachschule-aktiv-muenchen.de\/pl\/zdjecia-i-filmy\/#breadcrumb","itemListElement":[{"@type":"ListItem","position":1,"name":"Portada","item":"https:\/\/www.sprachschule-aktiv-muenchen.de\/pl\/"},{"@type":"ListItem","position":2,"name":"Zdj\u0119cia i filmy"}]},{"@type":"WebSite","@id":"https:\/\/www.sprachschule-aktiv-muenchen.de\/#website","url":"https:\/\/www.sprachschule-aktiv-muenchen.de\/","name":"Sprachschule Aktiv","description":"","potentialAction":[{"@type":"SearchAction","target":{"@type":"EntryPoint","urlTemplate":"https:\/\/www.sprachschule-aktiv-muenchen.de\/?s={search_term_string}"},"query-input":{"@type":"PropertyValueSpecification","valueRequired":true,"valueName":"search_term_string"}}],"inLanguage":"pl-PL"}]}},"_links":{"self":[{"href":"https:\/\/www.sprachschule-aktiv-muenchen.de\/pl\/wp-json\/wp\/v2\/pages\/12458","targetHints":{"allow":["GET"]}}],"collection":[{"href":"https:\/\/www.sprachschule-aktiv-muenchen.de\/pl\/wp-json\/wp\/v2\/pages"}],"about":[{"href":"https:\/\/www.sprachschule-aktiv-muenchen.de\/pl\/wp-json\/wp\/v2\/types\/page"}],"author":[{"embeddable":true,"href":"https:\/\/www.sprachschule-aktiv-muenchen.de\/pl\/wp-json\/wp\/v2\/users\/2"}],"replies":[{"embeddable":true,"href":"https:\/\/www.sprachschule-aktiv-muenchen.de\/pl\/wp-json\/wp\/v2\/comments?post=12458"}],"version-history":[{"count":3,"href":"https:\/\/www.sprachschule-aktiv-muenchen.de\/pl\/wp-json\/wp\/v2\/pages\/12458\/revisions"}],"predecessor-version":[{"id":72963,"href":"https:\/\/www.sprachschule-aktiv-muenchen.de\/pl\/wp-json\/wp\/v2\/pages\/12458\/revisions\/72963"}],"wp:attachment":[{"href":"https:\/\/www.sprachschule-aktiv-muenchen.de\/pl\/wp-json\/wp\/v2\/media?parent=12458"}],"curies":[{"name":"wp","href":"https:\/\/api.w.org\/{rel}","templated":true}]}}