{"id":12432,"date":"2017-02-26T09:32:08","date_gmt":"2017-02-26T08:32:08","guid":{"rendered":"https:\/\/www.sprachschule-aktiv-muenchen.de\/?page_id=12432\/"},"modified":"2022-12-30T20:05:08","modified_gmt":"2022-12-30T19:05:08","slug":"certyfikat-jezykowy","status":"publish","type":"page","link":"https:\/\/www.sprachschule-aktiv-muenchen.de\/pl\/certyfikat-jezykowy\/","title":{"rendered":"Certyfikat j\u0119zykowy"},"content":{"rendered":"<p>[vc_row css=&#8221;.vc_custom_1488098071764{padding-top: 30px !important;padding-bottom: 30px !important;}&#8221;][vc_column][vc_column_text]<\/p>\n<h1>Certyfikat j\u0119zykowy &#8211; Sprachschule Aktiv<\/h1>\n<p>Po zako\u0144czeniu kursu j\u0119zykowego wszyscy nasi uczestnicy otrzymuj\u0105 uznany certyfikat j\u0119zykowy zgodnie z Common European Framework of Reference for Languages (Europejski System Opisu Kszta\u0142cenia J\u0119zykowego).<\/p>\n<h2>Certyfikat j\u0119zykowy &#8211; dow\u00f3d Twojej wiedzy<\/h2>\n<p>Dany certyfikat jest dokumentem po\u015bwiadczaj\u0105cym Tw\u00f3j aktualny poziom j\u0119zyka obcego, kt\u00f3rym potrafisz si\u0119 pos\u0142ugiwa\u0107.<\/p>\n<p>Dokument jest szczeg\u00f3lnie przydatny, kiedy starasz si\u0119 o zatrudnienie za granic\u0105 b\u0105d\u017a o miejsce na zagranicznym Uniwersytecie.<\/p>\n<p>Po ka\u017cdym kursie otrzymujesz od nas certyfikat j\u0119zykowy, kt\u00f3ry wskazuje Tw\u00f3j poziom od A1 do C2.<\/p>\n<p>Je\u017celi nie jeste\u015b pewien, kt\u00f3ry poziom kursu powiniene\u015b wybra\u0107 dla siebie, mo\u017cesz rozwi\u0105za\u0107 test poziomuj\u0105cy sprawdzaj\u0105cy Twoj\u0105 obecn\u0105 wiedz\u0119 j\u0119zyka niemieckiego. Mo\u017cesz go rozwi\u0105za\u0107 online na naszej stronie lub osobi\u015bcie w szkole j\u0119zykowej Aktiv. Nie jest on obowi\u0105zkowy, jednak warto go wype\u0142ni\u0107, aby p\u00f3\u017aniej na kursie nie zostawa\u0107 w tyle lub przechodzi\u0107 przez materia\u0142, kt\u00f3ry ju\u017c masz opanowany.[\/vc_column_text][\/vc_column][\/vc_row][vc_row full_width=&#8221;stretch_row&#8221; css=&#8221;.vc_custom_1488097984183{padding-top: 30px !important;padding-bottom: 30px !important;background-color: #f9f9f9 !important;}&#8221;][vc_column width=&#8221;1\/2&#8243;][vc_single_image image=&#8221;72358&#8243; img_size=&#8221;full&#8221; alignment=&#8221;center&#8221;][\/vc_column][vc_column width=&#8221;1\/2&#8243;][vc_column_text]<\/p>\n<h2>Nasz system nauczania<\/h2>\n<p>Uczymy j\u0119zyk\u00f3w zgodnie z europejskimi ramami odniesienia, dzi\u0119ki temu mo\u017cesz poszerza\u0107 swoje umiej\u0119tno\u015bci j\u0119zykowe o kolejne poziomy a certyfikaty, kt\u00f3re otrzymasz po uko\u0144czeniu kursu s\u0105 wa\u017cnym dokumentem w ca\u0142ej Europie.<\/p>\n<p>Nie tylko uczymy gramatyki i s\u0142ownictwa, ale r\u00f3wnie\u017c przywi\u0105zujemy du\u017c\u0105 wag\u0119 do wgl\u0105du w kultur\u0119 danego kraju. To uwra\u017cliwienie mo\u017ce pom\u00f3c lepiej zrozumie\u0107 ludzi w danym kraju i u\u0142atwi\u0107 komunikacj\u0119 z wyuczonymi umiej\u0119tno\u015bciami j\u0119zykowymi.[\/vc_column_text][vc_column_text]W dzisiejszych czasach to w zasadzie ju\u017c regu\u0142a: im wi\u0119cej j\u0119zyk\u00f3w rozumiesz i potrafisz si\u0119 komunikowa\u0107, tym wi\u0119cej drzwi otwierasz do \u015bwiata zawodowego. Wi\u0119c we\u017a udzia\u0142 w kursie j\u0119zykowym w wybranym przez siebie j\u0119zyku obcym, aby rozwija\u0107 swoj\u0105 karier\u0119.[\/vc_column_text][vc_column_text]<a href=\"https:\/\/www.sprachschule-aktiv-muenchen.de\/pl\/kontakt\/\"><img decoding=\"async\" class=\"alignnone size-full wp-image-57784\" src=\"https:\/\/www.sprachschule-aktiv-muenchen.de\/wp-content\/uploads\/2020\/06\/boton1.png\" alt=\"masz pytanie?\" width=\"240\" height=\"58\" \/><\/a>[\/vc_column_text][\/vc_column][\/vc_row]<\/p>\n","protected":false},"excerpt":{"rendered":"<p>[vc_row css=&#8221;.vc_custom_1488098071764{padding-top: 30px !important;padding-bottom: 30px !important;}&#8221;][vc_column][vc_column_text] Certyfikat j\u0119zykowy &#8211; Sprachschule Aktiv Po zako\u0144czeniu kursu j\u0119zykowego wszyscy nasi uczestnicy otrzymuj\u0105 uznany certyfikat j\u0119zykowy zgodnie z Common European Framework of Reference for Languages (Europejski System Opisu Kszta\u0142cenia J\u0119zykowego). Certyfikat j\u0119zykowy &#8211; dow\u00f3d Twojej wiedzy Dany certyfikat jest dokumentem po\u015bwiadczaj\u0105cym Tw\u00f3j aktualny poziom j\u0119zyka obcego, kt\u00f3rym potrafisz si\u0119&hellip; <a class=\"read-more\" href=\"https:\/\/www.sprachschule-aktiv-muenchen.de\/pl\/certyfikat-jezykowy\/\" title=\"Read Certyfikat j\u0119zykowy\">Read more &raquo;<\/a><\/p>\n","protected":false},"author":2,"featured_media":0,"parent":0,"menu_order":0,"comment_status":"closed","ping_status":"closed","template":"","meta":{"footnotes":""},"class_list":["post-12432","page","type-page","status-publish","hentry"],"yoast_head":"<!-- This site is optimized with the Yoast SEO plugin v27.1.1 - https:\/\/yoast.com\/product\/yoast-seo-wordpress\/ -->\n<title>Certyfikat j\u0119zykowy Sprachschule Aktiv M\u00fcnchen<\/title>\n<meta name=\"description\" content=\"Certyfikat j\u0119zykowy. Po zako\u0144czeniu ka\u017cdego kursu otrzymasz certyfikat j\u0119zykowy wg Europejskiego Systemu Opisu Kszta\u0142cenia J\u0119zykowego.\" \/>\n<meta name=\"robots\" content=\"index, follow, max-snippet:-1, max-image-preview:large, max-video-preview:-1\" \/>\n<link rel=\"canonical\" href=\"https:\/\/www.sprachschule-aktiv-muenchen.de\/pl\/certyfikat-jezykowy\/\" \/>\n<meta property=\"og:locale\" content=\"pl_PL\" \/>\n<meta property=\"og:type\" content=\"article\" \/>\n<meta property=\"og:title\" content=\"Certyfikat j\u0119zykowy Sprachschule Aktiv M\u00fcnchen\" \/>\n<meta property=\"og:description\" content=\"Certyfikat j\u0119zykowy. Po zako\u0144czeniu ka\u017cdego kursu otrzymasz certyfikat j\u0119zykowy wg Europejskiego Systemu Opisu Kszta\u0142cenia J\u0119zykowego.\" \/>\n<meta property=\"og:url\" content=\"https:\/\/www.sprachschule-aktiv-muenchen.de\/pl\/certyfikat-jezykowy\/\" \/>\n<meta property=\"og:site_name\" content=\"Sprachschule Aktiv\" \/>\n<meta property=\"article:modified_time\" content=\"2022-12-30T19:05:08+00:00\" \/>\n<meta property=\"og:image\" content=\"https:\/\/www.sprachschule-aktiv-muenchen.de\/wp-content\/uploads\/2020\/06\/boton1.png\" \/>\n<meta name=\"twitter:card\" content=\"summary_large_image\" \/>\n<meta name=\"twitter:label1\" content=\"Szacowany czas czytania\" \/>\n\t<meta name=\"twitter:data1\" content=\"2 minuty\" \/>\n<script type=\"application\/ld+json\" class=\"yoast-schema-graph\">{\"@context\":\"https:\/\/schema.org\",\"@graph\":[{\"@type\":\"WebPage\",\"@id\":\"https:\/\/www.sprachschule-aktiv-muenchen.de\/pl\/certyfikat-jezykowy\/\",\"url\":\"https:\/\/www.sprachschule-aktiv-muenchen.de\/pl\/certyfikat-jezykowy\/\",\"name\":\"Certyfikat j\u0119zykowy Sprachschule Aktiv M\u00fcnchen\",\"isPartOf\":{\"@id\":\"https:\/\/www.sprachschule-aktiv-muenchen.de\/#website\"},\"primaryImageOfPage\":{\"@id\":\"https:\/\/www.sprachschule-aktiv-muenchen.de\/pl\/certyfikat-jezykowy\/#primaryimage\"},\"image\":{\"@id\":\"https:\/\/www.sprachschule-aktiv-muenchen.de\/pl\/certyfikat-jezykowy\/#primaryimage\"},\"thumbnailUrl\":\"https:\/\/www.sprachschule-aktiv-muenchen.de\/wp-content\/uploads\/2020\/06\/boton1.png\",\"datePublished\":\"2017-02-26T08:32:08+00:00\",\"dateModified\":\"2022-12-30T19:05:08+00:00\",\"description\":\"Certyfikat j\u0119zykowy. Po zako\u0144czeniu ka\u017cdego kursu otrzymasz certyfikat j\u0119zykowy wg Europejskiego Systemu Opisu Kszta\u0142cenia J\u0119zykowego.\",\"breadcrumb\":{\"@id\":\"https:\/\/www.sprachschule-aktiv-muenchen.de\/pl\/certyfikat-jezykowy\/#breadcrumb\"},\"inLanguage\":\"pl-PL\",\"potentialAction\":[{\"@type\":\"ReadAction\",\"target\":[\"https:\/\/www.sprachschule-aktiv-muenchen.de\/pl\/certyfikat-jezykowy\/\"]}]},{\"@type\":\"ImageObject\",\"inLanguage\":\"pl-PL\",\"@id\":\"https:\/\/www.sprachschule-aktiv-muenchen.de\/pl\/certyfikat-jezykowy\/#primaryimage\",\"url\":\"https:\/\/www.sprachschule-aktiv-muenchen.de\/wp-content\/uploads\/2020\/06\/boton1.png\",\"contentUrl\":\"https:\/\/www.sprachschule-aktiv-muenchen.de\/wp-content\/uploads\/2020\/06\/boton1.png\"},{\"@type\":\"BreadcrumbList\",\"@id\":\"https:\/\/www.sprachschule-aktiv-muenchen.de\/pl\/certyfikat-jezykowy\/#breadcrumb\",\"itemListElement\":[{\"@type\":\"ListItem\",\"position\":1,\"name\":\"Portada\",\"item\":\"https:\/\/www.sprachschule-aktiv-muenchen.de\/pl\/\"},{\"@type\":\"ListItem\",\"position\":2,\"name\":\"Certyfikat j\u0119zykowy\"}]},{\"@type\":\"WebSite\",\"@id\":\"https:\/\/www.sprachschule-aktiv-muenchen.de\/#website\",\"url\":\"https:\/\/www.sprachschule-aktiv-muenchen.de\/\",\"name\":\"Sprachschule Aktiv\",\"description\":\"\",\"potentialAction\":[{\"@type\":\"SearchAction\",\"target\":{\"@type\":\"EntryPoint\",\"urlTemplate\":\"https:\/\/www.sprachschule-aktiv-muenchen.de\/?s={search_term_string}\"},\"query-input\":{\"@type\":\"PropertyValueSpecification\",\"valueRequired\":true,\"valueName\":\"search_term_string\"}}],\"inLanguage\":\"pl-PL\"}]}<\/script>\n<!-- \/ Yoast SEO plugin. -->","yoast_head_json":{"title":"Certyfikat j\u0119zykowy Sprachschule Aktiv M\u00fcnchen","description":"Certyfikat j\u0119zykowy. Po zako\u0144czeniu ka\u017cdego kursu otrzymasz certyfikat j\u0119zykowy wg Europejskiego Systemu Opisu Kszta\u0142cenia J\u0119zykowego.","robots":{"index":"index","follow":"follow","max-snippet":"max-snippet:-1","max-image-preview":"max-image-preview:large","max-video-preview":"max-video-preview:-1"},"canonical":"https:\/\/www.sprachschule-aktiv-muenchen.de\/pl\/certyfikat-jezykowy\/","og_locale":"pl_PL","og_type":"article","og_title":"Certyfikat j\u0119zykowy Sprachschule Aktiv M\u00fcnchen","og_description":"Certyfikat j\u0119zykowy. Po zako\u0144czeniu ka\u017cdego kursu otrzymasz certyfikat j\u0119zykowy wg Europejskiego Systemu Opisu Kszta\u0142cenia J\u0119zykowego.","og_url":"https:\/\/www.sprachschule-aktiv-muenchen.de\/pl\/certyfikat-jezykowy\/","og_site_name":"Sprachschule Aktiv","article_modified_time":"2022-12-30T19:05:08+00:00","og_image":[{"url":"https:\/\/www.sprachschule-aktiv-muenchen.de\/wp-content\/uploads\/2020\/06\/boton1.png","type":"","width":"","height":""}],"twitter_card":"summary_large_image","twitter_misc":{"Szacowany czas czytania":"2 minuty"},"schema":{"@context":"https:\/\/schema.org","@graph":[{"@type":"WebPage","@id":"https:\/\/www.sprachschule-aktiv-muenchen.de\/pl\/certyfikat-jezykowy\/","url":"https:\/\/www.sprachschule-aktiv-muenchen.de\/pl\/certyfikat-jezykowy\/","name":"Certyfikat j\u0119zykowy Sprachschule Aktiv M\u00fcnchen","isPartOf":{"@id":"https:\/\/www.sprachschule-aktiv-muenchen.de\/#website"},"primaryImageOfPage":{"@id":"https:\/\/www.sprachschule-aktiv-muenchen.de\/pl\/certyfikat-jezykowy\/#primaryimage"},"image":{"@id":"https:\/\/www.sprachschule-aktiv-muenchen.de\/pl\/certyfikat-jezykowy\/#primaryimage"},"thumbnailUrl":"https:\/\/www.sprachschule-aktiv-muenchen.de\/wp-content\/uploads\/2020\/06\/boton1.png","datePublished":"2017-02-26T08:32:08+00:00","dateModified":"2022-12-30T19:05:08+00:00","description":"Certyfikat j\u0119zykowy. Po zako\u0144czeniu ka\u017cdego kursu otrzymasz certyfikat j\u0119zykowy wg Europejskiego Systemu Opisu Kszta\u0142cenia J\u0119zykowego.","breadcrumb":{"@id":"https:\/\/www.sprachschule-aktiv-muenchen.de\/pl\/certyfikat-jezykowy\/#breadcrumb"},"inLanguage":"pl-PL","potentialAction":[{"@type":"ReadAction","target":["https:\/\/www.sprachschule-aktiv-muenchen.de\/pl\/certyfikat-jezykowy\/"]}]},{"@type":"ImageObject","inLanguage":"pl-PL","@id":"https:\/\/www.sprachschule-aktiv-muenchen.de\/pl\/certyfikat-jezykowy\/#primaryimage","url":"https:\/\/www.sprachschule-aktiv-muenchen.de\/wp-content\/uploads\/2020\/06\/boton1.png","contentUrl":"https:\/\/www.sprachschule-aktiv-muenchen.de\/wp-content\/uploads\/2020\/06\/boton1.png"},{"@type":"BreadcrumbList","@id":"https:\/\/www.sprachschule-aktiv-muenchen.de\/pl\/certyfikat-jezykowy\/#breadcrumb","itemListElement":[{"@type":"ListItem","position":1,"name":"Portada","item":"https:\/\/www.sprachschule-aktiv-muenchen.de\/pl\/"},{"@type":"ListItem","position":2,"name":"Certyfikat j\u0119zykowy"}]},{"@type":"WebSite","@id":"https:\/\/www.sprachschule-aktiv-muenchen.de\/#website","url":"https:\/\/www.sprachschule-aktiv-muenchen.de\/","name":"Sprachschule Aktiv","description":"","potentialAction":[{"@type":"SearchAction","target":{"@type":"EntryPoint","urlTemplate":"https:\/\/www.sprachschule-aktiv-muenchen.de\/?s={search_term_string}"},"query-input":{"@type":"PropertyValueSpecification","valueRequired":true,"valueName":"search_term_string"}}],"inLanguage":"pl-PL"}]}},"_links":{"self":[{"href":"https:\/\/www.sprachschule-aktiv-muenchen.de\/pl\/wp-json\/wp\/v2\/pages\/12432","targetHints":{"allow":["GET"]}}],"collection":[{"href":"https:\/\/www.sprachschule-aktiv-muenchen.de\/pl\/wp-json\/wp\/v2\/pages"}],"about":[{"href":"https:\/\/www.sprachschule-aktiv-muenchen.de\/pl\/wp-json\/wp\/v2\/types\/page"}],"author":[{"embeddable":true,"href":"https:\/\/www.sprachschule-aktiv-muenchen.de\/pl\/wp-json\/wp\/v2\/users\/2"}],"replies":[{"embeddable":true,"href":"https:\/\/www.sprachschule-aktiv-muenchen.de\/pl\/wp-json\/wp\/v2\/comments?post=12432"}],"version-history":[{"count":5,"href":"https:\/\/www.sprachschule-aktiv-muenchen.de\/pl\/wp-json\/wp\/v2\/pages\/12432\/revisions"}],"predecessor-version":[{"id":72992,"href":"https:\/\/www.sprachschule-aktiv-muenchen.de\/pl\/wp-json\/wp\/v2\/pages\/12432\/revisions\/72992"}],"wp:attachment":[{"href":"https:\/\/www.sprachschule-aktiv-muenchen.de\/pl\/wp-json\/wp\/v2\/media?parent=12432"}],"curies":[{"name":"wp","href":"https:\/\/api.w.org\/{rel}","templated":true}]}}