{"id":12411,"date":"2017-02-25T21:29:08","date_gmt":"2017-02-25T20:29:08","guid":{"rendered":"https:\/\/www.sprachschule-aktiv-muenchen.de\/?page_id=12411\/"},"modified":"2020-12-07T16:24:08","modified_gmt":"2020-12-07T15:24:08","slug":"monachium","status":"publish","type":"page","link":"https:\/\/www.sprachschule-aktiv-muenchen.de\/pl\/monachium\/","title":{"rendered":"Monachium"},"content":{"rendered":"<p>[vc_row css=&#8221;.vc_custom_1488054352190{padding-top: 30px !important;padding-bottom: 30px !important;}&#8221;][vc_column][vc_column_text]<\/p>\n<h1>Monachium jest takie pi\u0119kne<\/h1>\n<p>Monachium jest najpi\u0229kniejszym miastem Niemiec i spotyka si\u0229 tu osoby w ca\u0142ego \u015bwiata! Monachium jest takie pi\u0119kne<\/p>\n<p>Rozkoszujcie si\u0229 tym miastem razem z nami! Po zaj\u0229ciach j\u0229zykowych jest wiele mo\u017cliwo\u015bci na zorganizowanie czasu wolnego. Pomo\u017cemy wam zawrze\u0107 nowe znajomo\u015bci i znale\u017a\u0107 przyjaci\u00f3\u0142. Organizujemy imprezy i przedsi\u0229wzi\u0229cia z Niemcami. Dzi\u0229ki temu mo\u017cna w szybkim czasie pozby\u0107 si\u0229 bariery j\u0229zykowej. Mo\u017cecie \u0107wiczy\u0107 j\u0229zyk, zyska\u0107 nowych przjaci\u00f3\u0142, a wasze zdolno\u015bci j\u0229zykowe b\u0229d\u0105 si\u0119 polepsza\u0142y.<\/p>\n<p>W Monachium i w okolicy znajduj\u0105 si\u0229 naj\u0142adniejsze jeziora Niemiec. Rozkoszujcie si\u0229 widokami wielu znanych zabytk\u00f3w, bawarskiej natury i Alp, imponuj\u0105cego zamku Neuschwanstein, Zuspitze lub jeziorem Starnberger See.[\/vc_column_text][\/vc_column][\/vc_row][vc_row full_width=&#8221;stretch_row&#8221; css=&#8221;.vc_custom_1488054398883{padding-top: 30px !important;padding-bottom: 30px !important;background-color: #f9f9f9 !important;}&#8221;][vc_column width=&#8221;1\/2&#8243;][vc_column_text]Poznajcie Marienplatz ze s\u0142ynn\u0105 melodi\u0105 dzwon\u00f3w, Viktualienmarkt, gdzie oferowane s\u0105 owoce i warzywa z ca\u0142ego \u015bwiata, Olympiazentrum oraz zamek Nymphenburger Schloss. Ponad 100 muze\u00f3w i ponad 470 pomnik\u00f3w gwarantuj\u0105 wam dobr\u0105 zabaw\u0229 podczas pobytu w Monachium.<\/p>\n<p>Tak\u017ce \u017cycie nocne, \u015bwi\u0229ta i imprezy oferuj\u0105 wiele: znany na ca\u0142ym \u015bwiecie Oktoberfest, festiwal Tollwood, egzotyczne lokale z ca\u0142ego \u015bwiata, weso\u0142e imprezy nad jeziorem itd. Tym wszystkim mo\u017cna si\u0229 rozkoszowa\u0107 i Monachium na pewno pozostanie w waszej pami\u0229ci.<\/p>\n<p>Organizujemy urozmaicone programy, spotkania i imprezy z mi\u0142ymi lud\u017ami, aby nauka j\u0229zyka by\u0142a jeszcze ciekawsza i efektywna, oraz aby\u015bcie mogli wykorzystywa\u0107 swoje zdolno\u015bci j\u0229zykowe na bie\u017c\u0105co i aktywnie je \u0107wiczy\u0107.<\/p>\n<p>Na po\u0142udniowym zachodzie Niemiec w \u015brodku Przedg\u00f3rza Alpejskiego le\u017cy Monachium &#8211; bawarska stolica. To wa\u017cne centrum kulturalne i gospodarcze zosta\u0142o za\u0142o\u017cone w XII. wieku i si\u0229ga czas\u00f3w mnich\u00f3w benedykty\u0144skich. Monachium ma ponad 1,3 miliona mieszka\u0144c\u00f3w i jest trzecim co do wielko\u015bci miastem Bawarii i rozci\u0105ga si\u0229 na ponad 310 km2.[\/vc_column_text][\/vc_column][vc_column width=&#8221;1\/2&#8243;][vc_single_image image=&#8221;12412&#8243; img_size=&#8221;full&#8221; style=&#8221;vc_box_outline&#8221;][\/vc_column][\/vc_row][vc_row full_width=&#8221;stretch_row&#8221; css=&#8221;.vc_custom_1488054427856{padding-top: 30px !important;padding-bottom: 30px !important;}&#8221;][vc_column][vc_column_text]Miasto jest znane przede wszystkim z Oktoberfestu. Ale nie tylko to \u015bwi\u0229to jest godne odwiedzenia, tak\u017ce Marienplatz z nowym i starym ratuszem, Odeonsplatz, Frauenkirche, Theatinerkirche i Pinakoteki. W\u015br\u00f3d turyst\u00f3w i mieszka\u0144c\u00f3w popularny jest Ogr\u00f3d Angielski, najwi\u0229kszy park miejski Europy. Warty odwiedzenia jest Olympiapark, a przy gorszej pogodzie Muzeum Niemieckie.<\/p>\n<p>T\u0229 list\u0229 da si\u0229 jeszcze znacznie wyd\u0142u\u017cy\u0107, poniewa\u017c Monachium jest niezwykle urozmaiconym i r\u00f3\u017cnorodnym miastem.[\/vc_column_text][\/vc_column][\/vc_row]<\/p>\n","protected":false},"excerpt":{"rendered":"<p>[vc_row css=&#8221;.vc_custom_1488054352190{padding-top: 30px !important;padding-bottom: 30px !important;}&#8221;][vc_column][vc_column_text] Monachium jest takie pi\u0119kne Monachium jest najpi\u0229kniejszym miastem Niemiec i spotyka si\u0229 tu osoby w ca\u0142ego \u015bwiata! Monachium jest takie pi\u0119kne Rozkoszujcie si\u0229 tym miastem razem z nami! Po zaj\u0229ciach j\u0229zykowych jest wiele mo\u017cliwo\u015bci na zorganizowanie czasu wolnego. Pomo\u017cemy wam zawrze\u0107 nowe znajomo\u015bci i znale\u017a\u0107 przyjaci\u00f3\u0142. Organizujemy imprezy i&hellip; <a class=\"read-more\" href=\"https:\/\/www.sprachschule-aktiv-muenchen.de\/pl\/monachium\/\" title=\"Read Monachium\">Read more &raquo;<\/a><\/p>\n","protected":false},"author":2,"featured_media":0,"parent":0,"menu_order":0,"comment_status":"closed","ping_status":"closed","template":"","meta":{"footnotes":""},"class_list":["post-12411","page","type-page","status-publish","hentry"],"yoast_head":"<!-- This site is optimized with the Yoast SEO plugin v27.1.1 - https:\/\/yoast.com\/product\/yoast-seo-wordpress\/ -->\n<title>Monachium jest takie pi\u0119kne. Sprachschule Aktiv<\/title>\n<meta name=\"description\" content=\"Monachium jest jednym z najstarszych i najpi\u0119kniejszych miast w Niemczech, gdzie mog\u0105 Pa\u0144stwo nauczy\u0107 si\u0119 j\u0119zyka niemieckiego w spos\u00f3b \u0142atwy i przyjemny.\" \/>\n<meta name=\"robots\" content=\"index, follow, max-snippet:-1, max-image-preview:large, max-video-preview:-1\" \/>\n<link rel=\"canonical\" href=\"https:\/\/www.sprachschule-aktiv-muenchen.de\/pl\/monachium\/\" \/>\n<meta property=\"og:locale\" content=\"pl_PL\" \/>\n<meta property=\"og:type\" content=\"article\" \/>\n<meta property=\"og:title\" content=\"Monachium jest takie pi\u0119kne. Sprachschule Aktiv\" \/>\n<meta property=\"og:description\" content=\"Monachium jest jednym z najstarszych i najpi\u0119kniejszych miast w Niemczech, gdzie mog\u0105 Pa\u0144stwo nauczy\u0107 si\u0119 j\u0119zyka niemieckiego w spos\u00f3b \u0142atwy i przyjemny.\" \/>\n<meta property=\"og:url\" content=\"https:\/\/www.sprachschule-aktiv-muenchen.de\/pl\/monachium\/\" \/>\n<meta property=\"og:site_name\" content=\"Sprachschule Aktiv\" \/>\n<meta property=\"article:modified_time\" content=\"2020-12-07T15:24:08+00:00\" \/>\n<meta name=\"twitter:card\" content=\"summary_large_image\" \/>\n<meta name=\"twitter:label1\" content=\"Szacowany czas czytania\" \/>\n\t<meta name=\"twitter:data1\" content=\"2 minuty\" \/>\n<script type=\"application\/ld+json\" class=\"yoast-schema-graph\">{\"@context\":\"https:\/\/schema.org\",\"@graph\":[{\"@type\":\"WebPage\",\"@id\":\"https:\/\/www.sprachschule-aktiv-muenchen.de\/pl\/monachium\/\",\"url\":\"https:\/\/www.sprachschule-aktiv-muenchen.de\/pl\/monachium\/\",\"name\":\"Monachium jest takie pi\u0119kne. Sprachschule Aktiv\",\"isPartOf\":{\"@id\":\"https:\/\/www.sprachschule-aktiv-muenchen.de\/#website\"},\"datePublished\":\"2017-02-25T20:29:08+00:00\",\"dateModified\":\"2020-12-07T15:24:08+00:00\",\"description\":\"Monachium jest jednym z najstarszych i najpi\u0119kniejszych miast w Niemczech, gdzie mog\u0105 Pa\u0144stwo nauczy\u0107 si\u0119 j\u0119zyka niemieckiego w spos\u00f3b \u0142atwy i przyjemny.\",\"breadcrumb\":{\"@id\":\"https:\/\/www.sprachschule-aktiv-muenchen.de\/pl\/monachium\/#breadcrumb\"},\"inLanguage\":\"pl-PL\",\"potentialAction\":[{\"@type\":\"ReadAction\",\"target\":[\"https:\/\/www.sprachschule-aktiv-muenchen.de\/pl\/monachium\/\"]}]},{\"@type\":\"BreadcrumbList\",\"@id\":\"https:\/\/www.sprachschule-aktiv-muenchen.de\/pl\/monachium\/#breadcrumb\",\"itemListElement\":[{\"@type\":\"ListItem\",\"position\":1,\"name\":\"Portada\",\"item\":\"https:\/\/www.sprachschule-aktiv-muenchen.de\/pl\/\"},{\"@type\":\"ListItem\",\"position\":2,\"name\":\"Monachium\"}]},{\"@type\":\"WebSite\",\"@id\":\"https:\/\/www.sprachschule-aktiv-muenchen.de\/#website\",\"url\":\"https:\/\/www.sprachschule-aktiv-muenchen.de\/\",\"name\":\"Sprachschule Aktiv\",\"description\":\"\",\"potentialAction\":[{\"@type\":\"SearchAction\",\"target\":{\"@type\":\"EntryPoint\",\"urlTemplate\":\"https:\/\/www.sprachschule-aktiv-muenchen.de\/?s={search_term_string}\"},\"query-input\":{\"@type\":\"PropertyValueSpecification\",\"valueRequired\":true,\"valueName\":\"search_term_string\"}}],\"inLanguage\":\"pl-PL\"}]}<\/script>\n<!-- \/ Yoast SEO plugin. -->","yoast_head_json":{"title":"Monachium jest takie pi\u0119kne. Sprachschule Aktiv","description":"Monachium jest jednym z najstarszych i najpi\u0119kniejszych miast w Niemczech, gdzie mog\u0105 Pa\u0144stwo nauczy\u0107 si\u0119 j\u0119zyka niemieckiego w spos\u00f3b \u0142atwy i przyjemny.","robots":{"index":"index","follow":"follow","max-snippet":"max-snippet:-1","max-image-preview":"max-image-preview:large","max-video-preview":"max-video-preview:-1"},"canonical":"https:\/\/www.sprachschule-aktiv-muenchen.de\/pl\/monachium\/","og_locale":"pl_PL","og_type":"article","og_title":"Monachium jest takie pi\u0119kne. Sprachschule Aktiv","og_description":"Monachium jest jednym z najstarszych i najpi\u0119kniejszych miast w Niemczech, gdzie mog\u0105 Pa\u0144stwo nauczy\u0107 si\u0119 j\u0119zyka niemieckiego w spos\u00f3b \u0142atwy i przyjemny.","og_url":"https:\/\/www.sprachschule-aktiv-muenchen.de\/pl\/monachium\/","og_site_name":"Sprachschule Aktiv","article_modified_time":"2020-12-07T15:24:08+00:00","twitter_card":"summary_large_image","twitter_misc":{"Szacowany czas czytania":"2 minuty"},"schema":{"@context":"https:\/\/schema.org","@graph":[{"@type":"WebPage","@id":"https:\/\/www.sprachschule-aktiv-muenchen.de\/pl\/monachium\/","url":"https:\/\/www.sprachschule-aktiv-muenchen.de\/pl\/monachium\/","name":"Monachium jest takie pi\u0119kne. Sprachschule Aktiv","isPartOf":{"@id":"https:\/\/www.sprachschule-aktiv-muenchen.de\/#website"},"datePublished":"2017-02-25T20:29:08+00:00","dateModified":"2020-12-07T15:24:08+00:00","description":"Monachium jest jednym z najstarszych i najpi\u0119kniejszych miast w Niemczech, gdzie mog\u0105 Pa\u0144stwo nauczy\u0107 si\u0119 j\u0119zyka niemieckiego w spos\u00f3b \u0142atwy i przyjemny.","breadcrumb":{"@id":"https:\/\/www.sprachschule-aktiv-muenchen.de\/pl\/monachium\/#breadcrumb"},"inLanguage":"pl-PL","potentialAction":[{"@type":"ReadAction","target":["https:\/\/www.sprachschule-aktiv-muenchen.de\/pl\/monachium\/"]}]},{"@type":"BreadcrumbList","@id":"https:\/\/www.sprachschule-aktiv-muenchen.de\/pl\/monachium\/#breadcrumb","itemListElement":[{"@type":"ListItem","position":1,"name":"Portada","item":"https:\/\/www.sprachschule-aktiv-muenchen.de\/pl\/"},{"@type":"ListItem","position":2,"name":"Monachium"}]},{"@type":"WebSite","@id":"https:\/\/www.sprachschule-aktiv-muenchen.de\/#website","url":"https:\/\/www.sprachschule-aktiv-muenchen.de\/","name":"Sprachschule Aktiv","description":"","potentialAction":[{"@type":"SearchAction","target":{"@type":"EntryPoint","urlTemplate":"https:\/\/www.sprachschule-aktiv-muenchen.de\/?s={search_term_string}"},"query-input":{"@type":"PropertyValueSpecification","valueRequired":true,"valueName":"search_term_string"}}],"inLanguage":"pl-PL"}]}},"_links":{"self":[{"href":"https:\/\/www.sprachschule-aktiv-muenchen.de\/pl\/wp-json\/wp\/v2\/pages\/12411","targetHints":{"allow":["GET"]}}],"collection":[{"href":"https:\/\/www.sprachschule-aktiv-muenchen.de\/pl\/wp-json\/wp\/v2\/pages"}],"about":[{"href":"https:\/\/www.sprachschule-aktiv-muenchen.de\/pl\/wp-json\/wp\/v2\/types\/page"}],"author":[{"embeddable":true,"href":"https:\/\/www.sprachschule-aktiv-muenchen.de\/pl\/wp-json\/wp\/v2\/users\/2"}],"replies":[{"embeddable":true,"href":"https:\/\/www.sprachschule-aktiv-muenchen.de\/pl\/wp-json\/wp\/v2\/comments?post=12411"}],"version-history":[{"count":2,"href":"https:\/\/www.sprachschule-aktiv-muenchen.de\/pl\/wp-json\/wp\/v2\/pages\/12411\/revisions"}],"predecessor-version":[{"id":61013,"href":"https:\/\/www.sprachschule-aktiv-muenchen.de\/pl\/wp-json\/wp\/v2\/pages\/12411\/revisions\/61013"}],"wp:attachment":[{"href":"https:\/\/www.sprachschule-aktiv-muenchen.de\/pl\/wp-json\/wp\/v2\/media?parent=12411"}],"curies":[{"name":"wp","href":"https:\/\/api.w.org\/{rel}","templated":true}]}}