{"id":12401,"date":"2017-02-25T21:24:32","date_gmt":"2017-02-25T20:24:32","guid":{"rendered":"https:\/\/www.sprachschule-aktiv-muenchen.de\/?page_id=12401\/"},"modified":"2022-12-29T13:10:17","modified_gmt":"2022-12-29T12:10:17","slug":"kursy-testdaf","status":"publish","type":"page","link":"https:\/\/www.sprachschule-aktiv-muenchen.de\/pl\/kursy-testdaf\/","title":{"rendered":"Przygotowanie do testu DaF"},"content":{"rendered":"<p>[vc_row css=&#8221;.vc_custom_1488053846697{padding-top: 30px !important;padding-bottom: 30px !important;}&#8221;][vc_column][vc_column_text]<\/p>\n<h1>Kursy przygotowuj\u0105ce do egzaminu TestDaF w Monachium<\/h1>\n<p>Chcesz zda\u0107 Test DaF i potrzebujesz skutecznego kursu przygotowuj\u0105cego do egzaminu? Na tej stronie znajdziesz wszystkie niezb\u0119dne informacje o kursach, a tak\u017ce ceny i daty rozpocz\u0119cia naszych kurs\u00f3w przygotowawczych.[\/vc_column_text][vc_row_inner][vc_column_inner width=&#8221;1\/2&#8243;][vc_column_text]<\/p>\n<h2>Co to jest TestDaF?<\/h2>\n<p>TestDaF to test j\u0119zykowy dla os\u00f3b ucz\u0105cych si\u0119 j\u0119zyka niemieckiego na zaawansowanym poziomie j\u0119zykowym. Wsp\u00f3lny europejski system odniesienia obejmuje sze\u015b\u0107 poziom\u00f3w j\u0119zykowych (A1, A2, B1, B2, C1, C2). Test z j\u0119zyka niemieckiego jako obcego jest klasyfikowany na poziomie od B2 do C1, wi\u0119c wymaga dobrej znajomo\u015bci j\u0119zyka.<\/p>\n<p>TestDaF jest przeprowadzany centralnie i jest standaryzowany. Niemieckie uniwersytety uznaj\u0105 TestDaF za wystarczaj\u0105cy dow\u00f3d znajomo\u015bci j\u0119zyka. Je\u015bli nie jeste\u015b pewien, czy zdasz test bez wsparcia, kurs przygotowawczy w naszej szkole j\u0119zykowej to najskuteczniejszy spos\u00f3b na osi\u0105gni\u0119cie celu.[\/vc_column_text][\/vc_column_inner][vc_column_inner width=&#8221;1\/2&#8243;][vc_video link=&#8221;https:\/\/vimeo.com\/784068511&#8243;][\/vc_column_inner][\/vc_row_inner][vc_column_text]<\/p>\n<h2>Intensywne kursy TestDaF &#8211; informacje o kursach, ceny i czas trwania<\/h2>\n<p>Kurs trwa <span style=\"color: #008000;\">4 tygodnie<\/span>.<\/p>\n<p>Uczymy w ma\u0142ych grupach licz\u0105cych maksymalnie 10 os\u00f3b.<\/p>\n<p>20 lekcji po 45 minut tygodniowo.<\/p>\n<p>Lekcje odbywaj\u0105 si\u0119 od poniedzia\u0142ku do pi\u0105tku w godzinach od 9:00 do 12:00.<\/p>\n<p>Koszt: 499 \u20ac<\/p>\n<p>Mo\u017cesz rozpocz\u0105\u0107 w ka\u017cdy pierwszy poniedzia\u0142ek miesi\u0105ca. Je\u015bli poniedzia\u0142ek jest \u015bwi\u0119tem pa\u0144stwowym, kurs rozpoczyna si\u0119 dzie\u0144 p\u00f3\u017aniej.<\/p>\n<p>Je\u015bli nie mo\u017cesz dok\u0142adnie oceni\u0107 swoich umiej\u0119tno\u015bci j\u0119zykowych, skorzystaj z naszego bezp\u0142atnego testu poziomuj\u0105cego w szkole j\u0119zykowej lub w wersji online, za darmo!<\/p>\n<h2>Prywatne lekcje TestDaF<\/h2>\n<p><strong>Rozpocz\u0119cie kursu<\/strong>: mo\u017cliwe w dowolnym momencie<\/p>\n<p><strong>Miejsce kursu:<\/strong> w naszej szkole j\u0119zykowej lub w domu.<\/p>\n<p><strong>Daty<\/strong>: Kiedy chcesz.<\/p>\n<p><strong>Ceny<\/strong>:<\/p>\n<p>* Do 19 lekcji p\u0142acisz 42 \u20ac za godzin\u0119<\/p>\n<p>* Po 20 lekcjach p\u0142acisz 40 \u20ac za godzin\u0119<\/p>\n<p>* Od 30 godzin p\u0142acisz 38 euro za godzin\u0119<\/p>\n<p>[\/vc_column_text][\/vc_column][\/vc_row][vc_row full_width=&#8221;stretch_row&#8221; css=&#8221;.vc_custom_1488054200312{padding-top: 30px !important;padding-bottom: 30px !important;background-color: #f9f9f9 !important;}&#8221;][vc_column][vc_column_text]<\/p>\n<h2>INTENSYWNE KURSY J.NIEMIECKIEGO 2022<\/h2>\n\n<table id=\"tablepress-62\" class=\"tablepress tablepress-id-62 tablepress-responsive tbody-has-connected-cells\">\n<thead>\n<tr class=\"row-1\">\n\t<th colspan=\"3\" class=\"column-1\">od poniedzia\u0142ku do pi\u0105tku w godzinach*: 09:00 - 12:00<\/th>\n<\/tr>\n<\/thead>\n<tbody class=\"row-striping row-hover\">\n<tr class=\"row-2\">\n\t<td class=\"column-1\">STYCZE\u0143<\/td><td class=\"column-2\">LUTY<\/td><td class=\"column-3\">MARZEC<\/td>\n<\/tr>\n<tr class=\"row-3\">\n\t<td class=\"column-1\">*Wtorek 07.01<\/td><td class=\"column-2\">Poniedzia\u0142ek 03.02<\/td><td class=\"column-3\">Poniedzia\u0142ek 03.03<\/td>\n<\/tr>\n<tr class=\"row-4\">\n\t<td class=\"column-1\">KWIECIE\u0143<\/td><td class=\"column-2\">MAJ<\/td><td class=\"column-3\">CZERWIEC<\/td>\n<\/tr>\n<tr class=\"row-5\">\n\t<td class=\"column-1\">*Poniedzia\u0142ek 31.03<\/td><td class=\"column-2\">Poniedzia\u0142ek 05.05<\/td><td class=\"column-3\">Poniedzia\u0142ek 02.06<\/td>\n<\/tr>\n<tr class=\"row-6\">\n\t<td class=\"column-1\">LIPIEC<\/td><td class=\"column-2\">SIERPIE\u0143<\/td><td class=\"column-3\">WRZESIE\u0143<\/td>\n<\/tr>\n<tr class=\"row-7\">\n\t<td class=\"column-1\">Poniedzia\u0142ek 07.07<\/td><td class=\"column-2\">Poniedzia\u0142ek 04.08<\/td><td class=\"column-3\">Poniedzia\u0142ek 01.09<\/td>\n<\/tr>\n<tr class=\"row-8\">\n\t<td class=\"column-1\">PA\u0179DZIERNIK<\/td><td class=\"column-2\">LISTOPAD<\/td><td class=\"column-3\">GRUDZIE\u0143<\/td>\n<\/tr>\n<tr class=\"row-9\">\n\t<td class=\"column-1\">*Poniedzia\u0142ek 29.09<\/td><td class=\"column-2\">*Poniedzia\u0142ek 27.10<\/td><td class=\"column-3\">*Poniedzia\u0142ek 24.11<\/td>\n<\/tr>\n<tr class=\"row-10\">\n\t<td class=\"column-1\"><\/td><td class=\"column-2\"><\/td><td class=\"column-3\"><\/td>\n<\/tr>\n<tr class=\"row-11\">\n\t<td class=\"column-1\"><h2>CENA<\/h2><\/td><td class=\"column-2\"><\/td><td class=\"column-3\"><\/td>\n<\/tr>\n<tr class=\"row-12\">\n\t<td class=\"column-1\">1 Tydzie\u0144: 199\u20ac<br \/>\n2 Tygodnie: 349\u20ac<br \/>\n3 Tygodnie: 411\u20ac<br \/>\n4 Tygodnie: 499\u20ac<\/td><td class=\"column-2\"><\/td><td class=\"column-3\"><\/td>\n<\/tr>\n<tr class=\"row-13\">\n\t<td colspan=\"3\" class=\"column-1\">*20 godzin tygodniowo od 6 os\u00f3b<\/td>\n<\/tr>\n<\/tbody>\n<\/table>\n<!-- #tablepress-62 from cache -->\n<p><a href=\"https:\/\/www.sprachschule-aktiv-muenchen.de\/pl\/rejestrowanie\/\"><img decoding=\"async\" class=\"alignnone size-full wp-image-57808\" src=\"https:\/\/www.sprachschule-aktiv-muenchen.de\/wp-content\/uploads\/2020\/06\/boton2.png\" alt=\"zarezerwuj teraz!\" width=\"265\" height=\"58\" \/><\/a>[\/vc_column_text][\/vc_column][\/vc_row][vc_row css=&#8221;.vc_custom_1488054165288{padding-top: 30px !important;padding-bottom: 30px !important;}&#8221;][vc_column][vc_column_text]<\/p>\n<h2>Nasza metodologia<\/h2>\n<p>Na naszych kursach przygotowuj\u0105cych do TestDaf nasi uczestnicy s\u0105 wprowadzani w sytuacj\u0119 egzaminacyjn\u0105, pracuj\u0105c nad egzaminami modelowymi. Ponadto niezb\u0119dne obszary, takie jak czytanie, pisanie, m\u00f3wienie i s\u0142uchanie, s\u0105 omawiane na kursach i intensywnie \u0107wiczone.<\/p>\n<p>W ten spos\u00f3b studenci s\u0105 zaznajomieni ze standardami, form\u0105 i przebiegiem egzaminu oraz intensywnie przygotowuj\u0105 si\u0119 do TestDaF.<\/p>\n<h2>Dla kogo jest TestDaF?<\/h2>\n<p>Test ten dedykowany jest dla obcokrajowc\u00f3w, kt\u00f3rzy chc\u0105 rozpocz\u0105\u0107 studia w Niemczech.<\/p>\n<p>R\u00f3wnie\u017c osoby potrzebuj\u0105ce mi\u0119dzynarodowo uznane za\u015bwiadczenie o znajomo\u015bci j\u0119zyka niemieckiego w celu dalszych studi\u00f3w lub w celach naukowych jak i zawodowych w kraju ojczystym. Je\u015bli jeste\u015b w pocz\u0105tkowej fazie nauki j\u0119zyka niemieckiego, powiniene\u015b poczeka\u0107 z zameldowaniem na egzamin do chwili dobrego opanowania j\u0119zyka. Sprawd\u017a na jakim poziomie znajduje si\u0119 Twoja znajomo\u015b\u0107 j\u0119zyka niemieckiego &#8211; zr\u00f3b to na stronie internetowej Instytutu TestDaF za pomoc\u0105 testu klasyfikacyjnego (\u201eFit f\u00fcr den TestDaF\u201d). Tam otrzymasz w przeci\u0105gu 10-ciu minut wynik i ocen\u0119 twoich obecnych umiej\u0119tno\u015bci.<\/p>\n<h2>Wymagania do egzaminu<\/h2>\n<p>Zalecamy co najmniej poziom B2 i wy\u017cej. Test sprawdza znajomo\u015b\u0107 j\u0119zyka, co pozwala z powodzeniem uczestniczy\u0107 w wyk\u0142adzie lub seminarium na uczelni. Z tego powodu wymagana jest przynajmniej znajomo\u015b\u0107 j\u0119zyka na poziomie \u015bredniozaawansowanym.[\/vc_column_text][vc_column_text]<\/p>\n<h2>Tak dzia\u0142a TestDaF<\/h2>\n<p>Test sk\u0142ada si\u0119 z czterech cz\u0119\u015bci:<\/p>\n<p>1.Czytanie ze zrozumieniem (60 minut)<\/p>\n<p>2.Rozumienie ze s\u0142uchu (40 minut)<\/p>\n<p>3.Wypowied\u017a pisemna (czas trwania 60 minut)<\/p>\n<p>4.Wypowied\u017a ustna (czas trwania 35 minut, badanie indywidualne wspomagane komputerowo)<\/p>\n<p>Podstawowym celem testu jest wykazanie, \u017ce jeste\u015b w stanie zrozumie\u0107 teksty naukowe lub wyk\u0142ady (czytanie i rozumienie ze s\u0142uchu) oraz umiesz uczestniczy\u0107 w rozmowie naukowej w odpowiedni spos\u00f3b (wypowied\u017a pisemna i ustna).<\/p>\n<h2>Rejestracja i pomoc w przygotowaniu<\/h2>\n<p>Je\u015bli jeste\u015b zainteresowany egzaminem TestDaF, wi\u0119cej informacji znajdziesz pod nast\u0119puj\u0105cym linkiem:<\/p>\n<p><a href=\"https:\/\/www.testdaf.de\/de\/teilnehmende\/mein-testdaf\/mit-dem-testdaf-an-eine-deutsche-hochschule\/\" target=\"_blank\" rel=\"noopener noreferrer\">https:\/\/www.testdaf.de\/de\/teilnehmende\/mein-testdaf\/mit-dem-testdaf-an-eine-deutsche-hochschule\/<\/a><\/p>\n<p>Pod poni\u017cszymi linkami mo\u017cesz znale\u017a\u0107 przyk\u0142adowe modele testu:<\/p>\n<p><u><a href=\"http:\/\/www.testdaf.de\/fuer-teilnahmende\/vorfertigung\/modellsaetze\/modellsatz-02\/\">http:\/\/www.testdaf.de\/fuer-teilnahmende\/vorfertigung\/modellsaetze\/modellsatz-02\/<\/a><\/u><\/p>\n<p><u><a href=\"http:\/\/www.testdaf.de\/fuer-teilnahmende\/vorfertigung\/modellsaetze\/modellsatz-03\/\">http:\/\/www.testdaf.de\/fuer-teilnahmende\/vorfertigung\/modellsaetze\/modellsatz-03\/<\/a><\/u><\/p>\n<p>Tutaj znajdziesz inne ciekawe kursy j\u0119zyka niemieckiego (<a href=\"https:\/\/www.sprachschule-aktiv-muenchen.de\/pl\/jezyk-niemiecki\/\">link<\/a>)[\/vc_column_text][\/vc_column][\/vc_row][vc_row full_width=&#8221;stretch_row&#8221; equal_height=&#8221;yes&#8221; content_placement=&#8221;middle&#8221; el_class=&#8221;action-box m-b-none theme-bg-color&#8221; css=&#8221;.vc_custom_1487762904994{padding-top: 25px !important;padding-bottom: 30px !important;}&#8221;][vc_column width=&#8221;2\/3&#8243;][vc_column_text]<\/p>\n<h3 class=\"text-white\">Napisz do nas!<\/h3>\n<p class=\"text-white\">Nauka niemieckiego w Monachium &#8211; Szko\u0142a j\u0119zyka niemieckiego w Monachium &#8220;Sprachschule Aktiv M\u00fcnchen&#8221;<\/p>\n<p>[\/vc_column_text][\/vc_column][vc_column width=&#8221;1\/3&#8243; el_class=&#8221;text-right&#8221;]\t<div class=\"vc_btn3-container vc_btn3-inline\">\r\n\t\t<a href=\"\/pl\/kontakt\/\" class=\"pgs_btn pgs_btn_style_3 pgs_btn_xl\">\r\n\t\t\t<span>\r\n\t\t\t\tPomo\u017cemy!\t\t\t<\/span>\r\n\t\t\t\t\t\t<i class=\"fa fa-chevron-right\"><\/i>\r\n\t\t\t\t\t<\/a>\r\n\t<\/div>\r\n\t[\/vc_column][\/vc_row]<\/p>\n","protected":false},"excerpt":{"rendered":"<p>[vc_row css=&#8221;.vc_custom_1488053846697{padding-top: 30px !important;padding-bottom: 30px !important;}&#8221;][vc_column][vc_column_text] Kursy przygotowuj\u0105ce do egzaminu TestDaF w Monachium Chcesz zda\u0107 Test DaF i potrzebujesz skutecznego kursu przygotowuj\u0105cego do egzaminu? Na tej stronie znajdziesz wszystkie niezb\u0119dne informacje o kursach, a tak\u017ce ceny i daty rozpocz\u0119cia naszych kurs\u00f3w przygotowawczych.[\/vc_column_text][vc_row_inner][vc_column_inner width=&#8221;1\/2&#8243;][vc_column_text] Co to jest TestDaF? TestDaF to test j\u0119zykowy dla os\u00f3b ucz\u0105cych si\u0119&hellip; <a class=\"read-more\" href=\"https:\/\/www.sprachschule-aktiv-muenchen.de\/pl\/kursy-testdaf\/\" title=\"Read Przygotowanie do testu DaF\">Read more &raquo;<\/a><\/p>\n","protected":false},"author":2,"featured_media":0,"parent":0,"menu_order":0,"comment_status":"closed","ping_status":"closed","template":"","meta":{"footnotes":""},"class_list":["post-12401","page","type-page","status-publish","hentry"],"yoast_head":"<!-- This site is optimized with the Yoast SEO plugin v27.1.1 - https:\/\/yoast.com\/product\/yoast-seo-wordpress\/ -->\n<title>Przygotowanie do egzaminu testDaF w Monachium<\/title>\n<meta name=\"description\" content=\"Przygotuj si\u0229 do testDaF w Sprachschule-Aktiv. Z nami szybko i efektywnie nauczysz si\u0119 j\u0119zyka niemieckiego. Wypr\u00f3buj nas na bezp\u0142atnej lekcji pr\u00f3bnej!\" \/>\n<meta name=\"robots\" content=\"index, follow, max-snippet:-1, max-image-preview:large, max-video-preview:-1\" \/>\n<link rel=\"canonical\" href=\"https:\/\/www.sprachschule-aktiv-muenchen.de\/pl\/kursy-testdaf\/\" \/>\n<meta property=\"og:locale\" content=\"pl_PL\" \/>\n<meta property=\"og:type\" content=\"article\" \/>\n<meta property=\"og:title\" content=\"Przygotowanie do egzaminu testDaF w Monachium\" \/>\n<meta property=\"og:description\" content=\"Przygotuj si\u0229 do testDaF w Sprachschule-Aktiv. Z nami szybko i efektywnie nauczysz si\u0119 j\u0119zyka niemieckiego. Wypr\u00f3buj nas na bezp\u0142atnej lekcji pr\u00f3bnej!\" \/>\n<meta property=\"og:url\" content=\"https:\/\/www.sprachschule-aktiv-muenchen.de\/pl\/kursy-testdaf\/\" \/>\n<meta property=\"og:site_name\" content=\"Sprachschule Aktiv\" \/>\n<meta property=\"article:modified_time\" content=\"2022-12-29T12:10:17+00:00\" \/>\n<meta property=\"og:image\" content=\"https:\/\/www.sprachschule-aktiv-muenchen.de\/wp-content\/uploads\/2020\/06\/boton2.png\" \/>\n<meta name=\"twitter:card\" content=\"summary_large_image\" \/>\n<meta name=\"twitter:label1\" content=\"Szacowany czas czytania\" \/>\n\t<meta name=\"twitter:data1\" content=\"4 minuty\" \/>\n<script type=\"application\/ld+json\" class=\"yoast-schema-graph\">{\"@context\":\"https:\/\/schema.org\",\"@graph\":[{\"@type\":\"WebPage\",\"@id\":\"https:\/\/www.sprachschule-aktiv-muenchen.de\/pl\/kursy-testdaf\/\",\"url\":\"https:\/\/www.sprachschule-aktiv-muenchen.de\/pl\/kursy-testdaf\/\",\"name\":\"Przygotowanie do egzaminu testDaF w Monachium\",\"isPartOf\":{\"@id\":\"https:\/\/www.sprachschule-aktiv-muenchen.de\/#website\"},\"primaryImageOfPage\":{\"@id\":\"https:\/\/www.sprachschule-aktiv-muenchen.de\/pl\/kursy-testdaf\/#primaryimage\"},\"image\":{\"@id\":\"https:\/\/www.sprachschule-aktiv-muenchen.de\/pl\/kursy-testdaf\/#primaryimage\"},\"thumbnailUrl\":\"https:\/\/www.sprachschule-aktiv-muenchen.de\/wp-content\/uploads\/2020\/06\/boton2.png\",\"datePublished\":\"2017-02-25T20:24:32+00:00\",\"dateModified\":\"2022-12-29T12:10:17+00:00\",\"description\":\"Przygotuj si\u0229 do testDaF w Sprachschule-Aktiv. Z nami szybko i efektywnie nauczysz si\u0119 j\u0119zyka niemieckiego. Wypr\u00f3buj nas na bezp\u0142atnej lekcji pr\u00f3bnej!\",\"breadcrumb\":{\"@id\":\"https:\/\/www.sprachschule-aktiv-muenchen.de\/pl\/kursy-testdaf\/#breadcrumb\"},\"inLanguage\":\"pl-PL\",\"potentialAction\":[{\"@type\":\"ReadAction\",\"target\":[\"https:\/\/www.sprachschule-aktiv-muenchen.de\/pl\/kursy-testdaf\/\"]}]},{\"@type\":\"ImageObject\",\"inLanguage\":\"pl-PL\",\"@id\":\"https:\/\/www.sprachschule-aktiv-muenchen.de\/pl\/kursy-testdaf\/#primaryimage\",\"url\":\"https:\/\/www.sprachschule-aktiv-muenchen.de\/wp-content\/uploads\/2020\/06\/boton2.png\",\"contentUrl\":\"https:\/\/www.sprachschule-aktiv-muenchen.de\/wp-content\/uploads\/2020\/06\/boton2.png\"},{\"@type\":\"BreadcrumbList\",\"@id\":\"https:\/\/www.sprachschule-aktiv-muenchen.de\/pl\/kursy-testdaf\/#breadcrumb\",\"itemListElement\":[{\"@type\":\"ListItem\",\"position\":1,\"name\":\"Portada\",\"item\":\"https:\/\/www.sprachschule-aktiv-muenchen.de\/pl\/\"},{\"@type\":\"ListItem\",\"position\":2,\"name\":\"Przygotowanie do testu DaF\"}]},{\"@type\":\"WebSite\",\"@id\":\"https:\/\/www.sprachschule-aktiv-muenchen.de\/#website\",\"url\":\"https:\/\/www.sprachschule-aktiv-muenchen.de\/\",\"name\":\"Sprachschule Aktiv\",\"description\":\"\",\"potentialAction\":[{\"@type\":\"SearchAction\",\"target\":{\"@type\":\"EntryPoint\",\"urlTemplate\":\"https:\/\/www.sprachschule-aktiv-muenchen.de\/?s={search_term_string}\"},\"query-input\":{\"@type\":\"PropertyValueSpecification\",\"valueRequired\":true,\"valueName\":\"search_term_string\"}}],\"inLanguage\":\"pl-PL\"}]}<\/script>\n<!-- \/ Yoast SEO plugin. -->","yoast_head_json":{"title":"Przygotowanie do egzaminu testDaF w Monachium","description":"Przygotuj si\u0229 do testDaF w Sprachschule-Aktiv. Z nami szybko i efektywnie nauczysz si\u0119 j\u0119zyka niemieckiego. Wypr\u00f3buj nas na bezp\u0142atnej lekcji pr\u00f3bnej!","robots":{"index":"index","follow":"follow","max-snippet":"max-snippet:-1","max-image-preview":"max-image-preview:large","max-video-preview":"max-video-preview:-1"},"canonical":"https:\/\/www.sprachschule-aktiv-muenchen.de\/pl\/kursy-testdaf\/","og_locale":"pl_PL","og_type":"article","og_title":"Przygotowanie do egzaminu testDaF w Monachium","og_description":"Przygotuj si\u0229 do testDaF w Sprachschule-Aktiv. Z nami szybko i efektywnie nauczysz si\u0119 j\u0119zyka niemieckiego. Wypr\u00f3buj nas na bezp\u0142atnej lekcji pr\u00f3bnej!","og_url":"https:\/\/www.sprachschule-aktiv-muenchen.de\/pl\/kursy-testdaf\/","og_site_name":"Sprachschule Aktiv","article_modified_time":"2022-12-29T12:10:17+00:00","og_image":[{"url":"https:\/\/www.sprachschule-aktiv-muenchen.de\/wp-content\/uploads\/2020\/06\/boton2.png","type":"","width":"","height":""}],"twitter_card":"summary_large_image","twitter_misc":{"Szacowany czas czytania":"4 minuty"},"schema":{"@context":"https:\/\/schema.org","@graph":[{"@type":"WebPage","@id":"https:\/\/www.sprachschule-aktiv-muenchen.de\/pl\/kursy-testdaf\/","url":"https:\/\/www.sprachschule-aktiv-muenchen.de\/pl\/kursy-testdaf\/","name":"Przygotowanie do egzaminu testDaF w Monachium","isPartOf":{"@id":"https:\/\/www.sprachschule-aktiv-muenchen.de\/#website"},"primaryImageOfPage":{"@id":"https:\/\/www.sprachschule-aktiv-muenchen.de\/pl\/kursy-testdaf\/#primaryimage"},"image":{"@id":"https:\/\/www.sprachschule-aktiv-muenchen.de\/pl\/kursy-testdaf\/#primaryimage"},"thumbnailUrl":"https:\/\/www.sprachschule-aktiv-muenchen.de\/wp-content\/uploads\/2020\/06\/boton2.png","datePublished":"2017-02-25T20:24:32+00:00","dateModified":"2022-12-29T12:10:17+00:00","description":"Przygotuj si\u0229 do testDaF w Sprachschule-Aktiv. Z nami szybko i efektywnie nauczysz si\u0119 j\u0119zyka niemieckiego. Wypr\u00f3buj nas na bezp\u0142atnej lekcji pr\u00f3bnej!","breadcrumb":{"@id":"https:\/\/www.sprachschule-aktiv-muenchen.de\/pl\/kursy-testdaf\/#breadcrumb"},"inLanguage":"pl-PL","potentialAction":[{"@type":"ReadAction","target":["https:\/\/www.sprachschule-aktiv-muenchen.de\/pl\/kursy-testdaf\/"]}]},{"@type":"ImageObject","inLanguage":"pl-PL","@id":"https:\/\/www.sprachschule-aktiv-muenchen.de\/pl\/kursy-testdaf\/#primaryimage","url":"https:\/\/www.sprachschule-aktiv-muenchen.de\/wp-content\/uploads\/2020\/06\/boton2.png","contentUrl":"https:\/\/www.sprachschule-aktiv-muenchen.de\/wp-content\/uploads\/2020\/06\/boton2.png"},{"@type":"BreadcrumbList","@id":"https:\/\/www.sprachschule-aktiv-muenchen.de\/pl\/kursy-testdaf\/#breadcrumb","itemListElement":[{"@type":"ListItem","position":1,"name":"Portada","item":"https:\/\/www.sprachschule-aktiv-muenchen.de\/pl\/"},{"@type":"ListItem","position":2,"name":"Przygotowanie do testu DaF"}]},{"@type":"WebSite","@id":"https:\/\/www.sprachschule-aktiv-muenchen.de\/#website","url":"https:\/\/www.sprachschule-aktiv-muenchen.de\/","name":"Sprachschule Aktiv","description":"","potentialAction":[{"@type":"SearchAction","target":{"@type":"EntryPoint","urlTemplate":"https:\/\/www.sprachschule-aktiv-muenchen.de\/?s={search_term_string}"},"query-input":{"@type":"PropertyValueSpecification","valueRequired":true,"valueName":"search_term_string"}}],"inLanguage":"pl-PL"}]}},"_links":{"self":[{"href":"https:\/\/www.sprachschule-aktiv-muenchen.de\/pl\/wp-json\/wp\/v2\/pages\/12401","targetHints":{"allow":["GET"]}}],"collection":[{"href":"https:\/\/www.sprachschule-aktiv-muenchen.de\/pl\/wp-json\/wp\/v2\/pages"}],"about":[{"href":"https:\/\/www.sprachschule-aktiv-muenchen.de\/pl\/wp-json\/wp\/v2\/types\/page"}],"author":[{"embeddable":true,"href":"https:\/\/www.sprachschule-aktiv-muenchen.de\/pl\/wp-json\/wp\/v2\/users\/2"}],"replies":[{"embeddable":true,"href":"https:\/\/www.sprachschule-aktiv-muenchen.de\/pl\/wp-json\/wp\/v2\/comments?post=12401"}],"version-history":[{"count":9,"href":"https:\/\/www.sprachschule-aktiv-muenchen.de\/pl\/wp-json\/wp\/v2\/pages\/12401\/revisions"}],"predecessor-version":[{"id":72960,"href":"https:\/\/www.sprachschule-aktiv-muenchen.de\/pl\/wp-json\/wp\/v2\/pages\/12401\/revisions\/72960"}],"wp:attachment":[{"href":"https:\/\/www.sprachschule-aktiv-muenchen.de\/pl\/wp-json\/wp\/v2\/media?parent=12401"}],"curies":[{"name":"wp","href":"https:\/\/api.w.org\/{rel}","templated":true}]}}