{"id":12374,"date":"2017-02-25T21:14:17","date_gmt":"2017-02-25T20:14:17","guid":{"rendered":"https:\/\/www.sprachschule-aktiv-muenchen.de\/?page_id=12374\/"},"modified":"2024-12-20T10:53:17","modified_gmt":"2024-12-20T09:53:17","slug":"kursy-prywatne","status":"publish","type":"page","link":"https:\/\/www.sprachschule-aktiv-muenchen.de\/pl\/kursy-prywatne\/","title":{"rendered":"Kurs prywatny"},"content":{"rendered":"<p>[vc_row css=&#8221;.vc_custom_1488052871622{padding-top: 30px !important;padding-bottom: 30px !important;}&#8221;][vc_column][vc_column_text]<\/p>\n<h1>Prywatne kursy j\u0119zyka niemieckiego w Monachium<\/h1>\n<p>[\/vc_column_text][vc_row_inner][vc_column_inner width=&#8221;1\/2&#8243;][vc_column_text]Jakie s\u0105 zalety lekcji prywatnych? Kurs jest przeznaczony wy\u0142\u0105cznie do Twojego celu nauczania. Ciesz si\u0119 indywidualn\u0105 lekcj\u0105 niemieckiego i skorzystaj z pomocy prywatnego trenera, aby uczy\u0107 si\u0119 niemieckiego! Na \u017cyczenie, w czasie kurs mo\u017cesz w\u0142\u0105czy\u0107 do kursu cz\u0119\u015bci egzaminu lub kompletny test modelowy z j\u0119zyka niemieckiego TELC.<\/p>\n<p>Potrzebujesz elastycznych termin\u00f3w kurs\u00f3w? Wybierz czas i miejsce na prywatne lekcje niemieckiego zgodnie ze swoim harmonogramem! Uczymy w Twoim domu, miejscu pracy lub w naszej szkole j\u0119zykowej Aktiv w Monachium. Jeste\u015bmy do Twojej dyspozycji! Przetestuj nas na bezp\u0142atnej lekcji pr\u00f3bnej! Je\u017celi nie b\u0119dziesz zadowolony z kursu po pierwszej godzinie, zwr\u00f3cimy Ci wszystkie wp\u0142acone ju\u017c op\u0142aty.<\/p>\n<h2>Prywatne kursy niemieckiego &#8211; korzystne ceny i korzystne warunki<\/h2>\n<p>Przekonaj si\u0119 o naszych atrakcyjnych cenach i skorzystaj z korzystnego systemu rabat\u00f3w: im wi\u0119cej godzin zarezerwujesz, tym ni\u017csza cena za godzin\u0119 lekcyjn\u0105!<\/p>\n<p>Zalecane dla \u0142owc\u00f3w okazji: we\u017a prywatne lekcje z maksymalnie 2 znajomymi, a zap\u0142acisz tak\u0105 sam\u0105 cen\u0119 podzielon\u0105 na Twoich znajomych! \ud83d\ude42<\/p>\n<p>Do 19 godzin lekcja kosztuje 45 euro<\/p>\n<p>od 20 godzin lekcja kosztuje 42 euro<\/p>\n<p>od 30 godzin lekcja kosztuje 38 euro<\/p>\n<p><a href=\"https:\/\/www.sprachschule-aktiv-muenchen.de\/pl\/kontakt\/\"><img decoding=\"async\" class=\"alignnone size-full wp-image-57784\" src=\"https:\/\/www.sprachschule-aktiv-muenchen.de\/wp-content\/uploads\/2020\/06\/boton1.png\" alt=\"masz pytanie?\" width=\"240\" height=\"58\" \/><\/a>[\/vc_column_text][\/vc_column_inner][vc_column_inner width=&#8221;1\/2&#8243;][vc_video link=&#8221;https:\/\/youtu.be\/O8OSUHbmfWQ?si=Q7KjzPrr417V7dW9&#8243;][\/vc_column_inner][\/vc_row_inner][vc_column_text]<\/p>\n<h2>Lekcje indywidualne dla pocz\u0105tkuj\u0105cych i zaawansowanych<\/h2>\n<p>Uczymy j\u0119zyka niemieckiego jako j\u0119zyka obcego na ka\u017cdym poziomie nauczania. Pocz\u0105tkuj\u0105cy z niewielk\u0105 lub \u017cadn\u0105 wiedz\u0105 zostan\u0105 wprowadzeni w nauk\u0119 j\u0119zyka w zorganizowany spos\u00f3b. Zaawansowani kursanci mog\u0105 zrobi\u0107 post\u0119py pry pomocy naszej wykwalifikowanej kadry specjalist\u00f3w.<\/p>\n<p>Z naszymi nauczycielami szybko osi\u0105gniesz widoczne post\u0119py. Ju\u017c dzi\u015b rozpocznij prywatne lekcje niemieckiego w szkole j\u0119zykowej Aktiv w Monachium!<\/p>\n<h2>Szukasz profesjonalnego i sympatycznego nauczyciela j\u0119zyka niemieckiego?<\/h2>\n<p>Przywi\u0105zujemy du\u017c\u0105 wag\u0119 do kwalifikacji naszych lektor\u00f3w. Wyk\u0142adowcy s\u0105 native speakerami i posiadaj\u0105 stopie\u0144 naukowy. Ponadto ci\u0105gle poszerzaj\u0105 swoj\u0105 wiedz\u0119 o coraz to nowsze metody nauczania, co owocuje zwi\u0119kszeniem swojego do\u015bwiadczenia w nauczaniu doros\u0142ych i m\u0142odzie\u017cy.[\/vc_column_text][\/vc_column][\/vc_row][vc_row full_width=&#8221;stretch_row&#8221; css=&#8221;.vc_custom_1488052947717{padding-top: 30px !important;padding-bottom: 30px !important;background-color: #f9f9f9 !important;}&#8221;][vc_column][vc_column_text]<\/p>\n<h2>Prywatne kursy j\u0119zyka niemieckiego<\/h2>\n\n<table id=\"tablepress-66\" class=\"tablepress tablepress-id-66 tablepress-responsive tbody-has-connected-cells\">\n<thead>\n<tr class=\"row-1\">\n\t<th colspan=\"3\" class=\"column-1\">PRYWATNE KURSY J.NIEMIECKIEGO<\/th>\n<\/tr>\n<\/thead>\n<tbody class=\"row-striping row-hover\">\n<tr class=\"row-2\">\n\t<td class=\"column-1\">1-19 godz. -> 45 \u20ac<br \/>\n20 godz. -> 42 \u20ac<br \/>\n 30 godz. -> 38 \u20ac<\/td><td class=\"column-2\">dla student\u00f3w<\/td><td class=\"column-3\">Im wi\u0119cej godzin Pa\u0144stwo wykupi\u0105, tym taniej!<\/td>\n<\/tr>\n<tr class=\"row-3\">\n\t<td class=\"column-1\">Zapisy ju\u017c teraz!<\/td><td class=\"column-2\"><\/td><td class=\"column-3\"><\/td>\n<\/tr>\n<tr class=\"row-4\">\n\t<td colspan=\"3\" class=\"column-1\">W zaj\u0119ciach mog\u0105 wzi\u0105\u0107 udzia\u0142 nawet 3 osoby za t\u0119 sam\u0105 cen\u0119! <\/td>\n<\/tr>\n<\/tbody>\n<\/table>\n<!-- #tablepress-66 from cache -->\n<a href=\"https:\/\/www.sprachschule-aktiv-muenchen.de\/pl\/rejestrowanie\/\"><img decoding=\"async\" class=\"alignnone size-full wp-image-57808\" src=\"https:\/\/www.sprachschule-aktiv-muenchen.de\/wp-content\/uploads\/2020\/06\/boton2.png\" alt=\"zarezerwuj teraz!\" width=\"265\" height=\"58\" \/><\/a>\n<p>W naszych szko\u0142ach j\u0119zyk\u00f3w obcych w Monachium oferujemy Pa\u0144stwu najlepsze kursy j\u0119zyka niemieckiego wraz z pe\u0142ni wykwalifikowan\u0105 kadr\u0105.<\/p>\n<p>Oferujemy kursy grupowe, intensywne, j\u0119zyk niemiecki w zawodzie, kursy przygotowuj\u0105ce do uzyskania certyfikatu TestDaF, kursy konwersacji i gramatyki, trening j\u0119zykowy prygotowuj\u0105cy\u00a0 do rozmowy kwalifikacyjnej, kursy w parze, kursy prywatne oraz trening j\u0119zykowy dla firm w j\u0119zyku niemieckim oraz we wszystkich innych j\u0119zykach obcych. Ch\u0119tnie przyjedziemy do Pa\u0144stwa do domu! Przekonajcie si\u0119 Pa\u0144stwo sami o jako\u015bci naszych kurs\u00f3w bez poniesienia jakiegokolwiek ryzyka w ramach naszej \u201egwarancji zwrotu pieni\u0119dzy&#8221; lub w ramach zaj\u0119\u0107 pr\u00f3bnych, kt\u00f3re s\u0105 niezobowi\u0105zuj\u0105ce i bezp\u0142atne.[\/vc_column_text][\/vc_column][\/vc_row][vc_row full_width=&#8221;stretch_row&#8221; css=&#8221;.vc_custom_1488053269839{padding-top: 30px !important;padding-bottom: 30px !important;}&#8221;][vc_column width=&#8221;1\/2&#8243;][vc_single_image image=&#8221;12380&#8243; img_size=&#8221;full&#8221; style=&#8221;vc_box_outline&#8221;][\/vc_column][vc_column width=&#8221;1\/2&#8243;][vc_column_text]<\/p>\n<h2>Jak wysoki jest Tw\u00f3j poziom j\u0119zyka niemieckiego? Bezp\u0142atny test poziomuj\u0105cy\/kwalifikuj\u0105cy<\/h2>\n<p>Sprawd\u017a swoj\u0105 wcze\u015bniejsz\u0105 znajomo\u015b\u0107 j\u0119zyka niemieckiego i dowiedz si\u0119, na jakim jeste\u015b poziomie j\u0119zykowym! W tym celu przygotowali\u015bmy test poziomuj\u0105cy dla naszych klient\u00f3w. Rozwi\u0105\u017c test wygodnie online na naszej stronie internetowej lub bezpo\u015brednio w naszych salach lekcyjnych. Wynik otrzymasz natychmiast. Test daje pewno\u015b\u0107 wyboru odpowiedniego poziomu kursu. Test nie jest obowi\u0105zkowy! Jednak zalecamy sprawdzenie si\u0119!<\/p>\n<h2>Bezp\u0142atna lekcja pr\u00f3bna? Nie ma sprawy!<\/h2>\n<p>Przekonaj si\u0119 o naszej jako\u015bci i we\u017a udzia\u0142 w lekcji pr\u00f3bnej! Poznaj swojego nauczyciela i jego styl nauczania, ca\u0142kowicie za darmo!<\/p>\n<p>Je\u017celi nie b\u0119dziesz zadowolony z lekcji, zwr\u00f3cimy Ci pieni\u0105dze, bez ponoszenia dodatkowych koszt\u00f3w.[\/vc_column_text][\/vc_column][\/vc_row][vc_row full_width=&#8221;stretch_row&#8221; equal_height=&#8221;yes&#8221; content_placement=&#8221;middle&#8221; el_class=&#8221;action-box m-b-none theme-bg-color&#8221; css=&#8221;.vc_custom_1487762904994{padding-top: 25px !important;padding-bottom: 30px !important;}&#8221;][vc_column width=&#8221;2\/3&#8243;][vc_column_text]<\/p>\n<h3 class=\"text-white\">Napisz do nas!<\/h3>\n<p class=\"text-white\">Nauka niemieckiego w Monachium &#8211; Szko\u0142a j\u0119zyka niemieckiego w Monachium &#8220;Sprachschule Aktiv M\u00fcnchen&#8221;<\/p>\n<p>[\/vc_column_text][\/vc_column][vc_column width=&#8221;1\/3&#8243; el_class=&#8221;text-right&#8221;]\t<div class=\"vc_btn3-container vc_btn3-inline\">\r\n\t\t<a href=\"\/pl\/kontakt\/\" class=\"pgs_btn pgs_btn_style_3 pgs_btn_xl\">\r\n\t\t\t<span>\r\n\t\t\t\tSkontaktuj si\u0119 z nami!\t\t\t<\/span>\r\n\t\t\t\t\t\t<i class=\"fa fa-chevron-right\"><\/i>\r\n\t\t\t\t\t<\/a>\r\n\t<\/div>\r\n\t[\/vc_column][\/vc_row]<\/p>\n","protected":false},"excerpt":{"rendered":"<p>[vc_row css=&#8221;.vc_custom_1488052871622{padding-top: 30px !important;padding-bottom: 30px !important;}&#8221;][vc_column][vc_column_text] Prywatne kursy j\u0119zyka niemieckiego w Monachium [\/vc_column_text][vc_row_inner][vc_column_inner width=&#8221;1\/2&#8243;][vc_column_text]Jakie s\u0105 zalety lekcji prywatnych? Kurs jest przeznaczony wy\u0142\u0105cznie do Twojego celu nauczania. Ciesz si\u0119 indywidualn\u0105 lekcj\u0105 niemieckiego i skorzystaj z pomocy prywatnego trenera, aby uczy\u0107 si\u0119 niemieckiego! Na \u017cyczenie, w czasie kurs mo\u017cesz w\u0142\u0105czy\u0107 do kursu cz\u0119\u015bci egzaminu lub kompletny test&hellip; <a class=\"read-more\" href=\"https:\/\/www.sprachschule-aktiv-muenchen.de\/pl\/kursy-prywatne\/\" title=\"Read Kurs prywatny\">Read more &raquo;<\/a><\/p>\n","protected":false},"author":2,"featured_media":0,"parent":0,"menu_order":0,"comment_status":"closed","ping_status":"closed","template":"","meta":{"footnotes":""},"class_list":["post-12374","page","type-page","status-publish","hentry"],"yoast_head":"<!-- This site is optimized with the Yoast SEO plugin v27.1.1 - https:\/\/yoast.com\/product\/yoast-seo-wordpress\/ -->\n<title>Kursy prywatne j\u0229zyka niemieckiego w Monachium<\/title>\n<meta name=\"description\" content=\"Ucz si\u0119 niemieckiego w Sprachschule-Aktiv. Prywatne kursy niemieckiego. Z nami szybko i skutecznie opanujesz j\u0119zyk niemiecki. Zapraszamy!\" \/>\n<meta name=\"robots\" content=\"index, follow, max-snippet:-1, max-image-preview:large, max-video-preview:-1\" \/>\n<link rel=\"canonical\" href=\"https:\/\/www.sprachschule-aktiv-muenchen.de\/pl\/kursy-prywatne\/\" \/>\n<meta property=\"og:locale\" content=\"pl_PL\" \/>\n<meta property=\"og:type\" content=\"article\" \/>\n<meta property=\"og:title\" content=\"Kursy prywatne j\u0229zyka niemieckiego w Monachium\" \/>\n<meta property=\"og:description\" content=\"Ucz si\u0119 niemieckiego w Sprachschule-Aktiv. Prywatne kursy niemieckiego. Z nami szybko i skutecznie opanujesz j\u0119zyk niemiecki. Zapraszamy!\" \/>\n<meta property=\"og:url\" content=\"https:\/\/www.sprachschule-aktiv-muenchen.de\/pl\/kursy-prywatne\/\" \/>\n<meta property=\"og:site_name\" content=\"Sprachschule Aktiv\" \/>\n<meta property=\"article:modified_time\" content=\"2024-12-20T09:53:17+00:00\" \/>\n<meta property=\"og:image\" content=\"https:\/\/www.sprachschule-aktiv-muenchen.de\/wp-content\/uploads\/2020\/06\/boton1.png\" \/>\n<meta name=\"twitter:card\" content=\"summary_large_image\" \/>\n<meta name=\"twitter:label1\" content=\"Szacowany czas czytania\" \/>\n\t<meta name=\"twitter:data1\" content=\"4 minuty\" \/>\n<script type=\"application\/ld+json\" class=\"yoast-schema-graph\">{\"@context\":\"https:\/\/schema.org\",\"@graph\":[{\"@type\":\"WebPage\",\"@id\":\"https:\/\/www.sprachschule-aktiv-muenchen.de\/pl\/kursy-prywatne\/\",\"url\":\"https:\/\/www.sprachschule-aktiv-muenchen.de\/pl\/kursy-prywatne\/\",\"name\":\"Kursy prywatne j\u0229zyka niemieckiego w Monachium\",\"isPartOf\":{\"@id\":\"https:\/\/www.sprachschule-aktiv-muenchen.de\/#website\"},\"primaryImageOfPage\":{\"@id\":\"https:\/\/www.sprachschule-aktiv-muenchen.de\/pl\/kursy-prywatne\/#primaryimage\"},\"image\":{\"@id\":\"https:\/\/www.sprachschule-aktiv-muenchen.de\/pl\/kursy-prywatne\/#primaryimage\"},\"thumbnailUrl\":\"https:\/\/www.sprachschule-aktiv-muenchen.de\/wp-content\/uploads\/2020\/06\/boton1.png\",\"datePublished\":\"2017-02-25T20:14:17+00:00\",\"dateModified\":\"2024-12-20T09:53:17+00:00\",\"description\":\"Ucz si\u0119 niemieckiego w Sprachschule-Aktiv. Prywatne kursy niemieckiego. Z nami szybko i skutecznie opanujesz j\u0119zyk niemiecki. Zapraszamy!\",\"breadcrumb\":{\"@id\":\"https:\/\/www.sprachschule-aktiv-muenchen.de\/pl\/kursy-prywatne\/#breadcrumb\"},\"inLanguage\":\"pl-PL\",\"potentialAction\":[{\"@type\":\"ReadAction\",\"target\":[\"https:\/\/www.sprachschule-aktiv-muenchen.de\/pl\/kursy-prywatne\/\"]}]},{\"@type\":\"ImageObject\",\"inLanguage\":\"pl-PL\",\"@id\":\"https:\/\/www.sprachschule-aktiv-muenchen.de\/pl\/kursy-prywatne\/#primaryimage\",\"url\":\"https:\/\/www.sprachschule-aktiv-muenchen.de\/wp-content\/uploads\/2020\/06\/boton1.png\",\"contentUrl\":\"https:\/\/www.sprachschule-aktiv-muenchen.de\/wp-content\/uploads\/2020\/06\/boton1.png\"},{\"@type\":\"BreadcrumbList\",\"@id\":\"https:\/\/www.sprachschule-aktiv-muenchen.de\/pl\/kursy-prywatne\/#breadcrumb\",\"itemListElement\":[{\"@type\":\"ListItem\",\"position\":1,\"name\":\"Portada\",\"item\":\"https:\/\/www.sprachschule-aktiv-muenchen.de\/pl\/\"},{\"@type\":\"ListItem\",\"position\":2,\"name\":\"Kurs prywatny\"}]},{\"@type\":\"WebSite\",\"@id\":\"https:\/\/www.sprachschule-aktiv-muenchen.de\/#website\",\"url\":\"https:\/\/www.sprachschule-aktiv-muenchen.de\/\",\"name\":\"Sprachschule Aktiv\",\"description\":\"\",\"potentialAction\":[{\"@type\":\"SearchAction\",\"target\":{\"@type\":\"EntryPoint\",\"urlTemplate\":\"https:\/\/www.sprachschule-aktiv-muenchen.de\/?s={search_term_string}\"},\"query-input\":{\"@type\":\"PropertyValueSpecification\",\"valueRequired\":true,\"valueName\":\"search_term_string\"}}],\"inLanguage\":\"pl-PL\"}]}<\/script>\n<!-- \/ Yoast SEO plugin. -->","yoast_head_json":{"title":"Kursy prywatne j\u0229zyka niemieckiego w Monachium","description":"Ucz si\u0119 niemieckiego w Sprachschule-Aktiv. Prywatne kursy niemieckiego. Z nami szybko i skutecznie opanujesz j\u0119zyk niemiecki. Zapraszamy!","robots":{"index":"index","follow":"follow","max-snippet":"max-snippet:-1","max-image-preview":"max-image-preview:large","max-video-preview":"max-video-preview:-1"},"canonical":"https:\/\/www.sprachschule-aktiv-muenchen.de\/pl\/kursy-prywatne\/","og_locale":"pl_PL","og_type":"article","og_title":"Kursy prywatne j\u0229zyka niemieckiego w Monachium","og_description":"Ucz si\u0119 niemieckiego w Sprachschule-Aktiv. Prywatne kursy niemieckiego. Z nami szybko i skutecznie opanujesz j\u0119zyk niemiecki. Zapraszamy!","og_url":"https:\/\/www.sprachschule-aktiv-muenchen.de\/pl\/kursy-prywatne\/","og_site_name":"Sprachschule Aktiv","article_modified_time":"2024-12-20T09:53:17+00:00","og_image":[{"url":"https:\/\/www.sprachschule-aktiv-muenchen.de\/wp-content\/uploads\/2020\/06\/boton1.png","type":"","width":"","height":""}],"twitter_card":"summary_large_image","twitter_misc":{"Szacowany czas czytania":"4 minuty"},"schema":{"@context":"https:\/\/schema.org","@graph":[{"@type":"WebPage","@id":"https:\/\/www.sprachschule-aktiv-muenchen.de\/pl\/kursy-prywatne\/","url":"https:\/\/www.sprachschule-aktiv-muenchen.de\/pl\/kursy-prywatne\/","name":"Kursy prywatne j\u0229zyka niemieckiego w Monachium","isPartOf":{"@id":"https:\/\/www.sprachschule-aktiv-muenchen.de\/#website"},"primaryImageOfPage":{"@id":"https:\/\/www.sprachschule-aktiv-muenchen.de\/pl\/kursy-prywatne\/#primaryimage"},"image":{"@id":"https:\/\/www.sprachschule-aktiv-muenchen.de\/pl\/kursy-prywatne\/#primaryimage"},"thumbnailUrl":"https:\/\/www.sprachschule-aktiv-muenchen.de\/wp-content\/uploads\/2020\/06\/boton1.png","datePublished":"2017-02-25T20:14:17+00:00","dateModified":"2024-12-20T09:53:17+00:00","description":"Ucz si\u0119 niemieckiego w Sprachschule-Aktiv. Prywatne kursy niemieckiego. Z nami szybko i skutecznie opanujesz j\u0119zyk niemiecki. Zapraszamy!","breadcrumb":{"@id":"https:\/\/www.sprachschule-aktiv-muenchen.de\/pl\/kursy-prywatne\/#breadcrumb"},"inLanguage":"pl-PL","potentialAction":[{"@type":"ReadAction","target":["https:\/\/www.sprachschule-aktiv-muenchen.de\/pl\/kursy-prywatne\/"]}]},{"@type":"ImageObject","inLanguage":"pl-PL","@id":"https:\/\/www.sprachschule-aktiv-muenchen.de\/pl\/kursy-prywatne\/#primaryimage","url":"https:\/\/www.sprachschule-aktiv-muenchen.de\/wp-content\/uploads\/2020\/06\/boton1.png","contentUrl":"https:\/\/www.sprachschule-aktiv-muenchen.de\/wp-content\/uploads\/2020\/06\/boton1.png"},{"@type":"BreadcrumbList","@id":"https:\/\/www.sprachschule-aktiv-muenchen.de\/pl\/kursy-prywatne\/#breadcrumb","itemListElement":[{"@type":"ListItem","position":1,"name":"Portada","item":"https:\/\/www.sprachschule-aktiv-muenchen.de\/pl\/"},{"@type":"ListItem","position":2,"name":"Kurs prywatny"}]},{"@type":"WebSite","@id":"https:\/\/www.sprachschule-aktiv-muenchen.de\/#website","url":"https:\/\/www.sprachschule-aktiv-muenchen.de\/","name":"Sprachschule Aktiv","description":"","potentialAction":[{"@type":"SearchAction","target":{"@type":"EntryPoint","urlTemplate":"https:\/\/www.sprachschule-aktiv-muenchen.de\/?s={search_term_string}"},"query-input":{"@type":"PropertyValueSpecification","valueRequired":true,"valueName":"search_term_string"}}],"inLanguage":"pl-PL"}]}},"_links":{"self":[{"href":"https:\/\/www.sprachschule-aktiv-muenchen.de\/pl\/wp-json\/wp\/v2\/pages\/12374","targetHints":{"allow":["GET"]}}],"collection":[{"href":"https:\/\/www.sprachschule-aktiv-muenchen.de\/pl\/wp-json\/wp\/v2\/pages"}],"about":[{"href":"https:\/\/www.sprachschule-aktiv-muenchen.de\/pl\/wp-json\/wp\/v2\/types\/page"}],"author":[{"embeddable":true,"href":"https:\/\/www.sprachschule-aktiv-muenchen.de\/pl\/wp-json\/wp\/v2\/users\/2"}],"replies":[{"embeddable":true,"href":"https:\/\/www.sprachschule-aktiv-muenchen.de\/pl\/wp-json\/wp\/v2\/comments?post=12374"}],"version-history":[{"count":9,"href":"https:\/\/www.sprachschule-aktiv-muenchen.de\/pl\/wp-json\/wp\/v2\/pages\/12374\/revisions"}],"predecessor-version":[{"id":79382,"href":"https:\/\/www.sprachschule-aktiv-muenchen.de\/pl\/wp-json\/wp\/v2\/pages\/12374\/revisions\/79382"}],"wp:attachment":[{"href":"https:\/\/www.sprachschule-aktiv-muenchen.de\/pl\/wp-json\/wp\/v2\/media?parent=12374"}],"curies":[{"name":"wp","href":"https:\/\/api.w.org\/{rel}","templated":true}]}}