{"id":12364,"date":"2017-02-25T20:59:33","date_gmt":"2017-02-25T19:59:33","guid":{"rendered":"https:\/\/www.sprachschule-aktiv-muenchen.de\/?page_id=12364\/"},"modified":"2024-12-18T13:54:20","modified_gmt":"2024-12-18T12:54:20","slug":"kursy-grupowe","status":"publish","type":"page","link":"https:\/\/www.sprachschule-aktiv-muenchen.de\/pl\/kursy-grupowe\/","title":{"rendered":"Kurs wieczorowy"},"content":{"rendered":"<p>[vc_row css=&#8221;.vc_custom_1488051725101{padding-top: 30px !important;padding-bottom: 30px !important;}&#8221;][vc_column][vc_column_text]<\/p>\n<h1 style=\"text-align: center;\">Kursy wieczorowe j\u0119zyka niemieckiego w Monachium<\/h1>\n<p style=\"text-align: center;\">Nasze interaktywne wieczorowe kursy niemieckiego s\u0105 odpowiednie dla pocz\u0105tkuj\u0105cych i zaawansowanych uczni\u00f3w na wszystkich poziomach od A1 do C2. Kurs trwa 6 lub 12 tygodni, w ma\u0142ych grupach. Na koniec ka\u017cdego kursu j\u0119zykowego otrzymasz certyfikat opisuj\u0105cy Tw\u00f3j poziom niemieckiego.<\/p>\n<p style=\"text-align: center;\">Pozw\u00f3l nam przekona\u0107 Ci\u0119 o jako\u015bci nauczania na bezp\u0142atnej lekcji pr\u00f3bnej!<\/p>\n<p>[\/vc_column_text][\/vc_column][\/vc_row][vc_row full_width=&#8221;stretch_row&#8221; css=&#8221;.vc_custom_1488051779695{padding-top: 30px !important;padding-bottom: 30px !important;background-color: #f9f9f9 !important;}&#8221;][vc_column][vc_column_text]<\/p>\n<h2 style=\"text-align: center;\">Wieczorowe kursy niemieckiego: 6 tygodni, 180 minut tygodniowo<\/h2>\n<p style=\"text-align: center;\"><strong>Poziomy: A1.1, A1.2, A2.1, A2.2, B1.1, B1.2, B2.1, B2.2, C1.1, C1.2, C2.1, C2.2<\/strong><\/p>\n<p style=\"text-align: center;\">Dzi\u0119ki naszym wykwalifikowanym i przyjaznym nauczycielom, z kt\u00f3rych wszyscy s\u0105 native speakerami, zrobisz szybkie post\u0119py w kursie wieczorowym. Te kursy grupowe odbywaj\u0105 si\u0119 dwa razy w tygodniu i trwaj\u0105 6 tygodni. Nowe terminy start\u00f3w pojawiaj\u0105 si\u0119 co miesi\u0105c.<\/p>\n<p style=\"text-align: center;\">Daty rozpoz\u0119cia wieczorowego kursu j\u0119zyka niemieckiego w Monachium:<\/p>\n<p style=\"text-align: center;\">\u2013 6 &#8211; tygodniowy kurs j\u0119zyka niemieckiego \u2013<\/p>\n<h3 style=\"text-align: center;\">Terminy rozpocz\u0119cia 2025<\/h3>\n<p>[\/vc_column_text][vc_column_text]\n<table id=\"tablepress-65\" class=\"tablepress tablepress-id-65 tablepress-responsive\">\n<thead>\n<tr class=\"row-1\">\n\t<th class=\"column-1\">Miesi\u0105c<\/th><th class=\"column-2\">Pocz\u0105tek kursu<\/th><th class=\"column-3\">Terminy<\/th><th class=\"column-4\">Godziny zaj\u0119\u0107<\/th><th class=\"column-5\">Czas trwania<\/th><th class=\"column-6\">Cena<\/th>\n<\/tr>\n<\/thead>\n<tbody class=\"row-striping row-hover\">\n<tr class=\"row-2\">\n\t<td class=\"column-1\">Stycze\u0144<\/td><td class=\"column-2\">08.01.2025<\/td><td class=\"column-3\">Poniedzia\u0142ki i \u015brody<\/td><td class=\"column-4\">17:45 \u2013 19:15<br \/>\n19:30 \u2013 21:00<\/td><td class=\"column-5\">6 tygodni*<\/td><td class=\"column-6\">279 \u20ac<\/td>\n<\/tr>\n<tr class=\"row-3\">\n\t<td class=\"column-1\">Luty<\/td><td class=\"column-2\">04.02.2025\t<\/td><td class=\"column-3\">Wtorki i czwartki<\/td><td class=\"column-4\">17:45 - 19:15<br \/>\n19:30 - 21:00<\/td><td class=\"column-5\">6 tygodni*<\/td><td class=\"column-6\">279 \u20ac<\/td>\n<\/tr>\n<tr class=\"row-4\">\n\t<td class=\"column-1\">Marzec<\/td><td class=\"column-2\">03.03.2025\t<\/td><td class=\"column-3\">Poniedzia\u0142ki i \u015brody<\/td><td class=\"column-4\">17:45 - 19:15<br \/>\n19:30 - 21:00<\/td><td class=\"column-5\">6 tygodni*<\/td><td class=\"column-6\">279 \u20ac<\/td>\n<\/tr>\n<tr class=\"row-5\">\n\t<td class=\"column-1\">Kwiecie\u0144<\/td><td class=\"column-2\">01.04.2025<\/td><td class=\"column-3\">Wtorki i czwartki<\/td><td class=\"column-4\">17:45 - 19:15<br \/>\n19:30 - 21:00<\/td><td class=\"column-5\">6 tygodni*<\/td><td class=\"column-6\">279 \u20ac<\/td>\n<\/tr>\n<tr class=\"row-6\">\n\t<td class=\"column-1\">Maj<\/td><td class=\"column-2\">05.05.2025\t<\/td><td class=\"column-3\">Poniedzia\u0142ki i \u015brody<\/td><td class=\"column-4\">17:45 - 19:15<br \/>\n19:30 - 21:00<\/td><td class=\"column-5\">6 tygodni*<\/td><td class=\"column-6\">279 \u20ac<\/td>\n<\/tr>\n<tr class=\"row-7\">\n\t<td class=\"column-1\">Czerwiec<\/td><td class=\"column-2\">03.06.2025<\/td><td class=\"column-3\">Wtorki i czwartki<\/td><td class=\"column-4\">17:45 - 19:15<br \/>\n19:30 - 21:00<\/td><td class=\"column-5\">6 tygodni*<\/td><td class=\"column-6\">279 \u20ac<\/td>\n<\/tr>\n<tr class=\"row-8\">\n\t<td class=\"column-1\">Lipiec<\/td><td class=\"column-2\">02.07.2025\t<\/td><td class=\"column-3\">Poniedzia\u0142ki i \u015brody<\/td><td class=\"column-4\">17:45 - 19:15<br \/>\n19:30 - 21:00<\/td><td class=\"column-5\">6 tygodni*<\/td><td class=\"column-6\">279 \u20ac<\/td>\n<\/tr>\n<tr class=\"row-9\">\n\t<td class=\"column-1\">Sierpie\u0144<\/td><td class=\"column-2\">05.08.2025<\/td><td class=\"column-3\">Wtorki i czwartki<\/td><td class=\"column-4\">17:45 - 19:15<br \/>\n19:30 - 21:00<\/td><td class=\"column-5\">6 tygodni*<\/td><td class=\"column-6\">279 \u20ac<\/td>\n<\/tr>\n<tr class=\"row-10\">\n\t<td class=\"column-1\">Wrzesie\u0144<\/td><td class=\"column-2\">01.09.2025\t<\/td><td class=\"column-3\">Poniedzia\u0142ki i \u015brody<\/td><td class=\"column-4\">17:45 - 19:15<br \/>\n19:30 - 21:00<\/td><td class=\"column-5\">6 tygodni*<\/td><td class=\"column-6\">279 \u20ac<\/td>\n<\/tr>\n<tr class=\"row-11\">\n\t<td class=\"column-1\">Pa\u017adziernik<\/td><td class=\"column-2\">07.10.2025<\/td><td class=\"column-3\">Wtorki i czwartki<\/td><td class=\"column-4\">17:45 - 19:15<br \/>\n19:30 - 21:00<\/td><td class=\"column-5\">6 tygodni*<\/td><td class=\"column-6\">279 \u20ac<\/td>\n<\/tr>\n<tr class=\"row-12\">\n\t<td class=\"column-1\">Listopad<\/td><td class=\"column-2\">03.11.2025\t<\/td><td class=\"column-3\">Poniedzia\u0142ki i \u015brody<\/td><td class=\"column-4\">17:45 - 19:15<br \/>\n19:30 - 21:00<\/td><td class=\"column-5\">6 tygodni*<\/td><td class=\"column-6\">279 \u20ac<\/td>\n<\/tr>\n<tr class=\"row-13\">\n\t<td class=\"column-1\">Grudzie\u0144<\/td><td class=\"column-2\">02.12.2025\t<\/td><td class=\"column-3\">Wtorki i czwartki<\/td><td class=\"column-4\">17:45 - 19:15<br \/>\n19:30 - 21:00<\/td><td class=\"column-5\">6 tygodni*<\/td><td class=\"column-6\">279 \u20ac<\/td>\n<\/tr>\n<\/tbody>\n<\/table>\n<!-- #tablepress-65 from cache --><\/p>\n<p>*Czas trwania kursu: od 4 uczestnik\u00f3w = 24 lekcje po 45 minut ka\u017cda (12\/6 tygodni), przy 3 uczestnikach = 20 lekcji po 45 minut ka\u017cda (10\/5 tygodni), przy 2 uczestnikach = 16 lekcji po 45 minut ka\u017cda (8 \/4 tygodnie) ; jedna lekcja = 45 minut[\/vc_column_text]\t<div class=\"vc_btn3-container vc_btn3-inline\">\r\n\t\t<a href=\"#\" class=\"pgs_btn pgs_btn_style_1 pgs_btn_xl\">\r\n\t\t\t<span>\r\n\t\t\t\tZarezerwuj teraz!\t\t\t<\/span>\r\n\t\t\t\t\t\t<i class=\"fas fa-angle-right\"><\/i>\r\n\t\t\t\t\t<\/a>\r\n\t<\/div>\r\n\t[\/vc_column][\/vc_row][vc_row full_width=&#8221;stretch_row&#8221; css=&#8221;.vc_custom_1488051779695{padding-top: 30px !important;padding-bottom: 30px !important;background-color: #f9f9f9 !important;}&#8221;][vc_column][vc_column_text]<\/p>\n<h2 style=\"text-align: center;\">Wieczorowe kursy niemieckiego: 12 tygodni, 90 minut tygodniowo<\/h2>\n<p style=\"text-align: center;\"><strong>Poziomy: A1.1, A1.2, A2.1, A2.2, B1.1, B1.2, B2.1, B2.2, C1.1, C1.2, C2.1, C2.2<\/strong><\/p>\n<p style=\"text-align: center;\">Nasze kursy wieczorowe s\u0105 dost\u0119pne dla ka\u017cdego, kto nie ma czasu w ci\u0105gu dnia. Szczeg\u00f3\u0142owy plan jest r\u00f3wnie\u017c dostosowany do uczestnik\u00f3w. Dzi\u0119ki szkoleniom interaktywnym nowa wiedza jest intensywnie \u0107wiczona, dzi\u0119ki czemu dodatkowy wysi\u0142ek zwi\u0105zany z nauk\u0105 poza zaj\u0119ciami jest ograniczony do minimum.<\/p>\n<p style=\"text-align: center;\">Daty rozpocz\u0119cia wieczorowego kursu j\u0119zyka niemieckiego w Monachium:<\/p>\n<p style=\"text-align: center;\">\u2013 12 -tygodniowy kurs j\u0119zyka niemieckiego \u2013<\/p>\n<h3 style=\"text-align: center;\">Terminy rozpocz\u0119cia 2025<\/h3>\n<p>[\/vc_column_text][vc_column_text]\n<table id=\"tablepress-197\" class=\"tablepress tablepress-id-197 tablepress-responsive\">\n<thead>\n<tr class=\"row-1\">\n\t<th class=\"column-1\">Miesi\u0105c<\/th><th class=\"column-2\">Pocz\u0105tek kursu<\/th><th class=\"column-3\">Terminy<\/th><th class=\"column-4\">Godziny zaj\u0119\u0107<\/th><th class=\"column-5\">Czas trwania<\/th><th class=\"column-6\">Cena<\/th>\n<\/tr>\n<\/thead>\n<tbody class=\"row-striping row-hover\">\n<tr class=\"row-2\">\n\t<td class=\"column-1\">Stycze\u0144<\/td><td class=\"column-2\">09.01.2025<\/td><td class=\"column-3\">Wtorki<\/td><td class=\"column-4\">17:45 - 19:15\t<\/td><td class=\"column-5\">12 tygodni*<\/td><td class=\"column-6\">279 \u20ac<\/td>\n<\/tr>\n<tr class=\"row-3\">\n\t<td class=\"column-1\">Luty<\/td><td class=\"column-2\">04.02.2025\t<\/td><td class=\"column-3\">Czwartki<\/td><td class=\"column-4\">19:30 - 21:00\t<\/td><td class=\"column-5\">12 tygodni*<\/td><td class=\"column-6\">279 \u20ac<\/td>\n<\/tr>\n<tr class=\"row-4\">\n\t<td class=\"column-1\">Marzec<\/td><td class=\"column-2\">06.03.2025\t<\/td><td class=\"column-3\">Wtorki<\/td><td class=\"column-4\">19:30 - 21:00\t<\/td><td class=\"column-5\">12 tygodni*<\/td><td class=\"column-6\">279 \u20ac<\/td>\n<\/tr>\n<tr class=\"row-5\">\n\t<td class=\"column-1\">Kwiecie\u0144<\/td><td class=\"column-2\">01.04.2025<\/td><td class=\"column-3\">Czwartki<\/td><td class=\"column-4\">17:45 - 19:15\t<\/td><td class=\"column-5\">12 tygodni*<\/td><td class=\"column-6\">279 \u20ac<\/td>\n<\/tr>\n<tr class=\"row-6\">\n\t<td class=\"column-1\">Maj<\/td><td class=\"column-2\">08.05.2025<\/td><td class=\"column-3\">Wtorki<\/td><td class=\"column-4\">17:45 - 19:15\t<\/td><td class=\"column-5\">12 tygodni*<\/td><td class=\"column-6\">279 \u20ac<\/td>\n<\/tr>\n<tr class=\"row-7\">\n\t<td class=\"column-1\">Czerwiec<\/td><td class=\"column-2\">03.06.2025\t<\/td><td class=\"column-3\">Czwartki<\/td><td class=\"column-4\">19:30 - 21:00\t<\/td><td class=\"column-5\">12 tygodni*<\/td><td class=\"column-6\">279 \u20ac<\/td>\n<\/tr>\n<tr class=\"row-8\">\n\t<td class=\"column-1\">Lipiec<\/td><td class=\"column-2\">03.07.2025<\/td><td class=\"column-3\">Wtorki<\/td><td class=\"column-4\">19:30 - 21:00\t<\/td><td class=\"column-5\">12 tygodni*<\/td><td class=\"column-6\">279 \u20ac<\/td>\n<\/tr>\n<tr class=\"row-9\">\n\t<td class=\"column-1\">Sierpie\u0144<\/td><td class=\"column-2\">05.08.2025<\/td><td class=\"column-3\">Czwartki<\/td><td class=\"column-4\">17:45 - 19:15\t<\/td><td class=\"column-5\">12 tygodni*<\/td><td class=\"column-6\">279 \u20ac<\/td>\n<\/tr>\n<tr class=\"row-10\">\n\t<td class=\"column-1\">Wrzesie\u0144<\/td><td class=\"column-2\">04.09.2025\t<\/td><td class=\"column-3\">Wtorki<\/td><td class=\"column-4\">17:45 - 19:15\t<\/td><td class=\"column-5\">12 tygodni*<\/td><td class=\"column-6\">279 \u20ac<\/td>\n<\/tr>\n<tr class=\"row-11\">\n\t<td class=\"column-1\">Pa\u017adziernik<\/td><td class=\"column-2\">07.10.2025\t<\/td><td class=\"column-3\">Czwartki<\/td><td class=\"column-4\">19:30 - 21:00\t<\/td><td class=\"column-5\">12 tygodni*<\/td><td class=\"column-6\">279 \u20ac<\/td>\n<\/tr>\n<tr class=\"row-12\">\n\t<td class=\"column-1\">Listopad<\/td><td class=\"column-2\">06.11.2025\t<\/td><td class=\"column-3\">Wtorki<\/td><td class=\"column-4\">19:30 - 21:00\t<\/td><td class=\"column-5\">12 tygodni*<\/td><td class=\"column-6\">279 \u20ac<\/td>\n<\/tr>\n<tr class=\"row-13\">\n\t<td class=\"column-1\">Grudzie\u0144<\/td><td class=\"column-2\">02.12.2025\t<\/td><td class=\"column-3\">Czwartki<\/td><td class=\"column-4\">17:45 - 19:15\t<\/td><td class=\"column-5\">12 tygodni*<\/td><td class=\"column-6\">279 \u20ac<\/td>\n<\/tr>\n<\/tbody>\n<\/table>\n<!-- #tablepress-197 from cache --><\/p>\n<p>*Czas trwania kursu: od 4 uczestnik\u00f3w = 24 lekcje po 45 minut ka\u017cda (12\/6 tygodni), przy 3 uczestnikach = 20 lekcji po 45 minut ka\u017cda (10\/5 tygodni), przy 2 uczestnikach = 16 lekcji po 45 minut ka\u017cda (8 \/4 tygodnie) ; jedna lekcja = 45 minut[\/vc_column_text]\t<div class=\"vc_btn3-container vc_btn3-inline\">\r\n\t\t<a href=\"#\" class=\"pgs_btn pgs_btn_style_1 pgs_btn_xl\">\r\n\t\t\t<span>\r\n\t\t\t\tZarezerwuj teraz!\t\t\t<\/span>\r\n\t\t\t\t\t\t<i class=\"fas fa-angle-right\"><\/i>\r\n\t\t\t\t\t<\/a>\r\n\t<\/div>\r\n\t[\/vc_column][\/vc_row][vc_row full_width=&#8221;stretch_row&#8221; css=&#8221;.vc_custom_1488052251189{padding-top: 30px !important;padding-bottom: 30px !important;}&#8221;][vc_column][vc_row_inner][vc_column_inner width=&#8221;1\/2&#8243;][vc_column_text]<\/p>\n<p style=\"text-align: center;\">Nasze kursy wieczorowe to oferta dla wszystkich zainteresowanych, kt\u00f3rzy nie maj\u0105 czasu w ci\u0105gu dnia.<\/p>\n<p style=\"text-align: center;\">Z naszymi wykwalifikowanymi i sympatycznymi nauczycielami, kt\u00f3rzy s\u0105 native speakerami, szybko zrobisz post\u0119py na kursie wieczorowym. Kursy odbywaj\u0105 si\u0119 2 razy w tygodniu i trwaj\u0105 minimum 6 tygodni. Co miesi\u0105c rozpoczynaj\u0105 si\u0119 nowe kursy.<\/p>\n<p style=\"text-align: center;\">Je\u017celi masz wcze\u015bniejsze do\u015bwiadczenia z j\u0119zykiem niemieckim i nie jeste\u015b pewny jaki jest Tw\u00f3j obecny poziom, mo\u017cesz wype\u0142ni\u0107 nasz test kwalifikacyjny, kt\u00f3ry pomo\u017ce Ci okre\u015bli\u0107, do jakiej grupy j\u0119zykowej powiniene\u015b si\u0119 zapisa\u0107. Test mo\u017cesz rozwi\u0105za\u0107 online lub w naszej szkole, ca\u0142kowicie za darmo! <span style=\"color: #008000;\">Nie jest on obowi\u0105zkowy,\u00a0<span style=\"color: #000000;\">jednak warto go rozwi\u0105za\u0107, aby nie zostawa\u0107 w tyle w grupie lub \u017ceby nie by\u0107 przyt\u0142oczonym nadmiarem ci\u0119\u017ckiego materia\u0142u.\u00a0<\/span><\/span><\/p>\n<p style=\"text-align: center;\">W Sprachschule Aktiv gwarantujemy zwrot pieni\u0119dzy, je\u015bli po pierwszych zaj\u0119ciach nie b\u0119dziesz usatysfakcjonowany z naszego serwisu, istnieje mo\u017cliwo\u015b\u0107 wycofania swojego zg\u0142oszenia bez ponoszenia dodatkowych koszt\u00f3w.<\/p>\n<p>[\/vc_column_text][\/vc_column_inner][vc_column_inner width=&#8221;1\/2&#8243;][vc_video link=&#8221;https:\/\/vimeo.com\/784068511&#8243; css=&#8221;.vc_custom_1672315404631{padding-top: 20px !important;}&#8221;][\/vc_column_inner][\/vc_row_inner][vc_column_text]<\/p>\n<h2 style=\"text-align: center;\">Kursy wieczorowe dla pocz\u0105tkuj\u0105cych: A1 (A1.1. A1.2) A2 (A2.1, A2.2)<\/h2>\n<p style=\"text-align: center;\">Na kursie dla pocz\u0105tkuj\u0105cych chcemy umo\u017cliwi\u0107 naszym uczestnikom odnalezienie si\u0119 w prawdziwych, codziennych sytuacjach oraz umo\u017cliwi\u015b\u0107 im wyra\u017cenie podstawowych potrzeb i \u017cycze\u0144. Zdob\u0119dziesz podstawow\u0105 wiedz\u0119 gramatyczn\u0105 i zrozumiesz przekaz prostych, codziennych rozmow\u00f3w.<\/p>\n<p>[\/vc_column_text][\/vc_column][\/vc_row][vc_row full_width=&#8221;stretch_row&#8221; css=&#8221;.vc_custom_1488051779695{padding-top: 30px !important;padding-bottom: 30px !important;background-color: #f9f9f9 !important;}&#8221;][vc_column][vc_column_text]<\/p>\n<h2 style=\"text-align: center;\">Kursy j\u0119zyka niemieckiego dla \u015brednio zaawansowanych: B1 (B1.1, B1.2) B2 (B2.1, B2.2)<\/h2>\n<p style=\"text-align: center;\">Poszerzenie zakresu s\u0142ownictwa, umiej\u0119tno\u015bci czytania i pisania tekst\u00f3w oraz prowadzenie konwersacji w sytuacjach z \u017cycia codziennego. Tego wszystkiego nauczysz sie i poprawisz dzieki kontaktowi z nauczycielami j\u0119zyka niemieckiego, dla kt\u00f3rych j\u0119zyk niemiecki jest j\u0119zykiem ojczystym.<\/p>\n<p>[\/vc_column_text][vc_column_text]<\/p>\n<h2 style=\"text-align: center;\">Kursy j\u0119zyka niemieckiego dla zaawansowanych: C1 (C1.1, C1.2), C2 (C2.1, C2.2)<\/h2>\n<p style=\"text-align: center;\">Cel: Umiej\u0119tno\u015b\u0107 wzi\u0119cia udzia\u0142u w rozmowach i dyskusjach na tematy z \u017cycia codziennego prowadzonych w szybkim tempie. Doskona\u0142a znajomo\u015b\u0107 gramatyczna oraz zdobycie certyfikatu, bardzo istotnego, je\u017celi chcesz podj\u0105\u0107 prac\u0119 lub szkolnictwo w Niemczech.<\/p>\n<p style=\"text-align: center;\">Wszyscy nasi nauczyciele j\u0119zyka niemieckiego s\u0105 native speakerami, posiadaj\u0105 odpowiedni dyplom uko\u0144czenia studi\u00f3w wy\u017cszych i dysponuj\u0105 doskona\u0142ym przygotowaniem zawodowym oraz ogromn\u0105 motywacj\u0105, co gwarantuje najwy\u017cszy poziom naszych kurs\u00f3w.<\/p>\n<p>[\/vc_column_text][\/vc_column][\/vc_row][vc_row full_width=&#8221;stretch_row&#8221; equal_height=&#8221;yes&#8221; content_placement=&#8221;middle&#8221; el_class=&#8221;action-box m-b-none theme-bg-color&#8221; css=&#8221;.vc_custom_1487762904994{padding-top: 25px !important;padding-bottom: 30px !important;}&#8221;][vc_column width=&#8221;2\/3&#8243;][vc_column_text]<\/p>\n<h3 class=\"text-white\">Napisz do nas!<\/h3>\n<p class=\"text-white\">Nauka niemieckiego w Monachium &#8211; Szko\u0142a j\u0119zyka niemieckiego w Monachium &#8220;Sprachschule Aktiv M\u00fcnchen&#8221;<\/p>\n<p>[\/vc_column_text][\/vc_column][vc_column width=&#8221;1\/3&#8243; el_class=&#8221;text-right&#8221;]\t<div class=\"vc_btn3-container vc_btn3-inline\">\r\n\t\t<a href=\"\/pl\/kontakt\/\" class=\"pgs_btn pgs_btn_style_3 pgs_btn_xl\">\r\n\t\t\t<span>\r\n\t\t\t\tNapisz do nas!\t\t\t<\/span>\r\n\t\t\t\t\t\t<i class=\"fa fa-chevron-right\"><\/i>\r\n\t\t\t\t\t<\/a>\r\n\t<\/div>\r\n\t[\/vc_column][\/vc_row]<\/p>\n","protected":false},"excerpt":{"rendered":"<p>[vc_row css=&#8221;.vc_custom_1488051725101{padding-top: 30px !important;padding-bottom: 30px !important;}&#8221;][vc_column][vc_column_text] Kursy wieczorowe j\u0119zyka niemieckiego w Monachium Nasze interaktywne wieczorowe kursy niemieckiego s\u0105 odpowiednie dla pocz\u0105tkuj\u0105cych i zaawansowanych uczni\u00f3w na wszystkich poziomach od A1 do C2. Kurs trwa 6 lub 12 tygodni, w ma\u0142ych grupach. Na koniec ka\u017cdego kursu j\u0119zykowego otrzymasz certyfikat opisuj\u0105cy Tw\u00f3j poziom niemieckiego. Pozw\u00f3l nam przekona\u0107 Ci\u0119&hellip; <a class=\"read-more\" href=\"https:\/\/www.sprachschule-aktiv-muenchen.de\/pl\/kursy-grupowe\/\" title=\"Read Kurs wieczorowy\">Read more &raquo;<\/a><\/p>\n","protected":false},"author":2,"featured_media":0,"parent":0,"menu_order":0,"comment_status":"closed","ping_status":"closed","template":"","meta":{"footnotes":""},"class_list":["post-12364","page","type-page","status-publish","hentry"],"yoast_head":"<!-- This site is optimized with the Yoast SEO plugin v27.1.1 - https:\/\/yoast.com\/product\/yoast-seo-wordpress\/ -->\n<title>Grupowe kursy j\u0229zyka niemieckiego w Monachium<\/title>\n<meta name=\"description\" content=\"Zapraszamy na kursy grupowe! w Sprachschule-Aktiv szybko i efektywnie nauczysz si\u0119 j\u0119zyka niemieckiego w ma\u0142ych grupach z wykwalifikowanym native speakerem\" \/>\n<meta name=\"robots\" content=\"index, follow, max-snippet:-1, max-image-preview:large, max-video-preview:-1\" \/>\n<link rel=\"canonical\" href=\"https:\/\/www.sprachschule-aktiv-muenchen.de\/pl\/kursy-grupowe\/\" \/>\n<meta property=\"og:locale\" content=\"pl_PL\" \/>\n<meta property=\"og:type\" content=\"article\" \/>\n<meta property=\"og:title\" content=\"Grupowe kursy j\u0229zyka niemieckiego w Monachium\" \/>\n<meta property=\"og:description\" content=\"Zapraszamy na kursy grupowe! w Sprachschule-Aktiv szybko i efektywnie nauczysz si\u0119 j\u0119zyka niemieckiego w ma\u0142ych grupach z wykwalifikowanym native speakerem\" \/>\n<meta property=\"og:url\" content=\"https:\/\/www.sprachschule-aktiv-muenchen.de\/pl\/kursy-grupowe\/\" \/>\n<meta property=\"og:site_name\" content=\"Sprachschule Aktiv\" \/>\n<meta property=\"article:modified_time\" content=\"2024-12-18T12:54:20+00:00\" \/>\n<meta name=\"twitter:card\" content=\"summary_large_image\" \/>\n<meta name=\"twitter:label1\" content=\"Szacowany czas czytania\" \/>\n\t<meta name=\"twitter:data1\" content=\"4 minuty\" \/>\n<script type=\"application\/ld+json\" class=\"yoast-schema-graph\">{\"@context\":\"https:\/\/schema.org\",\"@graph\":[{\"@type\":\"WebPage\",\"@id\":\"https:\/\/www.sprachschule-aktiv-muenchen.de\/pl\/kursy-grupowe\/\",\"url\":\"https:\/\/www.sprachschule-aktiv-muenchen.de\/pl\/kursy-grupowe\/\",\"name\":\"Grupowe kursy j\u0229zyka niemieckiego w Monachium\",\"isPartOf\":{\"@id\":\"https:\/\/www.sprachschule-aktiv-muenchen.de\/#website\"},\"datePublished\":\"2017-02-25T19:59:33+00:00\",\"dateModified\":\"2024-12-18T12:54:20+00:00\",\"description\":\"Zapraszamy na kursy grupowe! w Sprachschule-Aktiv szybko i efektywnie nauczysz si\u0119 j\u0119zyka niemieckiego w ma\u0142ych grupach z wykwalifikowanym native speakerem\",\"breadcrumb\":{\"@id\":\"https:\/\/www.sprachschule-aktiv-muenchen.de\/pl\/kursy-grupowe\/#breadcrumb\"},\"inLanguage\":\"pl-PL\",\"potentialAction\":[{\"@type\":\"ReadAction\",\"target\":[\"https:\/\/www.sprachschule-aktiv-muenchen.de\/pl\/kursy-grupowe\/\"]}]},{\"@type\":\"BreadcrumbList\",\"@id\":\"https:\/\/www.sprachschule-aktiv-muenchen.de\/pl\/kursy-grupowe\/#breadcrumb\",\"itemListElement\":[{\"@type\":\"ListItem\",\"position\":1,\"name\":\"Portada\",\"item\":\"https:\/\/www.sprachschule-aktiv-muenchen.de\/pl\/\"},{\"@type\":\"ListItem\",\"position\":2,\"name\":\"Kurs wieczorowy\"}]},{\"@type\":\"WebSite\",\"@id\":\"https:\/\/www.sprachschule-aktiv-muenchen.de\/#website\",\"url\":\"https:\/\/www.sprachschule-aktiv-muenchen.de\/\",\"name\":\"Sprachschule Aktiv\",\"description\":\"\",\"potentialAction\":[{\"@type\":\"SearchAction\",\"target\":{\"@type\":\"EntryPoint\",\"urlTemplate\":\"https:\/\/www.sprachschule-aktiv-muenchen.de\/?s={search_term_string}\"},\"query-input\":{\"@type\":\"PropertyValueSpecification\",\"valueRequired\":true,\"valueName\":\"search_term_string\"}}],\"inLanguage\":\"pl-PL\"}]}<\/script>\n<!-- \/ Yoast SEO plugin. -->","yoast_head_json":{"title":"Grupowe kursy j\u0229zyka niemieckiego w Monachium","description":"Zapraszamy na kursy grupowe! w Sprachschule-Aktiv szybko i efektywnie nauczysz si\u0119 j\u0119zyka niemieckiego w ma\u0142ych grupach z wykwalifikowanym native speakerem","robots":{"index":"index","follow":"follow","max-snippet":"max-snippet:-1","max-image-preview":"max-image-preview:large","max-video-preview":"max-video-preview:-1"},"canonical":"https:\/\/www.sprachschule-aktiv-muenchen.de\/pl\/kursy-grupowe\/","og_locale":"pl_PL","og_type":"article","og_title":"Grupowe kursy j\u0229zyka niemieckiego w Monachium","og_description":"Zapraszamy na kursy grupowe! w Sprachschule-Aktiv szybko i efektywnie nauczysz si\u0119 j\u0119zyka niemieckiego w ma\u0142ych grupach z wykwalifikowanym native speakerem","og_url":"https:\/\/www.sprachschule-aktiv-muenchen.de\/pl\/kursy-grupowe\/","og_site_name":"Sprachschule Aktiv","article_modified_time":"2024-12-18T12:54:20+00:00","twitter_card":"summary_large_image","twitter_misc":{"Szacowany czas czytania":"4 minuty"},"schema":{"@context":"https:\/\/schema.org","@graph":[{"@type":"WebPage","@id":"https:\/\/www.sprachschule-aktiv-muenchen.de\/pl\/kursy-grupowe\/","url":"https:\/\/www.sprachschule-aktiv-muenchen.de\/pl\/kursy-grupowe\/","name":"Grupowe kursy j\u0229zyka niemieckiego w Monachium","isPartOf":{"@id":"https:\/\/www.sprachschule-aktiv-muenchen.de\/#website"},"datePublished":"2017-02-25T19:59:33+00:00","dateModified":"2024-12-18T12:54:20+00:00","description":"Zapraszamy na kursy grupowe! w Sprachschule-Aktiv szybko i efektywnie nauczysz si\u0119 j\u0119zyka niemieckiego w ma\u0142ych grupach z wykwalifikowanym native speakerem","breadcrumb":{"@id":"https:\/\/www.sprachschule-aktiv-muenchen.de\/pl\/kursy-grupowe\/#breadcrumb"},"inLanguage":"pl-PL","potentialAction":[{"@type":"ReadAction","target":["https:\/\/www.sprachschule-aktiv-muenchen.de\/pl\/kursy-grupowe\/"]}]},{"@type":"BreadcrumbList","@id":"https:\/\/www.sprachschule-aktiv-muenchen.de\/pl\/kursy-grupowe\/#breadcrumb","itemListElement":[{"@type":"ListItem","position":1,"name":"Portada","item":"https:\/\/www.sprachschule-aktiv-muenchen.de\/pl\/"},{"@type":"ListItem","position":2,"name":"Kurs wieczorowy"}]},{"@type":"WebSite","@id":"https:\/\/www.sprachschule-aktiv-muenchen.de\/#website","url":"https:\/\/www.sprachschule-aktiv-muenchen.de\/","name":"Sprachschule Aktiv","description":"","potentialAction":[{"@type":"SearchAction","target":{"@type":"EntryPoint","urlTemplate":"https:\/\/www.sprachschule-aktiv-muenchen.de\/?s={search_term_string}"},"query-input":{"@type":"PropertyValueSpecification","valueRequired":true,"valueName":"search_term_string"}}],"inLanguage":"pl-PL"}]}},"_links":{"self":[{"href":"https:\/\/www.sprachschule-aktiv-muenchen.de\/pl\/wp-json\/wp\/v2\/pages\/12364","targetHints":{"allow":["GET"]}}],"collection":[{"href":"https:\/\/www.sprachschule-aktiv-muenchen.de\/pl\/wp-json\/wp\/v2\/pages"}],"about":[{"href":"https:\/\/www.sprachschule-aktiv-muenchen.de\/pl\/wp-json\/wp\/v2\/types\/page"}],"author":[{"embeddable":true,"href":"https:\/\/www.sprachschule-aktiv-muenchen.de\/pl\/wp-json\/wp\/v2\/users\/2"}],"replies":[{"embeddable":true,"href":"https:\/\/www.sprachschule-aktiv-muenchen.de\/pl\/wp-json\/wp\/v2\/comments?post=12364"}],"version-history":[{"count":17,"href":"https:\/\/www.sprachschule-aktiv-muenchen.de\/pl\/wp-json\/wp\/v2\/pages\/12364\/revisions"}],"predecessor-version":[{"id":79375,"href":"https:\/\/www.sprachschule-aktiv-muenchen.de\/pl\/wp-json\/wp\/v2\/pages\/12364\/revisions\/79375"}],"wp:attachment":[{"href":"https:\/\/www.sprachschule-aktiv-muenchen.de\/pl\/wp-json\/wp\/v2\/media?parent=12364"}],"curies":[{"name":"wp","href":"https:\/\/api.w.org\/{rel}","templated":true}]}}