{"id":12339,"date":"2017-02-25T20:40:58","date_gmt":"2017-02-25T19:40:58","guid":{"rendered":"https:\/\/www.sprachschule-aktiv-muenchen.de\/?page_id=12339\/"},"modified":"2024-12-18T13:36:57","modified_gmt":"2024-12-18T12:36:57","slug":"niemiecki-semi-intensive","status":"publish","type":"page","link":"https:\/\/www.sprachschule-aktiv-muenchen.de\/pl\/niemiecki-semi-intensive\/","title":{"rendered":"Kurs semi-intensywny"},"content":{"rendered":"<p>[vc_row css=&#8221;.vc_custom_1488051635163{padding-top: 30px !important;}&#8221;][vc_column width=&#8221;1\/2&#8243;][vc_column_text]<\/p>\n<h1>P\u00f3\u0142intensywny kurs j\u0119zyka niemieckiego w Monachium<\/h1>\n<p>Chc\u0105 Pa\u0144stwo szybko i efektywnie nauczy\u0107 si\u0119 j\u0119zyka niemieckiego? Z nami jest to mo\u017cliwe! Z Sprachschule Aktiv, ucz\u0105 si\u0119 Pa\u0144stwo w szybkim tempie jak r\u00f3wnie\u017c maj\u0105 mo\u017cliwo\u015b\u0107 podszkolenia wsze\u015bniej nabytych umiej\u0119tno\u015bci j\u0119zykowych.<\/p>\n<p>Kurs p\u00f3\u0142intensywny w por\u00f3wnaniu z intensywnym odbywa si\u0119 od poniedzia\u0142ku do czwartku, co oznacza \u017ce masz jeden dodatkowy dzie\u0144 wolnego w tygodniu. Ten kurs jest r\u00f3wnie\u017c ta\u0144szy, nie oznacza to jednak, \u017ce tracisz przy tym na jako\u015bci nauczania[\/vc_column_text]\t<div class=\"vc_btn3-container vc_btn3-inline\">\r\n\t\t<a href=\"\/pl\/rejestrowanie\/\" class=\"pgs_btn pgs_btn_style_1 pgs_btn_lg\">\r\n\t\t\t<span>\r\n\t\t\t\tZainteresowany? Zarejestruj si\u0119!\t\t\t<\/span>\r\n\t\t\t\t\t<\/a>\r\n\t<\/div>\r\n\t[\/vc_column][vc_column width=&#8221;1\/2&#8243;][vc_single_image image=&#8221;12344&#8243; img_size=&#8221;full&#8221;][\/vc_column][\/vc_row][vc_row full_width=&#8221;stretch_row&#8221; css=&#8221;.vc_custom_1488051264360{padding-top: 30px !important;padding-bottom: 30px !important;background-color: #f9f9f9 !important;}&#8221;][vc_column][vc_column_text]<\/p>\n<h2>Terminy rozpocz\u0119cia 2025<\/h2>\n\n<table id=\"tablepress-64\" class=\"tablepress tablepress-id-64 tablepress-responsive\">\n<thead>\n<tr class=\"row-1\">\n\t<th colspan=\"3\" class=\"column-1\">od pon. do czw.<br \/>\n9:00 - 12:00<\/th>\n<\/tr>\n<\/thead>\n<tbody class=\"row-striping row-hover\">\n<tr class=\"row-2\">\n\t<td class=\"column-1\">STYCZE\u0143<\/td><td class=\"column-2\">LUTY<\/td><td class=\"column-3\">MARZEC<\/td>\n<\/tr>\n<tr class=\"row-3\">\n\t<td class=\"column-1\">*Wtorek 07.01<\/td><td class=\"column-2\">Poniedzia\u0142ek 03.02<\/td><td class=\"column-3\">Poniedzia\u0142ek 03.03<\/td>\n<\/tr>\n<tr class=\"row-4\">\n\t<td class=\"column-1\">KWIECIE\u0143<\/td><td class=\"column-2\">MAJ<\/td><td class=\"column-3\">CZERWIEC<\/td>\n<\/tr>\n<tr class=\"row-5\">\n\t<td class=\"column-1\">*Poniedzia\u0142ek 31.03<\/td><td class=\"column-2\">Poniedzia\u0142ek 05.05<\/td><td class=\"column-3\">Poniedzia\u0142ek 02.06<\/td>\n<\/tr>\n<tr class=\"row-6\">\n\t<td class=\"column-1\">LIPIEC<\/td><td class=\"column-2\">SIERPIE\u0143<\/td><td class=\"column-3\">WRZESIE\u0143<\/td>\n<\/tr>\n<tr class=\"row-7\">\n\t<td class=\"column-1\">Poniedzia\u0142ek 07.07<\/td><td class=\"column-2\">Poniedzia\u0142ek 04.08<\/td><td class=\"column-3\">Poniedzia\u0142ek 01.09<\/td>\n<\/tr>\n<tr class=\"row-8\">\n\t<td class=\"column-1\">PA\u0179DZIERNIK<\/td><td class=\"column-2\">LISTOPAD<\/td><td class=\"column-3\">GRUDZIE\u0143<\/td>\n<\/tr>\n<tr class=\"row-9\">\n\t<td class=\"column-1\">*Poniedzia\u0142ek 29.09<\/td><td class=\"column-2\">*Poniedzia\u0142ek 27.10<\/td><td class=\"column-3\">*Poniedzia\u0142ek 24.11<\/td>\n<\/tr>\n<tr class=\"row-10\">\n\t<td class=\"column-1\"><\/td><td class=\"column-2\"><\/td><td class=\"column-3\"><\/td>\n<\/tr>\n<tr class=\"row-11\">\n\t<td class=\"column-1\">CENA<\/td><td class=\"column-2\"><\/td><td class=\"column-3\"><\/td>\n<\/tr>\n<tr class=\"row-12\">\n\t<td class=\"column-1\">4 tygodnie: 319\u20ac<br \/>\n<\/td><td class=\"column-2\"><\/td><td class=\"column-3\"><\/td>\n<\/tr>\n<\/tbody>\n<\/table>\n<!-- #tablepress-64 from cache -->\n<a href=\"https:\/\/www.sprachschule-aktiv-muenchen.de\/pl\/rejestrowanie\/\"><img decoding=\"async\" class=\"alignnone size-full wp-image-57808\" src=\"https:\/\/www.sprachschule-aktiv-muenchen.de\/wp-content\/uploads\/2020\/06\/boton2.png\" alt=\"zarezerwuj teraz!\" width=\"265\" height=\"58\" \/><\/a>\n<p>Opr\u00f3cz wykwalifikowanych native speaker\u00f3w ucz\u0105cych w naszej szkole, oferujemy r\u00f3wnie\u017c r\u00f3\u017cnorodny program kulturalny i rekreacyjny. A wszystko to, aby umili\u0107 Pa\u0144stwu nauk\u0119 j\u0119zyka obcego oraz stworzy\u0107 okazj\u0119 do praktykowania umiej\u0119tno\u015bci j\u0119zykowych w sytuacjach codziennych. Kursy j\u0119zykowe w Sprachschule Aktiv odbywaj\u0105 si\u0119 przez ca\u0142y rok. W lipcu i sierpniu mog\u0105 Pa\u0144stwo r\u00f3wnie\u017c wzi\u0105\u0107 udzia\u0142 w kursach wakacyjnych.[\/vc_column_text][\/vc_column][\/vc_row]<\/p>\n","protected":false},"excerpt":{"rendered":"<p>[vc_row css=&#8221;.vc_custom_1488051635163{padding-top: 30px !important;}&#8221;][vc_column width=&#8221;1\/2&#8243;][vc_column_text] P\u00f3\u0142intensywny kurs j\u0119zyka niemieckiego w Monachium Chc\u0105 Pa\u0144stwo szybko i efektywnie nauczy\u0107 si\u0119 j\u0119zyka niemieckiego? Z nami jest to mo\u017cliwe! Z Sprachschule Aktiv, ucz\u0105 si\u0119 Pa\u0144stwo w szybkim tempie jak r\u00f3wnie\u017c maj\u0105 mo\u017cliwo\u015b\u0107 podszkolenia wsze\u015bniej nabytych umiej\u0119tno\u015bci j\u0119zykowych. Kurs p\u00f3\u0142intensywny w por\u00f3wnaniu z intensywnym odbywa si\u0119 od poniedzia\u0142ku do czwartku,&hellip; <a class=\"read-more\" href=\"https:\/\/www.sprachschule-aktiv-muenchen.de\/pl\/niemiecki-semi-intensive\/\" title=\"Read Kurs semi-intensywny\">Read more &raquo;<\/a><\/p>\n","protected":false},"author":2,"featured_media":0,"parent":0,"menu_order":0,"comment_status":"closed","ping_status":"closed","template":"","meta":{"footnotes":""},"class_list":["post-12339","page","type-page","status-publish","hentry"],"yoast_head":"<!-- This site is optimized with the Yoast SEO plugin v27.1.1 - https:\/\/yoast.com\/product\/yoast-seo-wordpress\/ -->\n<title>P\u00f3\u0142intensywny kurs j\u0229zyka niemieckiego w Monachium<\/title>\n<meta name=\"description\" content=\"Intensywna nauka j\u0229zyka niemieckiego w Monachium. Zapraszamy na kursy j\u0119zykowe do naszych wykwalifikowanych i sympatycznych native speaker\u00f3w!\" \/>\n<meta name=\"robots\" content=\"index, follow, max-snippet:-1, max-image-preview:large, max-video-preview:-1\" \/>\n<link rel=\"canonical\" href=\"https:\/\/www.sprachschule-aktiv-muenchen.de\/pl\/niemiecki-semi-intensive\/\" \/>\n<meta property=\"og:locale\" content=\"pl_PL\" \/>\n<meta property=\"og:type\" content=\"article\" \/>\n<meta property=\"og:title\" content=\"P\u00f3\u0142intensywny kurs j\u0229zyka niemieckiego w Monachium\" \/>\n<meta property=\"og:description\" content=\"Intensywna nauka j\u0229zyka niemieckiego w Monachium. Zapraszamy na kursy j\u0119zykowe do naszych wykwalifikowanych i sympatycznych native speaker\u00f3w!\" \/>\n<meta property=\"og:url\" content=\"https:\/\/www.sprachschule-aktiv-muenchen.de\/pl\/niemiecki-semi-intensive\/\" \/>\n<meta property=\"og:site_name\" content=\"Sprachschule Aktiv\" \/>\n<meta property=\"article:modified_time\" content=\"2024-12-18T12:36:57+00:00\" \/>\n<meta property=\"og:image\" content=\"https:\/\/www.sprachschule-aktiv-muenchen.de\/wp-content\/uploads\/2020\/06\/boton2.png\" \/>\n<meta name=\"twitter:card\" content=\"summary_large_image\" \/>\n<meta name=\"twitter:label1\" content=\"Szacowany czas czytania\" \/>\n\t<meta name=\"twitter:data1\" content=\"2 minuty\" \/>\n<script type=\"application\/ld+json\" class=\"yoast-schema-graph\">{\"@context\":\"https:\/\/schema.org\",\"@graph\":[{\"@type\":\"WebPage\",\"@id\":\"https:\/\/www.sprachschule-aktiv-muenchen.de\/pl\/niemiecki-semi-intensive\/\",\"url\":\"https:\/\/www.sprachschule-aktiv-muenchen.de\/pl\/niemiecki-semi-intensive\/\",\"name\":\"P\u00f3\u0142intensywny kurs j\u0229zyka niemieckiego w Monachium\",\"isPartOf\":{\"@id\":\"https:\/\/www.sprachschule-aktiv-muenchen.de\/#website\"},\"primaryImageOfPage\":{\"@id\":\"https:\/\/www.sprachschule-aktiv-muenchen.de\/pl\/niemiecki-semi-intensive\/#primaryimage\"},\"image\":{\"@id\":\"https:\/\/www.sprachschule-aktiv-muenchen.de\/pl\/niemiecki-semi-intensive\/#primaryimage\"},\"thumbnailUrl\":\"https:\/\/www.sprachschule-aktiv-muenchen.de\/wp-content\/uploads\/2020\/06\/boton2.png\",\"datePublished\":\"2017-02-25T19:40:58+00:00\",\"dateModified\":\"2024-12-18T12:36:57+00:00\",\"description\":\"Intensywna nauka j\u0229zyka niemieckiego w Monachium. Zapraszamy na kursy j\u0119zykowe do naszych wykwalifikowanych i sympatycznych native speaker\u00f3w!\",\"breadcrumb\":{\"@id\":\"https:\/\/www.sprachschule-aktiv-muenchen.de\/pl\/niemiecki-semi-intensive\/#breadcrumb\"},\"inLanguage\":\"pl-PL\",\"potentialAction\":[{\"@type\":\"ReadAction\",\"target\":[\"https:\/\/www.sprachschule-aktiv-muenchen.de\/pl\/niemiecki-semi-intensive\/\"]}]},{\"@type\":\"ImageObject\",\"inLanguage\":\"pl-PL\",\"@id\":\"https:\/\/www.sprachschule-aktiv-muenchen.de\/pl\/niemiecki-semi-intensive\/#primaryimage\",\"url\":\"https:\/\/www.sprachschule-aktiv-muenchen.de\/wp-content\/uploads\/2020\/06\/boton2.png\",\"contentUrl\":\"https:\/\/www.sprachschule-aktiv-muenchen.de\/wp-content\/uploads\/2020\/06\/boton2.png\"},{\"@type\":\"BreadcrumbList\",\"@id\":\"https:\/\/www.sprachschule-aktiv-muenchen.de\/pl\/niemiecki-semi-intensive\/#breadcrumb\",\"itemListElement\":[{\"@type\":\"ListItem\",\"position\":1,\"name\":\"Portada\",\"item\":\"https:\/\/www.sprachschule-aktiv-muenchen.de\/pl\/\"},{\"@type\":\"ListItem\",\"position\":2,\"name\":\"Kurs semi-intensywny\"}]},{\"@type\":\"WebSite\",\"@id\":\"https:\/\/www.sprachschule-aktiv-muenchen.de\/#website\",\"url\":\"https:\/\/www.sprachschule-aktiv-muenchen.de\/\",\"name\":\"Sprachschule Aktiv\",\"description\":\"\",\"potentialAction\":[{\"@type\":\"SearchAction\",\"target\":{\"@type\":\"EntryPoint\",\"urlTemplate\":\"https:\/\/www.sprachschule-aktiv-muenchen.de\/?s={search_term_string}\"},\"query-input\":{\"@type\":\"PropertyValueSpecification\",\"valueRequired\":true,\"valueName\":\"search_term_string\"}}],\"inLanguage\":\"pl-PL\"}]}<\/script>\n<!-- \/ Yoast SEO plugin. -->","yoast_head_json":{"title":"P\u00f3\u0142intensywny kurs j\u0229zyka niemieckiego w Monachium","description":"Intensywna nauka j\u0229zyka niemieckiego w Monachium. Zapraszamy na kursy j\u0119zykowe do naszych wykwalifikowanych i sympatycznych native speaker\u00f3w!","robots":{"index":"index","follow":"follow","max-snippet":"max-snippet:-1","max-image-preview":"max-image-preview:large","max-video-preview":"max-video-preview:-1"},"canonical":"https:\/\/www.sprachschule-aktiv-muenchen.de\/pl\/niemiecki-semi-intensive\/","og_locale":"pl_PL","og_type":"article","og_title":"P\u00f3\u0142intensywny kurs j\u0229zyka niemieckiego w Monachium","og_description":"Intensywna nauka j\u0229zyka niemieckiego w Monachium. Zapraszamy na kursy j\u0119zykowe do naszych wykwalifikowanych i sympatycznych native speaker\u00f3w!","og_url":"https:\/\/www.sprachschule-aktiv-muenchen.de\/pl\/niemiecki-semi-intensive\/","og_site_name":"Sprachschule Aktiv","article_modified_time":"2024-12-18T12:36:57+00:00","og_image":[{"url":"https:\/\/www.sprachschule-aktiv-muenchen.de\/wp-content\/uploads\/2020\/06\/boton2.png","type":"","width":"","height":""}],"twitter_card":"summary_large_image","twitter_misc":{"Szacowany czas czytania":"2 minuty"},"schema":{"@context":"https:\/\/schema.org","@graph":[{"@type":"WebPage","@id":"https:\/\/www.sprachschule-aktiv-muenchen.de\/pl\/niemiecki-semi-intensive\/","url":"https:\/\/www.sprachschule-aktiv-muenchen.de\/pl\/niemiecki-semi-intensive\/","name":"P\u00f3\u0142intensywny kurs j\u0229zyka niemieckiego w Monachium","isPartOf":{"@id":"https:\/\/www.sprachschule-aktiv-muenchen.de\/#website"},"primaryImageOfPage":{"@id":"https:\/\/www.sprachschule-aktiv-muenchen.de\/pl\/niemiecki-semi-intensive\/#primaryimage"},"image":{"@id":"https:\/\/www.sprachschule-aktiv-muenchen.de\/pl\/niemiecki-semi-intensive\/#primaryimage"},"thumbnailUrl":"https:\/\/www.sprachschule-aktiv-muenchen.de\/wp-content\/uploads\/2020\/06\/boton2.png","datePublished":"2017-02-25T19:40:58+00:00","dateModified":"2024-12-18T12:36:57+00:00","description":"Intensywna nauka j\u0229zyka niemieckiego w Monachium. Zapraszamy na kursy j\u0119zykowe do naszych wykwalifikowanych i sympatycznych native speaker\u00f3w!","breadcrumb":{"@id":"https:\/\/www.sprachschule-aktiv-muenchen.de\/pl\/niemiecki-semi-intensive\/#breadcrumb"},"inLanguage":"pl-PL","potentialAction":[{"@type":"ReadAction","target":["https:\/\/www.sprachschule-aktiv-muenchen.de\/pl\/niemiecki-semi-intensive\/"]}]},{"@type":"ImageObject","inLanguage":"pl-PL","@id":"https:\/\/www.sprachschule-aktiv-muenchen.de\/pl\/niemiecki-semi-intensive\/#primaryimage","url":"https:\/\/www.sprachschule-aktiv-muenchen.de\/wp-content\/uploads\/2020\/06\/boton2.png","contentUrl":"https:\/\/www.sprachschule-aktiv-muenchen.de\/wp-content\/uploads\/2020\/06\/boton2.png"},{"@type":"BreadcrumbList","@id":"https:\/\/www.sprachschule-aktiv-muenchen.de\/pl\/niemiecki-semi-intensive\/#breadcrumb","itemListElement":[{"@type":"ListItem","position":1,"name":"Portada","item":"https:\/\/www.sprachschule-aktiv-muenchen.de\/pl\/"},{"@type":"ListItem","position":2,"name":"Kurs semi-intensywny"}]},{"@type":"WebSite","@id":"https:\/\/www.sprachschule-aktiv-muenchen.de\/#website","url":"https:\/\/www.sprachschule-aktiv-muenchen.de\/","name":"Sprachschule Aktiv","description":"","potentialAction":[{"@type":"SearchAction","target":{"@type":"EntryPoint","urlTemplate":"https:\/\/www.sprachschule-aktiv-muenchen.de\/?s={search_term_string}"},"query-input":{"@type":"PropertyValueSpecification","valueRequired":true,"valueName":"search_term_string"}}],"inLanguage":"pl-PL"}]}},"_links":{"self":[{"href":"https:\/\/www.sprachschule-aktiv-muenchen.de\/pl\/wp-json\/wp\/v2\/pages\/12339","targetHints":{"allow":["GET"]}}],"collection":[{"href":"https:\/\/www.sprachschule-aktiv-muenchen.de\/pl\/wp-json\/wp\/v2\/pages"}],"about":[{"href":"https:\/\/www.sprachschule-aktiv-muenchen.de\/pl\/wp-json\/wp\/v2\/types\/page"}],"author":[{"embeddable":true,"href":"https:\/\/www.sprachschule-aktiv-muenchen.de\/pl\/wp-json\/wp\/v2\/users\/2"}],"replies":[{"embeddable":true,"href":"https:\/\/www.sprachschule-aktiv-muenchen.de\/pl\/wp-json\/wp\/v2\/comments?post=12339"}],"version-history":[{"count":10,"href":"https:\/\/www.sprachschule-aktiv-muenchen.de\/pl\/wp-json\/wp\/v2\/pages\/12339\/revisions"}],"predecessor-version":[{"id":79372,"href":"https:\/\/www.sprachschule-aktiv-muenchen.de\/pl\/wp-json\/wp\/v2\/pages\/12339\/revisions\/79372"}],"wp:attachment":[{"href":"https:\/\/www.sprachschule-aktiv-muenchen.de\/pl\/wp-json\/wp\/v2\/media?parent=12339"}],"curies":[{"name":"wp","href":"https:\/\/api.w.org\/{rel}","templated":true}]}}