{"id":12329,"date":"2017-02-25T20:32:28","date_gmt":"2017-02-25T19:32:28","guid":{"rendered":"https:\/\/www.sprachschule-aktiv-muenchen.de\/?page_id=12329\/"},"modified":"2024-12-20T10:51:21","modified_gmt":"2024-12-20T09:51:21","slug":"kursy-intensywne","status":"publish","type":"page","link":"https:\/\/www.sprachschule-aktiv-muenchen.de\/pl\/kursy-intensywne\/","title":{"rendered":"Kurs intensywny"},"content":{"rendered":"<p>[vc_row css=&#8221;.vc_custom_1488050034176{padding-top: 30px !important;padding-bottom: 30px !important;}&#8221;][vc_column][vc_column_text]<\/p>\n<h1>Intensywne kursy j\u0119zyka niemieckiego w Monachium &#8211; A1, A2, B1, B2, C1<\/h1>\n<p>Chcia\u0142by\u015b zarezerwowa\u0107 intensywny kurs niemieckiego, ale nie wiesz, na jakim jeste\u015b poziomie nauki? Skorzystaj z naszego niemieckiego testu kwalifikacyjnego online lub przyjd\u017a osobi\u015bcie na He\u00dfstr. 90 w Monachium. Nast\u0119pnie mo\u017cesz tak\u017ce sprawdzi\u0107 swojego przysz\u0142ego nauczyciela na bezp\u0142atnej lekcji pr\u00f3bnej. Czekamy na Ciebie!<\/p>\n<p><a href=\"https:\/\/www.sprachschule-aktiv-muenchen.de\/pl\/kontakt\/\"><img decoding=\"async\" class=\"alignnone size-full wp-image-57784\" src=\"https:\/\/www.sprachschule-aktiv-muenchen.de\/wp-content\/uploads\/2020\/06\/boton1.png\" alt=\"masz pytanie?\" width=\"240\" height=\"58\" \/><\/a>[\/vc_column_text][\/vc_column][\/vc_row][vc_row full_width=&#8221;stretch_row&#8221; css=&#8221;.vc_custom_1488050096323{padding-top: 30px !important;padding-bottom: 30px !important;background-color: #f9f9f9 !important;}&#8221;][vc_column][vc_column_text]<\/p>\n<h2>Intensywne kursy j\u0119zyka niemieckiego w Monachium 2025<\/h2>\n\n<table id=\"tablepress-62\" class=\"tablepress tablepress-id-62 tablepress-responsive tbody-has-connected-cells\">\n<thead>\n<tr class=\"row-1\">\n\t<th colspan=\"3\" class=\"column-1\">od poniedzia\u0142ku do pi\u0105tku w godzinach*: 09:00 - 12:00<\/th>\n<\/tr>\n<\/thead>\n<tbody class=\"row-striping row-hover\">\n<tr class=\"row-2\">\n\t<td class=\"column-1\">STYCZE\u0143<\/td><td class=\"column-2\">LUTY<\/td><td class=\"column-3\">MARZEC<\/td>\n<\/tr>\n<tr class=\"row-3\">\n\t<td class=\"column-1\">*Wtorek 07.01<\/td><td class=\"column-2\">Poniedzia\u0142ek 03.02<\/td><td class=\"column-3\">Poniedzia\u0142ek 03.03<\/td>\n<\/tr>\n<tr class=\"row-4\">\n\t<td class=\"column-1\">KWIECIE\u0143<\/td><td class=\"column-2\">MAJ<\/td><td class=\"column-3\">CZERWIEC<\/td>\n<\/tr>\n<tr class=\"row-5\">\n\t<td class=\"column-1\">*Poniedzia\u0142ek 31.03<\/td><td class=\"column-2\">Poniedzia\u0142ek 05.05<\/td><td class=\"column-3\">Poniedzia\u0142ek 02.06<\/td>\n<\/tr>\n<tr class=\"row-6\">\n\t<td class=\"column-1\">LIPIEC<\/td><td class=\"column-2\">SIERPIE\u0143<\/td><td class=\"column-3\">WRZESIE\u0143<\/td>\n<\/tr>\n<tr class=\"row-7\">\n\t<td class=\"column-1\">Poniedzia\u0142ek 07.07<\/td><td class=\"column-2\">Poniedzia\u0142ek 04.08<\/td><td class=\"column-3\">Poniedzia\u0142ek 01.09<\/td>\n<\/tr>\n<tr class=\"row-8\">\n\t<td class=\"column-1\">PA\u0179DZIERNIK<\/td><td class=\"column-2\">LISTOPAD<\/td><td class=\"column-3\">GRUDZIE\u0143<\/td>\n<\/tr>\n<tr class=\"row-9\">\n\t<td class=\"column-1\">*Poniedzia\u0142ek 29.09<\/td><td class=\"column-2\">*Poniedzia\u0142ek 27.10<\/td><td class=\"column-3\">*Poniedzia\u0142ek 24.11<\/td>\n<\/tr>\n<tr class=\"row-10\">\n\t<td class=\"column-1\"><\/td><td class=\"column-2\"><\/td><td class=\"column-3\"><\/td>\n<\/tr>\n<tr class=\"row-11\">\n\t<td class=\"column-1\"><h2>CENA<\/h2><\/td><td class=\"column-2\"><\/td><td class=\"column-3\"><\/td>\n<\/tr>\n<tr class=\"row-12\">\n\t<td class=\"column-1\">1 Tydzie\u0144: 199\u20ac<br \/>\n2 Tygodnie: 349\u20ac<br \/>\n3 Tygodnie: 411\u20ac<br \/>\n4 Tygodnie: 499\u20ac<\/td><td class=\"column-2\"><\/td><td class=\"column-3\"><\/td>\n<\/tr>\n<tr class=\"row-13\">\n\t<td colspan=\"3\" class=\"column-1\">*20 godzin tygodniowo od 6 os\u00f3b<\/td>\n<\/tr>\n<\/tbody>\n<\/table>\n<!-- #tablepress-62 from cache -->\n<p><a href=\"https:\/\/www.sprachschule-aktiv-muenchen.de\/pl\/rejestrowanie\/\"><img decoding=\"async\" class=\"alignnone size-full wp-image-57808\" src=\"https:\/\/www.sprachschule-aktiv-muenchen.de\/wp-content\/uploads\/2020\/06\/boton2.png\" alt=\"zarezerwuj teraz!\" width=\"265\" height=\"58\" \/><\/a>[\/vc_column_text][vc_column_text]<\/p>\n<h2>kurs j\u0119zyka niemieckiego dla pocz\u0105tkuj\u0105cych i zaawansowanych<\/h2>\n<p>Uczymy na wszystkich poziomach, od pocz\u0105tkuj\u0105cych do zaawansowanych. Dzi\u0119ki ma\u0142ym grupom nauczyciel jest w stanie skupi\u0107 si\u0119 na ka\u017cdym uczestniku kursu. Integrujemy cz\u0119\u015bci egzaminacyjne i kompletny test modelowy z centr\u00f3w egzaminacyjnych telc w naszych kursach intensywnych (20 lekcji tygodniowo), aby\u015b m\u00f3g\u0142 otrzyma\u0107 rzeteln\u0105 ocen\u0119 swoich post\u0119p\u00f3w. Wi\u0119cej informacji o telc mo\u017cna znale\u017a\u0107 tutaj!<\/p>\n<table width=\"0\">\n<tbody>\n<tr>\n<td width=\"183\">p\u00f3\u0142intensywny<\/td>\n<td width=\"181\">intensywny<\/td>\n<td width=\"200\">intensywny +<\/td>\n<td width=\"170\">wieczorowy<\/td>\n<\/tr>\n<tr>\n<td width=\"183\">319\u20ac<\/p>\n<p>4 tygodnie<\/p>\n<p>od poniedzia\u0142ku do czwartku<\/p>\n<p>9:00-12:00 \/ 12:15-15:15<\/p>\n<p>4 tygodnie x 4 dni x 3h<\/p>\n<p>6,0\u20ac za godzin\u0119<\/p>\n<p>&nbsp;<\/td>\n<td width=\"181\">499\u20ac<\/p>\n<p>4 tygodnie<\/p>\n<p>od poniedzia\u0142ku do pi\u0105tku<\/p>\n<p>9:00-12:00 \/ 12:15-15:15<\/p>\n<p>4 tygodnie x 5 dni x 3h<\/p>\n<p>8,3\u20ac za godzin\u0119<\/p>\n<p>&nbsp;<\/td>\n<td width=\"200\">1299\u20ac<\/p>\n<p>12 tygodni<\/p>\n<p>od poniedzia\u0142ku do pi\u0105tku<\/p>\n<p>9:00-12:00<\/p>\n<p>12 tygodni x 5 dni x 3h<\/p>\n<p>7,2\u20ac za godzin\u0119<\/p>\n<p>&nbsp;<\/td>\n<td width=\"170\">299\u20ac<\/p>\n<p>4 tygodnie<\/p>\n<p>od poniedzia\u0142ku do pi\u0105tku<\/p>\n<p>17:30-19:00 \/ 19:00-20:30<\/p>\n<p>4 tygodni x 5 dni x 1.5h<\/p>\n<p>9,3\u20ac za godzin\u0119<\/p>\n<p>&nbsp;<\/td>\n<\/tr>\n<\/tbody>\n<\/table>\n<p>[\/vc_column_text][\/vc_column][\/vc_row][vc_row css=&#8221;.vc_custom_1488050485721{padding-top: 30px !important;padding-bottom: 30px !important;}&#8221;][vc_column width=&#8221;1\/2&#8243;][vc_column_text]<\/p>\n<h2>Dalsze kursy j\u0119zyka niemieckiego &#8211; intensywne nauczanie w pracy, szko\u0142a przygotowawcza i gramatyka<\/h2>\n<p>W Sprachschule Aktiv oferujemy dodatkowe specjalne intensywne kursy niemieckiego do pracy, kursy przygotowuj\u0105ce do college&#8217;u lub kursy gramatyczne.<\/p>\n<p><strong>Czas trwania kursu:<\/strong> od 1 do 4 tygodni.<\/p>\n<p><strong>Data rozpocz\u0119cia:<\/strong> w pierwszy poniedzia\u0142ek miesi\u0105ca<\/p>\n<p><strong>Daty:<\/strong> od poniedzia\u0142ku do pi\u0105tku od 9:00 do 12:00<\/p>\n<p><strong>Ceny:<\/strong><\/p>\n<p>1 tydzie\u0144: 199 \u20ac<\/p>\n<p>2 tygodnie: 349 \u20ac<\/p>\n<p>3 tygodnie: 411 \u20ac<\/p>\n<p>4 tygodnie: 499 \u20ac<\/p>\n<p><iframe title=\"Sprachschule Aktiv M\u00fcnchen - Deutsch lernen in M\u00fcnchen - Deutschkurse A1 A2 B1 B2 C1 C2\" width=\"500\" height=\"281\" src=\"https:\/\/www.youtube.com\/embed\/O8OSUHbmfWQ?feature=oembed\" frameborder=\"0\" allow=\"accelerometer; autoplay; clipboard-write; encrypted-media; gyroscope; picture-in-picture; web-share\" referrerpolicy=\"strict-origin-when-cross-origin\" allowfullscreen><\/iframe><\/p>\n<h2>Kursy niemieckiego do pracy<\/h2>\n<p>Na kursie j\u0119zyka niemieckiego do pracy nacisk k\u0142adzie si\u0119 mi\u0119dzy innymi na radzenie sobie z tekstami biznesowymi. S\u0142ownictwo zawodowe r\u00f3\u017cni si\u0119 od j\u0119zyka potocznego. Omawiamy zwroty i terminy, kt\u00f3rych potrzebujesz w codziennej pracy. B\u0119dziemy zajmowa\u0107 si\u0119 j\u0119zykiem do pracy biurowej, tworzeniem i wyg\u0142aszaniem prezentacji oraz korespondencj\u0105 pisemn\u0105 i ustn\u0105 w j\u0119zyku niemieckim. Te umiej\u0119tno\u015bci s\u0105 potrzebe r\u00f3wnie\u017c podczas rozmowy kwalifikacyjnej. Skorzystaj wi\u0119c z kurs\u00f3w, aby rozpocz\u0105\u0107 prac\u0119 w niemieckiej firmie.[\/vc_column_text][\/vc_column][vc_column width=&#8221;1\/2&#8243;][vc_video link=&#8221;https:\/\/www.youtube.com\/watch?v=b27ziPDRNkw&#8221;][\/vc_column][\/vc_row][vc_row full_width=&#8221;stretch_row&#8221; css=&#8221;.vc_custom_1488051093848{padding-top: 30px !important;padding-bottom: 30px !important;background-color: #f9f9f9 !important;}&#8221;][vc_column][vc_column_text]<\/p>\n<h2>Przygotowanie j\u0119zykowe na studia w Niemczech<\/h2>\n<p>Je\u015bli potrzebujesz college&#8217;u przygotowawczego, aby m\u00f3c zapisa\u0107 si\u0119 an uniwersytet, skorzystaj z naszych kurs\u00f3w przygotowawczych. Gwarantujemy wysokiej jako\u015bci przygotowanie do egzaminu wst\u0119pnego z j\u0119zyka niemieckiego w Monachium.<\/p>\n<p>Niekt\u00f3re zagraniczne \u015bwiadectwa uko\u0144czenia szko\u0142y s\u0105 uznawane w Niemczech tylko wtedy, gdy przyszli studenci zdadz\u0105 egzamin oceniaj\u0105cy przed rozpocz\u0119ciem studi\u00f3w. Kolegium przygotowawcze przygotowuje kandydat\u00f3w do tego egzaminu w ramach kursu trwaj\u0105cego dwa semestry. Aby m\u00f3c ucz\u0119szcza\u0107 do szko\u0142y przygotowawczej, nale\u017cy najpierw zda\u0107 egzamin z j\u0119zyka niemieckiego. Jako szko\u0142a j\u0119zyka niemieckiego specjalizujemy si\u0119 w tym te\u015bcie wst\u0119pnym i jego przygotowaniu.<\/p>\n<h2>Kurs z gramatyki niemieckiej<\/h2>\n<p>Kursy gramatyczne z j\u0119zyka niemieckiego w Monachium &#8211; w ci\u0105gu tygodnia lub w weekendy. Czy uko\u0144czy\u0142e\u015b ju\u017c kurs niemieckiego i chcesz teraz ponownie poprawi\u0107 swoje umiej\u0119tno\u015bci gramatyczne? W Sprachschule Aktiv w Monachium oferujemy specjalne kursy gramatyczne dla j\u0119zyka niemieckiego. Odbywaj\u0105 si\u0119 dwa dni w tygodniu. Po wi\u0119cej informacji prosimy o kontakt.[\/vc_column_text][\/vc_column][\/vc_row][vc_row full_width=&#8221;stretch_row&#8221; equal_height=&#8221;yes&#8221; content_placement=&#8221;middle&#8221; el_class=&#8221;action-box m-b-none theme-bg-color&#8221; css=&#8221;.vc_custom_1487762904994{padding-top: 25px !important;padding-bottom: 30px !important;}&#8221;][vc_column width=&#8221;2\/3&#8243;][vc_column_text]<\/p>\n<h3 class=\"text-white\">Napisz do nas!<\/h3>\n<p class=\"text-white\">Nauka niemieckiego w Monachium &#8211; Szko\u0142a j\u0119zyka niemieckiego w Monachium &#8220;Sprachschule Aktiv M\u00fcnchen&#8221;<\/p>\n<p>[\/vc_column_text][\/vc_column][vc_column width=&#8221;1\/3&#8243; el_class=&#8221;text-right&#8221;]\t<div class=\"vc_btn3-container vc_btn3-inline\">\r\n\t\t<a href=\"\/pl\/kontakt\/\" class=\"pgs_btn pgs_btn_style_3 pgs_btn_xl\">\r\n\t\t\t<span>\r\n\t\t\t\tSkontaktuj si\u0119 z nami!\t\t\t<\/span>\r\n\t\t\t\t\t\t<i class=\"fa fa-chevron-right\"><\/i>\r\n\t\t\t\t\t<\/a>\r\n\t<\/div>\r\n\t[\/vc_column][\/vc_row]<\/p>\n","protected":false},"excerpt":{"rendered":"<p>[vc_row css=&#8221;.vc_custom_1488050034176{padding-top: 30px !important;padding-bottom: 30px !important;}&#8221;][vc_column][vc_column_text] Intensywne kursy j\u0119zyka niemieckiego w Monachium &#8211; A1, A2, B1, B2, C1 Chcia\u0142by\u015b zarezerwowa\u0107 intensywny kurs niemieckiego, ale nie wiesz, na jakim jeste\u015b poziomie nauki? Skorzystaj z naszego niemieckiego testu kwalifikacyjnego online lub przyjd\u017a osobi\u015bcie na He\u00dfstr. 90 w Monachium. Nast\u0119pnie mo\u017cesz tak\u017ce sprawdzi\u0107 swojego przysz\u0142ego nauczyciela na bezp\u0142atnej&hellip; <a class=\"read-more\" href=\"https:\/\/www.sprachschule-aktiv-muenchen.de\/pl\/kursy-intensywne\/\" title=\"Read Kurs intensywny\">Read more &raquo;<\/a><\/p>\n","protected":false},"author":2,"featured_media":0,"parent":0,"menu_order":0,"comment_status":"closed","ping_status":"closed","template":"","meta":{"footnotes":""},"class_list":["post-12329","page","type-page","status-publish","hentry"],"yoast_head":"<!-- This site is optimized with the Yoast SEO plugin v27.1.1 - https:\/\/yoast.com\/product\/yoast-seo-wordpress\/ -->\n<title>Kursy intensywne j\u0229zyka niemieckiego w Monachium<\/title>\n<meta name=\"description\" content=\"Intensywna nauka j\u0229zyka niemieckiego w Monachium (A1, A2, B1, B2, C1, C2). Z nami szybko i efektywnie nauczysz si\u0119 j\u0119zyka niemieckiego.\" \/>\n<meta name=\"robots\" content=\"index, follow, max-snippet:-1, max-image-preview:large, max-video-preview:-1\" \/>\n<link rel=\"canonical\" href=\"https:\/\/www.sprachschule-aktiv-muenchen.de\/pl\/kursy-intensywne\/\" \/>\n<meta property=\"og:locale\" content=\"pl_PL\" \/>\n<meta property=\"og:type\" content=\"article\" \/>\n<meta property=\"og:title\" content=\"Kursy intensywne j\u0229zyka niemieckiego w Monachium\" \/>\n<meta property=\"og:description\" content=\"Intensywna nauka j\u0229zyka niemieckiego w Monachium (A1, A2, B1, B2, C1, C2). Z nami szybko i efektywnie nauczysz si\u0119 j\u0119zyka niemieckiego.\" \/>\n<meta property=\"og:url\" content=\"https:\/\/www.sprachschule-aktiv-muenchen.de\/pl\/kursy-intensywne\/\" \/>\n<meta property=\"og:site_name\" content=\"Sprachschule Aktiv\" \/>\n<meta property=\"article:modified_time\" content=\"2024-12-20T09:51:21+00:00\" \/>\n<meta property=\"og:image\" content=\"https:\/\/www.sprachschule-aktiv-muenchen.de\/wp-content\/uploads\/2020\/06\/boton1.png\" \/>\n<meta name=\"twitter:card\" content=\"summary_large_image\" \/>\n<meta name=\"twitter:label1\" content=\"Szacowany czas czytania\" \/>\n\t<meta name=\"twitter:data1\" content=\"4 minuty\" \/>\n<script type=\"application\/ld+json\" class=\"yoast-schema-graph\">{\"@context\":\"https:\/\/schema.org\",\"@graph\":[{\"@type\":\"WebPage\",\"@id\":\"https:\/\/www.sprachschule-aktiv-muenchen.de\/pl\/kursy-intensywne\/\",\"url\":\"https:\/\/www.sprachschule-aktiv-muenchen.de\/pl\/kursy-intensywne\/\",\"name\":\"Kursy intensywne j\u0229zyka niemieckiego w Monachium\",\"isPartOf\":{\"@id\":\"https:\/\/www.sprachschule-aktiv-muenchen.de\/#website\"},\"primaryImageOfPage\":{\"@id\":\"https:\/\/www.sprachschule-aktiv-muenchen.de\/pl\/kursy-intensywne\/#primaryimage\"},\"image\":{\"@id\":\"https:\/\/www.sprachschule-aktiv-muenchen.de\/pl\/kursy-intensywne\/#primaryimage\"},\"thumbnailUrl\":\"https:\/\/www.sprachschule-aktiv-muenchen.de\/wp-content\/uploads\/2020\/06\/boton1.png\",\"datePublished\":\"2017-02-25T19:32:28+00:00\",\"dateModified\":\"2024-12-20T09:51:21+00:00\",\"description\":\"Intensywna nauka j\u0229zyka niemieckiego w Monachium (A1, A2, B1, B2, C1, C2). Z nami szybko i efektywnie nauczysz si\u0119 j\u0119zyka niemieckiego.\",\"breadcrumb\":{\"@id\":\"https:\/\/www.sprachschule-aktiv-muenchen.de\/pl\/kursy-intensywne\/#breadcrumb\"},\"inLanguage\":\"pl-PL\",\"potentialAction\":[{\"@type\":\"ReadAction\",\"target\":[\"https:\/\/www.sprachschule-aktiv-muenchen.de\/pl\/kursy-intensywne\/\"]}]},{\"@type\":\"ImageObject\",\"inLanguage\":\"pl-PL\",\"@id\":\"https:\/\/www.sprachschule-aktiv-muenchen.de\/pl\/kursy-intensywne\/#primaryimage\",\"url\":\"https:\/\/www.sprachschule-aktiv-muenchen.de\/wp-content\/uploads\/2020\/06\/boton1.png\",\"contentUrl\":\"https:\/\/www.sprachschule-aktiv-muenchen.de\/wp-content\/uploads\/2020\/06\/boton1.png\"},{\"@type\":\"BreadcrumbList\",\"@id\":\"https:\/\/www.sprachschule-aktiv-muenchen.de\/pl\/kursy-intensywne\/#breadcrumb\",\"itemListElement\":[{\"@type\":\"ListItem\",\"position\":1,\"name\":\"Portada\",\"item\":\"https:\/\/www.sprachschule-aktiv-muenchen.de\/pl\/\"},{\"@type\":\"ListItem\",\"position\":2,\"name\":\"Kurs intensywny\"}]},{\"@type\":\"WebSite\",\"@id\":\"https:\/\/www.sprachschule-aktiv-muenchen.de\/#website\",\"url\":\"https:\/\/www.sprachschule-aktiv-muenchen.de\/\",\"name\":\"Sprachschule Aktiv\",\"description\":\"\",\"potentialAction\":[{\"@type\":\"SearchAction\",\"target\":{\"@type\":\"EntryPoint\",\"urlTemplate\":\"https:\/\/www.sprachschule-aktiv-muenchen.de\/?s={search_term_string}\"},\"query-input\":{\"@type\":\"PropertyValueSpecification\",\"valueRequired\":true,\"valueName\":\"search_term_string\"}}],\"inLanguage\":\"pl-PL\"}]}<\/script>\n<!-- \/ Yoast SEO plugin. -->","yoast_head_json":{"title":"Kursy intensywne j\u0229zyka niemieckiego w Monachium","description":"Intensywna nauka j\u0229zyka niemieckiego w Monachium (A1, A2, B1, B2, C1, C2). Z nami szybko i efektywnie nauczysz si\u0119 j\u0119zyka niemieckiego.","robots":{"index":"index","follow":"follow","max-snippet":"max-snippet:-1","max-image-preview":"max-image-preview:large","max-video-preview":"max-video-preview:-1"},"canonical":"https:\/\/www.sprachschule-aktiv-muenchen.de\/pl\/kursy-intensywne\/","og_locale":"pl_PL","og_type":"article","og_title":"Kursy intensywne j\u0229zyka niemieckiego w Monachium","og_description":"Intensywna nauka j\u0229zyka niemieckiego w Monachium (A1, A2, B1, B2, C1, C2). Z nami szybko i efektywnie nauczysz si\u0119 j\u0119zyka niemieckiego.","og_url":"https:\/\/www.sprachschule-aktiv-muenchen.de\/pl\/kursy-intensywne\/","og_site_name":"Sprachschule Aktiv","article_modified_time":"2024-12-20T09:51:21+00:00","og_image":[{"url":"https:\/\/www.sprachschule-aktiv-muenchen.de\/wp-content\/uploads\/2020\/06\/boton1.png","type":"","width":"","height":""}],"twitter_card":"summary_large_image","twitter_misc":{"Szacowany czas czytania":"4 minuty"},"schema":{"@context":"https:\/\/schema.org","@graph":[{"@type":"WebPage","@id":"https:\/\/www.sprachschule-aktiv-muenchen.de\/pl\/kursy-intensywne\/","url":"https:\/\/www.sprachschule-aktiv-muenchen.de\/pl\/kursy-intensywne\/","name":"Kursy intensywne j\u0229zyka niemieckiego w Monachium","isPartOf":{"@id":"https:\/\/www.sprachschule-aktiv-muenchen.de\/#website"},"primaryImageOfPage":{"@id":"https:\/\/www.sprachschule-aktiv-muenchen.de\/pl\/kursy-intensywne\/#primaryimage"},"image":{"@id":"https:\/\/www.sprachschule-aktiv-muenchen.de\/pl\/kursy-intensywne\/#primaryimage"},"thumbnailUrl":"https:\/\/www.sprachschule-aktiv-muenchen.de\/wp-content\/uploads\/2020\/06\/boton1.png","datePublished":"2017-02-25T19:32:28+00:00","dateModified":"2024-12-20T09:51:21+00:00","description":"Intensywna nauka j\u0229zyka niemieckiego w Monachium (A1, A2, B1, B2, C1, C2). Z nami szybko i efektywnie nauczysz si\u0119 j\u0119zyka niemieckiego.","breadcrumb":{"@id":"https:\/\/www.sprachschule-aktiv-muenchen.de\/pl\/kursy-intensywne\/#breadcrumb"},"inLanguage":"pl-PL","potentialAction":[{"@type":"ReadAction","target":["https:\/\/www.sprachschule-aktiv-muenchen.de\/pl\/kursy-intensywne\/"]}]},{"@type":"ImageObject","inLanguage":"pl-PL","@id":"https:\/\/www.sprachschule-aktiv-muenchen.de\/pl\/kursy-intensywne\/#primaryimage","url":"https:\/\/www.sprachschule-aktiv-muenchen.de\/wp-content\/uploads\/2020\/06\/boton1.png","contentUrl":"https:\/\/www.sprachschule-aktiv-muenchen.de\/wp-content\/uploads\/2020\/06\/boton1.png"},{"@type":"BreadcrumbList","@id":"https:\/\/www.sprachschule-aktiv-muenchen.de\/pl\/kursy-intensywne\/#breadcrumb","itemListElement":[{"@type":"ListItem","position":1,"name":"Portada","item":"https:\/\/www.sprachschule-aktiv-muenchen.de\/pl\/"},{"@type":"ListItem","position":2,"name":"Kurs intensywny"}]},{"@type":"WebSite","@id":"https:\/\/www.sprachschule-aktiv-muenchen.de\/#website","url":"https:\/\/www.sprachschule-aktiv-muenchen.de\/","name":"Sprachschule Aktiv","description":"","potentialAction":[{"@type":"SearchAction","target":{"@type":"EntryPoint","urlTemplate":"https:\/\/www.sprachschule-aktiv-muenchen.de\/?s={search_term_string}"},"query-input":{"@type":"PropertyValueSpecification","valueRequired":true,"valueName":"search_term_string"}}],"inLanguage":"pl-PL"}]}},"_links":{"self":[{"href":"https:\/\/www.sprachschule-aktiv-muenchen.de\/pl\/wp-json\/wp\/v2\/pages\/12329","targetHints":{"allow":["GET"]}}],"collection":[{"href":"https:\/\/www.sprachschule-aktiv-muenchen.de\/pl\/wp-json\/wp\/v2\/pages"}],"about":[{"href":"https:\/\/www.sprachschule-aktiv-muenchen.de\/pl\/wp-json\/wp\/v2\/types\/page"}],"author":[{"embeddable":true,"href":"https:\/\/www.sprachschule-aktiv-muenchen.de\/pl\/wp-json\/wp\/v2\/users\/2"}],"replies":[{"embeddable":true,"href":"https:\/\/www.sprachschule-aktiv-muenchen.de\/pl\/wp-json\/wp\/v2\/comments?post=12329"}],"version-history":[{"count":14,"href":"https:\/\/www.sprachschule-aktiv-muenchen.de\/pl\/wp-json\/wp\/v2\/pages\/12329\/revisions"}],"predecessor-version":[{"id":79381,"href":"https:\/\/www.sprachschule-aktiv-muenchen.de\/pl\/wp-json\/wp\/v2\/pages\/12329\/revisions\/79381"}],"wp:attachment":[{"href":"https:\/\/www.sprachschule-aktiv-muenchen.de\/pl\/wp-json\/wp\/v2\/media?parent=12329"}],"curies":[{"name":"wp","href":"https:\/\/api.w.org\/{rel}","templated":true}]}}