{"id":12191,"date":"2017-02-25T20:12:14","date_gmt":"2017-02-25T19:12:14","guid":{"rendered":"https:\/\/www.sprachschule-aktiv-muenchen.de\/?page_id=12191\/"},"modified":"2024-12-18T13:23:24","modified_gmt":"2024-12-18T12:23:24","slug":"jezyk-niemiecki","status":"publish","type":"page","link":"https:\/\/www.sprachschule-aktiv-muenchen.de\/pl\/jezyk-niemiecki\/","title":{"rendered":"Kursy j.niemieckiego"},"content":{"rendered":"<p>[vc_row css=&#8221;.vc_custom_1485188689912{margin-top: 30px !important;}&#8221;][vc_column][vc_column_text css=&#8221;.vc_custom_1631689890309{margin-bottom: 30px !important;}&#8221;]<\/p>\n<h1>Kursy j\u0119zyka niemieckiego w Monachium &#8211; szybko i efektywnie!<\/h1>\n<p><iframe src=\"https:\/\/www.youtube.com\/embed\/60V55dRmBMk\" width=\"560\" height=\"315\" frameborder=\"0\" allowfullscreen=\"allowfullscreen\"><\/iframe><\/p>\n<p><span style=\"font-weight: 400;\">Chcesz nauczy\u0107 si\u0119 niemieckiego? Szko\u0142a j\u0119zykowa Aktiv specjalizuje si\u0119 w kursach niemieckiego w Monachium. Oferujemy niedrogie i profesjonalne kursy j\u0119zyka niemieckiego na wszystkich poziomach j\u0119zykowych od A1, A2, B1, B2, C1 do C2.<\/span>[\/vc_column_text][vc_column_text]<\/p>\n<h2><span style=\"font-weight: 400;\">Jakiego kursu j\u0119zykowego poszukujesz?<\/span><\/h2>\n<p><span style=\"font-weight: 400;\">Oferujemy r\u00f3\u017cne modele kurs\u00f3w od grupowych wieczorowych po intensywne i prywatne. Sprawd\u017a, kt\u00f3ry najbardziej odpowiada Twojemu codziennemu harmonogramowi.\u00a0<\/span><\/p>\n<p><span style=\"font-weight: 400;\">Po ka\u017cdym uko\u0144czonym kursie otrzymasz certyfikat j\u0119zykowy, udowadniaj\u0105cy Tw\u00f3j poziom porozumiewania si\u0119. Odpowiada on Europejskiemu Systemowi Opisu Kszta\u0142cenia J\u0119zykowego, jako mi\u0119dzynarodowy standard porozumiewania si\u0119 w danym j\u0119zyku.\u00a0<\/span>[\/vc_column_text][\/vc_column][\/vc_row][vc_row full_width=&#8221;stretch_row&#8221; css=&#8221;.vc_custom_1488103742125{padding-top: 30px !important;padding-bottom: 30px !important;background-color: #f9f9f9 !important;}&#8221;][vc_column css=&#8221;.vc_custom_1485182056986{padding-bottom: 30px !important;}&#8221;][vc_column_text]<\/p>\n<h2>INTENSYWNY KURS J\u0118ZYKA NIEMIECKIEGO 2025<\/h2>\n<p>\n<table id=\"tablepress-62\" class=\"tablepress tablepress-id-62 tablepress-responsive tbody-has-connected-cells\">\n<thead>\n<tr class=\"row-1\">\n\t<th colspan=\"3\" class=\"column-1\">od poniedzia\u0142ku do pi\u0105tku w godzinach*: 09:00 - 12:00<\/th>\n<\/tr>\n<\/thead>\n<tbody class=\"row-striping row-hover\">\n<tr class=\"row-2\">\n\t<td class=\"column-1\">STYCZE\u0143<\/td><td class=\"column-2\">LUTY<\/td><td class=\"column-3\">MARZEC<\/td>\n<\/tr>\n<tr class=\"row-3\">\n\t<td class=\"column-1\">*Wtorek 07.01<\/td><td class=\"column-2\">Poniedzia\u0142ek 03.02<\/td><td class=\"column-3\">Poniedzia\u0142ek 03.03<\/td>\n<\/tr>\n<tr class=\"row-4\">\n\t<td class=\"column-1\">KWIECIE\u0143<\/td><td class=\"column-2\">MAJ<\/td><td class=\"column-3\">CZERWIEC<\/td>\n<\/tr>\n<tr class=\"row-5\">\n\t<td class=\"column-1\">*Poniedzia\u0142ek 31.03<\/td><td class=\"column-2\">Poniedzia\u0142ek 05.05<\/td><td class=\"column-3\">Poniedzia\u0142ek 02.06<\/td>\n<\/tr>\n<tr class=\"row-6\">\n\t<td class=\"column-1\">LIPIEC<\/td><td class=\"column-2\">SIERPIE\u0143<\/td><td class=\"column-3\">WRZESIE\u0143<\/td>\n<\/tr>\n<tr class=\"row-7\">\n\t<td class=\"column-1\">Poniedzia\u0142ek 07.07<\/td><td class=\"column-2\">Poniedzia\u0142ek 04.08<\/td><td class=\"column-3\">Poniedzia\u0142ek 01.09<\/td>\n<\/tr>\n<tr class=\"row-8\">\n\t<td class=\"column-1\">PA\u0179DZIERNIK<\/td><td class=\"column-2\">LISTOPAD<\/td><td class=\"column-3\">GRUDZIE\u0143<\/td>\n<\/tr>\n<tr class=\"row-9\">\n\t<td class=\"column-1\">*Poniedzia\u0142ek 29.09<\/td><td class=\"column-2\">*Poniedzia\u0142ek 27.10<\/td><td class=\"column-3\">*Poniedzia\u0142ek 24.11<\/td>\n<\/tr>\n<tr class=\"row-10\">\n\t<td class=\"column-1\"><\/td><td class=\"column-2\"><\/td><td class=\"column-3\"><\/td>\n<\/tr>\n<tr class=\"row-11\">\n\t<td class=\"column-1\"><h2>CENA<\/h2><\/td><td class=\"column-2\"><\/td><td class=\"column-3\"><\/td>\n<\/tr>\n<tr class=\"row-12\">\n\t<td class=\"column-1\">1 Tydzie\u0144: 199\u20ac<br \/>\n2 Tygodnie: 349\u20ac<br \/>\n3 Tygodnie: 411\u20ac<br \/>\n4 Tygodnie: 499\u20ac<\/td><td class=\"column-2\"><\/td><td class=\"column-3\"><\/td>\n<\/tr>\n<tr class=\"row-13\">\n\t<td colspan=\"3\" class=\"column-1\">*20 godzin tygodniowo od 6 os\u00f3b<\/td>\n<\/tr>\n<\/tbody>\n<\/table>\n<!-- #tablepress-62 from cache -->[\/vc_column_text][\/vc_column][\/vc_row][vc_row full_width=&#8221;stretch_row_content_no_spaces&#8221; tc_enable_overlay=&#8221;true&#8221; css=&#8221;.vc_custom_1488048159795{padding-top: 30px !important;padding-bottom: 30px !important;background-image: url(https:\/\/www.sprachschule-aktiv-muenchen.de\/wp-content\/uploads\/2017\/02\/intensywny-kurs-jezyka-niemieckiego-w-monachium.jpg?id=12207) !important;background-position: 0 0 !important;background-repeat: no-repeat !important;}&#8221; el_class=&#8221;xs-pd-lr&#8221;][vc_column width=&#8221;3\/4&#8243; offset=&#8221;vc_col-lg-offset-1 vc_col-lg-6 vc_col-md-offset-1 vc_col-md-6 vc_col-sm-offset-1 vc_col-xs-12&#8243;][vc_column_text]<\/p>\n<h2>Intensywny kurs j\u0119zyka niemieckiego w Monachium &#8211; poziomy od A1 do C2 &#8211; od poniedzia\u0142ku do pi\u0105tku 3 godziny dziennie<\/h2>\n<p><a href=\"https:\/\/www.sprachschule-aktiv-muenchen.de\/pl\/kursy-intensywne\/\">Intensywne kursy j\u0119zyka niemieckiego<\/a> w Sprachschule Aktiv prowadzone s\u0105 w ma\u0142ych grupach przez wykwalifikowanych native speaker\u00f3w i odbywaj\u0105 si\u0119 od poniedzia\u0142ku do pi\u0105tku, w godzinach:<\/p>\n<ul>\n<li>9:00 &#8211; 12:00<\/li>\n<li>12:30 &#8211; 15:30<\/li>\n<li>18:00 &#8211; 21:00<\/li>\n<\/ul>\n<p>Ten kurs jest idealny dla wszystkich tych, kt\u00f3rzy chc\u0105 nauczy\u0107 si\u0119 j\u0119zyka niemieckiego w relatywnie kr\u00f3tkim czasie. Celem kursu jest mo\u017cliwo\u015b\u0107 zrozumienia i prowadzenia dialog\u00f3w w \u017cyciu prywatnym jak i zawodowym.[\/vc_column_text]\t<div class=\"vc_btn3-container vc_btn3-inline\">\r\n\t\t<a href=\"\/pl\/kursy-intensywne\/\" class=\"pgs_btn pgs_btn_style_1 pgs_btn_lg\">\r\n\t\t\t<span>\r\n\t\t\t\tZainteresowany tym kursem?\t\t\t<\/span>\r\n\t\t\t\t\t<\/a>\r\n\t<\/div>\r\n\t[\/vc_column][vc_column width=&#8221;1\/4&#8243; offset=&#8221;vc_col-lg-5 vc_col-md-2 vc_col-xs-12&#8243;][\/vc_column][\/vc_row][vc_row full_width=&#8221;stretch_row&#8221; css=&#8221;.vc_custom_1488044605544{padding-top: 30px !important;padding-bottom: 30px !important;background-color: #fcfcfc !important;}&#8221;][vc_column width=&#8221;1\/2&#8243;][vc_single_image image=&#8221;12224&#8243; img_size=&#8221;full&#8221; style=&#8221;vc_box_outline&#8221; css=&#8221;.vc_custom_1488048255263{padding-top: 20px !important;}&#8221;][\/vc_column][vc_column width=&#8221;1\/2&#8243;][vc_column_text]<\/p>\n<h2>P\u00f3\u0142intensywny kurs j\u0119zyka niemieckiego<\/h2>\n<p><a href=\"https:\/\/www.sprachschule-aktiv-muenchen.de\/pl\/niemiecki-semi-intensive\/\">P\u00f3\u0142intensywne kursy j\u0119zyka niemieckiego<\/a> odbywaj\u0105 si\u0119 od poniedzia\u0142ku do czwartku, w godzinach:<\/p>\n<ul>\n<li>9:00 &#8211; 12:00<\/li>\n<li>12:15 &#8211; 15:15<\/li>\n<\/ul>\n<p>I od poniedzia\u0142ku do pi\u0105tku w godzinach:<\/p>\n<ul>\n<li>17:30 &#8211; 19:00<\/li>\n<\/ul>\n<p>[\/vc_column_text]\t<div class=\"vc_btn3-container vc_btn3-inline\">\r\n\t\t<a href=\"\/pl\/niemiecki-semi-intensive\/\" class=\"pgs_btn pgs_btn_style_1 pgs_btn_lg\">\r\n\t\t\t<span>\r\n\t\t\t\tWi\u0119cej informacji\t\t\t<\/span>\r\n\t\t\t\t\t<\/a>\r\n\t<\/div>\r\n\t[\/vc_column][\/vc_row][vc_row full_width=&#8221;stretch_row&#8221; css=&#8221;.vc_custom_1487759075408{padding-top: 30px !important;padding-bottom: 30px !important;background-color: #f9f9f9 !important;}&#8221;][vc_column width=&#8221;1\/2&#8243;][vc_column_text]<\/p>\n<h2>Prywatny kurs j\u0119zyka niemieckiego: ucz si\u0119 z nami w Sprachschule w Monachium albo w Twoim domu<\/h2>\n<p><a href=\"https:\/\/www.sprachschule-aktiv-muenchen.de\/pl\/kursy-prywatne\/\">Prywatny kurs j\u0119zyka<\/a> jest bardzo elastyczny, gdy\u017c termin, miejsce, a tak\u017ce materia\u0142 zaj\u0119\u0107 jest dopasowywany specjalnie do Twoich potrzeb!<\/p>\n<p>Napisz do nas ju\u017c dzi\u015b i zarezerwuj dla siebie pierwsz\u0105 darmow\u0105 godzin\u0119 lekcyjn\u0105![\/vc_column_text]\t<div class=\"vc_btn3-container vc_btn3-inline\">\r\n\t\t<a href=\"\/pl\/kursy-prywatne\/\" class=\"pgs_btn pgs_btn_style_1 pgs_btn_md\">\r\n\t\t\t<span>\r\n\t\t\t\tChcesz wzi\u0105\u0107 udzia\u0142 w tym kursie?\t\t\t<\/span>\r\n\t\t\t\t\t\t<i class=\"fa fa-angle-double-right\"><\/i>\r\n\t\t\t\t\t<\/a>\r\n\t<\/div>\r\n\t[\/vc_column][vc_column width=&#8221;1\/2&#8243;][vc_single_image image=&#8221;12241&#8243; img_size=&#8221;full&#8221; style=&#8221;vc_box_outline&#8221;][\/vc_column][\/vc_row][vc_row full_width=&#8221;stretch_row&#8221; css=&#8221;.vc_custom_1487760305209{padding-top: 30px !important;padding-bottom: 30px !important;}&#8221;][vc_column width=&#8221;1\/2&#8243;][vc_single_image image=&#8221;12275&#8243; img_size=&#8221;full&#8221; style=&#8221;vc_box_outline&#8221;][\/vc_column][vc_column width=&#8221;1\/2&#8243;][vc_column_text]<\/p>\n<h2>Przygotowanie do testDaF z nasz\u0105 wykwalifikowan\u0105 kadr\u0105<\/h2>\n<p>Chcia\u0142by\u015b studiowa\u0107 w Niemczech? Potrzebny Ci b\u0119dzie dokument \u2013 TestDaF &#8211; potwierdzaj\u0105cy znajomo\u015b\u0107 j\u0119zyka niemieckiego na odpowiednio wymaganym poziomie, kt\u00f3ry jest niezb\u0119dny przy rekrutacji do szk\u00f3\u0142 wy\u017cszych i uniwersytet\u00f3w w Niemczech.<\/p>\n<p>Kursy przygotowawcze w Sprachschule Aktiv do TestDaF, z odpowiednio wyszkolon\u0105 do tego kadr\u0105, odbywaj\u0105 si\u0119 ka\u017cdego miesi\u0105ca od poniedzia\u0142ku do pi\u0105tku, w godzinach:<\/p>\n<ul>\n<li>9:00 \u2013 12:00<\/li>\n<li>15:00 \u2013 18:00<\/li>\n<li>18:00 \u2013 21:00<\/li>\n<\/ul>\n<p>[\/vc_column_text]\t<div class=\"vc_btn3-container vc_btn3-inline\">\r\n\t\t<a href=\"\/pl\/kursy-testdaf\/\" class=\"pgs_btn pgs_btn_style_1 pgs_btn_md\">\r\n\t\t\t<span>\r\n\t\t\t\tWszystko o te\u015bcie DaF\t\t\t<\/span>\r\n\t\t\t\t\t\t<i class=\"fa fa-angle-double-right\"><\/i>\r\n\t\t\t\t\t<\/a>\r\n\t<\/div>\r\n\t[\/vc_column][\/vc_row][vc_row full_width=&#8221;stretch_row&#8221; css=&#8221;.vc_custom_1488044811843{margin-top: 30px !important;padding-top: 10px !important;padding-bottom: 35px !important;}&#8221;][vc_column][vc_column_text]<\/p>\n<h2><span style=\"font-weight: 400;\">Dlaczego powiniene\u015b wybra\u0107 nasz\u0105 szko\u0142\u0119?<\/span><\/h2>\n<p><span style=\"font-weight: 400;\">Poniewa\u017c robimy wszystko, aby nasi klienci czerpali optymalne korzy\u015bci i byli pewni, \u017ce osi\u0105gn\u0105 sw\u00f3j cel.<\/span><\/p>\n<p><span style=\"font-weight: 400;\">Co robimy, aby\u015b m\u00f3g\u0142 jak najlepiej skorzysta\u0107 z naszych kurs\u00f3w j\u0119zyka niemieckiego?\u00a0<\/span><\/p>\n<p><span style=\"font-weight: 400;\">Przede wszystkim gwarantujemy profesjonalne doradztwo, nastawienie na obs\u0142ug\u0119, wykwalifikowanych lektor\u00f3w i przyjazn\u0105 atmosfer\u0105. Przetestuj nas, rezerwuj\u0105c <strong>bezp\u0142atn\u0105 lekcj\u0119 pr\u00f3bn\u0105<\/strong> ju\u017c teraz!<\/span><\/p>\n<h2><span style=\"font-weight: 400;\">Sprawd\u017a nasz blog!<\/span><\/h2>\n<p><span style=\"font-weight: 400;\">\u0106wicz swoje umiej\u0119tno\u015bci j\u0119zykowe i pog\u0142\u0119biaj wiedz\u0119! Nasze wpisy na blogu dotycz\u0105ce r\u00f3\u017cnych temat\u00f3w gramatycznych, pomog\u0105 Ci od\u015bwie\u017cy\u0107 informacje nabyte na kursie. Poznaj nasz\u0105 sympatyczn\u0105 wr\u00f3\u017ck\u0119 online Fabian\u0119! W ekscytuj\u0105cych filmach wyja\u015bnia subtelne r\u00f3\u017cnice w znaczeniu s\u0142\u00f3w i innych zjawisk w j\u0119zyku niemieckim.\u00a0<\/span><\/p>\n<p><span style=\"font-weight: 400;\">Skorzystaj r\u00f3wnie\u017c z naszych test\u00f3w poziomuj\u0105cych, za pomoc\u0105 kt\u00f3rych mo\u017cesz sprawdzi\u0107 swoje umiej\u0119tno\u015bci j\u0119zykowe online i dowiedzie\u0107 si\u0119 na jakim poziomie aktualnie jest Tw\u00f3j j\u0119zyk obcy.<\/span>[\/vc_column_text][\/vc_column][\/vc_row][vc_row full_width=&#8221;stretch_row&#8221; css=&#8221;.vc_custom_1488048058642{padding-top: 30px !important;padding-bottom: 30px !important;background-color: #f9f9f9 !important;}&#8221;][vc_column][vc_column_text]<\/p>\n<h2>Nauka j\u0119zyka niemieciego i certyfikaty<\/h2>\n<p>Sprachschule Aktiv M\u00fcnchen zosta\u0142a uznana za instytucj\u0119 kszta\u0142cenia przez rz\u0105d G\u00f3rnej Bawarii. Po odbyciu kursu niemieckiego dostaniesz certyfikat uko\u0144czenia kursu, z kt\u00f3rym mo\u017cesz stara\u0107 si\u0119 o prac\u0119 w Niemczech, praktyk\u0119, miejsce na studiach itd.<\/p>\n<p>Uko\u0144czony kurs niemieckiego po\u015bwiadczony certyfikatem to najlepszy start w nowe \u017cycie w Niemczech, je\u015bli chcesz tu zamieszka\u0107 na sta\u0142e lub je\u015bli chcesz pracowa\u0107 dla firm mi\u0119dzynarodowych w Twoim kraju!<\/p>\n<p>[\/vc_column_text][\/vc_column][\/vc_row][vc_row][vc_column][vc_column_text]<\/p>\n<h2><span style=\"font-weight: 400;\">Nasza szko\u0142a j\u0119zykowa oferuje:<\/span><\/h2>\n<p><span style=\"font-weight: 400;\">&#8211; Dobre po\u0142\u0105czenia komunikacyjne: metro i autobus<\/span><\/p>\n<p><span style=\"font-weight: 400;\">&#8211; Pi\u0119kny park przed szko\u0142\u0105 j\u0119zykow\u0105 do wypoczynku z licznymi kawiarniami, restauracjami i pubami dla m\u0142odszych i starszych.<\/span><\/p>\n<p><span style=\"font-weight: 400;\">&#8211; Nowoczesne i jasne sale lekcyjne do lekcji niemieckiego<\/span><\/p>\n<p><span style=\"font-weight: 400;\">&#8211; R\u00f3\u017cne kursy j\u0119zyka niemieckiego, takie jak: kursy p\u00f3\u0142intensywne i intensywne oraz kursy przygotowuj\u0105ce do egzaminu TestDaF<\/span><\/p>\n<p><span style=\"font-weight: 400;\">&#8211; Nasza szko\u0142a j\u0119zykowa wyposa\u017cona jest w nowoczesny sprz\u0119t. Materia\u0142y do nauki odpowiadaj\u0105 najnowszemu standardowi i jest wspierany przez czo\u0142owych lingwist\u00f3w.<\/span><\/p>\n<h2><span style=\"font-weight: 400;\">Wykwalifikowani, do\u015bwiadczeni i sympatyczni nauczyciele j\u0119zyka niemieckiego<\/span><\/h2>\n<p><span style=\"font-weight: 400;\">Gwarantujemy, \u017ce nasi nauczyciele to nie tylko rodzimi u\u017cytkownicy j\u0119zyka niemieckiego, ale r\u00f3wnie\u017c osoby, kt\u00f3re podchodz\u0105 do swojej pracy z pasj\u0105. Dzi\u0119ki regularnym zaawansowanym szkoleniom stale aktualizuj\u0105 swoj\u0105 form\u0119 przekazywania wiedzy, aby zaoferowa\u0107 uczestnikom najlepsz\u0105 edukacj\u0119 j\u0119zykow\u0105.<\/span><\/p>\n<h2><span style=\"font-weight: 400;\">Jak d\u0142ugo musz\u0119 si\u0119 uczy\u0107 niemieckiego?<\/span><\/h2>\n<p><span style=\"font-weight: 400;\">Kurs trwa od 1 do 4 tygodni lub od 1 do 12 miesi\u0119cy. Mo\u017cesz oczywi\u015bcie wybra\u0107, jak d\u0142ugo chcesz bra\u0107 lekcje niemieckiego, najwa\u017cniejsze jest to, aby osi\u0105gn\u0105\u0107 sw\u00f3j osobisty cel j\u0119zykowy. Nasze ceny s\u0105 bardzo optymalne, np. p\u00f3\u0142 intensywny kurs niemieckiego przez 4 tygodnie kosztuje tylko 279 euro. Korzystasz r\u00f3wnie\u017c z naszego systemu rabat\u00f3w w razie wybrania prywatnych lekcji, poniewa\u017c cena spada wraz z wi\u0119ksz\u0105 liczb\u0105 godzin.<\/span><\/p>\n<h2><span style=\"font-weight: 400;\">Troch\u0119 informacji o Monachium!<\/span><\/h2>\n<p><span style=\"font-weight: 400;\">Barwne, otwarte, mi\u0119dzynarodowe &#8211; Monachium, stolica Bawarii, przekonuje wdzi\u0119kiem, polotem i ciep\u0142ymi lud\u017ami. Ciesz si\u0119 \u017cyw\u0105 atmosfer\u0105 w centrum miasta latem! Zafunduj sobie przerw\u0119 w jednym z tradycyjnych ogr\u00f3dk\u00f3w piwnych! Zrelaksuj si\u0119 w pi\u0119knych parkach i ogrodach miasta! M\u0142odzi ludzie z ca\u0142ego \u015bwiata spotykaj\u0105 si\u0119 na imprezach kulturalnych i sportowych. A wi\u0119c &#8211; po\u0142\u0105cz przyjemne z po\u017cytecznym i naucz si\u0119 niemieckiego na jednym z naszych kurs\u00f3w j\u0119zykowych w Monachium! Mo\u017cesz dowiedzie\u0107 si\u0119 wi\u0119cej o stolicy Bawarii <a href=\"https:\/\/www.sprachschule-aktiv-muenchen.de\/pl\/monachium\/\">tutaj!<\/a><\/span><\/p>\n<p><a href=\"https:\/\/www.sprachschule-aktiv-muenchen.de\/pl\/kontakt\/\"><img decoding=\"async\" class=\"alignnone size-full wp-image-57784\" src=\"https:\/\/www.sprachschule-aktiv-muenchen.de\/wp-content\/uploads\/2020\/06\/boton1.png\" alt=\"masz pytanie?\" width=\"240\" height=\"58\" \/><\/a>[\/vc_column_text][\/vc_column][\/vc_row]<\/p>\n","protected":false},"excerpt":{"rendered":"<p>[vc_row css=&#8221;.vc_custom_1485188689912{margin-top: 30px !important;}&#8221;][vc_column][vc_column_text css=&#8221;.vc_custom_1631689890309{margin-bottom: 30px !important;}&#8221;] Kursy j\u0119zyka niemieckiego w Monachium &#8211; szybko i efektywnie! Chcesz nauczy\u0107 si\u0119 niemieckiego? Szko\u0142a j\u0119zykowa Aktiv specjalizuje si\u0119 w kursach niemieckiego w Monachium. Oferujemy niedrogie i profesjonalne kursy j\u0119zyka niemieckiego na wszystkich poziomach j\u0119zykowych od A1, A2, B1, B2, C1 do C2.[\/vc_column_text][vc_column_text] Jakiego kursu j\u0119zykowego poszukujesz? Oferujemy r\u00f3\u017cne&hellip; <a class=\"read-more\" href=\"https:\/\/www.sprachschule-aktiv-muenchen.de\/pl\/jezyk-niemiecki\/\" title=\"Read Kursy j.niemieckiego\">Read more &raquo;<\/a><\/p>\n","protected":false},"author":2,"featured_media":0,"parent":0,"menu_order":0,"comment_status":"closed","ping_status":"closed","template":"","meta":{"footnotes":""},"class_list":["post-12191","page","type-page","status-publish","hentry"],"yoast_head":"<!-- This site is optimized with the Yoast SEO plugin v27.1.1 - https:\/\/yoast.com\/product\/yoast-seo-wordpress\/ -->\n<title>Kursy j\u0119zyka niemieckiego w Monachium - szybko i efektywnie!<\/title>\n<meta name=\"description\" content=\"Informacje o kursach j\u0119zyka niemieckiego w Monachium. W Sprachschule Aktiv oferujemy kursy: intensywne, prywatne, wieczorowe i wiele wi\u0119cej!\" \/>\n<meta name=\"robots\" content=\"index, follow, max-snippet:-1, max-image-preview:large, max-video-preview:-1\" \/>\n<link rel=\"canonical\" href=\"https:\/\/www.sprachschule-aktiv-muenchen.de\/pl\/jezyk-niemiecki\/\" \/>\n<meta property=\"og:locale\" content=\"pl_PL\" \/>\n<meta property=\"og:type\" content=\"article\" \/>\n<meta property=\"og:title\" content=\"Kursy j\u0119zyka niemieckiego w Monachium - szybko i efektywnie!\" \/>\n<meta property=\"og:description\" content=\"Informacje o kursach j\u0119zyka niemieckiego w Monachium. W Sprachschule Aktiv oferujemy kursy: intensywne, prywatne, wieczorowe i wiele wi\u0119cej!\" \/>\n<meta property=\"og:url\" content=\"https:\/\/www.sprachschule-aktiv-muenchen.de\/pl\/jezyk-niemiecki\/\" \/>\n<meta property=\"og:site_name\" content=\"Sprachschule Aktiv\" \/>\n<meta property=\"article:modified_time\" content=\"2024-12-18T12:23:24+00:00\" \/>\n<meta property=\"og:image\" content=\"https:\/\/www.sprachschule-aktiv-muenchen.de\/wp-content\/uploads\/2020\/06\/boton1.png\" \/>\n<meta name=\"twitter:card\" content=\"summary_large_image\" \/>\n<meta name=\"twitter:label1\" content=\"Szacowany czas czytania\" \/>\n\t<meta name=\"twitter:data1\" content=\"6 minut\" \/>\n<script type=\"application\/ld+json\" class=\"yoast-schema-graph\">{\"@context\":\"https:\/\/schema.org\",\"@graph\":[{\"@type\":\"WebPage\",\"@id\":\"https:\/\/www.sprachschule-aktiv-muenchen.de\/pl\/jezyk-niemiecki\/\",\"url\":\"https:\/\/www.sprachschule-aktiv-muenchen.de\/pl\/jezyk-niemiecki\/\",\"name\":\"Kursy j\u0119zyka niemieckiego w Monachium - szybko i efektywnie!\",\"isPartOf\":{\"@id\":\"https:\/\/www.sprachschule-aktiv-muenchen.de\/#website\"},\"primaryImageOfPage\":{\"@id\":\"https:\/\/www.sprachschule-aktiv-muenchen.de\/pl\/jezyk-niemiecki\/#primaryimage\"},\"image\":{\"@id\":\"https:\/\/www.sprachschule-aktiv-muenchen.de\/pl\/jezyk-niemiecki\/#primaryimage\"},\"thumbnailUrl\":\"https:\/\/www.sprachschule-aktiv-muenchen.de\/wp-content\/uploads\/2020\/06\/boton1.png\",\"datePublished\":\"2017-02-25T19:12:14+00:00\",\"dateModified\":\"2024-12-18T12:23:24+00:00\",\"description\":\"Informacje o kursach j\u0119zyka niemieckiego w Monachium. W Sprachschule Aktiv oferujemy kursy: intensywne, prywatne, wieczorowe i wiele wi\u0119cej!\",\"breadcrumb\":{\"@id\":\"https:\/\/www.sprachschule-aktiv-muenchen.de\/pl\/jezyk-niemiecki\/#breadcrumb\"},\"inLanguage\":\"pl-PL\",\"potentialAction\":[{\"@type\":\"ReadAction\",\"target\":[\"https:\/\/www.sprachschule-aktiv-muenchen.de\/pl\/jezyk-niemiecki\/\"]}]},{\"@type\":\"ImageObject\",\"inLanguage\":\"pl-PL\",\"@id\":\"https:\/\/www.sprachschule-aktiv-muenchen.de\/pl\/jezyk-niemiecki\/#primaryimage\",\"url\":\"https:\/\/www.sprachschule-aktiv-muenchen.de\/wp-content\/uploads\/2020\/06\/boton1.png\",\"contentUrl\":\"https:\/\/www.sprachschule-aktiv-muenchen.de\/wp-content\/uploads\/2020\/06\/boton1.png\"},{\"@type\":\"BreadcrumbList\",\"@id\":\"https:\/\/www.sprachschule-aktiv-muenchen.de\/pl\/jezyk-niemiecki\/#breadcrumb\",\"itemListElement\":[{\"@type\":\"ListItem\",\"position\":1,\"name\":\"Portada\",\"item\":\"https:\/\/www.sprachschule-aktiv-muenchen.de\/pl\/\"},{\"@type\":\"ListItem\",\"position\":2,\"name\":\"Kursy j.niemieckiego\"}]},{\"@type\":\"WebSite\",\"@id\":\"https:\/\/www.sprachschule-aktiv-muenchen.de\/#website\",\"url\":\"https:\/\/www.sprachschule-aktiv-muenchen.de\/\",\"name\":\"Sprachschule Aktiv\",\"description\":\"\",\"potentialAction\":[{\"@type\":\"SearchAction\",\"target\":{\"@type\":\"EntryPoint\",\"urlTemplate\":\"https:\/\/www.sprachschule-aktiv-muenchen.de\/?s={search_term_string}\"},\"query-input\":{\"@type\":\"PropertyValueSpecification\",\"valueRequired\":true,\"valueName\":\"search_term_string\"}}],\"inLanguage\":\"pl-PL\"}]}<\/script>\n<!-- \/ Yoast SEO plugin. -->","yoast_head_json":{"title":"Kursy j\u0119zyka niemieckiego w Monachium - szybko i efektywnie!","description":"Informacje o kursach j\u0119zyka niemieckiego w Monachium. W Sprachschule Aktiv oferujemy kursy: intensywne, prywatne, wieczorowe i wiele wi\u0119cej!","robots":{"index":"index","follow":"follow","max-snippet":"max-snippet:-1","max-image-preview":"max-image-preview:large","max-video-preview":"max-video-preview:-1"},"canonical":"https:\/\/www.sprachschule-aktiv-muenchen.de\/pl\/jezyk-niemiecki\/","og_locale":"pl_PL","og_type":"article","og_title":"Kursy j\u0119zyka niemieckiego w Monachium - szybko i efektywnie!","og_description":"Informacje o kursach j\u0119zyka niemieckiego w Monachium. W Sprachschule Aktiv oferujemy kursy: intensywne, prywatne, wieczorowe i wiele wi\u0119cej!","og_url":"https:\/\/www.sprachschule-aktiv-muenchen.de\/pl\/jezyk-niemiecki\/","og_site_name":"Sprachschule Aktiv","article_modified_time":"2024-12-18T12:23:24+00:00","og_image":[{"url":"https:\/\/www.sprachschule-aktiv-muenchen.de\/wp-content\/uploads\/2020\/06\/boton1.png","type":"","width":"","height":""}],"twitter_card":"summary_large_image","twitter_misc":{"Szacowany czas czytania":"6 minut"},"schema":{"@context":"https:\/\/schema.org","@graph":[{"@type":"WebPage","@id":"https:\/\/www.sprachschule-aktiv-muenchen.de\/pl\/jezyk-niemiecki\/","url":"https:\/\/www.sprachschule-aktiv-muenchen.de\/pl\/jezyk-niemiecki\/","name":"Kursy j\u0119zyka niemieckiego w Monachium - szybko i efektywnie!","isPartOf":{"@id":"https:\/\/www.sprachschule-aktiv-muenchen.de\/#website"},"primaryImageOfPage":{"@id":"https:\/\/www.sprachschule-aktiv-muenchen.de\/pl\/jezyk-niemiecki\/#primaryimage"},"image":{"@id":"https:\/\/www.sprachschule-aktiv-muenchen.de\/pl\/jezyk-niemiecki\/#primaryimage"},"thumbnailUrl":"https:\/\/www.sprachschule-aktiv-muenchen.de\/wp-content\/uploads\/2020\/06\/boton1.png","datePublished":"2017-02-25T19:12:14+00:00","dateModified":"2024-12-18T12:23:24+00:00","description":"Informacje o kursach j\u0119zyka niemieckiego w Monachium. W Sprachschule Aktiv oferujemy kursy: intensywne, prywatne, wieczorowe i wiele wi\u0119cej!","breadcrumb":{"@id":"https:\/\/www.sprachschule-aktiv-muenchen.de\/pl\/jezyk-niemiecki\/#breadcrumb"},"inLanguage":"pl-PL","potentialAction":[{"@type":"ReadAction","target":["https:\/\/www.sprachschule-aktiv-muenchen.de\/pl\/jezyk-niemiecki\/"]}]},{"@type":"ImageObject","inLanguage":"pl-PL","@id":"https:\/\/www.sprachschule-aktiv-muenchen.de\/pl\/jezyk-niemiecki\/#primaryimage","url":"https:\/\/www.sprachschule-aktiv-muenchen.de\/wp-content\/uploads\/2020\/06\/boton1.png","contentUrl":"https:\/\/www.sprachschule-aktiv-muenchen.de\/wp-content\/uploads\/2020\/06\/boton1.png"},{"@type":"BreadcrumbList","@id":"https:\/\/www.sprachschule-aktiv-muenchen.de\/pl\/jezyk-niemiecki\/#breadcrumb","itemListElement":[{"@type":"ListItem","position":1,"name":"Portada","item":"https:\/\/www.sprachschule-aktiv-muenchen.de\/pl\/"},{"@type":"ListItem","position":2,"name":"Kursy j.niemieckiego"}]},{"@type":"WebSite","@id":"https:\/\/www.sprachschule-aktiv-muenchen.de\/#website","url":"https:\/\/www.sprachschule-aktiv-muenchen.de\/","name":"Sprachschule Aktiv","description":"","potentialAction":[{"@type":"SearchAction","target":{"@type":"EntryPoint","urlTemplate":"https:\/\/www.sprachschule-aktiv-muenchen.de\/?s={search_term_string}"},"query-input":{"@type":"PropertyValueSpecification","valueRequired":true,"valueName":"search_term_string"}}],"inLanguage":"pl-PL"}]}},"_links":{"self":[{"href":"https:\/\/www.sprachschule-aktiv-muenchen.de\/pl\/wp-json\/wp\/v2\/pages\/12191","targetHints":{"allow":["GET"]}}],"collection":[{"href":"https:\/\/www.sprachschule-aktiv-muenchen.de\/pl\/wp-json\/wp\/v2\/pages"}],"about":[{"href":"https:\/\/www.sprachschule-aktiv-muenchen.de\/pl\/wp-json\/wp\/v2\/types\/page"}],"author":[{"embeddable":true,"href":"https:\/\/www.sprachschule-aktiv-muenchen.de\/pl\/wp-json\/wp\/v2\/users\/2"}],"replies":[{"embeddable":true,"href":"https:\/\/www.sprachschule-aktiv-muenchen.de\/pl\/wp-json\/wp\/v2\/comments?post=12191"}],"version-history":[{"count":11,"href":"https:\/\/www.sprachschule-aktiv-muenchen.de\/pl\/wp-json\/wp\/v2\/pages\/12191\/revisions"}],"predecessor-version":[{"id":79370,"href":"https:\/\/www.sprachschule-aktiv-muenchen.de\/pl\/wp-json\/wp\/v2\/pages\/12191\/revisions\/79370"}],"wp:attachment":[{"href":"https:\/\/www.sprachschule-aktiv-muenchen.de\/pl\/wp-json\/wp\/v2\/media?parent=12191"}],"curies":[{"name":"wp","href":"https:\/\/api.w.org\/{rel}","templated":true}]}}