{"id":46951,"date":"2017-02-05T10:41:54","date_gmt":"2017-02-05T09:41:54","guid":{"rendered":"https:\/\/www.sprachschule-aktiv-muenchen.de\/anmeldung\/"},"modified":"2019-06-21T06:53:15","modified_gmt":"2019-06-21T04:53:15","slug":"uzraksts","status":"publish","type":"page","link":"https:\/\/www.sprachschule-aktiv-muenchen.de\/lv\/uzraksts\/","title":{"rendered":"Uzraksts"},"content":{"rendered":"<p>[vc_row css=&#8221;.vc_custom_1486284745672{margin-top: 25px !important;padding-bottom: 30px !important;}&#8221;][vc_column][vc_column_text]<\/p>\n<h1>Pierakstieties m\u016bsu v\u0101cu valodas kursos Minhen\u0113<\/h1>\n<p>Valodu kursu re\u0123istr\u0101cija &#8211; l\u016bdzu, aizpildiet re\u0123istr\u0101cijas anketu v\u0113lamajam valodas kursam. Pierakstieties\u00a0m\u016bsu v\u0101cu valodas\u00a0kursos\u00a0Minhen\u0113.[\/vc_column_text][vc_row_inner][vc_column_inner width=&#8221;2\/3&#8243;]\n<div class=\"wpcf7 no-js\" id=\"wpcf7-f46953-o1\" lang=\"de-DE\" dir=\"ltr\" data-wpcf7-id=\"46953\">\n<div class=\"screen-reader-response\"><p role=\"status\" aria-live=\"polite\" aria-atomic=\"true\"><\/p> <ul><\/ul><\/div>\n<form action=\"\/lv\/wp-json\/wp\/v2\/pages\/46951#wpcf7-f46953-o1\" method=\"post\" class=\"wpcf7-form init wpcf7-acceptance-as-validation\" aria-label=\"Contact form\" novalidate=\"novalidate\" data-status=\"init\">\n<fieldset class=\"hidden-fields-container\"><input type=\"hidden\" name=\"_wpcf7\" value=\"46953\" \/><input type=\"hidden\" name=\"_wpcf7_version\" value=\"6.1.5\" \/><input type=\"hidden\" name=\"_wpcf7_locale\" value=\"de_DE\" \/><input type=\"hidden\" name=\"_wpcf7_unit_tag\" value=\"wpcf7-f46953-o1\" \/><input type=\"hidden\" name=\"_wpcf7_container_post\" value=\"0\" \/><input type=\"hidden\" name=\"_wpcf7_posted_data_hash\" value=\"\" \/><input type=\"hidden\" name=\"_wpcf7cf_hidden_group_fields\" value=\"[]\" \/><input type=\"hidden\" name=\"_wpcf7cf_hidden_groups\" value=\"[]\" \/><input type=\"hidden\" name=\"_wpcf7cf_visible_groups\" value=\"[]\" \/><input type=\"hidden\" name=\"_wpcf7cf_repeaters\" value=\"[]\" \/><input type=\"hidden\" name=\"_wpcf7cf_steps\" value=\"{}\" \/><input type=\"hidden\" name=\"_wpcf7cf_options\" value=\"{&quot;form_id&quot;:46953,&quot;conditions&quot;:[{&quot;then_field&quot;:&quot;ueberweisung&quot;,&quot;and_rules&quot;:[{&quot;if_field&quot;:&quot;Zahlung&quot;,&quot;operator&quot;:&quot;equals&quot;,&quot;if_value&quot;:&quot;P\\u0101rskait\\u012bjums&quot;}]}],&quot;settings&quot;:{&quot;animation&quot;:&quot;yes&quot;,&quot;animation_intime&quot;:200,&quot;animation_outtime&quot;:200,&quot;conditions_ui&quot;:&quot;normal&quot;,&quot;notice_dismissed&quot;:false}}\" \/><input type=\"hidden\" name=\"_wpcf7_recaptcha_response\" value=\"\" \/>\n<\/fieldset>\n<p>Komp\u0101nija: <span class=\"wpcf7-form-control-wrap\" data-name=\"Firma\"><input size=\"40\" maxlength=\"400\" class=\"wpcf7-form-control wpcf7-text\" aria-invalid=\"false\" value=\"\" type=\"text\" name=\"Firma\" \/><\/span>\n<\/p>\n<p>Nosaukums*: <span class=\"wpcf7-form-control-wrap\" data-name=\"Vorname\"><input size=\"40\" maxlength=\"400\" class=\"wpcf7-form-control wpcf7-text wpcf7-validates-as-required\" aria-required=\"true\" aria-invalid=\"false\" value=\"\" type=\"text\" name=\"Vorname\" \/><\/span>\n<\/p>\n<p>Uzv\u0101rds*: <span class=\"wpcf7-form-control-wrap\" data-name=\"Nachname\"><input size=\"40\" maxlength=\"400\" class=\"wpcf7-form-control wpcf7-text wpcf7-validates-as-required\" aria-required=\"true\" aria-invalid=\"false\" value=\"\" type=\"text\" name=\"Nachname\" \/><\/span>\n<\/p>\n<p>Adrese*: <span class=\"wpcf7-form-control-wrap\" data-name=\"Adresse\"><input size=\"40\" maxlength=\"400\" class=\"wpcf7-form-control wpcf7-text wpcf7-validates-as-required\" aria-required=\"true\" aria-invalid=\"false\" value=\"\" type=\"text\" name=\"Adresse\" \/><\/span>\n<\/p>\n<p>Pasta indekss \/ pils\u0113ta: <span class=\"wpcf7-form-control-wrap\" data-name=\"PLZ\"><input size=\"40\" maxlength=\"400\" class=\"wpcf7-form-control wpcf7-text wpcf7-validates-as-required\" aria-required=\"true\" aria-invalid=\"false\" value=\"\" type=\"text\" name=\"PLZ\" \/><\/span>\n<\/p>\n<p>T\u0101lrunis*: <span class=\"wpcf7-form-control-wrap\" data-name=\"Telefon\"><input size=\"40\" maxlength=\"400\" class=\"wpcf7-form-control wpcf7-text wpcf7-validates-as-required\" aria-required=\"true\" aria-invalid=\"false\" value=\"\" type=\"text\" name=\"Telefon\" \/><\/span>\n<\/p>\n<p>E-pasts*: <span class=\"wpcf7-form-control-wrap\" data-name=\"Email\"><input size=\"40\" maxlength=\"400\" class=\"wpcf7-form-control wpcf7-email wpcf7-validates-as-required wpcf7-text wpcf7-validates-as-email medium\" aria-required=\"true\" aria-invalid=\"false\" value=\"\" type=\"email\" name=\"Email\" \/><\/span>\n<\/p>\n<p><B>Inform\u0101cija par kursu: <\/b>\n<\/p>\n<p>Valoda* : <span class=\"wpcf7-form-control-wrap\" data-name=\"Sprache\"><input size=\"40\" maxlength=\"400\" class=\"wpcf7-form-control wpcf7-text wpcf7-validates-as-required\" aria-required=\"true\" aria-invalid=\"false\" placeholder=\"piem V\u0101cu, ang\u013cu, sp\u0101\u0146u\" value=\"\" type=\"text\" name=\"Sprache\" \/><\/span>\n<\/p>\n<p>Kursa veids*: <span class=\"wpcf7-form-control-wrap\" data-name=\"Kursart\"><input size=\"40\" maxlength=\"400\" class=\"wpcf7-form-control wpcf7-text wpcf7-validates-as-required\" aria-required=\"true\" aria-invalid=\"false\" placeholder=\"piem Intens\u012bvais kurss, vakara klases vai priv\u0101t\u0101s nodarb\u012bbas\" value=\"\" type=\"text\" name=\"Kursart\" \/><\/span>\n<\/p>\n<p>L\u012bmenis*: <span class=\"wpcf7-form-control-wrap\" data-name=\"niveau\"><select class=\"wpcf7-form-control wpcf7-select wpcf7-validates-as-required\" aria-required=\"true\" aria-invalid=\"false\" name=\"niveau\"><option value=\"A1 (ies\u0101c\u0113js \/ ies\u0101c\u0113js)\">A1 (ies\u0101c\u0113js \/ ies\u0101c\u0113js)<\/option><option value=\"A2 (pamatskolas \/ pamati)\">A2 (pamatskolas \/ pamati)<\/option><option value=\"B1 (starpprodukts \/ starpprodukts)\">B1 (starpprodukts \/ starpprodukts)<\/option><option value=\"B2 (Vantage \/ labs starpprodukts)\">B2 (Vantage \/ labs starpprodukts)<\/option><option value=\"C1 (uzlabotas \/ modernas zin\u0101\u0161anas)\">C1 (uzlabotas \/ modernas zin\u0101\u0161anas)<\/option><option value=\"C2 (prasmes \/ izcilas zin\u0101\u0161anas)\">C2 (prasmes \/ izcilas zin\u0101\u0161anas)<\/option><\/select><\/span>\n<\/p>\n<p>S\u0101kums kurss*: <span class=\"wpcf7-form-control-wrap\" data-name=\"Kursbeginn\"><input size=\"40\" maxlength=\"400\" class=\"wpcf7-form-control wpcf7-text wpcf7-validates-as-required walcf7-datepicker\" aria-required=\"true\" aria-invalid=\"false\" value=\"\" type=\"text\" name=\"Kursbeginn\" \/><\/span>\n<\/p>\n<p>Kursa ilgums*: <span class=\"wpcf7-form-control-wrap\" data-name=\"dauer\"><input size=\"40\" maxlength=\"400\" class=\"wpcf7-form-control wpcf7-text wpcf7-validates-as-required\" aria-required=\"true\" aria-invalid=\"false\" placeholder=\"piem 4 ned\u0113\u013cas intens\u012bvam kursam\" value=\"\" type=\"text\" name=\"dauer\" \/><\/span>\n<\/p>\n<p>V\u0113lamais stundu skaits: <span class=\"wpcf7-form-control-wrap\" data-name=\"Kursstunde\"><input size=\"40\" maxlength=\"400\" class=\"wpcf7-form-control wpcf7-text\" aria-invalid=\"false\" value=\"\" type=\"text\" name=\"Kursstunde\" \/><\/span>\n<\/p>\n<p><B>Maks\u0101jums: <\/b>\n<\/p>\n<p>Maks\u0101\u0161anas metodes: <span class=\"wpcf7-form-control-wrap\" data-name=\"Zahlung\"><select class=\"wpcf7-form-control wpcf7-select wpcf7-validates-as-required\" aria-required=\"true\" aria-invalid=\"false\" name=\"Zahlung\"><option value=\"Darba laiks m\u016bsu biroj\u0101\">Darba laiks m\u016bsu biroj\u0101<\/option><option value=\"P\u0101rskait\u012bjums\">P\u0101rskait\u012bjums<\/option><option value=\"Maks\u0101jiet ar kred\u012btkarti ir iesp\u0113jams biroj\u0101 Hessstr. 90, 80797 Minhen\u0113\">Maks\u0101jiet ar kred\u012btkarti ir iesp\u0113jams biroj\u0101 Hessstr. 90, 80797 Minhen\u0113<\/option><option value=\"Paypal: buchhaltung1@sprachschule-aktiv.de\">Paypal: buchhaltung1@sprachschule-aktiv.de<\/option><\/select><\/span>\n<\/p>\n<div data-id=\"ueberweisung\" data-orig_data_id=\"ueberweisung\"  class=\"\" data-class=\"wpcf7cf_group\">\n\t<p>Pasta banka:<br \/>\nKonta numurs: 165 357 859<br \/>\nBankas kods: 760 100 85<br \/>\nIBAN: DE40 7601 0085 0165 3578 59<br \/>\nBIC: PBNKDEFF\n\t<\/p>\n<\/div>\n<p><B>Koment\u0101ri, piez\u012bmes<\/b>\n<\/p>\n<p><span class=\"wpcf7-form-control-wrap\" data-name=\"Bemerkungen\"><textarea cols=\"40\" rows=\"10\" maxlength=\"2000\" class=\"wpcf7-form-control wpcf7-textarea\" aria-invalid=\"false\" name=\"Bemerkungen\"><\/textarea><\/span>\n<\/p>\n<div style=\"\">\n\t<p><span class=\"wpcf7-form-control-wrap\" data-name=\"agb\"><span class=\"wpcf7-form-control wpcf7-acceptance\"><span class=\"wpcf7-list-item\"><input type=\"checkbox\" name=\"agb\" value=\"1\" aria-invalid=\"false\" \/><\/span><\/span><\/span> (*) Esmu izlas\u012bjis un <a href=\"\/allgemeine-geschaeftsbedingungen-und-datenschutzerklaerung\/\" target=\"_blank\">piekr\u012btu juridiskajiem noteikumiem un datu konfidencialit\u0101tes politikai<\/a>.\n\t<\/p>\n<\/div>\n<p><input class=\"wpcf7-form-control wpcf7-submit has-spinner\" type=\"submit\" value=\"Nos\u016bt\u012bt\" \/>\n<\/p><div class=\"wpcf7-response-output\" aria-hidden=\"true\"><\/div>\n<\/form>\n<\/div>\n[\/vc_column_inner][vc_column_inner width=&#8221;1\/3&#8243; css=&#8221;.vc_custom_1486286691342{margin-top: 15px !important;}&#8221;][vc_column_text]<\/p>\n<h2>Sprachschule Aktiv M\u00fcnchen<\/h2>\n<p>T\u0101lrunis.: 00-49-89-20062435<br \/>\nMobilais: 0170-7779042<br \/>\nMobilais: 0151-24059756<br \/>\nFax: 089-20062454<br \/>\nE-pasts: <a href=\"mailto:kontakt@sprachschule-aktiv.de \">kontakt@sprachschule-aktiv.de<\/a><br \/>\nWeb: <a href=\"https:\/\/www.sprachschule-aktiv-muenchen.de\/\">www.sprachschule-aktiv-muenchen.de\/<\/a>[\/vc_column_text][vc_separator css=&#8221;.vc_custom_1486286438007{padding-top: 20px !important;padding-bottom: 20px !important;}&#8221;][vc_column_text]<\/p>\n<h3>M\u016bsu skola<\/h3>\n<p>He\u00dfstr. 90, 80797 M\u00fcnchen[\/vc_column_text][vc_gmaps link=&#8221;#E-8_JTNDaWZyYW1lJTIwc3JjJTNEJTIyaHR0cHMlM0ElMkYlMkZ3d3cuZ29vZ2xlLmNvbSUyRm1hcHMlMkZlbWJlZCUzRnBiJTNEJTIxMW0xOCUyMTFtMTIlMjExbTMlMjExZDI2NjEuNzQ5Njg0NjY4ODMzJTIxMmQxMS41NTg0MDgxMTU4MTUyNSUyMTNkNDguMTUzNjMwODU4MDIxMzQ0JTIxMm0zJTIxMWYwJTIxMmYwJTIxM2YwJTIxM20yJTIxMWkxMDI0JTIxMmk3NjglMjE0ZjEzLjElMjEzbTMlMjExbTIlMjExczB4NDc5ZTc1ZTEyMTYxMGExZiUyNTNBMHhlNzI3ZThlMmQ4NTI2ZTQyJTIxMnNTcHJhY2hzY2h1bGUlMkJBa3RpdiUyQk0lMjVDMyUyNUJDbmNoZW4lMjE1ZTAlMjEzbTIlMjExc2RlJTIxMnNkZSUyMTR2MTQ4NjI4NjMxMjc0MiUyMiUyMHdpZHRoJTNEJTIyNjAwJTIyJTIwaGVpZ2h0JTNEJTIyMjAwJTIyJTIwZnJhbWVib3JkZXIlM0QlMjIwJTIyJTIwc3R5bGUlM0QlMjJib3JkZXIlM0EwJTIyJTIwYWxsb3dmdWxsc2NyZWVuJTNFJTNDJTJGaWZyYW1lJTNF&#8221;][\/vc_column_inner][\/vc_row_inner][\/vc_column][\/vc_row]<\/p>\n","protected":false},"excerpt":{"rendered":"<p>[vc_row css=&#8221;.vc_custom_1486284745672{margin-top: 25px !important;padding-bottom: 30px !important;}&#8221;][vc_column][vc_column_text] Pierakstieties m\u016bsu v\u0101cu valodas kursos Minhen\u0113 Valodu kursu re\u0123istr\u0101cija &#8211; l\u016bdzu, aizpildiet re\u0123istr\u0101cijas anketu v\u0113lamajam valodas kursam. Pierakstieties\u00a0m\u016bsu v\u0101cu valodas\u00a0kursos\u00a0Minhen\u0113.[\/vc_column_text][vc_row_inner][vc_column_inner width=&#8221;2\/3&#8243;][\/vc_column_inner][vc_column_inner width=&#8221;1\/3&#8243; css=&#8221;.vc_custom_1486286691342{margin-top: 15px !important;}&#8221;][vc_column_text] Sprachschule Aktiv M\u00fcnchen T\u0101lrunis.: 00-49-89-20062435 Mobilais: 0170-7779042 Mobilais: 0151-24059756 Fax: 089-20062454 E-pasts: kontakt@sprachschule-aktiv.de Web: www.sprachschule-aktiv-muenchen.de\/[\/vc_column_text][vc_separator css=&#8221;.vc_custom_1486286438007{padding-top: 20px !important;padding-bottom: 20px !important;}&#8221;][vc_column_text] M\u016bsu skola He\u00dfstr. 90,&hellip; <a class=\"read-more\" href=\"https:\/\/www.sprachschule-aktiv-muenchen.de\/lv\/uzraksts\/\" title=\"Read Uzraksts\">Read more &raquo;<\/a><\/p>\n","protected":false},"author":2,"featured_media":0,"parent":0,"menu_order":0,"comment_status":"closed","ping_status":"closed","template":"","meta":{"footnotes":""},"class_list":["post-46951","page","type-page","status-publish","hentry"],"yoast_head":"<!-- This site is optimized with the Yoast SEO plugin v27.1.1 - https:\/\/yoast.com\/product\/yoast-seo-wordpress\/ -->\n<title>Pierakstieties m\u016bsu v\u0101cu valodas kursos Minhen\u0113.<\/title>\n<meta name=\"description\" content=\"Pierakstieties m\u016bsu v\u0101cu valodas kursos Minhen\u0113. Valodu kursu re\u0123istr\u0101cija - l\u016bdzu, aizpildiet re\u0123istr\u0101cijas anketu v\u0113lamajam valodas kursam.\" \/>\n<meta name=\"robots\" content=\"index, follow, max-snippet:-1, max-image-preview:large, max-video-preview:-1\" \/>\n<link rel=\"canonical\" href=\"https:\/\/www.sprachschule-aktiv-muenchen.de\/lv\/uzraksts\/\" \/>\n<meta property=\"og:locale\" content=\"lv_LV\" \/>\n<meta property=\"og:type\" content=\"article\" \/>\n<meta property=\"og:title\" content=\"Pierakstieties m\u016bsu v\u0101cu valodas kursos Minhen\u0113.\" \/>\n<meta property=\"og:description\" content=\"Pierakstieties m\u016bsu v\u0101cu valodas kursos Minhen\u0113. Valodu kursu re\u0123istr\u0101cija - l\u016bdzu, aizpildiet re\u0123istr\u0101cijas anketu v\u0113lamajam valodas kursam.\" \/>\n<meta property=\"og:url\" content=\"https:\/\/www.sprachschule-aktiv-muenchen.de\/lv\/uzraksts\/\" \/>\n<meta property=\"og:site_name\" content=\"Sprachschule Aktiv\" \/>\n<meta property=\"article:modified_time\" content=\"2019-06-21T04:53:15+00:00\" \/>\n<meta name=\"twitter:card\" content=\"summary_large_image\" \/>\n<meta name=\"twitter:label1\" content=\"Est. reading time\" \/>\n\t<meta name=\"twitter:data1\" content=\"1 minute\" \/>\n<script type=\"application\/ld+json\" class=\"yoast-schema-graph\">{\"@context\":\"https:\/\/schema.org\",\"@graph\":[{\"@type\":\"WebPage\",\"@id\":\"https:\/\/www.sprachschule-aktiv-muenchen.de\/lv\/uzraksts\/\",\"url\":\"https:\/\/www.sprachschule-aktiv-muenchen.de\/lv\/uzraksts\/\",\"name\":\"Pierakstieties m\u016bsu v\u0101cu valodas kursos Minhen\u0113.\",\"isPartOf\":{\"@id\":\"https:\/\/www.sprachschule-aktiv-muenchen.de\/#website\"},\"datePublished\":\"2017-02-05T09:41:54+00:00\",\"dateModified\":\"2019-06-21T04:53:15+00:00\",\"description\":\"Pierakstieties m\u016bsu v\u0101cu valodas kursos Minhen\u0113. Valodu kursu re\u0123istr\u0101cija - l\u016bdzu, aizpildiet re\u0123istr\u0101cijas anketu v\u0113lamajam valodas kursam.\",\"breadcrumb\":{\"@id\":\"https:\/\/www.sprachschule-aktiv-muenchen.de\/lv\/uzraksts\/#breadcrumb\"},\"inLanguage\":\"lv-LV\",\"potentialAction\":[{\"@type\":\"ReadAction\",\"target\":[\"https:\/\/www.sprachschule-aktiv-muenchen.de\/lv\/uzraksts\/\"]}]},{\"@type\":\"BreadcrumbList\",\"@id\":\"https:\/\/www.sprachschule-aktiv-muenchen.de\/lv\/uzraksts\/#breadcrumb\",\"itemListElement\":[{\"@type\":\"ListItem\",\"position\":1,\"name\":\"Portada\",\"item\":\"https:\/\/www.sprachschule-aktiv-muenchen.de\/lv\/\"},{\"@type\":\"ListItem\",\"position\":2,\"name\":\"Uzraksts\"}]},{\"@type\":\"WebSite\",\"@id\":\"https:\/\/www.sprachschule-aktiv-muenchen.de\/#website\",\"url\":\"https:\/\/www.sprachschule-aktiv-muenchen.de\/\",\"name\":\"Sprachschule Aktiv\",\"description\":\"\",\"potentialAction\":[{\"@type\":\"SearchAction\",\"target\":{\"@type\":\"EntryPoint\",\"urlTemplate\":\"https:\/\/www.sprachschule-aktiv-muenchen.de\/?s={search_term_string}\"},\"query-input\":{\"@type\":\"PropertyValueSpecification\",\"valueRequired\":true,\"valueName\":\"search_term_string\"}}],\"inLanguage\":\"lv-LV\"}]}<\/script>\n<!-- \/ Yoast SEO plugin. -->","yoast_head_json":{"title":"Pierakstieties m\u016bsu v\u0101cu valodas kursos Minhen\u0113.","description":"Pierakstieties m\u016bsu v\u0101cu valodas kursos Minhen\u0113. Valodu kursu re\u0123istr\u0101cija - l\u016bdzu, aizpildiet re\u0123istr\u0101cijas anketu v\u0113lamajam valodas kursam.","robots":{"index":"index","follow":"follow","max-snippet":"max-snippet:-1","max-image-preview":"max-image-preview:large","max-video-preview":"max-video-preview:-1"},"canonical":"https:\/\/www.sprachschule-aktiv-muenchen.de\/lv\/uzraksts\/","og_locale":"lv_LV","og_type":"article","og_title":"Pierakstieties m\u016bsu v\u0101cu valodas kursos Minhen\u0113.","og_description":"Pierakstieties m\u016bsu v\u0101cu valodas kursos Minhen\u0113. Valodu kursu re\u0123istr\u0101cija - l\u016bdzu, aizpildiet re\u0123istr\u0101cijas anketu v\u0113lamajam valodas kursam.","og_url":"https:\/\/www.sprachschule-aktiv-muenchen.de\/lv\/uzraksts\/","og_site_name":"Sprachschule Aktiv","article_modified_time":"2019-06-21T04:53:15+00:00","twitter_card":"summary_large_image","twitter_misc":{"Est. reading time":"1 minute"},"schema":{"@context":"https:\/\/schema.org","@graph":[{"@type":"WebPage","@id":"https:\/\/www.sprachschule-aktiv-muenchen.de\/lv\/uzraksts\/","url":"https:\/\/www.sprachschule-aktiv-muenchen.de\/lv\/uzraksts\/","name":"Pierakstieties m\u016bsu v\u0101cu valodas kursos Minhen\u0113.","isPartOf":{"@id":"https:\/\/www.sprachschule-aktiv-muenchen.de\/#website"},"datePublished":"2017-02-05T09:41:54+00:00","dateModified":"2019-06-21T04:53:15+00:00","description":"Pierakstieties m\u016bsu v\u0101cu valodas kursos Minhen\u0113. Valodu kursu re\u0123istr\u0101cija - l\u016bdzu, aizpildiet re\u0123istr\u0101cijas anketu v\u0113lamajam valodas kursam.","breadcrumb":{"@id":"https:\/\/www.sprachschule-aktiv-muenchen.de\/lv\/uzraksts\/#breadcrumb"},"inLanguage":"lv-LV","potentialAction":[{"@type":"ReadAction","target":["https:\/\/www.sprachschule-aktiv-muenchen.de\/lv\/uzraksts\/"]}]},{"@type":"BreadcrumbList","@id":"https:\/\/www.sprachschule-aktiv-muenchen.de\/lv\/uzraksts\/#breadcrumb","itemListElement":[{"@type":"ListItem","position":1,"name":"Portada","item":"https:\/\/www.sprachschule-aktiv-muenchen.de\/lv\/"},{"@type":"ListItem","position":2,"name":"Uzraksts"}]},{"@type":"WebSite","@id":"https:\/\/www.sprachschule-aktiv-muenchen.de\/#website","url":"https:\/\/www.sprachschule-aktiv-muenchen.de\/","name":"Sprachschule Aktiv","description":"","potentialAction":[{"@type":"SearchAction","target":{"@type":"EntryPoint","urlTemplate":"https:\/\/www.sprachschule-aktiv-muenchen.de\/?s={search_term_string}"},"query-input":{"@type":"PropertyValueSpecification","valueRequired":true,"valueName":"search_term_string"}}],"inLanguage":"lv-LV"}]}},"_links":{"self":[{"href":"https:\/\/www.sprachschule-aktiv-muenchen.de\/lv\/wp-json\/wp\/v2\/pages\/46951","targetHints":{"allow":["GET"]}}],"collection":[{"href":"https:\/\/www.sprachschule-aktiv-muenchen.de\/lv\/wp-json\/wp\/v2\/pages"}],"about":[{"href":"https:\/\/www.sprachschule-aktiv-muenchen.de\/lv\/wp-json\/wp\/v2\/types\/page"}],"author":[{"embeddable":true,"href":"https:\/\/www.sprachschule-aktiv-muenchen.de\/lv\/wp-json\/wp\/v2\/users\/2"}],"replies":[{"embeddable":true,"href":"https:\/\/www.sprachschule-aktiv-muenchen.de\/lv\/wp-json\/wp\/v2\/comments?post=46951"}],"version-history":[{"count":1,"href":"https:\/\/www.sprachschule-aktiv-muenchen.de\/lv\/wp-json\/wp\/v2\/pages\/46951\/revisions"}],"predecessor-version":[{"id":50519,"href":"https:\/\/www.sprachschule-aktiv-muenchen.de\/lv\/wp-json\/wp\/v2\/pages\/46951\/revisions\/50519"}],"wp:attachment":[{"href":"https:\/\/www.sprachschule-aktiv-muenchen.de\/lv\/wp-json\/wp\/v2\/media?parent=46951"}],"curies":[{"name":"wp","href":"https:\/\/api.w.org\/{rel}","templated":true}]}}