{"id":46943,"date":"2017-02-05T12:00:26","date_gmt":"2017-02-05T11:00:26","guid":{"rendered":"https:\/\/www.sprachschule-aktiv-muenchen.de\/kontakt\/"},"modified":"2026-04-12T12:28:40","modified_gmt":"2026-04-12T10:28:40","slug":"sazinieties-ar-mums","status":"publish","type":"page","link":"https:\/\/www.sprachschule-aktiv-muenchen.de\/lv\/sazinieties-ar-mums\/","title":{"rendered":"Sazinieties ar mums"},"content":{"rendered":"<p>[vc_row css=&#8221;.vc_custom_1486284745672{margin-top: 25px !important;padding-bottom: 30px !important;}&#8221;][vc_column][vc_column_text]<\/p>\n<h1>Sazinieties ar m\u016bsu skolu un m\u0101cieties v\u0101cu Minhen\u0113<\/h1>\n<p>Sazinieties ar mums tagad bez maksas un bez saist\u012bb\u0101m. Uzrakstiet mums vai zvaniet mums un \u0101tri iem\u0101cieties v\u0101cu m\u016bsu skol\u0101 Minhen\u0113.<\/p>\n<p>[\/vc_column_text][vc_row_inner][vc_column_inner width=&#8221;2\/3&#8243;]\n<div class=\"wpcf7 no-js\" id=\"wpcf7-f46947-o1\" lang=\"de-DE\" dir=\"ltr\" data-wpcf7-id=\"46947\">\n<div class=\"screen-reader-response\"><p role=\"status\" aria-live=\"polite\" aria-atomic=\"true\"><\/p> <ul><\/ul><\/div>\n<form action=\"\/lv\/wp-json\/wp\/v2\/pages\/46943#wpcf7-f46947-o1\" method=\"post\" class=\"wpcf7-form init\" aria-label=\"Contact form\" novalidate=\"novalidate\" data-status=\"init\">\n<fieldset class=\"hidden-fields-container\"><input type=\"hidden\" name=\"_wpcf7\" value=\"46947\" \/><input type=\"hidden\" name=\"_wpcf7_version\" value=\"6.1.5\" \/><input type=\"hidden\" name=\"_wpcf7_locale\" value=\"de_DE\" \/><input type=\"hidden\" name=\"_wpcf7_unit_tag\" value=\"wpcf7-f46947-o1\" \/><input type=\"hidden\" name=\"_wpcf7_container_post\" value=\"0\" \/><input type=\"hidden\" name=\"_wpcf7_posted_data_hash\" value=\"\" \/><input type=\"hidden\" name=\"_wpcf7cf_hidden_group_fields\" value=\"[]\" \/><input type=\"hidden\" name=\"_wpcf7cf_hidden_groups\" value=\"[]\" \/><input type=\"hidden\" name=\"_wpcf7cf_visible_groups\" value=\"[]\" \/><input type=\"hidden\" name=\"_wpcf7cf_repeaters\" value=\"[]\" \/><input type=\"hidden\" name=\"_wpcf7cf_steps\" value=\"{}\" \/><input type=\"hidden\" name=\"_wpcf7cf_options\" value=\"{&quot;form_id&quot;:46947,&quot;conditions&quot;:[],&quot;settings&quot;:{&quot;animation&quot;:&quot;yes&quot;,&quot;animation_intime&quot;:200,&quot;animation_outtime&quot;:200,&quot;conditions_ui&quot;:&quot;normal&quot;,&quot;notice_dismissed&quot;:false}}\" \/><input type=\"hidden\" name=\"_wpcf7_recaptcha_response\" value=\"\" \/>\n<\/fieldset>\n<p>J\u016bsu v\u0101rds*\n<\/p>\n<p><span class=\"wpcf7-form-control-wrap\" data-name=\"your-name\"><input size=\"40\" maxlength=\"400\" class=\"wpcf7-form-control wpcf7-text wpcf7-validates-as-required\" aria-required=\"true\" aria-invalid=\"false\" value=\"\" type=\"text\" name=\"your-name\" \/><\/span>\n<\/p>\n<p>Uzv\u0101rds*\n<\/p>\n<p><span class=\"wpcf7-form-control-wrap\" data-name=\"your-name2\"><input size=\"40\" maxlength=\"400\" class=\"wpcf7-form-control wpcf7-text wpcf7-validates-as-required\" aria-required=\"true\" aria-invalid=\"false\" value=\"\" type=\"text\" name=\"your-name2\" \/><\/span>\n<\/p>\n<p>J\u016bsu e-pasts*\n<\/p>\n<p><span class=\"wpcf7-form-control-wrap\" data-name=\"your-email\"><input size=\"40\" maxlength=\"400\" class=\"wpcf7-form-control wpcf7-email wpcf7-validates-as-required wpcf7-text wpcf7-validates-as-email\" aria-required=\"true\" aria-invalid=\"false\" value=\"\" type=\"email\" name=\"your-email\" \/><\/span>\n<\/p>\n<p>T\u0101lrunis*\n<\/p>\n<p><span class=\"wpcf7-form-control-wrap\" data-name=\"your-telefon\"><input size=\"40\" maxlength=\"400\" class=\"wpcf7-form-control wpcf7-text wpcf7-validates-as-required\" aria-required=\"true\" aria-invalid=\"false\" value=\"\" type=\"text\" name=\"your-telefon\" \/><\/span>\n<\/p>\n<p>J\u016bsu zi\u0146a\n<\/p>\n<p><span class=\"wpcf7-form-control-wrap\" data-name=\"your-message\"><textarea cols=\"40\" rows=\"10\" maxlength=\"2000\" class=\"wpcf7-form-control wpcf7-textarea\" aria-invalid=\"false\" name=\"your-message\"><\/textarea><\/span>\n<\/p>\n<div style=\"\">\n\t<p><span class=\"wpcf7-form-control-wrap\" data-name=\"agb\"><span class=\"wpcf7-form-control wpcf7-acceptance\"><span class=\"wpcf7-list-item\"><input type=\"checkbox\" name=\"agb\" value=\"1\" checked=\"checked\" aria-invalid=\"false\" \/><\/span><\/span><\/span> (*) Esmu izlas\u012bjis un <a href=\"\/allgemeine-geschaeftsbedingungen-und-datenschutzerklaerung\/\" target=\"_blank\">piekr\u012btu juridiskajiem noteikumiem un datu konfidencialit\u0101tes politikai<\/a>.\n\t<\/p>\n<\/div>\n<p><input class=\"wpcf7-form-control wpcf7-submit has-spinner\" type=\"submit\" value=\"Nos\u016bt\u012bt\" \/>\n<\/p><div class=\"wpcf7-response-output\" aria-hidden=\"true\"><\/div>\n<\/form>\n<\/div>\n[\/vc_column_inner][vc_column_inner width=&#8221;1\/3&#8243; css=&#8221;.vc_custom_1486292395419{margin-top: 25px !important;}&#8221;][vc_column_text]<\/p>\n<h2>Sprachschule Aktiv M\u00fcnchen<\/h2>\n<p>T\u0101lrunis.: 00-49-89-20062435<br \/>\nMobilais: 0151-23982453<br \/>\nFax: 089-20062454<br \/>\nE-pasts: <a href=\"mailto:kontakt@sprachschule-aktiv-muenchen.de\"><span data-olk-copy-source=\"MessageBody\">kontakt@sprachschule-aktiv-muenchen.de<\/span><\/a><br \/>\nWeb: <a href=\"https:\/\/www.sprachschule-aktiv-muenchen.de\/lv\/\">www.sprachschule-aktiv-muenchen.de\/<\/a>[\/vc_column_text][vc_separator css=&#8221;.vc_custom_1486286438007{padding-top: 20px !important;padding-bottom: 20px !important;}&#8221;][vc_column_text]<\/p>\n<h3>M\u016bsu skola<\/h3>\n<p>He\u00dfstr. 90, 80797 M\u00fcnchen[\/vc_column_text][vc_gmaps link=&#8221;#E-8_JTNDaWZyYW1lJTIwc3JjJTNEJTIyaHR0cHMlM0ElMkYlMkZ3d3cuZ29vZ2xlLmNvbSUyRm1hcHMlMkZlbWJlZCUzRnBiJTNEJTIxMW0xOCUyMTFtMTIlMjExbTMlMjExZDI2NjEuNzQ5Njg0NjY4ODMzJTIxMmQxMS41NTg0MDgxMTU4MTUyNSUyMTNkNDguMTUzNjMwODU4MDIxMzQ0JTIxMm0zJTIxMWYwJTIxMmYwJTIxM2YwJTIxM20yJTIxMWkxMDI0JTIxMmk3NjglMjE0ZjEzLjElMjEzbTMlMjExbTIlMjExczB4NDc5ZTc1ZTEyMTYxMGExZiUyNTNBMHhlNzI3ZThlMmQ4NTI2ZTQyJTIxMnNTcHJhY2hzY2h1bGUlMkJBa3RpdiUyQk0lMjVDMyUyNUJDbmNoZW4lMjE1ZTAlMjEzbTIlMjExc2RlJTIxMnNkZSUyMTR2MTQ4NjI4NjMxMjc0MiUyMiUyMHdpZHRoJTNEJTIyNjAwJTIyJTIwaGVpZ2h0JTNEJTIyMjAwJTIyJTIwZnJhbWVib3JkZXIlM0QlMjIwJTIyJTIwc3R5bGUlM0QlMjJib3JkZXIlM0EwJTIyJTIwYWxsb3dmdWxsc2NyZWVuJTNFJTNDJTJGaWZyYW1lJTNF&#8221;][\/vc_column_inner][\/vc_row_inner][\/vc_column][\/vc_row]<\/p>\n","protected":false},"excerpt":{"rendered":"<p>[vc_row css=&#8221;.vc_custom_1486284745672{margin-top: 25px !important;padding-bottom: 30px !important;}&#8221;][vc_column][vc_column_text] Sazinieties ar m\u016bsu skolu un m\u0101cieties v\u0101cu Minhen\u0113 Sazinieties ar mums tagad bez maksas un bez saist\u012bb\u0101m. Uzrakstiet mums vai zvaniet mums un \u0101tri iem\u0101cieties v\u0101cu m\u016bsu skol\u0101 Minhen\u0113. [\/vc_column_text][vc_row_inner][vc_column_inner width=&#8221;2\/3&#8243;][\/vc_column_inner][vc_column_inner width=&#8221;1\/3&#8243; css=&#8221;.vc_custom_1486292395419{margin-top: 25px !important;}&#8221;][vc_column_text] Sprachschule Aktiv M\u00fcnchen T\u0101lrunis.: 00-49-89-20062435 Mobilais: 0151-23982453 Fax: 089-20062454 E-pasts: kontakt@sprachschule-aktiv-muenchen.de Web: www.sprachschule-aktiv-muenchen.de\/[\/vc_column_text][vc_separator css=&#8221;.vc_custom_1486286438007{padding-top:&hellip; <a class=\"read-more\" href=\"https:\/\/www.sprachschule-aktiv-muenchen.de\/lv\/sazinieties-ar-mums\/\" title=\"Read Sazinieties ar mums\">Read more &raquo;<\/a><\/p>\n","protected":false},"author":2,"featured_media":0,"parent":0,"menu_order":0,"comment_status":"closed","ping_status":"closed","template":"","meta":{"footnotes":""},"class_list":["post-46943","page","type-page","status-publish","hentry"],"yoast_head":"<!-- This site is optimized with the Yoast SEO plugin v27.1.1 - https:\/\/yoast.com\/product\/yoast-seo-wordpress\/ -->\n<title>Sazinieties ar mums tagad bez maksas un bez saist\u012bb\u0101m<\/title>\n<meta name=\"description\" content=\"Sazinieties ar mums tagad bez maksas un bez saist\u012bb\u0101m. M\u0113s atbild\u0113sim uz j\u016bsu piepras\u012bjumu, cik dr\u012bz vien iesp\u0113jams. Varat ar\u012b piezvan\u012bt mums.\" \/>\n<meta name=\"robots\" content=\"index, follow, max-snippet:-1, max-image-preview:large, max-video-preview:-1\" \/>\n<link rel=\"canonical\" href=\"https:\/\/www.sprachschule-aktiv-muenchen.de\/lv\/sazinieties-ar-mums\/\" \/>\n<meta property=\"og:locale\" content=\"lv_LV\" \/>\n<meta property=\"og:type\" content=\"article\" \/>\n<meta property=\"og:title\" content=\"Sazinieties ar mums tagad bez maksas un bez saist\u012bb\u0101m\" \/>\n<meta property=\"og:description\" content=\"Sazinieties ar mums tagad bez maksas un bez saist\u012bb\u0101m. M\u0113s atbild\u0113sim uz j\u016bsu piepras\u012bjumu, cik dr\u012bz vien iesp\u0113jams. Varat ar\u012b piezvan\u012bt mums.\" \/>\n<meta property=\"og:url\" content=\"https:\/\/www.sprachschule-aktiv-muenchen.de\/lv\/sazinieties-ar-mums\/\" \/>\n<meta property=\"og:site_name\" content=\"Sprachschule Aktiv\" \/>\n<meta property=\"article:modified_time\" content=\"2026-04-12T10:28:40+00:00\" \/>\n<meta name=\"twitter:card\" content=\"summary_large_image\" \/>\n<meta name=\"twitter:label1\" content=\"Est. reading time\" \/>\n\t<meta name=\"twitter:data1\" content=\"1 minute\" \/>\n<script type=\"application\/ld+json\" class=\"yoast-schema-graph\">{\"@context\":\"https:\/\/schema.org\",\"@graph\":[{\"@type\":\"WebPage\",\"@id\":\"https:\/\/www.sprachschule-aktiv-muenchen.de\/lv\/sazinieties-ar-mums\/\",\"url\":\"https:\/\/www.sprachschule-aktiv-muenchen.de\/lv\/sazinieties-ar-mums\/\",\"name\":\"Sazinieties ar mums tagad bez maksas un bez saist\u012bb\u0101m\",\"isPartOf\":{\"@id\":\"https:\/\/www.sprachschule-aktiv-muenchen.de\/#website\"},\"datePublished\":\"2017-02-05T11:00:26+00:00\",\"dateModified\":\"2026-04-12T10:28:40+00:00\",\"description\":\"Sazinieties ar mums tagad bez maksas un bez saist\u012bb\u0101m. M\u0113s atbild\u0113sim uz j\u016bsu piepras\u012bjumu, cik dr\u012bz vien iesp\u0113jams. Varat ar\u012b piezvan\u012bt mums.\",\"breadcrumb\":{\"@id\":\"https:\/\/www.sprachschule-aktiv-muenchen.de\/lv\/sazinieties-ar-mums\/#breadcrumb\"},\"inLanguage\":\"lv-LV\",\"potentialAction\":[{\"@type\":\"ReadAction\",\"target\":[\"https:\/\/www.sprachschule-aktiv-muenchen.de\/lv\/sazinieties-ar-mums\/\"]}]},{\"@type\":\"BreadcrumbList\",\"@id\":\"https:\/\/www.sprachschule-aktiv-muenchen.de\/lv\/sazinieties-ar-mums\/#breadcrumb\",\"itemListElement\":[{\"@type\":\"ListItem\",\"position\":1,\"name\":\"Portada\",\"item\":\"https:\/\/www.sprachschule-aktiv-muenchen.de\/lv\/\"},{\"@type\":\"ListItem\",\"position\":2,\"name\":\"Sazinieties ar mums\"}]},{\"@type\":\"WebSite\",\"@id\":\"https:\/\/www.sprachschule-aktiv-muenchen.de\/#website\",\"url\":\"https:\/\/www.sprachschule-aktiv-muenchen.de\/\",\"name\":\"Sprachschule Aktiv\",\"description\":\"\",\"potentialAction\":[{\"@type\":\"SearchAction\",\"target\":{\"@type\":\"EntryPoint\",\"urlTemplate\":\"https:\/\/www.sprachschule-aktiv-muenchen.de\/?s={search_term_string}\"},\"query-input\":{\"@type\":\"PropertyValueSpecification\",\"valueRequired\":true,\"valueName\":\"search_term_string\"}}],\"inLanguage\":\"lv-LV\"}]}<\/script>\n<!-- \/ Yoast SEO plugin. -->","yoast_head_json":{"title":"Sazinieties ar mums tagad bez maksas un bez saist\u012bb\u0101m","description":"Sazinieties ar mums tagad bez maksas un bez saist\u012bb\u0101m. M\u0113s atbild\u0113sim uz j\u016bsu piepras\u012bjumu, cik dr\u012bz vien iesp\u0113jams. Varat ar\u012b piezvan\u012bt mums.","robots":{"index":"index","follow":"follow","max-snippet":"max-snippet:-1","max-image-preview":"max-image-preview:large","max-video-preview":"max-video-preview:-1"},"canonical":"https:\/\/www.sprachschule-aktiv-muenchen.de\/lv\/sazinieties-ar-mums\/","og_locale":"lv_LV","og_type":"article","og_title":"Sazinieties ar mums tagad bez maksas un bez saist\u012bb\u0101m","og_description":"Sazinieties ar mums tagad bez maksas un bez saist\u012bb\u0101m. M\u0113s atbild\u0113sim uz j\u016bsu piepras\u012bjumu, cik dr\u012bz vien iesp\u0113jams. Varat ar\u012b piezvan\u012bt mums.","og_url":"https:\/\/www.sprachschule-aktiv-muenchen.de\/lv\/sazinieties-ar-mums\/","og_site_name":"Sprachschule Aktiv","article_modified_time":"2026-04-12T10:28:40+00:00","twitter_card":"summary_large_image","twitter_misc":{"Est. reading time":"1 minute"},"schema":{"@context":"https:\/\/schema.org","@graph":[{"@type":"WebPage","@id":"https:\/\/www.sprachschule-aktiv-muenchen.de\/lv\/sazinieties-ar-mums\/","url":"https:\/\/www.sprachschule-aktiv-muenchen.de\/lv\/sazinieties-ar-mums\/","name":"Sazinieties ar mums tagad bez maksas un bez saist\u012bb\u0101m","isPartOf":{"@id":"https:\/\/www.sprachschule-aktiv-muenchen.de\/#website"},"datePublished":"2017-02-05T11:00:26+00:00","dateModified":"2026-04-12T10:28:40+00:00","description":"Sazinieties ar mums tagad bez maksas un bez saist\u012bb\u0101m. M\u0113s atbild\u0113sim uz j\u016bsu piepras\u012bjumu, cik dr\u012bz vien iesp\u0113jams. Varat ar\u012b piezvan\u012bt mums.","breadcrumb":{"@id":"https:\/\/www.sprachschule-aktiv-muenchen.de\/lv\/sazinieties-ar-mums\/#breadcrumb"},"inLanguage":"lv-LV","potentialAction":[{"@type":"ReadAction","target":["https:\/\/www.sprachschule-aktiv-muenchen.de\/lv\/sazinieties-ar-mums\/"]}]},{"@type":"BreadcrumbList","@id":"https:\/\/www.sprachschule-aktiv-muenchen.de\/lv\/sazinieties-ar-mums\/#breadcrumb","itemListElement":[{"@type":"ListItem","position":1,"name":"Portada","item":"https:\/\/www.sprachschule-aktiv-muenchen.de\/lv\/"},{"@type":"ListItem","position":2,"name":"Sazinieties ar mums"}]},{"@type":"WebSite","@id":"https:\/\/www.sprachschule-aktiv-muenchen.de\/#website","url":"https:\/\/www.sprachschule-aktiv-muenchen.de\/","name":"Sprachschule Aktiv","description":"","potentialAction":[{"@type":"SearchAction","target":{"@type":"EntryPoint","urlTemplate":"https:\/\/www.sprachschule-aktiv-muenchen.de\/?s={search_term_string}"},"query-input":{"@type":"PropertyValueSpecification","valueRequired":true,"valueName":"search_term_string"}}],"inLanguage":"lv-LV"}]}},"_links":{"self":[{"href":"https:\/\/www.sprachschule-aktiv-muenchen.de\/lv\/wp-json\/wp\/v2\/pages\/46943","targetHints":{"allow":["GET"]}}],"collection":[{"href":"https:\/\/www.sprachschule-aktiv-muenchen.de\/lv\/wp-json\/wp\/v2\/pages"}],"about":[{"href":"https:\/\/www.sprachschule-aktiv-muenchen.de\/lv\/wp-json\/wp\/v2\/types\/page"}],"author":[{"embeddable":true,"href":"https:\/\/www.sprachschule-aktiv-muenchen.de\/lv\/wp-json\/wp\/v2\/users\/2"}],"replies":[{"embeddable":true,"href":"https:\/\/www.sprachschule-aktiv-muenchen.de\/lv\/wp-json\/wp\/v2\/comments?post=46943"}],"version-history":[{"count":4,"href":"https:\/\/www.sprachschule-aktiv-muenchen.de\/lv\/wp-json\/wp\/v2\/pages\/46943\/revisions"}],"predecessor-version":[{"id":80608,"href":"https:\/\/www.sprachschule-aktiv-muenchen.de\/lv\/wp-json\/wp\/v2\/pages\/46943\/revisions\/80608"}],"wp:attachment":[{"href":"https:\/\/www.sprachschule-aktiv-muenchen.de\/lv\/wp-json\/wp\/v2\/media?parent=46943"}],"curies":[{"name":"wp","href":"https:\/\/api.w.org\/{rel}","templated":true}]}}