{"id":46791,"date":"2016-08-11T12:35:27","date_gmt":"2016-08-11T12:35:27","guid":{"rendered":"https:\/\/www.sprachschule-aktiv-muenchen.de\/home-3-corporate\/"},"modified":"2022-12-23T11:26:02","modified_gmt":"2022-12-23T10:26:02","slug":"home-3-corporate","status":"publish","type":"page","link":"https:\/\/www.sprachschule-aktiv-muenchen.de\/lv\/","title":{"rendered":"Home 3 &#8211; Corporate"},"content":{"rendered":"<p>[vc_row full_width=&#8221;stretch_row_content_no_spaces&#8221; equal_height=&#8221;yes&#8221; tc_enable_overlay=&#8221;true&#8221; css=&#8221;.vc_custom_1603194138798{background-position: center !important;background-repeat: no-repeat !important;background-size: cover !important;}&#8221;][vc_column][vc_single_image image=&#8221;59851&#8243; img_size=&#8221;full&#8221; onclick=&#8221;custom_link&#8221; link=&#8221;https:\/\/www.sprachschule-aktiv-muenchen.de\/lv\/uzraksts\/&#8221;][\/vc_column][\/vc_row][vc_row css=&#8221;.vc_custom_1487751168762{margin-top: 40px !important;}&#8221;][vc_column][vc_column_text]<\/p>\n<h1>M\u0101c\u012bties v\u0101cu Minhen\u0113: J\u016bsu skola v\u0101cu valod\u0101!<\/h1>\n<p>Vai v\u0113laties apg\u016bt v\u0101cu Minhen\u0113?\u201c Aktiv M\u00fcnchen valodu skola\u201c specializ\u0113jas v\u0101cu valodas kursos. \u0160eit j\u016bs atrad\u012bsiet inform\u0101ciju par m\u016bsu kursiem, dzivo\u0161anu Minhen\u0113, cen\u0101m, v\u012bzu V\u0101cij\u0101, v\u0101cu klasifik\u0101ciju, izklaides pas\u0101kumiem, medic\u012bnisko apdro\u0161in\u0101\u0161anu v\u0101cu valodas kursiem, inform\u0101ciju par Minhenes pils\u0113tu un skolas atra\u0161an\u0101s vietu. M\u0101c\u012bties v\u0101cu Minhen\u0113:\u00a0J\u016bsuskola v\u0101cu valod\u0101![\/vc_column_text][\/vc_column][\/vc_row][vc_row full_width=&#8221;stretch_row_content_no_spaces&#8221; tc_enable_overlay=&#8221;true&#8221; css=&#8221;.vc_custom_1488199892438{padding-top: 20px !important;padding-bottom: 30px !important;background-image: url(https:\/\/www.sprachschule-aktiv-muenchen.de\/wp-content\/uploads\/2016\/08\/sprachschule-bg.jpg?id=543) !important;background-position: center !important;background-repeat: no-repeat !important;background-size: cover !important;}&#8221; el_class=&#8221;xs-pd-lr&#8221;][vc_column width=&#8221;3\/4&#8243; offset=&#8221;vc_col-lg-offset-1 vc_col-lg-6 vc_col-md-offset-1 vc_col-md-10 vc_col-sm-offset-1 vc_col-xs-12&#8243;][vc_column_text]<\/p>\n<h2>V\u0101cu valodas kursi ies\u0101c\u0113jiem un ar priek\u0161zin\u0101\u0161an\u0101m: A1, A2, B1, B2, C1 un C2<\/h2>\n<p>V\u0101cu valodas sertifik\u0101ti atbilst l\u012bmenim &#8211; Eiropas sist\u0113mai: A1, A2, B1, B2, C1, C2. Katrs sertifik\u0101ts ir balst\u012bts uz iepriek\u0161\u0113jo. Tas nodro\u0161ina augstu izpratnes l\u012bmeni par runu un valodas l\u012bmeni, kas p\u0101rsniedz ikdienas valodas lietojumu. Valodu studentiem tiek dota iesp\u0113ja m\u0101c\u012bties v\u0101cu valodu , lai veicin\u0101tu un stiprin\u0101tu starptautisko sazi\u0146u starp V\u0101cijas un \u0101rvalstu uz\u0146\u0113mumiem. Turkl\u0101t valodu m\u0101c\u012b\u0161ana ir svar\u012bgs atbalsts starptautiskajiem studentiem, jo tas ir priek\u0161noteikums universit\u0101\u0161u iest\u0101\u0161an\u0101s vai k\u0101d\u0101 cit\u0101 iest\u0101d\u0113.[\/vc_column_text]\t<div class=\"vc_btn3-container vc_btn3-inline\">\r\n\t\t<a href=\"\/lv\/uzraksts\/\" class=\"pgs_btn pgs_btn_style_1 pgs_btn_md  vc_custom_1542873817231\">\r\n\t\t\t<span>\r\n\t\t\t\tPierakstieties m\u016bsu kursos\t\t\t<\/span>\r\n\t\t\t\t\t\t<i class=\"fa fa-pencil-square-o\"><\/i>\r\n\t\t\t\t\t<\/a>\r\n\t<\/div>\r\n\t[\/vc_column][vc_column width=&#8221;1\/4&#8243; offset=&#8221;vc_col-lg-5 vc_col-md-2 vc_hidden-sm vc_col-xs-12 vc_hidden-xs&#8221;][\/vc_column][\/vc_row][vc_row css=&#8221;.vc_custom_1487859827619{padding-top: 25px !important;padding-bottom: 25px !important;}&#8221;][vc_column width=&#8221;1\/2&#8243;][vc_column_text]<\/p>\n<h2>V\u0101cu valodas kursi &#8211; datumi un cenas:<\/h2>\n<p>Ilgums: 1, 2, 3, 4 &#8230; l\u012bdz 48 ned\u0113\u013c\u0101m. Pl\u0101notais laiks: no pirmdienas l\u012bdz piektdienai no plkst. 9:00 l\u012bdz plkst. 12:00<\/p>\n<p>Kurss ar priek\u0161zin\u0101\u0161an\u0101m: katru pirmdienu iesp\u0113jams.<\/p>\n<p>Ies\u0101c\u0113ju datumi: datumus var atrast zem\u0101k \u0161aj\u0101 lap\u0101.<\/p>\n<p>L\u012bmeni A1-C2: s\u0101kotn\u0113jais, vid\u0113jais, progres\u012bvs: A1 (A1.1 + A1.2), A2 (A2.1 + A2.2) B1 (B1.1 + B1.2), B2 (B2.1 + B2 .2) C1, C2<\/p>\n<p>Cenas:<\/p>\n<ul>\n<li>1 ned\u0113\u013ca: 199, &#8211; \u20ac<\/li>\n<li>2 ned\u0113\u013cas: 349, &#8211; \u20ac<\/li>\n<li>3 ned\u0113\u013cas: 411, &#8211; \u20ac<\/li>\n<li>4 ned\u0113\u013cas (m\u0113nes\u012b): 499, &#8211; \u20ac<\/li>\n<\/ul>\n<p>[\/vc_column_text][\/vc_column][vc_column width=&#8221;1\/2&#8243;][vc_video link=&#8221;https:\/\/youtu.be\/O8OSUHbmfWQ&#8221;][\/vc_column][\/vc_row][vc_row css=&#8221;.vc_custom_1487860141343{padding-bottom: 25px !important;}&#8221;][vc_column][vc_column_text]<\/p>\n<h2>V\u0101cijas intens\u012bvie kursi Minhen\u0113 &#8211; studij\u0101 neliel\u0101s grup\u0101s<\/h2>\n<p>Neliel\u0101m grup\u0101m no 10 studentiem ir priek\u0161roc\u012bba, ka skolot\u0101ji lab\u0101k atbilst studentu vajadz\u012bb\u0101m un t\u0101d\u0113j\u0101di nodro\u0161ina intens\u012bv\u0101ku m\u0101c\u012b\u0161anos.<br \/>\nT\u0101 k\u0101 katram studentam ir at\u0161\u0137ir\u012bga m\u0101c\u012b\u0161an\u0101s prakse, at\u0161\u0137ir\u012bbas starp atsevi\u0161\u0137u studentu m\u0101c\u012b\u0161an\u0101s sp\u0113j\u0101m ir j\u0101nosaka un j\u0101kori\u0123\u0113, ja iesp\u0113jams. Turkl\u0101t maz\u0101 grup\u0101 att\u012bst\u0101s efekt\u012bv\u0101ka dinamika un veicina valodu kontaktu veido\u0161anu. Valodu var internaliz\u0113t tikai tad, ja to izmanto priv\u0101taj\u0101 un profesion\u0101laj\u0101 lok\u0101.<\/p>\n<p>M\u016bsu valodu skola pied\u0101v\u0101:<\/p>\n<ul>\n<li>Laba transporta satiksme: metro, tramvajs, autobuss.<\/li>\n<li>Skaists parks tie\u0161i skolas priek\u0161\u0101, lai atp\u016bstos, ar daudz\u0101m kafejn\u012bc\u0101m, restor\u0101niem, krodzi\u0146iem.<\/li>\n<li>Modernas un dinamiskas klases v\u0101cu valodas nodarb\u012bb\u0101m.<\/li>\n<li>Da\u017e\u0101di v\u0101cu kursi, piem\u0113ram, da\u013c\u0113ji intens\u012bvi un vasaras kursi, intens\u012bvie kursi, TestDaF. Turkl\u0101t m\u016bsu valodu skola ir apr\u012bkota ar modern\u0101m iek\u0101rt\u0101m. Tas nodro\u0161ina profesion\u0101lu un efekt\u012bvu apm\u0101c\u012bbu. M\u0101c\u012bbu materi\u0101ls atbilst jaun\u0101kaj\u0101m valodu prasm\u0113m un to atbalsta vado\u0161ie lingvisti.<\/li>\n<\/ul>\n<p>[\/vc_column_text][\/vc_column][\/vc_row][vc_row full_width=&#8221;stretch_row&#8221; css=&#8221;.vc_custom_1488200490778{padding-top: 30px !important;padding-bottom: 30px !important;background-color: #f9f9f9 !important;}&#8221;][vc_column][vc_column_text]<\/p>\n<h2>Centr\u0101l\u0101 atra\u0161an\u0101s vieta: Minhen\u0113<\/h2>\n<p>Uz m\u016bsu valodas skolu var \u0101tri nok\u013c\u016bt pastaig\u0101joties ar k\u0101j\u0101m vai ar sabiedrisko transportu no pils\u0113tas centra:<\/p>\n<ul>\n<li>He\u00dfstr. 90 80797 Minhen\u0113<\/li>\n<\/ul>\n<p>[\/vc_column_text][vc_row_inner][vc_column_inner][vc_gmaps link=&#8221;#E-8_JTNDaWZyYW1lJTIwc3JjJTNEJTIyaHR0cHMlM0ElMkYlMkZ3d3cuZ29vZ2xlLmNvbSUyRm1hcHMlMkZlbWJlZCUzRnBiJTNEJTIxMW0xOCUyMTFtMTIlMjExbTMlMjExZDI2NjEuNzQ5Nzg3MzE2OTA3JTIxMmQxMS41NTg0MTIwMTU5MDM1MzUlMjEzZDQ4LjE1MzYyODg3OTIyNDclMjEybTMlMjExZjAlMjEyZjAlMjEzZjAlMjEzbTIlMjExaTEwMjQlMjEyaTc2OCUyMTRmMTMuMSUyMTNtMyUyMTFtMiUyMTFzMHg0NzllNzVlMTIxNmQxMWRmJTI1M0EweGFkNjQxODk2YmU3MGM0ZDYlMjEyelNHWERuM04wY21IRG4yVWdPVEFzSURnd056azNJRTNEdkc1amFHVnUlMjE1ZTAlMjEzbTIlMjExc2RlJTIxMnNkZSUyMTR2MTQ4NDczNjkyNjY2MCUyMiUyMHdpZHRoJTNEJTIyNDAwJTIyJTIwaGVpZ2h0JTNEJTIyMjAwJTIyJTIwZnJhbWVib3JkZXIlM0QlMjIwJTIyJTIwc3R5bGUlM0QlMjJib3JkZXIlM0EwJTIyJTIwYWxsb3dmdWxsc2NyZWVuJTNFJTNDJTJGaWZyYW1lJTNF&#8221;][\/vc_column_inner][\/vc_row_inner][\/vc_column][\/vc_row][vc_row full_width=&#8221;stretch_row&#8221; tc_enable_overlay=&#8221;true&#8221; css=&#8221;.vc_custom_1488200415906{padding-top: 30px !important;padding-bottom: 30px !important;background-position: 0 0 !important;background-repeat: repeat !important;}&#8221;][vc_column width=&#8221;1\/2&#8243;][vc_video link=&#8221;https:\/\/youtu.be\/3COnuIj0gzY&#8221;][\/vc_column][vc_column width=&#8221;1\/2&#8243;][vc_column_text css=&#8221;.vc_custom_1542877325891{padding-bottom: 30px !important;}&#8221;]<\/p>\n<h2>Prasm\u012bgi, simp\u0101tiski un pieredz\u0113ju\u0161i v\u0101cu skolot\u0101ji<\/h2>\n<p>Lai ieg\u016btu augstu izgl\u012bt\u012bbas l\u012bmeni, ir svar\u012bgi, lai skolot\u0101js sa\u0146emtu pirm\u0101s klases izgl\u012bt\u012bbu. T\u0101p\u0113c valodai ir nepiecie\u0161ama ar\u012b pedago\u0123isk\u0101 brieduma pak\u0101pe. M\u0113s garant\u0113jam, ka m\u016bsu skolot\u0101ji ir vair\u0101k nek\u0101 tikai viet\u0113jie v\u0101cu valod\u0101 run\u0101t\u0101ji.<\/p>\n<p>Izmantojot m\u0113r\u0137tiec\u012bgu izgl\u012bt\u012bbu un regul\u0101ru apm\u0101c\u012bbu, vi\u0146i nosaka savus augstos standartus, lai saviem studentiem nodro\u0161in\u0101tu vislab\u0101ko valodas izgl\u012bt\u012bbu. T\u0101p\u0113c profesion\u0101la attieksme pret dz\u012bvi ir priek\u0161noteikums, lai tiktu atz\u012btiem par valodas skolot\u0101jiem m\u016bsu skol\u0101.<br \/>\n[\/vc_column_text][\/vc_column][\/vc_row][vc_row full_width=&#8221;stretch_row&#8221; tc_enable_overlay=&#8221;true&#8221; css=&#8221;.vc_custom_1488200430029{padding-top: 30px !important;padding-bottom: 30px !important;background-color: #f9f9f9 !important;}&#8221;][vc_column][vc_column_text]<\/p>\n<h3>V\u0101cu valodas kursi ar naudas atmaksas garantiju un bezmaksas izm\u0113\u0123in\u0101juma nodarb\u012bbu.<\/h3>\n<p>Uzziniet v\u0101cu ar naudas atmaksas garantiju! J\u016bs maks\u0101jat par kursu, ja esat apmierin\u0101ts ar m\u016bsu pakalpojumu. Pret\u0113j\u0101 gad\u012bjum\u0101 j\u016bs sa\u0146emsiet jau samaks\u0101tu summu. K\u0101 \u0101rvalstu studenti, l\u016bdzu, izmantojiet iesp\u0113ju apmekl\u0113t br\u012bvo nodarb\u012bbu un p\u0113c tam izlemt, vai v\u0113laties turpin\u0101t izmantot m\u016bsu pakalpojumus.[\/vc_column_text][\/vc_column][\/vc_row][vc_row css=&#8221;.vc_custom_1542877345556{margin-top: 20px !important;}&#8221;][vc_column][vc_raw_html]JTNDaWZyYW1lJTIwc3JjJTNEJTIyaHR0cHMlM0ElMkYlMkZ3d3cuZ29vZ2xlLmNvbSUyRm1hcHMlMkZlbWJlZCUzRnBiJTNEJTIxMW0wJTIxNHYxNTExMTI0MTk0Nzk5JTIxNm04JTIxMW03JTIxMXNDQW9TTEVGR01WRnBjRkJ2YmxsSVduVXpTVGxQYUc0elkweG9OVGRxTmt4UVpqSXhRWEZHVlZwTVZsUlRTRTB4JTIxMm0yJTIxMWQ0OC4xNTM1ODQzOTUxNDAzNCUyMTJkMTEuNTYwNjkyMTQ0OTc0OTUlMjEzZjE3OC4xNDAxNTA1NjY5MjgwNCUyMTRmLTQuNTA4MjMyMDE3OTk5MDc3JTIxNWYwLjc4MjA4NjU5NzQ2Mjc0NjklMjIlMjBzdHlsZSUzRCUyMmJvcmRlciUzQTAlMjIlMjB3aWR0aCUzRCUyMjEwMCUyNSUyMiUyMGhlaWdodCUzRCUyMjQwMCUyMiUyMGZyYW1lYm9yZGVyJTNEJTIyMCUyMiUzRSUzQyUyRmlmcmFtZSUzRQ==[\/vc_raw_html][\/vc_column][\/vc_row][vc_row full_width=&#8221;stretch_row&#8221; tc_enable_overlay=&#8221;true&#8221; el_class=&#8221;contact-6 theme-bg-color&#8221; css=&#8221;.vc_custom_1484755280803{padding-top: 50px !important;padding-bottom: 20px !important;}&#8221;][vc_column width=&#8221;1\/3&#8243;][vc_raw_html]JTNDZGl2JTIwY2xhc3MlM0QlMjJmZWF0dXJlLTglMjBjbGVhcmZpeCUyMiUzRSUwQSUyMCUyMCUyMCUyMCUyMCUyMCUyMCUyMCUyMCUzQ2RpdiUyMGNsYXNzJTNEJTIyZmVhdHVyZS04LXRpdGxlJTIyJTNFJTBBJTIwJTIwJTIwJTIwJTIwJTIwJTIwJTIwJTIwJTIwJTNDc3BhbiUyMGNsYXNzJTNEJTIyZmElMjBmYS1wZW5jaWwlMjIlMjBhcmlhLWhpZGRlbiUzRCUyMnRydWUlMjIlM0UlM0MlMkZzcGFuJTNFJTBBJTIwJTIwJTIwJTIwJTIwJTIwJTIwJTIwJTIwJTNDJTJGZGl2JTNFJTBBJTIwJTIwJTIwJTIwJTIwJTIwJTIwJTIwJTNDZGl2JTIwY2xhc3MlM0QlMjJmZWF0dXJlLTgtaW5mbyUyMiUzRSUwQSUyMCUyMCUyMCUyMCUyMCUyMCUyMCUyMCUyMCUzQ2g0JTIwY2xhc3MlM0QlMjJ0ZXh0LXdoaXRlJTIyJTNFQWRyZXNlJTNDJTJGaDQlM0UlMjAlMEElMjAlMjAlMjAlMjAlMjAlMjAlMjAlMjAlMjAlM0NwJTIwY2xhc3MlM0QlMjJ0ZXh0LXdoaXRlJTIyJTNFSGUlQzMlOUZzdHJhJUMzJTlGZSUyMDkwLiUyMDgwNzk3JTIwTSVDMyVCQ25jaGVuJTNDYnIlMkYlM0VUZWdlcm5zZWVyJTIwTGFuZHN0ci4lMjAxMzUuJTIwODE1MzklMjBNJUMzJUJDbmNoZW4lM0MlMkZwJTNFJTBBJTIwJTIwJTIwJTIwJTIwJTIwJTIwJTNDJTJGZGl2JTNFJTBBJTIwJTIwJTIwJTIwJTIwJTIwJTNDJTJGZGl2JTNF[\/vc_raw_html][\/vc_column][vc_column width=&#8221;1\/3&#8243;][vc_raw_html]JTNDZGl2JTIwY2xhc3MlM0QlMjJmZWF0dXJlLTglMjBjbGVhcmZpeCUyMiUzRSUwQSUyMCUyMCUyMCUyMCUyMCUyMCUyMCUyMCUyMCUyMCUyMCUzQ2RpdiUyMGNsYXNzJTNEJTIyZmVhdHVyZS04LXRpdGxlJTIyJTNFJTBBJTIwJTIwJTIwJTIwJTIwJTIwJTIwJTIwJTIwJTIwJTIwJTIwJTNDc3BhbiUyMGNsYXNzJTNEJTIyaWNvbi1zY3JlZW4tc21hcnRwaG9uZSUyMiUyMGFyaWEtaGlkZGVuJTNEJTIydHJ1ZSUyMiUzRSUzQyUyRnNwYW4lM0UlMEElMjAlMjAlMjAlMjAlMjAlMjAlMjAlMjAlMjAlMjAlMjAlM0MlMkZkaXYlM0UlMEElMjAlMjAlMjAlMjAlMjAlMjAlMjAlMjAlMjAlMjAlM0NkaXYlMjBjbGFzcyUzRCUyMmZlYXR1cmUtOC1pbmZvJTIyJTNFJTBBJTIwJTIwJTIwJTIwJTIwJTIwJTIwJTIwJTIwJTIwJTIwJTNDaDQlMjBjbGFzcyUzRCUyMnRleHQtd2hpdGUlMjIlM0VUJUM0JTgxbHJ1bmlzJTNDJTJGaDQlM0UlMEElMjAlMjAlMjAlMjAlMjAlMjAlMjAlMjAlMjAlMjAlMjAlM0NwJTIwY2xhc3MlM0QlMjJ0ZXh0LXdoaXRlJTIyJTNFJTIwJTIwMDg5JTJGMjAlMjAwNiUyMDI0JTIwMzUlMjAlM0NiciUyRiUzRSUyMDA4OSUyRjIwJTIwMDYlMjAyNCUyMDM2JTNDYnIlMkYlM0UlMEElMjAlMjAlMjAlMjAlMjAlMjAlMjAlMjAlMjAlMjAlMjAlMjAlMjAlMjAlM0NiJTNFMDklM0EwMCUyMCVFMiU4MCU5MyUyMDE4JTNBMDAlMjAlM0MlMkZiJTNFJTNDJTJGcCUzRSUwQSUyMCUyMCUyMCUyMCUyMCUyMCUyMCUyMCUyMCUzQyUyRmRpdiUzRSUwQSUyMCUyMCUyMCUyMCUyMCUyMCUyMCUzQyUyRmRpdiUzRQ==[\/vc_raw_html][\/vc_column][vc_column width=&#8221;1\/3&#8243;][vc_raw_html]JTNDZGl2JTIwY2xhc3MlM0QlMjJmZWF0dXJlLTglMjBjbGVhcmZpeCUyMiUzRSUwQSUyMCUyMCUyMCUyMCUyMCUyMCUyMCUyMCUyMCUzQ2RpdiUyMGNsYXNzJTNEJTIyZmVhdHVyZS04LXRpdGxlJTIyJTNFJTBBJTIwJTIwJTIwJTIwJTIwJTIwJTIwJTIwJTIwJTIwJTNDc3BhbiUyMGNsYXNzJTNEJTIyaWNvbi1lbnZlbG9wZSUyMiUyMGFyaWEtaGlkZGVuJTNEJTIydHJ1ZSUyMiUzRSUzQyUyRnNwYW4lM0UlMEElMjAlMjAlMjAlMjAlMjAlMjAlMjAlMjAlMjAlM0MlMkZkaXYlM0UlMEElMjAlMjAlMjAlMjAlMjAlMjAlMjAlMjAlM0NkaXYlMjBjbGFzcyUzRCUyMmZlYXR1cmUtOC1pbmZvJTIyJTNFJTBBJTIwJTIwJTIwJTIwJTIwJTIwJTIwJTIwJTIwJTNDaDQlMjBjbGFzcyUzRCUyMnRleHQtd2hpdGUlMjIlM0VSYWtzdGlldCUyMG11bXMlM0MlMkZoNCUzRSUwQSUyMCUyMCUyMCUyMCUyMCUyMCUyMCUyMCUyMCUzQ3AlMjBjbGFzcyUzRCUyMnRleHQtd2hpdGUlMjIlM0Vrb250YWt0JTQwc3ByYWNoc2NodWxlLWFrdGl2LmRlJTBBJTIwJTIwJTIwJTIwJTIwJTNDJTJGcCUzRSUwQSUyMCUyMCUyMCUyMCUyMCUyMCUyMCUzQyUyRmRpdiUzRSUwQSUyMCUyMCUyMCUyMCUyMCUyMCUzQyUyRmRpdiUzRQ==[\/vc_raw_html][\/vc_column][\/vc_row]<\/p>\n","protected":false},"excerpt":{"rendered":"<p>[vc_row full_width=&#8221;stretch_row_content_no_spaces&#8221; equal_height=&#8221;yes&#8221; tc_enable_overlay=&#8221;true&#8221; css=&#8221;.vc_custom_1603194138798{background-position: center !important;background-repeat: no-repeat !important;background-size: cover !important;}&#8221;][vc_column][vc_single_image image=&#8221;59851&#8243; img_size=&#8221;full&#8221; onclick=&#8221;custom_link&#8221; link=&#8221;https:\/\/www.sprachschule-aktiv-muenchen.de\/lv\/uzraksts\/&#8221;][\/vc_column][\/vc_row][vc_row css=&#8221;.vc_custom_1487751168762{margin-top: 40px !important;}&#8221;][vc_column][vc_column_text] M\u0101c\u012bties v\u0101cu Minhen\u0113: J\u016bsu skola v\u0101cu valod\u0101! Vai v\u0113laties apg\u016bt v\u0101cu Minhen\u0113?\u201c Aktiv M\u00fcnchen valodu skola\u201c specializ\u0113jas v\u0101cu valodas kursos. \u0160eit j\u016bs atrad\u012bsiet inform\u0101ciju par m\u016bsu kursiem, dzivo\u0161anu Minhen\u0113, cen\u0101m, v\u012bzu V\u0101cij\u0101, v\u0101cu klasifik\u0101ciju, izklaides pas\u0101kumiem, medic\u012bnisko&hellip; <a class=\"read-more\" href=\"https:\/\/www.sprachschule-aktiv-muenchen.de\/lv\/\" title=\"Read Home 3 &#8211; Corporate\">Read more &raquo;<\/a><\/p>\n","protected":false},"author":2,"featured_media":0,"parent":0,"menu_order":0,"comment_status":"closed","ping_status":"closed","template":"","meta":{"footnotes":""},"class_list":["post-46791","page","type-page","status-publish","hentry"],"yoast_head":"<!-- This site is optimized with the Yoast SEO plugin v27.1.1 - https:\/\/yoast.com\/product\/yoast-seo-wordpress\/ -->\n<title>Aktiv M\u00fcnchen valodu skola\u201c specializ\u0113jas v\u0101cu valodas kursos<\/title>\n<meta name=\"description\" content=\"M\u0101c\u012bties v\u0101cu Minhen\u0113: J\u016bsu skola v\u0101cu valod\u0101! V\u0101cu valodas kursi ies\u0101c\u0113jiem un ar priek\u0161zin\u0101\u0161an\u0101m: A1, A2, B1, B2, C1 un C2.\" \/>\n<meta name=\"robots\" content=\"index, follow, max-snippet:-1, max-image-preview:large, max-video-preview:-1\" \/>\n<link rel=\"canonical\" href=\"https:\/\/www.sprachschule-aktiv-muenchen.de\/lv\/\" \/>\n<meta property=\"og:locale\" content=\"lv_LV\" \/>\n<meta property=\"og:type\" content=\"article\" \/>\n<meta property=\"og:title\" content=\"Aktiv M\u00fcnchen valodu skola\u201c specializ\u0113jas v\u0101cu valodas kursos\" \/>\n<meta property=\"og:description\" content=\"M\u0101c\u012bties v\u0101cu Minhen\u0113: J\u016bsu skola v\u0101cu valod\u0101! V\u0101cu valodas kursi ies\u0101c\u0113jiem un ar priek\u0161zin\u0101\u0161an\u0101m: A1, A2, B1, B2, C1 un C2.\" \/>\n<meta property=\"og:url\" content=\"https:\/\/www.sprachschule-aktiv-muenchen.de\/lv\/\" \/>\n<meta property=\"og:site_name\" content=\"Sprachschule Aktiv\" \/>\n<meta property=\"article:modified_time\" content=\"2022-12-23T10:26:02+00:00\" \/>\n<meta name=\"twitter:card\" content=\"summary_large_image\" \/>\n<meta name=\"twitter:label1\" content=\"Est. reading time\" \/>\n\t<meta name=\"twitter:data1\" content=\"4 minutes\" \/>\n<script type=\"application\/ld+json\" class=\"yoast-schema-graph\">{\"@context\":\"https:\/\/schema.org\",\"@graph\":[{\"@type\":\"WebPage\",\"@id\":\"https:\/\/www.sprachschule-aktiv-muenchen.de\/lv\/\",\"url\":\"https:\/\/www.sprachschule-aktiv-muenchen.de\/lv\/\",\"name\":\"Aktiv M\u00fcnchen valodu skola\u201c specializ\u0113jas v\u0101cu valodas kursos\",\"isPartOf\":{\"@id\":\"https:\/\/www.sprachschule-aktiv-muenchen.de\/#website\"},\"datePublished\":\"2016-08-11T12:35:27+00:00\",\"dateModified\":\"2022-12-23T10:26:02+00:00\",\"description\":\"M\u0101c\u012bties v\u0101cu Minhen\u0113: J\u016bsu skola v\u0101cu valod\u0101! V\u0101cu valodas kursi ies\u0101c\u0113jiem un ar priek\u0161zin\u0101\u0161an\u0101m: A1, A2, B1, B2, C1 un C2.\",\"breadcrumb\":{\"@id\":\"https:\/\/www.sprachschule-aktiv-muenchen.de\/lv\/#breadcrumb\"},\"inLanguage\":\"lv-LV\",\"potentialAction\":[{\"@type\":\"ReadAction\",\"target\":[\"https:\/\/www.sprachschule-aktiv-muenchen.de\/lv\/\"]}]},{\"@type\":\"BreadcrumbList\",\"@id\":\"https:\/\/www.sprachschule-aktiv-muenchen.de\/lv\/#breadcrumb\",\"itemListElement\":[{\"@type\":\"ListItem\",\"position\":1,\"name\":\"Portada\",\"item\":\"https:\/\/www.sprachschule-aktiv-muenchen.de\/lv\/\"},{\"@type\":\"ListItem\",\"position\":2,\"name\":\"Home 3 &#8211; Corporate\"}]},{\"@type\":\"WebSite\",\"@id\":\"https:\/\/www.sprachschule-aktiv-muenchen.de\/#website\",\"url\":\"https:\/\/www.sprachschule-aktiv-muenchen.de\/\",\"name\":\"Sprachschule Aktiv\",\"description\":\"\",\"potentialAction\":[{\"@type\":\"SearchAction\",\"target\":{\"@type\":\"EntryPoint\",\"urlTemplate\":\"https:\/\/www.sprachschule-aktiv-muenchen.de\/?s={search_term_string}\"},\"query-input\":{\"@type\":\"PropertyValueSpecification\",\"valueRequired\":true,\"valueName\":\"search_term_string\"}}],\"inLanguage\":\"lv-LV\"}]}<\/script>\n<!-- \/ Yoast SEO plugin. -->","yoast_head_json":{"title":"Aktiv M\u00fcnchen valodu skola\u201c specializ\u0113jas v\u0101cu valodas kursos","description":"M\u0101c\u012bties v\u0101cu Minhen\u0113: J\u016bsu skola v\u0101cu valod\u0101! V\u0101cu valodas kursi ies\u0101c\u0113jiem un ar priek\u0161zin\u0101\u0161an\u0101m: A1, A2, B1, B2, C1 un C2.","robots":{"index":"index","follow":"follow","max-snippet":"max-snippet:-1","max-image-preview":"max-image-preview:large","max-video-preview":"max-video-preview:-1"},"canonical":"https:\/\/www.sprachschule-aktiv-muenchen.de\/lv\/","og_locale":"lv_LV","og_type":"article","og_title":"Aktiv M\u00fcnchen valodu skola\u201c specializ\u0113jas v\u0101cu valodas kursos","og_description":"M\u0101c\u012bties v\u0101cu Minhen\u0113: J\u016bsu skola v\u0101cu valod\u0101! V\u0101cu valodas kursi ies\u0101c\u0113jiem un ar priek\u0161zin\u0101\u0161an\u0101m: A1, A2, B1, B2, C1 un C2.","og_url":"https:\/\/www.sprachschule-aktiv-muenchen.de\/lv\/","og_site_name":"Sprachschule Aktiv","article_modified_time":"2022-12-23T10:26:02+00:00","twitter_card":"summary_large_image","twitter_misc":{"Est. reading time":"4 minutes"},"schema":{"@context":"https:\/\/schema.org","@graph":[{"@type":"WebPage","@id":"https:\/\/www.sprachschule-aktiv-muenchen.de\/lv\/","url":"https:\/\/www.sprachschule-aktiv-muenchen.de\/lv\/","name":"Aktiv M\u00fcnchen valodu skola\u201c specializ\u0113jas v\u0101cu valodas kursos","isPartOf":{"@id":"https:\/\/www.sprachschule-aktiv-muenchen.de\/#website"},"datePublished":"2016-08-11T12:35:27+00:00","dateModified":"2022-12-23T10:26:02+00:00","description":"M\u0101c\u012bties v\u0101cu Minhen\u0113: J\u016bsu skola v\u0101cu valod\u0101! V\u0101cu valodas kursi ies\u0101c\u0113jiem un ar priek\u0161zin\u0101\u0161an\u0101m: A1, A2, B1, B2, C1 un C2.","breadcrumb":{"@id":"https:\/\/www.sprachschule-aktiv-muenchen.de\/lv\/#breadcrumb"},"inLanguage":"lv-LV","potentialAction":[{"@type":"ReadAction","target":["https:\/\/www.sprachschule-aktiv-muenchen.de\/lv\/"]}]},{"@type":"BreadcrumbList","@id":"https:\/\/www.sprachschule-aktiv-muenchen.de\/lv\/#breadcrumb","itemListElement":[{"@type":"ListItem","position":1,"name":"Portada","item":"https:\/\/www.sprachschule-aktiv-muenchen.de\/lv\/"},{"@type":"ListItem","position":2,"name":"Home 3 &#8211; Corporate"}]},{"@type":"WebSite","@id":"https:\/\/www.sprachschule-aktiv-muenchen.de\/#website","url":"https:\/\/www.sprachschule-aktiv-muenchen.de\/","name":"Sprachschule Aktiv","description":"","potentialAction":[{"@type":"SearchAction","target":{"@type":"EntryPoint","urlTemplate":"https:\/\/www.sprachschule-aktiv-muenchen.de\/?s={search_term_string}"},"query-input":{"@type":"PropertyValueSpecification","valueRequired":true,"valueName":"search_term_string"}}],"inLanguage":"lv-LV"}]}},"_links":{"self":[{"href":"https:\/\/www.sprachschule-aktiv-muenchen.de\/lv\/wp-json\/wp\/v2\/pages\/46791","targetHints":{"allow":["GET"]}}],"collection":[{"href":"https:\/\/www.sprachschule-aktiv-muenchen.de\/lv\/wp-json\/wp\/v2\/pages"}],"about":[{"href":"https:\/\/www.sprachschule-aktiv-muenchen.de\/lv\/wp-json\/wp\/v2\/types\/page"}],"author":[{"embeddable":true,"href":"https:\/\/www.sprachschule-aktiv-muenchen.de\/lv\/wp-json\/wp\/v2\/users\/2"}],"replies":[{"embeddable":true,"href":"https:\/\/www.sprachschule-aktiv-muenchen.de\/lv\/wp-json\/wp\/v2\/comments?post=46791"}],"version-history":[{"count":4,"href":"https:\/\/www.sprachschule-aktiv-muenchen.de\/lv\/wp-json\/wp\/v2\/pages\/46791\/revisions"}],"predecessor-version":[{"id":72601,"href":"https:\/\/www.sprachschule-aktiv-muenchen.de\/lv\/wp-json\/wp\/v2\/pages\/46791\/revisions\/72601"}],"wp:attachment":[{"href":"https:\/\/www.sprachschule-aktiv-muenchen.de\/lv\/wp-json\/wp\/v2\/media?parent=46791"}],"curies":[{"name":"wp","href":"https:\/\/api.w.org\/{rel}","templated":true}]}}