{"id":9976,"date":"2017-02-22T12:01:35","date_gmt":"2017-02-22T11:01:35","guid":{"rendered":"https:\/\/www.sprachschule-aktiv-muenchen.de\/?page_id=9976\/"},"modified":"2024-11-25T11:00:36","modified_gmt":"2024-11-25T10:00:36","slug":"corsi-di-tedesco-a-monaco-di-baviera","status":"publish","type":"page","link":"https:\/\/www.sprachschule-aktiv-muenchen.de\/it\/corsi-di-tedesco-a-monaco-di-baviera\/","title":{"rendered":"Corsi di tedesco"},"content":{"rendered":"<p>[vc_row css=&#8221;.vc_custom_1485188689912{margin-top: 30px !important;}&#8221;][vc_column][vc_column_text css=&#8221;.vc_custom_1630732223062{margin-bottom: 30px !important;}&#8221;]<\/p>\n<h1>Corsi di tedesco a Monaco di Baviera: Corsi intensivi, \u200b\u200bserali, privati<\/h1>\n<h2>Corso di tedesco &#8211; per principianti e avanzati &#8211; da A1 a C2<\/h2>\n<p><iframe src=\"https:\/\/www.youtube.com\/embed\/60V55dRmBMk\" width=\"560\" height=\"315\" frameborder=\"0\" allowfullscreen=\"allowfullscreen\"><\/iframe><br \/>\nIn nostri corsi di tedesco: prezzi e date &#8211; Studiare il tedesco a Monaco divertendosi<\/p>\n<p>Corsi di tedesco a Monaco di Baviera per principianti e avanzati A1, A2, B1, B2, C1. 4 settimane a soli 279 \u20ac &#8211; Volete imparare il tedesco velocemente? Lavorate e non avete tempo di frequentare i corsi la mattina? Intendete studiare il tedesco ma non avete molto tempo? Avete esigenze particolari? La nostra scuola di lingue ha la soluzione giusta per ogni situazione. Scoprite quali sono i nostri corsi di tedesco!<\/p>\n<h2>I nostri corsi di tedesco a Monaco: prezzi e date<\/h2>\n<p>Qui trovate una panoramica dei nostri corsi di tedesco di gruppo.[\/vc_column_text][\/vc_column][\/vc_row][vc_row css=&#8221;.vc_custom_1488136556868{margin-bottom: 50px !important;}&#8221;][vc_column][vc_separator][\/vc_column][\/vc_row][vc_row tc_enable_overlay=&#8221;true&#8221; css=&#8221;.vc_custom_1488136529901{margin-top: 30px !important;padding-bottom: 30px !important;background-image: url(https:\/\/www.sprachschule-aktiv-muenchen.de\/wp-content\/uploads\/2017\/01\/deutschintensivkurse.jpg?id=7267) !important;background-position: 0 0 !important;background-repeat: no-repeat !important;}&#8221;][vc_column width=&#8221;1\/3&#8243;][\/vc_column][vc_column width=&#8221;2\/3&#8243; css=&#8221;.vc_custom_1485195080523{padding-left: 150px !important;}&#8221;][vc_column_text css=&#8221;.vc_custom_1670762565990{padding-top: 10px !important;padding-left: 10px !important;}&#8221;]<\/p>\n<h2>Corso semi-intensivo di tedesco<\/h2>\n<p>Con due ore da 60 minuti ogni giorno potete imparare il tedesco senza problemi e continuare a lavorare o studiare allo stesso tempo.<\/p>\n<ul>\n<li>Dal luned\u00ec al venerd\u00ec.<\/li>\n<li>Durata: 4 settimane.<\/li>\n<li>Prezzo: 299 \u20ac<\/li>\n<\/ul>\n<p>[\/vc_column_text]\t<div class=\"vc_btn3-container vc_btn3-inline\">\r\n\t\t<a href=\"https:\/\/www.sprachschule-aktiv-muenchen.de\/it\/corsi-di-preparazione-al-testdaf-a-monaco-di-baviera\/\" class=\"pgs_btn pgs_btn_style_1 pgs_btn_md  vc_custom_1639638281265\">\r\n\t\t\t<span>\r\n\t\t\t\tQui troverete ulteriori informazioni\t\t\t<\/span>\r\n\t\t\t\t\t\t<i class=\"fa fa-chevron-right\"><\/i>\r\n\t\t\t\t\t<\/a>\r\n\t<\/div>\r\n\t[\/vc_column][\/vc_row][vc_row css=&#8221;.vc_custom_1485168032190{margin-top: 20px !important;}&#8221;][vc_column width=&#8221;1\/3&#8243;][vc_single_image image=&#8221;30925&#8243; img_size=&#8221;full&#8221; alignment=&#8221;center&#8221; style=&#8221;vc_box_outline&#8221; onclick=&#8221;custom_link&#8221; link=&#8221;\/it\/corso-intensivo-a-monaco-di-baviera\/&#8221;][vc_column_text]<\/p>\n<div class=\"smalltitle\">\n<h2>Corso intensivo<\/h2>\n<\/div>\n<p>Corso intensivo di tedesco[\/vc_column_text]\t<div class=\"vc_btn3-container vc_btn3-inline\">\r\n\t\t<a href=\"\/it\/corso-intensivo-a-monaco-di-baviera\/\" class=\"pgs_btn pgs_btn_style_1 pgs_btn_md\">\r\n\t\t\t<span>\r\n\t\t\t\tVedere corso intensivo\t\t\t<\/span>\r\n\t\t\t\t\t\t<i class=\"fa fa-chevron-right\"><\/i>\r\n\t\t\t\t\t<\/a>\r\n\t<\/div>\r\n\t[\/vc_column][vc_column width=&#8221;1\/3&#8243;][vc_single_image image=&#8221;30946&#8243; img_size=&#8221;full&#8221; style=&#8221;vc_box_outline&#8221; onclick=&#8221;custom_link&#8221; link=&#8221;https:\/\/www.sprachschule-aktiv-muenchen.de\/it\/corsi-di-preparazione-al-testdaf-a-monaco-di-baviera\/&#8221;][vc_column_text]<\/p>\n<div class=\"smalltitle\">\n<h2>Corso di preparazione TestDaF<\/h2>\n<\/div>\n<p>Corso di preparazione TestDaF [\/vc_column_text]\t<div class=\"vc_btn3-container vc_btn3-inline\">\r\n\t\t<a href=\"https:\/\/www.sprachschule-aktiv-muenchen.de\/it\/corsi-di-preparazione-al-testdaf-a-monaco-di-baviera\/\" class=\"pgs_btn pgs_btn_style_1 pgs_btn_md\">\r\n\t\t\t<span>\r\n\t\t\t\tPreparazione TestDaF\t\t\t<\/span>\r\n\t\t\t\t\t\t<i class=\"fa fa-chevron-right\"><\/i>\r\n\t\t\t\t\t<\/a>\r\n\t<\/div>\r\n\t[\/vc_column][vc_column width=&#8221;1\/3&#8243;][vc_single_image image=&#8221;9987&#8243; img_size=&#8221;full&#8221; style=&#8221;vc_box_outline&#8221; onclick=&#8221;custom_link&#8221; link=&#8221;\/it\/corso-privato-a-monaco-di-baviera\/&#8221;][vc_column_text]<\/p>\n<div class=\"smalltitle\">\n<h2>Lezioni private<\/h2>\n<\/div>\n<p>Lezioni private di tedesco[\/vc_column_text]\t<div class=\"vc_btn3-container vc_btn3-inline\">\r\n\t\t<a href=\"\/it\/corso-privato-a-monaco-di-baviera\/\" class=\"pgs_btn pgs_btn_style_1 pgs_btn_md\">\r\n\t\t\t<span>\r\n\t\t\t\tVisualizza corsi privati\t\t\t<\/span>\r\n\t\t\t\t\t\t<i class=\"fa fa-chevron-right\"><\/i>\r\n\t\t\t\t\t<\/a>\r\n\t<\/div>\r\n\t[\/vc_column][\/vc_row][vc_row full_width=&#8221;stretch_row_content_no_spaces&#8221; tc_enable_overlay=&#8221;true&#8221; css=&#8221;.vc_custom_1488136644139{margin-top: 30px !important;padding-top: 20px !important;padding-bottom: 30px !important;background-image: url(https:\/\/www.sprachschule-aktiv-muenchen.de\/wp-content\/uploads\/2017\/01\/deutsch-lernen-kleine-gruppe.jpg?id=7245) !important;background-position: 0 0 !important;background-repeat: no-repeat !important;}&#8221; el_class=&#8221;xs-pd-lr&#8221;][vc_column width=&#8221;3\/4&#8243; offset=&#8221;vc_col-lg-offset-1 vc_col-lg-6 vc_col-md-offset-1 vc_col-md-6 vc_col-sm-offset-1 vc_col-xs-12&#8243;][vc_column_text]<\/p>\n<h2>Corso semi-intensivo di tedesco a Monaco di Baviera<\/h2>\n<p>[\/vc_column_text][vc_row_inner][vc_column_inner width=&#8221;2\/3&#8243;][vc_message icon_fontawesome=&#8221;fa fa-clock-o&#8221;]Dalle 17.30 alle 19.00, dal luned\u00ec al venerd\u00ec.[\/vc_message][vc_message icon_fontawesome=&#8221;fa fa-calendar&#8221;]Durata: 4 settimane.[\/vc_message][vc_message icon_fontawesome=&#8221;&#8221;]Prezzo: 299 \u20ac[\/vc_message][\/vc_column_inner][vc_column_inner width=&#8221;1\/3&#8243;][\/vc_column_inner][\/vc_row_inner]\t<div class=\"vc_btn3-container vc_btn3-inline\">\r\n\t\t<a href=\"\/it\/corso-intensivo-a-monaco-di-baviera\/\" class=\"pgs_btn pgs_btn_style_1 pgs_btn_md\">\r\n\t\t\t<span>\r\n\t\t\t\tCorso intensivo a Monaco\t\t\t<\/span>\r\n\t\t\t\t\t\t<i class=\"fa fa-angle-double-right\"><\/i>\r\n\t\t\t\t\t<\/a>\r\n\t<\/div>\r\n\t\t<div class=\"vc_btn3-container vc_btn3-inline\">\r\n\t\t<a href=\"\/it\/inscrizione\/\" class=\"pgs_btn pgs_btn_style_3 pgs_btn_md\">\r\n\t\t\t<span>\r\n\t\t\t\tIscrizione. Corso semi-intensivo!\t\t\t<\/span>\r\n\t\t\t\t\t\t<i class=\"fa fa-angle-double-right\"><\/i>\r\n\t\t\t\t\t<\/a>\r\n\t<\/div>\r\n\t[\/vc_column][vc_column width=&#8221;1\/4&#8243; offset=&#8221;vc_col-lg-5 vc_col-md-2 vc_col-xs-12&#8243;][\/vc_column][\/vc_row][vc_row full_width=&#8221;stretch_row&#8221; css=&#8221;.vc_custom_1488136636053{padding-top: 30px !important;padding-bottom: 30px !important;background-color: #fcfcfc !important;}&#8221;][vc_column][vc_column_text]<\/p>\n<h2>Corso intensivo di tedesco a Monaco di Baviera &#8211; I prezzi e la durata<\/h2>\n<p>[\/vc_column_text][vc_row_inner][vc_column_inner width=&#8221;1\/2&#8243;][vc_single_image image=&#8221;10000&#8243; img_size=&#8221;full&#8221; alignment=&#8221;center&#8221; style=&#8221;vc_box_outline&#8221;][\/vc_column_inner][vc_column_inner width=&#8221;1\/2&#8243;][vc_column_text]Quattro ore al giorno da 45 minuti sono l\u2019ideale per imparare il tedesco in modo intensivo, facile e veloce.[\/vc_column_text][vc_message message_box_style=&#8221;solid-icon&#8221; icon_fontawesome=&#8221;fa fa-clock-o&#8221;]Dalle 9.00 alle 12.00, dal luned\u00ec al venerd\u00ec[\/vc_message][vc_message message_box_style=&#8221;solid-icon&#8221; icon_fontawesome=&#8221;fa fa-calendar&#8221;]Durata: 4 settimane[\/vc_message][vc_message message_box_style=&#8221;solid-icon&#8221; icon_fontawesome=&#8221;fa fa-money&#8221;]Prezzi:<br \/>\n1 settimana: 199,- \u20ac<br \/>\n2 settimane: 349,- \u20ac<br \/>\n3 settimane: 411,- \u20ac<br \/>\n4 settimane (al mese): 499,- \u20ac[\/vc_message]\t<div class=\"vc_btn3-container vc_btn3-inline\">\r\n\t\t<a href=\"\/it\/corso-intensivo-a-monaco-di-baviera\/\" class=\"pgs_btn pgs_btn_style_1 pgs_btn_md\">\r\n\t\t\t<span>\r\n\t\t\t\tAltre info su corsi intensivi?\t\t\t<\/span>\r\n\t\t\t\t\t\t<i class=\"fa fa-angle-double-right\"><\/i>\r\n\t\t\t\t\t<\/a>\r\n\t<\/div>\r\n\t\t<div class=\"vc_btn3-container vc_btn3-inline\">\r\n\t\t<a href=\"\/it\/inscrizione\/\" class=\"pgs_btn pgs_btn_style_3 pgs_btn_md\">\r\n\t\t\t<span>\r\n\t\t\t\tIscrizione - Corso intensivo!\t\t\t<\/span>\r\n\t\t\t\t\t\t<i class=\"fa fa-angle-double-right\"><\/i>\r\n\t\t\t\t\t<\/a>\r\n\t<\/div>\r\n\t[\/vc_column_inner][\/vc_row_inner][\/vc_column][\/vc_row][vc_row full_width=&#8221;stretch_row&#8221; css=&#8221;.vc_custom_1487759075408{padding-top: 30px !important;padding-bottom: 30px !important;background-color: #f9f9f9 !important;}&#8221;][vc_column width=&#8221;1\/2&#8243;][vc_column_text]<\/p>\n<h2>Corso di preparazione TestDaF a Monaco<\/h2>\n<p>Il test DaF (Deutsch als Fremdsprache) \u00e8 un esame di lingua tedesca per stranieri rivolto a chi intende accedere alle scuole superiori e all&#8217;universit\u00e0 in Germania. I nostri insegnanti qualificati vi prepareranno a sostenere questo esame velocemente.[\/vc_column_text][vc_message icon_fontawesome=&#8221;fa fa-clock-o&#8221;]Dalle 9:00 alle 12:00, dal luned\u00ec al venerd\u00ec.[\/vc_message][vc_message icon_fontawesome=&#8221;fa fa-calendar&#8221;]Durata: 4 settimane[\/vc_message][vc_message icon_fontawesome=&#8221;fa fa-money&#8221;]Prezzo: 499 \u20ac[\/vc_message]\t<div class=\"vc_btn3-container vc_btn3-inline\">\r\n\t\t<a href=\"https:\/\/www.sprachschule-aktiv-muenchen.de\/it\/corsi-di-preparazione-al-testdaf-a-monaco-di-baviera\/\" class=\"pgs_btn pgs_btn_style_1 pgs_btn_md\">\r\n\t\t\t<span>\r\n\t\t\t\tAltre info su corso di preparazione TestDaF\t\t\t<\/span>\r\n\t\t\t\t\t\t<i class=\"fa fa-angle-double-right\"><\/i>\r\n\t\t\t\t\t<\/a>\r\n\t<\/div>\r\n\t\t<div class=\"vc_btn3-container vc_btn3-inline\">\r\n\t\t<a href=\"\/it\/inscrizione\/\" class=\"pgs_btn pgs_btn_style_3 pgs_btn_md\">\r\n\t\t\t<span>\r\n\t\t\t\tIscriversi a questo corso\t\t\t<\/span>\r\n\t\t\t\t\t\t<i class=\"fa fa-angle-double-right\"><\/i>\r\n\t\t\t\t\t<\/a>\r\n\t<\/div>\r\n\t[\/vc_column][vc_column width=&#8221;1\/2&#8243;][vc_single_image image=&#8221;10009&#8243; img_size=&#8221;full&#8221; style=&#8221;vc_box_outline&#8221; css=&#8221;.vc_custom_1487759719064{padding-top: 25px !important;}&#8221;][\/vc_column][\/vc_row][vc_row full_width=&#8221;stretch_row&#8221; css=&#8221;.vc_custom_1487760305209{padding-top: 30px !important;padding-bottom: 30px !important;}&#8221;][vc_column][vc_column_text]<\/p>\n<h2>Lezioni private di tedesco a Monaco<\/h2>\n<p>Le lezioni private si adattano ai vostri orari. Cercheremo per voi un insegnante qualificato per soddisfare le vostre esigenze. Maggiore sar\u00e0 il numero di ore prenotate, pi\u00f9 conveniente sar\u00e0 il prezzo. Le lezioni si possono svolgere direttamente a casa vostra o nella nostra scuola.[\/vc_column_text][vc_message icon_fontawesome=&#8221;fa fa-money&#8221;]Un\u2019ora di lezione (45 minuti): 45\u20ac<br \/>\nDa 20 ore di lezione: 42\u20ac<br \/>\nDa 30 ore di lezione: 38\u20ac[\/vc_message]\t<div class=\"vc_btn3-container vc_btn3-inline\">\r\n\t\t<a href=\"\/it\/corso-privato-a-monaco-di-baviera\/\" class=\"pgs_btn pgs_btn_style_1 pgs_btn_md\">\r\n\t\t\t<span>\r\n\t\t\t\tAltre info su corsi privati?\t\t\t<\/span>\r\n\t\t\t\t\t\t<i class=\"fa fa-angle-double-right\"><\/i>\r\n\t\t\t\t\t<\/a>\r\n\t<\/div>\r\n\t\t<div class=\"vc_btn3-container vc_btn3-inline\">\r\n\t\t<a href=\"\/it\/inscrizione\/\" class=\"pgs_btn pgs_btn_style_3 pgs_btn_md\">\r\n\t\t\t<span>\r\n\t\t\t\tIscriversi a lezioni private\t\t\t<\/span>\r\n\t\t\t\t\t\t<i class=\"fa fa-angle-double-right\"><\/i>\r\n\t\t\t\t\t<\/a>\r\n\t<\/div>\r\n\t[\/vc_column][\/vc_row][vc_row full_width=&#8221;stretch_row&#8221; css=&#8221;.vc_custom_1488136473572{padding-top: 30px !important;padding-bottom: 30px !important;background-color: #f9f9f9 !important;}&#8221;][vc_column css=&#8221;.vc_custom_1485182056986{padding-bottom: 30px !important;}&#8221;][vc_column_text]<\/p>\n<h2>Corsi di tedesco con comodi orari e date di inizio flessibili<\/h2>\n<p>Tra le nostre numerose offerte potrete scegliere sempre il corso di tedesco pi\u00f9 adatto alle vostre esigenze. Se volete imparare velocemente la lingua, vi consigliamo un corso intensivo o un corso semi intensivo. Se volete avere un giorno di pausa tra una lezione e l\u2019altra, scegliete un corso serale. Se invece volete avere orari flessibili scegliete un corso privato. La scelta \u00e8 ampia!<\/p>\n<h2>Corso intensivo di tedesco per tutti i livelli A1, A2, B1, B2, C1, C2<\/h2>\n<p>Non importa che iniziate da zero o che conosciate gi\u00e0 la lingua e vogliate perfezionarla, la Sprachschule Aktiv offre sempre corsi di tedesco che fanno per voi. Organizziamo corsi per tutti i livelli, da A1 a C2 per professionisti e adattiamo i nostri corsi al quadro di riferimento linguistico europeo.<\/p>\n<h2>Scegliete il livello dopo aver superato un test valutativo gratuito<\/h2>\n<p>Conoscete gi\u00e0 un po\u2019 di tedesco ma non siete sicuri di quale corso sia adatto a voi? Fate un test direttamente sul nostro sito web e scoprite velocemente il vostro livello di lingua! Contattateci personalmente e vi consiglieremo volentieri!<br \/>\n<iframe src=\"https:\/\/www.youtube.com\/embed\/wICUuRyLBnI\" width=\"560\" height=\"315\" frameborder=\"0\" allowfullscreen=\"allowfullscreen\"><\/iframe><br \/>\n<iframe src=\"https:\/\/www.youtube.com\/embed\/8Xz6f9vbIRQ\" width=\"560\" height=\"315\" frameborder=\"0\" allowfullscreen=\"allowfullscreen\"><\/iframe>[\/vc_column_text][\/vc_column][\/vc_row][vc_row css=&#8221;.vc_custom_1487761173455{margin-top: 30px !important;padding-top: 10px !important;padding-bottom: 35px !important;}&#8221;][vc_column][vc_row_inner][vc_column_inner width=&#8221;1\/2&#8243;][vc_video link=&#8221;https:\/\/www.youtube.com\/watch?v=1D1zrfyh-bg&#8221;][\/vc_column_inner][vc_column_inner width=&#8221;1\/2&#8243;][vc_column_text]<\/p>\n<h2>Lezioni di tedesco con un certificato linguistico riconosciuto<\/h2>\n<p>La Sprachschule Aktiv di Monaco \u00e8 stata riconosciuta come istituto di formazione dal governo dell\u2019Alta Baviera. Al termine del vostro corso di tedesco riceverete un certificato di frequenza, riconosciuto in tutto il mondo e che vi permetter\u00e0 di far richiesta per un posto di lavoro, di studiare o di fare un tirocinio. Avere un attestato linguistico \u00e8 un buon biglietto da visita se volete restare in Germania o se volete tornare nel vostro Paese e lavorare per un azienda tedesca.<\/p>\n<p>Il corso di tedesco per il lavoro a Monaco \u00e8 adatto a tutti coloro che vogliono ampliare le loro chance nel mercato del lavoro internazionale.[\/vc_column_text][\/vc_column_inner][\/vc_row_inner][vc_column_text]Al termine del nostro corso di tedesco ogni partecipante ricever\u00e0 un Attestato di partecipazione. Scegliendo di imparare il tedesco nella nostra scuola, potrai scegliere tra corsi di livello diverso, classificati secondo il Quadro di Riferimento Europeo delle Lingue. Con questo certificato riconosciuto ovunque, ti si apriranno le porte del mondo lavorativo tedescofono.<\/p>\n<p>Con noi imparerai il tedesco in un ambiente professionale. Il nostro team \u00e8 formato esclusivamente da laureati con lunga esperienza nell&#8217;insegnamento del tedesco, il che assicura un&#8217;alta qualit\u00e0 dell&#8217;insegnamento della lingua. Oltre alle competenze linguistiche, vogliamo trasmetterti anche gli aspetti culturali e quotidiani della vita in Germania. Ti faremo conoscere la cultura tedesca, in modo che queste informazioni possano tornarti utili in ambito lavorativo e non solo. Potrai conoscere in questo modo colleghi da tutto il mondo, partner d&#8217;affari e clienti nell&#8217;odierno contesto globalizzato.[\/vc_column_text][\/vc_column][\/vc_row]<\/p>\n","protected":false},"excerpt":{"rendered":"<p>[vc_row css=&#8221;.vc_custom_1485188689912{margin-top: 30px !important;}&#8221;][vc_column][vc_column_text css=&#8221;.vc_custom_1630732223062{margin-bottom: 30px !important;}&#8221;] Corsi di tedesco a Monaco di Baviera: Corsi intensivi, \u200b\u200bserali, privati Corso di tedesco &#8211; per principianti e avanzati &#8211; da A1 a C2 In nostri corsi di tedesco: prezzi e date &#8211; Studiare il tedesco a Monaco divertendosi Corsi di tedesco a Monaco di Baviera per principianti&hellip; <a class=\"read-more\" href=\"https:\/\/www.sprachschule-aktiv-muenchen.de\/it\/corsi-di-tedesco-a-monaco-di-baviera\/\" title=\"Read Corsi di tedesco\">Read more &raquo;<\/a><\/p>\n","protected":false},"author":2,"featured_media":0,"parent":0,"menu_order":0,"comment_status":"closed","ping_status":"closed","template":"","meta":{"footnotes":""},"class_list":["post-9976","page","type-page","status-publish","hentry"],"yoast_head":"<!-- This site is optimized with the Yoast SEO plugin v27.1.1 - https:\/\/yoast.com\/product\/yoast-seo-wordpress\/ -->\n<title>Corsi di tedesco a Monaco di Baviera - da A1 a C2<\/title>\n<meta name=\"description\" content=\"Corsi di tedesco a Monaco di Baviera per principianti e per tutti i livelli: A1, A2, B1, B2, C1, C2. 4 settimane a soli 279 \u20ac\" \/>\n<meta name=\"robots\" content=\"index, follow, max-snippet:-1, max-image-preview:large, max-video-preview:-1\" \/>\n<link rel=\"canonical\" href=\"https:\/\/www.sprachschule-aktiv-muenchen.de\/it\/corsi-di-tedesco-a-monaco-di-baviera\/\" \/>\n<meta property=\"og:locale\" content=\"it_IT\" \/>\n<meta property=\"og:type\" content=\"article\" \/>\n<meta property=\"og:title\" content=\"Corsi di tedesco a Monaco di Baviera - da A1 a C2\" \/>\n<meta property=\"og:description\" content=\"Corsi di tedesco a Monaco di Baviera per principianti e per tutti i livelli: A1, A2, B1, B2, C1, C2. 4 settimane a soli 279 \u20ac\" \/>\n<meta property=\"og:url\" content=\"https:\/\/www.sprachschule-aktiv-muenchen.de\/it\/corsi-di-tedesco-a-monaco-di-baviera\/\" \/>\n<meta property=\"og:site_name\" content=\"Sprachschule Aktiv\" \/>\n<meta property=\"article:modified_time\" content=\"2024-11-25T10:00:36+00:00\" \/>\n<meta name=\"twitter:card\" content=\"summary_large_image\" \/>\n<meta name=\"twitter:label1\" content=\"Tempo di lettura stimato\" \/>\n\t<meta name=\"twitter:data1\" content=\"8 minuti\" \/>\n<script type=\"application\/ld+json\" class=\"yoast-schema-graph\">{\"@context\":\"https:\/\/schema.org\",\"@graph\":[{\"@type\":\"WebPage\",\"@id\":\"https:\/\/www.sprachschule-aktiv-muenchen.de\/it\/corsi-di-tedesco-a-monaco-di-baviera\/\",\"url\":\"https:\/\/www.sprachschule-aktiv-muenchen.de\/it\/corsi-di-tedesco-a-monaco-di-baviera\/\",\"name\":\"Corsi di tedesco a Monaco di Baviera - da A1 a C2\",\"isPartOf\":{\"@id\":\"https:\/\/www.sprachschule-aktiv-muenchen.de\/#website\"},\"datePublished\":\"2017-02-22T11:01:35+00:00\",\"dateModified\":\"2024-11-25T10:00:36+00:00\",\"description\":\"Corsi di tedesco a Monaco di Baviera per principianti e per tutti i livelli: A1, A2, B1, B2, C1, C2. 4 settimane a soli 279 \u20ac\",\"breadcrumb\":{\"@id\":\"https:\/\/www.sprachschule-aktiv-muenchen.de\/it\/corsi-di-tedesco-a-monaco-di-baviera\/#breadcrumb\"},\"inLanguage\":\"it-IT\",\"potentialAction\":[{\"@type\":\"ReadAction\",\"target\":[\"https:\/\/www.sprachschule-aktiv-muenchen.de\/it\/corsi-di-tedesco-a-monaco-di-baviera\/\"]}]},{\"@type\":\"BreadcrumbList\",\"@id\":\"https:\/\/www.sprachschule-aktiv-muenchen.de\/it\/corsi-di-tedesco-a-monaco-di-baviera\/#breadcrumb\",\"itemListElement\":[{\"@type\":\"ListItem\",\"position\":1,\"name\":\"Portada\",\"item\":\"https:\/\/www.sprachschule-aktiv-muenchen.de\/it\/\"},{\"@type\":\"ListItem\",\"position\":2,\"name\":\"Corsi di tedesco\"}]},{\"@type\":\"WebSite\",\"@id\":\"https:\/\/www.sprachschule-aktiv-muenchen.de\/#website\",\"url\":\"https:\/\/www.sprachschule-aktiv-muenchen.de\/\",\"name\":\"Sprachschule Aktiv\",\"description\":\"\",\"potentialAction\":[{\"@type\":\"SearchAction\",\"target\":{\"@type\":\"EntryPoint\",\"urlTemplate\":\"https:\/\/www.sprachschule-aktiv-muenchen.de\/?s={search_term_string}\"},\"query-input\":{\"@type\":\"PropertyValueSpecification\",\"valueRequired\":true,\"valueName\":\"search_term_string\"}}],\"inLanguage\":\"it-IT\"}]}<\/script>\n<!-- \/ Yoast SEO plugin. -->","yoast_head_json":{"title":"Corsi di tedesco a Monaco di Baviera - da A1 a C2","description":"Corsi di tedesco a Monaco di Baviera per principianti e per tutti i livelli: A1, A2, B1, B2, C1, C2. 4 settimane a soli 279 \u20ac","robots":{"index":"index","follow":"follow","max-snippet":"max-snippet:-1","max-image-preview":"max-image-preview:large","max-video-preview":"max-video-preview:-1"},"canonical":"https:\/\/www.sprachschule-aktiv-muenchen.de\/it\/corsi-di-tedesco-a-monaco-di-baviera\/","og_locale":"it_IT","og_type":"article","og_title":"Corsi di tedesco a Monaco di Baviera - da A1 a C2","og_description":"Corsi di tedesco a Monaco di Baviera per principianti e per tutti i livelli: A1, A2, B1, B2, C1, C2. 4 settimane a soli 279 \u20ac","og_url":"https:\/\/www.sprachschule-aktiv-muenchen.de\/it\/corsi-di-tedesco-a-monaco-di-baviera\/","og_site_name":"Sprachschule Aktiv","article_modified_time":"2024-11-25T10:00:36+00:00","twitter_card":"summary_large_image","twitter_misc":{"Tempo di lettura stimato":"8 minuti"},"schema":{"@context":"https:\/\/schema.org","@graph":[{"@type":"WebPage","@id":"https:\/\/www.sprachschule-aktiv-muenchen.de\/it\/corsi-di-tedesco-a-monaco-di-baviera\/","url":"https:\/\/www.sprachschule-aktiv-muenchen.de\/it\/corsi-di-tedesco-a-monaco-di-baviera\/","name":"Corsi di tedesco a Monaco di Baviera - da A1 a C2","isPartOf":{"@id":"https:\/\/www.sprachschule-aktiv-muenchen.de\/#website"},"datePublished":"2017-02-22T11:01:35+00:00","dateModified":"2024-11-25T10:00:36+00:00","description":"Corsi di tedesco a Monaco di Baviera per principianti e per tutti i livelli: A1, A2, B1, B2, C1, C2. 4 settimane a soli 279 \u20ac","breadcrumb":{"@id":"https:\/\/www.sprachschule-aktiv-muenchen.de\/it\/corsi-di-tedesco-a-monaco-di-baviera\/#breadcrumb"},"inLanguage":"it-IT","potentialAction":[{"@type":"ReadAction","target":["https:\/\/www.sprachschule-aktiv-muenchen.de\/it\/corsi-di-tedesco-a-monaco-di-baviera\/"]}]},{"@type":"BreadcrumbList","@id":"https:\/\/www.sprachschule-aktiv-muenchen.de\/it\/corsi-di-tedesco-a-monaco-di-baviera\/#breadcrumb","itemListElement":[{"@type":"ListItem","position":1,"name":"Portada","item":"https:\/\/www.sprachschule-aktiv-muenchen.de\/it\/"},{"@type":"ListItem","position":2,"name":"Corsi di tedesco"}]},{"@type":"WebSite","@id":"https:\/\/www.sprachschule-aktiv-muenchen.de\/#website","url":"https:\/\/www.sprachschule-aktiv-muenchen.de\/","name":"Sprachschule Aktiv","description":"","potentialAction":[{"@type":"SearchAction","target":{"@type":"EntryPoint","urlTemplate":"https:\/\/www.sprachschule-aktiv-muenchen.de\/?s={search_term_string}"},"query-input":{"@type":"PropertyValueSpecification","valueRequired":true,"valueName":"search_term_string"}}],"inLanguage":"it-IT"}]}},"_links":{"self":[{"href":"https:\/\/www.sprachschule-aktiv-muenchen.de\/it\/wp-json\/wp\/v2\/pages\/9976","targetHints":{"allow":["GET"]}}],"collection":[{"href":"https:\/\/www.sprachschule-aktiv-muenchen.de\/it\/wp-json\/wp\/v2\/pages"}],"about":[{"href":"https:\/\/www.sprachschule-aktiv-muenchen.de\/it\/wp-json\/wp\/v2\/types\/page"}],"author":[{"embeddable":true,"href":"https:\/\/www.sprachschule-aktiv-muenchen.de\/it\/wp-json\/wp\/v2\/users\/2"}],"replies":[{"embeddable":true,"href":"https:\/\/www.sprachschule-aktiv-muenchen.de\/it\/wp-json\/wp\/v2\/comments?post=9976"}],"version-history":[{"count":10,"href":"https:\/\/www.sprachschule-aktiv-muenchen.de\/it\/wp-json\/wp\/v2\/pages\/9976\/revisions"}],"predecessor-version":[{"id":79148,"href":"https:\/\/www.sprachschule-aktiv-muenchen.de\/it\/wp-json\/wp\/v2\/pages\/9976\/revisions\/79148"}],"wp:attachment":[{"href":"https:\/\/www.sprachschule-aktiv-muenchen.de\/it\/wp-json\/wp\/v2\/media?parent=9976"}],"curies":[{"name":"wp","href":"https:\/\/api.w.org\/{rel}","templated":true}]}}