{"id":79276,"date":"2024-12-04T08:21:35","date_gmt":"2024-12-04T07:21:35","guid":{"rendered":"https:\/\/www.sprachschule-aktiv-muenchen.de\/?page_id=79276"},"modified":"2026-02-27T11:22:32","modified_gmt":"2026-02-27T10:22:32","slug":"corso-di-tedesco-nel-weekend-a-monaco","status":"publish","type":"page","link":"https:\/\/www.sprachschule-aktiv-muenchen.de\/it\/corso-di-tedesco-nel-weekend-a-monaco\/","title":{"rendered":"Corso di tedesco nel weekend a Monaco"},"content":{"rendered":"<p>[vc_row css=&#8221;.vc_custom_1731930040167{margin-top: 40px !important;}&#8221;][vc_column][vc_column_text]<\/p>\n<h1>Corso di tedesco nel weekend a Monaco<\/h1>\n<h2>Non hai tempo di imparare il tedesco durante la settimana perch\u00e9\u00b4 siete impegnati col lavoro?<\/h2>\n<p>[\/vc_column_text][vc_column_text]<\/p>\n<h3>Imparare in modo intensivo il tedesco di sabato<\/h3>\n<p>[\/vc_column_text][vc_column_text]Utilizzate il nostro corso di tedesco durante il weekend e sperimentate un metodo di studio flessibile ed effettivo, che si adatta perfettamente ai vostri orari.[\/vc_column_text][vc_row_inner][vc_column_inner width=&#8221;1\/2&#8243;][vc_single_image image=&#8221;79080&#8243; img_size=&#8221;full&#8221;][\/vc_column_inner][vc_column_inner width=&#8221;1\/2&#8243;][vc_column_text]Offriamo corsi di tedesco nel weekend per principianti e avanzati (dall\u2019A1 al C2). Il sabato potete scegliere tra gruppi efficaci orientati agli obiettivi e corsi intensivi. Durante la settimana avete un programma pieno, ma volete comunque imparare il tedesco oppure migliorare le vostre conoscenze? Ottimo, allora noi della Sprachschule Aktiv di Monaco siamo a vostra disposizione nel weekend. Contattateci e saremo lieti di consigliarvi senza impegno.[\/vc_column_text]\t<div class=\"vc_btn3-container vc_btn3-inline\">\r\n\t\t<a href=\"https:\/\/www.sprachschule-aktiv-muenchen.de\/it\/inscrizione\/\" class=\"pgs_btn pgs_btn_style_1 pgs_btn_xl\">\r\n\t\t\t<span>\r\n\t\t\t\tDomanda veloce!\t\t\t<\/span>\r\n\t\t\t\t\t<\/a>\r\n\t<\/div>\r\n\t[\/vc_column_inner][\/vc_row_inner][\/vc_column][\/vc_row][vc_row css=&#8221;.vc_custom_1731930040167{margin-top: 40px !important;}&#8221;][vc_column][vc_column_text]<\/p>\n<h3>Madrelingua qualificati per il Corso di tedesco a Monaco di sabato<\/h3>\n<p>[\/vc_column_text][vc_column_text]Esaminiamo attentamente i nostri insegnanti di tedesco prima che ricevano da noi l\u2019incarico di tenere un corso di lingua.<\/p>\n<p>Gli insegnanti di lingua devono soddisfare tre criteri. In primo luogo, il formatore deve essere madrelingua e, in secondo luogo, deve aver ricevuto una formazione approfondita. Come terzo criterio deve avere molta esperienza nell\u2019insegnamento.<\/p>\n<p>Questo significa che potete essere certi che la pronuncia del docente sia corretta e che la qualit\u00e0 complessiva del corso di tedesco soddisfi gli standard pi\u00f9 elevati. Naturalmente, attribuiamo grande importanza anche alla presenza di una personalit\u00e0 empatica e simpatica.[\/vc_column_text]\t<div class=\"vc_btn3-container vc_btn3-inline\">\r\n\t\t<a href=\"https:\/\/www.sprachschule-aktiv-muenchen.de\/it\/inscrizione\/\" class=\"pgs_btn pgs_btn_style_1 pgs_btn_xl\">\r\n\t\t\t<span>\r\n\t\t\t\tDomanda veloce!\t\t\t<\/span>\r\n\t\t\t\t\t<\/a>\r\n\t<\/div>\r\n\t[\/vc_column][\/vc_row][vc_row css=&#8221;.vc_custom_1733262308339{margin-top: 40px !important;margin-bottom: 40px !important;}&#8221;][vc_column][vc_column_text]<\/p>\n<h2>Vantaggi del corso di tedesco nel weekend presso Sprachschule Aktiv M\u00fcnchen:<\/h2>\n<p>[\/vc_column_text][vc_row_inner css=&#8221;.vc_custom_1731930186511{margin-top: 40px !important;}&#8221;][vc_column_inner width=&#8221;1\/3&#8243; css=&#8221;.vc_custom_1731930439103{padding-top: 25px !important;padding-right: 25px !important;padding-bottom: 10px !important;padding-left: 25px !important;background-color: #f8f8f8 !important;}&#8221;][vc_icon icon_fontawesome=&#8221;fas fa-check-double&#8221; color=&#8221;custom&#8221; size=&#8221;xl&#8221; align=&#8221;center&#8221; custom_color=&#8221;#7ba95f&#8221; css=&#8221;.vc_custom_1731930313201{padding-top: 25px !important;}&#8221;][vc_column_text]<\/p>\n<h3>Flessibilit\u00e0 temporale<\/h3>\n<p>i nostri corsi durano 4 sabati consecutivi e si lasciano facilmente integrare nel vostro piano settimanale, senza interrompere la vostra vita privata o professionale [\/vc_column_text][\/vc_column_inner][vc_column_inner width=&#8221;1\/3&#8243;][vc_icon icon_fontawesome=&#8221;fas fa-chalkboard-teacher&#8221; color=&#8221;custom&#8221; size=&#8221;xl&#8221; align=&#8221;center&#8221; custom_color=&#8221;#7ba95f&#8221; css=&#8221;.vc_custom_1731930367930{padding-top: 25px !important;}&#8221;][vc_column_text]<\/p>\n<h3>Efficiente tempo di apprendimento<\/h3>\n<p>gli orari di lezione dalle 9:00 alle 12:45 sono ottimi, in quanto permettono di mantenere alta la concentrazione e la produttivit\u00e0\u00b4, in modo da ottenere il meglio da ogni lezione.[\/vc_column_text][\/vc_column_inner][vc_column_inner width=&#8221;1\/3&#8243; css=&#8221;.vc_custom_1731930422511{padding-right: 25px !important;padding-bottom: 10px !important;padding-left: 25px !important;background-color: #f8f8f8 !important;}&#8221;][vc_icon icon_fontawesome=&#8221;fas fa-users&#8221; color=&#8221;custom&#8221; size=&#8221;xl&#8221; align=&#8221;center&#8221; custom_color=&#8221;#7ba95f&#8221; css=&#8221;.vc_custom_1731930405288{padding-top: 25px !important;}&#8221;][vc_column_text]<\/p>\n<h3>Piccoli gruppi<\/h3>\n<p>insegniamo in piccoli gruppi per garantire un supporto personalizzato e un&#8217;atmosfera di apprendimento piacevole.[\/vc_column_text][\/vc_column_inner][\/vc_row_inner][vc_row_inner][vc_column_inner width=&#8221;1\/3&#8243;][vc_icon icon_fontawesome=&#8221;fas fa-tv&#8221; color=&#8221;custom&#8221; size=&#8221;xl&#8221; align=&#8221;center&#8221; custom_color=&#8221;#7ba95f&#8221; css=&#8221;.vc_custom_1733296729871{padding-top: 25px !important;}&#8221;][vc_column_text]<\/p>\n<h3>Metodi interattivi di insegnamento<\/h3>\n<p>i nostri insegnamenti interattivi creano la lezione dinamica e attraente, che facilita l\u2019apprendimento di una lingua e ne migliora il successo.[\/vc_column_text][\/vc_column_inner][vc_column_inner width=&#8221;1\/3&#8243; css=&#8221;.vc_custom_1731930439103{padding-top: 25px !important;padding-right: 25px !important;padding-bottom: 10px !important;padding-left: 25px !important;background-color: #f8f8f8 !important;}&#8221;][vc_icon icon_fontawesome=&#8221;fas fa-euro-sign&#8221; color=&#8221;custom&#8221; size=&#8221;xl&#8221; align=&#8221;center&#8221; custom_color=&#8221;#7ba95f&#8221; css=&#8221;.vc_custom_1733296751993{padding-top: 25px !important;}&#8221;][vc_column_text]<\/p>\n<h3>Prezzi equi<\/h3>\n<p>con un prezzo di soli 249 euro per 20 lezioni, vi offriamo un ottimo rapporto qualit\u00e0-prezzo.[\/vc_column_text][\/vc_column_inner][vc_column_inner width=&#8221;1\/3&#8243;][vc_icon icon_fontawesome=&#8221;fas fa-user-check&#8221; color=&#8221;custom&#8221; size=&#8221;xl&#8221; align=&#8221;center&#8221; custom_color=&#8221;#7ba95f&#8221; css=&#8221;.vc_custom_1733296811418{padding-top: 25px !important;}&#8221;][vc_column_text]<\/p>\n<h3>Opportunit\u00e0 di networking<\/h3>\n<p>opportunit\u00e0 di conoscere persone che la pensano allo stesso modo e di stringere contatti preziosi che vanno al di l\u00e0 del corso. [\/vc_column_text][\/vc_column_inner][\/vc_row_inner][\/vc_column][\/vc_row][vc_row css=&#8221;.vc_custom_1733262346123{margin-top: 60px !important;}&#8221;][vc_column][vc_column_text]<\/p>\n<h2>Date dei corsi di tedesco nel weekend 2026<\/h2>\n<p>[\/vc_column_text][vc_column_text]Livelli: A1.1, A1.2; A2.1, A2.2; B1.1, B1.2; B2.1, B2.2; C1.1, C1.2; C2.2<\/p>\n<p>Si prega di notare che, se i partecipanti al corso sono almeno 2, le ore di lezione verranno accorciate dalle 9:00 alle 11:30<br \/>\n[\/vc_column_text][vc_column_text]\n<table id=\"tablepress-217\" class=\"tablepress tablepress-id-217 tablepress-responsive\">\n<thead>\n<tr class=\"row-1\">\n\t<th class=\"column-1\">MESE<\/th><th class=\"column-2\">INIZIO CORSO<\/th><th class=\"column-3\">DATE<\/th><th class=\"column-4\">ORARIO<\/th><th class=\"column-5\">DURATA<\/th><th class=\"column-6\">PREZZO<\/th>\n<\/tr>\n<\/thead>\n<tbody class=\"row-striping row-hover\">\n<tr class=\"row-2\">\n\t<td class=\"column-1\"><\/td><td class=\"column-2\"><\/td><td class=\"column-3\"><\/td><td class=\"column-4\"><\/td><td class=\"column-5\"><\/td><td class=\"column-6\"><\/td>\n<\/tr>\n<tr class=\"row-3\">\n\t<td class=\"column-1\">Gennaio<\/td><td class=\"column-2\">11.01.2025<\/td><td class=\"column-3\">sabato<\/td><td class=\"column-4\">dalle 9:00 alle 12:45<\/td><td class=\"column-5\">4 settimane<\/td><td class=\"column-6\">269,00 \u20ac<\/td>\n<\/tr>\n<tr class=\"row-4\">\n\t<td class=\"column-1\">Febbraio<\/td><td class=\"column-2\">08.02.2025<\/td><td class=\"column-3\">sabato<\/td><td class=\"column-4\">dalle 9:00 alle 12:45<\/td><td class=\"column-5\">4 settimane<\/td><td class=\"column-6\">269,00 \u20ac<\/td>\n<\/tr>\n<tr class=\"row-5\">\n\t<td class=\"column-1\">Marzo<\/td><td class=\"column-2\">08.03.2025<\/td><td class=\"column-3\">sabato<\/td><td class=\"column-4\">dalle 9:00 alle 12:45<\/td><td class=\"column-5\">4 settimane<\/td><td class=\"column-6\">269,00 \u20ac<\/td>\n<\/tr>\n<tr class=\"row-6\">\n\t<td class=\"column-1\">Aprile<\/td><td class=\"column-2\">05.04.2025<\/td><td class=\"column-3\">sabato<\/td><td class=\"column-4\">dalle 9:00 alle 12:45<\/td><td class=\"column-5\">4 settimane<\/td><td class=\"column-6\">269,00 \u20ac<\/td>\n<\/tr>\n<tr class=\"row-7\">\n\t<td class=\"column-1\">Maggio<\/td><td class=\"column-2\">10.05.2025<\/td><td class=\"column-3\">sabato<\/td><td class=\"column-4\">dalle 9:00 alle 12:45<\/td><td class=\"column-5\">4 settimane<\/td><td class=\"column-6\">269,00 \u20ac<\/td>\n<\/tr>\n<tr class=\"row-8\">\n\t<td class=\"column-1\">Giugno<\/td><td class=\"column-2\">07.06.2025<\/td><td class=\"column-3\">sabato<\/td><td class=\"column-4\">dalle 9:00 alle 12:45<\/td><td class=\"column-5\">4 settimane<\/td><td class=\"column-6\">269,00 \u20ac<\/td>\n<\/tr>\n<tr class=\"row-9\">\n\t<td class=\"column-1\">Luglio<\/td><td class=\"column-2\">05.07.2025<\/td><td class=\"column-3\">sabato<\/td><td class=\"column-4\">dalle 9:00 alle 12:45<\/td><td class=\"column-5\">4 settimane<\/td><td class=\"column-6\">269,00 \u20ac<\/td>\n<\/tr>\n<tr class=\"row-10\">\n\t<td class=\"column-1\">Agosto<\/td><td class=\"column-2\">02.08.2025<\/td><td class=\"column-3\">sabato<\/td><td class=\"column-4\">dalle 9:00 alle 12:45<\/td><td class=\"column-5\">4 settimane<\/td><td class=\"column-6\">269,00 \u20ac<\/td>\n<\/tr>\n<tr class=\"row-11\">\n\t<td class=\"column-1\">Settembre<\/td><td class=\"column-2\">06.09.2025<\/td><td class=\"column-3\">sabato<\/td><td class=\"column-4\">dalle 9:00 alle 12:45<\/td><td class=\"column-5\">4 settimane<\/td><td class=\"column-6\">269,00 \u20ac<\/td>\n<\/tr>\n<tr class=\"row-12\">\n\t<td class=\"column-1\">Ottobre<\/td><td class=\"column-2\">04.10.2025<\/td><td class=\"column-3\">sabato<\/td><td class=\"column-4\">dalle 9:00 alle 12:45<\/td><td class=\"column-5\">4 settimane<\/td><td class=\"column-6\">269,00 \u20ac<\/td>\n<\/tr>\n<tr class=\"row-13\">\n\t<td class=\"column-1\">Novembre<\/td><td class=\"column-2\">08.11.2025<\/td><td class=\"column-3\">sabato<\/td><td class=\"column-4\">dalle 9:00 alle 12:45<\/td><td class=\"column-5\">4 settimane<\/td><td class=\"column-6\">269,00 \u20ac<\/td>\n<\/tr>\n<tr class=\"row-14\">\n\t<td class=\"column-1\">Dicembre<\/td><td class=\"column-2\">29.11.2025*<\/td><td class=\"column-3\">sabato<\/td><td class=\"column-4\">dalle 9:00 alle 12:45<\/td><td class=\"column-5\">4 settimane<\/td><td class=\"column-6\">269,00 \u20ac<\/td>\n<\/tr>\n<\/tbody>\n<\/table>\n<!-- #tablepress-217 from cache -->[\/vc_column_text]\t<div class=\"vc_btn3-container vc_btn3-inline\">\r\n\t\t<a href=\"https:\/\/www.sprachschule-aktiv-muenchen.de\/it\/inscrizione\/\" class=\"pgs_btn pgs_btn_style_1 pgs_btn_xl\">\r\n\t\t\t<span>\r\n\t\t\t\tPrenota ora il corso!\t\t\t<\/span>\r\n\t\t\t\t\t<\/a>\r\n\t<\/div>\r\n\t[\/vc_column][\/vc_row][vc_row css=&#8221;.vc_custom_1733262346123{margin-top: 60px !important;}&#8221;][vc_column][vc_column_text]<\/p>\n<h2>Corsi di tedesco al sabato per principianti e avanzati<\/h2>\n<p>[\/vc_column_text][vc_column_text]La nostra Sprachschule Aktiv Monaco offre ogni sabato corsi di tedesco per tutti i livelli di apprendimento: dall\u2019A1 al C2 secondo il Quadro Comune Europeo di Riferimento per le Lingue. Lo stile interattivo della lezione garantisce il successo dell&#8217;apprendimento grazie a spiegazioni strutturate ed esercizi di conversazione motivanti. Testate il vostro <a href=\"https:\/\/www.sprachschule-aktiv-muenchen.de\/deutsch-einstufungstest\/\" target=\"_blank\" rel=\"noopener\">livello di tedesco gratis online<\/a> oppure lasciate che vi classifichiamo personalmente. Venite a trovarci spontaneamente oppure registratevi online.<\/p>\n<p>Partecipate a una lezione di prova gratuita per farvi un&#8217;idea del corso e dell&#8217;insegnante di lingua, per essere sicuri di sentirvi a vostro agio nel corso di tedesco di sabato. Non vediamo l&#8217;ora di conoscervi![\/vc_column_text][\/vc_column][\/vc_row]<\/p>\n","protected":false},"excerpt":{"rendered":"<p>[vc_row css=&#8221;.vc_custom_1731930040167{margin-top: 40px !important;}&#8221;][vc_column][vc_column_text] Corso di tedesco nel weekend a Monaco Non hai tempo di imparare il tedesco durante la settimana perch\u00e9\u00b4 siete impegnati col lavoro? [\/vc_column_text][vc_column_text] Imparare in modo intensivo il tedesco di sabato [\/vc_column_text][vc_column_text]Utilizzate il nostro corso di tedesco durante il weekend e sperimentate un metodo di studio flessibile ed effettivo, che si&hellip; <a class=\"read-more\" href=\"https:\/\/www.sprachschule-aktiv-muenchen.de\/it\/corso-di-tedesco-nel-weekend-a-monaco\/\" title=\"Read Corso di tedesco nel weekend a Monaco\">Read more &raquo;<\/a><\/p>\n","protected":false},"author":7,"featured_media":0,"parent":0,"menu_order":0,"comment_status":"closed","ping_status":"closed","template":"","meta":{"footnotes":""},"class_list":["post-79276","page","type-page","status-publish","hentry"],"yoast_head":"<!-- This site is optimized with the Yoast SEO plugin v27.1.1 - https:\/\/yoast.com\/product\/yoast-seo-wordpress\/ -->\n<title>Corso di tedesco nel weekend a Monaco<\/title>\n<meta name=\"description\" content=\"Non hai tempo di imparare il tedesco durante la settimana perch\u00e9\u00b4 siete impegnati col lavoro? Corso di tedesco nel weekend a Monaco\" \/>\n<meta name=\"robots\" content=\"index, follow, max-snippet:-1, max-image-preview:large, max-video-preview:-1\" \/>\n<link rel=\"canonical\" href=\"https:\/\/www.sprachschule-aktiv-muenchen.de\/it\/corso-di-tedesco-nel-weekend-a-monaco\/\" \/>\n<meta property=\"og:locale\" content=\"it_IT\" \/>\n<meta property=\"og:type\" content=\"article\" \/>\n<meta property=\"og:title\" content=\"Corso di tedesco nel weekend a Monaco\" \/>\n<meta property=\"og:description\" content=\"Non hai tempo di imparare il tedesco durante la settimana perch\u00e9\u00b4 siete impegnati col lavoro? Corso di tedesco nel weekend a Monaco\" \/>\n<meta property=\"og:url\" content=\"https:\/\/www.sprachschule-aktiv-muenchen.de\/it\/corso-di-tedesco-nel-weekend-a-monaco\/\" \/>\n<meta property=\"og:site_name\" content=\"Sprachschule Aktiv\" \/>\n<meta property=\"article:modified_time\" content=\"2026-02-27T10:22:32+00:00\" \/>\n<meta name=\"twitter:card\" content=\"summary_large_image\" \/>\n<meta name=\"twitter:label1\" content=\"Tempo di lettura stimato\" \/>\n\t<meta name=\"twitter:data1\" content=\"4 minuti\" \/>\n<script type=\"application\/ld+json\" class=\"yoast-schema-graph\">{\"@context\":\"https:\/\/schema.org\",\"@graph\":[{\"@type\":\"WebPage\",\"@id\":\"https:\/\/www.sprachschule-aktiv-muenchen.de\/it\/corso-di-tedesco-nel-weekend-a-monaco\/\",\"url\":\"https:\/\/www.sprachschule-aktiv-muenchen.de\/it\/corso-di-tedesco-nel-weekend-a-monaco\/\",\"name\":\"Corso di tedesco nel weekend a Monaco\",\"isPartOf\":{\"@id\":\"https:\/\/www.sprachschule-aktiv-muenchen.de\/#website\"},\"datePublished\":\"2024-12-04T07:21:35+00:00\",\"dateModified\":\"2026-02-27T10:22:32+00:00\",\"description\":\"Non hai tempo di imparare il tedesco durante la settimana perch\u00e9\u00b4 siete impegnati col lavoro? Corso di tedesco nel weekend a Monaco\",\"breadcrumb\":{\"@id\":\"https:\/\/www.sprachschule-aktiv-muenchen.de\/it\/corso-di-tedesco-nel-weekend-a-monaco\/#breadcrumb\"},\"inLanguage\":\"it-IT\",\"potentialAction\":[{\"@type\":\"ReadAction\",\"target\":[\"https:\/\/www.sprachschule-aktiv-muenchen.de\/it\/corso-di-tedesco-nel-weekend-a-monaco\/\"]}]},{\"@type\":\"BreadcrumbList\",\"@id\":\"https:\/\/www.sprachschule-aktiv-muenchen.de\/it\/corso-di-tedesco-nel-weekend-a-monaco\/#breadcrumb\",\"itemListElement\":[{\"@type\":\"ListItem\",\"position\":1,\"name\":\"Portada\",\"item\":\"https:\/\/www.sprachschule-aktiv-muenchen.de\/it\/\"},{\"@type\":\"ListItem\",\"position\":2,\"name\":\"Corso di tedesco nel weekend a Monaco\"}]},{\"@type\":\"WebSite\",\"@id\":\"https:\/\/www.sprachschule-aktiv-muenchen.de\/#website\",\"url\":\"https:\/\/www.sprachschule-aktiv-muenchen.de\/\",\"name\":\"Sprachschule Aktiv\",\"description\":\"\",\"potentialAction\":[{\"@type\":\"SearchAction\",\"target\":{\"@type\":\"EntryPoint\",\"urlTemplate\":\"https:\/\/www.sprachschule-aktiv-muenchen.de\/?s={search_term_string}\"},\"query-input\":{\"@type\":\"PropertyValueSpecification\",\"valueRequired\":true,\"valueName\":\"search_term_string\"}}],\"inLanguage\":\"it-IT\"}]}<\/script>\n<!-- \/ Yoast SEO plugin. -->","yoast_head_json":{"title":"Corso di tedesco nel weekend a Monaco","description":"Non hai tempo di imparare il tedesco durante la settimana perch\u00e9\u00b4 siete impegnati col lavoro? Corso di tedesco nel weekend a Monaco","robots":{"index":"index","follow":"follow","max-snippet":"max-snippet:-1","max-image-preview":"max-image-preview:large","max-video-preview":"max-video-preview:-1"},"canonical":"https:\/\/www.sprachschule-aktiv-muenchen.de\/it\/corso-di-tedesco-nel-weekend-a-monaco\/","og_locale":"it_IT","og_type":"article","og_title":"Corso di tedesco nel weekend a Monaco","og_description":"Non hai tempo di imparare il tedesco durante la settimana perch\u00e9\u00b4 siete impegnati col lavoro? Corso di tedesco nel weekend a Monaco","og_url":"https:\/\/www.sprachschule-aktiv-muenchen.de\/it\/corso-di-tedesco-nel-weekend-a-monaco\/","og_site_name":"Sprachschule Aktiv","article_modified_time":"2026-02-27T10:22:32+00:00","twitter_card":"summary_large_image","twitter_misc":{"Tempo di lettura stimato":"4 minuti"},"schema":{"@context":"https:\/\/schema.org","@graph":[{"@type":"WebPage","@id":"https:\/\/www.sprachschule-aktiv-muenchen.de\/it\/corso-di-tedesco-nel-weekend-a-monaco\/","url":"https:\/\/www.sprachschule-aktiv-muenchen.de\/it\/corso-di-tedesco-nel-weekend-a-monaco\/","name":"Corso di tedesco nel weekend a Monaco","isPartOf":{"@id":"https:\/\/www.sprachschule-aktiv-muenchen.de\/#website"},"datePublished":"2024-12-04T07:21:35+00:00","dateModified":"2026-02-27T10:22:32+00:00","description":"Non hai tempo di imparare il tedesco durante la settimana perch\u00e9\u00b4 siete impegnati col lavoro? Corso di tedesco nel weekend a Monaco","breadcrumb":{"@id":"https:\/\/www.sprachschule-aktiv-muenchen.de\/it\/corso-di-tedesco-nel-weekend-a-monaco\/#breadcrumb"},"inLanguage":"it-IT","potentialAction":[{"@type":"ReadAction","target":["https:\/\/www.sprachschule-aktiv-muenchen.de\/it\/corso-di-tedesco-nel-weekend-a-monaco\/"]}]},{"@type":"BreadcrumbList","@id":"https:\/\/www.sprachschule-aktiv-muenchen.de\/it\/corso-di-tedesco-nel-weekend-a-monaco\/#breadcrumb","itemListElement":[{"@type":"ListItem","position":1,"name":"Portada","item":"https:\/\/www.sprachschule-aktiv-muenchen.de\/it\/"},{"@type":"ListItem","position":2,"name":"Corso di tedesco nel weekend a Monaco"}]},{"@type":"WebSite","@id":"https:\/\/www.sprachschule-aktiv-muenchen.de\/#website","url":"https:\/\/www.sprachschule-aktiv-muenchen.de\/","name":"Sprachschule Aktiv","description":"","potentialAction":[{"@type":"SearchAction","target":{"@type":"EntryPoint","urlTemplate":"https:\/\/www.sprachschule-aktiv-muenchen.de\/?s={search_term_string}"},"query-input":{"@type":"PropertyValueSpecification","valueRequired":true,"valueName":"search_term_string"}}],"inLanguage":"it-IT"}]}},"_links":{"self":[{"href":"https:\/\/www.sprachschule-aktiv-muenchen.de\/it\/wp-json\/wp\/v2\/pages\/79276","targetHints":{"allow":["GET"]}}],"collection":[{"href":"https:\/\/www.sprachschule-aktiv-muenchen.de\/it\/wp-json\/wp\/v2\/pages"}],"about":[{"href":"https:\/\/www.sprachschule-aktiv-muenchen.de\/it\/wp-json\/wp\/v2\/types\/page"}],"author":[{"embeddable":true,"href":"https:\/\/www.sprachschule-aktiv-muenchen.de\/it\/wp-json\/wp\/v2\/users\/7"}],"replies":[{"embeddable":true,"href":"https:\/\/www.sprachschule-aktiv-muenchen.de\/it\/wp-json\/wp\/v2\/comments?post=79276"}],"version-history":[{"count":8,"href":"https:\/\/www.sprachschule-aktiv-muenchen.de\/it\/wp-json\/wp\/v2\/pages\/79276\/revisions"}],"predecessor-version":[{"id":80475,"href":"https:\/\/www.sprachschule-aktiv-muenchen.de\/it\/wp-json\/wp\/v2\/pages\/79276\/revisions\/80475"}],"wp:attachment":[{"href":"https:\/\/www.sprachschule-aktiv-muenchen.de\/it\/wp-json\/wp\/v2\/media?parent=79276"}],"curies":[{"name":"wp","href":"https:\/\/api.w.org\/{rel}","templated":true}]}}